{"id":1755,"date":"2019-10-07T17:54:23","date_gmt":"2019-10-07T16:54:23","guid":{"rendered":"https:\/\/www.healthy-heart.org\/auteurs-remerciements\/"},"modified":"2020-03-24T10:02:42","modified_gmt":"2020-03-24T10:02:42","slug":"auteurs-remerciements","status":"publish","type":"page","link":"https:\/\/www.healthy-heart.org\/fr\/auteurs-remerciements\/","title":{"rendered":"Auteurs Remerciements"},"content":{"rendered":"<p>Ce site Web a \u00e9t\u00e9 d\u00e9velopp\u00e9 dans le cadre du programme de pr\u00e9vention des maladies cardiovasculaires de la SEC, dirig\u00e9 par l&rsquo;Association europ\u00e9enne de cardiologie pr\u00e9ventive (EAPC) en collaboration avec l&rsquo;Association for Acute CardioVascular Care (ACVC) et l&rsquo;Association of Cardiovascular Nursing &amp; Allied Professions (ACNAP).<\/p>\n<p>Le contenu de ce site Internet est original et repose sur des recommandations conformes aux recommandations de pratique europ\u00e9ennes de la SEC.<\/p>\n<p>Nous remercions les auteurs b\u00e9n\u00e9voles suivants pour leur contribution \u00e0 la cr\u00e9ation du contenu de ce site\u00a0:<\/p>\n<table class=\"no-border\">\n<tbody>\n<tr>\n<td>\n<ul>\n<li>Neil Angus<\/li>\n<li>Maria B\u00e4ck<\/li>\n<li>Ugo Corra<\/li>\n<li>Flavio D&rsquo;Ascenzi<\/li>\n<li>Guy de Backer<\/li>\n<li>Tine de Backer<\/li>\n<li>Silvia Castelletti<\/li>\n<li>Mark Cobain<\/li>\n<li>Karen De Munck<\/li>\n<li>Paul Dendale<\/li>\n<li>Jannick A.N. Dorresteijn<\/li>\n<li>Ines Frederix<\/li>\n<li>Andreas Gevaert<\/li>\n<li>Ian Graham<\/li>\n<li>Dominique Hansen<\/li>\n<li>Jeroen Hendriks<\/li>\n<li>Stefan H\u00f6fer<\/li>\n<li>Kees Hovingh<\/li>\n<li>Tiny Jaarsma<\/li>\n<li>Arne Janssen<\/li>\n<li>Claire Kerins<\/li>\n<li>Mary Kerins<\/li>\n<li>Konstantin Krychtiuk<\/li>\n<\/ul>\n<\/td>\n<td>\n<ul>\n<li>Gerry Lee<\/li>\n<li>Sergio Leonardi<\/li>\n<li>Dassy Levy<\/li>\n<li>Carolina Lombardi<\/li>\n<li>Gabrielle McKee<\/li>\n<li>Alexandru Mischie<\/li>\n<li>Lis Neubeck<\/li>\n<li>Josef Niebauer<\/li>\n<li>Demosthenes Panagiotakos<\/li>\n<li>Gianfranco Parati<\/li>\n<li>Lene Pedersen<\/li>\n<li>Martino Pengo<\/li>\n<li>Massimo F Piepoli<\/li>\n<li>Eva Prescott<\/li>\n<li>Gabriele Riccardi<\/li>\n<li>Martijn Scherreberg<\/li>\n<li>Walter Speidl<\/li>\n<li>Izabella Uchmanowicz<\/li>\n<li>Frank Vandereyt<\/li>\n<li>Vass Vassiliou<\/li>\n<li>Monique Verschuren<\/li>\n<li>Frank L.J. Visseren<\/li>\n<li>Christiaan Vrints<\/li>\n<\/ul>\n<\/td>\n<\/tr>\n<\/tbody>\n<\/table>\n<p>&nbsp;<\/p>\n<p style=\"font-weight: 400;\">Nous remercions les membres suivants du Forum des patients de la SEC qui ont contribu\u00e9 au d\u00e9veloppement de ce site Web\u00a0:<\/p>\n<ul style=\"font-weight: 400;\">\n<li>Inga Drossart<\/li>\n<li>Dan Foldager<\/li>\n<li>Henrik Norrild<\/li>\n<li>James Ainslie<\/li>\n<\/ul>\n<p>&nbsp;<\/p>\n<p>Nous remercions les b\u00e9n\u00e9voles suivants qui ont contribu\u00e9 \u00e0 la r\u00e9vision du contenu de ce site\u00a0:<\/p>\n<table class=\"no-border\">\n<tbody>\n<tr>\n<td>\n<ul>\n<li>Marie-Christine Iliou (French)<\/li>\n<li>Salvatore Novo (Italian)<\/li>\n<li>Regina Dalmau (Spanish)<\/li>\n<li>Piotr Jankowski (Polish)<\/li>\n<li>Vincent Aengevaeren (Dutch)<\/li>\n<li>Dan Gaita (Romanian)<\/li>\n<li>Stefan Busnatu (Romanian)<\/li>\n<\/ul>\n<\/td>\n<td>\n<ul>\n<li>Iulia Kulcsar (Romanian)<\/li>\n<li>Olga Sokolova (Russian)<\/li>\n<li>Oksana Sivakova (Russian)<\/li>\n<li>Ana Abreu (Portuguese)<\/li>\n<li>Filipa Homem (Portuguese)<\/li>\n<li>Linh Phung (German)<\/li>\n<li>Daniel Forndron (German)<\/li>\n<\/ul>\n<\/td>\n<\/tr>\n<\/tbody>\n<\/table>\n<p>&nbsp;<\/p>\n","protected":false},"excerpt":{"rendered":"<p>Ce site Web a \u00e9t\u00e9 d\u00e9velopp\u00e9 dans le cadre du programme de pr\u00e9vention des maladies cardiovasculaires de la SEC, dirig\u00e9 par l&rsquo;Association europ\u00e9enne de cardiologie pr\u00e9ventive (EAPC) en collaboration avec l&rsquo;Association for Acute CardioVascular Care (ACVC) et l&rsquo;Association of Cardiovascular Nursing &amp; Allied Professions (ACNAP). Le contenu de ce site Internet est original et repose [&hellip;]<\/p>\n","protected":false},"author":1,"featured_media":379,"parent":0,"menu_order":0,"comment_status":"closed","ping_status":"closed","template":"templates\/full.php","meta":{"_acf_changed":false,"footnotes":""},"categories":[],"tags":[],"class_list":["post-1755","page","type-page","status-publish","has-post-thumbnail","hentry"],"acf":[],"yoast_head":"<!-- This site is optimized with the Yoast SEO plugin v24.0 - https:\/\/yoast.com\/wordpress\/plugins\/seo\/ -->\n<title>Auteurs Remerciements\u00a0- Healthy-Heart.org<\/title>\n<meta name=\"description\" content=\"Nous remercions les auteurs b\u00e9n\u00e9voles suivants pour leur contribution \u00e0 la cr\u00e9ation du contenu de ce site.\" \/>\n<meta name=\"robots\" content=\"index, follow, max-snippet:-1, max-image-preview:large, max-video-preview:-1\" \/>\n<link rel=\"canonical\" href=\"https:\/\/www.healthy-heart.org\/fr\/auteurs-remerciements\/\" \/>\n<meta property=\"og:locale\" content=\"fr_FR\" \/>\n<meta property=\"og:type\" content=\"article\" \/>\n<meta property=\"og:title\" content=\"Auteurs Remerciements\u00a0- Healthy-Heart.org\" \/>\n<meta property=\"og:description\" content=\"Nous remercions les auteurs b\u00e9n\u00e9voles suivants pour leur contribution \u00e0 la cr\u00e9ation du contenu de ce site.\" \/>\n<meta property=\"og:url\" content=\"https:\/\/www.healthy-heart.org\/fr\/auteurs-remerciements\/\" \/>\n<meta property=\"og:site_name\" content=\"Healthy-Heart.org\" \/>\n<meta property=\"article:modified_time\" content=\"2020-03-24T10:02:42+00:00\" \/>\n<meta property=\"og:image\" content=\"https:\/\/www.healthy-heart.org\/wp-content\/uploads\/2019\/07\/EAPC-BOGO.png\" \/>\n\t<meta property=\"og:image:width\" content=\"258\" \/>\n\t<meta property=\"og:image:height\" content=\"130\" \/>\n\t<meta property=\"og:image:type\" content=\"image\/png\" \/>\n<meta name=\"twitter:card\" content=\"summary_large_image\" \/>\n<meta name=\"twitter:label1\" content=\"Dur\u00e9e de lecture estim\u00e9e\" \/>\n\t<meta name=\"twitter:data1\" content=\"1 minute\" \/>\n<script type=\"application\/ld+json\" class=\"yoast-schema-graph\">{\"@context\":\"https:\/\/schema.org\",\"@graph\":[{\"@type\":\"WebPage\",\"@id\":\"https:\/\/www.healthy-heart.org\/fr\/auteurs-remerciements\/\",\"url\":\"https:\/\/www.healthy-heart.org\/fr\/auteurs-remerciements\/\",\"name\":\"Auteurs Remerciements\u00a0- Healthy-Heart.org\",\"isPartOf\":{\"@id\":\"https:\/\/www.healthy-heart.org\/es\/#website\"},\"primaryImageOfPage\":{\"@id\":\"https:\/\/www.healthy-heart.org\/fr\/auteurs-remerciements\/#primaryimage\"},\"image\":{\"@id\":\"https:\/\/www.healthy-heart.org\/fr\/auteurs-remerciements\/#primaryimage\"},\"thumbnailUrl\":\"https:\/\/www.healthy-heart.org\/wp-content\/uploads\/2019\/07\/EAPC-BOGO.png\",\"datePublished\":\"2019-10-07T16:54:23+00:00\",\"dateModified\":\"2020-03-24T10:02:42+00:00\",\"description\":\"Nous remercions les auteurs b\u00e9n\u00e9voles suivants pour leur contribution \u00e0 la cr\u00e9ation du contenu de ce site.\",\"breadcrumb\":{\"@id\":\"https:\/\/www.healthy-heart.org\/fr\/auteurs-remerciements\/#breadcrumb\"},\"inLanguage\":\"fr-FR\",\"potentialAction\":[{\"@type\":\"ReadAction\",\"target\":[\"https:\/\/www.healthy-heart.org\/fr\/auteurs-remerciements\/\"]}]},{\"@type\":\"ImageObject\",\"inLanguage\":\"fr-FR\",\"@id\":\"https:\/\/www.healthy-heart.org\/fr\/auteurs-remerciements\/#primaryimage\",\"url\":\"https:\/\/www.healthy-heart.org\/wp-content\/uploads\/2019\/07\/EAPC-BOGO.png\",\"contentUrl\":\"https:\/\/www.healthy-heart.org\/wp-content\/uploads\/2019\/07\/EAPC-BOGO.png\",\"width\":258,\"height\":130},{\"@type\":\"BreadcrumbList\",\"@id\":\"https:\/\/www.healthy-heart.org\/fr\/auteurs-remerciements\/#breadcrumb\",\"itemListElement\":[{\"@type\":\"ListItem\",\"position\":1,\"name\":\"Home\",\"item\":\"https:\/\/www.healthy-heart.org\/fr\/\"},{\"@type\":\"ListItem\",\"position\":2,\"name\":\"Auteurs Remerciements\"}]},{\"@type\":\"WebSite\",\"@id\":\"https:\/\/www.healthy-heart.org\/es\/#website\",\"url\":\"https:\/\/www.healthy-heart.org\/es\/\",\"name\":\"Healthy-Heart.org\",\"description\":\"Practical advice for patients and family care givers on the prevention of cardiovascular disease\",\"potentialAction\":[{\"@type\":\"SearchAction\",\"target\":{\"@type\":\"EntryPoint\",\"urlTemplate\":\"https:\/\/www.healthy-heart.org\/es\/?s={search_term_string}\"},\"query-input\":{\"@type\":\"PropertyValueSpecification\",\"valueRequired\":true,\"valueName\":\"search_term_string\"}}],\"inLanguage\":\"fr-FR\"}]}<\/script>\n<!-- \/ Yoast SEO plugin. -->","yoast_head_json":{"title":"Auteurs Remerciements\u00a0- Healthy-Heart.org","description":"Nous remercions les auteurs b\u00e9n\u00e9voles suivants pour leur contribution \u00e0 la cr\u00e9ation du contenu de ce site.","robots":{"index":"index","follow":"follow","max-snippet":"max-snippet:-1","max-image-preview":"max-image-preview:large","max-video-preview":"max-video-preview:-1"},"canonical":"https:\/\/www.healthy-heart.org\/fr\/auteurs-remerciements\/","og_locale":"fr_FR","og_type":"article","og_title":"Auteurs Remerciements\u00a0- Healthy-Heart.org","og_description":"Nous remercions les auteurs b\u00e9n\u00e9voles suivants pour leur contribution \u00e0 la cr\u00e9ation du contenu de ce site.","og_url":"https:\/\/www.healthy-heart.org\/fr\/auteurs-remerciements\/","og_site_name":"Healthy-Heart.org","article_modified_time":"2020-03-24T10:02:42+00:00","og_image":[{"width":258,"height":130,"url":"https:\/\/www.healthy-heart.org\/wp-content\/uploads\/2019\/07\/EAPC-BOGO.png","type":"image\/png"}],"twitter_card":"summary_large_image","twitter_misc":{"Dur\u00e9e de lecture estim\u00e9e":"1 minute"},"schema":{"@context":"https:\/\/schema.org","@graph":[{"@type":"WebPage","@id":"https:\/\/www.healthy-heart.org\/fr\/auteurs-remerciements\/","url":"https:\/\/www.healthy-heart.org\/fr\/auteurs-remerciements\/","name":"Auteurs Remerciements\u00a0- Healthy-Heart.org","isPartOf":{"@id":"https:\/\/www.healthy-heart.org\/es\/#website"},"primaryImageOfPage":{"@id":"https:\/\/www.healthy-heart.org\/fr\/auteurs-remerciements\/#primaryimage"},"image":{"@id":"https:\/\/www.healthy-heart.org\/fr\/auteurs-remerciements\/#primaryimage"},"thumbnailUrl":"https:\/\/www.healthy-heart.org\/wp-content\/uploads\/2019\/07\/EAPC-BOGO.png","datePublished":"2019-10-07T16:54:23+00:00","dateModified":"2020-03-24T10:02:42+00:00","description":"Nous remercions les auteurs b\u00e9n\u00e9voles suivants pour leur contribution \u00e0 la cr\u00e9ation du contenu de ce site.","breadcrumb":{"@id":"https:\/\/www.healthy-heart.org\/fr\/auteurs-remerciements\/#breadcrumb"},"inLanguage":"fr-FR","potentialAction":[{"@type":"ReadAction","target":["https:\/\/www.healthy-heart.org\/fr\/auteurs-remerciements\/"]}]},{"@type":"ImageObject","inLanguage":"fr-FR","@id":"https:\/\/www.healthy-heart.org\/fr\/auteurs-remerciements\/#primaryimage","url":"https:\/\/www.healthy-heart.org\/wp-content\/uploads\/2019\/07\/EAPC-BOGO.png","contentUrl":"https:\/\/www.healthy-heart.org\/wp-content\/uploads\/2019\/07\/EAPC-BOGO.png","width":258,"height":130},{"@type":"BreadcrumbList","@id":"https:\/\/www.healthy-heart.org\/fr\/auteurs-remerciements\/#breadcrumb","itemListElement":[{"@type":"ListItem","position":1,"name":"Home","item":"https:\/\/www.healthy-heart.org\/fr\/"},{"@type":"ListItem","position":2,"name":"Auteurs Remerciements"}]},{"@type":"WebSite","@id":"https:\/\/www.healthy-heart.org\/es\/#website","url":"https:\/\/www.healthy-heart.org\/es\/","name":"Healthy-Heart.org","description":"Practical advice for patients and family care givers on the prevention of cardiovascular disease","potentialAction":[{"@type":"SearchAction","target":{"@type":"EntryPoint","urlTemplate":"https:\/\/www.healthy-heart.org\/es\/?s={search_term_string}"},"query-input":{"@type":"PropertyValueSpecification","valueRequired":true,"valueName":"search_term_string"}}],"inLanguage":"fr-FR"}]}},"_links":{"self":[{"href":"https:\/\/www.healthy-heart.org\/fr\/wp-json\/wp\/v2\/pages\/1755","targetHints":{"allow":["GET"]}}],"collection":[{"href":"https:\/\/www.healthy-heart.org\/fr\/wp-json\/wp\/v2\/pages"}],"about":[{"href":"https:\/\/www.healthy-heart.org\/fr\/wp-json\/wp\/v2\/types\/page"}],"author":[{"embeddable":true,"href":"https:\/\/www.healthy-heart.org\/fr\/wp-json\/wp\/v2\/users\/1"}],"replies":[{"embeddable":true,"href":"https:\/\/www.healthy-heart.org\/fr\/wp-json\/wp\/v2\/comments?post=1755"}],"version-history":[{"count":4,"href":"https:\/\/www.healthy-heart.org\/fr\/wp-json\/wp\/v2\/pages\/1755\/revisions"}],"predecessor-version":[{"id":4324,"href":"https:\/\/www.healthy-heart.org\/fr\/wp-json\/wp\/v2\/pages\/1755\/revisions\/4324"}],"wp:featuredmedia":[{"embeddable":true,"href":"https:\/\/www.healthy-heart.org\/fr\/wp-json\/wp\/v2\/media\/379"}],"wp:attachment":[{"href":"https:\/\/www.healthy-heart.org\/fr\/wp-json\/wp\/v2\/media?parent=1755"}],"wp:term":[{"taxonomy":"category","embeddable":true,"href":"https:\/\/www.healthy-heart.org\/fr\/wp-json\/wp\/v2\/categories?post=1755"},{"taxonomy":"post_tag","embeddable":true,"href":"https:\/\/www.healthy-heart.org\/fr\/wp-json\/wp\/v2\/tags?post=1755"}],"curies":[{"name":"wp","href":"https:\/\/api.w.org\/{rel}","templated":true}]}}