{"id":1739,"date":"2019-10-07T17:53:24","date_gmt":"2019-10-07T16:53:24","guid":{"rendered":"https:\/\/www.healthy-heart.org\/soutien-aux-familles\/"},"modified":"2019-10-14T17:00:29","modified_gmt":"2019-10-14T16:00:29","slug":"soutien-aux-familles","status":"publish","type":"page","link":"https:\/\/www.healthy-heart.org\/fr\/vivre-avec-une-cardiopathie\/soutien-aux-familles\/","title":{"rendered":"Soutien aux familles"},"content":{"rendered":"<p><img loading=\"lazy\" decoding=\"async\" class=\"alignright size-medium wp-image-565\" src=\"https:\/\/www.healthy-heart.org\/wp-content\/uploads\/2019\/07\/iStock-1055062378-350x233.jpg\" alt=\"\" width=\"350\" height=\"233\" \/><br \/>\nVotre conjoint et votre famille\/entourage peuvent \u00eatre une source essentielle de soutien, d&rsquo;encouragement et de motivation lorsque vous vous remettez d&rsquo;une maladie cardiaque. Beaucoup de couples affirment que cette \u00e9preuve les a rapproch\u00e9s.<\/p>\n<p>En revanche, les \u00e9v\u00e9nements cardiovasculaires peuvent \u00eatre d\u00e9vastateurs pour les familles, qui se sentent souvent impuissantes et anxieuses face \u00e0 la maladie, \u00e0 l&rsquo;hospitalisation et au traitement. Les partenaires peuvent s&rsquo;inqui\u00e9ter des \u00e9tapes \u00e0 venir dans le parcours de soin de leur proche. Cette situation peut g\u00e9n\u00e9rer des sentiments n\u00e9gatifs comme la culpabilit\u00e9 (si seulement je&#8230;), les sautes d&rsquo;humeur et les soucis associ\u00e9s aux cons\u00e9quences financi\u00e8res. Elle peut affecter la qualit\u00e9 de la relation et le r\u00e9tablissement du patient. Il est donc crucial que les membres de la famille continuent \u00e0 prendre soin d&rsquo;eux-m\u00eames, notamment en dormant assez, en s&rsquo;accordant des moments de d\u00e9tente, en ayant un <a href=\"https:\/\/www.healthy-heart.org\/keep-your-heart-healthy\/take-control-of-your-lifestyle\/\">mode de vie sain<\/a> et en poursuivant les activit\u00e9s qu&rsquo;ils appr\u00e9cient.<\/p>\n<p>Les conjoints se sentent souvent responsables de la sant\u00e9 du patient et font l&rsquo;impasse sur leurs propres besoins. Ils peuvent assumer des fonctions domestiques suppl\u00e9mentaires, essayer d&rsquo;\u00eatre constamment disponibles et limiter les activit\u00e9s du patient par peur des effets n\u00e9gatifs sur le c\u0153ur. Les patients peuvent le vivre comme une surprotection et un contr\u00f4le excessifs et taire leurs sentiments pour prot\u00e9ger leur conjoint de leur propre inqui\u00e9tude. Une irritation mutuelle peut alors appara\u00eetre, ce qui nuit \u00e0 la relation ou au processus de r\u00e9cup\u00e9ration. Pour apprendre \u00e0 vivre avec une maladie cardiaque, il faut communiquer et reconna\u00eetre l&rsquo;individualit\u00e9 de l&rsquo;autre.<\/p>\n<p>L&rsquo;implication du conjoint et de la famille imm\u00e9diate dans le programme de <a href=\"https:\/\/www.healthy-heart.org\/living-with-heart-disease\/improve-your-heart-condition\/\">r\u00e9adaptation cardiaque<\/a> est une opportunit\u00e9 unique d&rsquo;unir leurs forces dans le processus de r\u00e9tablissement et de prendre des d\u00e9cisions conjointes concernant les ajustements concernant la sant\u00e9. Apr\u00e8s tout, s&rsquo;informer ensemble sur les aspects m\u00e9dicaux du probl\u00e8me cardiaque, recevoir des conseils sur <a href=\"https:\/\/www.healthy-heart.org\/keep-your-heart-healthy\/heart-friendly-diet\/\">un r\u00e9gime alimentaire sain<\/a> et voir le patient progresser au fil des s\u00e9ances incite tous les membres de la famille \u00e0 assumer leur r\u00f4le. Certains programmes de r\u00e9adaptation proposent une s\u00e9ance avec le conjoint, au cours de laquelle des sujets tels que la communication, la prise en charge du probl\u00e8me cardiaque dans la sph\u00e8re du couple et <a href=\"https:\/\/www.healthy-heart.org\/living-with-heart-disease\/sex-and-heart-disease\/\">les questions sur la sexualit\u00e9<\/a> sont abord\u00e9es.<\/p>\n","protected":false},"excerpt":{"rendered":"<p>Votre conjoint et votre famille\/entourage peuvent \u00eatre une source essentielle de soutien, d&rsquo;encouragement et de motivation lorsque vous vous remettez d&rsquo;une maladie cardiaque. Beaucoup de couples affirment que cette \u00e9preuve les a rapproch\u00e9s. En revanche, les \u00e9v\u00e9nements cardiovasculaires peuvent \u00eatre d\u00e9vastateurs pour les familles, qui se sentent souvent impuissantes et anxieuses face \u00e0 la maladie, [&hellip;]<\/p>\n","protected":false},"author":1,"featured_media":567,"parent":1862,"menu_order":9,"comment_status":"closed","ping_status":"closed","template":"","meta":{"_acf_changed":false,"footnotes":""},"categories":[60],"tags":[],"class_list":["post-1739","page","type-page","status-publish","has-post-thumbnail","hentry","category-vivre-avec-une-cardiopathie"],"acf":[],"yoast_head":"<!-- This site is optimized with the Yoast SEO plugin v24.0 - https:\/\/yoast.com\/wordpress\/plugins\/seo\/ -->\n<title>Soutien aux familles\u00a0- Healthy-Heart.org<\/title>\n<meta name=\"description\" content=\"Le conjoint ou la famille peut \u00eatre une source essentielle de soutien et de motivation pour se remettre d&#039;une maladie cardiaque.\" \/>\n<meta name=\"robots\" content=\"index, follow, max-snippet:-1, max-image-preview:large, max-video-preview:-1\" \/>\n<link rel=\"canonical\" href=\"https:\/\/www.healthy-heart.org\/fr\/vivre-avec-une-cardiopathie\/soutien-aux-familles\/\" \/>\n<meta property=\"og:locale\" content=\"fr_FR\" \/>\n<meta property=\"og:type\" content=\"article\" \/>\n<meta property=\"og:title\" content=\"Soutien aux familles\u00a0- Healthy-Heart.org\" \/>\n<meta property=\"og:description\" content=\"Le conjoint ou la famille peut \u00eatre une source essentielle de soutien et de motivation pour se remettre d&#039;une maladie cardiaque.\" \/>\n<meta property=\"og:url\" content=\"https:\/\/www.healthy-heart.org\/fr\/vivre-avec-une-cardiopathie\/soutien-aux-familles\/\" \/>\n<meta property=\"og:site_name\" content=\"Healthy-Heart.org\" \/>\n<meta property=\"article:modified_time\" content=\"2019-10-14T16:00:29+00:00\" \/>\n<meta property=\"og:image\" content=\"https:\/\/www.healthy-heart.org\/wp-content\/uploads\/2019\/07\/iStock-1055062378-1024x683.jpg\" \/>\n\t<meta property=\"og:image:width\" content=\"1024\" \/>\n\t<meta property=\"og:image:height\" content=\"683\" \/>\n\t<meta property=\"og:image:type\" content=\"image\/jpeg\" \/>\n<meta name=\"twitter:card\" content=\"summary_large_image\" \/>\n<meta name=\"twitter:label1\" content=\"Dur\u00e9e de lecture estim\u00e9e\" \/>\n\t<meta name=\"twitter:data1\" content=\"2 minutes\" \/>\n<script type=\"application\/ld+json\" class=\"yoast-schema-graph\">{\"@context\":\"https:\/\/schema.org\",\"@graph\":[{\"@type\":\"WebPage\",\"@id\":\"https:\/\/www.healthy-heart.org\/fr\/vivre-avec-une-cardiopathie\/soutien-aux-familles\/\",\"url\":\"https:\/\/www.healthy-heart.org\/fr\/vivre-avec-une-cardiopathie\/soutien-aux-familles\/\",\"name\":\"Soutien aux familles\u00a0- Healthy-Heart.org\",\"isPartOf\":{\"@id\":\"https:\/\/www.healthy-heart.org\/es\/#website\"},\"primaryImageOfPage\":{\"@id\":\"https:\/\/www.healthy-heart.org\/fr\/vivre-avec-une-cardiopathie\/soutien-aux-familles\/#primaryimage\"},\"image\":{\"@id\":\"https:\/\/www.healthy-heart.org\/fr\/vivre-avec-une-cardiopathie\/soutien-aux-familles\/#primaryimage\"},\"thumbnailUrl\":\"https:\/\/www.healthy-heart.org\/wp-content\/uploads\/2019\/07\/iStock-1055062378.jpg\",\"datePublished\":\"2019-10-07T16:53:24+00:00\",\"dateModified\":\"2019-10-14T16:00:29+00:00\",\"description\":\"Le conjoint ou la famille peut \u00eatre une source essentielle de soutien et de motivation pour se remettre d'une maladie cardiaque.\",\"breadcrumb\":{\"@id\":\"https:\/\/www.healthy-heart.org\/fr\/vivre-avec-une-cardiopathie\/soutien-aux-familles\/#breadcrumb\"},\"inLanguage\":\"fr-FR\",\"potentialAction\":[{\"@type\":\"ReadAction\",\"target\":[\"https:\/\/www.healthy-heart.org\/fr\/vivre-avec-une-cardiopathie\/soutien-aux-familles\/\"]}]},{\"@type\":\"ImageObject\",\"inLanguage\":\"fr-FR\",\"@id\":\"https:\/\/www.healthy-heart.org\/fr\/vivre-avec-une-cardiopathie\/soutien-aux-familles\/#primaryimage\",\"url\":\"https:\/\/www.healthy-heart.org\/wp-content\/uploads\/2019\/07\/iStock-1055062378.jpg\",\"contentUrl\":\"https:\/\/www.healthy-heart.org\/wp-content\/uploads\/2019\/07\/iStock-1055062378.jpg\",\"width\":8256,\"height\":5504,\"caption\":\"Art work. Kind blonde pressing lips while looking downwards at family tree\"},{\"@type\":\"BreadcrumbList\",\"@id\":\"https:\/\/www.healthy-heart.org\/fr\/vivre-avec-une-cardiopathie\/soutien-aux-familles\/#breadcrumb\",\"itemListElement\":[{\"@type\":\"ListItem\",\"position\":1,\"name\":\"Home\",\"item\":\"https:\/\/www.healthy-heart.org\/fr\/\"},{\"@type\":\"ListItem\",\"position\":2,\"name\":\"Vivre avec une cardiopathie\",\"item\":\"https:\/\/www.healthy-heart.org\/fr\/vivre-avec-une-cardiopathie\/\"},{\"@type\":\"ListItem\",\"position\":3,\"name\":\"Soutien aux familles\"}]},{\"@type\":\"WebSite\",\"@id\":\"https:\/\/www.healthy-heart.org\/es\/#website\",\"url\":\"https:\/\/www.healthy-heart.org\/es\/\",\"name\":\"Healthy-Heart.org\",\"description\":\"Practical advice for patients and family care givers on the prevention of cardiovascular disease\",\"potentialAction\":[{\"@type\":\"SearchAction\",\"target\":{\"@type\":\"EntryPoint\",\"urlTemplate\":\"https:\/\/www.healthy-heart.org\/es\/?s={search_term_string}\"},\"query-input\":{\"@type\":\"PropertyValueSpecification\",\"valueRequired\":true,\"valueName\":\"search_term_string\"}}],\"inLanguage\":\"fr-FR\"}]}<\/script>\n<!-- \/ Yoast SEO plugin. -->","yoast_head_json":{"title":"Soutien aux familles\u00a0- Healthy-Heart.org","description":"Le conjoint ou la famille peut \u00eatre une source essentielle de soutien et de motivation pour se remettre d'une maladie cardiaque.","robots":{"index":"index","follow":"follow","max-snippet":"max-snippet:-1","max-image-preview":"max-image-preview:large","max-video-preview":"max-video-preview:-1"},"canonical":"https:\/\/www.healthy-heart.org\/fr\/vivre-avec-une-cardiopathie\/soutien-aux-familles\/","og_locale":"fr_FR","og_type":"article","og_title":"Soutien aux familles\u00a0- Healthy-Heart.org","og_description":"Le conjoint ou la famille peut \u00eatre une source essentielle de soutien et de motivation pour se remettre d'une maladie cardiaque.","og_url":"https:\/\/www.healthy-heart.org\/fr\/vivre-avec-une-cardiopathie\/soutien-aux-familles\/","og_site_name":"Healthy-Heart.org","article_modified_time":"2019-10-14T16:00:29+00:00","og_image":[{"width":1024,"height":683,"url":"https:\/\/www.healthy-heart.org\/wp-content\/uploads\/2019\/07\/iStock-1055062378-1024x683.jpg","type":"image\/jpeg"}],"twitter_card":"summary_large_image","twitter_misc":{"Dur\u00e9e de lecture estim\u00e9e":"2 minutes"},"schema":{"@context":"https:\/\/schema.org","@graph":[{"@type":"WebPage","@id":"https:\/\/www.healthy-heart.org\/fr\/vivre-avec-une-cardiopathie\/soutien-aux-familles\/","url":"https:\/\/www.healthy-heart.org\/fr\/vivre-avec-une-cardiopathie\/soutien-aux-familles\/","name":"Soutien aux familles\u00a0- Healthy-Heart.org","isPartOf":{"@id":"https:\/\/www.healthy-heart.org\/es\/#website"},"primaryImageOfPage":{"@id":"https:\/\/www.healthy-heart.org\/fr\/vivre-avec-une-cardiopathie\/soutien-aux-familles\/#primaryimage"},"image":{"@id":"https:\/\/www.healthy-heart.org\/fr\/vivre-avec-une-cardiopathie\/soutien-aux-familles\/#primaryimage"},"thumbnailUrl":"https:\/\/www.healthy-heart.org\/wp-content\/uploads\/2019\/07\/iStock-1055062378.jpg","datePublished":"2019-10-07T16:53:24+00:00","dateModified":"2019-10-14T16:00:29+00:00","description":"Le conjoint ou la famille peut \u00eatre une source essentielle de soutien et de motivation pour se remettre d'une maladie cardiaque.","breadcrumb":{"@id":"https:\/\/www.healthy-heart.org\/fr\/vivre-avec-une-cardiopathie\/soutien-aux-familles\/#breadcrumb"},"inLanguage":"fr-FR","potentialAction":[{"@type":"ReadAction","target":["https:\/\/www.healthy-heart.org\/fr\/vivre-avec-une-cardiopathie\/soutien-aux-familles\/"]}]},{"@type":"ImageObject","inLanguage":"fr-FR","@id":"https:\/\/www.healthy-heart.org\/fr\/vivre-avec-une-cardiopathie\/soutien-aux-familles\/#primaryimage","url":"https:\/\/www.healthy-heart.org\/wp-content\/uploads\/2019\/07\/iStock-1055062378.jpg","contentUrl":"https:\/\/www.healthy-heart.org\/wp-content\/uploads\/2019\/07\/iStock-1055062378.jpg","width":8256,"height":5504,"caption":"Art work. Kind blonde pressing lips while looking downwards at family tree"},{"@type":"BreadcrumbList","@id":"https:\/\/www.healthy-heart.org\/fr\/vivre-avec-une-cardiopathie\/soutien-aux-familles\/#breadcrumb","itemListElement":[{"@type":"ListItem","position":1,"name":"Home","item":"https:\/\/www.healthy-heart.org\/fr\/"},{"@type":"ListItem","position":2,"name":"Vivre avec une cardiopathie","item":"https:\/\/www.healthy-heart.org\/fr\/vivre-avec-une-cardiopathie\/"},{"@type":"ListItem","position":3,"name":"Soutien aux familles"}]},{"@type":"WebSite","@id":"https:\/\/www.healthy-heart.org\/es\/#website","url":"https:\/\/www.healthy-heart.org\/es\/","name":"Healthy-Heart.org","description":"Practical advice for patients and family care givers on the prevention of cardiovascular disease","potentialAction":[{"@type":"SearchAction","target":{"@type":"EntryPoint","urlTemplate":"https:\/\/www.healthy-heart.org\/es\/?s={search_term_string}"},"query-input":{"@type":"PropertyValueSpecification","valueRequired":true,"valueName":"search_term_string"}}],"inLanguage":"fr-FR"}]}},"_links":{"self":[{"href":"https:\/\/www.healthy-heart.org\/fr\/wp-json\/wp\/v2\/pages\/1739","targetHints":{"allow":["GET"]}}],"collection":[{"href":"https:\/\/www.healthy-heart.org\/fr\/wp-json\/wp\/v2\/pages"}],"about":[{"href":"https:\/\/www.healthy-heart.org\/fr\/wp-json\/wp\/v2\/types\/page"}],"author":[{"embeddable":true,"href":"https:\/\/www.healthy-heart.org\/fr\/wp-json\/wp\/v2\/users\/1"}],"replies":[{"embeddable":true,"href":"https:\/\/www.healthy-heart.org\/fr\/wp-json\/wp\/v2\/comments?post=1739"}],"version-history":[{"count":2,"href":"https:\/\/www.healthy-heart.org\/fr\/wp-json\/wp\/v2\/pages\/1739\/revisions"}],"predecessor-version":[{"id":3364,"href":"https:\/\/www.healthy-heart.org\/fr\/wp-json\/wp\/v2\/pages\/1739\/revisions\/3364"}],"up":[{"embeddable":true,"href":"https:\/\/www.healthy-heart.org\/fr\/wp-json\/wp\/v2\/pages\/1862"}],"wp:featuredmedia":[{"embeddable":true,"href":"https:\/\/www.healthy-heart.org\/fr\/wp-json\/wp\/v2\/media\/567"}],"wp:attachment":[{"href":"https:\/\/www.healthy-heart.org\/fr\/wp-json\/wp\/v2\/media?parent=1739"}],"wp:term":[{"taxonomy":"category","embeddable":true,"href":"https:\/\/www.healthy-heart.org\/fr\/wp-json\/wp\/v2\/categories?post=1739"},{"taxonomy":"post_tag","embeddable":true,"href":"https:\/\/www.healthy-heart.org\/fr\/wp-json\/wp\/v2\/tags?post=1739"}],"curies":[{"name":"wp","href":"https:\/\/api.w.org\/{rel}","templated":true}]}}