{"id":1734,"date":"2019-10-07T17:53:14","date_gmt":"2019-10-07T16:53:14","guid":{"rendered":"https:\/\/www.healthy-heart.org\/retour-au-travail-apres-une-crise-cardiaque\/"},"modified":"2024-12-10T12:36:15","modified_gmt":"2024-12-10T12:36:15","slug":"retour-au-travail-apres-une-crise-cardiaque","status":"publish","type":"page","link":"https:\/\/www.healthy-heart.org\/fr\/vivre-avec-une-cardiopathie\/retour-au-travail-apres-une-crise-cardiaque\/","title":{"rendered":"Retour au travail apr\u00e8s une crise cardiaque"},"content":{"rendered":"<p><img loading=\"lazy\" decoding=\"async\" class=\"alignright size-medium wp-image-554\" src=\"https:\/\/cdn-endpoint-prev.azureedge.net\/healthy-heart\/2019\/07\/iStock-75939684-e1565873258225-350x244.jpg\" alt=\"\" width=\"350\" height=\"244\" srcset=\"https:\/\/www.healthy-heart.org\/wp-content\/uploads\/2019\/07\/iStock-75939684-e1565873258225-350x244.jpg 350w, https:\/\/cdn-endpoint-prev.azureedge.net\/healthy-heart\/2019\/07\/iStock-75939684-e1565873258225-2048x1427.jpg 2048w, https:\/\/www.healthy-heart.org\/wp-content\/uploads\/2019\/07\/iStock-75939684-e1565873258225-200x139.jpg 200w, https:\/\/www.healthy-heart.org\/wp-content\/uploads\/2019\/07\/iStock-75939684-e1565873258225-768x535.jpg 768w, https:\/\/www.healthy-heart.org\/wp-content\/uploads\/2019\/07\/iStock-75939684-e1565873258225-1024x713.jpg 1024w, https:\/\/www.healthy-heart.org\/wp-content\/uploads\/2019\/07\/iStock-75939684-e1565873258225-1536x1070.jpg 1536w, https:\/\/www.healthy-heart.org\/wp-content\/uploads\/2019\/07\/iStock-75939684-e1565873258225-630x439.jpg 630w, https:\/\/www.healthy-heart.org\/wp-content\/uploads\/2019\/07\/iStock-75939684-e1565873258225-666x464.jpg 666w\" sizes=\"auto, (max-width: 350px) 100vw, 350px\" \/><\/p>\n<p>Un programme complet de r\u00e9adaptation cardiaque doit imp\u00e9rativement \u00eatre suivi apr\u00e8s votre sortie de l\u2019h\u00f4pital. Ce programme contribue \u00e0 la restauration de vos capacit\u00e9s fonctionnelles et comprend un plan d\u2019exercices personnalis\u00e9. Pendant une courte p\u00e9riode apr\u00e8s une crise cardiaque, toute activit\u00e9 physique intense doit \u00eatre \u00e9vit\u00e9e. La dur\u00e9e de cette p\u00e9riode peut varier d\u2019une personne \u00e0 l\u2019autre et doit \u00eatre d\u00e9termin\u00e9e avec votre cardiologue. Cependant, il est important de maintenir une activit\u00e9 physique l\u00e9g\u00e8re \u00e0 mod\u00e9r\u00e9e pour faciliter votre r\u00e9tablissement et am\u00e9liorer votre qualit\u00e9 de vie. Un arr\u00eat maladie prolong\u00e9 n\u2019est g\u00e9n\u00e9ralement pas b\u00e9n\u00e9fique, et il est recommand\u00e9 de conserver une activit\u00e9 physique apr\u00e8s la sortie de l\u2019h\u00f4pital.<\/p>\n<p>Pour les personnes qui occupent des emplois n\u00e9cessitant un effort physique faible \u00e0 mod\u00e9r\u00e9, la reprise du travail dans un d\u00e9lai d\u2019un mois est g\u00e9n\u00e9ralement possible si la fonction de pompage du c\u0153ur est normale et s\u2019il n\u2019y a pas eu de complications au cours de l\u2019hospitalisation ou de la r\u00e9adaptation. Pour les personnes exer\u00e7ant un m\u00e9tier physiquement \u00e9prouvant, des examens suppl\u00e9mentaires sont parfois n\u00e9cessaires avant que votre cardiologue n\u2019approuve la reprise du travail.<\/p>\n","protected":false},"excerpt":{"rendered":"<p>Un programme complet de r\u00e9adaptation cardiaque doit imp\u00e9rativement \u00eatre suivi apr\u00e8s votre sortie de l\u2019h\u00f4pital. Ce programme contribue \u00e0 la restauration de vos capacit\u00e9s fonctionnelles et comprend un plan d\u2019exercices personnalis\u00e9. Pendant une courte p\u00e9riode apr\u00e8s une crise cardiaque, toute activit\u00e9 physique intense doit \u00eatre \u00e9vit\u00e9e. La dur\u00e9e de cette p\u00e9riode peut varier d\u2019une personne [&hellip;]<\/p>\n","protected":false},"author":1,"featured_media":3205,"parent":1862,"menu_order":8,"comment_status":"closed","ping_status":"closed","template":"","meta":{"_acf_changed":false,"footnotes":""},"categories":[60],"tags":[],"class_list":["post-1734","page","type-page","status-publish","has-post-thumbnail","hentry","category-vivre-avec-une-cardiopathie"],"acf":[],"yoast_head":"<!-- This site is optimized with the Yoast SEO plugin v24.0 - https:\/\/yoast.com\/wordpress\/plugins\/seo\/ -->\n<title>Reprise du travail apr\u00e8s une crise cardiaque\u00a0- Healthy-Heart.org<\/title>\n<meta name=\"description\" content=\"La plupart des gens peuvent reprendre le travail apr\u00e8s une crise cardiaque, mais doivent \u00e9viter les efforts physiques intenses le premier mois.\" \/>\n<meta name=\"robots\" content=\"index, follow, max-snippet:-1, max-image-preview:large, max-video-preview:-1\" \/>\n<link rel=\"canonical\" href=\"https:\/\/www.healthy-heart.org\/fr\/vivre-avec-une-cardiopathie\/retour-au-travail-apres-une-crise-cardiaque\/\" \/>\n<meta property=\"og:locale\" content=\"fr_FR\" \/>\n<meta property=\"og:type\" content=\"article\" \/>\n<meta property=\"og:title\" content=\"Reprise du travail apr\u00e8s une crise cardiaque\u00a0- Healthy-Heart.org\" \/>\n<meta property=\"og:description\" content=\"La plupart des gens peuvent reprendre le travail apr\u00e8s une crise cardiaque, mais doivent \u00e9viter les efforts physiques intenses le premier mois.\" \/>\n<meta property=\"og:url\" content=\"https:\/\/www.healthy-heart.org\/fr\/vivre-avec-une-cardiopathie\/retour-au-travail-apres-une-crise-cardiaque\/\" \/>\n<meta property=\"og:site_name\" content=\"Healthy-Heart.org\" \/>\n<meta property=\"article:modified_time\" content=\"2024-12-10T12:36:15+00:00\" \/>\n<meta property=\"og:image\" content=\"https:\/\/www.healthy-heart.org\/wp-content\/uploads\/2019\/10\/Work1.jpg\" \/>\n\t<meta property=\"og:image:width\" content=\"3804\" \/>\n\t<meta property=\"og:image:height\" content=\"2650\" \/>\n\t<meta property=\"og:image:type\" content=\"image\/jpeg\" \/>\n<meta name=\"twitter:card\" content=\"summary_large_image\" \/>\n<meta name=\"twitter:label1\" content=\"Dur\u00e9e de lecture estim\u00e9e\" \/>\n\t<meta name=\"twitter:data1\" content=\"1 minute\" \/>\n<script type=\"application\/ld+json\" class=\"yoast-schema-graph\">{\"@context\":\"https:\/\/schema.org\",\"@graph\":[{\"@type\":\"WebPage\",\"@id\":\"https:\/\/www.healthy-heart.org\/fr\/vivre-avec-une-cardiopathie\/retour-au-travail-apres-une-crise-cardiaque\/\",\"url\":\"https:\/\/www.healthy-heart.org\/fr\/vivre-avec-une-cardiopathie\/retour-au-travail-apres-une-crise-cardiaque\/\",\"name\":\"Reprise du travail apr\u00e8s une crise cardiaque\u00a0- Healthy-Heart.org\",\"isPartOf\":{\"@id\":\"https:\/\/www.healthy-heart.org\/es\/#website\"},\"primaryImageOfPage\":{\"@id\":\"https:\/\/www.healthy-heart.org\/fr\/vivre-avec-une-cardiopathie\/retour-au-travail-apres-une-crise-cardiaque\/#primaryimage\"},\"image\":{\"@id\":\"https:\/\/www.healthy-heart.org\/fr\/vivre-avec-une-cardiopathie\/retour-au-travail-apres-une-crise-cardiaque\/#primaryimage\"},\"thumbnailUrl\":\"https:\/\/www.healthy-heart.org\/wp-content\/uploads\/2019\/10\/Work1.jpg\",\"datePublished\":\"2019-10-07T16:53:14+00:00\",\"dateModified\":\"2024-12-10T12:36:15+00:00\",\"description\":\"La plupart des gens peuvent reprendre le travail apr\u00e8s une crise cardiaque, mais doivent \u00e9viter les efforts physiques intenses le premier mois.\",\"breadcrumb\":{\"@id\":\"https:\/\/www.healthy-heart.org\/fr\/vivre-avec-une-cardiopathie\/retour-au-travail-apres-une-crise-cardiaque\/#breadcrumb\"},\"inLanguage\":\"fr-FR\",\"potentialAction\":[{\"@type\":\"ReadAction\",\"target\":[\"https:\/\/www.healthy-heart.org\/fr\/vivre-avec-une-cardiopathie\/retour-au-travail-apres-une-crise-cardiaque\/\"]}]},{\"@type\":\"ImageObject\",\"inLanguage\":\"fr-FR\",\"@id\":\"https:\/\/www.healthy-heart.org\/fr\/vivre-avec-une-cardiopathie\/retour-au-travail-apres-une-crise-cardiaque\/#primaryimage\",\"url\":\"https:\/\/www.healthy-heart.org\/wp-content\/uploads\/2019\/10\/Work1.jpg\",\"contentUrl\":\"https:\/\/www.healthy-heart.org\/wp-content\/uploads\/2019\/10\/Work1.jpg\",\"width\":3804,\"height\":2650},{\"@type\":\"BreadcrumbList\",\"@id\":\"https:\/\/www.healthy-heart.org\/fr\/vivre-avec-une-cardiopathie\/retour-au-travail-apres-une-crise-cardiaque\/#breadcrumb\",\"itemListElement\":[{\"@type\":\"ListItem\",\"position\":1,\"name\":\"Home\",\"item\":\"https:\/\/www.healthy-heart.org\/fr\/\"},{\"@type\":\"ListItem\",\"position\":2,\"name\":\"Vivre avec une cardiopathie\",\"item\":\"https:\/\/www.healthy-heart.org\/fr\/vivre-avec-une-cardiopathie\/\"},{\"@type\":\"ListItem\",\"position\":3,\"name\":\"Retour au travail apr\u00e8s une crise cardiaque\"}]},{\"@type\":\"WebSite\",\"@id\":\"https:\/\/www.healthy-heart.org\/es\/#website\",\"url\":\"https:\/\/www.healthy-heart.org\/es\/\",\"name\":\"Healthy-Heart.org\",\"description\":\"Practical advice for patients and family care givers on the prevention of cardiovascular disease\",\"potentialAction\":[{\"@type\":\"SearchAction\",\"target\":{\"@type\":\"EntryPoint\",\"urlTemplate\":\"https:\/\/www.healthy-heart.org\/es\/?s={search_term_string}\"},\"query-input\":{\"@type\":\"PropertyValueSpecification\",\"valueRequired\":true,\"valueName\":\"search_term_string\"}}],\"inLanguage\":\"fr-FR\"}]}<\/script>\n<!-- \/ Yoast SEO plugin. -->","yoast_head_json":{"title":"Reprise du travail apr\u00e8s une crise cardiaque\u00a0- Healthy-Heart.org","description":"La plupart des gens peuvent reprendre le travail apr\u00e8s une crise cardiaque, mais doivent \u00e9viter les efforts physiques intenses le premier mois.","robots":{"index":"index","follow":"follow","max-snippet":"max-snippet:-1","max-image-preview":"max-image-preview:large","max-video-preview":"max-video-preview:-1"},"canonical":"https:\/\/www.healthy-heart.org\/fr\/vivre-avec-une-cardiopathie\/retour-au-travail-apres-une-crise-cardiaque\/","og_locale":"fr_FR","og_type":"article","og_title":"Reprise du travail apr\u00e8s une crise cardiaque\u00a0- Healthy-Heart.org","og_description":"La plupart des gens peuvent reprendre le travail apr\u00e8s une crise cardiaque, mais doivent \u00e9viter les efforts physiques intenses le premier mois.","og_url":"https:\/\/www.healthy-heart.org\/fr\/vivre-avec-une-cardiopathie\/retour-au-travail-apres-une-crise-cardiaque\/","og_site_name":"Healthy-Heart.org","article_modified_time":"2024-12-10T12:36:15+00:00","og_image":[{"width":3804,"height":2650,"url":"https:\/\/www.healthy-heart.org\/wp-content\/uploads\/2019\/10\/Work1.jpg","type":"image\/jpeg"}],"twitter_card":"summary_large_image","twitter_misc":{"Dur\u00e9e de lecture estim\u00e9e":"1 minute"},"schema":{"@context":"https:\/\/schema.org","@graph":[{"@type":"WebPage","@id":"https:\/\/www.healthy-heart.org\/fr\/vivre-avec-une-cardiopathie\/retour-au-travail-apres-une-crise-cardiaque\/","url":"https:\/\/www.healthy-heart.org\/fr\/vivre-avec-une-cardiopathie\/retour-au-travail-apres-une-crise-cardiaque\/","name":"Reprise du travail apr\u00e8s une crise cardiaque\u00a0- Healthy-Heart.org","isPartOf":{"@id":"https:\/\/www.healthy-heart.org\/es\/#website"},"primaryImageOfPage":{"@id":"https:\/\/www.healthy-heart.org\/fr\/vivre-avec-une-cardiopathie\/retour-au-travail-apres-une-crise-cardiaque\/#primaryimage"},"image":{"@id":"https:\/\/www.healthy-heart.org\/fr\/vivre-avec-une-cardiopathie\/retour-au-travail-apres-une-crise-cardiaque\/#primaryimage"},"thumbnailUrl":"https:\/\/www.healthy-heart.org\/wp-content\/uploads\/2019\/10\/Work1.jpg","datePublished":"2019-10-07T16:53:14+00:00","dateModified":"2024-12-10T12:36:15+00:00","description":"La plupart des gens peuvent reprendre le travail apr\u00e8s une crise cardiaque, mais doivent \u00e9viter les efforts physiques intenses le premier mois.","breadcrumb":{"@id":"https:\/\/www.healthy-heart.org\/fr\/vivre-avec-une-cardiopathie\/retour-au-travail-apres-une-crise-cardiaque\/#breadcrumb"},"inLanguage":"fr-FR","potentialAction":[{"@type":"ReadAction","target":["https:\/\/www.healthy-heart.org\/fr\/vivre-avec-une-cardiopathie\/retour-au-travail-apres-une-crise-cardiaque\/"]}]},{"@type":"ImageObject","inLanguage":"fr-FR","@id":"https:\/\/www.healthy-heart.org\/fr\/vivre-avec-une-cardiopathie\/retour-au-travail-apres-une-crise-cardiaque\/#primaryimage","url":"https:\/\/www.healthy-heart.org\/wp-content\/uploads\/2019\/10\/Work1.jpg","contentUrl":"https:\/\/www.healthy-heart.org\/wp-content\/uploads\/2019\/10\/Work1.jpg","width":3804,"height":2650},{"@type":"BreadcrumbList","@id":"https:\/\/www.healthy-heart.org\/fr\/vivre-avec-une-cardiopathie\/retour-au-travail-apres-une-crise-cardiaque\/#breadcrumb","itemListElement":[{"@type":"ListItem","position":1,"name":"Home","item":"https:\/\/www.healthy-heart.org\/fr\/"},{"@type":"ListItem","position":2,"name":"Vivre avec une cardiopathie","item":"https:\/\/www.healthy-heart.org\/fr\/vivre-avec-une-cardiopathie\/"},{"@type":"ListItem","position":3,"name":"Retour au travail apr\u00e8s une crise cardiaque"}]},{"@type":"WebSite","@id":"https:\/\/www.healthy-heart.org\/es\/#website","url":"https:\/\/www.healthy-heart.org\/es\/","name":"Healthy-Heart.org","description":"Practical advice for patients and family care givers on the prevention of cardiovascular disease","potentialAction":[{"@type":"SearchAction","target":{"@type":"EntryPoint","urlTemplate":"https:\/\/www.healthy-heart.org\/es\/?s={search_term_string}"},"query-input":{"@type":"PropertyValueSpecification","valueRequired":true,"valueName":"search_term_string"}}],"inLanguage":"fr-FR"}]}},"_links":{"self":[{"href":"https:\/\/www.healthy-heart.org\/fr\/wp-json\/wp\/v2\/pages\/1734","targetHints":{"allow":["GET"]}}],"collection":[{"href":"https:\/\/www.healthy-heart.org\/fr\/wp-json\/wp\/v2\/pages"}],"about":[{"href":"https:\/\/www.healthy-heart.org\/fr\/wp-json\/wp\/v2\/types\/page"}],"author":[{"embeddable":true,"href":"https:\/\/www.healthy-heart.org\/fr\/wp-json\/wp\/v2\/users\/1"}],"replies":[{"embeddable":true,"href":"https:\/\/www.healthy-heart.org\/fr\/wp-json\/wp\/v2\/comments?post=1734"}],"version-history":[{"count":8,"href":"https:\/\/www.healthy-heart.org\/fr\/wp-json\/wp\/v2\/pages\/1734\/revisions"}],"predecessor-version":[{"id":7468,"href":"https:\/\/www.healthy-heart.org\/fr\/wp-json\/wp\/v2\/pages\/1734\/revisions\/7468"}],"up":[{"embeddable":true,"href":"https:\/\/www.healthy-heart.org\/fr\/wp-json\/wp\/v2\/pages\/1862"}],"wp:featuredmedia":[{"embeddable":true,"href":"https:\/\/www.healthy-heart.org\/fr\/wp-json\/wp\/v2\/media\/3205"}],"wp:attachment":[{"href":"https:\/\/www.healthy-heart.org\/fr\/wp-json\/wp\/v2\/media?parent=1734"}],"wp:term":[{"taxonomy":"category","embeddable":true,"href":"https:\/\/www.healthy-heart.org\/fr\/wp-json\/wp\/v2\/categories?post=1734"},{"taxonomy":"post_tag","embeddable":true,"href":"https:\/\/www.healthy-heart.org\/fr\/wp-json\/wp\/v2\/tags?post=1734"}],"curies":[{"name":"wp","href":"https:\/\/api.w.org\/{rel}","templated":true}]}}