{"id":1724,"date":"2019-10-07T17:52:43","date_gmt":"2019-10-07T16:52:43","guid":{"rendered":"https:\/\/www.healthy-heart.org\/facteurs-de-risque-de-recidive-de-crise-cardiaque\/"},"modified":"2025-08-29T13:21:42","modified_gmt":"2025-08-29T12:21:42","slug":"facteurs-de-risque-de-recidive-de-crise-cardiaque","status":"publish","type":"page","link":"https:\/\/www.healthy-heart.org\/fr\/vivre-avec-une-cardiopathie\/facteurs-de-risque-de-recidive-de-crise-cardiaque\/","title":{"rendered":"Facteurs de risque de r\u00e9cidive de crise cardiaque"},"content":{"rendered":"<p><img loading=\"lazy\" decoding=\"async\" class=\"alignright size-medium wp-image-494\" src=\"https:\/\/cdn-endpoint-prev.azureedge.net\/healthy-heart\/2019\/07\/iStock-908134236-e1565872918492-350x246.jpg\" alt=\"\" width=\"350\" height=\"246\" srcset=\"https:\/\/www.healthy-heart.org\/wp-content\/uploads\/2019\/07\/iStock-908134236-e1565872918492-350x246.jpg 350w, https:\/\/www.healthy-heart.org\/wp-content\/uploads\/2019\/07\/iStock-908134236-e1565872918492-200x140.jpg 200w, https:\/\/www.healthy-heart.org\/wp-content\/uploads\/2019\/07\/iStock-908134236-e1565872918492-768x539.jpg 768w, https:\/\/www.healthy-heart.org\/wp-content\/uploads\/2019\/07\/iStock-908134236-e1565872918492-1024x719.jpg 1024w, https:\/\/www.healthy-heart.org\/wp-content\/uploads\/2019\/07\/iStock-908134236-e1565872918492-1536x1079.jpg 1536w, https:\/\/www.healthy-heart.org\/wp-content\/uploads\/2019\/07\/iStock-908134236-e1565872918492-2048x1438.jpg 2048w, https:\/\/www.healthy-heart.org\/wp-content\/uploads\/2019\/07\/iStock-908134236-e1565872918492-625x439.jpg 625w, https:\/\/www.healthy-heart.org\/wp-content\/uploads\/2019\/07\/iStock-908134236-e1565872918492-661x464.jpg 661w\" sizes=\"auto, (max-width: 350px) 100vw, 350px\" \/><\/p>\n<p>Vous avez peut-\u00eatre subi une intervention et suivez un traitement pour r\u00e9tablir l\u2019apport en sang et en oxyg\u00e8ne dans le muscle cardiaque. Bien que ces traitements puissent soulager vos sympt\u00f4mes, le vaisseau sanguin affect\u00e9 peut se r\u00e9tr\u00e9cir ou se boucher \u00e0 nouveau. En outre, les m\u00eames facteurs qui ont entra\u00een\u00e9 votre premi\u00e8re crise cardiaque peuvent d\u00e9j\u00e0 endommager d\u2019autres vaisseaux sanguins de votre corps. Si ces vaisseaux endommag\u00e9s alimentent votre c\u0153ur, cela peut provoquer une nouvelle crise cardiaque. S\u2019ils alimentent le cerveau, cela peut entra\u00eener un AVC. Les vaisseaux bouch\u00e9s au niveau des jambes peuvent provoquer une maladie art\u00e9rielle p\u00e9riph\u00e9rique.<\/p>\n<p>Le risque d\u2019une deuxi\u00e8me crise cardiaque ou d\u2019un autre probl\u00e8me cardiovasculaire varie d\u2019une personne \u00e0 l\u2019autre. De nombreux facteurs sont en jeu, dont certains sont modifiables et d\u2019autres non. Les facteurs de risque les plus importants sont&nbsp;:<\/p>\n<p><span style=\"text-decoration: underline;\"><strong>Les facteurs de risque non modifiables&nbsp;:<\/strong><\/span><\/p>\n<ul>\n<li>L\u2019\u00e2ge<\/li>\n<li><a href=\"https:\/\/www.healthy-heart.org\/keep-your-heart-healthy\/differences-between-men-and-women\/\">Le sexe<\/a><\/li>\n<li>Le nombre et type de probl\u00e8mes cardiovasculaires ant\u00e9rieurs<\/li>\n<li>La capacit\u00e9 de pompage restante de votre c\u0153ur<\/li>\n<li>La fibrillation auriculaire (une forme de trouble du rythme)<\/li>\n<li>Les probl\u00e8mes r\u00e9naux<\/li>\n<\/ul>\n<p><span style=\"text-decoration: underline;\"><strong>Les facteurs de risque modifiables&nbsp;:<\/strong><\/span><\/p>\n<ul>\n<li><a href=\"https:\/\/www.healthy-heart.org\/keep-your-heart-healthy\/smoking\/\">Le tabagisme<\/a><\/li>\n<li><a href=\"https:\/\/www.healthy-heart.org\/keep-your-heart-healthy\/keeping-a-healthy-weight\/\">Le poids<\/a><\/li>\n<li>L\u2019<a href=\"https:\/\/www.healthy-heart.org\/keep-your-heart-healthy\/physical-activity\/\">exercice physique<\/a> par opposition \u00e0 l\u2019inactivit\u00e9<\/li>\n<li><a href=\"https:\/\/www.healthy-heart.org\/keep-your-heart-healthy\/heart-friendly-diet\/\">L\u2019alimentation saine par opposition \u00e0 alimentation non saine<\/a><\/li>\n<li><a href=\"https:\/\/www.healthy-heart.org\/keep-your-heart-healthy\/stress-and-sleep\/\">Le stress psychosocial<\/a><\/li>\n<li><a href=\"https:\/\/www.healthy-heart.org\/keep-your-heart-healthy\/cholesterol\/\">Le contr\u00f4le du cholest\u00e9rol sanguin<\/a><\/li>\n<li><a href=\"https:\/\/www.healthy-heart.org\/keep-your-heart-healthy\/blood-pressure\/\">Le contr\u00f4le de la pression art\u00e9rielle<\/a><\/li>\n<li><a href=\"https:\/\/www.healthy-heart.org\/keep-your-heart-healthy\/diabetes\/\">La pr\u00e9sence et le contr\u00f4le du diab\u00e8te sucr\u00e9<\/a><\/li>\n<li>L\u2019inflammation chronique<\/li>\n<\/ul>\n<p>L\u2019identification de vos facteurs de risque d\u00e9termine les changements de comportement et <a href=\"https:\/\/www.healthy-heart.org\/living-with-heart-disease\/types-of-medication\/\">les traitements<\/a> n\u00e9cessaires pour pr\u00e9venir de nouveaux probl\u00e8mes cardiovasculaires. Quel que soit votre niveau de risque, un mode de vie sain est fondamental pour pr\u00e9venir toute r\u00e9cidive de crise cardiaque. Pour cela, vous devez notamment ne pas <a href=\"https:\/\/www.healthy-heart.org\/keep-your-heart-healthy\/smoking\/\">fumer<\/a>, maintenir un <a href=\"https:\/\/www.healthy-heart.org\/keep-your-heart-healthy\/keeping-a-healthy-weight\/\">poids de forme<\/a>, adopter un <a href=\"https:\/\/www.healthy-heart.org\/keep-your-heart-healthy\/heart-friendly-diet\/\"> r\u00e9gime alimentaire \u00e9quilibr\u00e9<\/a>, rester <a href=\"https:\/\/www.healthy-heart.org\/keep-your-heart-healthy\/physical-activity\/\">physiquement actif<\/a> et <a href=\"https:\/\/www.healthy-heart.org\/keep-your-heart-healthy\/stress-and-sleep\/\">g\u00e9rer efficacement le stress<\/a>, la <a href=\"https:\/\/www.healthy-heart.org\/keep-your-heart-healthy\/blood-pressure\/\">pression art\u00e9rielle<\/a>, le <a href=\"https:\/\/www.healthy-heart.org\/keep-your-heart-healthy\/cholesterol\/\">cholest\u00e9rol<\/a> et le <a href=\"https:\/\/www.healthy-heart.org\/keep-your-heart-healthy\/diabetes\/\">diab\u00e8te<\/a>.<\/p>\n","protected":false},"excerpt":{"rendered":"<p>Vous avez peut-\u00eatre subi une intervention et suivez un traitement pour r\u00e9tablir l\u2019apport en sang et en oxyg\u00e8ne dans le muscle cardiaque. Bien que ces traitements puissent soulager vos sympt\u00f4mes, le vaisseau sanguin affect\u00e9 peut se r\u00e9tr\u00e9cir ou se boucher \u00e0 nouveau. En outre, les m\u00eames facteurs qui ont entra\u00een\u00e9 votre premi\u00e8re crise cardiaque peuvent [&hellip;]<\/p>\n","protected":false},"author":1,"featured_media":496,"parent":1862,"menu_order":10,"comment_status":"closed","ping_status":"closed","template":"","meta":{"_acf_changed":false,"footnotes":""},"categories":[60],"tags":[],"class_list":["post-1724","page","type-page","status-publish","has-post-thumbnail","hentry","category-vivre-avec-une-cardiopathie"],"acf":[],"yoast_head":"<!-- This site is optimized with the Yoast SEO plugin v24.0 - https:\/\/yoast.com\/wordpress\/plugins\/seo\/ -->\n<title>Facteurs de risque d\u2019une deuxi\u00e8me crise cardiaque\u00a0- Healthy-Heart.org<\/title>\n<meta name=\"description\" content=\"Le risque de r\u00e9cidive de crise cardiaque n\u2019est pas le m\u00eame pour tous. De nombreux facteurs sont en jeu, dont certains peuvent \u00eatre influenc\u00e9s et d\u2019autres non.\" \/>\n<meta name=\"robots\" content=\"index, follow, max-snippet:-1, max-image-preview:large, max-video-preview:-1\" \/>\n<link rel=\"canonical\" href=\"https:\/\/www.healthy-heart.org\/fr\/vivre-avec-une-cardiopathie\/facteurs-de-risque-de-recidive-de-crise-cardiaque\/\" \/>\n<meta property=\"og:locale\" content=\"fr_FR\" \/>\n<meta property=\"og:type\" content=\"article\" \/>\n<meta property=\"og:title\" content=\"Facteurs de risque d\u2019une deuxi\u00e8me crise cardiaque\u00a0- Healthy-Heart.org\" \/>\n<meta property=\"og:description\" content=\"Le risque de r\u00e9cidive de crise cardiaque n\u2019est pas le m\u00eame pour tous. De nombreux facteurs sont en jeu, dont certains peuvent \u00eatre influenc\u00e9s et d\u2019autres non.\" \/>\n<meta property=\"og:url\" content=\"https:\/\/www.healthy-heart.org\/fr\/vivre-avec-une-cardiopathie\/facteurs-de-risque-de-recidive-de-crise-cardiaque\/\" \/>\n<meta property=\"og:site_name\" content=\"Healthy-Heart.org\" \/>\n<meta property=\"article:modified_time\" content=\"2025-08-29T12:21:42+00:00\" \/>\n<meta property=\"og:image\" content=\"https:\/\/www.healthy-heart.org\/wp-content\/uploads\/2019\/07\/iStock-908134236-1024x640.jpg\" \/>\n\t<meta property=\"og:image:width\" content=\"1024\" \/>\n\t<meta property=\"og:image:height\" content=\"640\" \/>\n\t<meta property=\"og:image:type\" content=\"image\/jpeg\" \/>\n<meta name=\"twitter:card\" content=\"summary_large_image\" \/>\n<meta name=\"twitter:label1\" content=\"Dur\u00e9e de lecture estim\u00e9e\" \/>\n\t<meta name=\"twitter:data1\" content=\"2 minutes\" \/>\n<script type=\"application\/ld+json\" class=\"yoast-schema-graph\">{\"@context\":\"https:\/\/schema.org\",\"@graph\":[{\"@type\":\"WebPage\",\"@id\":\"https:\/\/www.healthy-heart.org\/fr\/vivre-avec-une-cardiopathie\/facteurs-de-risque-de-recidive-de-crise-cardiaque\/\",\"url\":\"https:\/\/www.healthy-heart.org\/fr\/vivre-avec-une-cardiopathie\/facteurs-de-risque-de-recidive-de-crise-cardiaque\/\",\"name\":\"Facteurs de risque d\u2019une deuxi\u00e8me crise cardiaque\u00a0- Healthy-Heart.org\",\"isPartOf\":{\"@id\":\"https:\/\/www.healthy-heart.org\/es\/#website\"},\"primaryImageOfPage\":{\"@id\":\"https:\/\/www.healthy-heart.org\/fr\/vivre-avec-une-cardiopathie\/facteurs-de-risque-de-recidive-de-crise-cardiaque\/#primaryimage\"},\"image\":{\"@id\":\"https:\/\/www.healthy-heart.org\/fr\/vivre-avec-une-cardiopathie\/facteurs-de-risque-de-recidive-de-crise-cardiaque\/#primaryimage\"},\"thumbnailUrl\":\"https:\/\/www.healthy-heart.org\/wp-content\/uploads\/2019\/07\/iStock-908134236.jpg\",\"datePublished\":\"2019-10-07T16:52:43+00:00\",\"dateModified\":\"2025-08-29T12:21:42+00:00\",\"description\":\"Le risque de r\u00e9cidive de crise cardiaque n\u2019est pas le m\u00eame pour tous. De nombreux facteurs sont en jeu, dont certains peuvent \u00eatre influenc\u00e9s et d\u2019autres non.\",\"breadcrumb\":{\"@id\":\"https:\/\/www.healthy-heart.org\/fr\/vivre-avec-une-cardiopathie\/facteurs-de-risque-de-recidive-de-crise-cardiaque\/#breadcrumb\"},\"inLanguage\":\"fr-FR\",\"potentialAction\":[{\"@type\":\"ReadAction\",\"target\":[\"https:\/\/www.healthy-heart.org\/fr\/vivre-avec-une-cardiopathie\/facteurs-de-risque-de-recidive-de-crise-cardiaque\/\"]}]},{\"@type\":\"ImageObject\",\"inLanguage\":\"fr-FR\",\"@id\":\"https:\/\/www.healthy-heart.org\/fr\/vivre-avec-une-cardiopathie\/facteurs-de-risque-de-recidive-de-crise-cardiaque\/#primaryimage\",\"url\":\"https:\/\/www.healthy-heart.org\/wp-content\/uploads\/2019\/07\/iStock-908134236.jpg\",\"contentUrl\":\"https:\/\/www.healthy-heart.org\/wp-content\/uploads\/2019\/07\/iStock-908134236.jpg\",\"width\":8000,\"height\":5000,\"caption\":\"Push button on brushed metal surface. There is risk text and an arrow symbol on the button. The arrow is pointing high text on metal surface. Horizontal composition with copy space and selective focus.\"},{\"@type\":\"BreadcrumbList\",\"@id\":\"https:\/\/www.healthy-heart.org\/fr\/vivre-avec-une-cardiopathie\/facteurs-de-risque-de-recidive-de-crise-cardiaque\/#breadcrumb\",\"itemListElement\":[{\"@type\":\"ListItem\",\"position\":1,\"name\":\"Home\",\"item\":\"https:\/\/www.healthy-heart.org\/fr\/\"},{\"@type\":\"ListItem\",\"position\":2,\"name\":\"Vivre avec une cardiopathie\",\"item\":\"https:\/\/www.healthy-heart.org\/fr\/vivre-avec-une-cardiopathie\/\"},{\"@type\":\"ListItem\",\"position\":3,\"name\":\"Facteurs de risque de r\u00e9cidive de crise cardiaque\"}]},{\"@type\":\"WebSite\",\"@id\":\"https:\/\/www.healthy-heart.org\/es\/#website\",\"url\":\"https:\/\/www.healthy-heart.org\/es\/\",\"name\":\"Healthy-Heart.org\",\"description\":\"Practical advice for patients and family care givers on the prevention of cardiovascular disease\",\"potentialAction\":[{\"@type\":\"SearchAction\",\"target\":{\"@type\":\"EntryPoint\",\"urlTemplate\":\"https:\/\/www.healthy-heart.org\/es\/?s={search_term_string}\"},\"query-input\":{\"@type\":\"PropertyValueSpecification\",\"valueRequired\":true,\"valueName\":\"search_term_string\"}}],\"inLanguage\":\"fr-FR\"}]}<\/script>\n<!-- \/ Yoast SEO plugin. -->","yoast_head_json":{"title":"Facteurs de risque d\u2019une deuxi\u00e8me crise cardiaque\u00a0- Healthy-Heart.org","description":"Le risque de r\u00e9cidive de crise cardiaque n\u2019est pas le m\u00eame pour tous. De nombreux facteurs sont en jeu, dont certains peuvent \u00eatre influenc\u00e9s et d\u2019autres non.","robots":{"index":"index","follow":"follow","max-snippet":"max-snippet:-1","max-image-preview":"max-image-preview:large","max-video-preview":"max-video-preview:-1"},"canonical":"https:\/\/www.healthy-heart.org\/fr\/vivre-avec-une-cardiopathie\/facteurs-de-risque-de-recidive-de-crise-cardiaque\/","og_locale":"fr_FR","og_type":"article","og_title":"Facteurs de risque d\u2019une deuxi\u00e8me crise cardiaque\u00a0- Healthy-Heart.org","og_description":"Le risque de r\u00e9cidive de crise cardiaque n\u2019est pas le m\u00eame pour tous. De nombreux facteurs sont en jeu, dont certains peuvent \u00eatre influenc\u00e9s et d\u2019autres non.","og_url":"https:\/\/www.healthy-heart.org\/fr\/vivre-avec-une-cardiopathie\/facteurs-de-risque-de-recidive-de-crise-cardiaque\/","og_site_name":"Healthy-Heart.org","article_modified_time":"2025-08-29T12:21:42+00:00","og_image":[{"width":1024,"height":640,"url":"https:\/\/www.healthy-heart.org\/wp-content\/uploads\/2019\/07\/iStock-908134236-1024x640.jpg","type":"image\/jpeg"}],"twitter_card":"summary_large_image","twitter_misc":{"Dur\u00e9e de lecture estim\u00e9e":"2 minutes"},"schema":{"@context":"https:\/\/schema.org","@graph":[{"@type":"WebPage","@id":"https:\/\/www.healthy-heart.org\/fr\/vivre-avec-une-cardiopathie\/facteurs-de-risque-de-recidive-de-crise-cardiaque\/","url":"https:\/\/www.healthy-heart.org\/fr\/vivre-avec-une-cardiopathie\/facteurs-de-risque-de-recidive-de-crise-cardiaque\/","name":"Facteurs de risque d\u2019une deuxi\u00e8me crise cardiaque\u00a0- Healthy-Heart.org","isPartOf":{"@id":"https:\/\/www.healthy-heart.org\/es\/#website"},"primaryImageOfPage":{"@id":"https:\/\/www.healthy-heart.org\/fr\/vivre-avec-une-cardiopathie\/facteurs-de-risque-de-recidive-de-crise-cardiaque\/#primaryimage"},"image":{"@id":"https:\/\/www.healthy-heart.org\/fr\/vivre-avec-une-cardiopathie\/facteurs-de-risque-de-recidive-de-crise-cardiaque\/#primaryimage"},"thumbnailUrl":"https:\/\/www.healthy-heart.org\/wp-content\/uploads\/2019\/07\/iStock-908134236.jpg","datePublished":"2019-10-07T16:52:43+00:00","dateModified":"2025-08-29T12:21:42+00:00","description":"Le risque de r\u00e9cidive de crise cardiaque n\u2019est pas le m\u00eame pour tous. De nombreux facteurs sont en jeu, dont certains peuvent \u00eatre influenc\u00e9s et d\u2019autres non.","breadcrumb":{"@id":"https:\/\/www.healthy-heart.org\/fr\/vivre-avec-une-cardiopathie\/facteurs-de-risque-de-recidive-de-crise-cardiaque\/#breadcrumb"},"inLanguage":"fr-FR","potentialAction":[{"@type":"ReadAction","target":["https:\/\/www.healthy-heart.org\/fr\/vivre-avec-une-cardiopathie\/facteurs-de-risque-de-recidive-de-crise-cardiaque\/"]}]},{"@type":"ImageObject","inLanguage":"fr-FR","@id":"https:\/\/www.healthy-heart.org\/fr\/vivre-avec-une-cardiopathie\/facteurs-de-risque-de-recidive-de-crise-cardiaque\/#primaryimage","url":"https:\/\/www.healthy-heart.org\/wp-content\/uploads\/2019\/07\/iStock-908134236.jpg","contentUrl":"https:\/\/www.healthy-heart.org\/wp-content\/uploads\/2019\/07\/iStock-908134236.jpg","width":8000,"height":5000,"caption":"Push button on brushed metal surface. There is risk text and an arrow symbol on the button. The arrow is pointing high text on metal surface. Horizontal composition with copy space and selective focus."},{"@type":"BreadcrumbList","@id":"https:\/\/www.healthy-heart.org\/fr\/vivre-avec-une-cardiopathie\/facteurs-de-risque-de-recidive-de-crise-cardiaque\/#breadcrumb","itemListElement":[{"@type":"ListItem","position":1,"name":"Home","item":"https:\/\/www.healthy-heart.org\/fr\/"},{"@type":"ListItem","position":2,"name":"Vivre avec une cardiopathie","item":"https:\/\/www.healthy-heart.org\/fr\/vivre-avec-une-cardiopathie\/"},{"@type":"ListItem","position":3,"name":"Facteurs de risque de r\u00e9cidive de crise cardiaque"}]},{"@type":"WebSite","@id":"https:\/\/www.healthy-heart.org\/es\/#website","url":"https:\/\/www.healthy-heart.org\/es\/","name":"Healthy-Heart.org","description":"Practical advice for patients and family care givers on the prevention of cardiovascular disease","potentialAction":[{"@type":"SearchAction","target":{"@type":"EntryPoint","urlTemplate":"https:\/\/www.healthy-heart.org\/es\/?s={search_term_string}"},"query-input":{"@type":"PropertyValueSpecification","valueRequired":true,"valueName":"search_term_string"}}],"inLanguage":"fr-FR"}]}},"_links":{"self":[{"href":"https:\/\/www.healthy-heart.org\/fr\/wp-json\/wp\/v2\/pages\/1724","targetHints":{"allow":["GET"]}}],"collection":[{"href":"https:\/\/www.healthy-heart.org\/fr\/wp-json\/wp\/v2\/pages"}],"about":[{"href":"https:\/\/www.healthy-heart.org\/fr\/wp-json\/wp\/v2\/types\/page"}],"author":[{"embeddable":true,"href":"https:\/\/www.healthy-heart.org\/fr\/wp-json\/wp\/v2\/users\/1"}],"replies":[{"embeddable":true,"href":"https:\/\/www.healthy-heart.org\/fr\/wp-json\/wp\/v2\/comments?post=1724"}],"version-history":[{"count":8,"href":"https:\/\/www.healthy-heart.org\/fr\/wp-json\/wp\/v2\/pages\/1724\/revisions"}],"predecessor-version":[{"id":7836,"href":"https:\/\/www.healthy-heart.org\/fr\/wp-json\/wp\/v2\/pages\/1724\/revisions\/7836"}],"up":[{"embeddable":true,"href":"https:\/\/www.healthy-heart.org\/fr\/wp-json\/wp\/v2\/pages\/1862"}],"wp:featuredmedia":[{"embeddable":true,"href":"https:\/\/www.healthy-heart.org\/fr\/wp-json\/wp\/v2\/media\/496"}],"wp:attachment":[{"href":"https:\/\/www.healthy-heart.org\/fr\/wp-json\/wp\/v2\/media?parent=1724"}],"wp:term":[{"taxonomy":"category","embeddable":true,"href":"https:\/\/www.healthy-heart.org\/fr\/wp-json\/wp\/v2\/categories?post=1724"},{"taxonomy":"post_tag","embeddable":true,"href":"https:\/\/www.healthy-heart.org\/fr\/wp-json\/wp\/v2\/tags?post=1724"}],"curies":[{"name":"wp","href":"https:\/\/api.w.org\/{rel}","templated":true}]}}