{"id":1719,"date":"2019-10-07T17:52:08","date_gmt":"2019-10-07T16:52:08","guid":{"rendered":"https:\/\/www.healthy-heart.org\/gardez-votre-coeur-en-bonne-sante\/differences-entre-les-hommes-et-les-femmes\/"},"modified":"2024-12-24T11:42:27","modified_gmt":"2024-12-24T11:42:27","slug":"differences-entre-les-hommes-et-les-femmes","status":"publish","type":"page","link":"https:\/\/www.healthy-heart.org\/fr\/gardez-votre-coeur-en-bonne-sante\/differences-entre-les-hommes-et-les-femmes\/","title":{"rendered":"Les maladies cardiovasculaires chez les femmes"},"content":{"rendered":"<p><img loading=\"lazy\" decoding=\"async\" class=\"size-medium wp-image-652 alignright\" src=\"https:\/\/cdn-endpoint-prev.azureedge.net\/healthy-heart\/2019\/07\/iStock-1060172678-2-350x233.jpg\" alt=\"\" width=\"350\" height=\"233\" srcset=\"https:\/\/www.healthy-heart.org\/wp-content\/uploads\/2019\/07\/iStock-1060172678-2-350x233.jpg 350w, https:\/\/cdn-endpoint-prev.azureedge.net\/healthy-heart\/2019\/07\/iStock-1060172678-2-2048x1365.jpg 2048w, https:\/\/cdn-endpoint-prev.azureedge.net\/healthy-heart\/2019\/07\/iStock-1060172678-2-659x439.jpg 659w, https:\/\/www.healthy-heart.org\/wp-content\/uploads\/2019\/07\/iStock-1060172678-2-200x133.jpg 200w, https:\/\/www.healthy-heart.org\/wp-content\/uploads\/2019\/07\/iStock-1060172678-2-768x512.jpg 768w, https:\/\/www.healthy-heart.org\/wp-content\/uploads\/2019\/07\/iStock-1060172678-2-1024x683.jpg 1024w, https:\/\/www.healthy-heart.org\/wp-content\/uploads\/2019\/07\/iStock-1060172678-2-1536x1024.jpg 1536w, https:\/\/www.healthy-heart.org\/wp-content\/uploads\/2019\/07\/iStock-1060172678-2-696x464.jpg 696w\" sizes=\"auto, (max-width: 350px) 100vw, 350px\" \/>L\u2019impact de certains facteurs de risque traditionnels des maladies cardiovasculaires diff\u00e8re selon le sexe. Par exemple, le risque de maladie cardiovasculaire augmente \u00e0 un niveau de pression art\u00e9rielle plus bas chez les femmes que chez les hommes, et le diab\u00e8te a un impact plus important sur le risque cardiovasculaire chez les femmes que chez les hommes. Les femmes pr\u00e9sentent \u00e9galement des facteurs de risque sp\u00e9cifiques associ\u00e9s \u00e0 la grossesse et \u00e0 la m\u00e9nopause, et ces \u00e9v\u00e9nements de la vie pourraient constituer des moments id\u00e9aux pour \u00e9valuer la sant\u00e9 cardiovasculaire chez les femmes.<\/p>\n<p>Apr\u00e8s la cinquantaine, les femmes ont des taux de <a href=\"https:\/\/www.healthy-heart.org\/keep-your-heart-healthy\/cholesterol\/\">cholest\u00e9rol<\/a> plus \u00e9lev\u00e9s que les hommes, et leur \u00ab\u00a0bon\u00a0\u00bb cholest\u00e9rol a tendance \u00e0 diminuer apr\u00e8s la m\u00e9nopause. Les changements hormonaux dus \u00e0 la m\u00e9nopause induisent le cumul de plusieurs facteurs de risque pour le c\u0153ur et les vaisseaux sanguins, tels que l\u2019augmentation de la <a href=\"https:\/\/www.healthy-heart.org\/keep-your-heart-healthy\/blood-pressure\/\">pression art\u00e9rielle<\/a>, la prise de <a href=\"https:\/\/www.healthy-heart.org\/keep-your-heart-healthy\/keeping-a-healthy-weight\/\">poids<\/a> et l\u2019augmentation des taux de lipides.<\/p>\n<p>Par rapport aux hommes, les femmes sont moins nombreuses \u00e0 pr\u00e9senter les sympt\u00f4mes classiques de douleurs thoraciques. Elles \u00e9voquent souvent des douleurs aux bras, dans le dos ou la m\u00e2choire, une dyspn\u00e9e (essoufflements), un \u00e9tat de faiblesse, des palpitations, des vertiges. En savoir plus sur les <a href=\"https:\/\/www.healthy-heart.org\/your-heart\/warning-signs-symptoms\/\">signes d\u2019alerte<\/a>.<\/p>\n<p>Les syst\u00e8mes conventionnels de score des facteurs de risque sous-estiment souvent le risque individuel des femmes et les professionnels de sant\u00e9 doivent donc utiliser des scores en fonction du sexe.<\/p>\n<p>La s\u00e9curit\u00e9 et l\u2019efficacit\u00e9 du traitement hormonal substitutif font encore l\u2019objet de d\u00e9bats, et vous pouvez en discuter avec votre m\u00e9decin pour savoir si cette option est envisageable dans votre cas.<\/p>\n","protected":false},"excerpt":{"rendered":"<p>L\u2019impact de certains facteurs de risque traditionnels des maladies cardiovasculaires diff\u00e8re selon le sexe. Par exemple, le risque de maladie cardiovasculaire augmente \u00e0 un niveau de pression art\u00e9rielle plus bas chez les femmes que chez les hommes, et le diab\u00e8te a un impact plus important sur le risque cardiovasculaire chez les femmes que chez les [&hellip;]<\/p>\n","protected":false},"author":1,"featured_media":654,"parent":1679,"menu_order":10,"comment_status":"closed","ping_status":"closed","template":"","meta":{"_acf_changed":false,"footnotes":""},"categories":[55],"tags":[],"class_list":["post-1719","page","type-page","status-publish","has-post-thumbnail","hentry","category-gardez-votre-coeur-en-bonne-sante"],"acf":[],"yoast_head":"<!-- This site is optimized with the Yoast SEO plugin v24.0 - https:\/\/yoast.com\/wordpress\/plugins\/seo\/ -->\n<title>Diff\u00e9rences entre les hommes et les femmes\u00a0- Healthy-Heart.org<\/title>\n<meta name=\"description\" content=\"D\u00e9couvrez comment le risque de maladies cardiovasculaires diff\u00e8re chez les femmes et les hommes.\" \/>\n<meta name=\"robots\" content=\"index, follow, max-snippet:-1, max-image-preview:large, max-video-preview:-1\" \/>\n<link rel=\"canonical\" href=\"https:\/\/www.healthy-heart.org\/fr\/gardez-votre-coeur-en-bonne-sante\/differences-entre-les-hommes-et-les-femmes\/\" \/>\n<meta property=\"og:locale\" content=\"fr_FR\" \/>\n<meta property=\"og:type\" content=\"article\" \/>\n<meta property=\"og:title\" content=\"Diff\u00e9rences entre les hommes et les femmes\u00a0- Healthy-Heart.org\" \/>\n<meta property=\"og:description\" content=\"D\u00e9couvrez comment le risque de maladies cardiovasculaires diff\u00e8re chez les femmes et les hommes.\" \/>\n<meta property=\"og:url\" content=\"https:\/\/www.healthy-heart.org\/fr\/gardez-votre-coeur-en-bonne-sante\/differences-entre-les-hommes-et-les-femmes\/\" \/>\n<meta property=\"og:site_name\" content=\"Healthy-Heart.org\" \/>\n<meta property=\"article:modified_time\" content=\"2024-12-24T11:42:27+00:00\" \/>\n<meta property=\"og:image\" content=\"https:\/\/www.healthy-heart.org\/wp-content\/uploads\/2019\/07\/iStock-1060172678-2-1024x683.jpg\" \/>\n\t<meta property=\"og:image:width\" content=\"1024\" \/>\n\t<meta property=\"og:image:height\" content=\"683\" \/>\n\t<meta property=\"og:image:type\" content=\"image\/jpeg\" \/>\n<meta name=\"twitter:card\" content=\"summary_large_image\" \/>\n<meta name=\"twitter:label1\" content=\"Dur\u00e9e de lecture estim\u00e9e\" \/>\n\t<meta name=\"twitter:data1\" content=\"2 minutes\" \/>\n<script type=\"application\/ld+json\" class=\"yoast-schema-graph\">{\"@context\":\"https:\/\/schema.org\",\"@graph\":[{\"@type\":\"WebPage\",\"@id\":\"https:\/\/www.healthy-heart.org\/fr\/gardez-votre-coeur-en-bonne-sante\/differences-entre-les-hommes-et-les-femmes\/\",\"url\":\"https:\/\/www.healthy-heart.org\/fr\/gardez-votre-coeur-en-bonne-sante\/differences-entre-les-hommes-et-les-femmes\/\",\"name\":\"Diff\u00e9rences entre les hommes et les femmes\u00a0- Healthy-Heart.org\",\"isPartOf\":{\"@id\":\"https:\/\/www.healthy-heart.org\/es\/#website\"},\"primaryImageOfPage\":{\"@id\":\"https:\/\/www.healthy-heart.org\/fr\/gardez-votre-coeur-en-bonne-sante\/differences-entre-les-hommes-et-les-femmes\/#primaryimage\"},\"image\":{\"@id\":\"https:\/\/www.healthy-heart.org\/fr\/gardez-votre-coeur-en-bonne-sante\/differences-entre-les-hommes-et-les-femmes\/#primaryimage\"},\"thumbnailUrl\":\"https:\/\/www.healthy-heart.org\/wp-content\/uploads\/2019\/07\/iStock-1060172678-2.jpg\",\"datePublished\":\"2019-10-07T16:52:08+00:00\",\"dateModified\":\"2024-12-24T11:42:27+00:00\",\"description\":\"D\u00e9couvrez comment le risque de maladies cardiovasculaires diff\u00e8re chez les femmes et les hommes.\",\"breadcrumb\":{\"@id\":\"https:\/\/www.healthy-heart.org\/fr\/gardez-votre-coeur-en-bonne-sante\/differences-entre-les-hommes-et-les-femmes\/#breadcrumb\"},\"inLanguage\":\"fr-FR\",\"potentialAction\":[{\"@type\":\"ReadAction\",\"target\":[\"https:\/\/www.healthy-heart.org\/fr\/gardez-votre-coeur-en-bonne-sante\/differences-entre-les-hommes-et-les-femmes\/\"]}]},{\"@type\":\"ImageObject\",\"inLanguage\":\"fr-FR\",\"@id\":\"https:\/\/www.healthy-heart.org\/fr\/gardez-votre-coeur-en-bonne-sante\/differences-entre-les-hommes-et-les-femmes\/#primaryimage\",\"url\":\"https:\/\/www.healthy-heart.org\/wp-content\/uploads\/2019\/07\/iStock-1060172678-2.jpg\",\"contentUrl\":\"https:\/\/www.healthy-heart.org\/wp-content\/uploads\/2019\/07\/iStock-1060172678-2.jpg\",\"width\":6000,\"height\":4000,\"caption\":\"Gender equality concept as woman hands holding a white paper sheet with male and female symbol over a crowded city street background. Sex sign as a metaphor of social issue.\"},{\"@type\":\"BreadcrumbList\",\"@id\":\"https:\/\/www.healthy-heart.org\/fr\/gardez-votre-coeur-en-bonne-sante\/differences-entre-les-hommes-et-les-femmes\/#breadcrumb\",\"itemListElement\":[{\"@type\":\"ListItem\",\"position\":1,\"name\":\"Home\",\"item\":\"https:\/\/www.healthy-heart.org\/fr\/\"},{\"@type\":\"ListItem\",\"position\":2,\"name\":\"Gardez votre c\u0153ur en bonne sant\u00e9\",\"item\":\"https:\/\/www.healthy-heart.org\/fr\/gardez-votre-coeur-en-bonne-sante\/\"},{\"@type\":\"ListItem\",\"position\":3,\"name\":\"Les maladies cardiovasculaires chez les femmes\"}]},{\"@type\":\"WebSite\",\"@id\":\"https:\/\/www.healthy-heart.org\/es\/#website\",\"url\":\"https:\/\/www.healthy-heart.org\/es\/\",\"name\":\"Healthy-Heart.org\",\"description\":\"Practical advice for patients and family care givers on the prevention of cardiovascular disease\",\"potentialAction\":[{\"@type\":\"SearchAction\",\"target\":{\"@type\":\"EntryPoint\",\"urlTemplate\":\"https:\/\/www.healthy-heart.org\/es\/?s={search_term_string}\"},\"query-input\":{\"@type\":\"PropertyValueSpecification\",\"valueRequired\":true,\"valueName\":\"search_term_string\"}}],\"inLanguage\":\"fr-FR\"}]}<\/script>\n<!-- \/ Yoast SEO plugin. -->","yoast_head_json":{"title":"Diff\u00e9rences entre les hommes et les femmes\u00a0- Healthy-Heart.org","description":"D\u00e9couvrez comment le risque de maladies cardiovasculaires diff\u00e8re chez les femmes et les hommes.","robots":{"index":"index","follow":"follow","max-snippet":"max-snippet:-1","max-image-preview":"max-image-preview:large","max-video-preview":"max-video-preview:-1"},"canonical":"https:\/\/www.healthy-heart.org\/fr\/gardez-votre-coeur-en-bonne-sante\/differences-entre-les-hommes-et-les-femmes\/","og_locale":"fr_FR","og_type":"article","og_title":"Diff\u00e9rences entre les hommes et les femmes\u00a0- Healthy-Heart.org","og_description":"D\u00e9couvrez comment le risque de maladies cardiovasculaires diff\u00e8re chez les femmes et les hommes.","og_url":"https:\/\/www.healthy-heart.org\/fr\/gardez-votre-coeur-en-bonne-sante\/differences-entre-les-hommes-et-les-femmes\/","og_site_name":"Healthy-Heart.org","article_modified_time":"2024-12-24T11:42:27+00:00","og_image":[{"width":1024,"height":683,"url":"https:\/\/www.healthy-heart.org\/wp-content\/uploads\/2019\/07\/iStock-1060172678-2-1024x683.jpg","type":"image\/jpeg"}],"twitter_card":"summary_large_image","twitter_misc":{"Dur\u00e9e de lecture estim\u00e9e":"2 minutes"},"schema":{"@context":"https:\/\/schema.org","@graph":[{"@type":"WebPage","@id":"https:\/\/www.healthy-heart.org\/fr\/gardez-votre-coeur-en-bonne-sante\/differences-entre-les-hommes-et-les-femmes\/","url":"https:\/\/www.healthy-heart.org\/fr\/gardez-votre-coeur-en-bonne-sante\/differences-entre-les-hommes-et-les-femmes\/","name":"Diff\u00e9rences entre les hommes et les femmes\u00a0- Healthy-Heart.org","isPartOf":{"@id":"https:\/\/www.healthy-heart.org\/es\/#website"},"primaryImageOfPage":{"@id":"https:\/\/www.healthy-heart.org\/fr\/gardez-votre-coeur-en-bonne-sante\/differences-entre-les-hommes-et-les-femmes\/#primaryimage"},"image":{"@id":"https:\/\/www.healthy-heart.org\/fr\/gardez-votre-coeur-en-bonne-sante\/differences-entre-les-hommes-et-les-femmes\/#primaryimage"},"thumbnailUrl":"https:\/\/www.healthy-heart.org\/wp-content\/uploads\/2019\/07\/iStock-1060172678-2.jpg","datePublished":"2019-10-07T16:52:08+00:00","dateModified":"2024-12-24T11:42:27+00:00","description":"D\u00e9couvrez comment le risque de maladies cardiovasculaires diff\u00e8re chez les femmes et les hommes.","breadcrumb":{"@id":"https:\/\/www.healthy-heart.org\/fr\/gardez-votre-coeur-en-bonne-sante\/differences-entre-les-hommes-et-les-femmes\/#breadcrumb"},"inLanguage":"fr-FR","potentialAction":[{"@type":"ReadAction","target":["https:\/\/www.healthy-heart.org\/fr\/gardez-votre-coeur-en-bonne-sante\/differences-entre-les-hommes-et-les-femmes\/"]}]},{"@type":"ImageObject","inLanguage":"fr-FR","@id":"https:\/\/www.healthy-heart.org\/fr\/gardez-votre-coeur-en-bonne-sante\/differences-entre-les-hommes-et-les-femmes\/#primaryimage","url":"https:\/\/www.healthy-heart.org\/wp-content\/uploads\/2019\/07\/iStock-1060172678-2.jpg","contentUrl":"https:\/\/www.healthy-heart.org\/wp-content\/uploads\/2019\/07\/iStock-1060172678-2.jpg","width":6000,"height":4000,"caption":"Gender equality concept as woman hands holding a white paper sheet with male and female symbol over a crowded city street background. Sex sign as a metaphor of social issue."},{"@type":"BreadcrumbList","@id":"https:\/\/www.healthy-heart.org\/fr\/gardez-votre-coeur-en-bonne-sante\/differences-entre-les-hommes-et-les-femmes\/#breadcrumb","itemListElement":[{"@type":"ListItem","position":1,"name":"Home","item":"https:\/\/www.healthy-heart.org\/fr\/"},{"@type":"ListItem","position":2,"name":"Gardez votre c\u0153ur en bonne sant\u00e9","item":"https:\/\/www.healthy-heart.org\/fr\/gardez-votre-coeur-en-bonne-sante\/"},{"@type":"ListItem","position":3,"name":"Les maladies cardiovasculaires chez les femmes"}]},{"@type":"WebSite","@id":"https:\/\/www.healthy-heart.org\/es\/#website","url":"https:\/\/www.healthy-heart.org\/es\/","name":"Healthy-Heart.org","description":"Practical advice for patients and family care givers on the prevention of cardiovascular disease","potentialAction":[{"@type":"SearchAction","target":{"@type":"EntryPoint","urlTemplate":"https:\/\/www.healthy-heart.org\/es\/?s={search_term_string}"},"query-input":{"@type":"PropertyValueSpecification","valueRequired":true,"valueName":"search_term_string"}}],"inLanguage":"fr-FR"}]}},"_links":{"self":[{"href":"https:\/\/www.healthy-heart.org\/fr\/wp-json\/wp\/v2\/pages\/1719","targetHints":{"allow":["GET"]}}],"collection":[{"href":"https:\/\/www.healthy-heart.org\/fr\/wp-json\/wp\/v2\/pages"}],"about":[{"href":"https:\/\/www.healthy-heart.org\/fr\/wp-json\/wp\/v2\/types\/page"}],"author":[{"embeddable":true,"href":"https:\/\/www.healthy-heart.org\/fr\/wp-json\/wp\/v2\/users\/1"}],"replies":[{"embeddable":true,"href":"https:\/\/www.healthy-heart.org\/fr\/wp-json\/wp\/v2\/comments?post=1719"}],"version-history":[{"count":10,"href":"https:\/\/www.healthy-heart.org\/fr\/wp-json\/wp\/v2\/pages\/1719\/revisions"}],"predecessor-version":[{"id":7512,"href":"https:\/\/www.healthy-heart.org\/fr\/wp-json\/wp\/v2\/pages\/1719\/revisions\/7512"}],"up":[{"embeddable":true,"href":"https:\/\/www.healthy-heart.org\/fr\/wp-json\/wp\/v2\/pages\/1679"}],"wp:featuredmedia":[{"embeddable":true,"href":"https:\/\/www.healthy-heart.org\/fr\/wp-json\/wp\/v2\/media\/654"}],"wp:attachment":[{"href":"https:\/\/www.healthy-heart.org\/fr\/wp-json\/wp\/v2\/media?parent=1719"}],"wp:term":[{"taxonomy":"category","embeddable":true,"href":"https:\/\/www.healthy-heart.org\/fr\/wp-json\/wp\/v2\/categories?post=1719"},{"taxonomy":"post_tag","embeddable":true,"href":"https:\/\/www.healthy-heart.org\/fr\/wp-json\/wp\/v2\/tags?post=1719"}],"curies":[{"name":"wp","href":"https:\/\/api.w.org\/{rel}","templated":true}]}}