{"id":1714,"date":"2019-10-07T17:51:58","date_gmt":"2019-10-07T16:51:58","guid":{"rendered":"https:\/\/www.healthy-heart.org\/gardez-votre-coeur-en-bonne-sante\/antecedents-familiaux-de-maladie-du-coeur\/"},"modified":"2020-05-12T15:09:07","modified_gmt":"2020-05-12T14:09:07","slug":"antecedents-familiaux-de-maladie-du-coeur","status":"publish","type":"page","link":"https:\/\/www.healthy-heart.org\/fr\/gardez-votre-coeur-en-bonne-sante\/antecedents-familiaux-de-maladie-du-coeur\/","title":{"rendered":"Ant\u00e9c\u00e9dents familiaux de maladie du c\u0153ur"},"content":{"rendered":"<p><img loading=\"lazy\" decoding=\"async\" class=\"size-medium wp-image-634 alignright\" src=\"https:\/\/cdn-endpoint-prev.azureedge.net\/healthy-heart\/2019\/07\/iStock-117150029-3-350x290.jpg\" alt=\"\" width=\"350\" height=\"290\" srcset=\"https:\/\/www.healthy-heart.org\/wp-content\/uploads\/2019\/07\/iStock-117150029-3-350x290.jpg 350w, https:\/\/www.healthy-heart.org\/wp-content\/uploads\/2019\/07\/iStock-117150029-3-200x166.jpg 200w, https:\/\/www.healthy-heart.org\/wp-content\/uploads\/2019\/07\/iStock-117150029-3-768x637.jpg 768w, https:\/\/www.healthy-heart.org\/wp-content\/uploads\/2019\/07\/iStock-117150029-3-1024x849.jpg 1024w, https:\/\/www.healthy-heart.org\/wp-content\/uploads\/2019\/07\/iStock-117150029-3-529x439.jpg 529w, https:\/\/www.healthy-heart.org\/wp-content\/uploads\/2019\/07\/iStock-117150029-3-560x464.jpg 560w\" sizes=\"auto, (max-width: 350px) 100vw, 350px\" \/><br \/>\nLa plupart des facteurs de risque des maladies cardiovasculaires li\u00e9s au mode de vie sont bien connus. En revanche, il est moins connu que le fait d&rsquo;avoir un membre de votre famille qui a d\u00e9velopp\u00e9 une maladie cardiovasculaire \u00e0 un jeune \u00e2ge augmente \u00e9galement votre risque.<\/p>\n<p>Vous avez des ant\u00e9c\u00e9dents familiaux de maladie cardiovasculaire si votre p\u00e8re ou votre fr\u00e8re a \u00e9t\u00e9 diagnostiqu\u00e9 avant l&rsquo;\u00e2ge de 55 ans ou si votre s\u0153ur ou votre m\u00e8re a \u00e9t\u00e9 diagnostiqu\u00e9e avant l&rsquo;\u00e2ge de 65 ans.<br \/>\nPourquoi les ant\u00e9c\u00e9dents familiaux augmentent-ils le <a href=\"https:\/\/www.healthy-heart.org\/fr\/gardez-votre-coeur-en-bonne-sante\/prediction-et-gestion-du-risque-de-maladie-cardiaque\/\">risque cardiovasculaire<\/a>\u00a0? Parce que les habitudes de vie sont souvent similaires entre les membres d&rsquo;une m\u00eame famille. En outre, les g\u00e8nes sont transmis des parents aux enfants et peuvent parfois \u00eatre \u00e0 l&rsquo;origine de probl\u00e8mes tels que l&rsquo;hypertension art\u00e9rielle ou l&rsquo;hypercholest\u00e9rol\u00e9mie. L&rsquo;hypercholest\u00e9rol\u00e9mie familiale est une maladie h\u00e9r\u00e9ditaire qui peut entra\u00eener des taux de <a href=\"https:\/\/www.healthy-heart.org\/fr\/gardez-votre-coeur-en-bonne-sante\/le-cholesterol\/\">cholest\u00e9rol<\/a> extr\u00eamement \u00e9lev\u00e9s et des maladies cardiaques \u00e0 un tr\u00e8s jeune \u00e2ge si elle n&rsquo;est pas trait\u00e9e. Un <a href=\"https:\/\/www.healthy-heart.org\/fr\/vivre-avec-une-cardiopathie\/types-de-medicament\/\">traitement<\/a> et un <a href=\"https:\/\/www.healthy-heart.org\/fr\/votre-coeur\/encourager-un-mode-de-vie-sain\/\">mode de vie sain peuvent<\/a> r\u00e9duire le risque de maladie cardiaque.<\/p>\n<p>\u00c9tant donn\u00e9 qu&rsquo;aucun g\u00e8ne \u00e0 lui seul n&rsquo;augmente le risque cardiovasculaire, l&rsquo;analyse g\u00e9n\u00e9tique ne fournit pas de r\u00e9ponse d\u00e9finitive pour savoir si vous allez d\u00e9velopper une maladie cardiovasculaire ou non.<\/p>\n<p>Vous ne pouvez pas changer vos ant\u00e9c\u00e9dents familiaux, mais il est bon de les conna\u00eetre. Si vous avez des ant\u00e9c\u00e9dents familiaux de maladie cardiovasculaire, il est particuli\u00e8rement important de prendre des <a href=\"https:\/\/www.healthy-heart.org\/keep-your-heart-healthy\/take-control-of-your-lifestyle\/\">mesures pr\u00e9ventives<\/a> pr\u00e9coces. Il s&rsquo;agit notamment d&rsquo;\u00eatre physiquement actif, de manger sainement, de faire contr\u00f4ler votre cholest\u00e9rol et votre pression art\u00e9rielle, d&rsquo;arr\u00eater de fumer et de contr\u00f4ler votre poids.<\/p>\n<p>Un changement de comportement peut r\u00e9duire votre risque cardiovasculaire futur m\u00eame si vous avez des ant\u00e9c\u00e9dents familiaux.<\/p>\n<p>Comment conna\u00eetre vos ant\u00e9c\u00e9dents familiaux\u00a0? Parlez-en \u00e0 vos parents et lors de r\u00e9unions de famille\u00a0!<\/p>\n","protected":false},"excerpt":{"rendered":"<p>La plupart des facteurs de risque des maladies cardiovasculaires li\u00e9s au mode de vie sont bien connus. En revanche, il est moins connu que le fait d&rsquo;avoir un membre de votre famille qui a d\u00e9velopp\u00e9 une maladie cardiovasculaire \u00e0 un jeune \u00e2ge augmente \u00e9galement votre risque. Vous avez des ant\u00e9c\u00e9dents familiaux de maladie cardiovasculaire si [&hellip;]<\/p>\n","protected":false},"author":1,"featured_media":634,"parent":1679,"menu_order":9,"comment_status":"closed","ping_status":"closed","template":"","meta":{"_acf_changed":false,"footnotes":""},"categories":[55],"tags":[],"class_list":["post-1714","page","type-page","status-publish","has-post-thumbnail","hentry","category-gardez-votre-coeur-en-bonne-sante"],"acf":[],"yoast_head":"<!-- This site is optimized with the Yoast SEO plugin v24.0 - https:\/\/yoast.com\/wordpress\/plugins\/seo\/ -->\n<title>Ant\u00e9c\u00e9dents familiaux de cardiopathie\u00a0- Healthy-Heart.org<\/title>\n<meta name=\"description\" content=\"Apprenez \u00e0 r\u00e9duire le risque de maladies cardiaques gr\u00e2ce \u00e0 un mode de vie sain, m\u00eame si vous avez des ant\u00e9c\u00e9dents familiaux.\" \/>\n<meta name=\"robots\" content=\"index, follow, max-snippet:-1, max-image-preview:large, max-video-preview:-1\" \/>\n<link rel=\"canonical\" href=\"https:\/\/www.healthy-heart.org\/fr\/gardez-votre-coeur-en-bonne-sante\/antecedents-familiaux-de-maladie-du-coeur\/\" \/>\n<meta property=\"og:locale\" content=\"fr_FR\" \/>\n<meta property=\"og:type\" content=\"article\" \/>\n<meta property=\"og:title\" content=\"Ant\u00e9c\u00e9dents familiaux de cardiopathie\u00a0- Healthy-Heart.org\" \/>\n<meta property=\"og:description\" content=\"Apprenez \u00e0 r\u00e9duire le risque de maladies cardiaques gr\u00e2ce \u00e0 un mode de vie sain, m\u00eame si vous avez des ant\u00e9c\u00e9dents familiaux.\" \/>\n<meta property=\"og:url\" content=\"https:\/\/www.healthy-heart.org\/fr\/gardez-votre-coeur-en-bonne-sante\/antecedents-familiaux-de-maladie-du-coeur\/\" \/>\n<meta property=\"og:site_name\" content=\"Healthy-Heart.org\" \/>\n<meta property=\"article:modified_time\" content=\"2020-05-12T14:09:07+00:00\" \/>\n<meta property=\"og:image\" content=\"https:\/\/www.healthy-heart.org\/wp-content\/uploads\/2019\/07\/iStock-117150029-3-1024x849.jpg\" \/>\n\t<meta property=\"og:image:width\" content=\"1024\" \/>\n\t<meta property=\"og:image:height\" content=\"849\" \/>\n\t<meta property=\"og:image:type\" content=\"image\/jpeg\" \/>\n<meta name=\"twitter:card\" content=\"summary_large_image\" \/>\n<meta name=\"twitter:label1\" content=\"Dur\u00e9e de lecture estim\u00e9e\" \/>\n\t<meta name=\"twitter:data1\" content=\"2 minutes\" \/>\n<script type=\"application\/ld+json\" class=\"yoast-schema-graph\">{\"@context\":\"https:\/\/schema.org\",\"@graph\":[{\"@type\":\"WebPage\",\"@id\":\"https:\/\/www.healthy-heart.org\/fr\/gardez-votre-coeur-en-bonne-sante\/antecedents-familiaux-de-maladie-du-coeur\/\",\"url\":\"https:\/\/www.healthy-heart.org\/fr\/gardez-votre-coeur-en-bonne-sante\/antecedents-familiaux-de-maladie-du-coeur\/\",\"name\":\"Ant\u00e9c\u00e9dents familiaux de cardiopathie\u00a0- Healthy-Heart.org\",\"isPartOf\":{\"@id\":\"https:\/\/www.healthy-heart.org\/es\/#website\"},\"primaryImageOfPage\":{\"@id\":\"https:\/\/www.healthy-heart.org\/fr\/gardez-votre-coeur-en-bonne-sante\/antecedents-familiaux-de-maladie-du-coeur\/#primaryimage\"},\"image\":{\"@id\":\"https:\/\/www.healthy-heart.org\/fr\/gardez-votre-coeur-en-bonne-sante\/antecedents-familiaux-de-maladie-du-coeur\/#primaryimage\"},\"thumbnailUrl\":\"https:\/\/www.healthy-heart.org\/wp-content\/uploads\/2019\/07\/iStock-117150029-3.jpg\",\"datePublished\":\"2019-10-07T16:51:58+00:00\",\"dateModified\":\"2020-05-12T14:09:07+00:00\",\"description\":\"Apprenez \u00e0 r\u00e9duire le risque de maladies cardiaques gr\u00e2ce \u00e0 un mode de vie sain, m\u00eame si vous avez des ant\u00e9c\u00e9dents familiaux.\",\"breadcrumb\":{\"@id\":\"https:\/\/www.healthy-heart.org\/fr\/gardez-votre-coeur-en-bonne-sante\/antecedents-familiaux-de-maladie-du-coeur\/#breadcrumb\"},\"inLanguage\":\"fr-FR\",\"potentialAction\":[{\"@type\":\"ReadAction\",\"target\":[\"https:\/\/www.healthy-heart.org\/fr\/gardez-votre-coeur-en-bonne-sante\/antecedents-familiaux-de-maladie-du-coeur\/\"]}]},{\"@type\":\"ImageObject\",\"inLanguage\":\"fr-FR\",\"@id\":\"https:\/\/www.healthy-heart.org\/fr\/gardez-votre-coeur-en-bonne-sante\/antecedents-familiaux-de-maladie-du-coeur\/#primaryimage\",\"url\":\"https:\/\/www.healthy-heart.org\/wp-content\/uploads\/2019\/07\/iStock-117150029-3.jpg\",\"contentUrl\":\"https:\/\/www.healthy-heart.org\/wp-content\/uploads\/2019\/07\/iStock-117150029-3.jpg\",\"width\":3766,\"height\":3123,\"caption\":\"Great-grandmother shows old photos (these are pictures of her and her grandmather) to her great-granddaughter.\"},{\"@type\":\"BreadcrumbList\",\"@id\":\"https:\/\/www.healthy-heart.org\/fr\/gardez-votre-coeur-en-bonne-sante\/antecedents-familiaux-de-maladie-du-coeur\/#breadcrumb\",\"itemListElement\":[{\"@type\":\"ListItem\",\"position\":1,\"name\":\"Home\",\"item\":\"https:\/\/www.healthy-heart.org\/fr\/\"},{\"@type\":\"ListItem\",\"position\":2,\"name\":\"Gardez votre c\u0153ur en bonne sant\u00e9\",\"item\":\"https:\/\/www.healthy-heart.org\/fr\/gardez-votre-coeur-en-bonne-sante\/\"},{\"@type\":\"ListItem\",\"position\":3,\"name\":\"Ant\u00e9c\u00e9dents familiaux de maladie du c\u0153ur\"}]},{\"@type\":\"WebSite\",\"@id\":\"https:\/\/www.healthy-heart.org\/es\/#website\",\"url\":\"https:\/\/www.healthy-heart.org\/es\/\",\"name\":\"Healthy-Heart.org\",\"description\":\"Practical advice for patients and family care givers on the prevention of cardiovascular disease\",\"potentialAction\":[{\"@type\":\"SearchAction\",\"target\":{\"@type\":\"EntryPoint\",\"urlTemplate\":\"https:\/\/www.healthy-heart.org\/es\/?s={search_term_string}\"},\"query-input\":{\"@type\":\"PropertyValueSpecification\",\"valueRequired\":true,\"valueName\":\"search_term_string\"}}],\"inLanguage\":\"fr-FR\"}]}<\/script>\n<!-- \/ Yoast SEO plugin. -->","yoast_head_json":{"title":"Ant\u00e9c\u00e9dents familiaux de cardiopathie\u00a0- Healthy-Heart.org","description":"Apprenez \u00e0 r\u00e9duire le risque de maladies cardiaques gr\u00e2ce \u00e0 un mode de vie sain, m\u00eame si vous avez des ant\u00e9c\u00e9dents familiaux.","robots":{"index":"index","follow":"follow","max-snippet":"max-snippet:-1","max-image-preview":"max-image-preview:large","max-video-preview":"max-video-preview:-1"},"canonical":"https:\/\/www.healthy-heart.org\/fr\/gardez-votre-coeur-en-bonne-sante\/antecedents-familiaux-de-maladie-du-coeur\/","og_locale":"fr_FR","og_type":"article","og_title":"Ant\u00e9c\u00e9dents familiaux de cardiopathie\u00a0- Healthy-Heart.org","og_description":"Apprenez \u00e0 r\u00e9duire le risque de maladies cardiaques gr\u00e2ce \u00e0 un mode de vie sain, m\u00eame si vous avez des ant\u00e9c\u00e9dents familiaux.","og_url":"https:\/\/www.healthy-heart.org\/fr\/gardez-votre-coeur-en-bonne-sante\/antecedents-familiaux-de-maladie-du-coeur\/","og_site_name":"Healthy-Heart.org","article_modified_time":"2020-05-12T14:09:07+00:00","og_image":[{"width":1024,"height":849,"url":"https:\/\/www.healthy-heart.org\/wp-content\/uploads\/2019\/07\/iStock-117150029-3-1024x849.jpg","type":"image\/jpeg"}],"twitter_card":"summary_large_image","twitter_misc":{"Dur\u00e9e de lecture estim\u00e9e":"2 minutes"},"schema":{"@context":"https:\/\/schema.org","@graph":[{"@type":"WebPage","@id":"https:\/\/www.healthy-heart.org\/fr\/gardez-votre-coeur-en-bonne-sante\/antecedents-familiaux-de-maladie-du-coeur\/","url":"https:\/\/www.healthy-heart.org\/fr\/gardez-votre-coeur-en-bonne-sante\/antecedents-familiaux-de-maladie-du-coeur\/","name":"Ant\u00e9c\u00e9dents familiaux de cardiopathie\u00a0- Healthy-Heart.org","isPartOf":{"@id":"https:\/\/www.healthy-heart.org\/es\/#website"},"primaryImageOfPage":{"@id":"https:\/\/www.healthy-heart.org\/fr\/gardez-votre-coeur-en-bonne-sante\/antecedents-familiaux-de-maladie-du-coeur\/#primaryimage"},"image":{"@id":"https:\/\/www.healthy-heart.org\/fr\/gardez-votre-coeur-en-bonne-sante\/antecedents-familiaux-de-maladie-du-coeur\/#primaryimage"},"thumbnailUrl":"https:\/\/www.healthy-heart.org\/wp-content\/uploads\/2019\/07\/iStock-117150029-3.jpg","datePublished":"2019-10-07T16:51:58+00:00","dateModified":"2020-05-12T14:09:07+00:00","description":"Apprenez \u00e0 r\u00e9duire le risque de maladies cardiaques gr\u00e2ce \u00e0 un mode de vie sain, m\u00eame si vous avez des ant\u00e9c\u00e9dents familiaux.","breadcrumb":{"@id":"https:\/\/www.healthy-heart.org\/fr\/gardez-votre-coeur-en-bonne-sante\/antecedents-familiaux-de-maladie-du-coeur\/#breadcrumb"},"inLanguage":"fr-FR","potentialAction":[{"@type":"ReadAction","target":["https:\/\/www.healthy-heart.org\/fr\/gardez-votre-coeur-en-bonne-sante\/antecedents-familiaux-de-maladie-du-coeur\/"]}]},{"@type":"ImageObject","inLanguage":"fr-FR","@id":"https:\/\/www.healthy-heart.org\/fr\/gardez-votre-coeur-en-bonne-sante\/antecedents-familiaux-de-maladie-du-coeur\/#primaryimage","url":"https:\/\/www.healthy-heart.org\/wp-content\/uploads\/2019\/07\/iStock-117150029-3.jpg","contentUrl":"https:\/\/www.healthy-heart.org\/wp-content\/uploads\/2019\/07\/iStock-117150029-3.jpg","width":3766,"height":3123,"caption":"Great-grandmother shows old photos (these are pictures of her and her grandmather) to her great-granddaughter."},{"@type":"BreadcrumbList","@id":"https:\/\/www.healthy-heart.org\/fr\/gardez-votre-coeur-en-bonne-sante\/antecedents-familiaux-de-maladie-du-coeur\/#breadcrumb","itemListElement":[{"@type":"ListItem","position":1,"name":"Home","item":"https:\/\/www.healthy-heart.org\/fr\/"},{"@type":"ListItem","position":2,"name":"Gardez votre c\u0153ur en bonne sant\u00e9","item":"https:\/\/www.healthy-heart.org\/fr\/gardez-votre-coeur-en-bonne-sante\/"},{"@type":"ListItem","position":3,"name":"Ant\u00e9c\u00e9dents familiaux de maladie du c\u0153ur"}]},{"@type":"WebSite","@id":"https:\/\/www.healthy-heart.org\/es\/#website","url":"https:\/\/www.healthy-heart.org\/es\/","name":"Healthy-Heart.org","description":"Practical advice for patients and family care givers on the prevention of cardiovascular disease","potentialAction":[{"@type":"SearchAction","target":{"@type":"EntryPoint","urlTemplate":"https:\/\/www.healthy-heart.org\/es\/?s={search_term_string}"},"query-input":{"@type":"PropertyValueSpecification","valueRequired":true,"valueName":"search_term_string"}}],"inLanguage":"fr-FR"}]}},"_links":{"self":[{"href":"https:\/\/www.healthy-heart.org\/fr\/wp-json\/wp\/v2\/pages\/1714","targetHints":{"allow":["GET"]}}],"collection":[{"href":"https:\/\/www.healthy-heart.org\/fr\/wp-json\/wp\/v2\/pages"}],"about":[{"href":"https:\/\/www.healthy-heart.org\/fr\/wp-json\/wp\/v2\/types\/page"}],"author":[{"embeddable":true,"href":"https:\/\/www.healthy-heart.org\/fr\/wp-json\/wp\/v2\/users\/1"}],"replies":[{"embeddable":true,"href":"https:\/\/www.healthy-heart.org\/fr\/wp-json\/wp\/v2\/comments?post=1714"}],"version-history":[{"count":5,"href":"https:\/\/www.healthy-heart.org\/fr\/wp-json\/wp\/v2\/pages\/1714\/revisions"}],"predecessor-version":[{"id":4540,"href":"https:\/\/www.healthy-heart.org\/fr\/wp-json\/wp\/v2\/pages\/1714\/revisions\/4540"}],"up":[{"embeddable":true,"href":"https:\/\/www.healthy-heart.org\/fr\/wp-json\/wp\/v2\/pages\/1679"}],"wp:featuredmedia":[{"embeddable":true,"href":"https:\/\/www.healthy-heart.org\/fr\/wp-json\/wp\/v2\/media\/634"}],"wp:attachment":[{"href":"https:\/\/www.healthy-heart.org\/fr\/wp-json\/wp\/v2\/media?parent=1714"}],"wp:term":[{"taxonomy":"category","embeddable":true,"href":"https:\/\/www.healthy-heart.org\/fr\/wp-json\/wp\/v2\/categories?post=1714"},{"taxonomy":"post_tag","embeddable":true,"href":"https:\/\/www.healthy-heart.org\/fr\/wp-json\/wp\/v2\/tags?post=1714"}],"curies":[{"name":"wp","href":"https:\/\/api.w.org\/{rel}","templated":true}]}}