{"id":1704,"date":"2019-10-07T17:51:24","date_gmt":"2019-10-07T16:51:24","guid":{"rendered":"https:\/\/www.healthy-heart.org\/gardez-votre-coeur-en-bonne-sante\/prediction-et-gestion-du-risque-de-maladie-cardiaque\/"},"modified":"2024-12-10T12:36:18","modified_gmt":"2024-12-10T12:36:18","slug":"prediction-et-gestion-du-risque-de-maladie-cardiaque","status":"publish","type":"page","link":"https:\/\/www.healthy-heart.org\/fr\/gardez-votre-coeur-en-bonne-sante\/prediction-et-gestion-du-risque-de-maladie-cardiaque\/","title":{"rendered":"Pr\u00e9diction et gestion du risque de maladie cardiaque"},"content":{"rendered":"<p><a href=\"\/wp-content\/uploads\/2019\/07\/score-charts.pdf\" target=\"blank\" rel=\"noopener noreferrer\"><img loading=\"lazy\" decoding=\"async\" class=\"size-medium wp-image-663 alignright\" src=\"https:\/\/cdn-endpoint-prev.azureedge.net\/healthy-heart\/2019\/07\/EAPC-Scores-Poster-2018-high-1-235x350.jpg\" alt=\"\" width=\"235\" height=\"350\" srcset=\"https:\/\/www.healthy-heart.org\/wp-content\/uploads\/2019\/07\/EAPC-Scores-Poster-2018-high-1-235x350.jpg 235w, https:\/\/cdn-endpoint-prev.azureedge.net\/healthy-heart\/2019\/07\/EAPC-Scores-Poster-2018-high-1-768x1145.jpg 768w, https:\/\/www.healthy-heart.org\/wp-content\/uploads\/2019\/07\/EAPC-Scores-Poster-2018-high-1-134x200.jpg 134w, https:\/\/www.healthy-heart.org\/wp-content\/uploads\/2019\/07\/EAPC-Scores-Poster-2018-high-1-687x1024.jpg 687w, https:\/\/www.healthy-heart.org\/wp-content\/uploads\/2019\/07\/EAPC-Scores-Poster-2018-high-1-1031x1536.jpg 1031w, https:\/\/www.healthy-heart.org\/wp-content\/uploads\/2019\/07\/EAPC-Scores-Poster-2018-high-1-1374x2048.jpg 1374w, https:\/\/www.healthy-heart.org\/wp-content\/uploads\/2019\/07\/EAPC-Scores-Poster-2018-high-1-295x439.jpg 295w, https:\/\/www.healthy-heart.org\/wp-content\/uploads\/2019\/07\/EAPC-Scores-Poster-2018-high-1-311x464.jpg 311w, https:\/\/cdn-endpoint-prev.azureedge.net\/healthy-heart\/2019\/07\/EAPC-Scores-Poster-2018-high-1-scaled.jpg 1718w\" sizes=\"auto, (max-width: 235px) 100vw, 235px\" \/><\/a><a href=\"\/wp-content\/uploads\/2019\/07\/score-charts.pdf\" target=\"blank\" rel=\"noopener noreferrer\"><img loading=\"lazy\" decoding=\"async\" class=\"alignright wp-image-672 size-medium\" src=\"https:\/\/cdn-endpoint-prev.azureedge.net\/healthy-heart\/2019\/07\/EAPC-Scores-Poster-2018-low-1-235x350.jpg\" alt=\"\" width=\"235\" height=\"350\" srcset=\"https:\/\/www.healthy-heart.org\/wp-content\/uploads\/2019\/07\/EAPC-Scores-Poster-2018-low-1-235x350.jpg 235w, https:\/\/cdn-endpoint-prev.azureedge.net\/healthy-heart\/2019\/07\/EAPC-Scores-Poster-2018-low-1-768x1145.jpg 768w, https:\/\/www.healthy-heart.org\/wp-content\/uploads\/2019\/07\/EAPC-Scores-Poster-2018-low-1-134x200.jpg 134w, https:\/\/www.healthy-heart.org\/wp-content\/uploads\/2019\/07\/EAPC-Scores-Poster-2018-low-1-687x1024.jpg 687w, https:\/\/www.healthy-heart.org\/wp-content\/uploads\/2019\/07\/EAPC-Scores-Poster-2018-low-1-1031x1536.jpg 1031w, https:\/\/www.healthy-heart.org\/wp-content\/uploads\/2019\/07\/EAPC-Scores-Poster-2018-low-1-1374x2048.jpg 1374w, https:\/\/www.healthy-heart.org\/wp-content\/uploads\/2019\/07\/EAPC-Scores-Poster-2018-low-1-295x439.jpg 295w, https:\/\/www.healthy-heart.org\/wp-content\/uploads\/2019\/07\/EAPC-Scores-Poster-2018-low-1-311x464.jpg 311w, https:\/\/cdn-endpoint-prev.azureedge.net\/healthy-heart\/2019\/07\/EAPC-Scores-Poster-2018-low-1-scaled.jpg 1718w\" sizes=\"auto, (max-width: 235px) 100vw, 235px\" \/><\/a><\/p>\n<p>Cela permet \u00e9galement \u00e0 votre professionnel de la sant\u00e9 de savoir dans quelle mesure vous pourrez b\u00e9n\u00e9ficier de mesures de pr\u00e9vention, telles que la diminution de la pression art\u00e9rielle, la r\u00e9duction du cholest\u00e9rol ou l\u2019arr\u00eat du tabagisme. De nombreux outils ou m\u00e9thodes peuvent \u00eatre utilis\u00e9s pour pr\u00e9dire ce risque. En Europe, il est recommand\u00e9 aux professionnels de la sant\u00e9 d\u2019utiliser l\u2019algorithme SCORE2 (estimation du risque coronarien syst\u00e9mique&nbsp;2). Pour l\u2019estimer, l\u2019outil utilise vos facteurs de risque, tels que votre \u00e2ge et votre genre, votre <a href=\"https:\/\/www.healthy-heart.org\/keep-your-heart-healthy\/blood-pressure\/\">pression art\u00e9rielle<\/a>, votre <a href=\"https:\/\/www.healthy-heart.org\/keep-your-heart-healthy\/cholesterol\/\">cholest\u00e9rol<\/a> (taux de graisses dans le sang) et vos habitudes <a href=\"https:\/\/www.healthy-heart.org\/keep-your-heart-healthy\/smoking\/\">tabagiques<\/a>. En agissant sur ces facteurs de risque, vous pouvez r\u00e9duire votre risque de maladie cardiovasculaire.<\/p>\n<p>SCORE2 calcule votre risque cardiovasculaire (exprim\u00e9 en pourcentage) en fonction de l\u2019interaction de ces facteurs de risque et met en \u00e9vidence les facteurs sur lesquels vous pouvez agir pour r\u00e9duire votre risque. Les calculs peuvent s\u2019effectuer \u00e0 l\u2019aide des tableaux de risque SCORE2 ou de l\u2019outil interactif Heartscore en ligne. L\u2019usage de SCORE2 est destin\u00e9 aux personnes \u00ab&nbsp;en bonne sant\u00e9&nbsp;\u00bb. Il n\u2019est donc pas recommand\u00e9 d\u2019employer ces graphiques avec des patients qui ont d\u00e9j\u00e0 eu une maladie cardiaque, un accident vasculaire c\u00e9r\u00e9bral, ou un diab\u00e8te. Pour ces personnes, il existe d\u2019autres outils qui peuvent aider les professionnels de la sant\u00e9 \u00e0 estimer les risques de maladies cardiovasculaires.<\/p>\n<p>Le niveau de risque se d\u00e9cline en trois cat\u00e9gories&nbsp;: faible, mod\u00e9r\u00e9 et \u00e9lev\u00e9. La cat\u00e9gorie est d\u00e9termin\u00e9e par votre score de risque associ\u00e9 \u00e0 votre \u00e2ge. Votre m\u00e9decin prendra des d\u00e9cisions th\u00e9rapeutiques principalement en fonction de la cat\u00e9gorie de risque. Il est important de discuter avec votre m\u00e9decin de ce que cela signifie et de ce que vous pouvez faire pour r\u00e9duire votre risque.<\/p>\n<p>Jetez un \u0153il aux conseils pour un mode de vie <a href=\"https:\/\/www.healthy-heart.org\/keep-your-heart-healthy\/take-control-of-your-lifestyle\/\">sain<\/a> afin de d\u00e9couvrir comment r\u00e9duire votre risque. Demandez \u00e0 votre m\u00e9decin ou \u00e0 un professionnel de sant\u00e9 une \u00e9valuation personnelle avec les tableaux SCORE2 ou l\u2019outil Heartscore.<\/p>\n","protected":false},"excerpt":{"rendered":"<p>Cela permet \u00e9galement \u00e0 votre professionnel de la sant\u00e9 de savoir dans quelle mesure vous pourrez b\u00e9n\u00e9ficier de mesures de pr\u00e9vention, telles que la diminution de la pression art\u00e9rielle, la r\u00e9duction du cholest\u00e9rol ou l\u2019arr\u00eat du tabagisme. De nombreux outils ou m\u00e9thodes peuvent \u00eatre utilis\u00e9s pour pr\u00e9dire ce risque. En Europe, il est recommand\u00e9 aux [&hellip;]<\/p>\n","protected":false},"author":1,"featured_media":1205,"parent":1679,"menu_order":11,"comment_status":"closed","ping_status":"closed","template":"","meta":{"_acf_changed":false,"footnotes":""},"categories":[55],"tags":[],"class_list":["post-1704","page","type-page","status-publish","has-post-thumbnail","hentry","category-gardez-votre-coeur-en-bonne-sante"],"acf":[],"yoast_head":"<!-- This site is optimized with the Yoast SEO plugin v24.0 - https:\/\/yoast.com\/wordpress\/plugins\/seo\/ -->\n<title>Pr\u00e9voir et g\u00e9rer le risque de maladie cardiaque\u00a0- Healthy-Heart.org<\/title>\n<meta name=\"description\" content=\"Le score SCORE ou estimation du risque coronarien syst\u00e9mique est une calculatrice factorielle qui permet d\u2019\u00e9valuer le risque de mourir d\u2019une crise cardiaque, d\u2019une insuffisance cardiaque ou d\u2019un accident vasculaire c\u00e9r\u00e9bral.\" \/>\n<meta name=\"robots\" content=\"index, follow, max-snippet:-1, max-image-preview:large, max-video-preview:-1\" \/>\n<link rel=\"canonical\" href=\"https:\/\/www.healthy-heart.org\/fr\/gardez-votre-coeur-en-bonne-sante\/prediction-et-gestion-du-risque-de-maladie-cardiaque\/\" \/>\n<meta property=\"og:locale\" content=\"fr_FR\" \/>\n<meta property=\"og:type\" content=\"article\" \/>\n<meta property=\"og:title\" content=\"Pr\u00e9voir et g\u00e9rer le risque de maladie cardiaque\u00a0- Healthy-Heart.org\" \/>\n<meta property=\"og:description\" content=\"Le score SCORE ou estimation du risque coronarien syst\u00e9mique est une calculatrice factorielle qui permet d\u2019\u00e9valuer le risque de mourir d\u2019une crise cardiaque, d\u2019une insuffisance cardiaque ou d\u2019un accident vasculaire c\u00e9r\u00e9bral.\" \/>\n<meta property=\"og:url\" content=\"https:\/\/www.healthy-heart.org\/fr\/gardez-votre-coeur-en-bonne-sante\/prediction-et-gestion-du-risque-de-maladie-cardiaque\/\" \/>\n<meta property=\"og:site_name\" content=\"Healthy-Heart.org\" \/>\n<meta property=\"article:modified_time\" content=\"2024-12-10T12:36:18+00:00\" \/>\n<meta property=\"og:image\" content=\"https:\/\/www.healthy-heart.org\/wp-content\/uploads\/2019\/08\/cardiovascular-risk.jpg\" \/>\n\t<meta property=\"og:image:width\" content=\"617\" \/>\n\t<meta property=\"og:image:height\" content=\"457\" \/>\n\t<meta property=\"og:image:type\" content=\"image\/jpeg\" \/>\n<meta name=\"twitter:card\" content=\"summary_large_image\" \/>\n<meta name=\"twitter:label1\" content=\"Dur\u00e9e de lecture estim\u00e9e\" \/>\n\t<meta name=\"twitter:data1\" content=\"2 minutes\" \/>\n<script type=\"application\/ld+json\" class=\"yoast-schema-graph\">{\"@context\":\"https:\/\/schema.org\",\"@graph\":[{\"@type\":\"WebPage\",\"@id\":\"https:\/\/www.healthy-heart.org\/fr\/gardez-votre-coeur-en-bonne-sante\/prediction-et-gestion-du-risque-de-maladie-cardiaque\/\",\"url\":\"https:\/\/www.healthy-heart.org\/fr\/gardez-votre-coeur-en-bonne-sante\/prediction-et-gestion-du-risque-de-maladie-cardiaque\/\",\"name\":\"Pr\u00e9voir et g\u00e9rer le risque de maladie cardiaque\u00a0- Healthy-Heart.org\",\"isPartOf\":{\"@id\":\"https:\/\/www.healthy-heart.org\/es\/#website\"},\"primaryImageOfPage\":{\"@id\":\"https:\/\/www.healthy-heart.org\/fr\/gardez-votre-coeur-en-bonne-sante\/prediction-et-gestion-du-risque-de-maladie-cardiaque\/#primaryimage\"},\"image\":{\"@id\":\"https:\/\/www.healthy-heart.org\/fr\/gardez-votre-coeur-en-bonne-sante\/prediction-et-gestion-du-risque-de-maladie-cardiaque\/#primaryimage\"},\"thumbnailUrl\":\"https:\/\/www.healthy-heart.org\/wp-content\/uploads\/2019\/08\/cardiovascular-risk.jpg\",\"datePublished\":\"2019-10-07T16:51:24+00:00\",\"dateModified\":\"2024-12-10T12:36:18+00:00\",\"description\":\"Le score SCORE ou estimation du risque coronarien syst\u00e9mique est une calculatrice factorielle qui permet d\u2019\u00e9valuer le risque de mourir d\u2019une crise cardiaque, d\u2019une insuffisance cardiaque ou d\u2019un accident vasculaire c\u00e9r\u00e9bral.\",\"breadcrumb\":{\"@id\":\"https:\/\/www.healthy-heart.org\/fr\/gardez-votre-coeur-en-bonne-sante\/prediction-et-gestion-du-risque-de-maladie-cardiaque\/#breadcrumb\"},\"inLanguage\":\"fr-FR\",\"potentialAction\":[{\"@type\":\"ReadAction\",\"target\":[\"https:\/\/www.healthy-heart.org\/fr\/gardez-votre-coeur-en-bonne-sante\/prediction-et-gestion-du-risque-de-maladie-cardiaque\/\"]}]},{\"@type\":\"ImageObject\",\"inLanguage\":\"fr-FR\",\"@id\":\"https:\/\/www.healthy-heart.org\/fr\/gardez-votre-coeur-en-bonne-sante\/prediction-et-gestion-du-risque-de-maladie-cardiaque\/#primaryimage\",\"url\":\"https:\/\/www.healthy-heart.org\/wp-content\/uploads\/2019\/08\/cardiovascular-risk.jpg\",\"contentUrl\":\"https:\/\/www.healthy-heart.org\/wp-content\/uploads\/2019\/08\/cardiovascular-risk.jpg\",\"width\":617,\"height\":457},{\"@type\":\"BreadcrumbList\",\"@id\":\"https:\/\/www.healthy-heart.org\/fr\/gardez-votre-coeur-en-bonne-sante\/prediction-et-gestion-du-risque-de-maladie-cardiaque\/#breadcrumb\",\"itemListElement\":[{\"@type\":\"ListItem\",\"position\":1,\"name\":\"Home\",\"item\":\"https:\/\/www.healthy-heart.org\/fr\/\"},{\"@type\":\"ListItem\",\"position\":2,\"name\":\"Gardez votre c\u0153ur en bonne sant\u00e9\",\"item\":\"https:\/\/www.healthy-heart.org\/fr\/gardez-votre-coeur-en-bonne-sante\/\"},{\"@type\":\"ListItem\",\"position\":3,\"name\":\"Pr\u00e9diction et gestion du risque de maladie cardiaque\"}]},{\"@type\":\"WebSite\",\"@id\":\"https:\/\/www.healthy-heart.org\/es\/#website\",\"url\":\"https:\/\/www.healthy-heart.org\/es\/\",\"name\":\"Healthy-Heart.org\",\"description\":\"Practical advice for patients and family care givers on the prevention of cardiovascular disease\",\"potentialAction\":[{\"@type\":\"SearchAction\",\"target\":{\"@type\":\"EntryPoint\",\"urlTemplate\":\"https:\/\/www.healthy-heart.org\/es\/?s={search_term_string}\"},\"query-input\":{\"@type\":\"PropertyValueSpecification\",\"valueRequired\":true,\"valueName\":\"search_term_string\"}}],\"inLanguage\":\"fr-FR\"}]}<\/script>\n<!-- \/ Yoast SEO plugin. -->","yoast_head_json":{"title":"Pr\u00e9voir et g\u00e9rer le risque de maladie cardiaque\u00a0- Healthy-Heart.org","description":"Le score SCORE ou estimation du risque coronarien syst\u00e9mique est une calculatrice factorielle qui permet d\u2019\u00e9valuer le risque de mourir d\u2019une crise cardiaque, d\u2019une insuffisance cardiaque ou d\u2019un accident vasculaire c\u00e9r\u00e9bral.","robots":{"index":"index","follow":"follow","max-snippet":"max-snippet:-1","max-image-preview":"max-image-preview:large","max-video-preview":"max-video-preview:-1"},"canonical":"https:\/\/www.healthy-heart.org\/fr\/gardez-votre-coeur-en-bonne-sante\/prediction-et-gestion-du-risque-de-maladie-cardiaque\/","og_locale":"fr_FR","og_type":"article","og_title":"Pr\u00e9voir et g\u00e9rer le risque de maladie cardiaque\u00a0- Healthy-Heart.org","og_description":"Le score SCORE ou estimation du risque coronarien syst\u00e9mique est une calculatrice factorielle qui permet d\u2019\u00e9valuer le risque de mourir d\u2019une crise cardiaque, d\u2019une insuffisance cardiaque ou d\u2019un accident vasculaire c\u00e9r\u00e9bral.","og_url":"https:\/\/www.healthy-heart.org\/fr\/gardez-votre-coeur-en-bonne-sante\/prediction-et-gestion-du-risque-de-maladie-cardiaque\/","og_site_name":"Healthy-Heart.org","article_modified_time":"2024-12-10T12:36:18+00:00","og_image":[{"width":617,"height":457,"url":"https:\/\/www.healthy-heart.org\/wp-content\/uploads\/2019\/08\/cardiovascular-risk.jpg","type":"image\/jpeg"}],"twitter_card":"summary_large_image","twitter_misc":{"Dur\u00e9e de lecture estim\u00e9e":"2 minutes"},"schema":{"@context":"https:\/\/schema.org","@graph":[{"@type":"WebPage","@id":"https:\/\/www.healthy-heart.org\/fr\/gardez-votre-coeur-en-bonne-sante\/prediction-et-gestion-du-risque-de-maladie-cardiaque\/","url":"https:\/\/www.healthy-heart.org\/fr\/gardez-votre-coeur-en-bonne-sante\/prediction-et-gestion-du-risque-de-maladie-cardiaque\/","name":"Pr\u00e9voir et g\u00e9rer le risque de maladie cardiaque\u00a0- Healthy-Heart.org","isPartOf":{"@id":"https:\/\/www.healthy-heart.org\/es\/#website"},"primaryImageOfPage":{"@id":"https:\/\/www.healthy-heart.org\/fr\/gardez-votre-coeur-en-bonne-sante\/prediction-et-gestion-du-risque-de-maladie-cardiaque\/#primaryimage"},"image":{"@id":"https:\/\/www.healthy-heart.org\/fr\/gardez-votre-coeur-en-bonne-sante\/prediction-et-gestion-du-risque-de-maladie-cardiaque\/#primaryimage"},"thumbnailUrl":"https:\/\/www.healthy-heart.org\/wp-content\/uploads\/2019\/08\/cardiovascular-risk.jpg","datePublished":"2019-10-07T16:51:24+00:00","dateModified":"2024-12-10T12:36:18+00:00","description":"Le score SCORE ou estimation du risque coronarien syst\u00e9mique est une calculatrice factorielle qui permet d\u2019\u00e9valuer le risque de mourir d\u2019une crise cardiaque, d\u2019une insuffisance cardiaque ou d\u2019un accident vasculaire c\u00e9r\u00e9bral.","breadcrumb":{"@id":"https:\/\/www.healthy-heart.org\/fr\/gardez-votre-coeur-en-bonne-sante\/prediction-et-gestion-du-risque-de-maladie-cardiaque\/#breadcrumb"},"inLanguage":"fr-FR","potentialAction":[{"@type":"ReadAction","target":["https:\/\/www.healthy-heart.org\/fr\/gardez-votre-coeur-en-bonne-sante\/prediction-et-gestion-du-risque-de-maladie-cardiaque\/"]}]},{"@type":"ImageObject","inLanguage":"fr-FR","@id":"https:\/\/www.healthy-heart.org\/fr\/gardez-votre-coeur-en-bonne-sante\/prediction-et-gestion-du-risque-de-maladie-cardiaque\/#primaryimage","url":"https:\/\/www.healthy-heart.org\/wp-content\/uploads\/2019\/08\/cardiovascular-risk.jpg","contentUrl":"https:\/\/www.healthy-heart.org\/wp-content\/uploads\/2019\/08\/cardiovascular-risk.jpg","width":617,"height":457},{"@type":"BreadcrumbList","@id":"https:\/\/www.healthy-heart.org\/fr\/gardez-votre-coeur-en-bonne-sante\/prediction-et-gestion-du-risque-de-maladie-cardiaque\/#breadcrumb","itemListElement":[{"@type":"ListItem","position":1,"name":"Home","item":"https:\/\/www.healthy-heart.org\/fr\/"},{"@type":"ListItem","position":2,"name":"Gardez votre c\u0153ur en bonne sant\u00e9","item":"https:\/\/www.healthy-heart.org\/fr\/gardez-votre-coeur-en-bonne-sante\/"},{"@type":"ListItem","position":3,"name":"Pr\u00e9diction et gestion du risque de maladie cardiaque"}]},{"@type":"WebSite","@id":"https:\/\/www.healthy-heart.org\/es\/#website","url":"https:\/\/www.healthy-heart.org\/es\/","name":"Healthy-Heart.org","description":"Practical advice for patients and family care givers on the prevention of cardiovascular disease","potentialAction":[{"@type":"SearchAction","target":{"@type":"EntryPoint","urlTemplate":"https:\/\/www.healthy-heart.org\/es\/?s={search_term_string}"},"query-input":{"@type":"PropertyValueSpecification","valueRequired":true,"valueName":"search_term_string"}}],"inLanguage":"fr-FR"}]}},"_links":{"self":[{"href":"https:\/\/www.healthy-heart.org\/fr\/wp-json\/wp\/v2\/pages\/1704","targetHints":{"allow":["GET"]}}],"collection":[{"href":"https:\/\/www.healthy-heart.org\/fr\/wp-json\/wp\/v2\/pages"}],"about":[{"href":"https:\/\/www.healthy-heart.org\/fr\/wp-json\/wp\/v2\/types\/page"}],"author":[{"embeddable":true,"href":"https:\/\/www.healthy-heart.org\/fr\/wp-json\/wp\/v2\/users\/1"}],"replies":[{"embeddable":true,"href":"https:\/\/www.healthy-heart.org\/fr\/wp-json\/wp\/v2\/comments?post=1704"}],"version-history":[{"count":8,"href":"https:\/\/www.healthy-heart.org\/fr\/wp-json\/wp\/v2\/pages\/1704\/revisions"}],"predecessor-version":[{"id":7475,"href":"https:\/\/www.healthy-heart.org\/fr\/wp-json\/wp\/v2\/pages\/1704\/revisions\/7475"}],"up":[{"embeddable":true,"href":"https:\/\/www.healthy-heart.org\/fr\/wp-json\/wp\/v2\/pages\/1679"}],"wp:featuredmedia":[{"embeddable":true,"href":"https:\/\/www.healthy-heart.org\/fr\/wp-json\/wp\/v2\/media\/1205"}],"wp:attachment":[{"href":"https:\/\/www.healthy-heart.org\/fr\/wp-json\/wp\/v2\/media?parent=1704"}],"wp:term":[{"taxonomy":"category","embeddable":true,"href":"https:\/\/www.healthy-heart.org\/fr\/wp-json\/wp\/v2\/categories?post=1704"},{"taxonomy":"post_tag","embeddable":true,"href":"https:\/\/www.healthy-heart.org\/fr\/wp-json\/wp\/v2\/tags?post=1704"}],"curies":[{"name":"wp","href":"https:\/\/api.w.org\/{rel}","templated":true}]}}