{"id":1679,"date":"2019-10-07T17:49:10","date_gmt":"2019-10-07T16:49:10","guid":{"rendered":"https:\/\/www.healthy-heart.org\/gardez-votre-coeur-en-bonne-sante\/"},"modified":"2019-11-25T13:29:44","modified_gmt":"2019-11-25T13:29:44","slug":"gardez-votre-coeur-en-bonne-sante","status":"publish","type":"page","link":"https:\/\/www.healthy-heart.org\/fr\/gardez-votre-coeur-en-bonne-sante\/","title":{"rendered":"Gardez votre c\u0153ur en bonne sant\u00e9"},"content":{"rendered":"","protected":false},"excerpt":{"rendered":"","protected":false},"author":1,"featured_media":0,"parent":0,"menu_order":0,"comment_status":"closed","ping_status":"closed","template":"","meta":{"_acf_changed":false,"footnotes":""},"categories":[55],"tags":[],"class_list":["post-1679","page","type-page","status-publish","hentry","category-gardez-votre-coeur-en-bonne-sante"],"acf":[],"yoast_head":"<!-- This site is optimized with the Yoast SEO plugin v24.0 - https:\/\/yoast.com\/wordpress\/plugins\/seo\/ -->\n<title>Gardez votre c\u0153ur en bonne sant\u00e9 - Healthy-Heart.org<\/title>\n<meta name=\"description\" content=\"La meilleure fa\u00e7on de prendre soin de votre c\u0153ur est d&#039;adopter un mode de vie sain\u00a0: d\u00e9couvrez les facteurs de risque et comment surveiller et maintenir votre sant\u00e9 cardiovasculaire.\" \/>\n<meta name=\"robots\" content=\"index, follow, max-snippet:-1, max-image-preview:large, max-video-preview:-1\" \/>\n<link rel=\"canonical\" href=\"https:\/\/www.healthy-heart.org\/fr\/gardez-votre-coeur-en-bonne-sante\/\" \/>\n<meta property=\"og:locale\" content=\"fr_FR\" \/>\n<meta property=\"og:type\" content=\"article\" \/>\n<meta property=\"og:title\" content=\"Gardez votre c\u0153ur en bonne sant\u00e9 - Healthy-Heart.org\" \/>\n<meta property=\"og:description\" content=\"La meilleure fa\u00e7on de prendre soin de votre c\u0153ur est d&#039;adopter un mode de vie sain\u00a0: d\u00e9couvrez les facteurs de risque et comment surveiller et maintenir votre sant\u00e9 cardiovasculaire.\" \/>\n<meta property=\"og:url\" content=\"https:\/\/www.healthy-heart.org\/fr\/gardez-votre-coeur-en-bonne-sante\/\" \/>\n<meta property=\"og:site_name\" content=\"Healthy-Heart.org\" \/>\n<meta property=\"article:modified_time\" content=\"2019-11-25T13:29:44+00:00\" \/>\n<meta name=\"twitter:card\" content=\"summary_large_image\" \/>\n<script type=\"application\/ld+json\" class=\"yoast-schema-graph\">{\"@context\":\"https:\/\/schema.org\",\"@graph\":[{\"@type\":\"WebPage\",\"@id\":\"https:\/\/www.healthy-heart.org\/fr\/gardez-votre-coeur-en-bonne-sante\/\",\"url\":\"https:\/\/www.healthy-heart.org\/fr\/gardez-votre-coeur-en-bonne-sante\/\",\"name\":\"Gardez votre c\u0153ur en bonne sant\u00e9 - Healthy-Heart.org\",\"isPartOf\":{\"@id\":\"https:\/\/www.healthy-heart.org\/es\/#website\"},\"datePublished\":\"2019-10-07T16:49:10+00:00\",\"dateModified\":\"2019-11-25T13:29:44+00:00\",\"description\":\"La meilleure fa\u00e7on de prendre soin de votre c\u0153ur est d'adopter un mode de vie sain\u00a0: d\u00e9couvrez les facteurs de risque et comment surveiller et maintenir votre sant\u00e9 cardiovasculaire.\",\"breadcrumb\":{\"@id\":\"https:\/\/www.healthy-heart.org\/fr\/gardez-votre-coeur-en-bonne-sante\/#breadcrumb\"},\"inLanguage\":\"fr-FR\",\"potentialAction\":[{\"@type\":\"ReadAction\",\"target\":[\"https:\/\/www.healthy-heart.org\/fr\/gardez-votre-coeur-en-bonne-sante\/\"]}]},{\"@type\":\"BreadcrumbList\",\"@id\":\"https:\/\/www.healthy-heart.org\/fr\/gardez-votre-coeur-en-bonne-sante\/#breadcrumb\",\"itemListElement\":[{\"@type\":\"ListItem\",\"position\":1,\"name\":\"Home\",\"item\":\"https:\/\/www.healthy-heart.org\/fr\/\"},{\"@type\":\"ListItem\",\"position\":2,\"name\":\"Gardez votre c\u0153ur en bonne sant\u00e9\"}]},{\"@type\":\"WebSite\",\"@id\":\"https:\/\/www.healthy-heart.org\/es\/#website\",\"url\":\"https:\/\/www.healthy-heart.org\/es\/\",\"name\":\"Healthy-Heart.org\",\"description\":\"Practical advice for patients and family care givers on the prevention of cardiovascular disease\",\"potentialAction\":[{\"@type\":\"SearchAction\",\"target\":{\"@type\":\"EntryPoint\",\"urlTemplate\":\"https:\/\/www.healthy-heart.org\/es\/?s={search_term_string}\"},\"query-input\":{\"@type\":\"PropertyValueSpecification\",\"valueRequired\":true,\"valueName\":\"search_term_string\"}}],\"inLanguage\":\"fr-FR\"}]}<\/script>\n<!-- \/ Yoast SEO plugin. -->","yoast_head_json":{"title":"Gardez votre c\u0153ur en bonne sant\u00e9 - Healthy-Heart.org","description":"La meilleure fa\u00e7on de prendre soin de votre c\u0153ur est d'adopter un mode de vie sain\u00a0: d\u00e9couvrez les facteurs de risque et comment surveiller et maintenir votre sant\u00e9 cardiovasculaire.","robots":{"index":"index","follow":"follow","max-snippet":"max-snippet:-1","max-image-preview":"max-image-preview:large","max-video-preview":"max-video-preview:-1"},"canonical":"https:\/\/www.healthy-heart.org\/fr\/gardez-votre-coeur-en-bonne-sante\/","og_locale":"fr_FR","og_type":"article","og_title":"Gardez votre c\u0153ur en bonne sant\u00e9 - Healthy-Heart.org","og_description":"La meilleure fa\u00e7on de prendre soin de votre c\u0153ur est d'adopter un mode de vie sain\u00a0: d\u00e9couvrez les facteurs de risque et comment surveiller et maintenir votre sant\u00e9 cardiovasculaire.","og_url":"https:\/\/www.healthy-heart.org\/fr\/gardez-votre-coeur-en-bonne-sante\/","og_site_name":"Healthy-Heart.org","article_modified_time":"2019-11-25T13:29:44+00:00","twitter_card":"summary_large_image","schema":{"@context":"https:\/\/schema.org","@graph":[{"@type":"WebPage","@id":"https:\/\/www.healthy-heart.org\/fr\/gardez-votre-coeur-en-bonne-sante\/","url":"https:\/\/www.healthy-heart.org\/fr\/gardez-votre-coeur-en-bonne-sante\/","name":"Gardez votre c\u0153ur en bonne sant\u00e9 - Healthy-Heart.org","isPartOf":{"@id":"https:\/\/www.healthy-heart.org\/es\/#website"},"datePublished":"2019-10-07T16:49:10+00:00","dateModified":"2019-11-25T13:29:44+00:00","description":"La meilleure fa\u00e7on de prendre soin de votre c\u0153ur est d'adopter un mode de vie sain\u00a0: d\u00e9couvrez les facteurs de risque et comment surveiller et maintenir votre sant\u00e9 cardiovasculaire.","breadcrumb":{"@id":"https:\/\/www.healthy-heart.org\/fr\/gardez-votre-coeur-en-bonne-sante\/#breadcrumb"},"inLanguage":"fr-FR","potentialAction":[{"@type":"ReadAction","target":["https:\/\/www.healthy-heart.org\/fr\/gardez-votre-coeur-en-bonne-sante\/"]}]},{"@type":"BreadcrumbList","@id":"https:\/\/www.healthy-heart.org\/fr\/gardez-votre-coeur-en-bonne-sante\/#breadcrumb","itemListElement":[{"@type":"ListItem","position":1,"name":"Home","item":"https:\/\/www.healthy-heart.org\/fr\/"},{"@type":"ListItem","position":2,"name":"Gardez votre c\u0153ur en bonne sant\u00e9"}]},{"@type":"WebSite","@id":"https:\/\/www.healthy-heart.org\/es\/#website","url":"https:\/\/www.healthy-heart.org\/es\/","name":"Healthy-Heart.org","description":"Practical advice for patients and family care givers on the prevention of cardiovascular disease","potentialAction":[{"@type":"SearchAction","target":{"@type":"EntryPoint","urlTemplate":"https:\/\/www.healthy-heart.org\/es\/?s={search_term_string}"},"query-input":{"@type":"PropertyValueSpecification","valueRequired":true,"valueName":"search_term_string"}}],"inLanguage":"fr-FR"}]}},"_links":{"self":[{"href":"https:\/\/www.healthy-heart.org\/fr\/wp-json\/wp\/v2\/pages\/1679","targetHints":{"allow":["GET"]}}],"collection":[{"href":"https:\/\/www.healthy-heart.org\/fr\/wp-json\/wp\/v2\/pages"}],"about":[{"href":"https:\/\/www.healthy-heart.org\/fr\/wp-json\/wp\/v2\/types\/page"}],"author":[{"embeddable":true,"href":"https:\/\/www.healthy-heart.org\/fr\/wp-json\/wp\/v2\/users\/1"}],"replies":[{"embeddable":true,"href":"https:\/\/www.healthy-heart.org\/fr\/wp-json\/wp\/v2\/comments?post=1679"}],"version-history":[{"count":1,"href":"https:\/\/www.healthy-heart.org\/fr\/wp-json\/wp\/v2\/pages\/1679\/revisions"}],"predecessor-version":[{"id":3377,"href":"https:\/\/www.healthy-heart.org\/fr\/wp-json\/wp\/v2\/pages\/1679\/revisions\/3377"}],"wp:attachment":[{"href":"https:\/\/www.healthy-heart.org\/fr\/wp-json\/wp\/v2\/media?parent=1679"}],"wp:term":[{"taxonomy":"category","embeddable":true,"href":"https:\/\/www.healthy-heart.org\/fr\/wp-json\/wp\/v2\/categories?post=1679"},{"taxonomy":"post_tag","embeddable":true,"href":"https:\/\/www.healthy-heart.org\/fr\/wp-json\/wp\/v2\/tags?post=1679"}],"curies":[{"name":"wp","href":"https:\/\/api.w.org\/{rel}","templated":true}]}}