{"id":1674,"date":"2019-10-07T17:48:58","date_gmt":"2019-10-07T16:48:58","guid":{"rendered":"https:\/\/www.healthy-heart.org\/votre-coeur\/encourager-un-mode-de-vie-sain\/"},"modified":"2020-05-12T11:36:51","modified_gmt":"2020-05-12T10:36:51","slug":"encourager-un-mode-de-vie-sain","status":"publish","type":"page","link":"https:\/\/www.healthy-heart.org\/fr\/votre-coeur\/encourager-un-mode-de-vie-sain\/","title":{"rendered":"Encourager un mode de vie sain"},"content":{"rendered":"<p><img loading=\"lazy\" decoding=\"async\" class=\"alignright size-medium wp-image-795\" src=\"https:\/\/cdn-endpoint-prev.azureedge.net\/healthy-heart\/2019\/07\/iStock-618870216-350x165.jpg\" alt=\"\" width=\"350\" height=\"165\" srcset=\"https:\/\/www.healthy-heart.org\/wp-content\/uploads\/2019\/07\/iStock-618870216-350x165.jpg 350w, https:\/\/www.healthy-heart.org\/wp-content\/uploads\/2019\/07\/iStock-618870216-200x95.jpg 200w, https:\/\/www.healthy-heart.org\/wp-content\/uploads\/2019\/07\/iStock-618870216-768x363.jpg 768w, https:\/\/www.healthy-heart.org\/wp-content\/uploads\/2019\/07\/iStock-618870216-1024x484.jpg 1024w, https:\/\/www.healthy-heart.org\/wp-content\/uploads\/2019\/07\/iStock-618870216-1536x726.jpg 1536w, https:\/\/www.healthy-heart.org\/wp-content\/uploads\/2019\/07\/iStock-618870216-2048x968.jpg 2048w, https:\/\/www.healthy-heart.org\/wp-content\/uploads\/2019\/07\/iStock-618870216-929x439.jpg 929w, https:\/\/www.healthy-heart.org\/wp-content\/uploads\/2019\/07\/iStock-618870216-700x331.jpg 700w\" sizes=\"auto, (max-width: 350px) 100vw, 350px\" \/>Aux niveaux international, national et local, des gouvernements et des organisations non gouvernementales concern\u00e9s entendent promouvoir et favoriser des changements de modes de vie sains. Citons par exemple l&rsquo;Organisation Mondiale de la Sant\u00e9, l&rsquo;Union Europ\u00e9enne, les gouvernements nationaux et locaux, les autorit\u00e9s sanitaires, les fondations cardiaques, les organisations de consommateurs et les associations de patients.<\/p>\n<p>Les \u00e9coles devraient cr\u00e9er un environnement actif et sain pour les \u00e9l\u00e8ves, tout en les \u00e9duquant et en les encourageant \u00e0 adopter et \u00e0 maintenir un mode de vie sain. De m\u00eame, le milieu professionnel devrait encourager <a href=\"https:\/\/www.healthy-heart.org\/fr\/gardez-votre-coeur-en-bonne-sante\/lactivite-physique\/\">l&rsquo;activit\u00e9 physique<\/a> et une alimentation saine et d\u00e9courager le <a href=\"https:\/\/www.healthy-heart.org\/fr\/gardez-votre-coeur-en-bonne-sante\/le-tabagisme\/\">tabagisme<\/a>. Les urbanistes peuvent faciliter la pratique de la marche ou du v\u00e9lo pour se rendre \u00e0 l&rsquo;\u00e9cole ou au travail.<\/p>\n<h3>Le r\u00e9gime alimentaire<\/h3>\n<p><img loading=\"lazy\" decoding=\"async\" class=\"alignright size-medium wp-image-805\" src=\"https:\/\/cdn-endpoint-prev.azureedge.net\/healthy-heart\/2019\/07\/iStock-953674568-1-350x233.jpg\" alt=\"\" width=\"350\" height=\"233\" srcset=\"https:\/\/www.healthy-heart.org\/wp-content\/uploads\/2019\/07\/iStock-953674568-1-350x233.jpg 350w, https:\/\/cdn-endpoint-prev.azureedge.net\/healthy-heart\/2019\/07\/iStock-953674568-1-1024x683.jpg 1024w, https:\/\/www.healthy-heart.org\/wp-content\/uploads\/2019\/07\/iStock-953674568-1-200x133.jpg 200w, https:\/\/www.healthy-heart.org\/wp-content\/uploads\/2019\/07\/iStock-953674568-1-768x512.jpg 768w, https:\/\/www.healthy-heart.org\/wp-content\/uploads\/2019\/07\/iStock-953674568-1-1536x1024.jpg 1536w, https:\/\/www.healthy-heart.org\/wp-content\/uploads\/2019\/07\/iStock-953674568-1-2048x1365.jpg 2048w, https:\/\/www.healthy-heart.org\/wp-content\/uploads\/2019\/07\/iStock-953674568-1-659x439.jpg 659w, https:\/\/www.healthy-heart.org\/wp-content\/uploads\/2019\/07\/iStock-953674568-1-696x464.jpg 696w\" sizes=\"auto, (max-width: 350px) 100vw, 350px\" \/>Restreindre la teneur en mati\u00e8res grasses, en sucre et en sel des aliments transform\u00e9s est un moyen efficace d&rsquo;am\u00e9liorer l&rsquo;alimentation, parfois sans que les personnes s&rsquo;en aper\u00e7oivent. Certains pays ont interdit les acides gras insatur\u00e9s de forme trans dans les aliments. De nombreux pays travaillent avec l&rsquo;industrie alimentaire pour r\u00e9duire les niveaux de sel et de sucre. Les prix influent \u00e9galement sur les comportements, et taxer les aliments malsains (par exemple, une taxe sur les mati\u00e8res grasses ou le sucre) ou subventionner les options saines peut entra\u00eener des changements d&rsquo;habitudes alimentaires. Des campagnes d&rsquo;information sur les aliments sains et la mise en place d&rsquo;\u00e9tiquettes alimentaires claires peuvent aider les gens \u00e0 acheter des aliments plus int\u00e9ressants sur le plan nutritionnel.<\/p>\n<h3>L&rsquo;activit\u00e9 physique<\/h3>\n<p>L&rsquo;environnement b\u00e2ti peut encourager l&rsquo;activit\u00e9 physique. Une meilleure visibilit\u00e9 des escaliers incite les gens \u00e0 les prendre plut\u00f4t que l&rsquo;ascenseur. Promouvoir la marche ou le v\u00e9lo, m\u00eame sur de courtes distances, permet d&rsquo;int\u00e9grer l&rsquo;activit\u00e9 physique dans une routine quotidienne. La sensibilisation \u00e0 l&rsquo;importance de l&rsquo;activit\u00e9 physique pour la sant\u00e9 devrait commencer d\u00e8s la petite enfance. Les lieux professionnels peuvent proposer des salles de sport, des bureaux qui permettent aux employ\u00e9s de travailler debout ou des chaises cyclables.<\/p>\n<h3>Le tabagisme<\/h3>\n<p>Tous les types de tabagisme et de tabagisme passif augmentent le risque de maladies cardiovasculaires. La l\u00e9gislation est un outil puissant pour pr\u00e9venir et r\u00e9duire le tabagisme. Les mesures possibles comprennent l&rsquo;interdiction de fumer, la hausse des taxes, la restriction de la publicit\u00e9 et l&rsquo;utilisation d&#8217;emballages neutres. Les campagnes m\u00e9diatiques ont sensibilis\u00e9 le grand public aux effets nocifs du tabagisme. Il est particuli\u00e8rement important d&#8217;emp\u00eacher les adolescents de commencer \u00e0 fumer.<\/p>\n<h3>La consommation excessive d&rsquo;alcool<\/h3>\n<p>La consommation excessive d&rsquo;alcool augmente le <a href=\"https:\/\/www.healthy-heart.org\/fr\/gardez-votre-coeur-en-bonne-sante\/prediction-et-gestion-du-risque-de-maladie-cardiaque\/\">risque cardiovasculaire<\/a>. La l\u00e9gislation est efficace pour pr\u00e9venir l&rsquo;usage nocif de l&rsquo;alcool par le biais de plusieurs r\u00e8glements\u00a0: par exemple, l&rsquo;\u00e2ge minimum pour acheter ou se faire servir de l&rsquo;alcool, les lois sur la conduite en \u00e9tat d&rsquo;\u00e9bri\u00e9t\u00e9, les taxes et l&rsquo;interdiction de la publicit\u00e9, de la promotion et du parrainage d&rsquo;\u00e9v\u00e9nements. La r\u00e9glementation sur l&rsquo;alcool au travail et dans les \u00e9coles est \u00e9galement b\u00e9n\u00e9fique.<\/p>\n","protected":false},"excerpt":{"rendered":"<p>Aux niveaux international, national et local, des gouvernements et des organisations non gouvernementales concern\u00e9s entendent promouvoir et favoriser des changements de modes de vie sains. Citons par exemple l&rsquo;Organisation Mondiale de la Sant\u00e9, l&rsquo;Union Europ\u00e9enne, les gouvernements nationaux et locaux, les autorit\u00e9s sanitaires, les fondations cardiaques, les organisations de consommateurs et les associations de patients. [&hellip;]<\/p>\n","protected":false},"author":1,"featured_media":1260,"parent":1651,"menu_order":5,"comment_status":"closed","ping_status":"closed","template":"","meta":{"_acf_changed":false,"footnotes":""},"categories":[50],"tags":[],"class_list":["post-1674","page","type-page","status-publish","has-post-thumbnail","hentry","category-votre-coeur"],"acf":[],"yoast_head":"<!-- This site is optimized with the Yoast SEO plugin v24.0 - https:\/\/yoast.com\/wordpress\/plugins\/seo\/ -->\n<title>Encourager un mode de vie sain\u00a0- Healthy-Heart.org<\/title>\n<meta name=\"description\" content=\"Adoptez des habitudes de vie saines. Faites de l&#039;activit\u00e9 physique, mangez sainement, arr\u00eatez de fumer et limitez votre consommation d&#039;alcool.\" \/>\n<meta name=\"robots\" content=\"index, follow, max-snippet:-1, max-image-preview:large, max-video-preview:-1\" \/>\n<link rel=\"canonical\" href=\"https:\/\/www.healthy-heart.org\/fr\/votre-coeur\/encourager-un-mode-de-vie-sain\/\" \/>\n<meta property=\"og:locale\" content=\"fr_FR\" \/>\n<meta property=\"og:type\" content=\"article\" \/>\n<meta property=\"og:title\" content=\"Encourager un mode de vie sain\u00a0- Healthy-Heart.org\" \/>\n<meta property=\"og:description\" content=\"Adoptez des habitudes de vie saines. Faites de l&#039;activit\u00e9 physique, mangez sainement, arr\u00eatez de fumer et limitez votre consommation d&#039;alcool.\" \/>\n<meta property=\"og:url\" content=\"https:\/\/www.healthy-heart.org\/fr\/votre-coeur\/encourager-un-mode-de-vie-sain\/\" \/>\n<meta property=\"og:site_name\" content=\"Healthy-Heart.org\" \/>\n<meta property=\"article:modified_time\" content=\"2020-05-12T10:36:51+00:00\" \/>\n<meta property=\"og:image\" content=\"https:\/\/www.healthy-heart.org\/wp-content\/uploads\/2019\/08\/healthy-lifestyle.jpg\" \/>\n\t<meta property=\"og:image:width\" content=\"518\" \/>\n\t<meta property=\"og:image:height\" content=\"345\" \/>\n\t<meta property=\"og:image:type\" content=\"image\/jpeg\" \/>\n<meta name=\"twitter:card\" content=\"summary_large_image\" \/>\n<meta name=\"twitter:label1\" content=\"Dur\u00e9e de lecture estim\u00e9e\" \/>\n\t<meta name=\"twitter:data1\" content=\"3 minutes\" \/>\n<script type=\"application\/ld+json\" class=\"yoast-schema-graph\">{\"@context\":\"https:\/\/schema.org\",\"@graph\":[{\"@type\":\"WebPage\",\"@id\":\"https:\/\/www.healthy-heart.org\/fr\/votre-coeur\/encourager-un-mode-de-vie-sain\/\",\"url\":\"https:\/\/www.healthy-heart.org\/fr\/votre-coeur\/encourager-un-mode-de-vie-sain\/\",\"name\":\"Encourager un mode de vie sain\u00a0- Healthy-Heart.org\",\"isPartOf\":{\"@id\":\"https:\/\/www.healthy-heart.org\/es\/#website\"},\"primaryImageOfPage\":{\"@id\":\"https:\/\/www.healthy-heart.org\/fr\/votre-coeur\/encourager-un-mode-de-vie-sain\/#primaryimage\"},\"image\":{\"@id\":\"https:\/\/www.healthy-heart.org\/fr\/votre-coeur\/encourager-un-mode-de-vie-sain\/#primaryimage\"},\"thumbnailUrl\":\"https:\/\/www.healthy-heart.org\/wp-content\/uploads\/2019\/08\/healthy-lifestyle.jpg\",\"datePublished\":\"2019-10-07T16:48:58+00:00\",\"dateModified\":\"2020-05-12T10:36:51+00:00\",\"description\":\"Adoptez des habitudes de vie saines. Faites de l'activit\u00e9 physique, mangez sainement, arr\u00eatez de fumer et limitez votre consommation d'alcool.\",\"breadcrumb\":{\"@id\":\"https:\/\/www.healthy-heart.org\/fr\/votre-coeur\/encourager-un-mode-de-vie-sain\/#breadcrumb\"},\"inLanguage\":\"fr-FR\",\"potentialAction\":[{\"@type\":\"ReadAction\",\"target\":[\"https:\/\/www.healthy-heart.org\/fr\/votre-coeur\/encourager-un-mode-de-vie-sain\/\"]}]},{\"@type\":\"ImageObject\",\"inLanguage\":\"fr-FR\",\"@id\":\"https:\/\/www.healthy-heart.org\/fr\/votre-coeur\/encourager-un-mode-de-vie-sain\/#primaryimage\",\"url\":\"https:\/\/www.healthy-heart.org\/wp-content\/uploads\/2019\/08\/healthy-lifestyle.jpg\",\"contentUrl\":\"https:\/\/www.healthy-heart.org\/wp-content\/uploads\/2019\/08\/healthy-lifestyle.jpg\",\"width\":518,\"height\":345},{\"@type\":\"BreadcrumbList\",\"@id\":\"https:\/\/www.healthy-heart.org\/fr\/votre-coeur\/encourager-un-mode-de-vie-sain\/#breadcrumb\",\"itemListElement\":[{\"@type\":\"ListItem\",\"position\":1,\"name\":\"Home\",\"item\":\"https:\/\/www.healthy-heart.org\/fr\/\"},{\"@type\":\"ListItem\",\"position\":2,\"name\":\"Votre c\u0153ur\",\"item\":\"https:\/\/www.healthy-heart.org\/fr\/votre-coeur\/\"},{\"@type\":\"ListItem\",\"position\":3,\"name\":\"Encourager un mode de vie sain\"}]},{\"@type\":\"WebSite\",\"@id\":\"https:\/\/www.healthy-heart.org\/es\/#website\",\"url\":\"https:\/\/www.healthy-heart.org\/es\/\",\"name\":\"Healthy-Heart.org\",\"description\":\"Practical advice for patients and family care givers on the prevention of cardiovascular disease\",\"potentialAction\":[{\"@type\":\"SearchAction\",\"target\":{\"@type\":\"EntryPoint\",\"urlTemplate\":\"https:\/\/www.healthy-heart.org\/es\/?s={search_term_string}\"},\"query-input\":{\"@type\":\"PropertyValueSpecification\",\"valueRequired\":true,\"valueName\":\"search_term_string\"}}],\"inLanguage\":\"fr-FR\"}]}<\/script>\n<!-- \/ Yoast SEO plugin. -->","yoast_head_json":{"title":"Encourager un mode de vie sain\u00a0- Healthy-Heart.org","description":"Adoptez des habitudes de vie saines. Faites de l'activit\u00e9 physique, mangez sainement, arr\u00eatez de fumer et limitez votre consommation d'alcool.","robots":{"index":"index","follow":"follow","max-snippet":"max-snippet:-1","max-image-preview":"max-image-preview:large","max-video-preview":"max-video-preview:-1"},"canonical":"https:\/\/www.healthy-heart.org\/fr\/votre-coeur\/encourager-un-mode-de-vie-sain\/","og_locale":"fr_FR","og_type":"article","og_title":"Encourager un mode de vie sain\u00a0- Healthy-Heart.org","og_description":"Adoptez des habitudes de vie saines. Faites de l'activit\u00e9 physique, mangez sainement, arr\u00eatez de fumer et limitez votre consommation d'alcool.","og_url":"https:\/\/www.healthy-heart.org\/fr\/votre-coeur\/encourager-un-mode-de-vie-sain\/","og_site_name":"Healthy-Heart.org","article_modified_time":"2020-05-12T10:36:51+00:00","og_image":[{"width":518,"height":345,"url":"https:\/\/www.healthy-heart.org\/wp-content\/uploads\/2019\/08\/healthy-lifestyle.jpg","type":"image\/jpeg"}],"twitter_card":"summary_large_image","twitter_misc":{"Dur\u00e9e de lecture estim\u00e9e":"3 minutes"},"schema":{"@context":"https:\/\/schema.org","@graph":[{"@type":"WebPage","@id":"https:\/\/www.healthy-heart.org\/fr\/votre-coeur\/encourager-un-mode-de-vie-sain\/","url":"https:\/\/www.healthy-heart.org\/fr\/votre-coeur\/encourager-un-mode-de-vie-sain\/","name":"Encourager un mode de vie sain\u00a0- Healthy-Heart.org","isPartOf":{"@id":"https:\/\/www.healthy-heart.org\/es\/#website"},"primaryImageOfPage":{"@id":"https:\/\/www.healthy-heart.org\/fr\/votre-coeur\/encourager-un-mode-de-vie-sain\/#primaryimage"},"image":{"@id":"https:\/\/www.healthy-heart.org\/fr\/votre-coeur\/encourager-un-mode-de-vie-sain\/#primaryimage"},"thumbnailUrl":"https:\/\/www.healthy-heart.org\/wp-content\/uploads\/2019\/08\/healthy-lifestyle.jpg","datePublished":"2019-10-07T16:48:58+00:00","dateModified":"2020-05-12T10:36:51+00:00","description":"Adoptez des habitudes de vie saines. Faites de l'activit\u00e9 physique, mangez sainement, arr\u00eatez de fumer et limitez votre consommation d'alcool.","breadcrumb":{"@id":"https:\/\/www.healthy-heart.org\/fr\/votre-coeur\/encourager-un-mode-de-vie-sain\/#breadcrumb"},"inLanguage":"fr-FR","potentialAction":[{"@type":"ReadAction","target":["https:\/\/www.healthy-heart.org\/fr\/votre-coeur\/encourager-un-mode-de-vie-sain\/"]}]},{"@type":"ImageObject","inLanguage":"fr-FR","@id":"https:\/\/www.healthy-heart.org\/fr\/votre-coeur\/encourager-un-mode-de-vie-sain\/#primaryimage","url":"https:\/\/www.healthy-heart.org\/wp-content\/uploads\/2019\/08\/healthy-lifestyle.jpg","contentUrl":"https:\/\/www.healthy-heart.org\/wp-content\/uploads\/2019\/08\/healthy-lifestyle.jpg","width":518,"height":345},{"@type":"BreadcrumbList","@id":"https:\/\/www.healthy-heart.org\/fr\/votre-coeur\/encourager-un-mode-de-vie-sain\/#breadcrumb","itemListElement":[{"@type":"ListItem","position":1,"name":"Home","item":"https:\/\/www.healthy-heart.org\/fr\/"},{"@type":"ListItem","position":2,"name":"Votre c\u0153ur","item":"https:\/\/www.healthy-heart.org\/fr\/votre-coeur\/"},{"@type":"ListItem","position":3,"name":"Encourager un mode de vie sain"}]},{"@type":"WebSite","@id":"https:\/\/www.healthy-heart.org\/es\/#website","url":"https:\/\/www.healthy-heart.org\/es\/","name":"Healthy-Heart.org","description":"Practical advice for patients and family care givers on the prevention of cardiovascular disease","potentialAction":[{"@type":"SearchAction","target":{"@type":"EntryPoint","urlTemplate":"https:\/\/www.healthy-heart.org\/es\/?s={search_term_string}"},"query-input":{"@type":"PropertyValueSpecification","valueRequired":true,"valueName":"search_term_string"}}],"inLanguage":"fr-FR"}]}},"_links":{"self":[{"href":"https:\/\/www.healthy-heart.org\/fr\/wp-json\/wp\/v2\/pages\/1674","targetHints":{"allow":["GET"]}}],"collection":[{"href":"https:\/\/www.healthy-heart.org\/fr\/wp-json\/wp\/v2\/pages"}],"about":[{"href":"https:\/\/www.healthy-heart.org\/fr\/wp-json\/wp\/v2\/types\/page"}],"author":[{"embeddable":true,"href":"https:\/\/www.healthy-heart.org\/fr\/wp-json\/wp\/v2\/users\/1"}],"replies":[{"embeddable":true,"href":"https:\/\/www.healthy-heart.org\/fr\/wp-json\/wp\/v2\/comments?post=1674"}],"version-history":[{"count":3,"href":"https:\/\/www.healthy-heart.org\/fr\/wp-json\/wp\/v2\/pages\/1674\/revisions"}],"predecessor-version":[{"id":4523,"href":"https:\/\/www.healthy-heart.org\/fr\/wp-json\/wp\/v2\/pages\/1674\/revisions\/4523"}],"up":[{"embeddable":true,"href":"https:\/\/www.healthy-heart.org\/fr\/wp-json\/wp\/v2\/pages\/1651"}],"wp:featuredmedia":[{"embeddable":true,"href":"https:\/\/www.healthy-heart.org\/fr\/wp-json\/wp\/v2\/media\/1260"}],"wp:attachment":[{"href":"https:\/\/www.healthy-heart.org\/fr\/wp-json\/wp\/v2\/media?parent=1674"}],"wp:term":[{"taxonomy":"category","embeddable":true,"href":"https:\/\/www.healthy-heart.org\/fr\/wp-json\/wp\/v2\/categories?post=1674"},{"taxonomy":"post_tag","embeddable":true,"href":"https:\/\/www.healthy-heart.org\/fr\/wp-json\/wp\/v2\/tags?post=1674"}],"curies":[{"name":"wp","href":"https:\/\/api.w.org\/{rel}","templated":true}]}}