{"id":1669,"date":"2019-10-07T17:48:24","date_gmt":"2019-10-07T16:48:24","guid":{"rendered":"https:\/\/www.healthy-heart.org\/votre-coeur\/quest-ce-que-la-cardiopathie\/"},"modified":"2020-05-12T12:17:11","modified_gmt":"2020-05-12T11:17:11","slug":"quest-ce-quune-cardiopathie","status":"publish","type":"page","link":"https:\/\/www.healthy-heart.org\/fr\/votre-coeur\/quest-ce-quune-cardiopathie\/","title":{"rendered":"Qu&rsquo;est-ce qu&rsquo;une cardiopathie?"},"content":{"rendered":"<p>Les MCV sont des troubles affectant <a href=\"https:\/\/www.healthy-heart.org\/fr\/votre-coeur\/comment-fonctionne-le-coeur\/\">le c\u0153ur et les vaisseaux sanguins<\/a>. Elles comprennent les maladies ath\u00e9roscl\u00e9reuses, dans lesquelles les vaisseaux sanguins sont progressivement obstru\u00e9s par des d\u00e9p\u00f4ts gras appel\u00e9s ath\u00e9rome. Il existe diff\u00e9rents types de maladies ath\u00e9roscl\u00e9reuses qui bouchent les vaisseaux sanguins.<\/p>\n<ul>\n<li>Les maladies coronariennes, comme la crise cardiaque, affectent les art\u00e8res coronaires, qui fournissent du sang au c\u0153ur.<\/li>\n<li>Les maladies c\u00e9r\u00e9bro-vasculaires, comme les accidents vasculaires c\u00e9r\u00e9braux, affectent les vaisseaux qui alimentent le cerveau en sang.<\/li>\n<li>La maladie des art\u00e8res p\u00e9riph\u00e9riques affecte les vaisseaux qui fournissent du sang aux membres.<\/li>\n<li>D&rsquo;autres types de maladies cardiovasculaires comprennent l&rsquo;insuffisance cardiaque (le c\u0153ur est incapable de pomper correctement), les maladies\u00a0 valvulaires et les maladies du muscle cardiaque.<\/li>\n<\/ul>\n<h3>D\u00e9finition<\/h3>\n<p><img loading=\"lazy\" decoding=\"async\" class=\"alignright wp-image-694 size-medium\" src=\"https:\/\/cdn-endpoint-prev.azureedge.net\/healthy-heart\/2019\/07\/iStock-1026729722-1-350x350.jpg\" alt=\"\" width=\"350\" height=\"350\" srcset=\"https:\/\/www.healthy-heart.org\/wp-content\/uploads\/2019\/07\/iStock-1026729722-1-350x350.jpg 350w, https:\/\/www.healthy-heart.org\/wp-content\/uploads\/2019\/07\/iStock-1026729722-1-200x200.jpg 200w, https:\/\/www.healthy-heart.org\/wp-content\/uploads\/2019\/07\/iStock-1026729722-1-768x768.jpg 768w, https:\/\/www.healthy-heart.org\/wp-content\/uploads\/2019\/07\/iStock-1026729722-1-1024x1024.jpg 1024w, https:\/\/www.healthy-heart.org\/wp-content\/uploads\/2019\/07\/iStock-1026729722-1-1536x1536.jpg 1536w, https:\/\/www.healthy-heart.org\/wp-content\/uploads\/2019\/07\/iStock-1026729722-1-2048x2048.jpg 2048w, https:\/\/www.healthy-heart.org\/wp-content\/uploads\/2019\/07\/iStock-1026729722-1-439x439.jpg 439w, https:\/\/www.healthy-heart.org\/wp-content\/uploads\/2019\/07\/iStock-1026729722-1-464x464.jpg 464w\" sizes=\"auto, (max-width: 350px) 100vw, 350px\" \/><br \/>\nLes MCV comprennent les maladies ath\u00e9roscl\u00e9rotiques suivantes : la coronaropathie (crise cardiaque), la maladie c\u00e9r\u00e9brovasculaire (accident vasculaire c\u00e9r\u00e9bral) et la maladie des art\u00e8res p\u00e9riph\u00e9riques qui affecte particuli\u00e8rement les membres inf\u00e9rieurs.<\/p>\n<p>L&rsquo;ath\u00e9roscl\u00e9rose est une maladie caus\u00e9e principalement par des taux \u00e9lev\u00e9s de cholest\u00e9rol, en particulier le \u00ab\u00a0mauvais\u00a0\u00bb cholest\u00e9rol (LDL). Le cholest\u00e9rol s&rsquo;accumule sur la paroi des vaisseaux sanguins, provoquant une inflammation et l&rsquo;accumulation d&rsquo;ath\u00e9rome qui peuvent r\u00e9tr\u00e9cir les vaisseaux. Plus les vaisseaux sont \u00e9troits, moins le sang peut s&rsquo;\u00e9couler. Cela peut causer des douleurs intermittentes dans les jambes lors de la marche si les art\u00e8res des jambes sont affect\u00e9es. Lorsque les vaisseaux qui alimentent le c\u0153ur en sang se r\u00e9tr\u00e9cissent, ils peuvent causer des douleurs thoraciques, une oppression ou une g\u00eane, appel\u00e9e angine de poitrine. Si les vaisseaux qui alimentent le c\u0153ur deviennent tr\u00e8s \u00e9troits ou totalement obstru\u00e9s par des ath\u00e9romes, cela peut provoquer une crise cardiaque (infarctus du myocarde).<\/p>\n<p>Les MCV peuvent \u00eatre pr\u00e9venues ou trait\u00e9es par des <a href=\"https:\/\/www.healthy-heart.org\/fr\/votre-coeur\/encourager-un-mode-de-vie-sain\/\">choix de vie<\/a> sains, des <a href=\"https:\/\/www.healthy-heart.org\/fr\/vivre-avec-une-cardiopathie\/types-de-medicament\/\">traitements<\/a> et\/ou une chirurgie.<\/p>\n<h3>Fr\u00e9quence<\/h3>\n<p><img loading=\"lazy\" decoding=\"async\" class=\"alignright size-medium wp-image-719\" src=\"https:\/\/cdn-endpoint-prev.azureedge.net\/healthy-heart\/2019\/07\/iStock-457380571-350x350.png\" alt=\"\" width=\"350\" height=\"350\" srcset=\"https:\/\/www.healthy-heart.org\/wp-content\/uploads\/2019\/07\/iStock-457380571-350x350.png 350w, https:\/\/www.healthy-heart.org\/wp-content\/uploads\/2019\/07\/iStock-457380571-200x200.png 200w, https:\/\/www.healthy-heart.org\/wp-content\/uploads\/2019\/07\/iStock-457380571-768x768.png 768w, https:\/\/www.healthy-heart.org\/wp-content\/uploads\/2019\/07\/iStock-457380571-439x439.png 439w, https:\/\/www.healthy-heart.org\/wp-content\/uploads\/2019\/07\/iStock-457380571-464x464.png 464w, https:\/\/cdn-endpoint-prev.azureedge.net\/healthy-heart\/2019\/07\/iStock-457380571.png 800w\" sizes=\"auto, (max-width: 350px) 100vw, 350px\" \/>Les MCV sont la cause de d\u00e9c\u00e8s la plus fr\u00e9quente en Europe, avec plus de quatre millions de d\u00e9c\u00e8s chaque ann\u00e9e. Cela repr\u00e9sente au total 45\u00a0% de la mortalit\u00e9. Les MCV sont \u00e0 l&rsquo;origine de 49\u00a0% des d\u00e9c\u00e8s chez les femmes et 40\u00a0% chez les hommes. Les maladies coronariennes (CHD\u00a0; principalement crise cardiaque) et les maladies c\u00e9r\u00e9brovasculaires (principalement accident vasculaire c\u00e9r\u00e9bral) sont les causes de d\u00e9c\u00e8s cardiovasculaire les plus fr\u00e9quentes. Les CHD provoquent 1,8 million de d\u00e9c\u00e8s chaque ann\u00e9e, ce qui correspond \u00e0 un d\u00e9c\u00e8s sur cinq.<\/p>\n<p>En Europe, la survenue des CHD est tr\u00e8s disparate. Ces 10 derni\u00e8res ann\u00e9es, les CHD ont diminu\u00e9 rapidement dans presque toute l&rsquo;Europe occidentale, avec une r\u00e9duction allant de 30 \u00e0 50 % dans certains pays. Aujourd&rsquo;hui, le poids global des maladies cardiovasculaires est plus lourd dans les pays d&rsquo;Europe de l&rsquo;Est, o\u00f9 la mortalit\u00e9 et la morbidit\u00e9 sont plus \u00e9lev\u00e9es. L&rsquo;ancien gradient nord-sud a diminu\u00e9.<\/p>\n<p>La diminution des MCV s&rsquo;observe \u00e0 la fois chez les hommes et les femmes. Cette \u00e9volution positive est principalement due \u00e0 une meilleure pr\u00e9vention des MCV ax\u00e9e sur la r\u00e9duction des <a href=\"https:\/\/www.healthy-heart.org\/fr\/gardez-votre-coeur-en-bonne-sante\/prediction-et-gestion-du-risque-de-maladie-cardiaque\/\">facteurs de risque cardiovasculaires<\/a> chez les personnes en bonne sant\u00e9 et chez les patients atteints de MCV.<\/p>\n<p>Cependant, tous les facteurs de risque n&rsquo;\u00e9voluent pas dans ce sens. Alors que les taux de <a href=\"https:\/\/www.healthy-heart.org\/fr\/gardez-votre-coeur-en-bonne-sante\/le-tabagisme\/\">tabagisme<\/a> et de <a href=\"https:\/\/www.healthy-heart.org\/fr\/gardez-votre-coeur-en-bonne-sante\/le-cholesterol\/\">cholest\u00e9rol<\/a> ont baiss\u00e9, <a href=\"https:\/\/www.healthy-heart.org\/fr\/gardez-votre-coeur-en-bonne-sante\/conserver-un-poids-de-forme\/\">l&rsquo;ob\u00e9sit\u00e9<\/a> et le <a href=\"https:\/\/www.healthy-heart.org\/fr\/gardez-votre-coeur-en-bonne-sante\/le-diabete\/\">diab\u00e8te<\/a> augmentent et peuvent enrayer la r\u00e9duction des maladies cardiovasculaires. Les <a href=\"https:\/\/www.healthy-heart.org\/fr\/gardez-votre-coeur-en-bonne-sante\/stress-et-sommeil\/\">stress<\/a> psychosociaux, comme la d\u00e9pression, l&rsquo;anxi\u00e9t\u00e9 et l&rsquo;\u00e9puisement professionnel, sont maintenant reconnus comme des facteurs importants de survenue et de pronostic des MCV et ne diminuent pas.<\/p>\n<blockquote><p>Les MCV sont largement \u00e9vitables\u00a0: l&rsquo;\u00e9limination des comportements \u00e0 risque pour la sant\u00e9 permettrait de pr\u00e9venir au moins 80\u00a0% d&rsquo;entre eux.<\/p><\/blockquote>\n<p>Le moyen le plus efficace de lutter contre les MCV est donc la pr\u00e9vention, ce qui implique de freiner les premiers probl\u00e8mes et les probl\u00e8mes ult\u00e9rieurs. Un patient sur cinq ayant eu une crise cardiaque fera une r\u00e9cidive dans l&rsquo;ann\u00e9e qui suit. Les professionnels de la sant\u00e9 et les patients peuvent travailler ensemble pour <a href=\"https:\/\/www.healthy-heart.org\/fr\/vivre-avec-une-cardiopathie\/facteurs-de-risque-de-recidive-de-crise-cardiaque\/\">pr\u00e9venir le premier et le second \u00e9v\u00e9nement<\/a>. Par exemple, de nombreux patients qui ont subi une crise cardiaque ont un diab\u00e8te non diagnostiqu\u00e9 qui, s&rsquo;il avait \u00e9t\u00e9 d\u00e9tect\u00e9 et trait\u00e9 \u00e0 temps, aurait pu pr\u00e9venir la crise cardiaque.<\/p>\n<p>D\u00e9couvrez ce que vous pouvez faire pour <a href=\"https:\/\/www.healthy-heart.org\/keep-your-heart-healthy\/keeping-healthy-habits\/\">pr\u00e9venir les MCV<\/a> et ce que vous pouvez accomplir avec vos m\u00e9decins et infirmi\u00e8res.<\/p>\n","protected":false},"excerpt":{"rendered":"<p>Les MCV sont des troubles affectant le c\u0153ur et les vaisseaux sanguins. Elles comprennent les maladies ath\u00e9roscl\u00e9reuses, dans lesquelles les vaisseaux sanguins sont progressivement obstru\u00e9s par des d\u00e9p\u00f4ts gras appel\u00e9s ath\u00e9rome. Il existe diff\u00e9rents types de maladies ath\u00e9roscl\u00e9reuses qui bouchent les vaisseaux sanguins. Les maladies coronariennes, comme la crise cardiaque, affectent les art\u00e8res coronaires, qui [&hellip;]<\/p>\n","protected":false},"author":1,"featured_media":1232,"parent":1651,"menu_order":2,"comment_status":"closed","ping_status":"closed","template":"","meta":{"_acf_changed":false,"footnotes":""},"categories":[50],"tags":[],"class_list":["post-1669","page","type-page","status-publish","has-post-thumbnail","hentry","category-votre-coeur"],"acf":[],"yoast_head":"<!-- This site is optimized with the Yoast SEO plugin v24.0 - https:\/\/yoast.com\/wordpress\/plugins\/seo\/ -->\n<title>Cardiopathie - Healthy-Heart.org<\/title>\n<meta name=\"description\" content=\"Les maladies cardiaques sont des troubles du c\u0153ur et des vaisseaux sanguins tels que les maladies ath\u00e9roscl\u00e9rotiques, les crises cardiaques, les accidents vasculaires c\u00e9r\u00e9braux, les maladies valvulaires et les maladies du muscle cardiaque.\" \/>\n<meta name=\"robots\" content=\"index, follow, max-snippet:-1, max-image-preview:large, max-video-preview:-1\" \/>\n<link rel=\"canonical\" href=\"https:\/\/www.healthy-heart.org\/fr\/votre-coeur\/quest-ce-quune-cardiopathie\/\" \/>\n<meta property=\"og:locale\" content=\"fr_FR\" \/>\n<meta property=\"og:type\" content=\"article\" \/>\n<meta property=\"og:title\" content=\"Cardiopathie - Healthy-Heart.org\" \/>\n<meta property=\"og:description\" content=\"Les maladies cardiaques sont des troubles du c\u0153ur et des vaisseaux sanguins tels que les maladies ath\u00e9roscl\u00e9rotiques, les crises cardiaques, les accidents vasculaires c\u00e9r\u00e9braux, les maladies valvulaires et les maladies du muscle cardiaque.\" \/>\n<meta property=\"og:url\" content=\"https:\/\/www.healthy-heart.org\/fr\/votre-coeur\/quest-ce-quune-cardiopathie\/\" \/>\n<meta property=\"og:site_name\" content=\"Healthy-Heart.org\" \/>\n<meta property=\"article:modified_time\" content=\"2020-05-12T11:17:11+00:00\" \/>\n<meta property=\"og:image\" content=\"https:\/\/www.healthy-heart.org\/wp-content\/uploads\/2019\/08\/what-is-cardiovascular-disease.jpg\" \/>\n\t<meta property=\"og:image:width\" content=\"518\" \/>\n\t<meta property=\"og:image:height\" content=\"345\" \/>\n\t<meta property=\"og:image:type\" content=\"image\/jpeg\" \/>\n<meta name=\"twitter:card\" content=\"summary_large_image\" \/>\n<meta name=\"twitter:label1\" content=\"Dur\u00e9e de lecture estim\u00e9e\" \/>\n\t<meta name=\"twitter:data1\" content=\"4 minutes\" \/>\n<script type=\"application\/ld+json\" class=\"yoast-schema-graph\">{\"@context\":\"https:\/\/schema.org\",\"@graph\":[{\"@type\":\"WebPage\",\"@id\":\"https:\/\/www.healthy-heart.org\/fr\/votre-coeur\/quest-ce-quune-cardiopathie\/\",\"url\":\"https:\/\/www.healthy-heart.org\/fr\/votre-coeur\/quest-ce-quune-cardiopathie\/\",\"name\":\"Cardiopathie - Healthy-Heart.org\",\"isPartOf\":{\"@id\":\"https:\/\/www.healthy-heart.org\/es\/#website\"},\"primaryImageOfPage\":{\"@id\":\"https:\/\/www.healthy-heart.org\/fr\/votre-coeur\/quest-ce-quune-cardiopathie\/#primaryimage\"},\"image\":{\"@id\":\"https:\/\/www.healthy-heart.org\/fr\/votre-coeur\/quest-ce-quune-cardiopathie\/#primaryimage\"},\"thumbnailUrl\":\"https:\/\/www.healthy-heart.org\/wp-content\/uploads\/2019\/08\/what-is-cardiovascular-disease.jpg\",\"datePublished\":\"2019-10-07T16:48:24+00:00\",\"dateModified\":\"2020-05-12T11:17:11+00:00\",\"description\":\"Les maladies cardiaques sont des troubles du c\u0153ur et des vaisseaux sanguins tels que les maladies ath\u00e9roscl\u00e9rotiques, les crises cardiaques, les accidents vasculaires c\u00e9r\u00e9braux, les maladies valvulaires et les maladies du muscle cardiaque.\",\"breadcrumb\":{\"@id\":\"https:\/\/www.healthy-heart.org\/fr\/votre-coeur\/quest-ce-quune-cardiopathie\/#breadcrumb\"},\"inLanguage\":\"fr-FR\",\"potentialAction\":[{\"@type\":\"ReadAction\",\"target\":[\"https:\/\/www.healthy-heart.org\/fr\/votre-coeur\/quest-ce-quune-cardiopathie\/\"]}]},{\"@type\":\"ImageObject\",\"inLanguage\":\"fr-FR\",\"@id\":\"https:\/\/www.healthy-heart.org\/fr\/votre-coeur\/quest-ce-quune-cardiopathie\/#primaryimage\",\"url\":\"https:\/\/www.healthy-heart.org\/wp-content\/uploads\/2019\/08\/what-is-cardiovascular-disease.jpg\",\"contentUrl\":\"https:\/\/www.healthy-heart.org\/wp-content\/uploads\/2019\/08\/what-is-cardiovascular-disease.jpg\",\"width\":518,\"height\":345},{\"@type\":\"BreadcrumbList\",\"@id\":\"https:\/\/www.healthy-heart.org\/fr\/votre-coeur\/quest-ce-quune-cardiopathie\/#breadcrumb\",\"itemListElement\":[{\"@type\":\"ListItem\",\"position\":1,\"name\":\"Home\",\"item\":\"https:\/\/www.healthy-heart.org\/fr\/\"},{\"@type\":\"ListItem\",\"position\":2,\"name\":\"Votre c\u0153ur\",\"item\":\"https:\/\/www.healthy-heart.org\/fr\/votre-coeur\/\"},{\"@type\":\"ListItem\",\"position\":3,\"name\":\"Qu&#8217;est-ce qu&#8217;une cardiopathie?\"}]},{\"@type\":\"WebSite\",\"@id\":\"https:\/\/www.healthy-heart.org\/es\/#website\",\"url\":\"https:\/\/www.healthy-heart.org\/es\/\",\"name\":\"Healthy-Heart.org\",\"description\":\"Practical advice for patients and family care givers on the prevention of cardiovascular disease\",\"potentialAction\":[{\"@type\":\"SearchAction\",\"target\":{\"@type\":\"EntryPoint\",\"urlTemplate\":\"https:\/\/www.healthy-heart.org\/es\/?s={search_term_string}\"},\"query-input\":{\"@type\":\"PropertyValueSpecification\",\"valueRequired\":true,\"valueName\":\"search_term_string\"}}],\"inLanguage\":\"fr-FR\"}]}<\/script>\n<!-- \/ Yoast SEO plugin. -->","yoast_head_json":{"title":"Cardiopathie - Healthy-Heart.org","description":"Les maladies cardiaques sont des troubles du c\u0153ur et des vaisseaux sanguins tels que les maladies ath\u00e9roscl\u00e9rotiques, les crises cardiaques, les accidents vasculaires c\u00e9r\u00e9braux, les maladies valvulaires et les maladies du muscle cardiaque.","robots":{"index":"index","follow":"follow","max-snippet":"max-snippet:-1","max-image-preview":"max-image-preview:large","max-video-preview":"max-video-preview:-1"},"canonical":"https:\/\/www.healthy-heart.org\/fr\/votre-coeur\/quest-ce-quune-cardiopathie\/","og_locale":"fr_FR","og_type":"article","og_title":"Cardiopathie - Healthy-Heart.org","og_description":"Les maladies cardiaques sont des troubles du c\u0153ur et des vaisseaux sanguins tels que les maladies ath\u00e9roscl\u00e9rotiques, les crises cardiaques, les accidents vasculaires c\u00e9r\u00e9braux, les maladies valvulaires et les maladies du muscle cardiaque.","og_url":"https:\/\/www.healthy-heart.org\/fr\/votre-coeur\/quest-ce-quune-cardiopathie\/","og_site_name":"Healthy-Heart.org","article_modified_time":"2020-05-12T11:17:11+00:00","og_image":[{"width":518,"height":345,"url":"https:\/\/www.healthy-heart.org\/wp-content\/uploads\/2019\/08\/what-is-cardiovascular-disease.jpg","type":"image\/jpeg"}],"twitter_card":"summary_large_image","twitter_misc":{"Dur\u00e9e de lecture estim\u00e9e":"4 minutes"},"schema":{"@context":"https:\/\/schema.org","@graph":[{"@type":"WebPage","@id":"https:\/\/www.healthy-heart.org\/fr\/votre-coeur\/quest-ce-quune-cardiopathie\/","url":"https:\/\/www.healthy-heart.org\/fr\/votre-coeur\/quest-ce-quune-cardiopathie\/","name":"Cardiopathie - Healthy-Heart.org","isPartOf":{"@id":"https:\/\/www.healthy-heart.org\/es\/#website"},"primaryImageOfPage":{"@id":"https:\/\/www.healthy-heart.org\/fr\/votre-coeur\/quest-ce-quune-cardiopathie\/#primaryimage"},"image":{"@id":"https:\/\/www.healthy-heart.org\/fr\/votre-coeur\/quest-ce-quune-cardiopathie\/#primaryimage"},"thumbnailUrl":"https:\/\/www.healthy-heart.org\/wp-content\/uploads\/2019\/08\/what-is-cardiovascular-disease.jpg","datePublished":"2019-10-07T16:48:24+00:00","dateModified":"2020-05-12T11:17:11+00:00","description":"Les maladies cardiaques sont des troubles du c\u0153ur et des vaisseaux sanguins tels que les maladies ath\u00e9roscl\u00e9rotiques, les crises cardiaques, les accidents vasculaires c\u00e9r\u00e9braux, les maladies valvulaires et les maladies du muscle cardiaque.","breadcrumb":{"@id":"https:\/\/www.healthy-heart.org\/fr\/votre-coeur\/quest-ce-quune-cardiopathie\/#breadcrumb"},"inLanguage":"fr-FR","potentialAction":[{"@type":"ReadAction","target":["https:\/\/www.healthy-heart.org\/fr\/votre-coeur\/quest-ce-quune-cardiopathie\/"]}]},{"@type":"ImageObject","inLanguage":"fr-FR","@id":"https:\/\/www.healthy-heart.org\/fr\/votre-coeur\/quest-ce-quune-cardiopathie\/#primaryimage","url":"https:\/\/www.healthy-heart.org\/wp-content\/uploads\/2019\/08\/what-is-cardiovascular-disease.jpg","contentUrl":"https:\/\/www.healthy-heart.org\/wp-content\/uploads\/2019\/08\/what-is-cardiovascular-disease.jpg","width":518,"height":345},{"@type":"BreadcrumbList","@id":"https:\/\/www.healthy-heart.org\/fr\/votre-coeur\/quest-ce-quune-cardiopathie\/#breadcrumb","itemListElement":[{"@type":"ListItem","position":1,"name":"Home","item":"https:\/\/www.healthy-heart.org\/fr\/"},{"@type":"ListItem","position":2,"name":"Votre c\u0153ur","item":"https:\/\/www.healthy-heart.org\/fr\/votre-coeur\/"},{"@type":"ListItem","position":3,"name":"Qu&#8217;est-ce qu&#8217;une cardiopathie?"}]},{"@type":"WebSite","@id":"https:\/\/www.healthy-heart.org\/es\/#website","url":"https:\/\/www.healthy-heart.org\/es\/","name":"Healthy-Heart.org","description":"Practical advice for patients and family care givers on the prevention of cardiovascular disease","potentialAction":[{"@type":"SearchAction","target":{"@type":"EntryPoint","urlTemplate":"https:\/\/www.healthy-heart.org\/es\/?s={search_term_string}"},"query-input":{"@type":"PropertyValueSpecification","valueRequired":true,"valueName":"search_term_string"}}],"inLanguage":"fr-FR"}]}},"_links":{"self":[{"href":"https:\/\/www.healthy-heart.org\/fr\/wp-json\/wp\/v2\/pages\/1669","targetHints":{"allow":["GET"]}}],"collection":[{"href":"https:\/\/www.healthy-heart.org\/fr\/wp-json\/wp\/v2\/pages"}],"about":[{"href":"https:\/\/www.healthy-heart.org\/fr\/wp-json\/wp\/v2\/types\/page"}],"author":[{"embeddable":true,"href":"https:\/\/www.healthy-heart.org\/fr\/wp-json\/wp\/v2\/users\/1"}],"replies":[{"embeddable":true,"href":"https:\/\/www.healthy-heart.org\/fr\/wp-json\/wp\/v2\/comments?post=1669"}],"version-history":[{"count":7,"href":"https:\/\/www.healthy-heart.org\/fr\/wp-json\/wp\/v2\/pages\/1669\/revisions"}],"predecessor-version":[{"id":4530,"href":"https:\/\/www.healthy-heart.org\/fr\/wp-json\/wp\/v2\/pages\/1669\/revisions\/4530"}],"up":[{"embeddable":true,"href":"https:\/\/www.healthy-heart.org\/fr\/wp-json\/wp\/v2\/pages\/1651"}],"wp:featuredmedia":[{"embeddable":true,"href":"https:\/\/www.healthy-heart.org\/fr\/wp-json\/wp\/v2\/media\/1232"}],"wp:attachment":[{"href":"https:\/\/www.healthy-heart.org\/fr\/wp-json\/wp\/v2\/media?parent=1669"}],"wp:term":[{"taxonomy":"category","embeddable":true,"href":"https:\/\/www.healthy-heart.org\/fr\/wp-json\/wp\/v2\/categories?post=1669"},{"taxonomy":"post_tag","embeddable":true,"href":"https:\/\/www.healthy-heart.org\/fr\/wp-json\/wp\/v2\/tags?post=1669"}],"curies":[{"name":"wp","href":"https:\/\/api.w.org\/{rel}","templated":true}]}}