{"id":1446,"date":"2019-10-07T17:45:17","date_gmt":"2019-10-07T16:45:17","guid":{"rendered":"https:\/\/www.healthy-heart.org\/healthy-heart-org\/"},"modified":"2025-04-04T14:37:06","modified_gmt":"2025-04-04T13:37:06","slug":"healthy-heart-org","status":"publish","type":"page","link":"https:\/\/www.healthy-heart.org\/fr\/","title":{"rendered":"Healthy-Heart.org"},"content":{"rendered":"<p>Les maladies cardiovasculaires sont fr\u00e9quentes et causent 4 millions de d\u00e9c\u00e8s par an en Europe. Vous trouverez ici des informations fiables et des conseils pratiques pour pr\u00e9venir les maladies cardiovasculaires, mieux g\u00e9rer votre sant\u00e9 et vivre plus longtemps de fa\u00e7on plus active.<\/p>\n","protected":false},"excerpt":{"rendered":"<p>Les maladies cardiovasculaires sont fr\u00e9quentes et causent 4 millions de d\u00e9c\u00e8s par an en Europe. Vous trouverez ici des informations fiables et des conseils pratiques pour pr\u00e9venir les maladies cardiovasculaires, mieux g\u00e9rer votre sant\u00e9 et vivre plus longtemps de fa\u00e7on plus active.<\/p>\n","protected":false},"author":1,"featured_media":5960,"parent":0,"menu_order":0,"comment_status":"closed","ping_status":"closed","template":"templates\/home.php","meta":{"_acf_changed":false,"footnotes":""},"categories":[],"tags":[],"class_list":["post-1446","page","type-page","status-publish","has-post-thumbnail","hentry"],"acf":[],"yoast_head":"<!-- This site is optimized with the Yoast SEO plugin v24.0 - https:\/\/yoast.com\/wordpress\/plugins\/seo\/ -->\n<title>Healthy-Heart.org | Pr\u00e9vention des maladies cardiovasculaires<\/title>\n<meta name=\"description\" content=\"Trouvez des informations claires et fiables et des conseils pratiques destin\u00e9s aux patients et aux soignants familiaux sur la pr\u00e9vention des maladies cardiovasculaires.\" \/>\n<meta name=\"robots\" content=\"index, follow, max-snippet:-1, max-image-preview:large, max-video-preview:-1\" \/>\n<link rel=\"canonical\" href=\"https:\/\/www.healthy-heart.org\/fr\/\" \/>\n<meta property=\"og:locale\" content=\"fr_FR\" \/>\n<meta property=\"og:type\" content=\"article\" \/>\n<meta property=\"og:title\" content=\"Healthy-Heart.org | Pr\u00e9vention des maladies cardiovasculaires\" \/>\n<meta property=\"og:description\" content=\"Trouvez des informations claires et fiables et des conseils pratiques destin\u00e9s aux patients et aux soignants familiaux sur la pr\u00e9vention des maladies cardiovasculaires.\" \/>\n<meta property=\"og:url\" content=\"https:\/\/www.healthy-heart.org\/fr\/\" \/>\n<meta property=\"og:site_name\" content=\"Healthy-Heart.org\" \/>\n<meta property=\"article:modified_time\" content=\"2025-04-04T13:37:06+00:00\" \/>\n<meta property=\"og:image\" content=\"https:\/\/www.healthy-heart.org\/wp-content\/uploads\/2022\/01\/main-image-min.jpg\" \/>\n\t<meta property=\"og:image:width\" content=\"2500\" \/>\n\t<meta property=\"og:image:height\" content=\"868\" \/>\n\t<meta property=\"og:image:type\" content=\"image\/jpeg\" \/>\n<meta name=\"twitter:card\" content=\"summary_large_image\" \/>\n<meta name=\"twitter:label1\" content=\"Dur\u00e9e de lecture estim\u00e9e\" \/>\n\t<meta name=\"twitter:data1\" content=\"1 minute\" \/>\n<script type=\"application\/ld+json\" class=\"yoast-schema-graph\">{\"@context\":\"https:\/\/schema.org\",\"@graph\":[{\"@type\":\"WebPage\",\"@id\":\"https:\/\/www.healthy-heart.org\/fr\/\",\"url\":\"https:\/\/www.healthy-heart.org\/fr\/\",\"name\":\"Healthy-Heart.org | Pr\u00e9vention des maladies cardiovasculaires\",\"isPartOf\":{\"@id\":\"https:\/\/www.healthy-heart.org\/es\/#website\"},\"primaryImageOfPage\":{\"@id\":\"https:\/\/www.healthy-heart.org\/fr\/#primaryimage\"},\"image\":{\"@id\":\"https:\/\/www.healthy-heart.org\/fr\/#primaryimage\"},\"thumbnailUrl\":\"https:\/\/www.healthy-heart.org\/wp-content\/uploads\/2022\/01\/main-image-min.jpg\",\"datePublished\":\"2019-10-07T16:45:17+00:00\",\"dateModified\":\"2025-04-04T13:37:06+00:00\",\"description\":\"Trouvez des informations claires et fiables et des conseils pratiques destin\u00e9s aux patients et aux soignants familiaux sur la pr\u00e9vention des maladies cardiovasculaires.\",\"breadcrumb\":{\"@id\":\"https:\/\/www.healthy-heart.org\/fr\/#breadcrumb\"},\"inLanguage\":\"fr-FR\",\"potentialAction\":[{\"@type\":\"ReadAction\",\"target\":[\"https:\/\/www.healthy-heart.org\/fr\/\"]}]},{\"@type\":\"ImageObject\",\"inLanguage\":\"fr-FR\",\"@id\":\"https:\/\/www.healthy-heart.org\/fr\/#primaryimage\",\"url\":\"https:\/\/www.healthy-heart.org\/wp-content\/uploads\/2022\/01\/main-image-min.jpg\",\"contentUrl\":\"https:\/\/www.healthy-heart.org\/wp-content\/uploads\/2022\/01\/main-image-min.jpg\",\"width\":2500,\"height\":868},{\"@type\":\"BreadcrumbList\",\"@id\":\"https:\/\/www.healthy-heart.org\/fr\/#breadcrumb\",\"itemListElement\":[{\"@type\":\"ListItem\",\"position\":1,\"name\":\"Home\",\"item\":\"https:\/\/www.healthy-heart.org\/fr\/\"},{\"@type\":\"ListItem\",\"position\":2,\"name\":\"Healthy-Heart.org\"}]},{\"@type\":\"WebSite\",\"@id\":\"https:\/\/www.healthy-heart.org\/es\/#website\",\"url\":\"https:\/\/www.healthy-heart.org\/es\/\",\"name\":\"Healthy-Heart.org\",\"description\":\"Practical advice for patients and family care givers on the prevention of cardiovascular disease\",\"potentialAction\":[{\"@type\":\"SearchAction\",\"target\":{\"@type\":\"EntryPoint\",\"urlTemplate\":\"https:\/\/www.healthy-heart.org\/es\/?s={search_term_string}\"},\"query-input\":{\"@type\":\"PropertyValueSpecification\",\"valueRequired\":true,\"valueName\":\"search_term_string\"}}],\"inLanguage\":\"fr-FR\"}]}<\/script>\n<!-- \/ Yoast SEO plugin. -->","yoast_head_json":{"title":"Healthy-Heart.org | Pr\u00e9vention des maladies cardiovasculaires","description":"Trouvez des informations claires et fiables et des conseils pratiques destin\u00e9s aux patients et aux soignants familiaux sur la pr\u00e9vention des maladies cardiovasculaires.","robots":{"index":"index","follow":"follow","max-snippet":"max-snippet:-1","max-image-preview":"max-image-preview:large","max-video-preview":"max-video-preview:-1"},"canonical":"https:\/\/www.healthy-heart.org\/fr\/","og_locale":"fr_FR","og_type":"article","og_title":"Healthy-Heart.org | Pr\u00e9vention des maladies cardiovasculaires","og_description":"Trouvez des informations claires et fiables et des conseils pratiques destin\u00e9s aux patients et aux soignants familiaux sur la pr\u00e9vention des maladies cardiovasculaires.","og_url":"https:\/\/www.healthy-heart.org\/fr\/","og_site_name":"Healthy-Heart.org","article_modified_time":"2025-04-04T13:37:06+00:00","og_image":[{"width":2500,"height":868,"url":"https:\/\/www.healthy-heart.org\/wp-content\/uploads\/2022\/01\/main-image-min.jpg","type":"image\/jpeg"}],"twitter_card":"summary_large_image","twitter_misc":{"Dur\u00e9e de lecture estim\u00e9e":"1 minute"},"schema":{"@context":"https:\/\/schema.org","@graph":[{"@type":"WebPage","@id":"https:\/\/www.healthy-heart.org\/fr\/","url":"https:\/\/www.healthy-heart.org\/fr\/","name":"Healthy-Heart.org | Pr\u00e9vention des maladies cardiovasculaires","isPartOf":{"@id":"https:\/\/www.healthy-heart.org\/es\/#website"},"primaryImageOfPage":{"@id":"https:\/\/www.healthy-heart.org\/fr\/#primaryimage"},"image":{"@id":"https:\/\/www.healthy-heart.org\/fr\/#primaryimage"},"thumbnailUrl":"https:\/\/www.healthy-heart.org\/wp-content\/uploads\/2022\/01\/main-image-min.jpg","datePublished":"2019-10-07T16:45:17+00:00","dateModified":"2025-04-04T13:37:06+00:00","description":"Trouvez des informations claires et fiables et des conseils pratiques destin\u00e9s aux patients et aux soignants familiaux sur la pr\u00e9vention des maladies cardiovasculaires.","breadcrumb":{"@id":"https:\/\/www.healthy-heart.org\/fr\/#breadcrumb"},"inLanguage":"fr-FR","potentialAction":[{"@type":"ReadAction","target":["https:\/\/www.healthy-heart.org\/fr\/"]}]},{"@type":"ImageObject","inLanguage":"fr-FR","@id":"https:\/\/www.healthy-heart.org\/fr\/#primaryimage","url":"https:\/\/www.healthy-heart.org\/wp-content\/uploads\/2022\/01\/main-image-min.jpg","contentUrl":"https:\/\/www.healthy-heart.org\/wp-content\/uploads\/2022\/01\/main-image-min.jpg","width":2500,"height":868},{"@type":"BreadcrumbList","@id":"https:\/\/www.healthy-heart.org\/fr\/#breadcrumb","itemListElement":[{"@type":"ListItem","position":1,"name":"Home","item":"https:\/\/www.healthy-heart.org\/fr\/"},{"@type":"ListItem","position":2,"name":"Healthy-Heart.org"}]},{"@type":"WebSite","@id":"https:\/\/www.healthy-heart.org\/es\/#website","url":"https:\/\/www.healthy-heart.org\/es\/","name":"Healthy-Heart.org","description":"Practical advice for patients and family care givers on the prevention of cardiovascular disease","potentialAction":[{"@type":"SearchAction","target":{"@type":"EntryPoint","urlTemplate":"https:\/\/www.healthy-heart.org\/es\/?s={search_term_string}"},"query-input":{"@type":"PropertyValueSpecification","valueRequired":true,"valueName":"search_term_string"}}],"inLanguage":"fr-FR"}]}},"_links":{"self":[{"href":"https:\/\/www.healthy-heart.org\/fr\/wp-json\/wp\/v2\/pages\/1446","targetHints":{"allow":["GET"]}}],"collection":[{"href":"https:\/\/www.healthy-heart.org\/fr\/wp-json\/wp\/v2\/pages"}],"about":[{"href":"https:\/\/www.healthy-heart.org\/fr\/wp-json\/wp\/v2\/types\/page"}],"author":[{"embeddable":true,"href":"https:\/\/www.healthy-heart.org\/fr\/wp-json\/wp\/v2\/users\/1"}],"replies":[{"embeddable":true,"href":"https:\/\/www.healthy-heart.org\/fr\/wp-json\/wp\/v2\/comments?post=1446"}],"version-history":[{"count":33,"href":"https:\/\/www.healthy-heart.org\/fr\/wp-json\/wp\/v2\/pages\/1446\/revisions"}],"predecessor-version":[{"id":7749,"href":"https:\/\/www.healthy-heart.org\/fr\/wp-json\/wp\/v2\/pages\/1446\/revisions\/7749"}],"wp:featuredmedia":[{"embeddable":true,"href":"https:\/\/www.healthy-heart.org\/fr\/wp-json\/wp\/v2\/media\/5960"}],"wp:attachment":[{"href":"https:\/\/www.healthy-heart.org\/fr\/wp-json\/wp\/v2\/media?parent=1446"}],"wp:term":[{"taxonomy":"category","embeddable":true,"href":"https:\/\/www.healthy-heart.org\/fr\/wp-json\/wp\/v2\/categories?post=1446"},{"taxonomy":"post_tag","embeddable":true,"href":"https:\/\/www.healthy-heart.org\/fr\/wp-json\/wp\/v2\/tags?post=1446"}],"curies":[{"name":"wp","href":"https:\/\/api.w.org\/{rel}","templated":true}]}}