{"id":1387,"date":"2019-10-07T17:44:25","date_gmt":"2019-10-07T16:44:25","guid":{"rendered":"https:\/\/www.healthy-heart.org\/politique-de-confidentialite\/"},"modified":"2022-01-18T11:09:48","modified_gmt":"2022-01-18T11:09:48","slug":"politique-de-confidentialite","status":"publish","type":"page","link":"https:\/\/www.healthy-heart.org\/fr\/politique-de-confidentialite\/","title":{"rendered":"Politique de confidentialit\u00e9"},"content":{"rendered":"<p>Veuillez lire les politiques suivantes pour comprendre comment ces informations seront trait\u00e9es. Ces politiques sont susceptibles de changer, veuillez donc les consulter r\u00e9guli\u00e8rement.<\/p>\n<h3>Quelles sont les informations recueillies par la SEC\u00a0?<\/h3>\n<p>La SEC recueille les informations suivantes concernant les visiteurs du site Web\u00a0: quelles pages sont consult\u00e9es et quand, les informations que vous avez fournies volontairement (telles que les informations relatives \u00e0 des sondages).<\/p>\n<h3>Comment la SEC utilise-t-elle ces informations\u00a0?<\/h3>\n<p>Nous utilisons les informations recueillies pour mieux comprendre la mani\u00e8re dont notre site est utilis\u00e9 et y apporter ainsi des am\u00e9liorations.<\/p>\n<p>La SEC peut, \u00e0 l&rsquo;occasion, mettre \u00e0 la disposition de tiers des informations anonymes (telles que les r\u00e9sultats des sondages).<\/p>\n<p>Quelles sont les mesures de s\u00e9curit\u00e9 mises en place pour pr\u00e9venir une perte, une mauvaise utilisation ou une alt\u00e9ration des informations\u00a0? Malheureusement, aucune transmission de donn\u00e9es par Internet n&rsquo;a la garantie d&rsquo;\u00eatre s\u00e9curis\u00e9e \u00e0 100 %. La SEC ne peut assurer ni garantir la s\u00e9curit\u00e9 des donn\u00e9es que vous nous transmettez, et la transmission des donn\u00e9es s&rsquo;effectue \u00e0 vos propres risques et p\u00e9rils. Une fois que nous avons re\u00e7u vos donn\u00e9es, nous mettons tout en \u0153uvre pour assurer leur s\u00e9curit\u00e9 dans nos syst\u00e8mes.<\/p>\n<h3>Utilisation des cookies<\/h3>\n<p>Les cookies sont des informations qu&rsquo;un site Web transf\u00e8re sur le disque dur de votre ordinateur \u00e0 des fins d&rsquo;archivage. Ce sont de petits fichiers texte qu&rsquo;un site Web peut utiliser pour reconna\u00eetre les utilisateurs r\u00e9currents et faciliter leur acc\u00e8s et leur utilisation continus du site. Ils ne constituent pas une menace pour votre syst\u00e8me ou vos fichiers. L&rsquo;utilisation de cookies est une norme accept\u00e9e de l&rsquo;industrie, et de nombreux sites Web s&rsquo;en servent pour fournir des fonctionnalit\u00e9s utiles. Les cookies en eux-m\u00eames n&rsquo;identifient pas personnellement les utilisateurs, mais leur ordinateur. La plupart des navigateurs sont configur\u00e9s initialement pour accepter les cookies. Vous pouvez configurer votre ordinateur pour qu&rsquo;il rejette les cookies.<\/p>\n<p>La Soci\u00e9t\u00e9 Europ\u00e9enne de Cardiologie est une association \u00e0 but non lucratif cr\u00e9\u00e9e en vertu de la loi fran\u00e7aise de 1901 et ax\u00e9e sur la pr\u00e9vention, le diagnostic et la prise en charge des maladies du c\u0153ur et des vaisseaux sanguins.<\/p>\n<p><!-- OneTrust Cookies Settings button start --><br \/>\n<button id=\"ot-sdk-btn\" class=\"ot-sdk-show-settings\">Cookie Settings<\/button><br \/>\n<!-- OneTrust Cookies Settings button end --><\/p>\n<p><!-- OneTrust Cookies List start --><\/p>\n<div id=\"ot-sdk-cookie-policy\"><\/div>\n<p><!-- OneTrust Cookies List end --><\/p>\n","protected":false},"excerpt":{"rendered":"<p>Veuillez lire les politiques suivantes pour comprendre comment ces informations seront trait\u00e9es. Ces politiques sont susceptibles de changer, veuillez donc les consulter r\u00e9guli\u00e8rement. Quelles sont les informations recueillies par la SEC\u00a0? La SEC recueille les informations suivantes concernant les visiteurs du site Web\u00a0: quelles pages sont consult\u00e9es et quand, les informations que vous avez fournies [&hellip;]<\/p>\n","protected":false},"author":1,"featured_media":0,"parent":0,"menu_order":0,"comment_status":"closed","ping_status":"open","template":"templates\/full.php","meta":{"_acf_changed":false,"footnotes":""},"categories":[],"tags":[],"class_list":["post-1387","page","type-page","status-publish","hentry"],"acf":[],"yoast_head":"<!-- This site is optimized with the Yoast SEO plugin v24.0 - https:\/\/yoast.com\/wordpress\/plugins\/seo\/ -->\n<title>Politique de confidentialit\u00e9 - Healthy-Heart.org<\/title>\n<meta name=\"description\" content=\"Healthy-Heart recueille les informations suivantes concernant les visiteurs de notre site Web\u00a0: quelles pages sont consult\u00e9es et quand, les informations que vous avez fournies volontairement (telles que les informations relatives \u00e0 des sondages).\" \/>\n<meta name=\"robots\" content=\"index, follow, max-snippet:-1, max-image-preview:large, max-video-preview:-1\" \/>\n<link rel=\"canonical\" href=\"https:\/\/www.healthy-heart.org\/fr\/politique-de-confidentialite\/\" \/>\n<meta property=\"og:locale\" content=\"fr_FR\" \/>\n<meta property=\"og:type\" content=\"article\" \/>\n<meta property=\"og:title\" content=\"Politique de confidentialit\u00e9 - Healthy-Heart.org\" \/>\n<meta property=\"og:description\" content=\"Healthy-Heart recueille les informations suivantes concernant les visiteurs de notre site Web\u00a0: quelles pages sont consult\u00e9es et quand, les informations que vous avez fournies volontairement (telles que les informations relatives \u00e0 des sondages).\" \/>\n<meta property=\"og:url\" content=\"https:\/\/www.healthy-heart.org\/fr\/politique-de-confidentialite\/\" \/>\n<meta property=\"og:site_name\" content=\"Healthy-Heart.org\" \/>\n<meta property=\"article:modified_time\" content=\"2022-01-18T11:09:48+00:00\" \/>\n<meta name=\"twitter:card\" content=\"summary_large_image\" \/>\n<meta name=\"twitter:label1\" content=\"Dur\u00e9e de lecture estim\u00e9e\" \/>\n\t<meta name=\"twitter:data1\" content=\"2 minutes\" \/>\n<script type=\"application\/ld+json\" class=\"yoast-schema-graph\">{\"@context\":\"https:\/\/schema.org\",\"@graph\":[{\"@type\":\"WebPage\",\"@id\":\"https:\/\/www.healthy-heart.org\/fr\/politique-de-confidentialite\/\",\"url\":\"https:\/\/www.healthy-heart.org\/fr\/politique-de-confidentialite\/\",\"name\":\"Politique de confidentialit\u00e9 - Healthy-Heart.org\",\"isPartOf\":{\"@id\":\"https:\/\/www.healthy-heart.org\/es\/#website\"},\"datePublished\":\"2019-10-07T16:44:25+00:00\",\"dateModified\":\"2022-01-18T11:09:48+00:00\",\"description\":\"Healthy-Heart recueille les informations suivantes concernant les visiteurs de notre site Web\u00a0: quelles pages sont consult\u00e9es et quand, les informations que vous avez fournies volontairement (telles que les informations relatives \u00e0 des sondages).\",\"breadcrumb\":{\"@id\":\"https:\/\/www.healthy-heart.org\/fr\/politique-de-confidentialite\/#breadcrumb\"},\"inLanguage\":\"fr-FR\",\"potentialAction\":[{\"@type\":\"ReadAction\",\"target\":[\"https:\/\/www.healthy-heart.org\/fr\/politique-de-confidentialite\/\"]}]},{\"@type\":\"BreadcrumbList\",\"@id\":\"https:\/\/www.healthy-heart.org\/fr\/politique-de-confidentialite\/#breadcrumb\",\"itemListElement\":[{\"@type\":\"ListItem\",\"position\":1,\"name\":\"Home\",\"item\":\"https:\/\/www.healthy-heart.org\/fr\/\"},{\"@type\":\"ListItem\",\"position\":2,\"name\":\"Politique de confidentialit\u00e9\"}]},{\"@type\":\"WebSite\",\"@id\":\"https:\/\/www.healthy-heart.org\/es\/#website\",\"url\":\"https:\/\/www.healthy-heart.org\/es\/\",\"name\":\"Healthy-Heart.org\",\"description\":\"Practical advice for patients and family care givers on the prevention of cardiovascular disease\",\"potentialAction\":[{\"@type\":\"SearchAction\",\"target\":{\"@type\":\"EntryPoint\",\"urlTemplate\":\"https:\/\/www.healthy-heart.org\/es\/?s={search_term_string}\"},\"query-input\":{\"@type\":\"PropertyValueSpecification\",\"valueRequired\":true,\"valueName\":\"search_term_string\"}}],\"inLanguage\":\"fr-FR\"}]}<\/script>\n<!-- \/ Yoast SEO plugin. -->","yoast_head_json":{"title":"Politique de confidentialit\u00e9 - Healthy-Heart.org","description":"Healthy-Heart recueille les informations suivantes concernant les visiteurs de notre site Web\u00a0: quelles pages sont consult\u00e9es et quand, les informations que vous avez fournies volontairement (telles que les informations relatives \u00e0 des sondages).","robots":{"index":"index","follow":"follow","max-snippet":"max-snippet:-1","max-image-preview":"max-image-preview:large","max-video-preview":"max-video-preview:-1"},"canonical":"https:\/\/www.healthy-heart.org\/fr\/politique-de-confidentialite\/","og_locale":"fr_FR","og_type":"article","og_title":"Politique de confidentialit\u00e9 - Healthy-Heart.org","og_description":"Healthy-Heart recueille les informations suivantes concernant les visiteurs de notre site Web\u00a0: quelles pages sont consult\u00e9es et quand, les informations que vous avez fournies volontairement (telles que les informations relatives \u00e0 des sondages).","og_url":"https:\/\/www.healthy-heart.org\/fr\/politique-de-confidentialite\/","og_site_name":"Healthy-Heart.org","article_modified_time":"2022-01-18T11:09:48+00:00","twitter_card":"summary_large_image","twitter_misc":{"Dur\u00e9e de lecture estim\u00e9e":"2 minutes"},"schema":{"@context":"https:\/\/schema.org","@graph":[{"@type":"WebPage","@id":"https:\/\/www.healthy-heart.org\/fr\/politique-de-confidentialite\/","url":"https:\/\/www.healthy-heart.org\/fr\/politique-de-confidentialite\/","name":"Politique de confidentialit\u00e9 - Healthy-Heart.org","isPartOf":{"@id":"https:\/\/www.healthy-heart.org\/es\/#website"},"datePublished":"2019-10-07T16:44:25+00:00","dateModified":"2022-01-18T11:09:48+00:00","description":"Healthy-Heart recueille les informations suivantes concernant les visiteurs de notre site Web\u00a0: quelles pages sont consult\u00e9es et quand, les informations que vous avez fournies volontairement (telles que les informations relatives \u00e0 des sondages).","breadcrumb":{"@id":"https:\/\/www.healthy-heart.org\/fr\/politique-de-confidentialite\/#breadcrumb"},"inLanguage":"fr-FR","potentialAction":[{"@type":"ReadAction","target":["https:\/\/www.healthy-heart.org\/fr\/politique-de-confidentialite\/"]}]},{"@type":"BreadcrumbList","@id":"https:\/\/www.healthy-heart.org\/fr\/politique-de-confidentialite\/#breadcrumb","itemListElement":[{"@type":"ListItem","position":1,"name":"Home","item":"https:\/\/www.healthy-heart.org\/fr\/"},{"@type":"ListItem","position":2,"name":"Politique de confidentialit\u00e9"}]},{"@type":"WebSite","@id":"https:\/\/www.healthy-heart.org\/es\/#website","url":"https:\/\/www.healthy-heart.org\/es\/","name":"Healthy-Heart.org","description":"Practical advice for patients and family care givers on the prevention of cardiovascular disease","potentialAction":[{"@type":"SearchAction","target":{"@type":"EntryPoint","urlTemplate":"https:\/\/www.healthy-heart.org\/es\/?s={search_term_string}"},"query-input":{"@type":"PropertyValueSpecification","valueRequired":true,"valueName":"search_term_string"}}],"inLanguage":"fr-FR"}]}},"_links":{"self":[{"href":"https:\/\/www.healthy-heart.org\/fr\/wp-json\/wp\/v2\/pages\/1387","targetHints":{"allow":["GET"]}}],"collection":[{"href":"https:\/\/www.healthy-heart.org\/fr\/wp-json\/wp\/v2\/pages"}],"about":[{"href":"https:\/\/www.healthy-heart.org\/fr\/wp-json\/wp\/v2\/types\/page"}],"author":[{"embeddable":true,"href":"https:\/\/www.healthy-heart.org\/fr\/wp-json\/wp\/v2\/users\/1"}],"replies":[{"embeddable":true,"href":"https:\/\/www.healthy-heart.org\/fr\/wp-json\/wp\/v2\/comments?post=1387"}],"version-history":[{"count":5,"href":"https:\/\/www.healthy-heart.org\/fr\/wp-json\/wp\/v2\/pages\/1387\/revisions"}],"predecessor-version":[{"id":5906,"href":"https:\/\/www.healthy-heart.org\/fr\/wp-json\/wp\/v2\/pages\/1387\/revisions\/5906"}],"wp:attachment":[{"href":"https:\/\/www.healthy-heart.org\/fr\/wp-json\/wp\/v2\/media?parent=1387"}],"wp:term":[{"taxonomy":"category","embeddable":true,"href":"https:\/\/www.healthy-heart.org\/fr\/wp-json\/wp\/v2\/categories?post=1387"},{"taxonomy":"post_tag","embeddable":true,"href":"https:\/\/www.healthy-heart.org\/fr\/wp-json\/wp\/v2\/tags?post=1387"}],"curies":[{"name":"wp","href":"https:\/\/api.w.org\/{rel}","templated":true}]}}