{"id":7091,"date":"2024-01-15T12:15:37","date_gmt":"2024-01-15T12:15:37","guid":{"rendered":"https:\/\/www.healthy-heart.org\/sitemap\/"},"modified":"2024-01-15T12:25:28","modified_gmt":"2024-01-15T12:25:28","slug":"sitemap","status":"publish","type":"page","link":"https:\/\/www.healthy-heart.org\/fi\/sitemap\/","title":{"rendered":"Sitemap"},"content":{"rendered":"<div id=\"simple-sitemap-container-69f69985e4ba2\" class=\"simple-sitemap-container simple-sitemap-container-69f69985e4ba2 tab-disabled\"><div class=\"simple-sitemap-wrap\"><h3 class=\"post-type\">Pages<\/h3><ul class=\"simple-sitemap-page main\"><li class=\"sitemap-item page_item page-item-5327 page_item_has_children\"><a href=\"https:\/\/www.healthy-heart.org\/fi\/elama-sydansairauden-kanssa\/\">El\u00e4m\u00e4 syd\u00e4nsairauden kanssa<\/a>\n<ul class='children'>\n\t<li class=\"sitemap-item page_item page-item-5128\"><a href=\"https:\/\/www.healthy-heart.org\/fi\/elama-sydansairauden-kanssa\/paranna-sydamesi-kuntoa\/\">Paranna syd\u00e4mesi kuntoa<\/a><\/li>\n\t<li class=\"sitemap-item page_item page-item-5149\"><a href=\"https:\/\/www.healthy-heart.org\/fi\/elama-sydansairauden-kanssa\/laaketyypit\/\">L\u00e4\u00e4ketyypit<\/a><\/li>\n\t<li class=\"sitemap-item page_item page-item-5165\"><a href=\"https:\/\/www.healthy-heart.org\/fi\/elama-sydansairauden-kanssa\/liikuntaharjoittelu\/\">Liikuntaharjoittelu<\/a><\/li>\n\t<li class=\"sitemap-item page_item page-item-5155\"><a href=\"https:\/\/www.healthy-heart.org\/fi\/elama-sydansairauden-kanssa\/ahdistus-ja-masennus\/\">Ahdistus ja masennus<\/a><\/li>\n\t<li class=\"sitemap-item page_item page-item-5125\"><a href=\"https:\/\/www.healthy-heart.org\/fi\/elama-sydansairauden-kanssa\/autolla-ajaminen-sydankohtauksen-jalkeen\/\">Autolla ajaminen syd\u00e4nkohtauksen j\u00e4lkeen<\/a><\/li>\n\t<li class=\"sitemap-item page_item page-item-5141\"><a href=\"https:\/\/www.healthy-heart.org\/fi\/elama-sydansairauden-kanssa\/matkustaminen-sydankohtauksen-jalkeen\/\">Matkustaminen syd\u00e4nkohtauksen j\u00e4lkeen<\/a><\/li>\n\t<li class=\"sitemap-item page_item page-item-5159\"><a href=\"https:\/\/www.healthy-heart.org\/fi\/elama-sydansairauden-kanssa\/tyohon-palaaminen-sydankohtauksen-jalkeen\/\">Ty\u00f6h\u00f6n palaaminen syd\u00e4nkohtauksen j\u00e4lkeen<\/a><\/li>\n\t<li class=\"sitemap-item page_item page-item-5287\"><a href=\"https:\/\/www.healthy-heart.org\/fi\/elama-sydansairauden-kanssa\/perheen-tuki\/\">Perheen tuki<\/a><\/li>\n\t<li class=\"sitemap-item page_item page-item-5299\"><a href=\"https:\/\/www.healthy-heart.org\/fi\/elama-sydansairauden-kanssa\/sydansairaus-ja-seksi\/\">Syd\u00e4nsairaus ja seksi<\/a><\/li>\n\t<li class=\"sitemap-item page_item page-item-5138\"><a href=\"https:\/\/www.healthy-heart.org\/fi\/elama-sydansairauden-kanssa\/toisen-sydankohtauksen-riskitekijat\/\">Toisen syd\u00e4nkohtauksen riskitekij\u00e4t<\/a><\/li>\n\t<li class=\"sitemap-item page_item page-item-5323\"><a href=\"https:\/\/www.healthy-heart.org\/fi\/elama-sydansairauden-kanssa\/sydankohtauksen-jalkeisen-jaannosriskin-arviointi\/\">Syd\u00e4nkohtauksen j\u00e4lkeisen j\u00e4\u00e4nn\u00f6sriskin arviointi<\/a><\/li>\n\t<li class=\"sitemap-item page_item page-item-5342\"><a href=\"https:\/\/www.healthy-heart.org\/fi\/elama-sydansairauden-kanssa\/mita-minun-tulisi-kysya-sydanlaakariltani\/\">Mit\u00e4 minun tulisi kysy\u00e4 syd\u00e4nl\u00e4\u00e4k\u00e4rilt\u00e4ni?<\/a><\/li>\n<\/ul>\n<\/li>\n<li class=\"sitemap-item page_item page-item-5244\"><a href=\"https:\/\/www.healthy-heart.org\/fi\/\">Healthy-Heart.org<\/a><\/li>\n<li class=\"sitemap-item page_item page-item-5357\"><a href=\"https:\/\/www.healthy-heart.org\/fi\/hyodyllisia-linkkeja\/\">Hy\u00f6dyllisi\u00e4 linkkej\u00e4<\/a><\/li>\n<li class=\"sitemap-item page_item page-item-5352\"><a href=\"https:\/\/www.healthy-heart.org\/fi\/kayttoehdot\/\">K\u00e4ytt\u00f6ehdot<\/a><\/li>\n<li class=\"sitemap-item page_item page-item-5350\"><a href=\"https:\/\/www.healthy-heart.org\/fi\/ota-yhteytta\/\">Ota yhteytt\u00e4<\/a><\/li>\n<li class=\"sitemap-item page_item page-item-5188 page_item_has_children\"><a href=\"https:\/\/www.healthy-heart.org\/fi\/pida-sydamesi-terveena\/\">Pid\u00e4 syd\u00e4mesi terveen\u00e4<\/a>\n<ul class='children'>\n\t<li class=\"sitemap-item page_item page-item-5214\"><a href=\"https:\/\/www.healthy-heart.org\/fi\/pida-sydamesi-terveena\/verenpaine\/\">Verenpaine<\/a><\/li>\n\t<li class=\"sitemap-item page_item page-item-5173\"><a href=\"https:\/\/www.healthy-heart.org\/fi\/pida-sydamesi-terveena\/kolesteroli\/\">Kolesteroli<\/a><\/li>\n\t<li class=\"sitemap-item page_item page-item-5227\"><a href=\"https:\/\/www.healthy-heart.org\/fi\/pida-sydamesi-terveena\/diabetes\/\">Diabetes<\/a><\/li>\n\t<li class=\"sitemap-item page_item page-item-5266\"><a href=\"https:\/\/www.healthy-heart.org\/fi\/pida-sydamesi-terveena\/terveellisen-painon-yllapito\/\">Normaalipainon yll\u00e4pito<\/a><\/li>\n\t<li class=\"sitemap-item page_item page-item-5297\"><a href=\"https:\/\/www.healthy-heart.org\/fi\/pida-sydamesi-terveena\/sydanystavallinen-ruokavalio\/\">Syd\u00e4nyst\u00e4v\u00e4llinen ruokavalio<\/a><\/li>\n\t<li class=\"sitemap-item page_item page-item-5315\"><a href=\"https:\/\/www.healthy-heart.org\/fi\/pida-sydamesi-terveena\/stressi-ja-uni\/\">Stressi ja uni<\/a><\/li>\n\t<li class=\"sitemap-item page_item page-item-5282\"><a href=\"https:\/\/www.healthy-heart.org\/fi\/pida-sydamesi-terveena\/tupakointi\/\">tupakointi<\/a><\/li>\n\t<li class=\"sitemap-item page_item page-item-5300\"><a href=\"https:\/\/www.healthy-heart.org\/fi\/pida-sydamesi-terveena\/liikunta\/\">Liikunta<\/a><\/li>\n\t<li class=\"sitemap-item page_item page-item-5318\"><a href=\"https:\/\/www.healthy-heart.org\/fi\/pida-sydamesi-terveena\/sydansairaudet-suvussa\/\">Syd\u00e4nsairaudet suvussa<\/a><\/li>\n\t<li class=\"sitemap-item page_item page-item-5296\"><a href=\"https:\/\/www.healthy-heart.org\/fi\/pida-sydamesi-terveena\/miesten-ja-naisten-valiset-erot\/\">Syd\u00e4n- ja verisuonitaudit naisilla<\/a><\/li>\n\t<li class=\"sitemap-item page_item page-item-5319\"><a href=\"https:\/\/www.healthy-heart.org\/fi\/pida-sydamesi-terveena\/sydansairauksien-riskin-ennustaminen-ja-hallinta\/\">Syd\u00e4nsairauksien riskin ennustaminen ja hallinta<\/a><\/li>\n\t<li class=\"sitemap-item page_item page-item-5284\"><a href=\"https:\/\/www.healthy-heart.org\/fi\/pida-sydamesi-terveena\/ota-omat-elintapasi-hallintaan\/\">Ota omat elintapasi hallintaan<\/a><\/li>\n\t<li class=\"sitemap-item page_item page-item-5304\"><a href=\"https:\/\/www.healthy-heart.org\/fi\/pida-sydamesi-terveena\/terveellisten-elintapojen-yllapitaminen\/\">Terveellisten elintapojen yll\u00e4pit\u00e4minen<\/a><\/li>\n<\/ul>\n<\/li>\n<li class=\"sitemap-item page_item page-item-5349\"><a href=\"https:\/\/www.healthy-heart.org\/fi\/rahoitusapu\/\">Rahoitusapu<\/a><\/li>\n<li class=\"sitemap-item page_item page-item-7091\"><a href=\"https:\/\/www.healthy-heart.org\/fi\/sitemap\/\">Sitemap<\/a><\/li>\n<li class=\"sitemap-item page_item page-item-5275 page_item_has_children\"><a href=\"https:\/\/www.healthy-heart.org\/fi\/sydamesi\/\">Syd\u00e4mesi<\/a>\n<ul class='children'>\n\t<li class=\"sitemap-item page_item page-item-5180\"><a href=\"https:\/\/www.healthy-heart.org\/fi\/sydamesi\/miten-sydan-toimii\/\">Miten syd\u00e4n toimii?<\/a><\/li>\n\t<li class=\"sitemap-item page_item page-item-5263\"><a href=\"https:\/\/www.healthy-heart.org\/fi\/sydamesi\/mika-on-sydansairaus\/\">Mik\u00e4 on syd\u00e4nsairaus?<\/a><\/li>\n\t<li class=\"sitemap-item page_item page-item-5169\"><a href=\"https:\/\/www.healthy-heart.org\/fi\/sydamesi\/varoitusmerkit-ja-oireet\/\">Varoitusmerkit ja oireet<\/a><\/li>\n\t<li class=\"sitemap-item page_item page-item-5208\"><a href=\"https:\/\/www.healthy-heart.org\/fi\/sydamesi\/painelu-puhalluselvytyksen-antaminen\/\">Painelu-puhalluselvytyksen antaminen<\/a><\/li>\n\t<li class=\"sitemap-item page_item page-item-5233\"><a href=\"https:\/\/www.healthy-heart.org\/fi\/sydamesi\/terveellisen-elintavan-edistaminen\/\">Terveellisten elintapojen edist\u00e4minen<\/a><\/li>\n<\/ul>\n<\/li>\n<li class=\"sitemap-item page_item page-item-5359\"><a href=\"https:\/\/www.healthy-heart.org\/fi\/tekijat\/\">Tekij\u00e4t<\/a><\/li>\n<li class=\"sitemap-item page_item page-item-5337\"><a href=\"https:\/\/www.healthy-heart.org\/fi\/tietoja-escsta\/\">Tietoja ESC:st\u00e4<\/a><\/li>\n<li class=\"sitemap-item page_item page-item-5170\"><a href=\"https:\/\/www.healthy-heart.org\/fi\/tietosuojakaytanto\/\">Tietosuojak\u00e4yt\u00e4nt\u00f6<\/a><\/li>\n<li class=\"sitemap-item page_item page-item-5358\"><a href=\"https:\/\/www.healthy-heart.org\/fi\/usein-kysytyt-kysymykset\/\">Usein kysytyt kysymykset<\/a><\/li>\n<\/ul><\/div><\/div><br style=\"clear: both;\">\n","protected":false},"excerpt":{"rendered":"","protected":false},"author":2,"featured_media":0,"parent":0,"menu_order":0,"comment_status":"closed","ping_status":"closed","template":"","meta":{"_acf_changed":false,"footnotes":""},"categories":[],"tags":[],"class_list":["post-7091","page","type-page","status-publish","hentry"],"acf":[],"yoast_head":"<!-- This site is optimized with the Yoast SEO plugin v24.0 - https:\/\/yoast.com\/wordpress\/plugins\/seo\/ -->\n<title>Sitemap - Healthy-Heart.org<\/title>\n<meta name=\"robots\" content=\"index, follow, max-snippet:-1, max-image-preview:large, max-video-preview:-1\" \/>\n<link rel=\"canonical\" href=\"https:\/\/www.healthy-heart.org\/fi\/sitemap\/\" \/>\n<meta property=\"og:locale\" content=\"fi_FI\" \/>\n<meta property=\"og:type\" content=\"article\" \/>\n<meta property=\"og:title\" content=\"Sitemap - Healthy-Heart.org\" \/>\n<meta property=\"og:url\" content=\"https:\/\/www.healthy-heart.org\/fi\/sitemap\/\" \/>\n<meta property=\"og:site_name\" content=\"Healthy-Heart.org\" \/>\n<meta property=\"article:modified_time\" content=\"2024-01-15T12:25:28+00:00\" \/>\n<meta name=\"twitter:card\" content=\"summary_large_image\" \/>\n<meta name=\"twitter:label1\" content=\"Est. reading time\" \/>\n\t<meta name=\"twitter:data1\" content=\"1 minute\" \/>\n<script type=\"application\/ld+json\" class=\"yoast-schema-graph\">{\"@context\":\"https:\/\/schema.org\",\"@graph\":[{\"@type\":\"WebPage\",\"@id\":\"https:\/\/www.healthy-heart.org\/fi\/sitemap\/\",\"url\":\"https:\/\/www.healthy-heart.org\/fi\/sitemap\/\",\"name\":\"Sitemap - Healthy-Heart.org\",\"isPartOf\":{\"@id\":\"https:\/\/www.healthy-heart.org\/es\/#website\"},\"datePublished\":\"2024-01-15T12:15:37+00:00\",\"dateModified\":\"2024-01-15T12:25:28+00:00\",\"breadcrumb\":{\"@id\":\"https:\/\/www.healthy-heart.org\/fi\/sitemap\/#breadcrumb\"},\"inLanguage\":\"fi-FI\",\"potentialAction\":[{\"@type\":\"ReadAction\",\"target\":[\"https:\/\/www.healthy-heart.org\/fi\/sitemap\/\"]}]},{\"@type\":\"BreadcrumbList\",\"@id\":\"https:\/\/www.healthy-heart.org\/fi\/sitemap\/#breadcrumb\",\"itemListElement\":[{\"@type\":\"ListItem\",\"position\":1,\"name\":\"Home\",\"item\":\"https:\/\/www.healthy-heart.org\/fi\/\"},{\"@type\":\"ListItem\",\"position\":2,\"name\":\"Sitemap\"}]},{\"@type\":\"WebSite\",\"@id\":\"https:\/\/www.healthy-heart.org\/es\/#website\",\"url\":\"https:\/\/www.healthy-heart.org\/es\/\",\"name\":\"Healthy-Heart.org\",\"description\":\"Practical advice for patients and family care givers on the prevention of cardiovascular disease\",\"potentialAction\":[{\"@type\":\"SearchAction\",\"target\":{\"@type\":\"EntryPoint\",\"urlTemplate\":\"https:\/\/www.healthy-heart.org\/es\/?s={search_term_string}\"},\"query-input\":{\"@type\":\"PropertyValueSpecification\",\"valueRequired\":true,\"valueName\":\"search_term_string\"}}],\"inLanguage\":\"fi-FI\"}]}<\/script>\n<!-- \/ Yoast SEO plugin. -->","yoast_head_json":{"title":"Sitemap - Healthy-Heart.org","robots":{"index":"index","follow":"follow","max-snippet":"max-snippet:-1","max-image-preview":"max-image-preview:large","max-video-preview":"max-video-preview:-1"},"canonical":"https:\/\/www.healthy-heart.org\/fi\/sitemap\/","og_locale":"fi_FI","og_type":"article","og_title":"Sitemap - Healthy-Heart.org","og_url":"https:\/\/www.healthy-heart.org\/fi\/sitemap\/","og_site_name":"Healthy-Heart.org","article_modified_time":"2024-01-15T12:25:28+00:00","twitter_card":"summary_large_image","twitter_misc":{"Est. reading time":"1 minute"},"schema":{"@context":"https:\/\/schema.org","@graph":[{"@type":"WebPage","@id":"https:\/\/www.healthy-heart.org\/fi\/sitemap\/","url":"https:\/\/www.healthy-heart.org\/fi\/sitemap\/","name":"Sitemap - Healthy-Heart.org","isPartOf":{"@id":"https:\/\/www.healthy-heart.org\/es\/#website"},"datePublished":"2024-01-15T12:15:37+00:00","dateModified":"2024-01-15T12:25:28+00:00","breadcrumb":{"@id":"https:\/\/www.healthy-heart.org\/fi\/sitemap\/#breadcrumb"},"inLanguage":"fi-FI","potentialAction":[{"@type":"ReadAction","target":["https:\/\/www.healthy-heart.org\/fi\/sitemap\/"]}]},{"@type":"BreadcrumbList","@id":"https:\/\/www.healthy-heart.org\/fi\/sitemap\/#breadcrumb","itemListElement":[{"@type":"ListItem","position":1,"name":"Home","item":"https:\/\/www.healthy-heart.org\/fi\/"},{"@type":"ListItem","position":2,"name":"Sitemap"}]},{"@type":"WebSite","@id":"https:\/\/www.healthy-heart.org\/es\/#website","url":"https:\/\/www.healthy-heart.org\/es\/","name":"Healthy-Heart.org","description":"Practical advice for patients and family care givers on the prevention of cardiovascular disease","potentialAction":[{"@type":"SearchAction","target":{"@type":"EntryPoint","urlTemplate":"https:\/\/www.healthy-heart.org\/es\/?s={search_term_string}"},"query-input":{"@type":"PropertyValueSpecification","valueRequired":true,"valueName":"search_term_string"}}],"inLanguage":"fi-FI"}]}},"_links":{"self":[{"href":"https:\/\/www.healthy-heart.org\/fi\/wp-json\/wp\/v2\/pages\/7091","targetHints":{"allow":["GET"]}}],"collection":[{"href":"https:\/\/www.healthy-heart.org\/fi\/wp-json\/wp\/v2\/pages"}],"about":[{"href":"https:\/\/www.healthy-heart.org\/fi\/wp-json\/wp\/v2\/types\/page"}],"author":[{"embeddable":true,"href":"https:\/\/www.healthy-heart.org\/fi\/wp-json\/wp\/v2\/users\/2"}],"replies":[{"embeddable":true,"href":"https:\/\/www.healthy-heart.org\/fi\/wp-json\/wp\/v2\/comments?post=7091"}],"version-history":[{"count":1,"href":"https:\/\/www.healthy-heart.org\/fi\/wp-json\/wp\/v2\/pages\/7091\/revisions"}],"predecessor-version":[{"id":7103,"href":"https:\/\/www.healthy-heart.org\/fi\/wp-json\/wp\/v2\/pages\/7091\/revisions\/7103"}],"wp:attachment":[{"href":"https:\/\/www.healthy-heart.org\/fi\/wp-json\/wp\/v2\/media?parent=7091"}],"wp:term":[{"taxonomy":"category","embeddable":true,"href":"https:\/\/www.healthy-heart.org\/fi\/wp-json\/wp\/v2\/categories?post=7091"},{"taxonomy":"post_tag","embeddable":true,"href":"https:\/\/www.healthy-heart.org\/fi\/wp-json\/wp\/v2\/tags?post=7091"}],"curies":[{"name":"wp","href":"https:\/\/api.w.org\/{rel}","templated":true}]}}