{"id":5359,"date":"2021-02-12T12:55:57","date_gmt":"2021-02-12T12:55:57","guid":{"rendered":"https:\/\/www.healthy-heart.org\/tekijat\/"},"modified":"2021-02-12T12:55:57","modified_gmt":"2021-02-12T12:55:57","slug":"tekijat","status":"publish","type":"page","link":"https:\/\/www.healthy-heart.org\/fi\/tekijat\/","title":{"rendered":"Tekij\u00e4t"},"content":{"rendered":"<p>T\u00e4m\u00e4 verkkosivusto on kehitetty osana syd\u00e4n- ja verisuonitautien ehk\u00e4isyyn t\u00e4ht\u00e4\u00e4v\u00e4\u00e4 ESC Prevention of CVD Programme -ohjelmaa, jota johtaa European Association of Preventive Cardiology (EAPC) yhteisty\u00f6ss\u00e4 Association for Acute CardioVascular Care (ACVC)-yhdistyksen ja Association of Cardiovascular Nursing &amp; Allied Professionals (ACNAP) -yhdistyksen kanssa.<\/p>\n<p>Verkkosivuston sis\u00e4lt\u00f6 on alkuper\u00e4ist\u00e4 ja perustuu ESC:n European Practice Guidelines -ohjeistuksen mukaisiin suosituksiin.<\/p>\n<p>Kiit\u00e4mme seuraavia vapaaehtoisia tekij\u00f6it\u00e4 heid\u00e4n panoksestaan t\u00e4m\u00e4n verkkosivuston sis\u00e4ll\u00f6n luomisessa:<\/p>\n<table class=\"no-border\">\n<tbody>\n<tr>\n<td>\n<ul>\n<li>Neil Angus<\/li>\n<li>Maria B\u00e4ck<\/li>\n<li>Ugo Corra<\/li>\n<li>Flavio D&#8217;Ascenzi<\/li>\n<li>Guy de Backer<\/li>\n<li>Tine de Backer<\/li>\n<li>Silvia Castelletti<\/li>\n<li>Mark Cobain<\/li>\n<li>Karen De Munck<\/li>\n<li>Paul Dendale<\/li>\n<li>Jannick A.N. Dorresteijn<\/li>\n<li>Ines Frederix<\/li>\n<li>Andreas Gevaert<\/li>\n<li>Ian Graham<\/li>\n<li>Dominique Hansen<\/li>\n<li>Jeroen Hendriks<\/li>\n<li>Stefan H\u00f6fer<\/li>\n<li>Kees Hovingh<\/li>\n<li>Tiny Jaarsma<\/li>\n<li>Arne Janssen<\/li>\n<li>Claire Kerins<\/li>\n<li>Mary Kerins<\/li>\n<li>Konstantin Krychtiuk<\/li>\n<\/ul>\n<\/td>\n<td>\n<ul>\n<li>Gerry Lee<\/li>\n<li>Sergio Leonardi<\/li>\n<li>Dassy Levy<\/li>\n<li>Carolina Lombardi<\/li>\n<li>Gabrielle McKee<\/li>\n<li>Alexandru Mischie<\/li>\n<li>Lis Neubeck<\/li>\n<li>Josef Niebauer<\/li>\n<li>Demosthenes Panagiotakos<\/li>\n<li>Gianfranco Parati<\/li>\n<li>Lene Pedersen<\/li>\n<li>Martino Pengo<\/li>\n<li>Massimo F. Piepoli<\/li>\n<li>Eva Prescott<\/li>\n<li>Gabriele Riccardi<\/li>\n<li>Martijn Scherreberg<\/li>\n<li>Walter Speidl<\/li>\n<li>Izabella Uchmanowicz<\/li>\n<li>Frank Vandereyt<\/li>\n<li>Vass Vassiliou<\/li>\n<li>Monique Verschuren<\/li>\n<li>Frank L.J. Visseren<\/li>\n<li>Christiaan Vrints<\/li>\n<\/ul>\n<\/td>\n<\/tr>\n<\/tbody>\n<\/table>\n<p>&nbsp;<\/p>\n<p style=\"font-weight: 400;\">Kiit\u00e4mme seuraavia ESC:n potilasfoorumin j\u00e4seni\u00e4, jotka ovat osallistuneet t\u00e4m\u00e4n verkkosivuston kehitt\u00e4miseen:<\/p>\n<ul style=\"font-weight: 400;\">\n<li>Inga Drossart<\/li>\n<li>Dan Foldager<\/li>\n<li>Henrik Norrild<\/li>\n<li>James Ainslie<\/li>\n<\/ul>\n<p>&nbsp;<\/p>\n<p>Kiit\u00e4mme seuraavia vapaaehtoisia heid\u00e4n panoksestaan t\u00e4m\u00e4n verkkosivuston sis\u00e4ll\u00f6n tarkistamisessa:<\/p>\n<table class=\"no-border\">\n<tbody>\n<tr>\n<td>\n<ul>\n<li>Marie-Christine Iliou (ranska)<\/li>\n<li>Salvatore Novo (italia)<\/li>\n<li>Regina Dalmau (espanja)<\/li>\n<li>Piotr Jankowski (puola)<\/li>\n<li>Vincent Aengevaeren (hollanti)<\/li>\n<li>Dan Gaita (romania)<\/li>\n<li>Stefan Busnatu (romania)<\/li>\n<\/ul>\n<\/td>\n<td>\n<ul>\n<li>Iulia Kulcsar (romania)<\/li>\n<li>Olga Sokolova (ven\u00e4j\u00e4)<\/li>\n<li>Oksana Sivakova (ven\u00e4j\u00e4)<\/li>\n<li>Ana Abreu (portugali)<\/li>\n<li>Filipa Homem (portugali)<\/li>\n<li>Linh Phung (saksa)<\/li>\n<li>Daniel Forndron (saksa)<\/li>\n<\/ul>\n<\/td>\n<\/tr>\n<\/tbody>\n<\/table>\n<p>&nbsp;<\/p>\n","protected":false},"excerpt":{"rendered":"<p>T\u00e4m\u00e4 verkkosivusto on kehitetty osana syd\u00e4n- ja verisuonitautien ehk\u00e4isyyn t\u00e4ht\u00e4\u00e4v\u00e4\u00e4 ESC Prevention of CVD Programme -ohjelmaa, jota johtaa European Association of Preventive Cardiology (EAPC) yhteisty\u00f6ss\u00e4 Association for Acute CardioVascular Care (ACVC)-yhdistyksen ja Association of Cardiovascular Nursing &amp; Allied Professionals (ACNAP) -yhdistyksen kanssa. Verkkosivuston sis\u00e4lt\u00f6 on alkuper\u00e4ist\u00e4 ja perustuu ESC:n European Practice Guidelines -ohjeistuksen mukaisiin suosituksiin. [&hellip;]<\/p>\n","protected":false},"author":1,"featured_media":5361,"parent":0,"menu_order":0,"comment_status":"closed","ping_status":"closed","template":"templates\/full.php","meta":{"_acf_changed":false,"footnotes":""},"categories":[],"tags":[],"class_list":["post-5359","page","type-page","status-publish","has-post-thumbnail","hentry"],"acf":[],"yoast_head":"<!-- This site is optimized with the Yoast SEO plugin v24.0 - https:\/\/yoast.com\/wordpress\/plugins\/seo\/ -->\n<title>Tekij\u00e4t - Healthy-Heart.org<\/title>\n<meta name=\"description\" content=\"T\u00e4m\u00e4n verkkosivuston on luonut European Society of Cardiology osana syd\u00e4n- ja verisuonitautien ehk\u00e4isyyn t\u00e4ht\u00e4\u00e4v\u00e4\u00e4 ESC Prevention of CVD Programme -ohjelmaa.\" \/>\n<meta name=\"robots\" content=\"index, follow, max-snippet:-1, max-image-preview:large, max-video-preview:-1\" \/>\n<link rel=\"canonical\" href=\"https:\/\/www.healthy-heart.org\/fi\/tekijat\/\" \/>\n<meta property=\"og:locale\" content=\"fi_FI\" \/>\n<meta property=\"og:type\" content=\"article\" \/>\n<meta property=\"og:title\" content=\"Tekij\u00e4t - Healthy-Heart.org\" \/>\n<meta property=\"og:description\" content=\"T\u00e4m\u00e4n verkkosivuston on luonut European Society of Cardiology osana syd\u00e4n- ja verisuonitautien ehk\u00e4isyyn t\u00e4ht\u00e4\u00e4v\u00e4\u00e4 ESC Prevention of CVD Programme -ohjelmaa.\" \/>\n<meta property=\"og:url\" content=\"https:\/\/www.healthy-heart.org\/fi\/tekijat\/\" \/>\n<meta property=\"og:site_name\" content=\"Healthy-Heart.org\" \/>\n<meta property=\"og:image\" content=\"https:\/\/www.healthy-heart.org\/wp-content\/uploads\/2019\/07\/EAPC-BOGO-e1564135828320.png\" \/>\n\t<meta property=\"og:image:width\" content=\"253\" \/>\n\t<meta property=\"og:image:height\" content=\"125\" \/>\n\t<meta property=\"og:image:type\" content=\"image\/png\" \/>\n<meta name=\"twitter:card\" content=\"summary_large_image\" \/>\n<meta name=\"twitter:label1\" content=\"Est. reading time\" \/>\n\t<meta name=\"twitter:data1\" content=\"1 minute\" \/>\n<script type=\"application\/ld+json\" class=\"yoast-schema-graph\">{\"@context\":\"https:\/\/schema.org\",\"@graph\":[{\"@type\":\"WebPage\",\"@id\":\"https:\/\/www.healthy-heart.org\/fi\/tekijat\/\",\"url\":\"https:\/\/www.healthy-heart.org\/fi\/tekijat\/\",\"name\":\"Tekij\u00e4t - Healthy-Heart.org\",\"isPartOf\":{\"@id\":\"https:\/\/www.healthy-heart.org\/es\/#website\"},\"primaryImageOfPage\":{\"@id\":\"https:\/\/www.healthy-heart.org\/fi\/tekijat\/#primaryimage\"},\"image\":{\"@id\":\"https:\/\/www.healthy-heart.org\/fi\/tekijat\/#primaryimage\"},\"thumbnailUrl\":\"https:\/\/www.healthy-heart.org\/wp-content\/uploads\/2019\/07\/EAPC-BOGO-e1564135828320.png\",\"datePublished\":\"2021-02-12T12:55:57+00:00\",\"dateModified\":\"2021-02-12T12:55:57+00:00\",\"description\":\"T\u00e4m\u00e4n verkkosivuston on luonut European Society of Cardiology osana syd\u00e4n- ja verisuonitautien ehk\u00e4isyyn t\u00e4ht\u00e4\u00e4v\u00e4\u00e4 ESC Prevention of CVD Programme -ohjelmaa.\",\"breadcrumb\":{\"@id\":\"https:\/\/www.healthy-heart.org\/fi\/tekijat\/#breadcrumb\"},\"inLanguage\":\"fi-FI\",\"potentialAction\":[{\"@type\":\"ReadAction\",\"target\":[\"https:\/\/www.healthy-heart.org\/fi\/tekijat\/\"]}]},{\"@type\":\"ImageObject\",\"inLanguage\":\"fi-FI\",\"@id\":\"https:\/\/www.healthy-heart.org\/fi\/tekijat\/#primaryimage\",\"url\":\"https:\/\/www.healthy-heart.org\/wp-content\/uploads\/2019\/07\/EAPC-BOGO-e1564135828320.png\",\"contentUrl\":\"https:\/\/www.healthy-heart.org\/wp-content\/uploads\/2019\/07\/EAPC-BOGO-e1564135828320.png\",\"width\":253,\"height\":125},{\"@type\":\"BreadcrumbList\",\"@id\":\"https:\/\/www.healthy-heart.org\/fi\/tekijat\/#breadcrumb\",\"itemListElement\":[{\"@type\":\"ListItem\",\"position\":1,\"name\":\"Home\",\"item\":\"https:\/\/www.healthy-heart.org\/fi\/\"},{\"@type\":\"ListItem\",\"position\":2,\"name\":\"Tekij\u00e4t\"}]},{\"@type\":\"WebSite\",\"@id\":\"https:\/\/www.healthy-heart.org\/es\/#website\",\"url\":\"https:\/\/www.healthy-heart.org\/es\/\",\"name\":\"Healthy-Heart.org\",\"description\":\"Practical advice for patients and family care givers on the prevention of cardiovascular disease\",\"potentialAction\":[{\"@type\":\"SearchAction\",\"target\":{\"@type\":\"EntryPoint\",\"urlTemplate\":\"https:\/\/www.healthy-heart.org\/es\/?s={search_term_string}\"},\"query-input\":{\"@type\":\"PropertyValueSpecification\",\"valueRequired\":true,\"valueName\":\"search_term_string\"}}],\"inLanguage\":\"fi-FI\"}]}<\/script>\n<!-- \/ Yoast SEO plugin. -->","yoast_head_json":{"title":"Tekij\u00e4t - Healthy-Heart.org","description":"T\u00e4m\u00e4n verkkosivuston on luonut European Society of Cardiology osana syd\u00e4n- ja verisuonitautien ehk\u00e4isyyn t\u00e4ht\u00e4\u00e4v\u00e4\u00e4 ESC Prevention of CVD Programme -ohjelmaa.","robots":{"index":"index","follow":"follow","max-snippet":"max-snippet:-1","max-image-preview":"max-image-preview:large","max-video-preview":"max-video-preview:-1"},"canonical":"https:\/\/www.healthy-heart.org\/fi\/tekijat\/","og_locale":"fi_FI","og_type":"article","og_title":"Tekij\u00e4t - Healthy-Heart.org","og_description":"T\u00e4m\u00e4n verkkosivuston on luonut European Society of Cardiology osana syd\u00e4n- ja verisuonitautien ehk\u00e4isyyn t\u00e4ht\u00e4\u00e4v\u00e4\u00e4 ESC Prevention of CVD Programme -ohjelmaa.","og_url":"https:\/\/www.healthy-heart.org\/fi\/tekijat\/","og_site_name":"Healthy-Heart.org","og_image":[{"width":253,"height":125,"url":"https:\/\/www.healthy-heart.org\/wp-content\/uploads\/2019\/07\/EAPC-BOGO-e1564135828320.png","type":"image\/png"}],"twitter_card":"summary_large_image","twitter_misc":{"Est. reading time":"1 minute"},"schema":{"@context":"https:\/\/schema.org","@graph":[{"@type":"WebPage","@id":"https:\/\/www.healthy-heart.org\/fi\/tekijat\/","url":"https:\/\/www.healthy-heart.org\/fi\/tekijat\/","name":"Tekij\u00e4t - Healthy-Heart.org","isPartOf":{"@id":"https:\/\/www.healthy-heart.org\/es\/#website"},"primaryImageOfPage":{"@id":"https:\/\/www.healthy-heart.org\/fi\/tekijat\/#primaryimage"},"image":{"@id":"https:\/\/www.healthy-heart.org\/fi\/tekijat\/#primaryimage"},"thumbnailUrl":"https:\/\/www.healthy-heart.org\/wp-content\/uploads\/2019\/07\/EAPC-BOGO-e1564135828320.png","datePublished":"2021-02-12T12:55:57+00:00","dateModified":"2021-02-12T12:55:57+00:00","description":"T\u00e4m\u00e4n verkkosivuston on luonut European Society of Cardiology osana syd\u00e4n- ja verisuonitautien ehk\u00e4isyyn t\u00e4ht\u00e4\u00e4v\u00e4\u00e4 ESC Prevention of CVD Programme -ohjelmaa.","breadcrumb":{"@id":"https:\/\/www.healthy-heart.org\/fi\/tekijat\/#breadcrumb"},"inLanguage":"fi-FI","potentialAction":[{"@type":"ReadAction","target":["https:\/\/www.healthy-heart.org\/fi\/tekijat\/"]}]},{"@type":"ImageObject","inLanguage":"fi-FI","@id":"https:\/\/www.healthy-heart.org\/fi\/tekijat\/#primaryimage","url":"https:\/\/www.healthy-heart.org\/wp-content\/uploads\/2019\/07\/EAPC-BOGO-e1564135828320.png","contentUrl":"https:\/\/www.healthy-heart.org\/wp-content\/uploads\/2019\/07\/EAPC-BOGO-e1564135828320.png","width":253,"height":125},{"@type":"BreadcrumbList","@id":"https:\/\/www.healthy-heart.org\/fi\/tekijat\/#breadcrumb","itemListElement":[{"@type":"ListItem","position":1,"name":"Home","item":"https:\/\/www.healthy-heart.org\/fi\/"},{"@type":"ListItem","position":2,"name":"Tekij\u00e4t"}]},{"@type":"WebSite","@id":"https:\/\/www.healthy-heart.org\/es\/#website","url":"https:\/\/www.healthy-heart.org\/es\/","name":"Healthy-Heart.org","description":"Practical advice for patients and family care givers on the prevention of cardiovascular disease","potentialAction":[{"@type":"SearchAction","target":{"@type":"EntryPoint","urlTemplate":"https:\/\/www.healthy-heart.org\/es\/?s={search_term_string}"},"query-input":{"@type":"PropertyValueSpecification","valueRequired":true,"valueName":"search_term_string"}}],"inLanguage":"fi-FI"}]}},"_links":{"self":[{"href":"https:\/\/www.healthy-heart.org\/fi\/wp-json\/wp\/v2\/pages\/5359","targetHints":{"allow":["GET"]}}],"collection":[{"href":"https:\/\/www.healthy-heart.org\/fi\/wp-json\/wp\/v2\/pages"}],"about":[{"href":"https:\/\/www.healthy-heart.org\/fi\/wp-json\/wp\/v2\/types\/page"}],"author":[{"embeddable":true,"href":"https:\/\/www.healthy-heart.org\/fi\/wp-json\/wp\/v2\/users\/1"}],"replies":[{"embeddable":true,"href":"https:\/\/www.healthy-heart.org\/fi\/wp-json\/wp\/v2\/comments?post=5359"}],"version-history":[{"count":0,"href":"https:\/\/www.healthy-heart.org\/fi\/wp-json\/wp\/v2\/pages\/5359\/revisions"}],"wp:featuredmedia":[{"embeddable":true,"href":"https:\/\/www.healthy-heart.org\/fi\/wp-json\/wp\/v2\/media\/5361"}],"wp:attachment":[{"href":"https:\/\/www.healthy-heart.org\/fi\/wp-json\/wp\/v2\/media?parent=5359"}],"wp:term":[{"taxonomy":"category","embeddable":true,"href":"https:\/\/www.healthy-heart.org\/fi\/wp-json\/wp\/v2\/categories?post=5359"},{"taxonomy":"post_tag","embeddable":true,"href":"https:\/\/www.healthy-heart.org\/fi\/wp-json\/wp\/v2\/tags?post=5359"}],"curies":[{"name":"wp","href":"https:\/\/api.w.org\/{rel}","templated":true}]}}