{"id":5358,"date":"2021-02-12T12:55:55","date_gmt":"2021-02-12T12:55:55","guid":{"rendered":"https:\/\/www.healthy-heart.org\/usein-kysytyt-kysymykset\/"},"modified":"2021-02-25T11:58:34","modified_gmt":"2021-02-25T11:58:34","slug":"usein-kysytyt-kysymykset","status":"publish","type":"page","link":"https:\/\/www.healthy-heart.org\/fi\/usein-kysytyt-kysymykset\/","title":{"rendered":"Usein kysytyt kysymykset"},"content":{"rendered":"","protected":false},"excerpt":{"rendered":"","protected":false},"author":1,"featured_media":0,"parent":0,"menu_order":0,"comment_status":"closed","ping_status":"closed","template":"templates\/faq.php","meta":{"_acf_changed":false,"footnotes":""},"categories":[],"tags":[],"class_list":["post-5358","page","type-page","status-publish","hentry"],"acf":[],"yoast_head":"<!-- This site is optimized with the Yoast SEO plugin v24.0 - https:\/\/yoast.com\/wordpress\/plugins\/seo\/ -->\n<title>Usein kysytyt kysymykset - Healthy-Heart.org<\/title>\n<meta name=\"description\" content=\"Luettelo usein kysytyist\u00e4 syd\u00e4nsairauksia koskevista kysymyksist\u00e4.\" \/>\n<meta name=\"robots\" content=\"index, follow, max-snippet:-1, max-image-preview:large, max-video-preview:-1\" \/>\n<link rel=\"canonical\" href=\"https:\/\/www.healthy-heart.org\/fi\/usein-kysytyt-kysymykset\/\" \/>\n<meta property=\"og:locale\" content=\"fi_FI\" \/>\n<meta property=\"og:type\" content=\"article\" \/>\n<meta property=\"og:title\" content=\"Usein kysytyt kysymykset - Healthy-Heart.org\" \/>\n<meta property=\"og:description\" content=\"Luettelo usein kysytyist\u00e4 syd\u00e4nsairauksia koskevista kysymyksist\u00e4.\" \/>\n<meta property=\"og:url\" content=\"https:\/\/www.healthy-heart.org\/fi\/usein-kysytyt-kysymykset\/\" \/>\n<meta property=\"og:site_name\" content=\"Healthy-Heart.org\" \/>\n<meta property=\"article:modified_time\" content=\"2021-02-25T11:58:34+00:00\" \/>\n<meta name=\"twitter:card\" content=\"summary_large_image\" \/>\n<script type=\"application\/ld+json\" class=\"yoast-schema-graph\">{\"@context\":\"https:\/\/schema.org\",\"@graph\":[{\"@type\":\"WebPage\",\"@id\":\"https:\/\/www.healthy-heart.org\/fi\/usein-kysytyt-kysymykset\/\",\"url\":\"https:\/\/www.healthy-heart.org\/fi\/usein-kysytyt-kysymykset\/\",\"name\":\"Usein kysytyt kysymykset - Healthy-Heart.org\",\"isPartOf\":{\"@id\":\"https:\/\/www.healthy-heart.org\/es\/#website\"},\"datePublished\":\"2021-02-12T12:55:55+00:00\",\"dateModified\":\"2021-02-25T11:58:34+00:00\",\"description\":\"Luettelo usein kysytyist\u00e4 syd\u00e4nsairauksia koskevista kysymyksist\u00e4.\",\"breadcrumb\":{\"@id\":\"https:\/\/www.healthy-heart.org\/fi\/usein-kysytyt-kysymykset\/#breadcrumb\"},\"inLanguage\":\"fi-FI\",\"potentialAction\":[{\"@type\":\"ReadAction\",\"target\":[\"https:\/\/www.healthy-heart.org\/fi\/usein-kysytyt-kysymykset\/\"]}]},{\"@type\":\"BreadcrumbList\",\"@id\":\"https:\/\/www.healthy-heart.org\/fi\/usein-kysytyt-kysymykset\/#breadcrumb\",\"itemListElement\":[{\"@type\":\"ListItem\",\"position\":1,\"name\":\"Home\",\"item\":\"https:\/\/www.healthy-heart.org\/fi\/\"},{\"@type\":\"ListItem\",\"position\":2,\"name\":\"Usein kysytyt kysymykset\"}]},{\"@type\":\"WebSite\",\"@id\":\"https:\/\/www.healthy-heart.org\/es\/#website\",\"url\":\"https:\/\/www.healthy-heart.org\/es\/\",\"name\":\"Healthy-Heart.org\",\"description\":\"Practical advice for patients and family care givers on the prevention of cardiovascular disease\",\"potentialAction\":[{\"@type\":\"SearchAction\",\"target\":{\"@type\":\"EntryPoint\",\"urlTemplate\":\"https:\/\/www.healthy-heart.org\/es\/?s={search_term_string}\"},\"query-input\":{\"@type\":\"PropertyValueSpecification\",\"valueRequired\":true,\"valueName\":\"search_term_string\"}}],\"inLanguage\":\"fi-FI\"}]}<\/script>\n<!-- \/ Yoast SEO plugin. -->","yoast_head_json":{"title":"Usein kysytyt kysymykset - Healthy-Heart.org","description":"Luettelo usein kysytyist\u00e4 syd\u00e4nsairauksia koskevista kysymyksist\u00e4.","robots":{"index":"index","follow":"follow","max-snippet":"max-snippet:-1","max-image-preview":"max-image-preview:large","max-video-preview":"max-video-preview:-1"},"canonical":"https:\/\/www.healthy-heart.org\/fi\/usein-kysytyt-kysymykset\/","og_locale":"fi_FI","og_type":"article","og_title":"Usein kysytyt kysymykset - Healthy-Heart.org","og_description":"Luettelo usein kysytyist\u00e4 syd\u00e4nsairauksia koskevista kysymyksist\u00e4.","og_url":"https:\/\/www.healthy-heart.org\/fi\/usein-kysytyt-kysymykset\/","og_site_name":"Healthy-Heart.org","article_modified_time":"2021-02-25T11:58:34+00:00","twitter_card":"summary_large_image","schema":{"@context":"https:\/\/schema.org","@graph":[{"@type":"WebPage","@id":"https:\/\/www.healthy-heart.org\/fi\/usein-kysytyt-kysymykset\/","url":"https:\/\/www.healthy-heart.org\/fi\/usein-kysytyt-kysymykset\/","name":"Usein kysytyt kysymykset - Healthy-Heart.org","isPartOf":{"@id":"https:\/\/www.healthy-heart.org\/es\/#website"},"datePublished":"2021-02-12T12:55:55+00:00","dateModified":"2021-02-25T11:58:34+00:00","description":"Luettelo usein kysytyist\u00e4 syd\u00e4nsairauksia koskevista kysymyksist\u00e4.","breadcrumb":{"@id":"https:\/\/www.healthy-heart.org\/fi\/usein-kysytyt-kysymykset\/#breadcrumb"},"inLanguage":"fi-FI","potentialAction":[{"@type":"ReadAction","target":["https:\/\/www.healthy-heart.org\/fi\/usein-kysytyt-kysymykset\/"]}]},{"@type":"BreadcrumbList","@id":"https:\/\/www.healthy-heart.org\/fi\/usein-kysytyt-kysymykset\/#breadcrumb","itemListElement":[{"@type":"ListItem","position":1,"name":"Home","item":"https:\/\/www.healthy-heart.org\/fi\/"},{"@type":"ListItem","position":2,"name":"Usein kysytyt kysymykset"}]},{"@type":"WebSite","@id":"https:\/\/www.healthy-heart.org\/es\/#website","url":"https:\/\/www.healthy-heart.org\/es\/","name":"Healthy-Heart.org","description":"Practical advice for patients and family care givers on the prevention of cardiovascular disease","potentialAction":[{"@type":"SearchAction","target":{"@type":"EntryPoint","urlTemplate":"https:\/\/www.healthy-heart.org\/es\/?s={search_term_string}"},"query-input":{"@type":"PropertyValueSpecification","valueRequired":true,"valueName":"search_term_string"}}],"inLanguage":"fi-FI"}]}},"_links":{"self":[{"href":"https:\/\/www.healthy-heart.org\/fi\/wp-json\/wp\/v2\/pages\/5358","targetHints":{"allow":["GET"]}}],"collection":[{"href":"https:\/\/www.healthy-heart.org\/fi\/wp-json\/wp\/v2\/pages"}],"about":[{"href":"https:\/\/www.healthy-heart.org\/fi\/wp-json\/wp\/v2\/types\/page"}],"author":[{"embeddable":true,"href":"https:\/\/www.healthy-heart.org\/fi\/wp-json\/wp\/v2\/users\/1"}],"replies":[{"embeddable":true,"href":"https:\/\/www.healthy-heart.org\/fi\/wp-json\/wp\/v2\/comments?post=5358"}],"version-history":[{"count":3,"href":"https:\/\/www.healthy-heart.org\/fi\/wp-json\/wp\/v2\/pages\/5358\/revisions"}],"predecessor-version":[{"id":5596,"href":"https:\/\/www.healthy-heart.org\/fi\/wp-json\/wp\/v2\/pages\/5358\/revisions\/5596"}],"wp:attachment":[{"href":"https:\/\/www.healthy-heart.org\/fi\/wp-json\/wp\/v2\/media?parent=5358"}],"wp:term":[{"taxonomy":"category","embeddable":true,"href":"https:\/\/www.healthy-heart.org\/fi\/wp-json\/wp\/v2\/categories?post=5358"},{"taxonomy":"post_tag","embeddable":true,"href":"https:\/\/www.healthy-heart.org\/fi\/wp-json\/wp\/v2\/tags?post=5358"}],"curies":[{"name":"wp","href":"https:\/\/api.w.org\/{rel}","templated":true}]}}