{"id":5357,"date":"2021-02-12T12:55:53","date_gmt":"2021-02-12T12:55:53","guid":{"rendered":"https:\/\/www.healthy-heart.org\/hyodyllisia-linkkeja\/"},"modified":"2024-02-27T16:13:25","modified_gmt":"2024-02-27T16:13:25","slug":"hyodyllisia-linkkeja","status":"publish","type":"page","link":"https:\/\/www.healthy-heart.org\/fi\/hyodyllisia-linkkeja\/","title":{"rendered":"Hy\u00f6dyllisi\u00e4 linkkej\u00e4"},"content":{"rendered":"<h3><a href=\"https:\/\/www.afibmatters.org\">www.AfibMatters.org<\/a><\/h3>\n<p>K\u00e4rsitk\u00f6 sin\u00e4 tai k\u00e4rsiik\u00f6 joku tuntemasi henkil\u00f6 eteisv\u00e4rin\u00e4st\u00e4? L\u00f6yd\u00e4t kaikki tarvitsemasi tiedot t\u00e4lt\u00e4 terveydenhuollon ammattilaisten suunnittelemalta opetussivustolta.<\/p>\n<p>&nbsp;<\/p>\n<h3><a href=\"https:\/\/www.heartfailurematters.org\">www.HeartFailureMatters.org<\/a><\/h3>\n<p>K\u00e4yt\u00e4nn\u00f6n tietoa syd\u00e4men vajaatoiminnasta potilaille, perheille ja hoitajille. Tieto on per\u00e4isin Euroopan kardiologisen yhdistyksen syd\u00e4men vajaatoimintaj\u00e4rjest\u00f6lt\u00e4 (Heart Failure Association of the European Society of Cardiology).<\/p>\n<p>&nbsp;<\/p>\n<h3><a href=\"https:\/\/www.escardio.org\/Guidelines\/guidelines-for-patients\" target=\"_blank\" rel=\"noopener\">Euroopan kardiologisen yhdistyksen ohjeet potilaille<\/a><\/h3>\n<p>N\u00e4m\u00e4 Euroopan kardiologisen yhdistyksen kliinist\u00e4 tutkimustapaa koskeviin ohjeisiin perustuvat asiakirjat on tarkoitettu parantamaan ymm\u00e4rryst\u00e4si sairaudestasi sek\u00e4 tarjoamaan sinulle tietoa ja itseluottamusta osallistua p\u00e4\u00e4t\u00f6ksentekoon yhdess\u00e4 terveyspalveluiden tarjoajiesi kanssa<br \/>\n<a href=\"https:\/\/www.escardio.org\/static-file\/Escardio\/Guidelines\/Documents\/ESC%20Patient%20Guidelines%20CVD%20in%20patients%20with%20diabetes\"><img loading=\"lazy\" decoding=\"async\" class=\"size-full wp-image-7162 alignright\" src=\"https:\/\/cdn-endpoint-prev.azureedge.net\/healthy-heart\/2024\/02\/CVD_diabetes_patient_GL_cover_escardio-vPhotoMedium.png\" alt=\"\" width=\"176\" height=\"250\" srcset=\"https:\/\/cdn-endpoint-prev.azureedge.net\/healthy-heart\/2024\/02\/CVD_diabetes_patient_GL_cover_escardio-vPhotoMedium.png 176w, https:\/\/cdn-endpoint-prev.azureedge.net\/healthy-heart\/2024\/02\/CVD_diabetes_patient_GL_cover_escardio-vPhotoMedium-141x200.png 141w\" sizes=\"auto, (max-width: 176px) 100vw, 176px\" \/><\/a><\/p>\n<h4><a href=\"https:\/\/www.escardio.org\/static-file\/Escardio\/Guidelines\/Documents\/ESC%20Patient%20Guidelines%20CVD%20in%20patients%20with%20diabetes\">Diabetes<\/a><\/h4>\n<p>Diabeteksesta k\u00e4rsivill\u00e4 on suurempi riski sairastua syd\u00e4n- ja verisuonitauteihin sek\u00e4 saada syd\u00e4n- ja verisuonikohtauksia, kuten syd\u00e4nkohtauksia.<\/p>\n<p>T\u00e4m\u00e4 opas tarjoaa yleiskatsauksen uusimpiin n\u00e4ytt\u00f6\u00f6n perustuviin suosituksiin syd\u00e4n- ja verisuonisairauksien sek\u00e4 diabeteksen osalta. Se auttaa sinua ymm\u00e4rt\u00e4m\u00e4\u00e4n erityisesti<\/p>\n<ul>\n<li>eri sairauksia, jotka lis\u00e4\u00e4v\u00e4t syd\u00e4n- ja verisuonikohtausten riski\u00e4 diabetespotilailla<\/li>\n<li>syd\u00e4n- ja verisuoniriskin v\u00e4hent\u00e4miseen suositeltuja hoitoja<\/li>\n<li>syd\u00e4n- ja verisuoniriski\u00e4 v\u00e4hent\u00e4vi\u00e4 el\u00e4m\u00e4ntapamuutoksia<\/li>\n<\/ul>\n<p>&nbsp;<\/p>\n<h4><a href=\"https:\/\/www.escardio.org\/static-file\/Escardio\/Advocacy\/Documents\/ESC%20CVD%20prevention%20guidelines%20-%20final%20PDF.pdf\">syd\u00e4n- ja verisuonitautien ennaltaehk\u00e4isy\u00e4.<\/a><a href=\"https:\/\/www.escardio.org\/static-file\/Escardio\/Advocacy\/Documents\/ESC%20CVD%20prevention%20guidelines%20-%20final%20PDF.pdf\"><img loading=\"lazy\" decoding=\"async\" class=\"alignright wp-image-7149 size-full\" src=\"https:\/\/cdn-endpoint-prev.azureedge.net\/healthy-heart\/2024\/02\/Cover-image-CVDPrevention_escardio-hPhotoSmall.png\" alt=\"\" width=\"178\" height=\"250\" srcset=\"https:\/\/cdn-endpoint-prev.azureedge.net\/healthy-heart\/2024\/02\/Cover-image-CVDPrevention_escardio-hPhotoSmall.png 178w, https:\/\/www.healthy-heart.org\/wp-content\/uploads\/2024\/02\/Cover-image-CVDPrevention_escardio-hPhotoSmall-142x200.png 142w\" sizes=\"auto, (max-width: 178px) 100vw, 178px\" \/><\/a><\/h4>\n<p>T\u00e4m\u00e4 potilasoppaan tarkoitus on tarjota sinulle yleiskatsaus uusimpiin n\u00e4ytt\u00f6\u00f6n perustuviin suosituksiin syd\u00e4n- ja verisuonisairauksien ennaltaehk\u00e4isyn osalta. Se auttaa sinua ymm\u00e4rt\u00e4m\u00e4\u00e4n erityisesti<\/p>\n<ul>\n<li>syd\u00e4n- ja verisuonitautiriskin arviointia<\/li>\n<li>el\u00e4m\u00e4ntapamuutosten merkityst\u00e4 syd\u00e4n- ja verisuonisairauksien ennaltaehk\u00e4isyss\u00e4<\/li>\n<li>riskiprofiilisi perusteella sinulle mahdollisesti sopiviksi arvioituja hoitoja sek\u00e4 hoitotavoitteita.<\/li>\n<\/ul>\n<p>&nbsp;<\/p>\n<p>&nbsp;<\/p>\n<p>&nbsp;<\/p>\n<p>&nbsp;<\/p>\n","protected":false},"excerpt":{"rendered":"<p>www.AfibMatters.org K\u00e4rsitk\u00f6 sin\u00e4 tai k\u00e4rsiik\u00f6 joku tuntemasi henkil\u00f6 eteisv\u00e4rin\u00e4st\u00e4? L\u00f6yd\u00e4t kaikki tarvitsemasi tiedot t\u00e4lt\u00e4 terveydenhuollon ammattilaisten suunnittelemalta opetussivustolta. &nbsp; www.HeartFailureMatters.org K\u00e4yt\u00e4nn\u00f6n tietoa syd\u00e4men vajaatoiminnasta potilaille, perheille ja hoitajille. Tieto on per\u00e4isin Euroopan kardiologisen yhdistyksen syd\u00e4men vajaatoimintaj\u00e4rjest\u00f6lt\u00e4 (Heart Failure Association of the European Society of Cardiology). &nbsp; Euroopan kardiologisen yhdistyksen ohjeet potilaille N\u00e4m\u00e4 Euroopan kardiologisen yhdistyksen [&hellip;]<\/p>\n","protected":false},"author":1,"featured_media":5288,"parent":0,"menu_order":0,"comment_status":"closed","ping_status":"closed","template":"templates\/full.php","meta":{"_acf_changed":false,"footnotes":""},"categories":[],"tags":[],"class_list":["post-5357","page","type-page","status-publish","has-post-thumbnail","hentry"],"acf":[],"yoast_head":"<!-- This site is optimized with the Yoast SEO plugin v24.0 - https:\/\/yoast.com\/wordpress\/plugins\/seo\/ -->\n<title>Hy\u00f6dyllisi\u00e4 linkkej\u00e4 - Healthy-Heart.org<\/title>\n<meta name=\"description\" content=\"Syd\u00e4meen liittyv\u00e4t linkit tarjoavat lis\u00e4\u00e4 hy\u00f6dyllist\u00e4 tietoa.\" \/>\n<meta name=\"robots\" content=\"index, follow, max-snippet:-1, max-image-preview:large, max-video-preview:-1\" \/>\n<link rel=\"canonical\" href=\"https:\/\/www.healthy-heart.org\/fi\/hyodyllisia-linkkeja\/\" \/>\n<meta property=\"og:locale\" content=\"fi_FI\" \/>\n<meta property=\"og:type\" content=\"article\" \/>\n<meta property=\"og:title\" content=\"Hy\u00f6dyllisi\u00e4 linkkej\u00e4 - Healthy-Heart.org\" \/>\n<meta property=\"og:description\" content=\"Syd\u00e4meen liittyv\u00e4t linkit tarjoavat lis\u00e4\u00e4 hy\u00f6dyllist\u00e4 tietoa.\" \/>\n<meta property=\"og:url\" content=\"https:\/\/www.healthy-heart.org\/fi\/hyodyllisia-linkkeja\/\" \/>\n<meta property=\"og:site_name\" content=\"Healthy-Heart.org\" \/>\n<meta property=\"article:modified_time\" content=\"2024-02-27T16:13:25+00:00\" \/>\n<meta property=\"og:image\" content=\"https:\/\/www.healthy-heart.org\/wp-content\/uploads\/2019\/07\/iStock-475709316-e1565872544506-scaled.jpg\" \/>\n\t<meta property=\"og:image:width\" content=\"2560\" \/>\n\t<meta property=\"og:image:height\" content=\"1689\" \/>\n\t<meta property=\"og:image:type\" content=\"image\/jpeg\" \/>\n<meta name=\"twitter:card\" content=\"summary_large_image\" \/>\n<meta name=\"twitter:label1\" content=\"Est. reading time\" \/>\n\t<meta name=\"twitter:data1\" content=\"1 minute\" \/>\n<script type=\"application\/ld+json\" class=\"yoast-schema-graph\">{\"@context\":\"https:\/\/schema.org\",\"@graph\":[{\"@type\":\"WebPage\",\"@id\":\"https:\/\/www.healthy-heart.org\/fi\/hyodyllisia-linkkeja\/\",\"url\":\"https:\/\/www.healthy-heart.org\/fi\/hyodyllisia-linkkeja\/\",\"name\":\"Hy\u00f6dyllisi\u00e4 linkkej\u00e4 - Healthy-Heart.org\",\"isPartOf\":{\"@id\":\"https:\/\/www.healthy-heart.org\/es\/#website\"},\"primaryImageOfPage\":{\"@id\":\"https:\/\/www.healthy-heart.org\/fi\/hyodyllisia-linkkeja\/#primaryimage\"},\"image\":{\"@id\":\"https:\/\/www.healthy-heart.org\/fi\/hyodyllisia-linkkeja\/#primaryimage\"},\"thumbnailUrl\":\"https:\/\/www.healthy-heart.org\/wp-content\/uploads\/2019\/07\/iStock-475709316-e1565872544506-scaled.jpg\",\"datePublished\":\"2021-02-12T12:55:53+00:00\",\"dateModified\":\"2024-02-27T16:13:25+00:00\",\"description\":\"Syd\u00e4meen liittyv\u00e4t linkit tarjoavat lis\u00e4\u00e4 hy\u00f6dyllist\u00e4 tietoa.\",\"breadcrumb\":{\"@id\":\"https:\/\/www.healthy-heart.org\/fi\/hyodyllisia-linkkeja\/#breadcrumb\"},\"inLanguage\":\"fi-FI\",\"potentialAction\":[{\"@type\":\"ReadAction\",\"target\":[\"https:\/\/www.healthy-heart.org\/fi\/hyodyllisia-linkkeja\/\"]}]},{\"@type\":\"ImageObject\",\"inLanguage\":\"fi-FI\",\"@id\":\"https:\/\/www.healthy-heart.org\/fi\/hyodyllisia-linkkeja\/#primaryimage\",\"url\":\"https:\/\/www.healthy-heart.org\/wp-content\/uploads\/2019\/07\/iStock-475709316-e1565872544506-scaled.jpg\",\"contentUrl\":\"https:\/\/www.healthy-heart.org\/wp-content\/uploads\/2019\/07\/iStock-475709316-e1565872544506-scaled.jpg\",\"width\":2560,\"height\":1689},{\"@type\":\"BreadcrumbList\",\"@id\":\"https:\/\/www.healthy-heart.org\/fi\/hyodyllisia-linkkeja\/#breadcrumb\",\"itemListElement\":[{\"@type\":\"ListItem\",\"position\":1,\"name\":\"Home\",\"item\":\"https:\/\/www.healthy-heart.org\/fi\/\"},{\"@type\":\"ListItem\",\"position\":2,\"name\":\"Hy\u00f6dyllisi\u00e4 linkkej\u00e4\"}]},{\"@type\":\"WebSite\",\"@id\":\"https:\/\/www.healthy-heart.org\/es\/#website\",\"url\":\"https:\/\/www.healthy-heart.org\/es\/\",\"name\":\"Healthy-Heart.org\",\"description\":\"Practical advice for patients and family care givers on the prevention of cardiovascular disease\",\"potentialAction\":[{\"@type\":\"SearchAction\",\"target\":{\"@type\":\"EntryPoint\",\"urlTemplate\":\"https:\/\/www.healthy-heart.org\/es\/?s={search_term_string}\"},\"query-input\":{\"@type\":\"PropertyValueSpecification\",\"valueRequired\":true,\"valueName\":\"search_term_string\"}}],\"inLanguage\":\"fi-FI\"}]}<\/script>\n<!-- \/ Yoast SEO plugin. -->","yoast_head_json":{"title":"Hy\u00f6dyllisi\u00e4 linkkej\u00e4 - Healthy-Heart.org","description":"Syd\u00e4meen liittyv\u00e4t linkit tarjoavat lis\u00e4\u00e4 hy\u00f6dyllist\u00e4 tietoa.","robots":{"index":"index","follow":"follow","max-snippet":"max-snippet:-1","max-image-preview":"max-image-preview:large","max-video-preview":"max-video-preview:-1"},"canonical":"https:\/\/www.healthy-heart.org\/fi\/hyodyllisia-linkkeja\/","og_locale":"fi_FI","og_type":"article","og_title":"Hy\u00f6dyllisi\u00e4 linkkej\u00e4 - Healthy-Heart.org","og_description":"Syd\u00e4meen liittyv\u00e4t linkit tarjoavat lis\u00e4\u00e4 hy\u00f6dyllist\u00e4 tietoa.","og_url":"https:\/\/www.healthy-heart.org\/fi\/hyodyllisia-linkkeja\/","og_site_name":"Healthy-Heart.org","article_modified_time":"2024-02-27T16:13:25+00:00","og_image":[{"width":2560,"height":1689,"url":"https:\/\/www.healthy-heart.org\/wp-content\/uploads\/2019\/07\/iStock-475709316-e1565872544506-scaled.jpg","type":"image\/jpeg"}],"twitter_card":"summary_large_image","twitter_misc":{"Est. reading time":"1 minute"},"schema":{"@context":"https:\/\/schema.org","@graph":[{"@type":"WebPage","@id":"https:\/\/www.healthy-heart.org\/fi\/hyodyllisia-linkkeja\/","url":"https:\/\/www.healthy-heart.org\/fi\/hyodyllisia-linkkeja\/","name":"Hy\u00f6dyllisi\u00e4 linkkej\u00e4 - Healthy-Heart.org","isPartOf":{"@id":"https:\/\/www.healthy-heart.org\/es\/#website"},"primaryImageOfPage":{"@id":"https:\/\/www.healthy-heart.org\/fi\/hyodyllisia-linkkeja\/#primaryimage"},"image":{"@id":"https:\/\/www.healthy-heart.org\/fi\/hyodyllisia-linkkeja\/#primaryimage"},"thumbnailUrl":"https:\/\/www.healthy-heart.org\/wp-content\/uploads\/2019\/07\/iStock-475709316-e1565872544506-scaled.jpg","datePublished":"2021-02-12T12:55:53+00:00","dateModified":"2024-02-27T16:13:25+00:00","description":"Syd\u00e4meen liittyv\u00e4t linkit tarjoavat lis\u00e4\u00e4 hy\u00f6dyllist\u00e4 tietoa.","breadcrumb":{"@id":"https:\/\/www.healthy-heart.org\/fi\/hyodyllisia-linkkeja\/#breadcrumb"},"inLanguage":"fi-FI","potentialAction":[{"@type":"ReadAction","target":["https:\/\/www.healthy-heart.org\/fi\/hyodyllisia-linkkeja\/"]}]},{"@type":"ImageObject","inLanguage":"fi-FI","@id":"https:\/\/www.healthy-heart.org\/fi\/hyodyllisia-linkkeja\/#primaryimage","url":"https:\/\/www.healthy-heart.org\/wp-content\/uploads\/2019\/07\/iStock-475709316-e1565872544506-scaled.jpg","contentUrl":"https:\/\/www.healthy-heart.org\/wp-content\/uploads\/2019\/07\/iStock-475709316-e1565872544506-scaled.jpg","width":2560,"height":1689},{"@type":"BreadcrumbList","@id":"https:\/\/www.healthy-heart.org\/fi\/hyodyllisia-linkkeja\/#breadcrumb","itemListElement":[{"@type":"ListItem","position":1,"name":"Home","item":"https:\/\/www.healthy-heart.org\/fi\/"},{"@type":"ListItem","position":2,"name":"Hy\u00f6dyllisi\u00e4 linkkej\u00e4"}]},{"@type":"WebSite","@id":"https:\/\/www.healthy-heart.org\/es\/#website","url":"https:\/\/www.healthy-heart.org\/es\/","name":"Healthy-Heart.org","description":"Practical advice for patients and family care givers on the prevention of cardiovascular disease","potentialAction":[{"@type":"SearchAction","target":{"@type":"EntryPoint","urlTemplate":"https:\/\/www.healthy-heart.org\/es\/?s={search_term_string}"},"query-input":{"@type":"PropertyValueSpecification","valueRequired":true,"valueName":"search_term_string"}}],"inLanguage":"fi-FI"}]}},"_links":{"self":[{"href":"https:\/\/www.healthy-heart.org\/fi\/wp-json\/wp\/v2\/pages\/5357","targetHints":{"allow":["GET"]}}],"collection":[{"href":"https:\/\/www.healthy-heart.org\/fi\/wp-json\/wp\/v2\/pages"}],"about":[{"href":"https:\/\/www.healthy-heart.org\/fi\/wp-json\/wp\/v2\/types\/page"}],"author":[{"embeddable":true,"href":"https:\/\/www.healthy-heart.org\/fi\/wp-json\/wp\/v2\/users\/1"}],"replies":[{"embeddable":true,"href":"https:\/\/www.healthy-heart.org\/fi\/wp-json\/wp\/v2\/comments?post=5357"}],"version-history":[{"count":2,"href":"https:\/\/www.healthy-heart.org\/fi\/wp-json\/wp\/v2\/pages\/5357\/revisions"}],"predecessor-version":[{"id":7209,"href":"https:\/\/www.healthy-heart.org\/fi\/wp-json\/wp\/v2\/pages\/5357\/revisions\/7209"}],"wp:featuredmedia":[{"embeddable":true,"href":"https:\/\/www.healthy-heart.org\/fi\/wp-json\/wp\/v2\/media\/5288"}],"wp:attachment":[{"href":"https:\/\/www.healthy-heart.org\/fi\/wp-json\/wp\/v2\/media?parent=5357"}],"wp:term":[{"taxonomy":"category","embeddable":true,"href":"https:\/\/www.healthy-heart.org\/fi\/wp-json\/wp\/v2\/categories?post=5357"},{"taxonomy":"post_tag","embeddable":true,"href":"https:\/\/www.healthy-heart.org\/fi\/wp-json\/wp\/v2\/tags?post=5357"}],"curies":[{"name":"wp","href":"https:\/\/api.w.org\/{rel}","templated":true}]}}