{"id":5352,"date":"2021-02-12T12:55:50","date_gmt":"2021-02-12T12:55:50","guid":{"rendered":"https:\/\/www.healthy-heart.org\/kayttoehdot\/"},"modified":"2021-02-12T12:55:50","modified_gmt":"2021-02-12T12:55:50","slug":"kayttoehdot","status":"publish","type":"page","link":"https:\/\/www.healthy-heart.org\/fi\/kayttoehdot\/","title":{"rendered":"K\u00e4ytt\u00f6ehdot"},"content":{"rendered":"<h2>T\u00e4m\u00e4n sivuston tarkoitus:<\/h2>\n<ul>\n<li>Luotettavan tiedon ja k\u00e4yt\u00e4nn\u00f6n neuvojen antaminen syd\u00e4n- ja verisuonitaudeista ja niiden ehk\u00e4isemisest\u00e4.<\/li>\n<li>Syd\u00e4n- ja verisuonitauteja koskevan tiedon parantaminen ja terveellisten elintapojen hy\u00f6tyjen edist\u00e4minen.<\/li>\n<\/ul>\n<p>Kaikki t\u00e4m\u00e4n sivuston suositukset on esitetty eurooppalaisten suositusten mukaisesti (<a href=\"https:\/\/www.escardio.org\/Guidelines\/Clinical-Practice-Guidelines\/CVD-Prevention-in-clinical-practice-European-Guidelines-on\">katso syd\u00e4n- ja verisuonitautien ehk\u00e4isy\u00e4 kliinisiss\u00e4 k\u00e4yt\u00e4nn\u00f6iss\u00e4 koskevat eurooppalaiset suositukset t\u00e4\u00e4lt\u00e4)<\/a>.<\/p>\n<h3>1. K\u00e4ytt\u00f6ehdot<\/h3>\n<p>Healthy-heart.org-verkkosivusto on luotu European Association of Preventive Cardiologyn johdolla yhteisty\u00f6ss\u00e4 Association for Acute CardioVascular Care (ACVC) -yhdistyksen ja Association of Cardiovascular Nursing &amp; Allied Professionals (ACNAP) -yhdistyksen kanssa, jotka ovat European Society of Cardiologyn (ESC) j\u00e4seni\u00e4. ESC tarjoaa p\u00e4\u00e4syn t\u00e4lle verkkosivustolle sek\u00e4 sen k\u00e4yt\u00f6n seuraavien k\u00e4ytt\u00f6ehtojen mukaisesti:<\/p>\n<ol>\n<li>Jos k\u00e4yt\u00e4t t\u00e4t\u00e4 verkkosivustoa, hyv\u00e4ksyt n\u00e4m\u00e4 k\u00e4ytt\u00f6ehdot siit\u00e4 p\u00e4iv\u00e4st\u00e4 alkaen, jona k\u00e4yt\u00e4t sivustoa ensimm\u00e4isen kerran.<\/li>\n<li>ESC pid\u00e4tt\u00e4\u00e4 oikeuden muuttaa n\u00e4it\u00e4 k\u00e4ytt\u00f6ehtoja milloin tahansa julkaisemalla muutokset verkossa. Jos jatkat t\u00e4m\u00e4n sivuston k\u00e4ytt\u00f6\u00e4 muutosten julkaisemisen j\u00e4lkeen, hyv\u00e4ksyt t\u00e4m\u00e4n sopimuksen muutoksineen.<\/li>\n<li>Suostut siihen, ett\u00e4 k\u00e4yt\u00e4t t\u00e4t\u00e4 verkkosivustoa ainoastaan laillisiin tarkoituksiin ja tavalla, joka ei loukkaa kolmansien osapuolten oikeuksia tai rajoita tai est\u00e4 heit\u00e4 k\u00e4ytt\u00e4m\u00e4st\u00e4 sivustoa ja nauttimasta siit\u00e4.<\/li>\n<\/ol>\n<h3>2. Vastuuvapauslauseke<\/h3>\n<ol>\n<li>ESC ei ole miss\u00e4\u00e4n tapauksessa vastuussa k\u00e4ytt\u00e4j\u00e4lle tai kenellek\u00e4\u00e4n muulle mist\u00e4\u00e4n p\u00e4\u00e4t\u00f6ksist\u00e4 tai toimista, joita teht\u00e4ess\u00e4 on luotettu t\u00e4ll\u00e4 verkkosivulla oleviin tai sen kautta v\u00e4litettyihin tietoihin, tai mist\u00e4\u00e4n niist\u00e4 aiheutuvista satunnaisista, ep\u00e4suorista, erityisist\u00e4 tai seuraamuksellisista vahingoista.<\/li>\n<li>T\u00e4ll\u00e4 verkkosivustolla olevien tietojen on tarkoitus t\u00e4ydent\u00e4\u00e4 p\u00e4tevien l\u00e4\u00e4ketieteen ammattilaisten antamaa tukea ja hoitoa. T\u00e4m\u00e4n verkkosivuston ei ole tarkoitus korvata ammattimaista l\u00e4\u00e4ketieteellist\u00e4 neuvontaa tai sairaanhoitoa, eik\u00e4 t\u00e4llaista tarkoitusta anneta ymm\u00e4rt\u00e4\u00e4 olevan olemassa. Ennen mink\u00e4\u00e4n l\u00e4\u00e4kehoidon aloittamista (tai lopettamista) on aina kysytt\u00e4v\u00e4 neuvoa terveydenhuollon ammattilaiselta. T\u00e4t\u00e4 varten kaikki verkkosivustolla olevat tiedot annetaan yksinomaan opetustarkoituksiin.<\/li>\n<li>Vaikka ESC on tehnyt kaikki varotoimet verkkosivustoa laatiessaan, se ei voi tarkastaa kaikkia tietoja niiden paikkansapit\u00e4vyyden, tarkkuuden, luotettavuuden, t\u00e4ydellisyyden tai merkityksellisyyden m\u00e4\u00e4ritt\u00e4miseksi. ESC ei miss\u00e4\u00e4n tapauksessa ota mit\u00e4\u00e4n vastuuta mist\u00e4\u00e4n vahingoista, mukaan lukien ep\u00e4suorat ja seuraamukselliset vahingot, tai mist\u00e4\u00e4n vahingoista tai tulonmenetyksist\u00e4, jotka aiheutuvat sivuston k\u00e4yt\u00f6st\u00e4 tai liittyv\u00e4t sivuston k\u00e4ytt\u00f6\u00f6n, joko sopimuksen mukaisesti tai huolimattomuudesta johtuen, n\u00e4ihin kuitenkaan rajoittumatta.<\/li>\n<li>ESC tai siihen liittyv\u00e4 henkil\u00f6st\u00f6 tai verkkosivuston tekij\u00e4t eiv\u00e4t ole miss\u00e4\u00e4n tapauksessa vastuuvelvollisia sinulle verkkosivuston k\u00e4vij\u00e4n\u00e4 tai kenellek\u00e4\u00e4n muulle henkil\u00f6lle tai taholle mist\u00e4\u00e4n p\u00e4\u00e4t\u00f6ksist\u00e4 tai toimista, joita teht\u00e4ess\u00e4 on luotettu t\u00e4m\u00e4n verkkosivuston sis\u00e4lt\u00e4miin tietoihin. Ymm\u00e4rr\u00e4t, ett\u00e4 ESC tai siihen liittyv\u00e4 henkil\u00f6st\u00f6 tai verkkosivuston tekij\u00e4t eiv\u00e4t ole vastuussa mist\u00e4\u00e4n vahingoista (suorat, ep\u00e4suorat, satunnaiset, erityiset tai seuraamukselliset vahingot n\u00e4ihin rajoittumatta) tai tietojen tai tulojen menetyksist\u00e4 edes silloin, kun ESC:t\u00e4 tai siihen liittyv\u00e4\u00e4 henkil\u00f6st\u00f6\u00e4 tai verkkosivuston tekij\u00f6it\u00e4 on ohjeistettu t\u00e4llaisten menetysten mahdollisuudesta.<\/li>\n<li>ESC ei takaa, ett\u00e4 t\u00e4m\u00e4n verkkosivuston sis\u00e4lt\u00e4m\u00e4n aineiston tekniset toiminnot toimivat h\u00e4iri\u00f6tt\u00f6m\u00e4sti tai virheett\u00f6m\u00e4sti, ett\u00e4 virheet tullaan korjaamaan, tai ett\u00e4 t\u00e4m\u00e4 verkkosivusto tai sen saatavuuden takaava palvelin ovat vapaita viruksista tai virheist\u00e4 tai edustavat aineiston t\u00e4ytt\u00e4 toiminnallisuutta, tarkkuutta ja luotettavuutta.<\/li>\n<\/ol>\n<h3>3. Tekij\u00e4noikeusrajoitukset<\/h3>\n<ol>\n<li>Healthy-heart.org-sivuston omistaa European Society of Cardiology (ESC). Sill\u00e4 n\u00e4ytetyn sis\u00e4ll\u00f6n kaupallinen k\u00e4ytt\u00f6 ja julkaiseminen on ehdottomasti kielletty\u00e4 ilman ESC:n etuk\u00e4teen antamaa kirjallista lupaa.<br \/>\nT\u00e4ll\u00e4 sivustolla olevia asiakirjoja voidaan kopioida henkil\u00f6kohtaiseen ja muuhun kuin kaupalliseen k\u00e4ytt\u00f6\u00f6n vain sill\u00e4 ehdolla, ett\u00e4 tekij\u00e4noikeudet ja l\u00e4hdemaininnat kopioidaan my\u00f6s, aineistoon ei tehd\u00e4 muutoksia ja ett\u00e4 asiakirjat kopioidaan kokonaisina. Jotkin asiakirjat ja valokuvat on kuitenkin julkaistu t\u00e4ll\u00e4 verkkosivustolla niiden tekij\u00e4noikeuksien haltijoiden luvalla (eli ESC ei ole tekij\u00e4noikeuden haltija). Kaikki n\u00e4iden asiakirjojen oikeudet pid\u00e4tet\u00e4\u00e4n, ja lupaa niiden julkaisuun tulee pyyt\u00e4\u00e4 tekij\u00e4noikeuksien haltijoilta (l\u00e4hteet on mainittu asiakirjoissa\/valokuvissa).<\/li>\n<li>Luvaton k\u00e4ytt\u00f6 voi johtaa siihen, ett\u00e4 ESC:n on ryhdytt\u00e4v\u00e4 toimiin vaatiakseen kyseisen materiaalin poistamista n\u00e4kyvilt\u00e4\/jakelusta sek\u00e4 mahdollisiin oikeustoimiin.<\/li>\n<li>Verkkosivustolla on linkkej\u00e4 muiden tahojen kuin ESC:n yll\u00e4pit\u00e4mille verkkosivustoille. T\u00e4llaiset linkit tarjotaan vain k\u00e4ytt\u00e4j\u00e4n avuksi. ESC ei hallinnoi n\u00e4it\u00e4 verkkosivustoja tai vastaa niiden sis\u00e4ll\u00f6st\u00e4. Linkkien sis\u00e4llytt\u00e4minen ESC:n taholta ei tarkoita, ett\u00e4 kyseisten verkkosivustojen sis\u00e4lt\u00f6 hyv\u00e4ksytt\u00e4isiin, tai ett\u00e4 ESC:ll\u00e4 olisi yhteyksi\u00e4 niiden yll\u00e4pit\u00e4jiin. On k\u00e4ytt\u00e4j\u00e4n yksinomaisella vastuulla arvioida kolmansien osapuolten sivustoilla olevien tietojen tarkkuus ja t\u00e4ydellisyys sek\u00e4 kyseisten verkkosivustojen tarjoamien tavaroiden ja palveluiden arvo ja laatu.<br \/>\nJos n\u00e4it\u00e4 k\u00e4ytt\u00f6ehtoja ei hyv\u00e4ksyt\u00e4 kokonaisuudessaan, t\u00e4m\u00e4n sivuston k\u00e4ytt\u00f6 on lopetettava v\u00e4litt\u00f6m\u00e4sti.<\/li>\n<li>Tietosuoja<\/li>\n<\/ol>\n<p>K\u00e4ytt\u00e4j\u00e4tietoja saatetaan ker\u00e4t\u00e4, kun k\u00e4ytt\u00e4j\u00e4 k\u00e4ytt\u00e4\u00e4 verkkosivustoja. Lis\u00e4tietoja l\u00f6ytyy <a href=\"https:\/\/www.healthy-heart.org\/privacy-policy\/\">tietosuojak\u00e4yt\u00e4nn\u00f6st\u00e4mme<\/a>.<\/p>\n<p>Viimeisin p\u00e4ivitys: hein\u00e4kuu 2019<\/p>\n","protected":false},"excerpt":{"rendered":"<p>T\u00e4m\u00e4n sivuston tarkoitus: Luotettavan tiedon ja k\u00e4yt\u00e4nn\u00f6n neuvojen antaminen syd\u00e4n- ja verisuonitaudeista ja niiden ehk\u00e4isemisest\u00e4. Syd\u00e4n- ja verisuonitauteja koskevan tiedon parantaminen ja terveellisten elintapojen hy\u00f6tyjen edist\u00e4minen. Kaikki t\u00e4m\u00e4n sivuston suositukset on esitetty eurooppalaisten suositusten mukaisesti (katso syd\u00e4n- ja verisuonitautien ehk\u00e4isy\u00e4 kliinisiss\u00e4 k\u00e4yt\u00e4nn\u00f6iss\u00e4 koskevat eurooppalaiset suositukset t\u00e4\u00e4lt\u00e4). 1. K\u00e4ytt\u00f6ehdot Healthy-heart.org-verkkosivusto on luotu European Association of Preventive [&hellip;]<\/p>\n","protected":false},"author":1,"featured_media":5257,"parent":0,"menu_order":0,"comment_status":"closed","ping_status":"closed","template":"templates\/full.php","meta":{"_acf_changed":false,"footnotes":""},"categories":[],"tags":[],"class_list":["post-5352","page","type-page","status-publish","has-post-thumbnail","hentry"],"acf":[],"yoast_head":"<!-- This site is optimized with the Yoast SEO plugin v24.0 - https:\/\/yoast.com\/wordpress\/plugins\/seo\/ -->\n<title>K\u00e4ytt\u00f6ehdot - Healthy-Heart.org<\/title>\n<meta name=\"description\" content=\"Kaikki t\u00e4m\u00e4n sivuston suositukset ovat eurooppalaisten suositusten mukaisia.\" \/>\n<meta name=\"robots\" content=\"index, follow, max-snippet:-1, max-image-preview:large, max-video-preview:-1\" \/>\n<link rel=\"canonical\" href=\"https:\/\/www.healthy-heart.org\/fi\/kayttoehdot\/\" \/>\n<meta property=\"og:locale\" content=\"fi_FI\" \/>\n<meta property=\"og:type\" content=\"article\" \/>\n<meta property=\"og:title\" content=\"K\u00e4ytt\u00f6ehdot - Healthy-Heart.org\" \/>\n<meta property=\"og:description\" content=\"Kaikki t\u00e4m\u00e4n sivuston suositukset ovat eurooppalaisten suositusten mukaisia.\" \/>\n<meta property=\"og:url\" content=\"https:\/\/www.healthy-heart.org\/fi\/kayttoehdot\/\" \/>\n<meta property=\"og:site_name\" content=\"Healthy-Heart.org\" \/>\n<meta property=\"og:image\" content=\"https:\/\/www.healthy-heart.org\/wp-content\/uploads\/2019\/07\/primary.jpg\" \/>\n\t<meta property=\"og:image:width\" content=\"700\" \/>\n\t<meta property=\"og:image:height\" content=\"466\" \/>\n\t<meta property=\"og:image:type\" content=\"image\/jpeg\" \/>\n<meta name=\"twitter:card\" content=\"summary_large_image\" \/>\n<meta name=\"twitter:label1\" content=\"Est. reading time\" \/>\n\t<meta name=\"twitter:data1\" content=\"4 minutes\" \/>\n<script type=\"application\/ld+json\" class=\"yoast-schema-graph\">{\"@context\":\"https:\/\/schema.org\",\"@graph\":[{\"@type\":\"WebPage\",\"@id\":\"https:\/\/www.healthy-heart.org\/fi\/kayttoehdot\/\",\"url\":\"https:\/\/www.healthy-heart.org\/fi\/kayttoehdot\/\",\"name\":\"K\u00e4ytt\u00f6ehdot - Healthy-Heart.org\",\"isPartOf\":{\"@id\":\"https:\/\/www.healthy-heart.org\/es\/#website\"},\"primaryImageOfPage\":{\"@id\":\"https:\/\/www.healthy-heart.org\/fi\/kayttoehdot\/#primaryimage\"},\"image\":{\"@id\":\"https:\/\/www.healthy-heart.org\/fi\/kayttoehdot\/#primaryimage\"},\"thumbnailUrl\":\"https:\/\/www.healthy-heart.org\/wp-content\/uploads\/2019\/07\/primary.jpg\",\"datePublished\":\"2021-02-12T12:55:50+00:00\",\"dateModified\":\"2021-02-12T12:55:50+00:00\",\"description\":\"Kaikki t\u00e4m\u00e4n sivuston suositukset ovat eurooppalaisten suositusten mukaisia.\",\"breadcrumb\":{\"@id\":\"https:\/\/www.healthy-heart.org\/fi\/kayttoehdot\/#breadcrumb\"},\"inLanguage\":\"fi-FI\",\"potentialAction\":[{\"@type\":\"ReadAction\",\"target\":[\"https:\/\/www.healthy-heart.org\/fi\/kayttoehdot\/\"]}]},{\"@type\":\"ImageObject\",\"inLanguage\":\"fi-FI\",\"@id\":\"https:\/\/www.healthy-heart.org\/fi\/kayttoehdot\/#primaryimage\",\"url\":\"https:\/\/www.healthy-heart.org\/wp-content\/uploads\/2019\/07\/primary.jpg\",\"contentUrl\":\"https:\/\/www.healthy-heart.org\/wp-content\/uploads\/2019\/07\/primary.jpg\",\"width\":700,\"height\":466},{\"@type\":\"BreadcrumbList\",\"@id\":\"https:\/\/www.healthy-heart.org\/fi\/kayttoehdot\/#breadcrumb\",\"itemListElement\":[{\"@type\":\"ListItem\",\"position\":1,\"name\":\"Home\",\"item\":\"https:\/\/www.healthy-heart.org\/fi\/\"},{\"@type\":\"ListItem\",\"position\":2,\"name\":\"K\u00e4ytt\u00f6ehdot\"}]},{\"@type\":\"WebSite\",\"@id\":\"https:\/\/www.healthy-heart.org\/es\/#website\",\"url\":\"https:\/\/www.healthy-heart.org\/es\/\",\"name\":\"Healthy-Heart.org\",\"description\":\"Practical advice for patients and family care givers on the prevention of cardiovascular disease\",\"potentialAction\":[{\"@type\":\"SearchAction\",\"target\":{\"@type\":\"EntryPoint\",\"urlTemplate\":\"https:\/\/www.healthy-heart.org\/es\/?s={search_term_string}\"},\"query-input\":{\"@type\":\"PropertyValueSpecification\",\"valueRequired\":true,\"valueName\":\"search_term_string\"}}],\"inLanguage\":\"fi-FI\"}]}<\/script>\n<!-- \/ Yoast SEO plugin. -->","yoast_head_json":{"title":"K\u00e4ytt\u00f6ehdot - Healthy-Heart.org","description":"Kaikki t\u00e4m\u00e4n sivuston suositukset ovat eurooppalaisten suositusten mukaisia.","robots":{"index":"index","follow":"follow","max-snippet":"max-snippet:-1","max-image-preview":"max-image-preview:large","max-video-preview":"max-video-preview:-1"},"canonical":"https:\/\/www.healthy-heart.org\/fi\/kayttoehdot\/","og_locale":"fi_FI","og_type":"article","og_title":"K\u00e4ytt\u00f6ehdot - Healthy-Heart.org","og_description":"Kaikki t\u00e4m\u00e4n sivuston suositukset ovat eurooppalaisten suositusten mukaisia.","og_url":"https:\/\/www.healthy-heart.org\/fi\/kayttoehdot\/","og_site_name":"Healthy-Heart.org","og_image":[{"width":700,"height":466,"url":"https:\/\/www.healthy-heart.org\/wp-content\/uploads\/2019\/07\/primary.jpg","type":"image\/jpeg"}],"twitter_card":"summary_large_image","twitter_misc":{"Est. reading time":"4 minutes"},"schema":{"@context":"https:\/\/schema.org","@graph":[{"@type":"WebPage","@id":"https:\/\/www.healthy-heart.org\/fi\/kayttoehdot\/","url":"https:\/\/www.healthy-heart.org\/fi\/kayttoehdot\/","name":"K\u00e4ytt\u00f6ehdot - Healthy-Heart.org","isPartOf":{"@id":"https:\/\/www.healthy-heart.org\/es\/#website"},"primaryImageOfPage":{"@id":"https:\/\/www.healthy-heart.org\/fi\/kayttoehdot\/#primaryimage"},"image":{"@id":"https:\/\/www.healthy-heart.org\/fi\/kayttoehdot\/#primaryimage"},"thumbnailUrl":"https:\/\/www.healthy-heart.org\/wp-content\/uploads\/2019\/07\/primary.jpg","datePublished":"2021-02-12T12:55:50+00:00","dateModified":"2021-02-12T12:55:50+00:00","description":"Kaikki t\u00e4m\u00e4n sivuston suositukset ovat eurooppalaisten suositusten mukaisia.","breadcrumb":{"@id":"https:\/\/www.healthy-heart.org\/fi\/kayttoehdot\/#breadcrumb"},"inLanguage":"fi-FI","potentialAction":[{"@type":"ReadAction","target":["https:\/\/www.healthy-heart.org\/fi\/kayttoehdot\/"]}]},{"@type":"ImageObject","inLanguage":"fi-FI","@id":"https:\/\/www.healthy-heart.org\/fi\/kayttoehdot\/#primaryimage","url":"https:\/\/www.healthy-heart.org\/wp-content\/uploads\/2019\/07\/primary.jpg","contentUrl":"https:\/\/www.healthy-heart.org\/wp-content\/uploads\/2019\/07\/primary.jpg","width":700,"height":466},{"@type":"BreadcrumbList","@id":"https:\/\/www.healthy-heart.org\/fi\/kayttoehdot\/#breadcrumb","itemListElement":[{"@type":"ListItem","position":1,"name":"Home","item":"https:\/\/www.healthy-heart.org\/fi\/"},{"@type":"ListItem","position":2,"name":"K\u00e4ytt\u00f6ehdot"}]},{"@type":"WebSite","@id":"https:\/\/www.healthy-heart.org\/es\/#website","url":"https:\/\/www.healthy-heart.org\/es\/","name":"Healthy-Heart.org","description":"Practical advice for patients and family care givers on the prevention of cardiovascular disease","potentialAction":[{"@type":"SearchAction","target":{"@type":"EntryPoint","urlTemplate":"https:\/\/www.healthy-heart.org\/es\/?s={search_term_string}"},"query-input":{"@type":"PropertyValueSpecification","valueRequired":true,"valueName":"search_term_string"}}],"inLanguage":"fi-FI"}]}},"_links":{"self":[{"href":"https:\/\/www.healthy-heart.org\/fi\/wp-json\/wp\/v2\/pages\/5352","targetHints":{"allow":["GET"]}}],"collection":[{"href":"https:\/\/www.healthy-heart.org\/fi\/wp-json\/wp\/v2\/pages"}],"about":[{"href":"https:\/\/www.healthy-heart.org\/fi\/wp-json\/wp\/v2\/types\/page"}],"author":[{"embeddable":true,"href":"https:\/\/www.healthy-heart.org\/fi\/wp-json\/wp\/v2\/users\/1"}],"replies":[{"embeddable":true,"href":"https:\/\/www.healthy-heart.org\/fi\/wp-json\/wp\/v2\/comments?post=5352"}],"version-history":[{"count":0,"href":"https:\/\/www.healthy-heart.org\/fi\/wp-json\/wp\/v2\/pages\/5352\/revisions"}],"wp:featuredmedia":[{"embeddable":true,"href":"https:\/\/www.healthy-heart.org\/fi\/wp-json\/wp\/v2\/media\/5257"}],"wp:attachment":[{"href":"https:\/\/www.healthy-heart.org\/fi\/wp-json\/wp\/v2\/media?parent=5352"}],"wp:term":[{"taxonomy":"category","embeddable":true,"href":"https:\/\/www.healthy-heart.org\/fi\/wp-json\/wp\/v2\/categories?post=5352"},{"taxonomy":"post_tag","embeddable":true,"href":"https:\/\/www.healthy-heart.org\/fi\/wp-json\/wp\/v2\/tags?post=5352"}],"curies":[{"name":"wp","href":"https:\/\/api.w.org\/{rel}","templated":true}]}}