{"id":5349,"date":"2021-02-12T12:55:50","date_gmt":"2021-02-12T12:55:50","guid":{"rendered":"https:\/\/www.healthy-heart.org\/rahoitusapu\/"},"modified":"2024-02-27T16:13:22","modified_gmt":"2024-02-27T16:13:22","slug":"rahoitusapu","status":"publish","type":"page","link":"https:\/\/www.healthy-heart.org\/fi\/rahoitusapu\/","title":{"rendered":"Rahoitusapu"},"content":{"rendered":"<p>Healthy-heart.org on saanut tukea Daiichi Sankyo Europe GmbH:n my\u00f6nt\u00e4m\u00e4n koulutusapurahan muodossa. Toimeksiantaja ei ole vaikuttanut mill\u00e4\u00e4n tavoin tarjottuun tietoon.<\/p>\n<p>&nbsp;<\/p>\n<div align=\"center\"><img loading=\"lazy\" decoding=\"async\" class=\"wp-image-7135 aligncenter\" src=\"https:\/\/cdn-endpoint-prev.azureedge.net\/healthy-heart\/2024\/02\/Daiichi-Sankyo-350x344.jpg\" alt=\"\" width=\"217\" height=\"213\" srcset=\"https:\/\/www.healthy-heart.org\/wp-content\/uploads\/2024\/02\/Daiichi-Sankyo-350x344.jpg 350w, https:\/\/www.healthy-heart.org\/wp-content\/uploads\/2024\/02\/Daiichi-Sankyo-200x196.jpg 200w, https:\/\/www.healthy-heart.org\/wp-content\/uploads\/2024\/02\/Daiichi-Sankyo-768x754.jpg 768w, https:\/\/www.healthy-heart.org\/wp-content\/uploads\/2024\/02\/Daiichi-Sankyo-1024x1005.jpg 1024w, https:\/\/www.healthy-heart.org\/wp-content\/uploads\/2024\/02\/Daiichi-Sankyo-447x439.jpg 447w, https:\/\/www.healthy-heart.org\/wp-content\/uploads\/2024\/02\/Daiichi-Sankyo-473x464.jpg 473w, https:\/\/cdn-endpoint-prev.azureedge.net\/healthy-heart\/2024\/02\/Daiichi-Sankyo.jpg 1204w\" sizes=\"auto, (max-width: 217px) 100vw, 217px\" \/><\/div>\n<p>&nbsp;<\/p>\n<p>T\u00e4m\u00e4n verkkosivuston on luonut European Society of Cardiology osana syd\u00e4n- ja verisuonitautien ehk\u00e4isyyn t\u00e4ht\u00e4\u00e4v\u00e4\u00e4 ESC Prevention of CVD Programme -ohjelmaa (2019\u20132020), jota johtaa European Association of Preventive Cardiology (EAPC) yhteisty\u00f6ss\u00e4 Association for Acute CardioVascular Care (ACVC) -yhdistyksen ja Association of Cardiovascular Nursing &amp; Allied Professionals (ACNAP) -yhdistyksen kanssa.<\/p>\n<h3>Tuetut k\u00e4\u00e4nn\u00f6kset<\/h3>\n<p>T\u0161ekinkielinen k\u00e4\u00e4nn\u00f6s on saanut Czech Society of Cardiology -j\u00e4rjest\u00f6n my\u00f6nt\u00e4m\u00e4\u00e4 tukea.<\/p>\n","protected":false},"excerpt":{"rendered":"<p>Healthy-heart.org on saanut tukea Daiichi Sankyo Europe GmbH:n my\u00f6nt\u00e4m\u00e4n koulutusapurahan muodossa. Toimeksiantaja ei ole vaikuttanut mill\u00e4\u00e4n tavoin tarjottuun tietoon. &nbsp; &nbsp; T\u00e4m\u00e4n verkkosivuston on luonut European Society of Cardiology osana syd\u00e4n- ja verisuonitautien ehk\u00e4isyyn t\u00e4ht\u00e4\u00e4v\u00e4\u00e4 ESC Prevention of CVD Programme -ohjelmaa (2019\u20132020), jota johtaa European Association of Preventive Cardiology (EAPC) yhteisty\u00f6ss\u00e4 Association for Acute CardioVascular [&hellip;]<\/p>\n","protected":false},"author":1,"featured_media":5131,"parent":0,"menu_order":0,"comment_status":"closed","ping_status":"closed","template":"templates\/full.php","meta":{"_acf_changed":false,"footnotes":""},"categories":[],"tags":[],"class_list":["post-5349","page","type-page","status-publish","has-post-thumbnail","hentry"],"acf":[],"yoast_head":"<!-- This site is optimized with the Yoast SEO plugin v24.0 - https:\/\/yoast.com\/wordpress\/plugins\/seo\/ -->\n<title>Rahoitusapu - Healthy-Heart.org<\/title>\n<meta name=\"description\" content=\"ESC Prevention of Cardiovascular Disease -ohjelma saa tukea koulutusapurahojen muodossa, joita my\u00f6nt\u00e4v\u00e4t AMGEN, AstraZeneca, Ferrer, Sanofi ja Regeneron.\" \/>\n<meta name=\"robots\" content=\"index, follow, max-snippet:-1, max-image-preview:large, max-video-preview:-1\" \/>\n<link rel=\"canonical\" href=\"https:\/\/www.healthy-heart.org\/fi\/rahoitusapu\/\" \/>\n<meta property=\"og:locale\" content=\"fi_FI\" \/>\n<meta property=\"og:type\" content=\"article\" \/>\n<meta property=\"og:title\" content=\"Rahoitusapu - Healthy-Heart.org\" \/>\n<meta property=\"og:description\" content=\"ESC Prevention of Cardiovascular Disease -ohjelma saa tukea koulutusapurahojen muodossa, joita my\u00f6nt\u00e4v\u00e4t AMGEN, AstraZeneca, Ferrer, Sanofi ja Regeneron.\" \/>\n<meta property=\"og:url\" content=\"https:\/\/www.healthy-heart.org\/fi\/rahoitusapu\/\" \/>\n<meta property=\"og:site_name\" content=\"Healthy-Heart.org\" \/>\n<meta property=\"article:modified_time\" content=\"2024-02-27T16:13:22+00:00\" \/>\n<meta property=\"og:image\" content=\"https:\/\/www.healthy-heart.org\/wp-content\/uploads\/2019\/07\/iStock-948844784-scaled.jpg\" \/>\n\t<meta property=\"og:image:width\" content=\"2560\" \/>\n\t<meta property=\"og:image:height\" content=\"1709\" \/>\n\t<meta property=\"og:image:type\" content=\"image\/jpeg\" \/>\n<meta name=\"twitter:card\" content=\"summary_large_image\" \/>\n<meta name=\"twitter:label1\" content=\"Est. reading time\" \/>\n\t<meta name=\"twitter:data1\" content=\"1 minute\" \/>\n<script type=\"application\/ld+json\" class=\"yoast-schema-graph\">{\"@context\":\"https:\/\/schema.org\",\"@graph\":[{\"@type\":\"WebPage\",\"@id\":\"https:\/\/www.healthy-heart.org\/fi\/rahoitusapu\/\",\"url\":\"https:\/\/www.healthy-heart.org\/fi\/rahoitusapu\/\",\"name\":\"Rahoitusapu - Healthy-Heart.org\",\"isPartOf\":{\"@id\":\"https:\/\/www.healthy-heart.org\/es\/#website\"},\"primaryImageOfPage\":{\"@id\":\"https:\/\/www.healthy-heart.org\/fi\/rahoitusapu\/#primaryimage\"},\"image\":{\"@id\":\"https:\/\/www.healthy-heart.org\/fi\/rahoitusapu\/#primaryimage\"},\"thumbnailUrl\":\"https:\/\/www.healthy-heart.org\/wp-content\/uploads\/2019\/07\/iStock-948844784-scaled.jpg\",\"datePublished\":\"2021-02-12T12:55:50+00:00\",\"dateModified\":\"2024-02-27T16:13:22+00:00\",\"description\":\"ESC Prevention of Cardiovascular Disease -ohjelma saa tukea koulutusapurahojen muodossa, joita my\u00f6nt\u00e4v\u00e4t AMGEN, AstraZeneca, Ferrer, Sanofi ja Regeneron.\",\"breadcrumb\":{\"@id\":\"https:\/\/www.healthy-heart.org\/fi\/rahoitusapu\/#breadcrumb\"},\"inLanguage\":\"fi-FI\",\"potentialAction\":[{\"@type\":\"ReadAction\",\"target\":[\"https:\/\/www.healthy-heart.org\/fi\/rahoitusapu\/\"]}]},{\"@type\":\"ImageObject\",\"inLanguage\":\"fi-FI\",\"@id\":\"https:\/\/www.healthy-heart.org\/fi\/rahoitusapu\/#primaryimage\",\"url\":\"https:\/\/www.healthy-heart.org\/wp-content\/uploads\/2019\/07\/iStock-948844784-scaled.jpg\",\"contentUrl\":\"https:\/\/www.healthy-heart.org\/wp-content\/uploads\/2019\/07\/iStock-948844784-scaled.jpg\",\"width\":2560,\"height\":1709},{\"@type\":\"BreadcrumbList\",\"@id\":\"https:\/\/www.healthy-heart.org\/fi\/rahoitusapu\/#breadcrumb\",\"itemListElement\":[{\"@type\":\"ListItem\",\"position\":1,\"name\":\"Home\",\"item\":\"https:\/\/www.healthy-heart.org\/fi\/\"},{\"@type\":\"ListItem\",\"position\":2,\"name\":\"Rahoitusapu\"}]},{\"@type\":\"WebSite\",\"@id\":\"https:\/\/www.healthy-heart.org\/es\/#website\",\"url\":\"https:\/\/www.healthy-heart.org\/es\/\",\"name\":\"Healthy-Heart.org\",\"description\":\"Practical advice for patients and family care givers on the prevention of cardiovascular disease\",\"potentialAction\":[{\"@type\":\"SearchAction\",\"target\":{\"@type\":\"EntryPoint\",\"urlTemplate\":\"https:\/\/www.healthy-heart.org\/es\/?s={search_term_string}\"},\"query-input\":{\"@type\":\"PropertyValueSpecification\",\"valueRequired\":true,\"valueName\":\"search_term_string\"}}],\"inLanguage\":\"fi-FI\"}]}<\/script>\n<!-- \/ Yoast SEO plugin. -->","yoast_head_json":{"title":"Rahoitusapu - Healthy-Heart.org","description":"ESC Prevention of Cardiovascular Disease -ohjelma saa tukea koulutusapurahojen muodossa, joita my\u00f6nt\u00e4v\u00e4t AMGEN, AstraZeneca, Ferrer, Sanofi ja Regeneron.","robots":{"index":"index","follow":"follow","max-snippet":"max-snippet:-1","max-image-preview":"max-image-preview:large","max-video-preview":"max-video-preview:-1"},"canonical":"https:\/\/www.healthy-heart.org\/fi\/rahoitusapu\/","og_locale":"fi_FI","og_type":"article","og_title":"Rahoitusapu - Healthy-Heart.org","og_description":"ESC Prevention of Cardiovascular Disease -ohjelma saa tukea koulutusapurahojen muodossa, joita my\u00f6nt\u00e4v\u00e4t AMGEN, AstraZeneca, Ferrer, Sanofi ja Regeneron.","og_url":"https:\/\/www.healthy-heart.org\/fi\/rahoitusapu\/","og_site_name":"Healthy-Heart.org","article_modified_time":"2024-02-27T16:13:22+00:00","og_image":[{"width":2560,"height":1709,"url":"https:\/\/www.healthy-heart.org\/wp-content\/uploads\/2019\/07\/iStock-948844784-scaled.jpg","type":"image\/jpeg"}],"twitter_card":"summary_large_image","twitter_misc":{"Est. reading time":"1 minute"},"schema":{"@context":"https:\/\/schema.org","@graph":[{"@type":"WebPage","@id":"https:\/\/www.healthy-heart.org\/fi\/rahoitusapu\/","url":"https:\/\/www.healthy-heart.org\/fi\/rahoitusapu\/","name":"Rahoitusapu - Healthy-Heart.org","isPartOf":{"@id":"https:\/\/www.healthy-heart.org\/es\/#website"},"primaryImageOfPage":{"@id":"https:\/\/www.healthy-heart.org\/fi\/rahoitusapu\/#primaryimage"},"image":{"@id":"https:\/\/www.healthy-heart.org\/fi\/rahoitusapu\/#primaryimage"},"thumbnailUrl":"https:\/\/www.healthy-heart.org\/wp-content\/uploads\/2019\/07\/iStock-948844784-scaled.jpg","datePublished":"2021-02-12T12:55:50+00:00","dateModified":"2024-02-27T16:13:22+00:00","description":"ESC Prevention of Cardiovascular Disease -ohjelma saa tukea koulutusapurahojen muodossa, joita my\u00f6nt\u00e4v\u00e4t AMGEN, AstraZeneca, Ferrer, Sanofi ja Regeneron.","breadcrumb":{"@id":"https:\/\/www.healthy-heart.org\/fi\/rahoitusapu\/#breadcrumb"},"inLanguage":"fi-FI","potentialAction":[{"@type":"ReadAction","target":["https:\/\/www.healthy-heart.org\/fi\/rahoitusapu\/"]}]},{"@type":"ImageObject","inLanguage":"fi-FI","@id":"https:\/\/www.healthy-heart.org\/fi\/rahoitusapu\/#primaryimage","url":"https:\/\/www.healthy-heart.org\/wp-content\/uploads\/2019\/07\/iStock-948844784-scaled.jpg","contentUrl":"https:\/\/www.healthy-heart.org\/wp-content\/uploads\/2019\/07\/iStock-948844784-scaled.jpg","width":2560,"height":1709},{"@type":"BreadcrumbList","@id":"https:\/\/www.healthy-heart.org\/fi\/rahoitusapu\/#breadcrumb","itemListElement":[{"@type":"ListItem","position":1,"name":"Home","item":"https:\/\/www.healthy-heart.org\/fi\/"},{"@type":"ListItem","position":2,"name":"Rahoitusapu"}]},{"@type":"WebSite","@id":"https:\/\/www.healthy-heart.org\/es\/#website","url":"https:\/\/www.healthy-heart.org\/es\/","name":"Healthy-Heart.org","description":"Practical advice for patients and family care givers on the prevention of cardiovascular disease","potentialAction":[{"@type":"SearchAction","target":{"@type":"EntryPoint","urlTemplate":"https:\/\/www.healthy-heart.org\/es\/?s={search_term_string}"},"query-input":{"@type":"PropertyValueSpecification","valueRequired":true,"valueName":"search_term_string"}}],"inLanguage":"fi-FI"}]}},"_links":{"self":[{"href":"https:\/\/www.healthy-heart.org\/fi\/wp-json\/wp\/v2\/pages\/5349","targetHints":{"allow":["GET"]}}],"collection":[{"href":"https:\/\/www.healthy-heart.org\/fi\/wp-json\/wp\/v2\/pages"}],"about":[{"href":"https:\/\/www.healthy-heart.org\/fi\/wp-json\/wp\/v2\/types\/page"}],"author":[{"embeddable":true,"href":"https:\/\/www.healthy-heart.org\/fi\/wp-json\/wp\/v2\/users\/1"}],"replies":[{"embeddable":true,"href":"https:\/\/www.healthy-heart.org\/fi\/wp-json\/wp\/v2\/comments?post=5349"}],"version-history":[{"count":1,"href":"https:\/\/www.healthy-heart.org\/fi\/wp-json\/wp\/v2\/pages\/5349\/revisions"}],"predecessor-version":[{"id":7197,"href":"https:\/\/www.healthy-heart.org\/fi\/wp-json\/wp\/v2\/pages\/5349\/revisions\/7197"}],"wp:featuredmedia":[{"embeddable":true,"href":"https:\/\/www.healthy-heart.org\/fi\/wp-json\/wp\/v2\/media\/5131"}],"wp:attachment":[{"href":"https:\/\/www.healthy-heart.org\/fi\/wp-json\/wp\/v2\/media?parent=5349"}],"wp:term":[{"taxonomy":"category","embeddable":true,"href":"https:\/\/www.healthy-heart.org\/fi\/wp-json\/wp\/v2\/categories?post=5349"},{"taxonomy":"post_tag","embeddable":true,"href":"https:\/\/www.healthy-heart.org\/fi\/wp-json\/wp\/v2\/tags?post=5349"}],"curies":[{"name":"wp","href":"https:\/\/api.w.org\/{rel}","templated":true}]}}