{"id":5315,"date":"2021-02-12T12:55:29","date_gmt":"2021-02-12T12:55:29","guid":{"rendered":"https:\/\/www.healthy-heart.org\/pida-sydamesi-terveena\/stressi-ja-uni\/"},"modified":"2021-02-15T16:38:26","modified_gmt":"2021-02-15T16:38:26","slug":"stressi-ja-uni","status":"publish","type":"page","link":"https:\/\/www.healthy-heart.org\/fi\/pida-sydamesi-terveena\/stressi-ja-uni\/","title":{"rendered":"Stressi ja uni"},"content":{"rendered":"<p>Stressin v\u00e4hent\u00e4minen sek\u00e4 riitt\u00e4v\u00e4 ja laadukas uni voivat parantaa el\u00e4m\u00e4nlaatua ja ehk\u00e4ist\u00e4 sek\u00e4 ensimm\u00e4isi\u00e4 ett\u00e4 toistuvia syd\u00e4nkohtauksia.<\/p>\n<p>Reaktiomme psykologiseen stressiin aiheuttavat fyysisi\u00e4 muutoksia kehossa. Tunneper\u00e4inen stressi voi johtaa syd\u00e4men ly\u00f6ntitiheyden (nopeus, jolla syd\u00e4n pumppaa verta), <a href=\"https:\/\/www.healthy-heart.org\/keep-your-heart-healthy\/blood-pressure\/\">verenpaineen<\/a> ja hengitystiheyden nousuun, koska hermosto ylikuormittuu.<\/p>\n<p>Vaikka t\u00e4m\u00e4 on normaalia, jatkuva stressi, joka johtuu <a href=\"https:\/\/www.healthy-heart.org\/keep-your-heart-healthy\/take-control-of-your-lifestyle\/\">ep\u00e4terveellisist\u00e4 elintavoista<\/a>, ty\u00f6h\u00f6n liittyvist\u00e4 seikoista tai perheongelmista, voi muodostua krooniseksi hermoston ylikuormitustilan laukaisijaksi ja lis\u00e4t\u00e4 syd\u00e4n- ja verisuonitautien riski\u00e4. Stressin vaikutus voimistuu, jos se johtaa riitt\u00e4m\u00e4tt\u00f6m\u00e4\u00e4n tai huonolaatuiseen uneen.<\/p>\n<p>Maanj\u00e4ristykset kuvaavat stressin vaikutusta. Japanin Kobessa vuonna 1995 sattunut maanj\u00e4ristys johti syd\u00e4nkohtausten kolminkertaistumiseen l\u00e4hell\u00e4 keskusta asuneilla ihmisill\u00e4.<\/p>\n<p>Uni ja stressi liittyv\u00e4t l\u00e4heisesti toisiinsa. Unen puute aiheuttaa usein v\u00e4symyst\u00e4, mielialan ja ruokailutottumusten vaihtelua sek\u00e4 liiallista uneliaisuutta p\u00e4iv\u00e4saikaan. Stressaantuneet ihmiset k\u00e4rsiv\u00e4t todenn\u00e4k\u00f6isemmin unih\u00e4iri\u00f6ist\u00e4, kuten unettomuudesta tai her\u00e4ilyst\u00e4. T\u00e4m\u00e4 on huolestuttavaa, koska nukkumiseen k\u00e4ytetty aika on v\u00e4hitellen v\u00e4hentynyt. Monet ihmiset nukkuvat v\u00e4hemm\u00e4n, koska ty\u00f6ajat ovat pidentyneet ja aikaa vietet\u00e4\u00e4n enemm\u00e4n \u00e4lypuhelimilla.<\/p>\n<p>Stressi muuttaa kehon aineenvaihduntaa ja liittyy painonnousuun. <a href=\"https:\/\/www.healthy-heart.org\/keep-your-heart-healthy\/keeping-a-healthy-weight\/\">Liikapaino<\/a> lis\u00e4\u00e4 uneen liittyvien hengitysh\u00e4iri\u00f6iden, kuten obstruktiivisen uniapnean, todenn\u00e4k\u00f6isyytt\u00e4, jotka taas liittyv\u00e4t uneliaisuuteen p\u00e4iv\u00e4ll\u00e4 ja suurempaan <a href=\"https:\/\/www.healthy-heart.org\/keep-your-heart-healthy\/predicting-managing-risk-of-heart-disease\/\">syd\u00e4n- ja verisuonitautien riskiin<\/a>.<\/p>\n<p>Optimaalinen m\u00e4\u00e4r\u00e4 unta on 7\u20138 tuntia y\u00f6ss\u00e4. Alle kuuden tai yli kymmenen tunnin y\u00f6unet liittyv\u00e4t suurempaan syd\u00e4nkohtauksen ja aivohalvauksen todenn\u00e4k\u00f6isyyteen. Sopivat y\u00f6unet ja unih\u00e4iri\u00f6iden, kuten uniapnean ja unettomuuden, hoito voivat suojata korkealta verenpaineelta ja muilta syd\u00e4n- ja verisuoniongelmilta.<\/p>\n<blockquote><p>Stressin v\u00e4hent\u00e4minen sek\u00e4 riitt\u00e4v\u00e4 ja laadukas uni voivat v\u00e4hent\u00e4\u00e4 syd\u00e4n- ja verisuonitautien riski\u00e4 ja parantaa el\u00e4m\u00e4nlaatua.<\/p><\/blockquote>\n<p>K\u00e4\u00e4nny l\u00e4\u00e4k\u00e4rin puoleen, jos sinulla on kroonista stressi\u00e4 ja etenkin silloin, jos et sen lis\u00e4ksi my\u00f6sk\u00e4\u00e4n nuku hyvin. Psykologisia ja sosiaalisia n\u00e4k\u00f6kohtia yhdist\u00e4v\u00e4t psykososiaaliset terapiamuodot parantavat unen ja el\u00e4m\u00e4n laatua sek\u00e4 suojaavat ensimm\u00e4isilt\u00e4 ja toistuvilta syd\u00e4nkohtauksilta.<\/p>\n","protected":false},"excerpt":{"rendered":"<p>Stressin v\u00e4hent\u00e4minen sek\u00e4 riitt\u00e4v\u00e4 ja laadukas uni voivat parantaa el\u00e4m\u00e4nlaatua ja ehk\u00e4ist\u00e4 sek\u00e4 ensimm\u00e4isi\u00e4 ett\u00e4 toistuvia syd\u00e4nkohtauksia. Reaktiomme psykologiseen stressiin aiheuttavat fyysisi\u00e4 muutoksia kehossa. Tunneper\u00e4inen stressi voi johtaa syd\u00e4men ly\u00f6ntitiheyden (nopeus, jolla syd\u00e4n pumppaa verta), verenpaineen ja hengitystiheyden nousuun, koska hermosto ylikuormittuu. Vaikka t\u00e4m\u00e4 on normaalia, jatkuva stressi, joka johtuu ep\u00e4terveellisist\u00e4 elintavoista, ty\u00f6h\u00f6n liittyvist\u00e4 seikoista [&hellip;]<\/p>\n","protected":false},"author":1,"featured_media":5317,"parent":5188,"menu_order":6,"comment_status":"closed","ping_status":"closed","template":"","meta":{"_acf_changed":false,"footnotes":""},"categories":[100],"tags":[],"class_list":["post-5315","page","type-page","status-publish","has-post-thumbnail","hentry","category-pida-sydamesi-terveena"],"acf":[],"yoast_head":"<!-- This site is optimized with the Yoast SEO plugin v24.0 - https:\/\/yoast.com\/wordpress\/plugins\/seo\/ -->\n<title>Stressi ja uni - Healthy-Heart.org<\/title>\n<meta name=\"description\" content=\"Stressin v\u00e4hent\u00e4minen sek\u00e4 riitt\u00e4v\u00e4 ja laadukas uni voivat parantaa el\u00e4m\u00e4nlaatua ja ehk\u00e4ist\u00e4 syd\u00e4nkohtauksia.\" \/>\n<meta name=\"robots\" content=\"index, follow, max-snippet:-1, max-image-preview:large, max-video-preview:-1\" \/>\n<link rel=\"canonical\" href=\"https:\/\/www.healthy-heart.org\/fi\/pida-sydamesi-terveena\/stressi-ja-uni\/\" \/>\n<meta property=\"og:locale\" content=\"fi_FI\" \/>\n<meta property=\"og:type\" content=\"article\" \/>\n<meta property=\"og:title\" content=\"Stressi ja uni - Healthy-Heart.org\" \/>\n<meta property=\"og:description\" content=\"Stressin v\u00e4hent\u00e4minen sek\u00e4 riitt\u00e4v\u00e4 ja laadukas uni voivat parantaa el\u00e4m\u00e4nlaatua ja ehk\u00e4ist\u00e4 syd\u00e4nkohtauksia.\" \/>\n<meta property=\"og:url\" content=\"https:\/\/www.healthy-heart.org\/fi\/pida-sydamesi-terveena\/stressi-ja-uni\/\" \/>\n<meta property=\"og:site_name\" content=\"Healthy-Heart.org\" \/>\n<meta property=\"article:modified_time\" content=\"2021-02-15T16:38:26+00:00\" \/>\n<meta property=\"og:image\" content=\"https:\/\/www.healthy-heart.org\/wp-content\/uploads\/2019\/08\/Stress-and-sleep-iStock-924925656-e1565872187378-scaled.jpg\" \/>\n\t<meta property=\"og:image:width\" content=\"2560\" \/>\n\t<meta property=\"og:image:height\" content=\"1721\" \/>\n\t<meta property=\"og:image:type\" content=\"image\/jpeg\" \/>\n<meta name=\"twitter:card\" content=\"summary_large_image\" \/>\n<meta name=\"twitter:label1\" content=\"Est. reading time\" \/>\n\t<meta name=\"twitter:data1\" content=\"2 minutes\" \/>\n<script type=\"application\/ld+json\" class=\"yoast-schema-graph\">{\"@context\":\"https:\/\/schema.org\",\"@graph\":[{\"@type\":\"WebPage\",\"@id\":\"https:\/\/www.healthy-heart.org\/fi\/pida-sydamesi-terveena\/stressi-ja-uni\/\",\"url\":\"https:\/\/www.healthy-heart.org\/fi\/pida-sydamesi-terveena\/stressi-ja-uni\/\",\"name\":\"Stressi ja uni - Healthy-Heart.org\",\"isPartOf\":{\"@id\":\"https:\/\/www.healthy-heart.org\/es\/#website\"},\"primaryImageOfPage\":{\"@id\":\"https:\/\/www.healthy-heart.org\/fi\/pida-sydamesi-terveena\/stressi-ja-uni\/#primaryimage\"},\"image\":{\"@id\":\"https:\/\/www.healthy-heart.org\/fi\/pida-sydamesi-terveena\/stressi-ja-uni\/#primaryimage\"},\"thumbnailUrl\":\"https:\/\/www.healthy-heart.org\/wp-content\/uploads\/2019\/08\/Stress-and-sleep-iStock-924925656-e1565872187378-scaled.jpg\",\"datePublished\":\"2021-02-12T12:55:29+00:00\",\"dateModified\":\"2021-02-15T16:38:26+00:00\",\"description\":\"Stressin v\u00e4hent\u00e4minen sek\u00e4 riitt\u00e4v\u00e4 ja laadukas uni voivat parantaa el\u00e4m\u00e4nlaatua ja ehk\u00e4ist\u00e4 syd\u00e4nkohtauksia.\",\"breadcrumb\":{\"@id\":\"https:\/\/www.healthy-heart.org\/fi\/pida-sydamesi-terveena\/stressi-ja-uni\/#breadcrumb\"},\"inLanguage\":\"fi-FI\",\"potentialAction\":[{\"@type\":\"ReadAction\",\"target\":[\"https:\/\/www.healthy-heart.org\/fi\/pida-sydamesi-terveena\/stressi-ja-uni\/\"]}]},{\"@type\":\"ImageObject\",\"inLanguage\":\"fi-FI\",\"@id\":\"https:\/\/www.healthy-heart.org\/fi\/pida-sydamesi-terveena\/stressi-ja-uni\/#primaryimage\",\"url\":\"https:\/\/www.healthy-heart.org\/wp-content\/uploads\/2019\/08\/Stress-and-sleep-iStock-924925656-e1565872187378-scaled.jpg\",\"contentUrl\":\"https:\/\/www.healthy-heart.org\/wp-content\/uploads\/2019\/08\/Stress-and-sleep-iStock-924925656-e1565872187378-scaled.jpg\",\"width\":2560,\"height\":1721},{\"@type\":\"BreadcrumbList\",\"@id\":\"https:\/\/www.healthy-heart.org\/fi\/pida-sydamesi-terveena\/stressi-ja-uni\/#breadcrumb\",\"itemListElement\":[{\"@type\":\"ListItem\",\"position\":1,\"name\":\"Home\",\"item\":\"https:\/\/www.healthy-heart.org\/fi\/\"},{\"@type\":\"ListItem\",\"position\":2,\"name\":\"Pid\u00e4 syd\u00e4mesi terveen\u00e4\",\"item\":\"https:\/\/www.healthy-heart.org\/fi\/pida-sydamesi-terveena\/\"},{\"@type\":\"ListItem\",\"position\":3,\"name\":\"Stressi ja uni\"}]},{\"@type\":\"WebSite\",\"@id\":\"https:\/\/www.healthy-heart.org\/es\/#website\",\"url\":\"https:\/\/www.healthy-heart.org\/es\/\",\"name\":\"Healthy-Heart.org\",\"description\":\"Practical advice for patients and family care givers on the prevention of cardiovascular disease\",\"potentialAction\":[{\"@type\":\"SearchAction\",\"target\":{\"@type\":\"EntryPoint\",\"urlTemplate\":\"https:\/\/www.healthy-heart.org\/es\/?s={search_term_string}\"},\"query-input\":{\"@type\":\"PropertyValueSpecification\",\"valueRequired\":true,\"valueName\":\"search_term_string\"}}],\"inLanguage\":\"fi-FI\"}]}<\/script>\n<!-- \/ Yoast SEO plugin. -->","yoast_head_json":{"title":"Stressi ja uni - Healthy-Heart.org","description":"Stressin v\u00e4hent\u00e4minen sek\u00e4 riitt\u00e4v\u00e4 ja laadukas uni voivat parantaa el\u00e4m\u00e4nlaatua ja ehk\u00e4ist\u00e4 syd\u00e4nkohtauksia.","robots":{"index":"index","follow":"follow","max-snippet":"max-snippet:-1","max-image-preview":"max-image-preview:large","max-video-preview":"max-video-preview:-1"},"canonical":"https:\/\/www.healthy-heart.org\/fi\/pida-sydamesi-terveena\/stressi-ja-uni\/","og_locale":"fi_FI","og_type":"article","og_title":"Stressi ja uni - Healthy-Heart.org","og_description":"Stressin v\u00e4hent\u00e4minen sek\u00e4 riitt\u00e4v\u00e4 ja laadukas uni voivat parantaa el\u00e4m\u00e4nlaatua ja ehk\u00e4ist\u00e4 syd\u00e4nkohtauksia.","og_url":"https:\/\/www.healthy-heart.org\/fi\/pida-sydamesi-terveena\/stressi-ja-uni\/","og_site_name":"Healthy-Heart.org","article_modified_time":"2021-02-15T16:38:26+00:00","og_image":[{"width":2560,"height":1721,"url":"https:\/\/www.healthy-heart.org\/wp-content\/uploads\/2019\/08\/Stress-and-sleep-iStock-924925656-e1565872187378-scaled.jpg","type":"image\/jpeg"}],"twitter_card":"summary_large_image","twitter_misc":{"Est. reading time":"2 minutes"},"schema":{"@context":"https:\/\/schema.org","@graph":[{"@type":"WebPage","@id":"https:\/\/www.healthy-heart.org\/fi\/pida-sydamesi-terveena\/stressi-ja-uni\/","url":"https:\/\/www.healthy-heart.org\/fi\/pida-sydamesi-terveena\/stressi-ja-uni\/","name":"Stressi ja uni - Healthy-Heart.org","isPartOf":{"@id":"https:\/\/www.healthy-heart.org\/es\/#website"},"primaryImageOfPage":{"@id":"https:\/\/www.healthy-heart.org\/fi\/pida-sydamesi-terveena\/stressi-ja-uni\/#primaryimage"},"image":{"@id":"https:\/\/www.healthy-heart.org\/fi\/pida-sydamesi-terveena\/stressi-ja-uni\/#primaryimage"},"thumbnailUrl":"https:\/\/www.healthy-heart.org\/wp-content\/uploads\/2019\/08\/Stress-and-sleep-iStock-924925656-e1565872187378-scaled.jpg","datePublished":"2021-02-12T12:55:29+00:00","dateModified":"2021-02-15T16:38:26+00:00","description":"Stressin v\u00e4hent\u00e4minen sek\u00e4 riitt\u00e4v\u00e4 ja laadukas uni voivat parantaa el\u00e4m\u00e4nlaatua ja ehk\u00e4ist\u00e4 syd\u00e4nkohtauksia.","breadcrumb":{"@id":"https:\/\/www.healthy-heart.org\/fi\/pida-sydamesi-terveena\/stressi-ja-uni\/#breadcrumb"},"inLanguage":"fi-FI","potentialAction":[{"@type":"ReadAction","target":["https:\/\/www.healthy-heart.org\/fi\/pida-sydamesi-terveena\/stressi-ja-uni\/"]}]},{"@type":"ImageObject","inLanguage":"fi-FI","@id":"https:\/\/www.healthy-heart.org\/fi\/pida-sydamesi-terveena\/stressi-ja-uni\/#primaryimage","url":"https:\/\/www.healthy-heart.org\/wp-content\/uploads\/2019\/08\/Stress-and-sleep-iStock-924925656-e1565872187378-scaled.jpg","contentUrl":"https:\/\/www.healthy-heart.org\/wp-content\/uploads\/2019\/08\/Stress-and-sleep-iStock-924925656-e1565872187378-scaled.jpg","width":2560,"height":1721},{"@type":"BreadcrumbList","@id":"https:\/\/www.healthy-heart.org\/fi\/pida-sydamesi-terveena\/stressi-ja-uni\/#breadcrumb","itemListElement":[{"@type":"ListItem","position":1,"name":"Home","item":"https:\/\/www.healthy-heart.org\/fi\/"},{"@type":"ListItem","position":2,"name":"Pid\u00e4 syd\u00e4mesi terveen\u00e4","item":"https:\/\/www.healthy-heart.org\/fi\/pida-sydamesi-terveena\/"},{"@type":"ListItem","position":3,"name":"Stressi ja uni"}]},{"@type":"WebSite","@id":"https:\/\/www.healthy-heart.org\/es\/#website","url":"https:\/\/www.healthy-heart.org\/es\/","name":"Healthy-Heart.org","description":"Practical advice for patients and family care givers on the prevention of cardiovascular disease","potentialAction":[{"@type":"SearchAction","target":{"@type":"EntryPoint","urlTemplate":"https:\/\/www.healthy-heart.org\/es\/?s={search_term_string}"},"query-input":{"@type":"PropertyValueSpecification","valueRequired":true,"valueName":"search_term_string"}}],"inLanguage":"fi-FI"}]}},"_links":{"self":[{"href":"https:\/\/www.healthy-heart.org\/fi\/wp-json\/wp\/v2\/pages\/5315","targetHints":{"allow":["GET"]}}],"collection":[{"href":"https:\/\/www.healthy-heart.org\/fi\/wp-json\/wp\/v2\/pages"}],"about":[{"href":"https:\/\/www.healthy-heart.org\/fi\/wp-json\/wp\/v2\/types\/page"}],"author":[{"embeddable":true,"href":"https:\/\/www.healthy-heart.org\/fi\/wp-json\/wp\/v2\/users\/1"}],"replies":[{"embeddable":true,"href":"https:\/\/www.healthy-heart.org\/fi\/wp-json\/wp\/v2\/comments?post=5315"}],"version-history":[{"count":1,"href":"https:\/\/www.healthy-heart.org\/fi\/wp-json\/wp\/v2\/pages\/5315\/revisions"}],"predecessor-version":[{"id":5476,"href":"https:\/\/www.healthy-heart.org\/fi\/wp-json\/wp\/v2\/pages\/5315\/revisions\/5476"}],"up":[{"embeddable":true,"href":"https:\/\/www.healthy-heart.org\/fi\/wp-json\/wp\/v2\/pages\/5188"}],"wp:featuredmedia":[{"embeddable":true,"href":"https:\/\/www.healthy-heart.org\/fi\/wp-json\/wp\/v2\/media\/5317"}],"wp:attachment":[{"href":"https:\/\/www.healthy-heart.org\/fi\/wp-json\/wp\/v2\/media?parent=5315"}],"wp:term":[{"taxonomy":"category","embeddable":true,"href":"https:\/\/www.healthy-heart.org\/fi\/wp-json\/wp\/v2\/categories?post=5315"},{"taxonomy":"post_tag","embeddable":true,"href":"https:\/\/www.healthy-heart.org\/fi\/wp-json\/wp\/v2\/tags?post=5315"}],"curies":[{"name":"wp","href":"https:\/\/api.w.org\/{rel}","templated":true}]}}