{"id":5299,"date":"2021-02-12T12:55:23","date_gmt":"2021-02-12T12:55:23","guid":{"rendered":"https:\/\/www.healthy-heart.org\/sydansairaus-ja-seksi\/"},"modified":"2021-02-22T07:57:25","modified_gmt":"2021-02-22T07:57:25","slug":"sydansairaus-ja-seksi","status":"publish","type":"page","link":"https:\/\/www.healthy-heart.org\/fi\/elama-sydansairauden-kanssa\/sydansairaus-ja-seksi\/","title":{"rendered":"Syd\u00e4nsairaus ja seksi"},"content":{"rendered":"<p><img loading=\"lazy\" decoding=\"async\" class=\"alignright size-medium wp-image-586\" src=\"https:\/\/cdn-endpoint-prev.azureedge.net\/healthy-heart\/2019\/07\/iStock-874866632-350x233.jpg\" alt=\"\" width=\"350\" height=\"233\" srcset=\"https:\/\/www.healthy-heart.org\/wp-content\/uploads\/2019\/07\/iStock-874866632-350x233.jpg 350w, https:\/\/cdn-endpoint-prev.azureedge.net\/healthy-heart\/2019\/07\/iStock-874866632-2048x1365.jpg 2048w, https:\/\/cdn-endpoint-prev.azureedge.net\/healthy-heart\/2019\/07\/iStock-874866632-659x439.jpg 659w, https:\/\/www.healthy-heart.org\/wp-content\/uploads\/2019\/07\/iStock-874866632-200x133.jpg 200w, https:\/\/www.healthy-heart.org\/wp-content\/uploads\/2019\/07\/iStock-874866632-768x512.jpg 768w, https:\/\/www.healthy-heart.org\/wp-content\/uploads\/2019\/07\/iStock-874866632-1024x683.jpg 1024w, https:\/\/www.healthy-heart.org\/wp-content\/uploads\/2019\/07\/iStock-874866632-1536x1024.jpg 1536w, https:\/\/www.healthy-heart.org\/wp-content\/uploads\/2019\/07\/iStock-874866632-696x464.jpg 696w\" sizes=\"auto, (max-width: 350px) 100vw, 350px\" \/><a href=\"https:\/\/www.healthy-heart.org\/your-heart\/what-is-heart-disease\/\">Syd\u00e4nsairaus<\/a> on yleens\u00e4 merkitt\u00e4v\u00e4 tapahtuma sinulle ja kumppanillesi. Jotkut huomaavat sen aiheuttavan muutoksia seksuaalisuuteen tai intimiteettiin. Pariskuntien on joskus vaikea puhua l\u00e4heisyydest\u00e4 ja seksuaalisuudesta. L\u00e4\u00e4k\u00e4ri tai erikoissairaanhoitaja osaa <a href=\"https:\/\/www.healthy-heart.org\/living-with-heart-disease\/what-should-i-ask-my-cardiologist\/\">vastata kysymyksiisi<\/a> ja keskustella ongelmistasi.<\/p>\n<p>Monet ihmiset miettiv\u00e4t, pystyv\u00e4tk\u00f6 he viel\u00e4 harrastamaan seksi\u00e4, ja selviytyyk\u00f6 syd\u00e4n kiihottumiseen liittyv\u00e4st\u00e4 lis\u00e4\u00e4ntyneest\u00e4 rasituksesta. Seksin harrastaminen johtaa liev\u00e4\u00e4n sykkeen ja <a href=\"https:\/\/www.healthy-heart.org\/keep-your-heart-healthy\/blood-pressure\/\">verenpaineen<\/a> nousuun. Seksiel\u00e4m\u00e4\u00e4 voidaan kuitenkin yleisesti ottaen jatkaa turvallisesti viikko komplisoitumattoman syd\u00e4ninfarktin tai syd\u00e4meen liittyv\u00e4n toimenpiteen, kuten stentin asettamisen, j\u00e4lkeen, tai kahdeksan viikkoa syd\u00e4nleikkauksen j\u00e4lkeen. <a href=\"https:\/\/www.healthy-heart.org\/living-with-heart-disease\/improve-your-heart-condition\/\">Syd\u00e4nkuntoutus<\/a> ja s\u00e4\u00e4nn\u00f6llinen <a href=\"https:\/\/www.healthy-heart.org\/keep-your-heart-healthy\/physical-activity\/\">liikunta<\/a> voivat v\u00e4hent\u00e4\u00e4 seksin harrastamiseen liittyvien komplikaatioiden riski\u00e4.<\/p>\n<p>Nyrkkis\u00e4\u00e4nt\u00f6n\u00e4 on, ett\u00e4 jos pystyt kiipe\u00e4m\u00e4\u00e4n kaksi kerrosta portaita tai k\u00e4velem\u00e4\u00e4n reippaasti ilman oireita (esim. rintakipua tai hengenahdistusta), voit my\u00f6s harrastaa seksi\u00e4 turvallisesti. On t\u00e4rke\u00e4\u00e4 kunnioittaa omaa toipumistahtiasi, ja jos sinulla on oireita, keskustele asiasta l\u00e4\u00e4k\u00e4rin tai hoitajan kanssa. Jotkut k\u00e4ytt\u00e4v\u00e4t nitroglyseriini\u00e4 oireiden ehk\u00e4isyyn tai hoitoon.<\/p>\n<p>On olemassa l\u00e4\u00e4kkeit\u00e4, jotka auttavat parantamaan seksuaalista suorituskyky\u00e4, kuten sildenafiili, vardenafiili ja tadalafiili. N\u00e4iden l\u00e4\u00e4kkeiden k\u00e4ytt\u00e4minen yhdess\u00e4 nitraattien kanssa on ehdottomasti vasta-aiheista, sill\u00e4 se voi aiheuttaa vaikeasti alentuneen verenpaineen. Siksi on suositeltavaa keskustella l\u00e4\u00e4k\u00e4rin kanssa ennen kuin aloitat n\u00e4iden l\u00e4\u00e4kkeiden tai luontaistuotteiden k\u00e4yt\u00f6n.<\/p>\n<p>Jotkin syd\u00e4nsairauksiin m\u00e4\u00e4r\u00e4tyt <a href=\"https:\/\/www.healthy-heart.org\/living-with-heart-disease\/types-of-medication\/\">l\u00e4\u00e4kkeet<\/a> (beetasalpaajat), masennusl\u00e4\u00e4kkeet ja unil\u00e4\u00e4kkeet voivat aiheuttaa miehill\u00e4 erektio-ongelmia (ja seksihaluttomuutta) ja naisilla em\u00e4ttimen kuivumista, jotka voivat vaikuttaa seksiel\u00e4m\u00e4\u00e4n. Jos ep\u00e4ilet, ett\u00e4 l\u00e4\u00e4kityksesi aiheuttaa ongelmia seksiel\u00e4m\u00e4ss\u00e4si, kysy l\u00e4\u00e4k\u00e4rilt\u00e4si neuvoa l\u00e4\u00e4kkeiden mahdollisesta vaihtamisesta muihin tuotemerkkeihin tai luokkiin. \u00c4l\u00e4 lopeta l\u00e4\u00e4kityst\u00e4si \u00e4killisesti. Jos sinulla on seksuaalinen toimintah\u00e4iri\u00f6, kysy l\u00e4\u00e4k\u00e4rilt\u00e4 tai sairaanhoitajalta liittyyk\u00f6 se mahdollisesti syd\u00e4nsairauteesi tai tunteisiisi, kuten ahdistuneisuuteen, masennukseen tai muihin tekij\u00f6ihin.<\/p>\n","protected":false},"excerpt":{"rendered":"<p>Syd\u00e4nsairaus on yleens\u00e4 merkitt\u00e4v\u00e4 tapahtuma sinulle ja kumppanillesi. Jotkut huomaavat sen aiheuttavan muutoksia seksuaalisuuteen tai intimiteettiin. Pariskuntien on joskus vaikea puhua l\u00e4heisyydest\u00e4 ja seksuaalisuudesta. L\u00e4\u00e4k\u00e4ri tai erikoissairaanhoitaja osaa vastata kysymyksiisi ja keskustella ongelmistasi. Monet ihmiset miettiv\u00e4t, pystyv\u00e4tk\u00f6 he viel\u00e4 harrastamaan seksi\u00e4, ja selviytyyk\u00f6 syd\u00e4n kiihottumiseen liittyv\u00e4st\u00e4 lis\u00e4\u00e4ntyneest\u00e4 rasituksesta. Seksin harrastaminen johtaa liev\u00e4\u00e4n sykkeen ja verenpaineen [&hellip;]<\/p>\n","protected":false},"author":1,"featured_media":5308,"parent":5327,"menu_order":9,"comment_status":"closed","ping_status":"closed","template":"","meta":{"_acf_changed":false,"footnotes":""},"categories":[95],"tags":[],"class_list":["post-5299","page","type-page","status-publish","has-post-thumbnail","hentry","category-elama-sydansairauden-kanssa"],"acf":[],"yoast_head":"<!-- This site is optimized with the Yoast SEO plugin v24.0 - https:\/\/yoast.com\/wordpress\/plugins\/seo\/ -->\n<title>Syd\u00e4nsairaus ja seksi %%sep% Healthy-Heart.org<\/title>\n<meta name=\"description\" content=\"Seksiel\u00e4m\u00e4n jatkaminen komplisoitumattoman syd\u00e4ninfarktin tai syd\u00e4meen liittyv\u00e4n toimenpiteen, kuten stentin asettamisen, j\u00e4lkeen on yleisesti ottaen turvallista.\" \/>\n<meta name=\"robots\" content=\"index, follow, max-snippet:-1, max-image-preview:large, max-video-preview:-1\" \/>\n<link rel=\"canonical\" href=\"https:\/\/www.healthy-heart.org\/fi\/elama-sydansairauden-kanssa\/sydansairaus-ja-seksi\/\" \/>\n<meta property=\"og:locale\" content=\"fi_FI\" \/>\n<meta property=\"og:type\" content=\"article\" \/>\n<meta property=\"og:title\" content=\"Syd\u00e4nsairaus ja seksi %%sep% Healthy-Heart.org\" \/>\n<meta property=\"og:description\" content=\"Seksiel\u00e4m\u00e4n jatkaminen komplisoitumattoman syd\u00e4ninfarktin tai syd\u00e4meen liittyv\u00e4n toimenpiteen, kuten stentin asettamisen, j\u00e4lkeen on yleisesti ottaen turvallista.\" \/>\n<meta property=\"og:url\" content=\"https:\/\/www.healthy-heart.org\/fi\/elama-sydansairauden-kanssa\/sydansairaus-ja-seksi\/\" \/>\n<meta property=\"og:site_name\" content=\"Healthy-Heart.org\" \/>\n<meta property=\"article:modified_time\" content=\"2021-02-22T07:57:25+00:00\" \/>\n<meta property=\"og:image\" content=\"https:\/\/www.healthy-heart.org\/wp-content\/uploads\/2019\/07\/iStock-874866632-scaled.jpg\" \/>\n\t<meta property=\"og:image:width\" content=\"2560\" \/>\n\t<meta property=\"og:image:height\" content=\"1707\" \/>\n\t<meta property=\"og:image:type\" content=\"image\/jpeg\" \/>\n<meta name=\"twitter:card\" content=\"summary_large_image\" \/>\n<meta name=\"twitter:label1\" content=\"Est. reading time\" \/>\n\t<meta name=\"twitter:data1\" content=\"2 minutes\" \/>\n<script type=\"application\/ld+json\" class=\"yoast-schema-graph\">{\"@context\":\"https:\/\/schema.org\",\"@graph\":[{\"@type\":\"WebPage\",\"@id\":\"https:\/\/www.healthy-heart.org\/fi\/elama-sydansairauden-kanssa\/sydansairaus-ja-seksi\/\",\"url\":\"https:\/\/www.healthy-heart.org\/fi\/elama-sydansairauden-kanssa\/sydansairaus-ja-seksi\/\",\"name\":\"Syd\u00e4nsairaus ja seksi %%sep% Healthy-Heart.org\",\"isPartOf\":{\"@id\":\"https:\/\/www.healthy-heart.org\/es\/#website\"},\"primaryImageOfPage\":{\"@id\":\"https:\/\/www.healthy-heart.org\/fi\/elama-sydansairauden-kanssa\/sydansairaus-ja-seksi\/#primaryimage\"},\"image\":{\"@id\":\"https:\/\/www.healthy-heart.org\/fi\/elama-sydansairauden-kanssa\/sydansairaus-ja-seksi\/#primaryimage\"},\"thumbnailUrl\":\"https:\/\/www.healthy-heart.org\/wp-content\/uploads\/2019\/07\/iStock-874866632-scaled.jpg\",\"datePublished\":\"2021-02-12T12:55:23+00:00\",\"dateModified\":\"2021-02-22T07:57:25+00:00\",\"description\":\"Seksiel\u00e4m\u00e4n jatkaminen komplisoitumattoman syd\u00e4ninfarktin tai syd\u00e4meen liittyv\u00e4n toimenpiteen, kuten stentin asettamisen, j\u00e4lkeen on yleisesti ottaen turvallista.\",\"breadcrumb\":{\"@id\":\"https:\/\/www.healthy-heart.org\/fi\/elama-sydansairauden-kanssa\/sydansairaus-ja-seksi\/#breadcrumb\"},\"inLanguage\":\"fi-FI\",\"potentialAction\":[{\"@type\":\"ReadAction\",\"target\":[\"https:\/\/www.healthy-heart.org\/fi\/elama-sydansairauden-kanssa\/sydansairaus-ja-seksi\/\"]}]},{\"@type\":\"ImageObject\",\"inLanguage\":\"fi-FI\",\"@id\":\"https:\/\/www.healthy-heart.org\/fi\/elama-sydansairauden-kanssa\/sydansairaus-ja-seksi\/#primaryimage\",\"url\":\"https:\/\/www.healthy-heart.org\/wp-content\/uploads\/2019\/07\/iStock-874866632-scaled.jpg\",\"contentUrl\":\"https:\/\/www.healthy-heart.org\/wp-content\/uploads\/2019\/07\/iStock-874866632-scaled.jpg\",\"width\":2560,\"height\":1707},{\"@type\":\"BreadcrumbList\",\"@id\":\"https:\/\/www.healthy-heart.org\/fi\/elama-sydansairauden-kanssa\/sydansairaus-ja-seksi\/#breadcrumb\",\"itemListElement\":[{\"@type\":\"ListItem\",\"position\":1,\"name\":\"Home\",\"item\":\"https:\/\/www.healthy-heart.org\/fi\/\"},{\"@type\":\"ListItem\",\"position\":2,\"name\":\"El\u00e4m\u00e4 syd\u00e4nsairauden kanssa\",\"item\":\"https:\/\/www.healthy-heart.org\/fi\/elama-sydansairauden-kanssa\/\"},{\"@type\":\"ListItem\",\"position\":3,\"name\":\"Syd\u00e4nsairaus ja seksi\"}]},{\"@type\":\"WebSite\",\"@id\":\"https:\/\/www.healthy-heart.org\/es\/#website\",\"url\":\"https:\/\/www.healthy-heart.org\/es\/\",\"name\":\"Healthy-Heart.org\",\"description\":\"Practical advice for patients and family care givers on the prevention of cardiovascular disease\",\"potentialAction\":[{\"@type\":\"SearchAction\",\"target\":{\"@type\":\"EntryPoint\",\"urlTemplate\":\"https:\/\/www.healthy-heart.org\/es\/?s={search_term_string}\"},\"query-input\":{\"@type\":\"PropertyValueSpecification\",\"valueRequired\":true,\"valueName\":\"search_term_string\"}}],\"inLanguage\":\"fi-FI\"}]}<\/script>\n<!-- \/ Yoast SEO plugin. -->","yoast_head_json":{"title":"Syd\u00e4nsairaus ja seksi %%sep% Healthy-Heart.org","description":"Seksiel\u00e4m\u00e4n jatkaminen komplisoitumattoman syd\u00e4ninfarktin tai syd\u00e4meen liittyv\u00e4n toimenpiteen, kuten stentin asettamisen, j\u00e4lkeen on yleisesti ottaen turvallista.","robots":{"index":"index","follow":"follow","max-snippet":"max-snippet:-1","max-image-preview":"max-image-preview:large","max-video-preview":"max-video-preview:-1"},"canonical":"https:\/\/www.healthy-heart.org\/fi\/elama-sydansairauden-kanssa\/sydansairaus-ja-seksi\/","og_locale":"fi_FI","og_type":"article","og_title":"Syd\u00e4nsairaus ja seksi %%sep% Healthy-Heart.org","og_description":"Seksiel\u00e4m\u00e4n jatkaminen komplisoitumattoman syd\u00e4ninfarktin tai syd\u00e4meen liittyv\u00e4n toimenpiteen, kuten stentin asettamisen, j\u00e4lkeen on yleisesti ottaen turvallista.","og_url":"https:\/\/www.healthy-heart.org\/fi\/elama-sydansairauden-kanssa\/sydansairaus-ja-seksi\/","og_site_name":"Healthy-Heart.org","article_modified_time":"2021-02-22T07:57:25+00:00","og_image":[{"width":2560,"height":1707,"url":"https:\/\/www.healthy-heart.org\/wp-content\/uploads\/2019\/07\/iStock-874866632-scaled.jpg","type":"image\/jpeg"}],"twitter_card":"summary_large_image","twitter_misc":{"Est. reading time":"2 minutes"},"schema":{"@context":"https:\/\/schema.org","@graph":[{"@type":"WebPage","@id":"https:\/\/www.healthy-heart.org\/fi\/elama-sydansairauden-kanssa\/sydansairaus-ja-seksi\/","url":"https:\/\/www.healthy-heart.org\/fi\/elama-sydansairauden-kanssa\/sydansairaus-ja-seksi\/","name":"Syd\u00e4nsairaus ja seksi %%sep% Healthy-Heart.org","isPartOf":{"@id":"https:\/\/www.healthy-heart.org\/es\/#website"},"primaryImageOfPage":{"@id":"https:\/\/www.healthy-heart.org\/fi\/elama-sydansairauden-kanssa\/sydansairaus-ja-seksi\/#primaryimage"},"image":{"@id":"https:\/\/www.healthy-heart.org\/fi\/elama-sydansairauden-kanssa\/sydansairaus-ja-seksi\/#primaryimage"},"thumbnailUrl":"https:\/\/www.healthy-heart.org\/wp-content\/uploads\/2019\/07\/iStock-874866632-scaled.jpg","datePublished":"2021-02-12T12:55:23+00:00","dateModified":"2021-02-22T07:57:25+00:00","description":"Seksiel\u00e4m\u00e4n jatkaminen komplisoitumattoman syd\u00e4ninfarktin tai syd\u00e4meen liittyv\u00e4n toimenpiteen, kuten stentin asettamisen, j\u00e4lkeen on yleisesti ottaen turvallista.","breadcrumb":{"@id":"https:\/\/www.healthy-heart.org\/fi\/elama-sydansairauden-kanssa\/sydansairaus-ja-seksi\/#breadcrumb"},"inLanguage":"fi-FI","potentialAction":[{"@type":"ReadAction","target":["https:\/\/www.healthy-heart.org\/fi\/elama-sydansairauden-kanssa\/sydansairaus-ja-seksi\/"]}]},{"@type":"ImageObject","inLanguage":"fi-FI","@id":"https:\/\/www.healthy-heart.org\/fi\/elama-sydansairauden-kanssa\/sydansairaus-ja-seksi\/#primaryimage","url":"https:\/\/www.healthy-heart.org\/wp-content\/uploads\/2019\/07\/iStock-874866632-scaled.jpg","contentUrl":"https:\/\/www.healthy-heart.org\/wp-content\/uploads\/2019\/07\/iStock-874866632-scaled.jpg","width":2560,"height":1707},{"@type":"BreadcrumbList","@id":"https:\/\/www.healthy-heart.org\/fi\/elama-sydansairauden-kanssa\/sydansairaus-ja-seksi\/#breadcrumb","itemListElement":[{"@type":"ListItem","position":1,"name":"Home","item":"https:\/\/www.healthy-heart.org\/fi\/"},{"@type":"ListItem","position":2,"name":"El\u00e4m\u00e4 syd\u00e4nsairauden kanssa","item":"https:\/\/www.healthy-heart.org\/fi\/elama-sydansairauden-kanssa\/"},{"@type":"ListItem","position":3,"name":"Syd\u00e4nsairaus ja seksi"}]},{"@type":"WebSite","@id":"https:\/\/www.healthy-heart.org\/es\/#website","url":"https:\/\/www.healthy-heart.org\/es\/","name":"Healthy-Heart.org","description":"Practical advice for patients and family care givers on the prevention of cardiovascular disease","potentialAction":[{"@type":"SearchAction","target":{"@type":"EntryPoint","urlTemplate":"https:\/\/www.healthy-heart.org\/es\/?s={search_term_string}"},"query-input":{"@type":"PropertyValueSpecification","valueRequired":true,"valueName":"search_term_string"}}],"inLanguage":"fi-FI"}]}},"_links":{"self":[{"href":"https:\/\/www.healthy-heart.org\/fi\/wp-json\/wp\/v2\/pages\/5299","targetHints":{"allow":["GET"]}}],"collection":[{"href":"https:\/\/www.healthy-heart.org\/fi\/wp-json\/wp\/v2\/pages"}],"about":[{"href":"https:\/\/www.healthy-heart.org\/fi\/wp-json\/wp\/v2\/types\/page"}],"author":[{"embeddable":true,"href":"https:\/\/www.healthy-heart.org\/fi\/wp-json\/wp\/v2\/users\/1"}],"replies":[{"embeddable":true,"href":"https:\/\/www.healthy-heart.org\/fi\/wp-json\/wp\/v2\/comments?post=5299"}],"version-history":[{"count":1,"href":"https:\/\/www.healthy-heart.org\/fi\/wp-json\/wp\/v2\/pages\/5299\/revisions"}],"predecessor-version":[{"id":5589,"href":"https:\/\/www.healthy-heart.org\/fi\/wp-json\/wp\/v2\/pages\/5299\/revisions\/5589"}],"up":[{"embeddable":true,"href":"https:\/\/www.healthy-heart.org\/fi\/wp-json\/wp\/v2\/pages\/5327"}],"wp:featuredmedia":[{"embeddable":true,"href":"https:\/\/www.healthy-heart.org\/fi\/wp-json\/wp\/v2\/media\/5308"}],"wp:attachment":[{"href":"https:\/\/www.healthy-heart.org\/fi\/wp-json\/wp\/v2\/media?parent=5299"}],"wp:term":[{"taxonomy":"category","embeddable":true,"href":"https:\/\/www.healthy-heart.org\/fi\/wp-json\/wp\/v2\/categories?post=5299"},{"taxonomy":"post_tag","embeddable":true,"href":"https:\/\/www.healthy-heart.org\/fi\/wp-json\/wp\/v2\/tags?post=5299"}],"curies":[{"name":"wp","href":"https:\/\/api.w.org\/{rel}","templated":true}]}}