{"id":5296,"date":"2021-02-12T12:55:21","date_gmt":"2021-02-12T12:55:21","guid":{"rendered":"https:\/\/www.healthy-heart.org\/pida-sydamesi-terveena\/miesten-ja-naisten-valiset-erot\/"},"modified":"2024-12-24T11:40:44","modified_gmt":"2024-12-24T11:40:44","slug":"miesten-ja-naisten-valiset-erot","status":"publish","type":"page","link":"https:\/\/www.healthy-heart.org\/fi\/pida-sydamesi-terveena\/miesten-ja-naisten-valiset-erot\/","title":{"rendered":"Syd\u00e4n- ja verisuonitaudit naisilla"},"content":{"rendered":"<p><img loading=\"lazy\" decoding=\"async\" class=\"size-medium wp-image-652 alignright\" src=\"https:\/\/cdn-endpoint-prev.azureedge.net\/healthy-heart\/2019\/07\/iStock-1060172678-2-350x233.jpg\" alt=\"\" width=\"350\" height=\"233\" srcset=\"https:\/\/www.healthy-heart.org\/wp-content\/uploads\/2019\/07\/iStock-1060172678-2-350x233.jpg 350w, https:\/\/cdn-endpoint-prev.azureedge.net\/healthy-heart\/2019\/07\/iStock-1060172678-2-2048x1365.jpg 2048w, https:\/\/cdn-endpoint-prev.azureedge.net\/healthy-heart\/2019\/07\/iStock-1060172678-2-659x439.jpg 659w, https:\/\/www.healthy-heart.org\/wp-content\/uploads\/2019\/07\/iStock-1060172678-2-200x133.jpg 200w, https:\/\/www.healthy-heart.org\/wp-content\/uploads\/2019\/07\/iStock-1060172678-2-768x512.jpg 768w, https:\/\/www.healthy-heart.org\/wp-content\/uploads\/2019\/07\/iStock-1060172678-2-1024x683.jpg 1024w, https:\/\/www.healthy-heart.org\/wp-content\/uploads\/2019\/07\/iStock-1060172678-2-1536x1024.jpg 1536w, https:\/\/www.healthy-heart.org\/wp-content\/uploads\/2019\/07\/iStock-1060172678-2-696x464.jpg 696w\" sizes=\"auto, (max-width: 350px) 100vw, 350px\" \/>Joidenkin syd\u00e4n- ja verisuonitautien perinteisen riskitekij\u00f6iden vaikutus vaihtelee sukupuolittain. Esimerkiksi naisilla syd\u00e4n- ja verisuonisairauksien riski kohoaa jo alemmalla verenpaineen tasolla kuin miehill\u00e4, ja diabetes vaikuttaa syd\u00e4n- ja verisuonisairauksien riskiin enemm\u00e4n naisilla kuin miehill\u00e4. Naisilla on my\u00f6s tiettyj\u00e4 raskauteen ja vaihdevuosiin liittyvi\u00e4 riskitekij\u00f6it\u00e4, ja t\u00e4llaiset tapahtumat voivat olla ihanteellisia ajankohtia naisten syd\u00e4n- ja verisuoniterveyden arviointiin.<\/p>\n<p>Yli 50-vuotiailla naisilla on korkeampi <a href=\"https:\/\/www.healthy-heart.org\/keep-your-heart-healthy\/cholesterol\/\">kolesteroli<\/a> kuin miehill\u00e4, ja heid\u00e4n \u201dhyv\u00e4n\u201d kolesterolinsa taso laskee yleens\u00e4 vaihdevuosien j\u00e4lkeen. Vaihdevuosien j\u00e4lkeiset hormonaaliset muutokset aiheuttavat useiden syd\u00e4meen ja verisuoniin liittyvien riskitekij\u00f6iden kasautumisen. N\u00e4it\u00e4 ovat esimerkiksi kohonnut <a href=\"https:\/\/www.healthy-heart.org\/keep-your-heart-healthy\/blood-pressure\/\">verenpaine<\/a>, <a href=\"https:\/\/www.healthy-heart.org\/keep-your-heart-healthy\/keeping-a-healthy-weight\/\">painon<\/a> nousu ja kohonneet lipidiarvot.<\/p>\n<p>Naisilla ilmenee miehiin verrattuna v\u00e4hemm\u00e4n tyypillisi\u00e4 rintakivun kaltaisia oireita. Naiset kertovat usein k\u00e4sivarren, sel\u00e4n tai leuan kivusta, hengenahdistuksesta, heikotuksesta, syd\u00e4mentykytyksest\u00e4 ja huimauksesta. Lue lis\u00e4\u00e4 <a href=\"https:\/\/www.healthy-heart.org\/your-heart\/warning-signs-symptoms\/\">varoitusmerkeist\u00e4<\/a>.<\/p>\n<p>Tavalliset riskitekij\u00f6iden pisteytysj\u00e4rjestelm\u00e4t aliarvioivat usein naisia koskevan yksil\u00f6llisen riskin, joten terveydenhuollon toimijoiden tulisikin k\u00e4ytt\u00e4\u00e4 sukupuolikohtaisia pisteytysj\u00e4rjestelmi\u00e4.<\/p>\n<p>Hormonikorvaushoitojen turvallisuutta ja tehokkuutta selvitet\u00e4\u00e4n viel\u00e4, ja voit keskustella niiden k\u00e4yt\u00f6st\u00e4 l\u00e4\u00e4k\u00e4rin kanssa.<\/p>\n","protected":false},"excerpt":{"rendered":"<p>Joidenkin syd\u00e4n- ja verisuonitautien perinteisen riskitekij\u00f6iden vaikutus vaihtelee sukupuolittain. Esimerkiksi naisilla syd\u00e4n- ja verisuonisairauksien riski kohoaa jo alemmalla verenpaineen tasolla kuin miehill\u00e4, ja diabetes vaikuttaa syd\u00e4n- ja verisuonisairauksien riskiin enemm\u00e4n naisilla kuin miehill\u00e4. Naisilla on my\u00f6s tiettyj\u00e4 raskauteen ja vaihdevuosiin liittyvi\u00e4 riskitekij\u00f6it\u00e4, ja t\u00e4llaiset tapahtumat voivat olla ihanteellisia ajankohtia naisten syd\u00e4n- ja verisuoniterveyden arviointiin. Yli [&hellip;]<\/p>\n","protected":false},"author":1,"featured_media":5303,"parent":5188,"menu_order":10,"comment_status":"closed","ping_status":"closed","template":"","meta":{"_acf_changed":false,"footnotes":""},"categories":[100],"tags":[],"class_list":["post-5296","page","type-page","status-publish","has-post-thumbnail","hentry","category-pida-sydamesi-terveena"],"acf":[],"yoast_head":"<!-- This site is optimized with the Yoast SEO plugin v24.0 - https:\/\/yoast.com\/wordpress\/plugins\/seo\/ -->\n<title>Miesten ja naisten v\u00e4liset erot - Healthy-Heart.org<\/title>\n<meta name=\"description\" content=\"Lue lis\u00e4\u00e4 siit\u00e4, miten syd\u00e4n- ja verisuonitautien riski vaihtelee naisten ja miesten v\u00e4lill\u00e4,\" \/>\n<meta name=\"robots\" content=\"index, follow, max-snippet:-1, max-image-preview:large, max-video-preview:-1\" \/>\n<link rel=\"canonical\" href=\"https:\/\/www.healthy-heart.org\/fi\/pida-sydamesi-terveena\/miesten-ja-naisten-valiset-erot\/\" \/>\n<meta property=\"og:locale\" content=\"fi_FI\" \/>\n<meta property=\"og:type\" content=\"article\" \/>\n<meta property=\"og:title\" content=\"Miesten ja naisten v\u00e4liset erot - Healthy-Heart.org\" \/>\n<meta property=\"og:description\" content=\"Lue lis\u00e4\u00e4 siit\u00e4, miten syd\u00e4n- ja verisuonitautien riski vaihtelee naisten ja miesten v\u00e4lill\u00e4,\" \/>\n<meta property=\"og:url\" content=\"https:\/\/www.healthy-heart.org\/fi\/pida-sydamesi-terveena\/miesten-ja-naisten-valiset-erot\/\" \/>\n<meta property=\"og:site_name\" content=\"Healthy-Heart.org\" \/>\n<meta property=\"article:modified_time\" content=\"2024-12-24T11:40:44+00:00\" \/>\n<meta property=\"og:image\" content=\"https:\/\/www.healthy-heart.org\/wp-content\/uploads\/2019\/07\/iStock-1060172678-2-scaled.jpg\" \/>\n\t<meta property=\"og:image:width\" content=\"2560\" \/>\n\t<meta property=\"og:image:height\" content=\"1707\" \/>\n\t<meta property=\"og:image:type\" content=\"image\/jpeg\" \/>\n<meta name=\"twitter:card\" content=\"summary_large_image\" \/>\n<meta name=\"twitter:label1\" content=\"Est. reading time\" \/>\n\t<meta name=\"twitter:data1\" content=\"2 minutes\" \/>\n<script type=\"application\/ld+json\" class=\"yoast-schema-graph\">{\"@context\":\"https:\/\/schema.org\",\"@graph\":[{\"@type\":\"WebPage\",\"@id\":\"https:\/\/www.healthy-heart.org\/fi\/pida-sydamesi-terveena\/miesten-ja-naisten-valiset-erot\/\",\"url\":\"https:\/\/www.healthy-heart.org\/fi\/pida-sydamesi-terveena\/miesten-ja-naisten-valiset-erot\/\",\"name\":\"Miesten ja naisten v\u00e4liset erot - Healthy-Heart.org\",\"isPartOf\":{\"@id\":\"https:\/\/www.healthy-heart.org\/es\/#website\"},\"primaryImageOfPage\":{\"@id\":\"https:\/\/www.healthy-heart.org\/fi\/pida-sydamesi-terveena\/miesten-ja-naisten-valiset-erot\/#primaryimage\"},\"image\":{\"@id\":\"https:\/\/www.healthy-heart.org\/fi\/pida-sydamesi-terveena\/miesten-ja-naisten-valiset-erot\/#primaryimage\"},\"thumbnailUrl\":\"https:\/\/www.healthy-heart.org\/wp-content\/uploads\/2019\/07\/iStock-1060172678-2-scaled.jpg\",\"datePublished\":\"2021-02-12T12:55:21+00:00\",\"dateModified\":\"2024-12-24T11:40:44+00:00\",\"description\":\"Lue lis\u00e4\u00e4 siit\u00e4, miten syd\u00e4n- ja verisuonitautien riski vaihtelee naisten ja miesten v\u00e4lill\u00e4,\",\"breadcrumb\":{\"@id\":\"https:\/\/www.healthy-heart.org\/fi\/pida-sydamesi-terveena\/miesten-ja-naisten-valiset-erot\/#breadcrumb\"},\"inLanguage\":\"fi-FI\",\"potentialAction\":[{\"@type\":\"ReadAction\",\"target\":[\"https:\/\/www.healthy-heart.org\/fi\/pida-sydamesi-terveena\/miesten-ja-naisten-valiset-erot\/\"]}]},{\"@type\":\"ImageObject\",\"inLanguage\":\"fi-FI\",\"@id\":\"https:\/\/www.healthy-heart.org\/fi\/pida-sydamesi-terveena\/miesten-ja-naisten-valiset-erot\/#primaryimage\",\"url\":\"https:\/\/www.healthy-heart.org\/wp-content\/uploads\/2019\/07\/iStock-1060172678-2-scaled.jpg\",\"contentUrl\":\"https:\/\/www.healthy-heart.org\/wp-content\/uploads\/2019\/07\/iStock-1060172678-2-scaled.jpg\",\"width\":2560,\"height\":1707},{\"@type\":\"BreadcrumbList\",\"@id\":\"https:\/\/www.healthy-heart.org\/fi\/pida-sydamesi-terveena\/miesten-ja-naisten-valiset-erot\/#breadcrumb\",\"itemListElement\":[{\"@type\":\"ListItem\",\"position\":1,\"name\":\"Home\",\"item\":\"https:\/\/www.healthy-heart.org\/fi\/\"},{\"@type\":\"ListItem\",\"position\":2,\"name\":\"Pid\u00e4 syd\u00e4mesi terveen\u00e4\",\"item\":\"https:\/\/www.healthy-heart.org\/fi\/pida-sydamesi-terveena\/\"},{\"@type\":\"ListItem\",\"position\":3,\"name\":\"Syd\u00e4n- ja verisuonitaudit naisilla\"}]},{\"@type\":\"WebSite\",\"@id\":\"https:\/\/www.healthy-heart.org\/es\/#website\",\"url\":\"https:\/\/www.healthy-heart.org\/es\/\",\"name\":\"Healthy-Heart.org\",\"description\":\"Practical advice for patients and family care givers on the prevention of cardiovascular disease\",\"potentialAction\":[{\"@type\":\"SearchAction\",\"target\":{\"@type\":\"EntryPoint\",\"urlTemplate\":\"https:\/\/www.healthy-heart.org\/es\/?s={search_term_string}\"},\"query-input\":{\"@type\":\"PropertyValueSpecification\",\"valueRequired\":true,\"valueName\":\"search_term_string\"}}],\"inLanguage\":\"fi-FI\"}]}<\/script>\n<!-- \/ Yoast SEO plugin. -->","yoast_head_json":{"title":"Miesten ja naisten v\u00e4liset erot - Healthy-Heart.org","description":"Lue lis\u00e4\u00e4 siit\u00e4, miten syd\u00e4n- ja verisuonitautien riski vaihtelee naisten ja miesten v\u00e4lill\u00e4,","robots":{"index":"index","follow":"follow","max-snippet":"max-snippet:-1","max-image-preview":"max-image-preview:large","max-video-preview":"max-video-preview:-1"},"canonical":"https:\/\/www.healthy-heart.org\/fi\/pida-sydamesi-terveena\/miesten-ja-naisten-valiset-erot\/","og_locale":"fi_FI","og_type":"article","og_title":"Miesten ja naisten v\u00e4liset erot - Healthy-Heart.org","og_description":"Lue lis\u00e4\u00e4 siit\u00e4, miten syd\u00e4n- ja verisuonitautien riski vaihtelee naisten ja miesten v\u00e4lill\u00e4,","og_url":"https:\/\/www.healthy-heart.org\/fi\/pida-sydamesi-terveena\/miesten-ja-naisten-valiset-erot\/","og_site_name":"Healthy-Heart.org","article_modified_time":"2024-12-24T11:40:44+00:00","og_image":[{"width":2560,"height":1707,"url":"https:\/\/www.healthy-heart.org\/wp-content\/uploads\/2019\/07\/iStock-1060172678-2-scaled.jpg","type":"image\/jpeg"}],"twitter_card":"summary_large_image","twitter_misc":{"Est. reading time":"2 minutes"},"schema":{"@context":"https:\/\/schema.org","@graph":[{"@type":"WebPage","@id":"https:\/\/www.healthy-heart.org\/fi\/pida-sydamesi-terveena\/miesten-ja-naisten-valiset-erot\/","url":"https:\/\/www.healthy-heart.org\/fi\/pida-sydamesi-terveena\/miesten-ja-naisten-valiset-erot\/","name":"Miesten ja naisten v\u00e4liset erot - Healthy-Heart.org","isPartOf":{"@id":"https:\/\/www.healthy-heart.org\/es\/#website"},"primaryImageOfPage":{"@id":"https:\/\/www.healthy-heart.org\/fi\/pida-sydamesi-terveena\/miesten-ja-naisten-valiset-erot\/#primaryimage"},"image":{"@id":"https:\/\/www.healthy-heart.org\/fi\/pida-sydamesi-terveena\/miesten-ja-naisten-valiset-erot\/#primaryimage"},"thumbnailUrl":"https:\/\/www.healthy-heart.org\/wp-content\/uploads\/2019\/07\/iStock-1060172678-2-scaled.jpg","datePublished":"2021-02-12T12:55:21+00:00","dateModified":"2024-12-24T11:40:44+00:00","description":"Lue lis\u00e4\u00e4 siit\u00e4, miten syd\u00e4n- ja verisuonitautien riski vaihtelee naisten ja miesten v\u00e4lill\u00e4,","breadcrumb":{"@id":"https:\/\/www.healthy-heart.org\/fi\/pida-sydamesi-terveena\/miesten-ja-naisten-valiset-erot\/#breadcrumb"},"inLanguage":"fi-FI","potentialAction":[{"@type":"ReadAction","target":["https:\/\/www.healthy-heart.org\/fi\/pida-sydamesi-terveena\/miesten-ja-naisten-valiset-erot\/"]}]},{"@type":"ImageObject","inLanguage":"fi-FI","@id":"https:\/\/www.healthy-heart.org\/fi\/pida-sydamesi-terveena\/miesten-ja-naisten-valiset-erot\/#primaryimage","url":"https:\/\/www.healthy-heart.org\/wp-content\/uploads\/2019\/07\/iStock-1060172678-2-scaled.jpg","contentUrl":"https:\/\/www.healthy-heart.org\/wp-content\/uploads\/2019\/07\/iStock-1060172678-2-scaled.jpg","width":2560,"height":1707},{"@type":"BreadcrumbList","@id":"https:\/\/www.healthy-heart.org\/fi\/pida-sydamesi-terveena\/miesten-ja-naisten-valiset-erot\/#breadcrumb","itemListElement":[{"@type":"ListItem","position":1,"name":"Home","item":"https:\/\/www.healthy-heart.org\/fi\/"},{"@type":"ListItem","position":2,"name":"Pid\u00e4 syd\u00e4mesi terveen\u00e4","item":"https:\/\/www.healthy-heart.org\/fi\/pida-sydamesi-terveena\/"},{"@type":"ListItem","position":3,"name":"Syd\u00e4n- ja verisuonitaudit naisilla"}]},{"@type":"WebSite","@id":"https:\/\/www.healthy-heart.org\/es\/#website","url":"https:\/\/www.healthy-heart.org\/es\/","name":"Healthy-Heart.org","description":"Practical advice for patients and family care givers on the prevention of cardiovascular disease","potentialAction":[{"@type":"SearchAction","target":{"@type":"EntryPoint","urlTemplate":"https:\/\/www.healthy-heart.org\/es\/?s={search_term_string}"},"query-input":{"@type":"PropertyValueSpecification","valueRequired":true,"valueName":"search_term_string"}}],"inLanguage":"fi-FI"}]}},"_links":{"self":[{"href":"https:\/\/www.healthy-heart.org\/fi\/wp-json\/wp\/v2\/pages\/5296","targetHints":{"allow":["GET"]}}],"collection":[{"href":"https:\/\/www.healthy-heart.org\/fi\/wp-json\/wp\/v2\/pages"}],"about":[{"href":"https:\/\/www.healthy-heart.org\/fi\/wp-json\/wp\/v2\/types\/page"}],"author":[{"embeddable":true,"href":"https:\/\/www.healthy-heart.org\/fi\/wp-json\/wp\/v2\/users\/1"}],"replies":[{"embeddable":true,"href":"https:\/\/www.healthy-heart.org\/fi\/wp-json\/wp\/v2\/comments?post=5296"}],"version-history":[{"count":5,"href":"https:\/\/www.healthy-heart.org\/fi\/wp-json\/wp\/v2\/pages\/5296\/revisions"}],"predecessor-version":[{"id":7510,"href":"https:\/\/www.healthy-heart.org\/fi\/wp-json\/wp\/v2\/pages\/5296\/revisions\/7510"}],"up":[{"embeddable":true,"href":"https:\/\/www.healthy-heart.org\/fi\/wp-json\/wp\/v2\/pages\/5188"}],"wp:featuredmedia":[{"embeddable":true,"href":"https:\/\/www.healthy-heart.org\/fi\/wp-json\/wp\/v2\/media\/5303"}],"wp:attachment":[{"href":"https:\/\/www.healthy-heart.org\/fi\/wp-json\/wp\/v2\/media?parent=5296"}],"wp:term":[{"taxonomy":"category","embeddable":true,"href":"https:\/\/www.healthy-heart.org\/fi\/wp-json\/wp\/v2\/categories?post=5296"},{"taxonomy":"post_tag","embeddable":true,"href":"https:\/\/www.healthy-heart.org\/fi\/wp-json\/wp\/v2\/tags?post=5296"}],"curies":[{"name":"wp","href":"https:\/\/api.w.org\/{rel}","templated":true}]}}