{"id":5287,"date":"2021-02-12T12:55:13","date_gmt":"2021-02-12T12:55:13","guid":{"rendered":"https:\/\/www.healthy-heart.org\/perheen-tuki\/"},"modified":"2021-02-12T12:55:13","modified_gmt":"2021-02-12T12:55:13","slug":"perheen-tuki","status":"publish","type":"page","link":"https:\/\/www.healthy-heart.org\/fi\/elama-sydansairauden-kanssa\/perheen-tuki\/","title":{"rendered":"Perheen tuki"},"content":{"rendered":"<p><img loading=\"lazy\" decoding=\"async\" class=\"alignright size-medium wp-image-565\" src=\"https:\/\/cdn-endpoint-prev.azureedge.net\/healthy-heart\/2019\/07\/iStock-1055062378-350x233.jpg\" alt=\"\" width=\"350\" height=\"233\"><br \/>\nKumppanisi ja l\u00e4himm\u00e4t perheenj\u00e4senesi voivat olla keskeinen tuen, rohkaisun ja motivaation l\u00e4hde, kun toivut syd\u00e4nsairaudesta. Monet pariskunnat ovat sanoneet, ett\u00e4 syd\u00e4nongelma on l\u00e4hent\u00e4nyt heit\u00e4.<\/p>\n<p>Syd\u00e4n- ja verisuonitapahtumat voivat olla j\u00e4rkytt\u00e4vi\u00e4 perheille, jotka kokevat usein voimattomuutta ja huolta sairaudesta, sairaalaan joutumisesta ja hoidosta. Kumppanit voivat olla huolissaan heille rakkaan ihmisen terveyden kehittymisest\u00e4. T\u00e4ll\u00f6in voi ilmet\u00e4 negatiivisia tunteita, kuten syyllisyytt\u00e4 (olisinpa&#8230;), mielialan vaihtelua ja huolta taloudellisista seuraamuksista. T\u00e4m\u00e4 voi vaikuttaa suhteen laatuun ja potilaan toipumiseen. Siksi on ratkaisevan t\u00e4rke\u00e4\u00e4, ett\u00e4 perheenj\u00e4senet pit\u00e4v\u00e4t hyv\u00e4\u00e4 huolta my\u00f6s itsest\u00e4\u00e4n. T\u00e4m\u00e4 tarkoittaa riitt\u00e4v\u00e4\u00e4 unta ja rentoutumista, <a href=\"https:\/\/www.healthy-heart.org\/keep-your-heart-healthy\/take-control-of-your-lifestyle\/\">terveellisi\u00e4 elintapoja<\/a> sek\u00e4 nautintoa tuottavien asioiden tekemist\u00e4.<\/p>\n<p>Kumppanit tuntevat usein olevansa vastuussa potilaan terveydest\u00e4, jolloin he laiminly\u00f6v\u00e4t helposti omat tarpeensa. He saattavat ottaa lis\u00e4\u00e4 vastuuta kodinhoidosta, pyrki\u00e4 olemaan jatkuvasti l\u00e4sn\u00e4 ja rajoittamaan potilaan toimintaa, sill\u00e4 he pelk\u00e4\u00e4v\u00e4t syd\u00e4men terveyden puolesta. Potilaat voivat kokea t\u00e4m\u00e4n ylisuojelevana ja kontrolloivana, ja he voivat piilottaa tunteensa ja ajatuksensa suojellakseen kumppaniaan huolestumiselta. T\u00e4st\u00e4 voi synty\u00e4 molemminpuolista \u00e4rtymyst\u00e4, joka ei hy\u00f6dyt\u00e4 parisuhdetta tai toipumisprosessia. Syd\u00e4nsairauden kanssa el\u00e4miseen tottuminen edellytt\u00e4\u00e4 rehellisyytt\u00e4 ja avoimuutta sek\u00e4 toisen ihmisen yksil\u00f6llisyyden tunnustamista.<\/p>\n<p>Kumppanin ja l\u00e4hiomaisten ottaminen mukaan <a href=\"https:\/\/www.healthy-heart.org\/living-with-heart-disease\/improve-your-heart-condition\/\">syd\u00e4nkuntoutusohjelmaan<\/a> on ainutlaatuinen tilaisuus yhdist\u00e4\u00e4 voimia toipumisprosessiin ja tehd\u00e4 yhteisi\u00e4 p\u00e4\u00e4t\u00f6ksi\u00e4 terveyden sopeuttamisesta. Loppujen lopuksi yhdess\u00e4 tehty syd\u00e4nongelman l\u00e4\u00e4ketieteellisten seikkojen opettelu, <a href=\"https:\/\/www.healthy-heart.org\/keep-your-heart-healthy\/heart-friendly-diet\/\">terveellist\u00e4 ruokaa<\/a> koskevien ohjeiden saaminen ja potilaan edistymisen seuraaminen antavat perheenj\u00e4senille yllykkeen ottaa vastuuta omasta roolistaan. Jotkin kuntoutusohjelmat tarjoavat paritapaamisia, joissa k\u00e4sitell\u00e4\u00e4n esimerkiksi kommunikointia, syd\u00e4nongelman k\u00e4sittely\u00e4 yhdess\u00e4 sek\u00e4 <a href=\"https:\/\/www.healthy-heart.org\/living-with-heart-disease\/sex-and-heart-disease\/\">seksuaaliseen kanssak\u00e4ymiseen liittyvi\u00e4 huolenaiheita<\/a>.<\/p>\n","protected":false},"excerpt":{"rendered":"<p>Kumppanisi ja l\u00e4himm\u00e4t perheenj\u00e4senesi voivat olla keskeinen tuen, rohkaisun ja motivaation l\u00e4hde, kun toivut syd\u00e4nsairaudesta. Monet pariskunnat ovat sanoneet, ett\u00e4 syd\u00e4nongelma on l\u00e4hent\u00e4nyt heit\u00e4. Syd\u00e4n- ja verisuonitapahtumat voivat olla j\u00e4rkytt\u00e4vi\u00e4 perheille, jotka kokevat usein voimattomuutta ja huolta sairaudesta, sairaalaan joutumisesta ja hoidosta. Kumppanit voivat olla huolissaan heille rakkaan ihmisen terveyden kehittymisest\u00e4. T\u00e4ll\u00f6in voi ilmet\u00e4 negatiivisia [&hellip;]<\/p>\n","protected":false},"author":1,"featured_media":5289,"parent":5327,"menu_order":9,"comment_status":"closed","ping_status":"closed","template":"","meta":{"_acf_changed":false,"footnotes":""},"categories":[95],"tags":[],"class_list":["post-5287","page","type-page","status-publish","has-post-thumbnail","hentry","category-elama-sydansairauden-kanssa"],"acf":[],"yoast_head":"<!-- This site is optimized with the Yoast SEO plugin v24.0 - https:\/\/yoast.com\/wordpress\/plugins\/seo\/ -->\n<title>Perheen tuki - Healthy-Heart.org<\/title>\n<meta name=\"description\" content=\"Kumppani tai perhe voi olla olennainen tuen ja motivaation l\u00e4hde syd\u00e4nsairaudesta toivuttaessa.\" \/>\n<meta name=\"robots\" content=\"index, follow, max-snippet:-1, max-image-preview:large, max-video-preview:-1\" \/>\n<link rel=\"canonical\" href=\"https:\/\/www.healthy-heart.org\/fi\/elama-sydansairauden-kanssa\/perheen-tuki\/\" \/>\n<meta property=\"og:locale\" content=\"fi_FI\" \/>\n<meta property=\"og:type\" content=\"article\" \/>\n<meta property=\"og:title\" content=\"Perheen tuki - Healthy-Heart.org\" \/>\n<meta property=\"og:description\" content=\"Kumppani tai perhe voi olla olennainen tuen ja motivaation l\u00e4hde syd\u00e4nsairaudesta toivuttaessa.\" \/>\n<meta property=\"og:url\" content=\"https:\/\/www.healthy-heart.org\/fi\/elama-sydansairauden-kanssa\/perheen-tuki\/\" \/>\n<meta property=\"og:site_name\" content=\"Healthy-Heart.org\" \/>\n<meta property=\"og:image\" content=\"https:\/\/www.healthy-heart.org\/wp-content\/uploads\/2019\/07\/iStock-1055062378-scaled.jpg\" \/>\n\t<meta property=\"og:image:width\" content=\"2560\" \/>\n\t<meta property=\"og:image:height\" content=\"1707\" \/>\n\t<meta property=\"og:image:type\" content=\"image\/jpeg\" \/>\n<meta name=\"twitter:card\" content=\"summary_large_image\" \/>\n<meta name=\"twitter:label1\" content=\"Est. reading time\" \/>\n\t<meta name=\"twitter:data1\" content=\"1 minute\" \/>\n<script type=\"application\/ld+json\" class=\"yoast-schema-graph\">{\"@context\":\"https:\/\/schema.org\",\"@graph\":[{\"@type\":\"WebPage\",\"@id\":\"https:\/\/www.healthy-heart.org\/fi\/elama-sydansairauden-kanssa\/perheen-tuki\/\",\"url\":\"https:\/\/www.healthy-heart.org\/fi\/elama-sydansairauden-kanssa\/perheen-tuki\/\",\"name\":\"Perheen tuki - Healthy-Heart.org\",\"isPartOf\":{\"@id\":\"https:\/\/www.healthy-heart.org\/es\/#website\"},\"primaryImageOfPage\":{\"@id\":\"https:\/\/www.healthy-heart.org\/fi\/elama-sydansairauden-kanssa\/perheen-tuki\/#primaryimage\"},\"image\":{\"@id\":\"https:\/\/www.healthy-heart.org\/fi\/elama-sydansairauden-kanssa\/perheen-tuki\/#primaryimage\"},\"thumbnailUrl\":\"https:\/\/www.healthy-heart.org\/wp-content\/uploads\/2019\/07\/iStock-1055062378-scaled.jpg\",\"datePublished\":\"2021-02-12T12:55:13+00:00\",\"dateModified\":\"2021-02-12T12:55:13+00:00\",\"description\":\"Kumppani tai perhe voi olla olennainen tuen ja motivaation l\u00e4hde syd\u00e4nsairaudesta toivuttaessa.\",\"breadcrumb\":{\"@id\":\"https:\/\/www.healthy-heart.org\/fi\/elama-sydansairauden-kanssa\/perheen-tuki\/#breadcrumb\"},\"inLanguage\":\"fi-FI\",\"potentialAction\":[{\"@type\":\"ReadAction\",\"target\":[\"https:\/\/www.healthy-heart.org\/fi\/elama-sydansairauden-kanssa\/perheen-tuki\/\"]}]},{\"@type\":\"ImageObject\",\"inLanguage\":\"fi-FI\",\"@id\":\"https:\/\/www.healthy-heart.org\/fi\/elama-sydansairauden-kanssa\/perheen-tuki\/#primaryimage\",\"url\":\"https:\/\/www.healthy-heart.org\/wp-content\/uploads\/2019\/07\/iStock-1055062378-scaled.jpg\",\"contentUrl\":\"https:\/\/www.healthy-heart.org\/wp-content\/uploads\/2019\/07\/iStock-1055062378-scaled.jpg\",\"width\":2560,\"height\":1707},{\"@type\":\"BreadcrumbList\",\"@id\":\"https:\/\/www.healthy-heart.org\/fi\/elama-sydansairauden-kanssa\/perheen-tuki\/#breadcrumb\",\"itemListElement\":[{\"@type\":\"ListItem\",\"position\":1,\"name\":\"Home\",\"item\":\"https:\/\/www.healthy-heart.org\/fi\/\"},{\"@type\":\"ListItem\",\"position\":2,\"name\":\"El\u00e4m\u00e4 syd\u00e4nsairauden kanssa\",\"item\":\"https:\/\/www.healthy-heart.org\/fi\/elama-sydansairauden-kanssa\/\"},{\"@type\":\"ListItem\",\"position\":3,\"name\":\"Perheen tuki\"}]},{\"@type\":\"WebSite\",\"@id\":\"https:\/\/www.healthy-heart.org\/es\/#website\",\"url\":\"https:\/\/www.healthy-heart.org\/es\/\",\"name\":\"Healthy-Heart.org\",\"description\":\"Practical advice for patients and family care givers on the prevention of cardiovascular disease\",\"potentialAction\":[{\"@type\":\"SearchAction\",\"target\":{\"@type\":\"EntryPoint\",\"urlTemplate\":\"https:\/\/www.healthy-heart.org\/es\/?s={search_term_string}\"},\"query-input\":{\"@type\":\"PropertyValueSpecification\",\"valueRequired\":true,\"valueName\":\"search_term_string\"}}],\"inLanguage\":\"fi-FI\"}]}<\/script>\n<!-- \/ Yoast SEO plugin. -->","yoast_head_json":{"title":"Perheen tuki - Healthy-Heart.org","description":"Kumppani tai perhe voi olla olennainen tuen ja motivaation l\u00e4hde syd\u00e4nsairaudesta toivuttaessa.","robots":{"index":"index","follow":"follow","max-snippet":"max-snippet:-1","max-image-preview":"max-image-preview:large","max-video-preview":"max-video-preview:-1"},"canonical":"https:\/\/www.healthy-heart.org\/fi\/elama-sydansairauden-kanssa\/perheen-tuki\/","og_locale":"fi_FI","og_type":"article","og_title":"Perheen tuki - Healthy-Heart.org","og_description":"Kumppani tai perhe voi olla olennainen tuen ja motivaation l\u00e4hde syd\u00e4nsairaudesta toivuttaessa.","og_url":"https:\/\/www.healthy-heart.org\/fi\/elama-sydansairauden-kanssa\/perheen-tuki\/","og_site_name":"Healthy-Heart.org","og_image":[{"width":2560,"height":1707,"url":"https:\/\/www.healthy-heart.org\/wp-content\/uploads\/2019\/07\/iStock-1055062378-scaled.jpg","type":"image\/jpeg"}],"twitter_card":"summary_large_image","twitter_misc":{"Est. reading time":"1 minute"},"schema":{"@context":"https:\/\/schema.org","@graph":[{"@type":"WebPage","@id":"https:\/\/www.healthy-heart.org\/fi\/elama-sydansairauden-kanssa\/perheen-tuki\/","url":"https:\/\/www.healthy-heart.org\/fi\/elama-sydansairauden-kanssa\/perheen-tuki\/","name":"Perheen tuki - Healthy-Heart.org","isPartOf":{"@id":"https:\/\/www.healthy-heart.org\/es\/#website"},"primaryImageOfPage":{"@id":"https:\/\/www.healthy-heart.org\/fi\/elama-sydansairauden-kanssa\/perheen-tuki\/#primaryimage"},"image":{"@id":"https:\/\/www.healthy-heart.org\/fi\/elama-sydansairauden-kanssa\/perheen-tuki\/#primaryimage"},"thumbnailUrl":"https:\/\/www.healthy-heart.org\/wp-content\/uploads\/2019\/07\/iStock-1055062378-scaled.jpg","datePublished":"2021-02-12T12:55:13+00:00","dateModified":"2021-02-12T12:55:13+00:00","description":"Kumppani tai perhe voi olla olennainen tuen ja motivaation l\u00e4hde syd\u00e4nsairaudesta toivuttaessa.","breadcrumb":{"@id":"https:\/\/www.healthy-heart.org\/fi\/elama-sydansairauden-kanssa\/perheen-tuki\/#breadcrumb"},"inLanguage":"fi-FI","potentialAction":[{"@type":"ReadAction","target":["https:\/\/www.healthy-heart.org\/fi\/elama-sydansairauden-kanssa\/perheen-tuki\/"]}]},{"@type":"ImageObject","inLanguage":"fi-FI","@id":"https:\/\/www.healthy-heart.org\/fi\/elama-sydansairauden-kanssa\/perheen-tuki\/#primaryimage","url":"https:\/\/www.healthy-heart.org\/wp-content\/uploads\/2019\/07\/iStock-1055062378-scaled.jpg","contentUrl":"https:\/\/www.healthy-heart.org\/wp-content\/uploads\/2019\/07\/iStock-1055062378-scaled.jpg","width":2560,"height":1707},{"@type":"BreadcrumbList","@id":"https:\/\/www.healthy-heart.org\/fi\/elama-sydansairauden-kanssa\/perheen-tuki\/#breadcrumb","itemListElement":[{"@type":"ListItem","position":1,"name":"Home","item":"https:\/\/www.healthy-heart.org\/fi\/"},{"@type":"ListItem","position":2,"name":"El\u00e4m\u00e4 syd\u00e4nsairauden kanssa","item":"https:\/\/www.healthy-heart.org\/fi\/elama-sydansairauden-kanssa\/"},{"@type":"ListItem","position":3,"name":"Perheen tuki"}]},{"@type":"WebSite","@id":"https:\/\/www.healthy-heart.org\/es\/#website","url":"https:\/\/www.healthy-heart.org\/es\/","name":"Healthy-Heart.org","description":"Practical advice for patients and family care givers on the prevention of cardiovascular disease","potentialAction":[{"@type":"SearchAction","target":{"@type":"EntryPoint","urlTemplate":"https:\/\/www.healthy-heart.org\/es\/?s={search_term_string}"},"query-input":{"@type":"PropertyValueSpecification","valueRequired":true,"valueName":"search_term_string"}}],"inLanguage":"fi-FI"}]}},"_links":{"self":[{"href":"https:\/\/www.healthy-heart.org\/fi\/wp-json\/wp\/v2\/pages\/5287","targetHints":{"allow":["GET"]}}],"collection":[{"href":"https:\/\/www.healthy-heart.org\/fi\/wp-json\/wp\/v2\/pages"}],"about":[{"href":"https:\/\/www.healthy-heart.org\/fi\/wp-json\/wp\/v2\/types\/page"}],"author":[{"embeddable":true,"href":"https:\/\/www.healthy-heart.org\/fi\/wp-json\/wp\/v2\/users\/1"}],"replies":[{"embeddable":true,"href":"https:\/\/www.healthy-heart.org\/fi\/wp-json\/wp\/v2\/comments?post=5287"}],"version-history":[{"count":0,"href":"https:\/\/www.healthy-heart.org\/fi\/wp-json\/wp\/v2\/pages\/5287\/revisions"}],"up":[{"embeddable":true,"href":"https:\/\/www.healthy-heart.org\/fi\/wp-json\/wp\/v2\/pages\/5327"}],"wp:featuredmedia":[{"embeddable":true,"href":"https:\/\/www.healthy-heart.org\/fi\/wp-json\/wp\/v2\/media\/5289"}],"wp:attachment":[{"href":"https:\/\/www.healthy-heart.org\/fi\/wp-json\/wp\/v2\/media?parent=5287"}],"wp:term":[{"taxonomy":"category","embeddable":true,"href":"https:\/\/www.healthy-heart.org\/fi\/wp-json\/wp\/v2\/categories?post=5287"},{"taxonomy":"post_tag","embeddable":true,"href":"https:\/\/www.healthy-heart.org\/fi\/wp-json\/wp\/v2\/tags?post=5287"}],"curies":[{"name":"wp","href":"https:\/\/api.w.org\/{rel}","templated":true}]}}