{"id":5263,"date":"2021-02-12T12:50:22","date_gmt":"2021-02-12T12:50:22","guid":{"rendered":"https:\/\/www.healthy-heart.org\/mika-on-sydansairaus\/"},"modified":"2021-03-08T15:13:07","modified_gmt":"2021-03-08T15:13:07","slug":"mika-on-sydansairaus","status":"publish","type":"page","link":"https:\/\/www.healthy-heart.org\/fi\/sydamesi\/mika-on-sydansairaus\/","title":{"rendered":"Mik\u00e4 on syd\u00e4nsairaus?"},"content":{"rendered":"<p>Syd\u00e4n- ja verisuonitaudit ovat sairauksia, jotka liittyv\u00e4t <a href=\"https:\/\/www.healthy-heart.org\/your-heart\/how-does-the-heart-work\/\">syd\u00e4meen ja verisuoniin<\/a>. Niihin kuuluvat valtimosairaudet, joissa rasvainen plakiksi kutsuttu kertym\u00e4 heikent\u00e4\u00e4 verisuonten toimintaa v\u00e4hitellen. Valtimosairaudet luokitellaan sen mukaan, mitk\u00e4 verisuonet tukkeutuvat.<\/p>\n<ul>\n<li>Sepelvaltimotauti \u2013 kuten syd\u00e4nveritulppa \u2013 vaikuttaa sepelvaltimoihin, jotka toimittavat verta syd\u00e4meen.<\/li>\n<li>Aivoverisuonisairaus \u2013 kuten aivohalvaus \u2013 vaikuttaa suoniin, jotka toimittavat verta aivoihin.<\/li>\n<li>\u00c4\u00e4reisvaltimotauti vaikuttaa verisuoniin, jotka toimittavat verta jalkoihin.<\/li>\n<li>Muita syd\u00e4n- ja verisuonitauteja ovat syd\u00e4men vajaatoiminta (jossa syd\u00e4n ei pumppaa kunnolla), syd\u00e4men l\u00e4pp\u00e4viat sek\u00e4 syd\u00e4nlihassairaudet.<\/li>\n<\/ul>\n<h3>M\u00e4\u00e4ritelm\u00e4<\/h3>\n<p><img loading=\"lazy\" decoding=\"async\" class=\"alignright wp-image-694 size-medium\" src=\"https:\/\/cdn-endpoint-prev.azureedge.net\/healthy-heart\/2019\/07\/iStock-1026729722-1-350x350.jpg\" alt=\"\" width=\"350\" height=\"350\" srcset=\"https:\/\/www.healthy-heart.org\/wp-content\/uploads\/2019\/07\/iStock-1026729722-1-350x350.jpg 350w, https:\/\/www.healthy-heart.org\/wp-content\/uploads\/2019\/07\/iStock-1026729722-1-200x200.jpg 200w, https:\/\/www.healthy-heart.org\/wp-content\/uploads\/2019\/07\/iStock-1026729722-1-768x768.jpg 768w, https:\/\/www.healthy-heart.org\/wp-content\/uploads\/2019\/07\/iStock-1026729722-1-1024x1024.jpg 1024w, https:\/\/www.healthy-heart.org\/wp-content\/uploads\/2019\/07\/iStock-1026729722-1-1536x1536.jpg 1536w, https:\/\/www.healthy-heart.org\/wp-content\/uploads\/2019\/07\/iStock-1026729722-1-2048x2048.jpg 2048w, https:\/\/www.healthy-heart.org\/wp-content\/uploads\/2019\/07\/iStock-1026729722-1-439x439.jpg 439w, https:\/\/www.healthy-heart.org\/wp-content\/uploads\/2019\/07\/iStock-1026729722-1-464x464.jpg 464w\" sizes=\"auto, (max-width: 350px) 100vw, 350px\" \/><br \/>\nSyd\u00e4n- ja verisuonitauteja ovat seuraavat valtimosairaudet: sepelvaltimotauti (syd\u00e4nveritulppa), aivoverisuonisairaus (aivohalvaus) sek\u00e4 jalkoihin vaikuttava \u00e4\u00e4reisvaltimotauti.<\/p>\n<p>Valtimosairaus on tauti, jota aiheuttaa p\u00e4\u00e4asiassa korkea kolesterolitaso, ja etenkin \u201dhuono\u201d LDL-kolesteroli. Kolesteroli kertyy verisuonten sein\u00e4m\u00e4\u00e4n aiheuttaen tulehdusta ja plakin kertymist\u00e4, joka voi ahtauttaa verisuonia. Mit\u00e4 kapeammat suonet, sit\u00e4 v\u00e4hemm\u00e4n verta virtaa. T\u00e4m\u00e4 voi aiheuttaa ajoittaista kipua jaloissa k\u00e4velyn aikana, jos sairaus vaikuttaa jalkojen valtimoihin. Kun syd\u00e4meen verta sy\u00f6tt\u00e4v\u00e4t suonet k\u00e4yv\u00e4t ahtaiksi, voi ilmet\u00e4 rintakipua, kireyden tunnetta tai ep\u00e4mukavuutta. T\u00e4t\u00e4 kutsutaan nimell\u00e4 angina pectoris. Jos syd\u00e4meen verta sy\u00f6tt\u00e4v\u00e4t suonet ahtautuvat pahasti tai tukkeutuvat kokonaan plakkien vaikutuksesta, voi seurauksena olla syd\u00e4nveritulppa (syd\u00e4ninfarkti).<\/p>\n<p>Syd\u00e4n- ja verisuonitauteja voidaan ehk\u00e4ist\u00e4 ja hoitaa terveill\u00e4 <a href=\"https:\/\/www.healthy-heart.org\/your-heart\/encouraging-a-healthy-lifestyle\/\">elintavoilla<\/a>, <a href=\"https:\/\/www.healthy-heart.org\/living-with-heart-disease\/types-of-medication\/\">l\u00e4\u00e4kkeill\u00e4<\/a> ja\/tai kirurgialla.<\/p>\n<h3>Ilmaantuvuus<\/h3>\n<p><img loading=\"lazy\" decoding=\"async\" class=\"alignright size-medium wp-image-719\" src=\"https:\/\/cdn-endpoint-prev.azureedge.net\/healthy-heart\/2019\/07\/iStock-457380571-350x350.png\" alt=\"\" width=\"350\" height=\"350\" srcset=\"https:\/\/www.healthy-heart.org\/wp-content\/uploads\/2019\/07\/iStock-457380571-350x350.png 350w, https:\/\/www.healthy-heart.org\/wp-content\/uploads\/2019\/07\/iStock-457380571-200x200.png 200w, https:\/\/www.healthy-heart.org\/wp-content\/uploads\/2019\/07\/iStock-457380571-768x768.png 768w, https:\/\/www.healthy-heart.org\/wp-content\/uploads\/2019\/07\/iStock-457380571-439x439.png 439w, https:\/\/www.healthy-heart.org\/wp-content\/uploads\/2019\/07\/iStock-457380571-464x464.png 464w, https:\/\/cdn-endpoint-prev.azureedge.net\/healthy-heart\/2019\/07\/iStock-457380571.png 800w\" sizes=\"auto, (max-width: 350px) 100vw, 350px\" \/>Syd\u00e4n- ja verisuonitaudit ovat tavallisin kuolemansyy Euroopassa, ja ne aiheuttavat yli nelj\u00e4 miljoonaa kuolemaa vuosittain. T\u00e4m\u00e4 on 45 % kaikista kuolemista. Syd\u00e4n- ja verisuonitaudit aiheuttavat 49 % naisten kuolemista ja 40 % miesten kuolemista. Sepelvaltimotauti (p\u00e4\u00e4asiassa syd\u00e4nkohtaus) sek\u00e4 aivoverisuonisairaus (p\u00e4\u00e4asiassa aivohalvaus) ovat tavallisimmat syd\u00e4meen ja verisuoniin liittyvien kuolemien syyt. Sepelvaltimotauti aiheuttaa 1,8 miljoonaa kuolemaa joka vuosi, eli joka viidennen kuoleman.<\/p>\n<p>Syd\u00e4n- ja verisuonitautien esiintyvyydess\u00e4 Euroopassa on huomattavia eroja. Syd\u00e4n- ja verisuonitaudit ovat v\u00e4hentyneet nopeasti l\u00e4hes koko L\u00e4nsi-Euroopassa kymmenen viime vuoden aikana, joissakin maissa jopa 30\u201350 %. T\u00e4ll\u00e4 hetkell\u00e4 syd\u00e4n- ja verisuonitaudit rasittavat eniten It\u00e4-Euroopan maita, joissa on korkeampi kuolleisuus ja sairastuvuus. Aiemmin merkitt\u00e4v\u00e4 pohjoisen ja etel\u00e4n v\u00e4linen ero on pienentynyt.<\/p>\n<p>Syd\u00e4n- ja verisuonitaudit ovat v\u00e4hentyneet sek\u00e4 miehill\u00e4 ett\u00e4 naisilla. T\u00e4m\u00e4 johtuu enimm\u00e4kseen syd\u00e4n- ja verisuonitautien paremmasta ehk\u00e4isyst\u00e4, joka puolestaan perustuu <a href=\"https:\/\/www.healthy-heart.org\/keep-your-heart-healthy\/predicting-managing-risk-of-heart-disease\/\">syd\u00e4n- ja verisuonitautien riskitekij\u00f6iden<\/a> v\u00e4hent\u00e4miseen sek\u00e4 terveill\u00e4 ett\u00e4 syd\u00e4n- ja verisuonitauteja sairastavilla ihmisill\u00e4.<\/p>\n<p>Kaikki riskitekij\u00e4t eiv\u00e4t kuitenkaan ole muuttuneet my\u00f6nteiseen suuntaan. Siin\u00e4 miss\u00e4 <a href=\"https:\/\/www.healthy-heart.org\/keep-your-heart-healthy\/smoking\/\">tupakointi<\/a> on v\u00e4hentynyt ja <a href=\"https:\/\/www.healthy-heart.org\/keep-your-heart-healthy\/cholesterol\/\">kolesterolitasot<\/a> ovat laskeneet, <a href=\"https:\/\/www.healthy-heart.org\/keep-your-heart-healthy\/keeping-a-healthy-weight\/\">lihavuus<\/a> ja <a href=\"https:\/\/www.healthy-heart.org\/keep-your-heart-healthy\/diabetes\/\">diabetes<\/a> ovat kasvussa, mik\u00e4 voi pys\u00e4ytt\u00e4\u00e4 syd\u00e4n- ja verisuonitautien laskevan trendin. Psykososiaaliset <a href=\"https:\/\/www.healthy-heart.org\/keep-your-heart-healthy\/stress-and-sleep\/\">stressitekij\u00e4t<\/a>, kuten masennus, ahdistus ja uupumus, tunnistetaan nyt merkitt\u00e4viksi syd\u00e4n- ja verisuonitautien aiheuttajiksi, eiv\u00e4tk\u00e4 ne ole v\u00e4hentyneet.<\/p>\n<blockquote><p>Syd\u00e4n- ja verisuonitaudit ovat pitk\u00e4lti v\u00e4ltett\u00e4viss\u00e4: terveydelle riskialttiiden elintapojen muuttaminen est\u00e4isi v\u00e4hint\u00e4\u00e4n 80 % kyseisist\u00e4 sairauksista.<\/p><\/blockquote>\n<p>Merkitt\u00e4vin tapa syd\u00e4n- ja verisuonitautien torjuntaan on siis ennaltaehk\u00e4isy, eli ensimm\u00e4isten ja niit\u00e4 seuraavien tapahtumien pys\u00e4ytt\u00e4minen. Yksi viidest\u00e4 syd\u00e4nkohtauksen saaneesta saa toisen kohtauksen yhden vuoden sis\u00e4ll\u00e4. Terveydenhuollon ammattilaiset ja potilaat voivat yhdess\u00e4 <a href=\"https:\/\/www.healthy-heart.org\/living-with-heart-disease\/risk-factors-for-a-second-heart-attack\/\">ehk\u00e4ist\u00e4 ensimm\u00e4isi\u00e4 ja toisia tapahtumia<\/a>. Esimerkiksi monilla syd\u00e4nkohtauksen saaneilla on diagnosoimaton diabetes, jonka oikea-aikainen havaitseminen ja hoito olisi ehk\u00e4issyt syd\u00e4nkohtauksen.<\/p>\n<p>Lue, mit\u00e4 voit tehd\u00e4 <a href=\"https:\/\/www.healthy-heart.org\/keep-your-heart-healthy\/keeping-healthy-habits\/\">syd\u00e4n- ja verisuonitautien ehk\u00e4isemiseksi<\/a>, ja mit\u00e4 voit saavuttaa yhteisty\u00f6ss\u00e4 l\u00e4\u00e4k\u00e4reiden ja hoitajien kanssa.<\/p>\n","protected":false},"excerpt":{"rendered":"<p>Syd\u00e4n- ja verisuonitaudit ovat sairauksia, jotka liittyv\u00e4t syd\u00e4meen ja verisuoniin. Niihin kuuluvat valtimosairaudet, joissa rasvainen plakiksi kutsuttu kertym\u00e4 heikent\u00e4\u00e4 verisuonten toimintaa v\u00e4hitellen. Valtimosairaudet luokitellaan sen mukaan, mitk\u00e4 verisuonet tukkeutuvat. Sepelvaltimotauti \u2013 kuten syd\u00e4nveritulppa \u2013 vaikuttaa sepelvaltimoihin, jotka toimittavat verta syd\u00e4meen. Aivoverisuonisairaus \u2013 kuten aivohalvaus \u2013 vaikuttaa suoniin, jotka toimittavat verta aivoihin. \u00c4\u00e4reisvaltimotauti vaikuttaa verisuoniin, jotka [&hellip;]<\/p>\n","protected":false},"author":1,"featured_media":5276,"parent":5275,"menu_order":2,"comment_status":"closed","ping_status":"closed","template":"","meta":{"_acf_changed":false,"footnotes":""},"categories":[98],"tags":[],"class_list":["post-5263","page","type-page","status-publish","has-post-thumbnail","hentry","category-sydamesi"],"acf":[],"yoast_head":"<!-- This site is optimized with the Yoast SEO plugin v24.0 - https:\/\/yoast.com\/wordpress\/plugins\/seo\/ -->\n<title>Syd\u00e4nsairaus - Healthy-Heart.org<\/title>\n<meta name=\"description\" content=\"Syd\u00e4nsairauksia ovat syd\u00e4n- ja verisuonitaudit, kuten valtimosairaudet, syd\u00e4nkohtaus, aivohalvaus, l\u00e4pp\u00e4sairaudet sek\u00e4 syd\u00e4nlihaksen sairaudet.\" \/>\n<meta name=\"robots\" content=\"index, follow, max-snippet:-1, max-image-preview:large, max-video-preview:-1\" \/>\n<link rel=\"canonical\" href=\"https:\/\/www.healthy-heart.org\/fi\/sydamesi\/mika-on-sydansairaus\/\" \/>\n<meta property=\"og:locale\" content=\"fi_FI\" \/>\n<meta property=\"og:type\" content=\"article\" \/>\n<meta property=\"og:title\" content=\"Syd\u00e4nsairaus - Healthy-Heart.org\" \/>\n<meta property=\"og:description\" content=\"Syd\u00e4nsairauksia ovat syd\u00e4n- ja verisuonitaudit, kuten valtimosairaudet, syd\u00e4nkohtaus, aivohalvaus, l\u00e4pp\u00e4sairaudet sek\u00e4 syd\u00e4nlihaksen sairaudet.\" \/>\n<meta property=\"og:url\" content=\"https:\/\/www.healthy-heart.org\/fi\/sydamesi\/mika-on-sydansairaus\/\" \/>\n<meta property=\"og:site_name\" content=\"Healthy-Heart.org\" \/>\n<meta property=\"article:modified_time\" content=\"2021-03-08T15:13:07+00:00\" \/>\n<meta property=\"og:image\" content=\"https:\/\/www.healthy-heart.org\/wp-content\/uploads\/2019\/08\/what-is-cardiovascular-disease.jpg\" \/>\n\t<meta property=\"og:image:width\" content=\"518\" \/>\n\t<meta property=\"og:image:height\" content=\"345\" \/>\n\t<meta property=\"og:image:type\" content=\"image\/jpeg\" \/>\n<meta name=\"twitter:card\" content=\"summary_large_image\" \/>\n<meta name=\"twitter:label1\" content=\"Est. reading time\" \/>\n\t<meta name=\"twitter:data1\" content=\"3 minutes\" \/>\n<script type=\"application\/ld+json\" class=\"yoast-schema-graph\">{\"@context\":\"https:\/\/schema.org\",\"@graph\":[{\"@type\":\"WebPage\",\"@id\":\"https:\/\/www.healthy-heart.org\/fi\/sydamesi\/mika-on-sydansairaus\/\",\"url\":\"https:\/\/www.healthy-heart.org\/fi\/sydamesi\/mika-on-sydansairaus\/\",\"name\":\"Syd\u00e4nsairaus - Healthy-Heart.org\",\"isPartOf\":{\"@id\":\"https:\/\/www.healthy-heart.org\/es\/#website\"},\"primaryImageOfPage\":{\"@id\":\"https:\/\/www.healthy-heart.org\/fi\/sydamesi\/mika-on-sydansairaus\/#primaryimage\"},\"image\":{\"@id\":\"https:\/\/www.healthy-heart.org\/fi\/sydamesi\/mika-on-sydansairaus\/#primaryimage\"},\"thumbnailUrl\":\"https:\/\/www.healthy-heart.org\/wp-content\/uploads\/2019\/08\/what-is-cardiovascular-disease.jpg\",\"datePublished\":\"2021-02-12T12:50:22+00:00\",\"dateModified\":\"2021-03-08T15:13:07+00:00\",\"description\":\"Syd\u00e4nsairauksia ovat syd\u00e4n- ja verisuonitaudit, kuten valtimosairaudet, syd\u00e4nkohtaus, aivohalvaus, l\u00e4pp\u00e4sairaudet sek\u00e4 syd\u00e4nlihaksen sairaudet.\",\"breadcrumb\":{\"@id\":\"https:\/\/www.healthy-heart.org\/fi\/sydamesi\/mika-on-sydansairaus\/#breadcrumb\"},\"inLanguage\":\"fi-FI\",\"potentialAction\":[{\"@type\":\"ReadAction\",\"target\":[\"https:\/\/www.healthy-heart.org\/fi\/sydamesi\/mika-on-sydansairaus\/\"]}]},{\"@type\":\"ImageObject\",\"inLanguage\":\"fi-FI\",\"@id\":\"https:\/\/www.healthy-heart.org\/fi\/sydamesi\/mika-on-sydansairaus\/#primaryimage\",\"url\":\"https:\/\/www.healthy-heart.org\/wp-content\/uploads\/2019\/08\/what-is-cardiovascular-disease.jpg\",\"contentUrl\":\"https:\/\/www.healthy-heart.org\/wp-content\/uploads\/2019\/08\/what-is-cardiovascular-disease.jpg\",\"width\":518,\"height\":345},{\"@type\":\"BreadcrumbList\",\"@id\":\"https:\/\/www.healthy-heart.org\/fi\/sydamesi\/mika-on-sydansairaus\/#breadcrumb\",\"itemListElement\":[{\"@type\":\"ListItem\",\"position\":1,\"name\":\"Home\",\"item\":\"https:\/\/www.healthy-heart.org\/fi\/\"},{\"@type\":\"ListItem\",\"position\":2,\"name\":\"Syd\u00e4mesi\",\"item\":\"https:\/\/www.healthy-heart.org\/fi\/sydamesi\/\"},{\"@type\":\"ListItem\",\"position\":3,\"name\":\"Mik\u00e4 on syd\u00e4nsairaus?\"}]},{\"@type\":\"WebSite\",\"@id\":\"https:\/\/www.healthy-heart.org\/es\/#website\",\"url\":\"https:\/\/www.healthy-heart.org\/es\/\",\"name\":\"Healthy-Heart.org\",\"description\":\"Practical advice for patients and family care givers on the prevention of cardiovascular disease\",\"potentialAction\":[{\"@type\":\"SearchAction\",\"target\":{\"@type\":\"EntryPoint\",\"urlTemplate\":\"https:\/\/www.healthy-heart.org\/es\/?s={search_term_string}\"},\"query-input\":{\"@type\":\"PropertyValueSpecification\",\"valueRequired\":true,\"valueName\":\"search_term_string\"}}],\"inLanguage\":\"fi-FI\"}]}<\/script>\n<!-- \/ Yoast SEO plugin. -->","yoast_head_json":{"title":"Syd\u00e4nsairaus - Healthy-Heart.org","description":"Syd\u00e4nsairauksia ovat syd\u00e4n- ja verisuonitaudit, kuten valtimosairaudet, syd\u00e4nkohtaus, aivohalvaus, l\u00e4pp\u00e4sairaudet sek\u00e4 syd\u00e4nlihaksen sairaudet.","robots":{"index":"index","follow":"follow","max-snippet":"max-snippet:-1","max-image-preview":"max-image-preview:large","max-video-preview":"max-video-preview:-1"},"canonical":"https:\/\/www.healthy-heart.org\/fi\/sydamesi\/mika-on-sydansairaus\/","og_locale":"fi_FI","og_type":"article","og_title":"Syd\u00e4nsairaus - Healthy-Heart.org","og_description":"Syd\u00e4nsairauksia ovat syd\u00e4n- ja verisuonitaudit, kuten valtimosairaudet, syd\u00e4nkohtaus, aivohalvaus, l\u00e4pp\u00e4sairaudet sek\u00e4 syd\u00e4nlihaksen sairaudet.","og_url":"https:\/\/www.healthy-heart.org\/fi\/sydamesi\/mika-on-sydansairaus\/","og_site_name":"Healthy-Heart.org","article_modified_time":"2021-03-08T15:13:07+00:00","og_image":[{"width":518,"height":345,"url":"https:\/\/www.healthy-heart.org\/wp-content\/uploads\/2019\/08\/what-is-cardiovascular-disease.jpg","type":"image\/jpeg"}],"twitter_card":"summary_large_image","twitter_misc":{"Est. reading time":"3 minutes"},"schema":{"@context":"https:\/\/schema.org","@graph":[{"@type":"WebPage","@id":"https:\/\/www.healthy-heart.org\/fi\/sydamesi\/mika-on-sydansairaus\/","url":"https:\/\/www.healthy-heart.org\/fi\/sydamesi\/mika-on-sydansairaus\/","name":"Syd\u00e4nsairaus - Healthy-Heart.org","isPartOf":{"@id":"https:\/\/www.healthy-heart.org\/es\/#website"},"primaryImageOfPage":{"@id":"https:\/\/www.healthy-heart.org\/fi\/sydamesi\/mika-on-sydansairaus\/#primaryimage"},"image":{"@id":"https:\/\/www.healthy-heart.org\/fi\/sydamesi\/mika-on-sydansairaus\/#primaryimage"},"thumbnailUrl":"https:\/\/www.healthy-heart.org\/wp-content\/uploads\/2019\/08\/what-is-cardiovascular-disease.jpg","datePublished":"2021-02-12T12:50:22+00:00","dateModified":"2021-03-08T15:13:07+00:00","description":"Syd\u00e4nsairauksia ovat syd\u00e4n- ja verisuonitaudit, kuten valtimosairaudet, syd\u00e4nkohtaus, aivohalvaus, l\u00e4pp\u00e4sairaudet sek\u00e4 syd\u00e4nlihaksen sairaudet.","breadcrumb":{"@id":"https:\/\/www.healthy-heart.org\/fi\/sydamesi\/mika-on-sydansairaus\/#breadcrumb"},"inLanguage":"fi-FI","potentialAction":[{"@type":"ReadAction","target":["https:\/\/www.healthy-heart.org\/fi\/sydamesi\/mika-on-sydansairaus\/"]}]},{"@type":"ImageObject","inLanguage":"fi-FI","@id":"https:\/\/www.healthy-heart.org\/fi\/sydamesi\/mika-on-sydansairaus\/#primaryimage","url":"https:\/\/www.healthy-heart.org\/wp-content\/uploads\/2019\/08\/what-is-cardiovascular-disease.jpg","contentUrl":"https:\/\/www.healthy-heart.org\/wp-content\/uploads\/2019\/08\/what-is-cardiovascular-disease.jpg","width":518,"height":345},{"@type":"BreadcrumbList","@id":"https:\/\/www.healthy-heart.org\/fi\/sydamesi\/mika-on-sydansairaus\/#breadcrumb","itemListElement":[{"@type":"ListItem","position":1,"name":"Home","item":"https:\/\/www.healthy-heart.org\/fi\/"},{"@type":"ListItem","position":2,"name":"Syd\u00e4mesi","item":"https:\/\/www.healthy-heart.org\/fi\/sydamesi\/"},{"@type":"ListItem","position":3,"name":"Mik\u00e4 on syd\u00e4nsairaus?"}]},{"@type":"WebSite","@id":"https:\/\/www.healthy-heart.org\/es\/#website","url":"https:\/\/www.healthy-heart.org\/es\/","name":"Healthy-Heart.org","description":"Practical advice for patients and family care givers on the prevention of cardiovascular disease","potentialAction":[{"@type":"SearchAction","target":{"@type":"EntryPoint","urlTemplate":"https:\/\/www.healthy-heart.org\/es\/?s={search_term_string}"},"query-input":{"@type":"PropertyValueSpecification","valueRequired":true,"valueName":"search_term_string"}}],"inLanguage":"fi-FI"}]}},"_links":{"self":[{"href":"https:\/\/www.healthy-heart.org\/fi\/wp-json\/wp\/v2\/pages\/5263","targetHints":{"allow":["GET"]}}],"collection":[{"href":"https:\/\/www.healthy-heart.org\/fi\/wp-json\/wp\/v2\/pages"}],"about":[{"href":"https:\/\/www.healthy-heart.org\/fi\/wp-json\/wp\/v2\/types\/page"}],"author":[{"embeddable":true,"href":"https:\/\/www.healthy-heart.org\/fi\/wp-json\/wp\/v2\/users\/1"}],"replies":[{"embeddable":true,"href":"https:\/\/www.healthy-heart.org\/fi\/wp-json\/wp\/v2\/comments?post=5263"}],"version-history":[{"count":6,"href":"https:\/\/www.healthy-heart.org\/fi\/wp-json\/wp\/v2\/pages\/5263\/revisions"}],"predecessor-version":[{"id":5613,"href":"https:\/\/www.healthy-heart.org\/fi\/wp-json\/wp\/v2\/pages\/5263\/revisions\/5613"}],"up":[{"embeddable":true,"href":"https:\/\/www.healthy-heart.org\/fi\/wp-json\/wp\/v2\/pages\/5275"}],"wp:featuredmedia":[{"embeddable":true,"href":"https:\/\/www.healthy-heart.org\/fi\/wp-json\/wp\/v2\/media\/5276"}],"wp:attachment":[{"href":"https:\/\/www.healthy-heart.org\/fi\/wp-json\/wp\/v2\/media?parent=5263"}],"wp:term":[{"taxonomy":"category","embeddable":true,"href":"https:\/\/www.healthy-heart.org\/fi\/wp-json\/wp\/v2\/categories?post=5263"},{"taxonomy":"post_tag","embeddable":true,"href":"https:\/\/www.healthy-heart.org\/fi\/wp-json\/wp\/v2\/tags?post=5263"}],"curies":[{"name":"wp","href":"https:\/\/api.w.org\/{rel}","templated":true}]}}