{"id":5244,"date":"2021-02-12T12:50:16","date_gmt":"2021-02-12T12:50:16","guid":{"rendered":"https:\/\/www.healthy-heart.org\/healthy-heart-org\/"},"modified":"2025-04-04T14:35:34","modified_gmt":"2025-04-04T13:35:34","slug":"healthy-heart-org","status":"publish","type":"page","link":"https:\/\/www.healthy-heart.org\/fi\/","title":{"rendered":"Healthy-Heart.org"},"content":{"rendered":"<p>Syd\u00e4n- ja verisuonitaudit ovat yleisi\u00e4 sairauksia, jotka aiheuttavat Euroopassa vuosittain nelj\u00e4 miljoonaa kuolemantapausta. T\u00e4\u00e4lt\u00e4 l\u00f6yd\u00e4t luotettavaa tietoa sek\u00e4 k\u00e4yt\u00e4nn\u00f6n neuvoja syd\u00e4n- ja verisuonitautien ehk\u00e4isyyn, terveyden tehokkaampaan hallintaan ja pidemp\u00e4\u00e4n sek\u00e4 aktiivisempaan el\u00e4m\u00e4\u00e4n.<\/p>\n","protected":false},"excerpt":{"rendered":"<p>Syd\u00e4n- ja verisuonitaudit ovat yleisi\u00e4 sairauksia, jotka aiheuttavat Euroopassa vuosittain nelj\u00e4 miljoonaa kuolemantapausta. T\u00e4\u00e4lt\u00e4 l\u00f6yd\u00e4t luotettavaa tietoa sek\u00e4 k\u00e4yt\u00e4nn\u00f6n neuvoja syd\u00e4n- ja verisuonitautien ehk\u00e4isyyn, terveyden tehokkaampaan hallintaan ja pidemp\u00e4\u00e4n sek\u00e4 aktiivisempaan el\u00e4m\u00e4\u00e4n.<\/p>\n","protected":false},"author":1,"featured_media":5959,"parent":0,"menu_order":0,"comment_status":"closed","ping_status":"closed","template":"templates\/home.php","meta":{"_acf_changed":false,"footnotes":""},"categories":[],"tags":[],"class_list":["post-5244","page","type-page","status-publish","has-post-thumbnail","hentry"],"acf":[],"yoast_head":"<!-- This site is optimized with the Yoast SEO plugin v24.0 - https:\/\/yoast.com\/wordpress\/plugins\/seo\/ -->\n<title>Healthy-Heart.org | Syd\u00e4n- ja verisuonitautien ehk\u00e4isy<\/title>\n<meta name=\"description\" content=\"Selke\u00e4\u00e4 ja luotettavaa tietoa sek\u00e4 k\u00e4yt\u00e4nn\u00f6n neuvoja potilaille ja omaishoitajille syd\u00e4n- ja verisuonitautien ehk\u00e4isyst\u00e4.\" \/>\n<meta name=\"robots\" content=\"index, follow, max-snippet:-1, max-image-preview:large, max-video-preview:-1\" \/>\n<link rel=\"canonical\" href=\"https:\/\/www.healthy-heart.org\/fi\/\" \/>\n<meta property=\"og:locale\" content=\"fi_FI\" \/>\n<meta property=\"og:type\" content=\"article\" \/>\n<meta property=\"og:title\" content=\"Healthy-Heart.org | Syd\u00e4n- ja verisuonitautien ehk\u00e4isy\" \/>\n<meta property=\"og:description\" content=\"Selke\u00e4\u00e4 ja luotettavaa tietoa sek\u00e4 k\u00e4yt\u00e4nn\u00f6n neuvoja potilaille ja omaishoitajille syd\u00e4n- ja verisuonitautien ehk\u00e4isyst\u00e4.\" \/>\n<meta property=\"og:url\" content=\"https:\/\/www.healthy-heart.org\/fi\/\" \/>\n<meta property=\"og:site_name\" content=\"Healthy-Heart.org\" \/>\n<meta property=\"article:modified_time\" content=\"2025-04-04T13:35:34+00:00\" \/>\n<meta property=\"og:image\" content=\"https:\/\/www.healthy-heart.org\/wp-content\/uploads\/2022\/01\/main-image-min.jpg\" \/>\n\t<meta property=\"og:image:width\" content=\"2500\" \/>\n\t<meta property=\"og:image:height\" content=\"868\" \/>\n\t<meta property=\"og:image:type\" content=\"image\/jpeg\" \/>\n<meta name=\"twitter:card\" content=\"summary_large_image\" \/>\n<meta name=\"twitter:label1\" content=\"Est. reading time\" \/>\n\t<meta name=\"twitter:data1\" content=\"1 minute\" \/>\n<script type=\"application\/ld+json\" class=\"yoast-schema-graph\">{\"@context\":\"https:\/\/schema.org\",\"@graph\":[{\"@type\":\"WebPage\",\"@id\":\"https:\/\/www.healthy-heart.org\/fi\/\",\"url\":\"https:\/\/www.healthy-heart.org\/fi\/\",\"name\":\"Healthy-Heart.org | Syd\u00e4n- ja verisuonitautien ehk\u00e4isy\",\"isPartOf\":{\"@id\":\"https:\/\/www.healthy-heart.org\/es\/#website\"},\"primaryImageOfPage\":{\"@id\":\"https:\/\/www.healthy-heart.org\/fi\/#primaryimage\"},\"image\":{\"@id\":\"https:\/\/www.healthy-heart.org\/fi\/#primaryimage\"},\"thumbnailUrl\":\"https:\/\/www.healthy-heart.org\/wp-content\/uploads\/2022\/01\/main-image-min.jpg\",\"datePublished\":\"2021-02-12T12:50:16+00:00\",\"dateModified\":\"2025-04-04T13:35:34+00:00\",\"description\":\"Selke\u00e4\u00e4 ja luotettavaa tietoa sek\u00e4 k\u00e4yt\u00e4nn\u00f6n neuvoja potilaille ja omaishoitajille syd\u00e4n- ja verisuonitautien ehk\u00e4isyst\u00e4.\",\"breadcrumb\":{\"@id\":\"https:\/\/www.healthy-heart.org\/fi\/#breadcrumb\"},\"inLanguage\":\"fi-FI\",\"potentialAction\":[{\"@type\":\"ReadAction\",\"target\":[\"https:\/\/www.healthy-heart.org\/fi\/\"]}]},{\"@type\":\"ImageObject\",\"inLanguage\":\"fi-FI\",\"@id\":\"https:\/\/www.healthy-heart.org\/fi\/#primaryimage\",\"url\":\"https:\/\/www.healthy-heart.org\/wp-content\/uploads\/2022\/01\/main-image-min.jpg\",\"contentUrl\":\"https:\/\/www.healthy-heart.org\/wp-content\/uploads\/2022\/01\/main-image-min.jpg\",\"width\":2500,\"height\":868},{\"@type\":\"BreadcrumbList\",\"@id\":\"https:\/\/www.healthy-heart.org\/fi\/#breadcrumb\",\"itemListElement\":[{\"@type\":\"ListItem\",\"position\":1,\"name\":\"Home\",\"item\":\"https:\/\/www.healthy-heart.org\/fi\/\"},{\"@type\":\"ListItem\",\"position\":2,\"name\":\"Healthy-Heart.org\"}]},{\"@type\":\"WebSite\",\"@id\":\"https:\/\/www.healthy-heart.org\/es\/#website\",\"url\":\"https:\/\/www.healthy-heart.org\/es\/\",\"name\":\"Healthy-Heart.org\",\"description\":\"Practical advice for patients and family care givers on the prevention of cardiovascular disease\",\"potentialAction\":[{\"@type\":\"SearchAction\",\"target\":{\"@type\":\"EntryPoint\",\"urlTemplate\":\"https:\/\/www.healthy-heart.org\/es\/?s={search_term_string}\"},\"query-input\":{\"@type\":\"PropertyValueSpecification\",\"valueRequired\":true,\"valueName\":\"search_term_string\"}}],\"inLanguage\":\"fi-FI\"}]}<\/script>\n<!-- \/ Yoast SEO plugin. -->","yoast_head_json":{"title":"Healthy-Heart.org | Syd\u00e4n- ja verisuonitautien ehk\u00e4isy","description":"Selke\u00e4\u00e4 ja luotettavaa tietoa sek\u00e4 k\u00e4yt\u00e4nn\u00f6n neuvoja potilaille ja omaishoitajille syd\u00e4n- ja verisuonitautien ehk\u00e4isyst\u00e4.","robots":{"index":"index","follow":"follow","max-snippet":"max-snippet:-1","max-image-preview":"max-image-preview:large","max-video-preview":"max-video-preview:-1"},"canonical":"https:\/\/www.healthy-heart.org\/fi\/","og_locale":"fi_FI","og_type":"article","og_title":"Healthy-Heart.org | Syd\u00e4n- ja verisuonitautien ehk\u00e4isy","og_description":"Selke\u00e4\u00e4 ja luotettavaa tietoa sek\u00e4 k\u00e4yt\u00e4nn\u00f6n neuvoja potilaille ja omaishoitajille syd\u00e4n- ja verisuonitautien ehk\u00e4isyst\u00e4.","og_url":"https:\/\/www.healthy-heart.org\/fi\/","og_site_name":"Healthy-Heart.org","article_modified_time":"2025-04-04T13:35:34+00:00","og_image":[{"width":2500,"height":868,"url":"https:\/\/www.healthy-heart.org\/wp-content\/uploads\/2022\/01\/main-image-min.jpg","type":"image\/jpeg"}],"twitter_card":"summary_large_image","twitter_misc":{"Est. reading time":"1 minute"},"schema":{"@context":"https:\/\/schema.org","@graph":[{"@type":"WebPage","@id":"https:\/\/www.healthy-heart.org\/fi\/","url":"https:\/\/www.healthy-heart.org\/fi\/","name":"Healthy-Heart.org | Syd\u00e4n- ja verisuonitautien ehk\u00e4isy","isPartOf":{"@id":"https:\/\/www.healthy-heart.org\/es\/#website"},"primaryImageOfPage":{"@id":"https:\/\/www.healthy-heart.org\/fi\/#primaryimage"},"image":{"@id":"https:\/\/www.healthy-heart.org\/fi\/#primaryimage"},"thumbnailUrl":"https:\/\/www.healthy-heart.org\/wp-content\/uploads\/2022\/01\/main-image-min.jpg","datePublished":"2021-02-12T12:50:16+00:00","dateModified":"2025-04-04T13:35:34+00:00","description":"Selke\u00e4\u00e4 ja luotettavaa tietoa sek\u00e4 k\u00e4yt\u00e4nn\u00f6n neuvoja potilaille ja omaishoitajille syd\u00e4n- ja verisuonitautien ehk\u00e4isyst\u00e4.","breadcrumb":{"@id":"https:\/\/www.healthy-heart.org\/fi\/#breadcrumb"},"inLanguage":"fi-FI","potentialAction":[{"@type":"ReadAction","target":["https:\/\/www.healthy-heart.org\/fi\/"]}]},{"@type":"ImageObject","inLanguage":"fi-FI","@id":"https:\/\/www.healthy-heart.org\/fi\/#primaryimage","url":"https:\/\/www.healthy-heart.org\/wp-content\/uploads\/2022\/01\/main-image-min.jpg","contentUrl":"https:\/\/www.healthy-heart.org\/wp-content\/uploads\/2022\/01\/main-image-min.jpg","width":2500,"height":868},{"@type":"BreadcrumbList","@id":"https:\/\/www.healthy-heart.org\/fi\/#breadcrumb","itemListElement":[{"@type":"ListItem","position":1,"name":"Home","item":"https:\/\/www.healthy-heart.org\/fi\/"},{"@type":"ListItem","position":2,"name":"Healthy-Heart.org"}]},{"@type":"WebSite","@id":"https:\/\/www.healthy-heart.org\/es\/#website","url":"https:\/\/www.healthy-heart.org\/es\/","name":"Healthy-Heart.org","description":"Practical advice for patients and family care givers on the prevention of cardiovascular disease","potentialAction":[{"@type":"SearchAction","target":{"@type":"EntryPoint","urlTemplate":"https:\/\/www.healthy-heart.org\/es\/?s={search_term_string}"},"query-input":{"@type":"PropertyValueSpecification","valueRequired":true,"valueName":"search_term_string"}}],"inLanguage":"fi-FI"}]}},"_links":{"self":[{"href":"https:\/\/www.healthy-heart.org\/fi\/wp-json\/wp\/v2\/pages\/5244","targetHints":{"allow":["GET"]}}],"collection":[{"href":"https:\/\/www.healthy-heart.org\/fi\/wp-json\/wp\/v2\/pages"}],"about":[{"href":"https:\/\/www.healthy-heart.org\/fi\/wp-json\/wp\/v2\/types\/page"}],"author":[{"embeddable":true,"href":"https:\/\/www.healthy-heart.org\/fi\/wp-json\/wp\/v2\/users\/1"}],"replies":[{"embeddable":true,"href":"https:\/\/www.healthy-heart.org\/fi\/wp-json\/wp\/v2\/comments?post=5244"}],"version-history":[{"count":20,"href":"https:\/\/www.healthy-heart.org\/fi\/wp-json\/wp\/v2\/pages\/5244\/revisions"}],"predecessor-version":[{"id":7746,"href":"https:\/\/www.healthy-heart.org\/fi\/wp-json\/wp\/v2\/pages\/5244\/revisions\/7746"}],"wp:featuredmedia":[{"embeddable":true,"href":"https:\/\/www.healthy-heart.org\/fi\/wp-json\/wp\/v2\/media\/5959"}],"wp:attachment":[{"href":"https:\/\/www.healthy-heart.org\/fi\/wp-json\/wp\/v2\/media?parent=5244"}],"wp:term":[{"taxonomy":"category","embeddable":true,"href":"https:\/\/www.healthy-heart.org\/fi\/wp-json\/wp\/v2\/categories?post=5244"},{"taxonomy":"post_tag","embeddable":true,"href":"https:\/\/www.healthy-heart.org\/fi\/wp-json\/wp\/v2\/tags?post=5244"}],"curies":[{"name":"wp","href":"https:\/\/api.w.org\/{rel}","templated":true}]}}