{"id":5227,"date":"2021-02-12T12:50:12","date_gmt":"2021-02-12T12:50:12","guid":{"rendered":"https:\/\/www.healthy-heart.org\/pida-sydamesi-terveena\/diabetes\/"},"modified":"2024-12-10T12:36:27","modified_gmt":"2024-12-10T12:36:27","slug":"diabetes","status":"publish","type":"page","link":"https:\/\/www.healthy-heart.org\/fi\/pida-sydamesi-terveena\/diabetes\/","title":{"rendered":"Diabetes"},"content":{"rendered":"<p>Diabetes mellitus diagnosoidaan, kun verensokeri on normaalia korkeammalla tasolla useammin kuin kerran. Normaalit pitoisuudet ovat 126 mg\/dl tai v\u00e4hemm\u00e4n paastoverensokerilla ja 200 mg\/dl tai v\u00e4hemm\u00e4n muulla kuin paastoverensokerilla. Ep\u00e4selviss\u00e4 tapauksissa tehd\u00e4\u00e4n oraalinen glukoosinsietotesti. Siihen kuuluu glukoosin juominen ja kehon vasteen (verensokeritasojen) mittaaminen kahden tunnin kuluttua. Diabetes diagnosoidaan, jos verensokeriarvot ovat normaalia korkeammat kahden tunnin kuluttua. Jos tulos on normaali, diabeteksen mahdollisuus suljetaan pois. Toinen l\u00e4\u00e4k\u00e4rin mahdollisesti m\u00e4\u00e4r\u00e4\u00e4m\u00e4 verikoe on glykoitunut hemoglobiini A1c (HbA1c). T\u00e4m\u00e4 on pitk\u00e4aikaisen glukoositason mittari, jossa 6,5 % (48 mmol\/mol) tai korkeammat arvot viittaavat diabetekseen.<\/p>\n<p>Diabetesta on olemassa kahta eri tyyppi\u00e4: tyyppi\u00e4 1 luonnehtii v\u00e4h\u00e4inen tai olematon insuliinin tuotanto, ja se ilmenee usein lapsuudessa. Tyypin 2 diabeteksessa insuliinitasot taas ovat normaalit tai korkeat, ja elimist\u00f6 vastustaa sen vaikutuksia, ja se ilmenee aikuisi\u00e4ll\u00e4.<\/p>\n<p>Yhdeks\u00e4ll\u00e4 kymmenest\u00e4 diabetespotilaasta on tyypin 2 diabetes, joka lyhent\u00e4\u00e4 elinik\u00e4\u00e4 keskim\u00e4\u00e4rin kymmenell\u00e4 vuodella. Se v\u00e4hent\u00e4\u00e4 my\u00f6s terveit\u00e4 elinvuosia varhaisessa i\u00e4ss\u00e4 kehittyv\u00e4n syd\u00e4n- tai munuaissairauden takia. Tyypin 2 diabetes liittyy elintapasairautena vahvasti liikunnan puutteeseen ja lihavuuteen sek\u00e4 ep\u00e4terveelliseen ruokavalioon.<\/p>\n<p>Tyypin 2 diabetesta voidaan ehk\u00e4ist\u00e4 <a href=\"https:\/\/www.healthy-heart.org\/keep-your-heart-healthy\/physical-activity\/\">aktiivisuudella<\/a>, <a href=\"https:\/\/www.healthy-heart.org\/keep-your-heart-healthy\/heart-friendly-diet\/\">tasapainoisella ruokavaliolla<\/a> ja <a href=\"https:\/\/www.healthy-heart.org\/keep-your-heart-healthy\/keeping-a-healthy-weight\/\">terveellisen painon<\/a> yll\u00e4pidolla.<\/p>\n<p>Diabetesta sairastavilla on kaksinkertainen tai jopa nelinkertainen riski sairastua <a href=\"https:\/\/www.healthy-heart.org\/your-heart\/what-is-heart-disease\/\">syd\u00e4nsairauteen<\/a> jossain vaiheessa el\u00e4m\u00e4\u00e4ns\u00e4. Kaikki diabetesta sairastavat tulisi tutkia syd\u00e4nsairauksien varalta.<\/p>\n","protected":false},"excerpt":{"rendered":"<p>Diabetes mellitus diagnosoidaan, kun verensokeri on normaalia korkeammalla tasolla useammin kuin kerran. Normaalit pitoisuudet ovat 126 mg\/dl tai v\u00e4hemm\u00e4n paastoverensokerilla ja 200 mg\/dl tai v\u00e4hemm\u00e4n muulla kuin paastoverensokerilla. Ep\u00e4selviss\u00e4 tapauksissa tehd\u00e4\u00e4n oraalinen glukoosinsietotesti. Siihen kuuluu glukoosin juominen ja kehon vasteen (verensokeritasojen) mittaaminen kahden tunnin kuluttua. Diabetes diagnosoidaan, jos verensokeriarvot ovat normaalia korkeammat kahden tunnin kuluttua. [&hellip;]<\/p>\n","protected":false},"author":1,"featured_media":5236,"parent":5188,"menu_order":3,"comment_status":"closed","ping_status":"closed","template":"","meta":{"_acf_changed":false,"footnotes":""},"categories":[100],"tags":[],"class_list":["post-5227","page","type-page","status-publish","has-post-thumbnail","hentry","category-pida-sydamesi-terveena"],"acf":[],"yoast_head":"<!-- This site is optimized with the Yoast SEO plugin v24.0 - https:\/\/yoast.com\/wordpress\/plugins\/seo\/ -->\n<title>Diabetes - Healthy-Heart.org<\/title>\n<meta name=\"description\" content=\"Tyypin 2 diabetes on merkitt\u00e4v\u00e4 syd\u00e4n- ja verisuonitautien riskitekij\u00e4. Lue, miten diabetesta ehk\u00e4ist\u00e4\u00e4n, miten sairaus diagnosoidaan ja mit\u00e4 riskej\u00e4 siihen liittyy.\" \/>\n<meta name=\"robots\" content=\"index, follow, max-snippet:-1, max-image-preview:large, max-video-preview:-1\" \/>\n<link rel=\"canonical\" href=\"https:\/\/www.healthy-heart.org\/fi\/pida-sydamesi-terveena\/diabetes\/\" \/>\n<meta property=\"og:locale\" content=\"fi_FI\" \/>\n<meta property=\"og:type\" content=\"article\" \/>\n<meta property=\"og:title\" content=\"Diabetes - Healthy-Heart.org\" \/>\n<meta property=\"og:description\" content=\"Tyypin 2 diabetes on merkitt\u00e4v\u00e4 syd\u00e4n- ja verisuonitautien riskitekij\u00e4. Lue, miten diabetesta ehk\u00e4ist\u00e4\u00e4n, miten sairaus diagnosoidaan ja mit\u00e4 riskej\u00e4 siihen liittyy.\" \/>\n<meta property=\"og:url\" content=\"https:\/\/www.healthy-heart.org\/fi\/pida-sydamesi-terveena\/diabetes\/\" \/>\n<meta property=\"og:site_name\" content=\"Healthy-Heart.org\" \/>\n<meta property=\"article:modified_time\" content=\"2024-12-10T12:36:27+00:00\" \/>\n<meta property=\"og:image\" content=\"https:\/\/www.healthy-heart.org\/wp-content\/uploads\/2019\/08\/Diabetes-iStock-1166082475-e1565871768775-scaled.jpg\" \/>\n\t<meta property=\"og:image:width\" content=\"2560\" \/>\n\t<meta property=\"og:image:height\" content=\"1676\" \/>\n\t<meta property=\"og:image:type\" content=\"image\/jpeg\" \/>\n<meta name=\"twitter:card\" content=\"summary_large_image\" \/>\n<meta name=\"twitter:label1\" content=\"Est. reading time\" \/>\n\t<meta name=\"twitter:data1\" content=\"1 minute\" \/>\n<script type=\"application\/ld+json\" class=\"yoast-schema-graph\">{\"@context\":\"https:\/\/schema.org\",\"@graph\":[{\"@type\":\"WebPage\",\"@id\":\"https:\/\/www.healthy-heart.org\/fi\/pida-sydamesi-terveena\/diabetes\/\",\"url\":\"https:\/\/www.healthy-heart.org\/fi\/pida-sydamesi-terveena\/diabetes\/\",\"name\":\"Diabetes - Healthy-Heart.org\",\"isPartOf\":{\"@id\":\"https:\/\/www.healthy-heart.org\/es\/#website\"},\"primaryImageOfPage\":{\"@id\":\"https:\/\/www.healthy-heart.org\/fi\/pida-sydamesi-terveena\/diabetes\/#primaryimage\"},\"image\":{\"@id\":\"https:\/\/www.healthy-heart.org\/fi\/pida-sydamesi-terveena\/diabetes\/#primaryimage\"},\"thumbnailUrl\":\"https:\/\/www.healthy-heart.org\/wp-content\/uploads\/2019\/08\/Diabetes-iStock-1166082475-e1565871768775-scaled.jpg\",\"datePublished\":\"2021-02-12T12:50:12+00:00\",\"dateModified\":\"2024-12-10T12:36:27+00:00\",\"description\":\"Tyypin 2 diabetes on merkitt\u00e4v\u00e4 syd\u00e4n- ja verisuonitautien riskitekij\u00e4. Lue, miten diabetesta ehk\u00e4ist\u00e4\u00e4n, miten sairaus diagnosoidaan ja mit\u00e4 riskej\u00e4 siihen liittyy.\",\"breadcrumb\":{\"@id\":\"https:\/\/www.healthy-heart.org\/fi\/pida-sydamesi-terveena\/diabetes\/#breadcrumb\"},\"inLanguage\":\"fi-FI\",\"potentialAction\":[{\"@type\":\"ReadAction\",\"target\":[\"https:\/\/www.healthy-heart.org\/fi\/pida-sydamesi-terveena\/diabetes\/\"]}]},{\"@type\":\"ImageObject\",\"inLanguage\":\"fi-FI\",\"@id\":\"https:\/\/www.healthy-heart.org\/fi\/pida-sydamesi-terveena\/diabetes\/#primaryimage\",\"url\":\"https:\/\/www.healthy-heart.org\/wp-content\/uploads\/2019\/08\/Diabetes-iStock-1166082475-e1565871768775-scaled.jpg\",\"contentUrl\":\"https:\/\/www.healthy-heart.org\/wp-content\/uploads\/2019\/08\/Diabetes-iStock-1166082475-e1565871768775-scaled.jpg\",\"width\":2560,\"height\":1676},{\"@type\":\"BreadcrumbList\",\"@id\":\"https:\/\/www.healthy-heart.org\/fi\/pida-sydamesi-terveena\/diabetes\/#breadcrumb\",\"itemListElement\":[{\"@type\":\"ListItem\",\"position\":1,\"name\":\"Home\",\"item\":\"https:\/\/www.healthy-heart.org\/fi\/\"},{\"@type\":\"ListItem\",\"position\":2,\"name\":\"Pid\u00e4 syd\u00e4mesi terveen\u00e4\",\"item\":\"https:\/\/www.healthy-heart.org\/fi\/pida-sydamesi-terveena\/\"},{\"@type\":\"ListItem\",\"position\":3,\"name\":\"Diabetes\"}]},{\"@type\":\"WebSite\",\"@id\":\"https:\/\/www.healthy-heart.org\/es\/#website\",\"url\":\"https:\/\/www.healthy-heart.org\/es\/\",\"name\":\"Healthy-Heart.org\",\"description\":\"Practical advice for patients and family care givers on the prevention of cardiovascular disease\",\"potentialAction\":[{\"@type\":\"SearchAction\",\"target\":{\"@type\":\"EntryPoint\",\"urlTemplate\":\"https:\/\/www.healthy-heart.org\/es\/?s={search_term_string}\"},\"query-input\":{\"@type\":\"PropertyValueSpecification\",\"valueRequired\":true,\"valueName\":\"search_term_string\"}}],\"inLanguage\":\"fi-FI\"}]}<\/script>\n<!-- \/ Yoast SEO plugin. -->","yoast_head_json":{"title":"Diabetes - Healthy-Heart.org","description":"Tyypin 2 diabetes on merkitt\u00e4v\u00e4 syd\u00e4n- ja verisuonitautien riskitekij\u00e4. Lue, miten diabetesta ehk\u00e4ist\u00e4\u00e4n, miten sairaus diagnosoidaan ja mit\u00e4 riskej\u00e4 siihen liittyy.","robots":{"index":"index","follow":"follow","max-snippet":"max-snippet:-1","max-image-preview":"max-image-preview:large","max-video-preview":"max-video-preview:-1"},"canonical":"https:\/\/www.healthy-heart.org\/fi\/pida-sydamesi-terveena\/diabetes\/","og_locale":"fi_FI","og_type":"article","og_title":"Diabetes - Healthy-Heart.org","og_description":"Tyypin 2 diabetes on merkitt\u00e4v\u00e4 syd\u00e4n- ja verisuonitautien riskitekij\u00e4. Lue, miten diabetesta ehk\u00e4ist\u00e4\u00e4n, miten sairaus diagnosoidaan ja mit\u00e4 riskej\u00e4 siihen liittyy.","og_url":"https:\/\/www.healthy-heart.org\/fi\/pida-sydamesi-terveena\/diabetes\/","og_site_name":"Healthy-Heart.org","article_modified_time":"2024-12-10T12:36:27+00:00","og_image":[{"width":2560,"height":1676,"url":"https:\/\/www.healthy-heart.org\/wp-content\/uploads\/2019\/08\/Diabetes-iStock-1166082475-e1565871768775-scaled.jpg","type":"image\/jpeg"}],"twitter_card":"summary_large_image","twitter_misc":{"Est. reading time":"1 minute"},"schema":{"@context":"https:\/\/schema.org","@graph":[{"@type":"WebPage","@id":"https:\/\/www.healthy-heart.org\/fi\/pida-sydamesi-terveena\/diabetes\/","url":"https:\/\/www.healthy-heart.org\/fi\/pida-sydamesi-terveena\/diabetes\/","name":"Diabetes - Healthy-Heart.org","isPartOf":{"@id":"https:\/\/www.healthy-heart.org\/es\/#website"},"primaryImageOfPage":{"@id":"https:\/\/www.healthy-heart.org\/fi\/pida-sydamesi-terveena\/diabetes\/#primaryimage"},"image":{"@id":"https:\/\/www.healthy-heart.org\/fi\/pida-sydamesi-terveena\/diabetes\/#primaryimage"},"thumbnailUrl":"https:\/\/www.healthy-heart.org\/wp-content\/uploads\/2019\/08\/Diabetes-iStock-1166082475-e1565871768775-scaled.jpg","datePublished":"2021-02-12T12:50:12+00:00","dateModified":"2024-12-10T12:36:27+00:00","description":"Tyypin 2 diabetes on merkitt\u00e4v\u00e4 syd\u00e4n- ja verisuonitautien riskitekij\u00e4. Lue, miten diabetesta ehk\u00e4ist\u00e4\u00e4n, miten sairaus diagnosoidaan ja mit\u00e4 riskej\u00e4 siihen liittyy.","breadcrumb":{"@id":"https:\/\/www.healthy-heart.org\/fi\/pida-sydamesi-terveena\/diabetes\/#breadcrumb"},"inLanguage":"fi-FI","potentialAction":[{"@type":"ReadAction","target":["https:\/\/www.healthy-heart.org\/fi\/pida-sydamesi-terveena\/diabetes\/"]}]},{"@type":"ImageObject","inLanguage":"fi-FI","@id":"https:\/\/www.healthy-heart.org\/fi\/pida-sydamesi-terveena\/diabetes\/#primaryimage","url":"https:\/\/www.healthy-heart.org\/wp-content\/uploads\/2019\/08\/Diabetes-iStock-1166082475-e1565871768775-scaled.jpg","contentUrl":"https:\/\/www.healthy-heart.org\/wp-content\/uploads\/2019\/08\/Diabetes-iStock-1166082475-e1565871768775-scaled.jpg","width":2560,"height":1676},{"@type":"BreadcrumbList","@id":"https:\/\/www.healthy-heart.org\/fi\/pida-sydamesi-terveena\/diabetes\/#breadcrumb","itemListElement":[{"@type":"ListItem","position":1,"name":"Home","item":"https:\/\/www.healthy-heart.org\/fi\/"},{"@type":"ListItem","position":2,"name":"Pid\u00e4 syd\u00e4mesi terveen\u00e4","item":"https:\/\/www.healthy-heart.org\/fi\/pida-sydamesi-terveena\/"},{"@type":"ListItem","position":3,"name":"Diabetes"}]},{"@type":"WebSite","@id":"https:\/\/www.healthy-heart.org\/es\/#website","url":"https:\/\/www.healthy-heart.org\/es\/","name":"Healthy-Heart.org","description":"Practical advice for patients and family care givers on the prevention of cardiovascular disease","potentialAction":[{"@type":"SearchAction","target":{"@type":"EntryPoint","urlTemplate":"https:\/\/www.healthy-heart.org\/es\/?s={search_term_string}"},"query-input":{"@type":"PropertyValueSpecification","valueRequired":true,"valueName":"search_term_string"}}],"inLanguage":"fi-FI"}]}},"_links":{"self":[{"href":"https:\/\/www.healthy-heart.org\/fi\/wp-json\/wp\/v2\/pages\/5227","targetHints":{"allow":["GET"]}}],"collection":[{"href":"https:\/\/www.healthy-heart.org\/fi\/wp-json\/wp\/v2\/pages"}],"about":[{"href":"https:\/\/www.healthy-heart.org\/fi\/wp-json\/wp\/v2\/types\/page"}],"author":[{"embeddable":true,"href":"https:\/\/www.healthy-heart.org\/fi\/wp-json\/wp\/v2\/users\/1"}],"replies":[{"embeddable":true,"href":"https:\/\/www.healthy-heart.org\/fi\/wp-json\/wp\/v2\/comments?post=5227"}],"version-history":[{"count":4,"href":"https:\/\/www.healthy-heart.org\/fi\/wp-json\/wp\/v2\/pages\/5227\/revisions"}],"predecessor-version":[{"id":7341,"href":"https:\/\/www.healthy-heart.org\/fi\/wp-json\/wp\/v2\/pages\/5227\/revisions\/7341"}],"up":[{"embeddable":true,"href":"https:\/\/www.healthy-heart.org\/fi\/wp-json\/wp\/v2\/pages\/5188"}],"wp:featuredmedia":[{"embeddable":true,"href":"https:\/\/www.healthy-heart.org\/fi\/wp-json\/wp\/v2\/media\/5236"}],"wp:attachment":[{"href":"https:\/\/www.healthy-heart.org\/fi\/wp-json\/wp\/v2\/media?parent=5227"}],"wp:term":[{"taxonomy":"category","embeddable":true,"href":"https:\/\/www.healthy-heart.org\/fi\/wp-json\/wp\/v2\/categories?post=5227"},{"taxonomy":"post_tag","embeddable":true,"href":"https:\/\/www.healthy-heart.org\/fi\/wp-json\/wp\/v2\/tags?post=5227"}],"curies":[{"name":"wp","href":"https:\/\/api.w.org\/{rel}","templated":true}]}}