{"id":5214,"date":"2021-02-12T12:50:08","date_gmt":"2021-02-12T12:50:08","guid":{"rendered":"https:\/\/www.healthy-heart.org\/pida-sydamesi-terveena\/verenpaine\/"},"modified":"2021-02-21T19:22:40","modified_gmt":"2021-02-21T19:22:40","slug":"verenpaine","status":"publish","type":"page","link":"https:\/\/www.healthy-heart.org\/fi\/pida-sydamesi-terveena\/verenpaine\/","title":{"rendered":"Verenpaine"},"content":{"rendered":"<h3><strong>Mik\u00e4 on verenpaine?<\/strong><\/h3>\n<p>Kun syd\u00e4n ly\u00f6, se pumppaa verta ymp\u00e4ri kehoa toimittaen sille ravinteita ja happea. Kiert\u00e4v\u00e4 veri ty\u00f6ntyy verisuonten sein\u00e4mi\u00e4 vasten. T\u00e4t\u00e4 ty\u00f6nt\u00f6voimaa kutsutaan verenpaineeksi.<\/p>\n<p>Kun verenpaine on liian korkea, se rasittaa valtimoiden sein\u00e4mi\u00e4, jolloin ne ovat alttiimpia <a href=\"https:\/\/www.healthy-heart.org\/keep-your-heart-healthy\/cholesterol\/\">kolesterolin<\/a> kertymiselle ja ateroskleroottisen plakin kehittymiselle (jota kutsutaan my\u00f6s valtimoiden kovettumiseksi).<\/p>\n<p>Plakki voi aiheuttaa veritulpan, joka tukkii verenkierron valtimossa joko kokonaan tai osittain, tai aiheuttaa jopa valtimon repeytymisen. Jos veritulppa tukkii aivoihin kulkevan verisuonen, se aiheuttaa aivohalvauksen. Jos veritulppa tukkii syd\u00e4meen kulkevan verisuonen, se aiheuttaa syd\u00e4ninfarktin. Aortan (ihmiskehon t\u00e4rkeimm\u00e4n suonen) tukokset voivat aiheuttaa hengenvaarallisen dissekaation eli repe\u00e4m\u00e4n.<\/p>\n<p>Korkea verenpaine pakottaa syd\u00e4men tekem\u00e4\u00e4n enemm\u00e4n t\u00f6it\u00e4. T\u00e4m\u00e4 taas aiheuttaa syd\u00e4nlihaksen paksuuntumista ja j\u00e4ykistymist\u00e4, mik\u00e4 voi johtaa syd\u00e4men vajaatoimintaan.<\/p>\n<h3><strong>N\u00e4in mittaat verenpaineen <\/strong><\/h3>\n<p>Jokaisen tulisi tiet\u00e4\u00e4 oma verenpaineensa. Omien lukemien (verenpaine, kolesteroli, verensokeri ja painoindeksi) tiet\u00e4minen on avain <a href=\"https:\/\/www.healthy-heart.org\/your-heart\/what-is-heart-disease\/\">syd\u00e4nsairauden<\/a> ehk\u00e4isyyn.<\/p>\n<p><img loading=\"lazy\" decoding=\"async\" class=\"wp-image-485 size-medium alignright\" src=\"https:\/\/cdn-endpoint-prev.azureedge.net\/healthy-heart\/2019\/07\/iStock-133546401-350x233.jpg\" alt=\"\" width=\"350\" height=\"233\" srcset=\"https:\/\/www.healthy-heart.org\/wp-content\/uploads\/2019\/07\/iStock-133546401-350x233.jpg 350w, https:\/\/cdn-endpoint-prev.azureedge.net\/healthy-heart\/2019\/07\/iStock-133546401-2048x1365.jpg 2048w, https:\/\/cdn-endpoint-prev.azureedge.net\/healthy-heart\/2019\/07\/iStock-133546401-659x439.jpg 659w, https:\/\/www.healthy-heart.org\/wp-content\/uploads\/2019\/07\/iStock-133546401-200x133.jpg 200w, https:\/\/www.healthy-heart.org\/wp-content\/uploads\/2019\/07\/iStock-133546401-768x512.jpg 768w, https:\/\/www.healthy-heart.org\/wp-content\/uploads\/2019\/07\/iStock-133546401-1024x683.jpg 1024w, https:\/\/www.healthy-heart.org\/wp-content\/uploads\/2019\/07\/iStock-133546401-1536x1024.jpg 1536w, https:\/\/www.healthy-heart.org\/wp-content\/uploads\/2019\/07\/iStock-133546401-696x464.jpg 696w\" sizes=\"auto, (max-width: 350px) 100vw, 350px\" \/><\/p>\n<ol>\n<li>Henkil\u00f6n tulee istua mukavasti rauhallisella paikalla noin viisi minuuttia ennen verenpaineen mittaamista.<\/li>\n<li>Mansetin oikea koko on t\u00e4rke\u00e4\u00e4: jos se on liian suuri tai liian pieni, se voi johtaa ep\u00e4tarkkaan tulokseen.<\/li>\n<li>Mansetti tulisi asettaa samaan tasoon syd\u00e4men kanssa, ja k\u00e4sivarren tulisi olla p\u00f6yd\u00e4ll\u00e4 tai k\u00e4sinojan varassa.<\/li>\n<li>Ensimm\u00e4isell\u00e4 l\u00e4\u00e4k\u00e4rik\u00e4ynnill\u00e4 verenpaine kirjataan v\u00e4hint\u00e4\u00e4n kahden mittauksen keskiarvotuloksena.<\/li>\n<\/ol>\n<p>&nbsp;<\/p>\n<p><img loading=\"lazy\" decoding=\"async\" class=\"size-medium wp-image-505 alignright\" src=\"https:\/\/cdn-endpoint-prev.azureedge.net\/healthy-heart\/2019\/07\/iStock-664238154-350x233.jpg\" alt=\"\" width=\"350\" height=\"233\" srcset=\"https:\/\/www.healthy-heart.org\/wp-content\/uploads\/2019\/07\/iStock-664238154-350x233.jpg 350w, https:\/\/cdn-endpoint-prev.azureedge.net\/healthy-heart\/2019\/07\/iStock-664238154-2048x1365.jpg 2048w, https:\/\/cdn-endpoint-prev.azureedge.net\/healthy-heart\/2019\/07\/iStock-664238154-659x439.jpg 659w, https:\/\/www.healthy-heart.org\/wp-content\/uploads\/2019\/07\/iStock-664238154-200x133.jpg 200w, https:\/\/www.healthy-heart.org\/wp-content\/uploads\/2019\/07\/iStock-664238154-768x512.jpg 768w, https:\/\/www.healthy-heart.org\/wp-content\/uploads\/2019\/07\/iStock-664238154-1024x683.jpg 1024w, https:\/\/www.healthy-heart.org\/wp-content\/uploads\/2019\/07\/iStock-664238154-1536x1024.jpg 1536w, https:\/\/www.healthy-heart.org\/wp-content\/uploads\/2019\/07\/iStock-664238154-696x464.jpg 696w\" sizes=\"auto, (max-width: 350px) 100vw, 350px\" \/>Lukema ilmaistaan elohopeamillimetrein\u00e4 (mmHg) muodossa, joka koostuu suuremmasta yl\u00e4paineesta (systolinen) ja pienemm\u00e4st\u00e4 alapaineesta (diastolinen). Paineet kuvastavat syd\u00e4men sykkeen pumppausvaihetta (systolista vaihetta) ja lepovaihetta (diastolista vaihetta).<\/p>\n<p>&nbsp;<\/p>\n<p>Kuvan ylempi numero (120) on systolinen verenpaine, ja alempi numero (70) on diastolinen verenpaine.<\/p>\n<p>&nbsp;<\/p>\n<h3>Korkea verenpaine<\/h3>\n<p>Hypertensio diagnosoidaan, kun verenpaine on jatkuvasti korkeampi kuin syd\u00e4n- ja verisuonitautiriskin kasvamiseen liittyv\u00e4 taso. VERENPAINE muodostuu systolisesta ja diastolisesta verenpaineesta.<\/p>\n<blockquote><p>Normaalin verenpaineen ei tulisi ylitt\u00e4\u00e4 130\u2013140 mmHg systolista painetta ja 80\u201390 mmHg diastolista painetta i\u00e4st\u00e4 riippuen.<\/p><\/blockquote>\n<p>Korkea verenpaine on hiljainen tappaja, koska se ei yleens\u00e4 aiheuta oireita. Ensimm\u00e4inen ja ratkaiseva askel on omien lukemien tiet\u00e4minen! Anna l\u00e4\u00e4k\u00e4rin mitata verenpaineesi eri tilanteissa. Voit my\u00f6s pyyt\u00e4\u00e4 l\u00e4\u00e4k\u00e4rilt\u00e4 tai apteekkihenkil\u00f6kunnalta luotettavaa olkavarsiverenpainemittaria, jolla voit mitata verenpaineesi kotona useaan kertaan tai jatkuvasti 24 tunnin ajan.<\/p>\n<p>Kun tied\u00e4t oman verenpaineesi, voit sopia hoitostrategiasta l\u00e4\u00e4k\u00e4risi kanssa. T\u00e4m\u00e4 riippuu verenpaineestasi ja muista tekij\u00f6ist\u00e4, jotka vaikuttavat syd\u00e4n- ja verisuonitaudin kehittymisen kokonaisriskiisi. Jos verenpaineesi on koholla, ensimm\u00e4inen askel on elintapojen parantaminen: \u00e4l\u00e4 <a href=\"https:\/\/www.healthy-heart.org\/keep-your-heart-healthy\/smoking\/\">tupakoi<\/a>, muista <a href=\"https:\/\/www.healthy-heart.org\/keep-your-heart-healthy\/heart-friendly-diet\/\">sy\u00f6d\u00e4 terveellisesti<\/a> ja harrasta <a href=\"https:\/\/www.healthy-heart.org\/keep-your-heart-healthy\/physical-activity\/\">s\u00e4\u00e4nn\u00f6llist\u00e4 liikuntaa<\/a>. Yhden kilogramman laihduttaminen sis\u00e4elinrasvasta (kehon rasva, joka varastoituu vatsaonteloon t\u00e4rkeiden sis\u00e4elinten, kuten maksan, haiman ja suolten ymp\u00e4rille) voi alentaa verenpainetta l\u00e4hes 1 mmHg. Jos verenpaineesi pysyy korkeana tapojesi muuttumisesta huolimatta, on syyt\u00e4 harkita l\u00e4\u00e4kehoitoa. L\u00e4\u00e4kevalinta riippuu omasta yksil\u00f6llisest\u00e4 riskist\u00e4si. On t\u00e4rke\u00e4\u00e4 ottaa verenpainel\u00e4\u00e4kkeet ohjeiden mukaisesti syd\u00e4n- ja verisuonitautien ehk\u00e4isemiseksi. Muista \u2013 et tunne korkeaa verenpainetta, mutta riski on silti olemassa. Tarvitaan elinik\u00e4ist\u00e4 verenpaineen seurantaa, hyvi\u00e4 elintapoja ja l\u00e4\u00e4kityst\u00e4.<\/p>\n","protected":false},"excerpt":{"rendered":"<p>Mik\u00e4 on verenpaine? Kun syd\u00e4n ly\u00f6, se pumppaa verta ymp\u00e4ri kehoa toimittaen sille ravinteita ja happea. Kiert\u00e4v\u00e4 veri ty\u00f6ntyy verisuonten sein\u00e4mi\u00e4 vasten. T\u00e4t\u00e4 ty\u00f6nt\u00f6voimaa kutsutaan verenpaineeksi. Kun verenpaine on liian korkea, se rasittaa valtimoiden sein\u00e4mi\u00e4, jolloin ne ovat alttiimpia kolesterolin kertymiselle ja ateroskleroottisen plakin kehittymiselle (jota kutsutaan my\u00f6s valtimoiden kovettumiseksi). Plakki voi aiheuttaa veritulpan, joka [&hellip;]<\/p>\n","protected":false},"author":1,"featured_media":5226,"parent":5188,"menu_order":1,"comment_status":"closed","ping_status":"closed","template":"","meta":{"_acf_changed":false,"footnotes":""},"categories":[100],"tags":[],"class_list":["post-5214","page","type-page","status-publish","has-post-thumbnail","hentry","category-pida-sydamesi-terveena"],"acf":[],"yoast_head":"<!-- This site is optimized with the Yoast SEO plugin v24.0 - https:\/\/yoast.com\/wordpress\/plugins\/seo\/ -->\n<title>Verenpaine - Healthy-Heart.org<\/title>\n<meta name=\"description\" content=\"Korkea verenpaine on merkitt\u00e4v\u00e4 syd\u00e4n- ja verisuonitautien riskitekij\u00e4. Opettele mittaamaan verenpaineesi.\" \/>\n<meta name=\"robots\" content=\"index, follow, max-snippet:-1, max-image-preview:large, max-video-preview:-1\" \/>\n<link rel=\"canonical\" href=\"https:\/\/www.healthy-heart.org\/fi\/pida-sydamesi-terveena\/verenpaine\/\" \/>\n<meta property=\"og:locale\" content=\"fi_FI\" \/>\n<meta property=\"og:type\" content=\"article\" \/>\n<meta property=\"og:title\" content=\"Verenpaine - Healthy-Heart.org\" \/>\n<meta property=\"og:description\" content=\"Korkea verenpaine on merkitt\u00e4v\u00e4 syd\u00e4n- ja verisuonitautien riskitekij\u00e4. Opettele mittaamaan verenpaineesi.\" \/>\n<meta property=\"og:url\" content=\"https:\/\/www.healthy-heart.org\/fi\/pida-sydamesi-terveena\/verenpaine\/\" \/>\n<meta property=\"og:site_name\" content=\"Healthy-Heart.org\" \/>\n<meta property=\"article:modified_time\" content=\"2021-02-21T19:22:40+00:00\" \/>\n<meta property=\"og:image\" content=\"https:\/\/www.healthy-heart.org\/wp-content\/uploads\/2019\/07\/iStock-133546401-scaled.jpg\" \/>\n\t<meta property=\"og:image:width\" content=\"2560\" \/>\n\t<meta property=\"og:image:height\" content=\"1707\" \/>\n\t<meta property=\"og:image:type\" content=\"image\/jpeg\" \/>\n<meta name=\"twitter:card\" content=\"summary_large_image\" \/>\n<meta name=\"twitter:label1\" content=\"Est. reading time\" \/>\n\t<meta name=\"twitter:data1\" content=\"2 minutes\" \/>\n<script type=\"application\/ld+json\" class=\"yoast-schema-graph\">{\"@context\":\"https:\/\/schema.org\",\"@graph\":[{\"@type\":\"WebPage\",\"@id\":\"https:\/\/www.healthy-heart.org\/fi\/pida-sydamesi-terveena\/verenpaine\/\",\"url\":\"https:\/\/www.healthy-heart.org\/fi\/pida-sydamesi-terveena\/verenpaine\/\",\"name\":\"Verenpaine - Healthy-Heart.org\",\"isPartOf\":{\"@id\":\"https:\/\/www.healthy-heart.org\/es\/#website\"},\"primaryImageOfPage\":{\"@id\":\"https:\/\/www.healthy-heart.org\/fi\/pida-sydamesi-terveena\/verenpaine\/#primaryimage\"},\"image\":{\"@id\":\"https:\/\/www.healthy-heart.org\/fi\/pida-sydamesi-terveena\/verenpaine\/#primaryimage\"},\"thumbnailUrl\":\"https:\/\/www.healthy-heart.org\/wp-content\/uploads\/2019\/07\/iStock-133546401-scaled.jpg\",\"datePublished\":\"2021-02-12T12:50:08+00:00\",\"dateModified\":\"2021-02-21T19:22:40+00:00\",\"description\":\"Korkea verenpaine on merkitt\u00e4v\u00e4 syd\u00e4n- ja verisuonitautien riskitekij\u00e4. Opettele mittaamaan verenpaineesi.\",\"breadcrumb\":{\"@id\":\"https:\/\/www.healthy-heart.org\/fi\/pida-sydamesi-terveena\/verenpaine\/#breadcrumb\"},\"inLanguage\":\"fi-FI\",\"potentialAction\":[{\"@type\":\"ReadAction\",\"target\":[\"https:\/\/www.healthy-heart.org\/fi\/pida-sydamesi-terveena\/verenpaine\/\"]}]},{\"@type\":\"ImageObject\",\"inLanguage\":\"fi-FI\",\"@id\":\"https:\/\/www.healthy-heart.org\/fi\/pida-sydamesi-terveena\/verenpaine\/#primaryimage\",\"url\":\"https:\/\/www.healthy-heart.org\/wp-content\/uploads\/2019\/07\/iStock-133546401-scaled.jpg\",\"contentUrl\":\"https:\/\/www.healthy-heart.org\/wp-content\/uploads\/2019\/07\/iStock-133546401-scaled.jpg\",\"width\":2560,\"height\":1707},{\"@type\":\"BreadcrumbList\",\"@id\":\"https:\/\/www.healthy-heart.org\/fi\/pida-sydamesi-terveena\/verenpaine\/#breadcrumb\",\"itemListElement\":[{\"@type\":\"ListItem\",\"position\":1,\"name\":\"Home\",\"item\":\"https:\/\/www.healthy-heart.org\/fi\/\"},{\"@type\":\"ListItem\",\"position\":2,\"name\":\"Pid\u00e4 syd\u00e4mesi terveen\u00e4\",\"item\":\"https:\/\/www.healthy-heart.org\/fi\/pida-sydamesi-terveena\/\"},{\"@type\":\"ListItem\",\"position\":3,\"name\":\"Verenpaine\"}]},{\"@type\":\"WebSite\",\"@id\":\"https:\/\/www.healthy-heart.org\/es\/#website\",\"url\":\"https:\/\/www.healthy-heart.org\/es\/\",\"name\":\"Healthy-Heart.org\",\"description\":\"Practical advice for patients and family care givers on the prevention of cardiovascular disease\",\"potentialAction\":[{\"@type\":\"SearchAction\",\"target\":{\"@type\":\"EntryPoint\",\"urlTemplate\":\"https:\/\/www.healthy-heart.org\/es\/?s={search_term_string}\"},\"query-input\":{\"@type\":\"PropertyValueSpecification\",\"valueRequired\":true,\"valueName\":\"search_term_string\"}}],\"inLanguage\":\"fi-FI\"}]}<\/script>\n<!-- \/ Yoast SEO plugin. -->","yoast_head_json":{"title":"Verenpaine - Healthy-Heart.org","description":"Korkea verenpaine on merkitt\u00e4v\u00e4 syd\u00e4n- ja verisuonitautien riskitekij\u00e4. Opettele mittaamaan verenpaineesi.","robots":{"index":"index","follow":"follow","max-snippet":"max-snippet:-1","max-image-preview":"max-image-preview:large","max-video-preview":"max-video-preview:-1"},"canonical":"https:\/\/www.healthy-heart.org\/fi\/pida-sydamesi-terveena\/verenpaine\/","og_locale":"fi_FI","og_type":"article","og_title":"Verenpaine - Healthy-Heart.org","og_description":"Korkea verenpaine on merkitt\u00e4v\u00e4 syd\u00e4n- ja verisuonitautien riskitekij\u00e4. Opettele mittaamaan verenpaineesi.","og_url":"https:\/\/www.healthy-heart.org\/fi\/pida-sydamesi-terveena\/verenpaine\/","og_site_name":"Healthy-Heart.org","article_modified_time":"2021-02-21T19:22:40+00:00","og_image":[{"width":2560,"height":1707,"url":"https:\/\/www.healthy-heart.org\/wp-content\/uploads\/2019\/07\/iStock-133546401-scaled.jpg","type":"image\/jpeg"}],"twitter_card":"summary_large_image","twitter_misc":{"Est. reading time":"2 minutes"},"schema":{"@context":"https:\/\/schema.org","@graph":[{"@type":"WebPage","@id":"https:\/\/www.healthy-heart.org\/fi\/pida-sydamesi-terveena\/verenpaine\/","url":"https:\/\/www.healthy-heart.org\/fi\/pida-sydamesi-terveena\/verenpaine\/","name":"Verenpaine - Healthy-Heart.org","isPartOf":{"@id":"https:\/\/www.healthy-heart.org\/es\/#website"},"primaryImageOfPage":{"@id":"https:\/\/www.healthy-heart.org\/fi\/pida-sydamesi-terveena\/verenpaine\/#primaryimage"},"image":{"@id":"https:\/\/www.healthy-heart.org\/fi\/pida-sydamesi-terveena\/verenpaine\/#primaryimage"},"thumbnailUrl":"https:\/\/www.healthy-heart.org\/wp-content\/uploads\/2019\/07\/iStock-133546401-scaled.jpg","datePublished":"2021-02-12T12:50:08+00:00","dateModified":"2021-02-21T19:22:40+00:00","description":"Korkea verenpaine on merkitt\u00e4v\u00e4 syd\u00e4n- ja verisuonitautien riskitekij\u00e4. Opettele mittaamaan verenpaineesi.","breadcrumb":{"@id":"https:\/\/www.healthy-heart.org\/fi\/pida-sydamesi-terveena\/verenpaine\/#breadcrumb"},"inLanguage":"fi-FI","potentialAction":[{"@type":"ReadAction","target":["https:\/\/www.healthy-heart.org\/fi\/pida-sydamesi-terveena\/verenpaine\/"]}]},{"@type":"ImageObject","inLanguage":"fi-FI","@id":"https:\/\/www.healthy-heart.org\/fi\/pida-sydamesi-terveena\/verenpaine\/#primaryimage","url":"https:\/\/www.healthy-heart.org\/wp-content\/uploads\/2019\/07\/iStock-133546401-scaled.jpg","contentUrl":"https:\/\/www.healthy-heart.org\/wp-content\/uploads\/2019\/07\/iStock-133546401-scaled.jpg","width":2560,"height":1707},{"@type":"BreadcrumbList","@id":"https:\/\/www.healthy-heart.org\/fi\/pida-sydamesi-terveena\/verenpaine\/#breadcrumb","itemListElement":[{"@type":"ListItem","position":1,"name":"Home","item":"https:\/\/www.healthy-heart.org\/fi\/"},{"@type":"ListItem","position":2,"name":"Pid\u00e4 syd\u00e4mesi terveen\u00e4","item":"https:\/\/www.healthy-heart.org\/fi\/pida-sydamesi-terveena\/"},{"@type":"ListItem","position":3,"name":"Verenpaine"}]},{"@type":"WebSite","@id":"https:\/\/www.healthy-heart.org\/es\/#website","url":"https:\/\/www.healthy-heart.org\/es\/","name":"Healthy-Heart.org","description":"Practical advice for patients and family care givers on the prevention of cardiovascular disease","potentialAction":[{"@type":"SearchAction","target":{"@type":"EntryPoint","urlTemplate":"https:\/\/www.healthy-heart.org\/es\/?s={search_term_string}"},"query-input":{"@type":"PropertyValueSpecification","valueRequired":true,"valueName":"search_term_string"}}],"inLanguage":"fi-FI"}]}},"_links":{"self":[{"href":"https:\/\/www.healthy-heart.org\/fi\/wp-json\/wp\/v2\/pages\/5214","targetHints":{"allow":["GET"]}}],"collection":[{"href":"https:\/\/www.healthy-heart.org\/fi\/wp-json\/wp\/v2\/pages"}],"about":[{"href":"https:\/\/www.healthy-heart.org\/fi\/wp-json\/wp\/v2\/types\/page"}],"author":[{"embeddable":true,"href":"https:\/\/www.healthy-heart.org\/fi\/wp-json\/wp\/v2\/users\/1"}],"replies":[{"embeddable":true,"href":"https:\/\/www.healthy-heart.org\/fi\/wp-json\/wp\/v2\/comments?post=5214"}],"version-history":[{"count":4,"href":"https:\/\/www.healthy-heart.org\/fi\/wp-json\/wp\/v2\/pages\/5214\/revisions"}],"predecessor-version":[{"id":5579,"href":"https:\/\/www.healthy-heart.org\/fi\/wp-json\/wp\/v2\/pages\/5214\/revisions\/5579"}],"up":[{"embeddable":true,"href":"https:\/\/www.healthy-heart.org\/fi\/wp-json\/wp\/v2\/pages\/5188"}],"wp:featuredmedia":[{"embeddable":true,"href":"https:\/\/www.healthy-heart.org\/fi\/wp-json\/wp\/v2\/media\/5226"}],"wp:attachment":[{"href":"https:\/\/www.healthy-heart.org\/fi\/wp-json\/wp\/v2\/media?parent=5214"}],"wp:term":[{"taxonomy":"category","embeddable":true,"href":"https:\/\/www.healthy-heart.org\/fi\/wp-json\/wp\/v2\/categories?post=5214"},{"taxonomy":"post_tag","embeddable":true,"href":"https:\/\/www.healthy-heart.org\/fi\/wp-json\/wp\/v2\/tags?post=5214"}],"curies":[{"name":"wp","href":"https:\/\/api.w.org\/{rel}","templated":true}]}}