{"id":5208,"date":"2021-02-12T12:50:06","date_gmt":"2021-02-12T12:50:06","guid":{"rendered":"https:\/\/www.healthy-heart.org\/painelu-puhalluselvytyksen-antaminen\/"},"modified":"2021-02-25T14:36:15","modified_gmt":"2021-02-25T14:36:15","slug":"painelu-puhalluselvytyksen-antaminen","status":"publish","type":"page","link":"https:\/\/www.healthy-heart.org\/fi\/sydamesi\/painelu-puhalluselvytyksen-antaminen\/","title":{"rendered":"Painelu-puhalluselvytyksen antaminen"},"content":{"rendered":"<p><img loading=\"lazy\" decoding=\"async\" class=\"alignright size-medium wp-image-784\" src=\"https:\/\/cdn-endpoint-prev.azureedge.net\/healthy-heart\/2019\/07\/iStock-915166956-350x233.jpg\" alt=\"\" width=\"350\" height=\"233\" srcset=\"https:\/\/www.healthy-heart.org\/wp-content\/uploads\/2019\/07\/iStock-915166956-350x233.jpg 350w, https:\/\/cdn-endpoint-prev.azureedge.net\/healthy-heart\/2019\/07\/iStock-915166956-2048x1365.jpg 2048w, https:\/\/cdn-endpoint-prev.azureedge.net\/healthy-heart\/2019\/07\/iStock-915166956-659x439.jpg 659w, https:\/\/www.healthy-heart.org\/wp-content\/uploads\/2019\/07\/iStock-915166956-200x133.jpg 200w, https:\/\/www.healthy-heart.org\/wp-content\/uploads\/2019\/07\/iStock-915166956-768x512.jpg 768w, https:\/\/www.healthy-heart.org\/wp-content\/uploads\/2019\/07\/iStock-915166956-1024x683.jpg 1024w, https:\/\/www.healthy-heart.org\/wp-content\/uploads\/2019\/07\/iStock-915166956-1536x1024.jpg 1536w, https:\/\/www.healthy-heart.org\/wp-content\/uploads\/2019\/07\/iStock-915166956-696x464.jpg 696w\" sizes=\"auto, (max-width: 350px) 100vw, 350px\" \/>Hyv\u00e4 uutinen on, ett\u00e4 ihmishengen pelastaminen on helpompaa kuin luuletkaan.<\/p>\n<p>Jos n\u00e4et jonkun menett\u00e4v\u00e4n tajuntansa, l\u00e4hesty h\u00e4nt\u00e4.<\/p>\n<ol>\n<li>Pyyd\u00e4 jotakuta soittamaan paikalliseen h\u00e4t\u00e4numeroon (jos et tied\u00e4 paikallista h\u00e4t\u00e4numeroa, 112 toimii koko Euroopassa ja monissa muissakin maissa) ja etsi defibrillaattoria eli syd\u00e4niskuria. Jos olet yksin, soita h\u00e4t\u00e4numeroon ja pysyttele uhrin luona.<\/li>\n<li>Jos henkil\u00f6 ei reagoi eik\u00e4 hengit\u00e4 kunnolla, aloita elvytys:<br \/>\nNojaudu henkil\u00f6n rintakeh\u00e4n ylle, vie yksi k\u00e4si rintakeh\u00e4n keskikohtaan, aseta toinen k\u00e4si ensimm\u00e4isen p\u00e4\u00e4lle ja PAINELE ALASP\u00c4IN VOIMAKKAASTI JA NOPEASTI, KUNNES APU SAAPUU. Oikea painallusnopeus on noin 100\u2013120 painallusta minuutissa, joka vastaa suunnilleen Bee Gees -yhtyeen kuuluisan Stayin&#8217; Alive -kappaleen tempoa. Jatka, kunnes ambulanssi saapuu.<\/li>\n<\/ol>\n<p>MUISTA:<\/p>\n<ol>\n<li>SOITA H\u00c4T\u00c4NUMEROON<\/li>\n<li>PAINELE VOIMAKKAASTI JA NOPEASTI<\/li>\n<\/ol>\n<p>TOIMINTASI VOI PELASTAA IHMISHENGEN!<\/p>\n<p>Saat lis\u00e4tietoja katsomalla <a href=\"https:\/\/www.bhf.org.uk\/how-you-can-help\/how-to-save-a-life\/how-to-do-cpr\/cpr-training-videos\" target=\"_blank\" rel=\"noopener noreferrer\">t\u00e4m\u00e4n videon<\/a>, jonka on tehnyt British Heart Foundation.<\/p>\n","protected":false},"excerpt":{"rendered":"<p>Hyv\u00e4 uutinen on, ett\u00e4 ihmishengen pelastaminen on helpompaa kuin luuletkaan. Jos n\u00e4et jonkun menett\u00e4v\u00e4n tajuntansa, l\u00e4hesty h\u00e4nt\u00e4. Pyyd\u00e4 jotakuta soittamaan paikalliseen h\u00e4t\u00e4numeroon (jos et tied\u00e4 paikallista h\u00e4t\u00e4numeroa, 112 toimii koko Euroopassa ja monissa muissakin maissa) ja etsi defibrillaattoria eli syd\u00e4niskuria. Jos olet yksin, soita h\u00e4t\u00e4numeroon ja pysyttele uhrin luona. Jos henkil\u00f6 ei reagoi eik\u00e4 hengit\u00e4 [&hellip;]<\/p>\n","protected":false},"author":1,"featured_media":5215,"parent":5275,"menu_order":4,"comment_status":"closed","ping_status":"closed","template":"","meta":{"_acf_changed":false,"footnotes":""},"categories":[98],"tags":[],"class_list":["post-5208","page","type-page","status-publish","has-post-thumbnail","hentry","category-sydamesi"],"acf":[],"yoast_head":"<!-- This site is optimized with the Yoast SEO plugin v24.0 - https:\/\/yoast.com\/wordpress\/plugins\/seo\/ -->\n<title>Painelu-puhalluselvytyksen antaminen - Healthy-Heart.org<\/title>\n<meta name=\"description\" content=\"Opi antamaan painelu-puhalluselvytyst\u00e4 (PPE) henkil\u00f6lle, jonka syd\u00e4n on pys\u00e4htynyt.\" \/>\n<meta name=\"robots\" content=\"index, follow, max-snippet:-1, max-image-preview:large, max-video-preview:-1\" \/>\n<link rel=\"canonical\" href=\"https:\/\/www.healthy-heart.org\/fi\/sydamesi\/painelu-puhalluselvytyksen-antaminen\/\" \/>\n<meta property=\"og:locale\" content=\"fi_FI\" \/>\n<meta property=\"og:type\" content=\"article\" \/>\n<meta property=\"og:title\" content=\"Painelu-puhalluselvytyksen antaminen - Healthy-Heart.org\" \/>\n<meta property=\"og:description\" content=\"Opi antamaan painelu-puhalluselvytyst\u00e4 (PPE) henkil\u00f6lle, jonka syd\u00e4n on pys\u00e4htynyt.\" \/>\n<meta property=\"og:url\" content=\"https:\/\/www.healthy-heart.org\/fi\/sydamesi\/painelu-puhalluselvytyksen-antaminen\/\" \/>\n<meta property=\"og:site_name\" content=\"Healthy-Heart.org\" \/>\n<meta property=\"article:modified_time\" content=\"2021-02-25T14:36:15+00:00\" \/>\n<meta property=\"og:image\" content=\"https:\/\/www.healthy-heart.org\/wp-content\/uploads\/2019\/08\/cpr.jpg\" \/>\n\t<meta property=\"og:image:width\" content=\"518\" \/>\n\t<meta property=\"og:image:height\" content=\"345\" \/>\n\t<meta property=\"og:image:type\" content=\"image\/jpeg\" \/>\n<meta name=\"twitter:card\" content=\"summary_large_image\" \/>\n<meta name=\"twitter:label1\" content=\"Est. reading time\" \/>\n\t<meta name=\"twitter:data1\" content=\"1 minute\" \/>\n<script type=\"application\/ld+json\" class=\"yoast-schema-graph\">{\"@context\":\"https:\/\/schema.org\",\"@graph\":[{\"@type\":\"WebPage\",\"@id\":\"https:\/\/www.healthy-heart.org\/fi\/sydamesi\/painelu-puhalluselvytyksen-antaminen\/\",\"url\":\"https:\/\/www.healthy-heart.org\/fi\/sydamesi\/painelu-puhalluselvytyksen-antaminen\/\",\"name\":\"Painelu-puhalluselvytyksen antaminen - Healthy-Heart.org\",\"isPartOf\":{\"@id\":\"https:\/\/www.healthy-heart.org\/es\/#website\"},\"primaryImageOfPage\":{\"@id\":\"https:\/\/www.healthy-heart.org\/fi\/sydamesi\/painelu-puhalluselvytyksen-antaminen\/#primaryimage\"},\"image\":{\"@id\":\"https:\/\/www.healthy-heart.org\/fi\/sydamesi\/painelu-puhalluselvytyksen-antaminen\/#primaryimage\"},\"thumbnailUrl\":\"https:\/\/www.healthy-heart.org\/wp-content\/uploads\/2019\/08\/cpr.jpg\",\"datePublished\":\"2021-02-12T12:50:06+00:00\",\"dateModified\":\"2021-02-25T14:36:15+00:00\",\"description\":\"Opi antamaan painelu-puhalluselvytyst\u00e4 (PPE) henkil\u00f6lle, jonka syd\u00e4n on pys\u00e4htynyt.\",\"breadcrumb\":{\"@id\":\"https:\/\/www.healthy-heart.org\/fi\/sydamesi\/painelu-puhalluselvytyksen-antaminen\/#breadcrumb\"},\"inLanguage\":\"fi-FI\",\"potentialAction\":[{\"@type\":\"ReadAction\",\"target\":[\"https:\/\/www.healthy-heart.org\/fi\/sydamesi\/painelu-puhalluselvytyksen-antaminen\/\"]}]},{\"@type\":\"ImageObject\",\"inLanguage\":\"fi-FI\",\"@id\":\"https:\/\/www.healthy-heart.org\/fi\/sydamesi\/painelu-puhalluselvytyksen-antaminen\/#primaryimage\",\"url\":\"https:\/\/www.healthy-heart.org\/wp-content\/uploads\/2019\/08\/cpr.jpg\",\"contentUrl\":\"https:\/\/www.healthy-heart.org\/wp-content\/uploads\/2019\/08\/cpr.jpg\",\"width\":518,\"height\":345},{\"@type\":\"BreadcrumbList\",\"@id\":\"https:\/\/www.healthy-heart.org\/fi\/sydamesi\/painelu-puhalluselvytyksen-antaminen\/#breadcrumb\",\"itemListElement\":[{\"@type\":\"ListItem\",\"position\":1,\"name\":\"Home\",\"item\":\"https:\/\/www.healthy-heart.org\/fi\/\"},{\"@type\":\"ListItem\",\"position\":2,\"name\":\"Syd\u00e4mesi\",\"item\":\"https:\/\/www.healthy-heart.org\/fi\/sydamesi\/\"},{\"@type\":\"ListItem\",\"position\":3,\"name\":\"Painelu-puhalluselvytyksen antaminen\"}]},{\"@type\":\"WebSite\",\"@id\":\"https:\/\/www.healthy-heart.org\/es\/#website\",\"url\":\"https:\/\/www.healthy-heart.org\/es\/\",\"name\":\"Healthy-Heart.org\",\"description\":\"Practical advice for patients and family care givers on the prevention of cardiovascular disease\",\"potentialAction\":[{\"@type\":\"SearchAction\",\"target\":{\"@type\":\"EntryPoint\",\"urlTemplate\":\"https:\/\/www.healthy-heart.org\/es\/?s={search_term_string}\"},\"query-input\":{\"@type\":\"PropertyValueSpecification\",\"valueRequired\":true,\"valueName\":\"search_term_string\"}}],\"inLanguage\":\"fi-FI\"}]}<\/script>\n<!-- \/ Yoast SEO plugin. -->","yoast_head_json":{"title":"Painelu-puhalluselvytyksen antaminen - Healthy-Heart.org","description":"Opi antamaan painelu-puhalluselvytyst\u00e4 (PPE) henkil\u00f6lle, jonka syd\u00e4n on pys\u00e4htynyt.","robots":{"index":"index","follow":"follow","max-snippet":"max-snippet:-1","max-image-preview":"max-image-preview:large","max-video-preview":"max-video-preview:-1"},"canonical":"https:\/\/www.healthy-heart.org\/fi\/sydamesi\/painelu-puhalluselvytyksen-antaminen\/","og_locale":"fi_FI","og_type":"article","og_title":"Painelu-puhalluselvytyksen antaminen - Healthy-Heart.org","og_description":"Opi antamaan painelu-puhalluselvytyst\u00e4 (PPE) henkil\u00f6lle, jonka syd\u00e4n on pys\u00e4htynyt.","og_url":"https:\/\/www.healthy-heart.org\/fi\/sydamesi\/painelu-puhalluselvytyksen-antaminen\/","og_site_name":"Healthy-Heart.org","article_modified_time":"2021-02-25T14:36:15+00:00","og_image":[{"width":518,"height":345,"url":"https:\/\/www.healthy-heart.org\/wp-content\/uploads\/2019\/08\/cpr.jpg","type":"image\/jpeg"}],"twitter_card":"summary_large_image","twitter_misc":{"Est. reading time":"1 minute"},"schema":{"@context":"https:\/\/schema.org","@graph":[{"@type":"WebPage","@id":"https:\/\/www.healthy-heart.org\/fi\/sydamesi\/painelu-puhalluselvytyksen-antaminen\/","url":"https:\/\/www.healthy-heart.org\/fi\/sydamesi\/painelu-puhalluselvytyksen-antaminen\/","name":"Painelu-puhalluselvytyksen antaminen - Healthy-Heart.org","isPartOf":{"@id":"https:\/\/www.healthy-heart.org\/es\/#website"},"primaryImageOfPage":{"@id":"https:\/\/www.healthy-heart.org\/fi\/sydamesi\/painelu-puhalluselvytyksen-antaminen\/#primaryimage"},"image":{"@id":"https:\/\/www.healthy-heart.org\/fi\/sydamesi\/painelu-puhalluselvytyksen-antaminen\/#primaryimage"},"thumbnailUrl":"https:\/\/www.healthy-heart.org\/wp-content\/uploads\/2019\/08\/cpr.jpg","datePublished":"2021-02-12T12:50:06+00:00","dateModified":"2021-02-25T14:36:15+00:00","description":"Opi antamaan painelu-puhalluselvytyst\u00e4 (PPE) henkil\u00f6lle, jonka syd\u00e4n on pys\u00e4htynyt.","breadcrumb":{"@id":"https:\/\/www.healthy-heart.org\/fi\/sydamesi\/painelu-puhalluselvytyksen-antaminen\/#breadcrumb"},"inLanguage":"fi-FI","potentialAction":[{"@type":"ReadAction","target":["https:\/\/www.healthy-heart.org\/fi\/sydamesi\/painelu-puhalluselvytyksen-antaminen\/"]}]},{"@type":"ImageObject","inLanguage":"fi-FI","@id":"https:\/\/www.healthy-heart.org\/fi\/sydamesi\/painelu-puhalluselvytyksen-antaminen\/#primaryimage","url":"https:\/\/www.healthy-heart.org\/wp-content\/uploads\/2019\/08\/cpr.jpg","contentUrl":"https:\/\/www.healthy-heart.org\/wp-content\/uploads\/2019\/08\/cpr.jpg","width":518,"height":345},{"@type":"BreadcrumbList","@id":"https:\/\/www.healthy-heart.org\/fi\/sydamesi\/painelu-puhalluselvytyksen-antaminen\/#breadcrumb","itemListElement":[{"@type":"ListItem","position":1,"name":"Home","item":"https:\/\/www.healthy-heart.org\/fi\/"},{"@type":"ListItem","position":2,"name":"Syd\u00e4mesi","item":"https:\/\/www.healthy-heart.org\/fi\/sydamesi\/"},{"@type":"ListItem","position":3,"name":"Painelu-puhalluselvytyksen antaminen"}]},{"@type":"WebSite","@id":"https:\/\/www.healthy-heart.org\/es\/#website","url":"https:\/\/www.healthy-heart.org\/es\/","name":"Healthy-Heart.org","description":"Practical advice for patients and family care givers on the prevention of cardiovascular disease","potentialAction":[{"@type":"SearchAction","target":{"@type":"EntryPoint","urlTemplate":"https:\/\/www.healthy-heart.org\/es\/?s={search_term_string}"},"query-input":{"@type":"PropertyValueSpecification","valueRequired":true,"valueName":"search_term_string"}}],"inLanguage":"fi-FI"}]}},"_links":{"self":[{"href":"https:\/\/www.healthy-heart.org\/fi\/wp-json\/wp\/v2\/pages\/5208","targetHints":{"allow":["GET"]}}],"collection":[{"href":"https:\/\/www.healthy-heart.org\/fi\/wp-json\/wp\/v2\/pages"}],"about":[{"href":"https:\/\/www.healthy-heart.org\/fi\/wp-json\/wp\/v2\/types\/page"}],"author":[{"embeddable":true,"href":"https:\/\/www.healthy-heart.org\/fi\/wp-json\/wp\/v2\/users\/1"}],"replies":[{"embeddable":true,"href":"https:\/\/www.healthy-heart.org\/fi\/wp-json\/wp\/v2\/comments?post=5208"}],"version-history":[{"count":1,"href":"https:\/\/www.healthy-heart.org\/fi\/wp-json\/wp\/v2\/pages\/5208\/revisions"}],"predecessor-version":[{"id":5600,"href":"https:\/\/www.healthy-heart.org\/fi\/wp-json\/wp\/v2\/pages\/5208\/revisions\/5600"}],"up":[{"embeddable":true,"href":"https:\/\/www.healthy-heart.org\/fi\/wp-json\/wp\/v2\/pages\/5275"}],"wp:featuredmedia":[{"embeddable":true,"href":"https:\/\/www.healthy-heart.org\/fi\/wp-json\/wp\/v2\/media\/5215"}],"wp:attachment":[{"href":"https:\/\/www.healthy-heart.org\/fi\/wp-json\/wp\/v2\/media?parent=5208"}],"wp:term":[{"taxonomy":"category","embeddable":true,"href":"https:\/\/www.healthy-heart.org\/fi\/wp-json\/wp\/v2\/categories?post=5208"},{"taxonomy":"post_tag","embeddable":true,"href":"https:\/\/www.healthy-heart.org\/fi\/wp-json\/wp\/v2\/tags?post=5208"}],"curies":[{"name":"wp","href":"https:\/\/api.w.org\/{rel}","templated":true}]}}