{"id":5188,"date":"2021-02-12T12:49:56","date_gmt":"2021-02-12T12:49:56","guid":{"rendered":"https:\/\/www.healthy-heart.org\/pida-sydamesi-terveena\/"},"modified":"2021-02-12T12:49:56","modified_gmt":"2021-02-12T12:49:56","slug":"pida-sydamesi-terveena","status":"publish","type":"page","link":"https:\/\/www.healthy-heart.org\/fi\/pida-sydamesi-terveena\/","title":{"rendered":"Pid\u00e4 syd\u00e4mesi terveen\u00e4"},"content":{"rendered":"","protected":false},"excerpt":{"rendered":"","protected":false},"author":1,"featured_media":0,"parent":0,"menu_order":0,"comment_status":"closed","ping_status":"closed","template":"","meta":{"_acf_changed":false,"footnotes":""},"categories":[100],"tags":[],"class_list":["post-5188","page","type-page","status-publish","hentry","category-pida-sydamesi-terveena"],"acf":[],"yoast_head":"<!-- This site is optimized with the Yoast SEO plugin v24.0 - https:\/\/yoast.com\/wordpress\/plugins\/seo\/ -->\n<title>Pid\u00e4 syd\u00e4mesi terveen\u00e4 - Healthy-Heart.org<\/title>\n<meta name=\"description\" content=\"Paras tapa huolehtia syd\u00e4mest\u00e4 on terveelliset elintavat: lue riskitekij\u00f6ist\u00e4 ja siit\u00e4, miten syd\u00e4n- ja verisuoniterveytt\u00e4 seurataan ja yll\u00e4pidet\u00e4\u00e4n.\" \/>\n<meta name=\"robots\" content=\"index, follow, max-snippet:-1, max-image-preview:large, max-video-preview:-1\" \/>\n<link rel=\"canonical\" href=\"https:\/\/www.healthy-heart.org\/fi\/pida-sydamesi-terveena\/\" \/>\n<meta property=\"og:locale\" content=\"fi_FI\" \/>\n<meta property=\"og:type\" content=\"article\" \/>\n<meta property=\"og:title\" content=\"Pid\u00e4 syd\u00e4mesi terveen\u00e4 - Healthy-Heart.org\" \/>\n<meta property=\"og:description\" content=\"Paras tapa huolehtia syd\u00e4mest\u00e4 on terveelliset elintavat: lue riskitekij\u00f6ist\u00e4 ja siit\u00e4, miten syd\u00e4n- ja verisuoniterveytt\u00e4 seurataan ja yll\u00e4pidet\u00e4\u00e4n.\" \/>\n<meta property=\"og:url\" content=\"https:\/\/www.healthy-heart.org\/fi\/pida-sydamesi-terveena\/\" \/>\n<meta property=\"og:site_name\" content=\"Healthy-Heart.org\" \/>\n<meta name=\"twitter:card\" content=\"summary_large_image\" \/>\n<script type=\"application\/ld+json\" class=\"yoast-schema-graph\">{\"@context\":\"https:\/\/schema.org\",\"@graph\":[{\"@type\":\"WebPage\",\"@id\":\"https:\/\/www.healthy-heart.org\/fi\/pida-sydamesi-terveena\/\",\"url\":\"https:\/\/www.healthy-heart.org\/fi\/pida-sydamesi-terveena\/\",\"name\":\"Pid\u00e4 syd\u00e4mesi terveen\u00e4 - Healthy-Heart.org\",\"isPartOf\":{\"@id\":\"https:\/\/www.healthy-heart.org\/es\/#website\"},\"datePublished\":\"2021-02-12T12:49:56+00:00\",\"dateModified\":\"2021-02-12T12:49:56+00:00\",\"description\":\"Paras tapa huolehtia syd\u00e4mest\u00e4 on terveelliset elintavat: lue riskitekij\u00f6ist\u00e4 ja siit\u00e4, miten syd\u00e4n- ja verisuoniterveytt\u00e4 seurataan ja yll\u00e4pidet\u00e4\u00e4n.\",\"breadcrumb\":{\"@id\":\"https:\/\/www.healthy-heart.org\/fi\/pida-sydamesi-terveena\/#breadcrumb\"},\"inLanguage\":\"fi-FI\",\"potentialAction\":[{\"@type\":\"ReadAction\",\"target\":[\"https:\/\/www.healthy-heart.org\/fi\/pida-sydamesi-terveena\/\"]}]},{\"@type\":\"BreadcrumbList\",\"@id\":\"https:\/\/www.healthy-heart.org\/fi\/pida-sydamesi-terveena\/#breadcrumb\",\"itemListElement\":[{\"@type\":\"ListItem\",\"position\":1,\"name\":\"Home\",\"item\":\"https:\/\/www.healthy-heart.org\/fi\/\"},{\"@type\":\"ListItem\",\"position\":2,\"name\":\"Pid\u00e4 syd\u00e4mesi terveen\u00e4\"}]},{\"@type\":\"WebSite\",\"@id\":\"https:\/\/www.healthy-heart.org\/es\/#website\",\"url\":\"https:\/\/www.healthy-heart.org\/es\/\",\"name\":\"Healthy-Heart.org\",\"description\":\"Practical advice for patients and family care givers on the prevention of cardiovascular disease\",\"potentialAction\":[{\"@type\":\"SearchAction\",\"target\":{\"@type\":\"EntryPoint\",\"urlTemplate\":\"https:\/\/www.healthy-heart.org\/es\/?s={search_term_string}\"},\"query-input\":{\"@type\":\"PropertyValueSpecification\",\"valueRequired\":true,\"valueName\":\"search_term_string\"}}],\"inLanguage\":\"fi-FI\"}]}<\/script>\n<!-- \/ Yoast SEO plugin. -->","yoast_head_json":{"title":"Pid\u00e4 syd\u00e4mesi terveen\u00e4 - Healthy-Heart.org","description":"Paras tapa huolehtia syd\u00e4mest\u00e4 on terveelliset elintavat: lue riskitekij\u00f6ist\u00e4 ja siit\u00e4, miten syd\u00e4n- ja verisuoniterveytt\u00e4 seurataan ja yll\u00e4pidet\u00e4\u00e4n.","robots":{"index":"index","follow":"follow","max-snippet":"max-snippet:-1","max-image-preview":"max-image-preview:large","max-video-preview":"max-video-preview:-1"},"canonical":"https:\/\/www.healthy-heart.org\/fi\/pida-sydamesi-terveena\/","og_locale":"fi_FI","og_type":"article","og_title":"Pid\u00e4 syd\u00e4mesi terveen\u00e4 - Healthy-Heart.org","og_description":"Paras tapa huolehtia syd\u00e4mest\u00e4 on terveelliset elintavat: lue riskitekij\u00f6ist\u00e4 ja siit\u00e4, miten syd\u00e4n- ja verisuoniterveytt\u00e4 seurataan ja yll\u00e4pidet\u00e4\u00e4n.","og_url":"https:\/\/www.healthy-heart.org\/fi\/pida-sydamesi-terveena\/","og_site_name":"Healthy-Heart.org","twitter_card":"summary_large_image","schema":{"@context":"https:\/\/schema.org","@graph":[{"@type":"WebPage","@id":"https:\/\/www.healthy-heart.org\/fi\/pida-sydamesi-terveena\/","url":"https:\/\/www.healthy-heart.org\/fi\/pida-sydamesi-terveena\/","name":"Pid\u00e4 syd\u00e4mesi terveen\u00e4 - Healthy-Heart.org","isPartOf":{"@id":"https:\/\/www.healthy-heart.org\/es\/#website"},"datePublished":"2021-02-12T12:49:56+00:00","dateModified":"2021-02-12T12:49:56+00:00","description":"Paras tapa huolehtia syd\u00e4mest\u00e4 on terveelliset elintavat: lue riskitekij\u00f6ist\u00e4 ja siit\u00e4, miten syd\u00e4n- ja verisuoniterveytt\u00e4 seurataan ja yll\u00e4pidet\u00e4\u00e4n.","breadcrumb":{"@id":"https:\/\/www.healthy-heart.org\/fi\/pida-sydamesi-terveena\/#breadcrumb"},"inLanguage":"fi-FI","potentialAction":[{"@type":"ReadAction","target":["https:\/\/www.healthy-heart.org\/fi\/pida-sydamesi-terveena\/"]}]},{"@type":"BreadcrumbList","@id":"https:\/\/www.healthy-heart.org\/fi\/pida-sydamesi-terveena\/#breadcrumb","itemListElement":[{"@type":"ListItem","position":1,"name":"Home","item":"https:\/\/www.healthy-heart.org\/fi\/"},{"@type":"ListItem","position":2,"name":"Pid\u00e4 syd\u00e4mesi terveen\u00e4"}]},{"@type":"WebSite","@id":"https:\/\/www.healthy-heart.org\/es\/#website","url":"https:\/\/www.healthy-heart.org\/es\/","name":"Healthy-Heart.org","description":"Practical advice for patients and family care givers on the prevention of cardiovascular disease","potentialAction":[{"@type":"SearchAction","target":{"@type":"EntryPoint","urlTemplate":"https:\/\/www.healthy-heart.org\/es\/?s={search_term_string}"},"query-input":{"@type":"PropertyValueSpecification","valueRequired":true,"valueName":"search_term_string"}}],"inLanguage":"fi-FI"}]}},"_links":{"self":[{"href":"https:\/\/www.healthy-heart.org\/fi\/wp-json\/wp\/v2\/pages\/5188","targetHints":{"allow":["GET"]}}],"collection":[{"href":"https:\/\/www.healthy-heart.org\/fi\/wp-json\/wp\/v2\/pages"}],"about":[{"href":"https:\/\/www.healthy-heart.org\/fi\/wp-json\/wp\/v2\/types\/page"}],"author":[{"embeddable":true,"href":"https:\/\/www.healthy-heart.org\/fi\/wp-json\/wp\/v2\/users\/1"}],"replies":[{"embeddable":true,"href":"https:\/\/www.healthy-heart.org\/fi\/wp-json\/wp\/v2\/comments?post=5188"}],"version-history":[{"count":0,"href":"https:\/\/www.healthy-heart.org\/fi\/wp-json\/wp\/v2\/pages\/5188\/revisions"}],"wp:attachment":[{"href":"https:\/\/www.healthy-heart.org\/fi\/wp-json\/wp\/v2\/media?parent=5188"}],"wp:term":[{"taxonomy":"category","embeddable":true,"href":"https:\/\/www.healthy-heart.org\/fi\/wp-json\/wp\/v2\/categories?post=5188"},{"taxonomy":"post_tag","embeddable":true,"href":"https:\/\/www.healthy-heart.org\/fi\/wp-json\/wp\/v2\/tags?post=5188"}],"curies":[{"name":"wp","href":"https:\/\/api.w.org\/{rel}","templated":true}]}}