{"id":5180,"date":"2021-02-12T12:49:48","date_gmt":"2021-02-12T12:49:48","guid":{"rendered":"https:\/\/www.healthy-heart.org\/miten-sydan-toimii\/"},"modified":"2021-02-16T11:25:22","modified_gmt":"2021-02-16T11:25:22","slug":"miten-sydan-toimii","status":"publish","type":"page","link":"https:\/\/www.healthy-heart.org\/fi\/sydamesi\/miten-sydan-toimii\/","title":{"rendered":"Miten syd\u00e4n toimii?"},"content":{"rendered":"<p><img loading=\"lazy\" decoding=\"async\" class=\"size-medium wp-image-5531 alignright\" src=\"https:\/\/cdn-endpoint-prev.azureedge.net\/healthy-heart\/2021\/02\/iStock-497342787-1-768x705_FINNISH-350x321.png\" alt=\"\" width=\"350\" height=\"321\" srcset=\"https:\/\/www.healthy-heart.org\/wp-content\/uploads\/2021\/02\/iStock-497342787-1-768x705_FINNISH-350x321.png 350w, https:\/\/www.healthy-heart.org\/wp-content\/uploads\/2021\/02\/iStock-497342787-1-768x705_FINNISH-200x184.png 200w, https:\/\/www.healthy-heart.org\/wp-content\/uploads\/2021\/02\/iStock-497342787-1-768x705_FINNISH-478x439.png 478w, https:\/\/www.healthy-heart.org\/wp-content\/uploads\/2021\/02\/iStock-497342787-1-768x705_FINNISH-505x464.png 505w, https:\/\/www.healthy-heart.org\/wp-content\/uploads\/2021\/02\/iStock-497342787-1-768x705_FINNISH.png 768w\" sizes=\"auto, (max-width: 350px) 100vw, 350px\" \/>Syd\u00e4n on jaettu kahteen puoliskoon, joita erottaa lihassein\u00e4m\u00e4 (v\u00e4lisein\u00e4). Kummassakin puoliskossa on kaksi onteloa: ylh\u00e4\u00e4ll\u00e4 oleva eteinen ja alhaalla oleva kammio. Syd\u00e4men oikea puoli vastaanottaa v\u00e4h\u00e4happista verta kehosta laskimoiksi kutsuttujen verisuonten kautta. Syd\u00e4n pumppaa t\u00e4m\u00e4n veren keuhkoihin, jossa se rikastuu hapella. Syd\u00e4men vasen puoli vastaanottaa t\u00e4m\u00e4n veren keuhkoista ja pumppaa sit\u00e4 kaikille kehon elimille valtimoiksi kutsuttujen verisuonten kautta. Se alkaa suurimmasta valtimosta, jota kutsutaan aortaksi. Eteisten ja kammioiden v\u00e4lisi\u00e4 l\u00e4ppi\u00e4 kutsutaan eteis-kammiol\u00e4piksi (hiippa- eli mitraalil\u00e4pp\u00e4 vasemmalla, kolmipurje- eli trikuspidaalil\u00e4pp\u00e4 oikealla). Ne est\u00e4v\u00e4t verta virtaamasta v\u00e4\u00e4r\u00e4\u00e4n suuntaan. Keuhkovaltimol\u00e4pp\u00e4 ja aorttal\u00e4pp\u00e4 ohjaavat veren ulostuloa kammioista; ensiksi mainittu oikeasta kammiosta ja j\u00e4lkimm\u00e4inen vasemmasta kammiosta. L\u00e4p\u00e4t avautuvat, kun kammiossa saavutetaan tietty paine, jolloin veri p\u00e4\u00e4see virtaamaan keuhkoihin (oikeasta kammiosta) tai kehoon ja sen elimiin (vasemmasta kammiosta).<\/p>\n<p>Syd\u00e4n on lihas, joka pumppaa 60\u201380 kertaa minuutissa koko el\u00e4m\u00e4si ajan. Siksi se tarvitsee suuria m\u00e4\u00e4ri\u00e4 happea ja ravinteita toimiakseen kunnolla. Sepelvaltimot toimittavat syd\u00e4meen sen tarvitseman veren.<\/p>\n","protected":false},"excerpt":{"rendered":"<p>Syd\u00e4n on jaettu kahteen puoliskoon, joita erottaa lihassein\u00e4m\u00e4 (v\u00e4lisein\u00e4). Kummassakin puoliskossa on kaksi onteloa: ylh\u00e4\u00e4ll\u00e4 oleva eteinen ja alhaalla oleva kammio. Syd\u00e4men oikea puoli vastaanottaa v\u00e4h\u00e4happista verta kehosta laskimoiksi kutsuttujen verisuonten kautta. Syd\u00e4n pumppaa t\u00e4m\u00e4n veren keuhkoihin, jossa se rikastuu hapella. Syd\u00e4men vasen puoli vastaanottaa t\u00e4m\u00e4n veren keuhkoista ja pumppaa sit\u00e4 kaikille kehon elimille valtimoiksi [&hellip;]<\/p>\n","protected":false},"author":1,"featured_media":5196,"parent":5275,"menu_order":1,"comment_status":"closed","ping_status":"closed","template":"","meta":{"_acf_changed":false,"footnotes":""},"categories":[98],"tags":[],"class_list":["post-5180","page","type-page","status-publish","has-post-thumbnail","hentry","category-sydamesi"],"acf":[],"yoast_head":"<!-- This site is optimized with the Yoast SEO plugin v24.0 - https:\/\/yoast.com\/wordpress\/plugins\/seo\/ -->\n<title>Miten syd\u00e4n toimii - Healthy-Heart.org<\/title>\n<meta name=\"description\" content=\"Lue, miten syd\u00e4n toimii, mik\u00e4 sen rooli on ja kuinka nopeaa sykett\u00e4 pidet\u00e4\u00e4n terveen\u00e4.\" \/>\n<meta name=\"robots\" content=\"index, follow, max-snippet:-1, max-image-preview:large, max-video-preview:-1\" \/>\n<link rel=\"canonical\" href=\"https:\/\/www.healthy-heart.org\/fi\/sydamesi\/miten-sydan-toimii\/\" \/>\n<meta property=\"og:locale\" content=\"fi_FI\" \/>\n<meta property=\"og:type\" content=\"article\" \/>\n<meta property=\"og:title\" content=\"Miten syd\u00e4n toimii - Healthy-Heart.org\" \/>\n<meta property=\"og:description\" content=\"Lue, miten syd\u00e4n toimii, mik\u00e4 sen rooli on ja kuinka nopeaa sykett\u00e4 pidet\u00e4\u00e4n terveen\u00e4.\" \/>\n<meta property=\"og:url\" content=\"https:\/\/www.healthy-heart.org\/fi\/sydamesi\/miten-sydan-toimii\/\" \/>\n<meta property=\"og:site_name\" content=\"Healthy-Heart.org\" \/>\n<meta property=\"article:modified_time\" content=\"2021-02-16T11:25:22+00:00\" \/>\n<meta property=\"og:image\" content=\"https:\/\/www.healthy-heart.org\/wp-content\/uploads\/2019\/08\/how-dos-the-heart-work.jpg\" \/>\n\t<meta property=\"og:image:width\" content=\"518\" \/>\n\t<meta property=\"og:image:height\" content=\"345\" \/>\n\t<meta property=\"og:image:type\" content=\"image\/jpeg\" \/>\n<meta name=\"twitter:card\" content=\"summary_large_image\" \/>\n<meta name=\"twitter:label1\" content=\"Est. reading time\" \/>\n\t<meta name=\"twitter:data1\" content=\"1 minute\" \/>\n<script type=\"application\/ld+json\" class=\"yoast-schema-graph\">{\"@context\":\"https:\/\/schema.org\",\"@graph\":[{\"@type\":\"WebPage\",\"@id\":\"https:\/\/www.healthy-heart.org\/fi\/sydamesi\/miten-sydan-toimii\/\",\"url\":\"https:\/\/www.healthy-heart.org\/fi\/sydamesi\/miten-sydan-toimii\/\",\"name\":\"Miten syd\u00e4n toimii - Healthy-Heart.org\",\"isPartOf\":{\"@id\":\"https:\/\/www.healthy-heart.org\/es\/#website\"},\"primaryImageOfPage\":{\"@id\":\"https:\/\/www.healthy-heart.org\/fi\/sydamesi\/miten-sydan-toimii\/#primaryimage\"},\"image\":{\"@id\":\"https:\/\/www.healthy-heart.org\/fi\/sydamesi\/miten-sydan-toimii\/#primaryimage\"},\"thumbnailUrl\":\"https:\/\/www.healthy-heart.org\/wp-content\/uploads\/2019\/08\/how-dos-the-heart-work.jpg\",\"datePublished\":\"2021-02-12T12:49:48+00:00\",\"dateModified\":\"2021-02-16T11:25:22+00:00\",\"description\":\"Lue, miten syd\u00e4n toimii, mik\u00e4 sen rooli on ja kuinka nopeaa sykett\u00e4 pidet\u00e4\u00e4n terveen\u00e4.\",\"breadcrumb\":{\"@id\":\"https:\/\/www.healthy-heart.org\/fi\/sydamesi\/miten-sydan-toimii\/#breadcrumb\"},\"inLanguage\":\"fi-FI\",\"potentialAction\":[{\"@type\":\"ReadAction\",\"target\":[\"https:\/\/www.healthy-heart.org\/fi\/sydamesi\/miten-sydan-toimii\/\"]}]},{\"@type\":\"ImageObject\",\"inLanguage\":\"fi-FI\",\"@id\":\"https:\/\/www.healthy-heart.org\/fi\/sydamesi\/miten-sydan-toimii\/#primaryimage\",\"url\":\"https:\/\/www.healthy-heart.org\/wp-content\/uploads\/2019\/08\/how-dos-the-heart-work.jpg\",\"contentUrl\":\"https:\/\/www.healthy-heart.org\/wp-content\/uploads\/2019\/08\/how-dos-the-heart-work.jpg\",\"width\":518,\"height\":345},{\"@type\":\"BreadcrumbList\",\"@id\":\"https:\/\/www.healthy-heart.org\/fi\/sydamesi\/miten-sydan-toimii\/#breadcrumb\",\"itemListElement\":[{\"@type\":\"ListItem\",\"position\":1,\"name\":\"Home\",\"item\":\"https:\/\/www.healthy-heart.org\/fi\/\"},{\"@type\":\"ListItem\",\"position\":2,\"name\":\"Syd\u00e4mesi\",\"item\":\"https:\/\/www.healthy-heart.org\/fi\/sydamesi\/\"},{\"@type\":\"ListItem\",\"position\":3,\"name\":\"Miten syd\u00e4n toimii?\"}]},{\"@type\":\"WebSite\",\"@id\":\"https:\/\/www.healthy-heart.org\/es\/#website\",\"url\":\"https:\/\/www.healthy-heart.org\/es\/\",\"name\":\"Healthy-Heart.org\",\"description\":\"Practical advice for patients and family care givers on the prevention of cardiovascular disease\",\"potentialAction\":[{\"@type\":\"SearchAction\",\"target\":{\"@type\":\"EntryPoint\",\"urlTemplate\":\"https:\/\/www.healthy-heart.org\/es\/?s={search_term_string}\"},\"query-input\":{\"@type\":\"PropertyValueSpecification\",\"valueRequired\":true,\"valueName\":\"search_term_string\"}}],\"inLanguage\":\"fi-FI\"}]}<\/script>\n<!-- \/ Yoast SEO plugin. -->","yoast_head_json":{"title":"Miten syd\u00e4n toimii - Healthy-Heart.org","description":"Lue, miten syd\u00e4n toimii, mik\u00e4 sen rooli on ja kuinka nopeaa sykett\u00e4 pidet\u00e4\u00e4n terveen\u00e4.","robots":{"index":"index","follow":"follow","max-snippet":"max-snippet:-1","max-image-preview":"max-image-preview:large","max-video-preview":"max-video-preview:-1"},"canonical":"https:\/\/www.healthy-heart.org\/fi\/sydamesi\/miten-sydan-toimii\/","og_locale":"fi_FI","og_type":"article","og_title":"Miten syd\u00e4n toimii - Healthy-Heart.org","og_description":"Lue, miten syd\u00e4n toimii, mik\u00e4 sen rooli on ja kuinka nopeaa sykett\u00e4 pidet\u00e4\u00e4n terveen\u00e4.","og_url":"https:\/\/www.healthy-heart.org\/fi\/sydamesi\/miten-sydan-toimii\/","og_site_name":"Healthy-Heart.org","article_modified_time":"2021-02-16T11:25:22+00:00","og_image":[{"width":518,"height":345,"url":"https:\/\/www.healthy-heart.org\/wp-content\/uploads\/2019\/08\/how-dos-the-heart-work.jpg","type":"image\/jpeg"}],"twitter_card":"summary_large_image","twitter_misc":{"Est. reading time":"1 minute"},"schema":{"@context":"https:\/\/schema.org","@graph":[{"@type":"WebPage","@id":"https:\/\/www.healthy-heart.org\/fi\/sydamesi\/miten-sydan-toimii\/","url":"https:\/\/www.healthy-heart.org\/fi\/sydamesi\/miten-sydan-toimii\/","name":"Miten syd\u00e4n toimii - Healthy-Heart.org","isPartOf":{"@id":"https:\/\/www.healthy-heart.org\/es\/#website"},"primaryImageOfPage":{"@id":"https:\/\/www.healthy-heart.org\/fi\/sydamesi\/miten-sydan-toimii\/#primaryimage"},"image":{"@id":"https:\/\/www.healthy-heart.org\/fi\/sydamesi\/miten-sydan-toimii\/#primaryimage"},"thumbnailUrl":"https:\/\/www.healthy-heart.org\/wp-content\/uploads\/2019\/08\/how-dos-the-heart-work.jpg","datePublished":"2021-02-12T12:49:48+00:00","dateModified":"2021-02-16T11:25:22+00:00","description":"Lue, miten syd\u00e4n toimii, mik\u00e4 sen rooli on ja kuinka nopeaa sykett\u00e4 pidet\u00e4\u00e4n terveen\u00e4.","breadcrumb":{"@id":"https:\/\/www.healthy-heart.org\/fi\/sydamesi\/miten-sydan-toimii\/#breadcrumb"},"inLanguage":"fi-FI","potentialAction":[{"@type":"ReadAction","target":["https:\/\/www.healthy-heart.org\/fi\/sydamesi\/miten-sydan-toimii\/"]}]},{"@type":"ImageObject","inLanguage":"fi-FI","@id":"https:\/\/www.healthy-heart.org\/fi\/sydamesi\/miten-sydan-toimii\/#primaryimage","url":"https:\/\/www.healthy-heart.org\/wp-content\/uploads\/2019\/08\/how-dos-the-heart-work.jpg","contentUrl":"https:\/\/www.healthy-heart.org\/wp-content\/uploads\/2019\/08\/how-dos-the-heart-work.jpg","width":518,"height":345},{"@type":"BreadcrumbList","@id":"https:\/\/www.healthy-heart.org\/fi\/sydamesi\/miten-sydan-toimii\/#breadcrumb","itemListElement":[{"@type":"ListItem","position":1,"name":"Home","item":"https:\/\/www.healthy-heart.org\/fi\/"},{"@type":"ListItem","position":2,"name":"Syd\u00e4mesi","item":"https:\/\/www.healthy-heart.org\/fi\/sydamesi\/"},{"@type":"ListItem","position":3,"name":"Miten syd\u00e4n toimii?"}]},{"@type":"WebSite","@id":"https:\/\/www.healthy-heart.org\/es\/#website","url":"https:\/\/www.healthy-heart.org\/es\/","name":"Healthy-Heart.org","description":"Practical advice for patients and family care givers on the prevention of cardiovascular disease","potentialAction":[{"@type":"SearchAction","target":{"@type":"EntryPoint","urlTemplate":"https:\/\/www.healthy-heart.org\/es\/?s={search_term_string}"},"query-input":{"@type":"PropertyValueSpecification","valueRequired":true,"valueName":"search_term_string"}}],"inLanguage":"fi-FI"}]}},"_links":{"self":[{"href":"https:\/\/www.healthy-heart.org\/fi\/wp-json\/wp\/v2\/pages\/5180","targetHints":{"allow":["GET"]}}],"collection":[{"href":"https:\/\/www.healthy-heart.org\/fi\/wp-json\/wp\/v2\/pages"}],"about":[{"href":"https:\/\/www.healthy-heart.org\/fi\/wp-json\/wp\/v2\/types\/page"}],"author":[{"embeddable":true,"href":"https:\/\/www.healthy-heart.org\/fi\/wp-json\/wp\/v2\/users\/1"}],"replies":[{"embeddable":true,"href":"https:\/\/www.healthy-heart.org\/fi\/wp-json\/wp\/v2\/comments?post=5180"}],"version-history":[{"count":1,"href":"https:\/\/www.healthy-heart.org\/fi\/wp-json\/wp\/v2\/pages\/5180\/revisions"}],"predecessor-version":[{"id":5554,"href":"https:\/\/www.healthy-heart.org\/fi\/wp-json\/wp\/v2\/pages\/5180\/revisions\/5554"}],"up":[{"embeddable":true,"href":"https:\/\/www.healthy-heart.org\/fi\/wp-json\/wp\/v2\/pages\/5275"}],"wp:featuredmedia":[{"embeddable":true,"href":"https:\/\/www.healthy-heart.org\/fi\/wp-json\/wp\/v2\/media\/5196"}],"wp:attachment":[{"href":"https:\/\/www.healthy-heart.org\/fi\/wp-json\/wp\/v2\/media?parent=5180"}],"wp:term":[{"taxonomy":"category","embeddable":true,"href":"https:\/\/www.healthy-heart.org\/fi\/wp-json\/wp\/v2\/categories?post=5180"},{"taxonomy":"post_tag","embeddable":true,"href":"https:\/\/www.healthy-heart.org\/fi\/wp-json\/wp\/v2\/tags?post=5180"}],"curies":[{"name":"wp","href":"https:\/\/api.w.org\/{rel}","templated":true}]}}