{"id":5170,"date":"2021-02-12T12:49:38","date_gmt":"2021-02-12T12:49:38","guid":{"rendered":"https:\/\/www.healthy-heart.org\/tietosuojakaytanto\/"},"modified":"2022-01-18T11:13:13","modified_gmt":"2022-01-18T11:13:13","slug":"tietosuojakaytanto","status":"publish","type":"page","link":"https:\/\/www.healthy-heart.org\/fi\/tietosuojakaytanto\/","title":{"rendered":"Tietosuojak\u00e4yt\u00e4nt\u00f6"},"content":{"rendered":"<p>Please read the following policy to understand how this information will be treated. This policy may change from time to time so please check back periodically.<\/p>\n<h3>What information does the ESC collect?<\/h3>\n<p>The ESC collects the following information regarding visitors to our website: what pages are accessed and when, information volunteered by you (such as poll information).<\/p>\n<h3>How does the ESC use this information?<\/h3>\n<p>We use the information collected to help us understand more about how our site is used and to make improvements to the site accordingly.<\/p>\n<p>The ESC may occasionally make anonymous information (such as poll results) available to third parties.<\/p>\n<p>What security precautions are in place to protect the loss, misuse or alteration of information?<br \/>\nUnfortunately, no data transmission over the Internet can be guaranteed to be 100% secure. The ESC cannot ensure or warrant the security of any information you transmit to us, and you do so at your own risk. Once we receive your transmission, we make our best effort to ensure its security on our systems.<\/p>\n<h3>Use of Cookies<\/h3>\n<p>Cookies are pieces of information that a website transfers to your computer&#8217;s hard disk for record keeping purposes. They are small text files that a website can use to recognise repeat users and facilitate their ongoing access to, and use of, the site. They do not pose a threat to your system or files. The use of cookies is an industry standard, and many websites use them to provide useful features. Cookies in and of themselves do not personally identify users, although they do identify a computer. Most browsers are set initially to accept cookies. You can set your computer to reject cookies.<\/p>\n<p><!-- OneTrust Cookies Settings button start --><br \/>\n<button id=\"ot-sdk-btn\" class=\"ot-sdk-show-settings\">Cookie Settings<\/button><br \/>\n<!-- OneTrust Cookies Settings button end --><\/p>\n<p><!-- OneTrust Cookies List start --><\/p>\n<div id=\"ot-sdk-cookie-policy\"><\/div>\n<p><!-- OneTrust Cookies List end --><\/p>\n","protected":false},"excerpt":{"rendered":"<p>Please read the following policy to understand how this information will be treated. This policy may change from time to time so please check back periodically. What information does the ESC collect? The ESC collects the following information regarding visitors to our website: what pages are accessed and when, information volunteered by you (such as [&hellip;]<\/p>\n","protected":false},"author":1,"featured_media":0,"parent":0,"menu_order":0,"comment_status":"closed","ping_status":"open","template":"templates\/full.php","meta":{"_acf_changed":false,"footnotes":""},"categories":[],"tags":[],"class_list":["post-5170","page","type-page","status-publish","hentry"],"acf":[],"yoast_head":"<!-- This site is optimized with the Yoast SEO plugin v24.0 - https:\/\/yoast.com\/wordpress\/plugins\/seo\/ -->\n<title>Tietosuojak\u00e4yt\u00e4nt\u00f6 - Healthy-Heart.org<\/title>\n<meta name=\"description\" content=\"Healthy-Heart ker\u00e4\u00e4 seuraavat tiedot sivustomme k\u00e4vij\u00f6ist\u00e4: mill\u00e4 sivuilla k\u00e4yd\u00e4\u00e4n ja milloin, sek\u00e4 vapaaehtoisesti antamasi tiedot (kuten kyselytiedot).\" \/>\n<meta name=\"robots\" content=\"index, follow, max-snippet:-1, max-image-preview:large, max-video-preview:-1\" \/>\n<link rel=\"canonical\" href=\"https:\/\/www.healthy-heart.org\/fi\/tietosuojakaytanto\/\" \/>\n<meta property=\"og:locale\" content=\"fi_FI\" \/>\n<meta property=\"og:type\" content=\"article\" \/>\n<meta property=\"og:title\" content=\"Tietosuojak\u00e4yt\u00e4nt\u00f6 - Healthy-Heart.org\" \/>\n<meta property=\"og:description\" content=\"Healthy-Heart ker\u00e4\u00e4 seuraavat tiedot sivustomme k\u00e4vij\u00f6ist\u00e4: mill\u00e4 sivuilla k\u00e4yd\u00e4\u00e4n ja milloin, sek\u00e4 vapaaehtoisesti antamasi tiedot (kuten kyselytiedot).\" \/>\n<meta property=\"og:url\" content=\"https:\/\/www.healthy-heart.org\/fi\/tietosuojakaytanto\/\" \/>\n<meta property=\"og:site_name\" content=\"Healthy-Heart.org\" \/>\n<meta property=\"article:modified_time\" content=\"2022-01-18T11:13:13+00:00\" \/>\n<meta name=\"twitter:card\" content=\"summary_large_image\" \/>\n<meta name=\"twitter:label1\" content=\"Est. reading time\" \/>\n\t<meta name=\"twitter:data1\" content=\"1 minute\" \/>\n<script type=\"application\/ld+json\" class=\"yoast-schema-graph\">{\"@context\":\"https:\/\/schema.org\",\"@graph\":[{\"@type\":\"WebPage\",\"@id\":\"https:\/\/www.healthy-heart.org\/fi\/tietosuojakaytanto\/\",\"url\":\"https:\/\/www.healthy-heart.org\/fi\/tietosuojakaytanto\/\",\"name\":\"Tietosuojak\u00e4yt\u00e4nt\u00f6 - Healthy-Heart.org\",\"isPartOf\":{\"@id\":\"https:\/\/www.healthy-heart.org\/es\/#website\"},\"datePublished\":\"2021-02-12T12:49:38+00:00\",\"dateModified\":\"2022-01-18T11:13:13+00:00\",\"description\":\"Healthy-Heart ker\u00e4\u00e4 seuraavat tiedot sivustomme k\u00e4vij\u00f6ist\u00e4: mill\u00e4 sivuilla k\u00e4yd\u00e4\u00e4n ja milloin, sek\u00e4 vapaaehtoisesti antamasi tiedot (kuten kyselytiedot).\",\"breadcrumb\":{\"@id\":\"https:\/\/www.healthy-heart.org\/fi\/tietosuojakaytanto\/#breadcrumb\"},\"inLanguage\":\"fi-FI\",\"potentialAction\":[{\"@type\":\"ReadAction\",\"target\":[\"https:\/\/www.healthy-heart.org\/fi\/tietosuojakaytanto\/\"]}]},{\"@type\":\"BreadcrumbList\",\"@id\":\"https:\/\/www.healthy-heart.org\/fi\/tietosuojakaytanto\/#breadcrumb\",\"itemListElement\":[{\"@type\":\"ListItem\",\"position\":1,\"name\":\"Home\",\"item\":\"https:\/\/www.healthy-heart.org\/fi\/\"},{\"@type\":\"ListItem\",\"position\":2,\"name\":\"Tietosuojak\u00e4yt\u00e4nt\u00f6\"}]},{\"@type\":\"WebSite\",\"@id\":\"https:\/\/www.healthy-heart.org\/es\/#website\",\"url\":\"https:\/\/www.healthy-heart.org\/es\/\",\"name\":\"Healthy-Heart.org\",\"description\":\"Practical advice for patients and family care givers on the prevention of cardiovascular disease\",\"potentialAction\":[{\"@type\":\"SearchAction\",\"target\":{\"@type\":\"EntryPoint\",\"urlTemplate\":\"https:\/\/www.healthy-heart.org\/es\/?s={search_term_string}\"},\"query-input\":{\"@type\":\"PropertyValueSpecification\",\"valueRequired\":true,\"valueName\":\"search_term_string\"}}],\"inLanguage\":\"fi-FI\"}]}<\/script>\n<!-- \/ Yoast SEO plugin. -->","yoast_head_json":{"title":"Tietosuojak\u00e4yt\u00e4nt\u00f6 - Healthy-Heart.org","description":"Healthy-Heart ker\u00e4\u00e4 seuraavat tiedot sivustomme k\u00e4vij\u00f6ist\u00e4: mill\u00e4 sivuilla k\u00e4yd\u00e4\u00e4n ja milloin, sek\u00e4 vapaaehtoisesti antamasi tiedot (kuten kyselytiedot).","robots":{"index":"index","follow":"follow","max-snippet":"max-snippet:-1","max-image-preview":"max-image-preview:large","max-video-preview":"max-video-preview:-1"},"canonical":"https:\/\/www.healthy-heart.org\/fi\/tietosuojakaytanto\/","og_locale":"fi_FI","og_type":"article","og_title":"Tietosuojak\u00e4yt\u00e4nt\u00f6 - Healthy-Heart.org","og_description":"Healthy-Heart ker\u00e4\u00e4 seuraavat tiedot sivustomme k\u00e4vij\u00f6ist\u00e4: mill\u00e4 sivuilla k\u00e4yd\u00e4\u00e4n ja milloin, sek\u00e4 vapaaehtoisesti antamasi tiedot (kuten kyselytiedot).","og_url":"https:\/\/www.healthy-heart.org\/fi\/tietosuojakaytanto\/","og_site_name":"Healthy-Heart.org","article_modified_time":"2022-01-18T11:13:13+00:00","twitter_card":"summary_large_image","twitter_misc":{"Est. reading time":"1 minute"},"schema":{"@context":"https:\/\/schema.org","@graph":[{"@type":"WebPage","@id":"https:\/\/www.healthy-heart.org\/fi\/tietosuojakaytanto\/","url":"https:\/\/www.healthy-heart.org\/fi\/tietosuojakaytanto\/","name":"Tietosuojak\u00e4yt\u00e4nt\u00f6 - Healthy-Heart.org","isPartOf":{"@id":"https:\/\/www.healthy-heart.org\/es\/#website"},"datePublished":"2021-02-12T12:49:38+00:00","dateModified":"2022-01-18T11:13:13+00:00","description":"Healthy-Heart ker\u00e4\u00e4 seuraavat tiedot sivustomme k\u00e4vij\u00f6ist\u00e4: mill\u00e4 sivuilla k\u00e4yd\u00e4\u00e4n ja milloin, sek\u00e4 vapaaehtoisesti antamasi tiedot (kuten kyselytiedot).","breadcrumb":{"@id":"https:\/\/www.healthy-heart.org\/fi\/tietosuojakaytanto\/#breadcrumb"},"inLanguage":"fi-FI","potentialAction":[{"@type":"ReadAction","target":["https:\/\/www.healthy-heart.org\/fi\/tietosuojakaytanto\/"]}]},{"@type":"BreadcrumbList","@id":"https:\/\/www.healthy-heart.org\/fi\/tietosuojakaytanto\/#breadcrumb","itemListElement":[{"@type":"ListItem","position":1,"name":"Home","item":"https:\/\/www.healthy-heart.org\/fi\/"},{"@type":"ListItem","position":2,"name":"Tietosuojak\u00e4yt\u00e4nt\u00f6"}]},{"@type":"WebSite","@id":"https:\/\/www.healthy-heart.org\/es\/#website","url":"https:\/\/www.healthy-heart.org\/es\/","name":"Healthy-Heart.org","description":"Practical advice for patients and family care givers on the prevention of cardiovascular disease","potentialAction":[{"@type":"SearchAction","target":{"@type":"EntryPoint","urlTemplate":"https:\/\/www.healthy-heart.org\/es\/?s={search_term_string}"},"query-input":{"@type":"PropertyValueSpecification","valueRequired":true,"valueName":"search_term_string"}}],"inLanguage":"fi-FI"}]}},"_links":{"self":[{"href":"https:\/\/www.healthy-heart.org\/fi\/wp-json\/wp\/v2\/pages\/5170","targetHints":{"allow":["GET"]}}],"collection":[{"href":"https:\/\/www.healthy-heart.org\/fi\/wp-json\/wp\/v2\/pages"}],"about":[{"href":"https:\/\/www.healthy-heart.org\/fi\/wp-json\/wp\/v2\/types\/page"}],"author":[{"embeddable":true,"href":"https:\/\/www.healthy-heart.org\/fi\/wp-json\/wp\/v2\/users\/1"}],"replies":[{"embeddable":true,"href":"https:\/\/www.healthy-heart.org\/fi\/wp-json\/wp\/v2\/comments?post=5170"}],"version-history":[{"count":2,"href":"https:\/\/www.healthy-heart.org\/fi\/wp-json\/wp\/v2\/pages\/5170\/revisions"}],"predecessor-version":[{"id":5914,"href":"https:\/\/www.healthy-heart.org\/fi\/wp-json\/wp\/v2\/pages\/5170\/revisions\/5914"}],"wp:attachment":[{"href":"https:\/\/www.healthy-heart.org\/fi\/wp-json\/wp\/v2\/media?parent=5170"}],"wp:term":[{"taxonomy":"category","embeddable":true,"href":"https:\/\/www.healthy-heart.org\/fi\/wp-json\/wp\/v2\/categories?post=5170"},{"taxonomy":"post_tag","embeddable":true,"href":"https:\/\/www.healthy-heart.org\/fi\/wp-json\/wp\/v2\/tags?post=5170"}],"curies":[{"name":"wp","href":"https:\/\/api.w.org\/{rel}","templated":true}]}}