{"id":5149,"date":"2021-02-12T12:42:51","date_gmt":"2021-02-12T12:42:51","guid":{"rendered":"https:\/\/www.healthy-heart.org\/laaketyypit\/"},"modified":"2024-12-10T12:36:35","modified_gmt":"2024-12-10T12:36:35","slug":"laaketyypit","status":"publish","type":"page","link":"https:\/\/www.healthy-heart.org\/fi\/elama-sydansairauden-kanssa\/laaketyypit\/","title":{"rendered":"L\u00e4\u00e4ketyypit"},"content":{"rendered":"<h3><strong>Verenohennusl\u00e4\u00e4kkeet<\/strong><\/h3>\n<p>Syd\u00e4nkohtauksen j\u00e4lkeen on t\u00e4rke\u00e4\u00e4 ottaa verihiutaleiden toimintaa est\u00e4vi\u00e4 l\u00e4\u00e4kkeit\u00e4. T\u00e4llaiset l\u00e4\u00e4kkeet est\u00e4v\u00e4t uusien hyytymien muodostumista sepelvaltimoissa tai stentiss\u00e4 (putki, joka asetetaan tukkeutuneeseen valtimoon verenkierron palauttamiseksi). Yleens\u00e4 m\u00e4\u00e4r\u00e4t\u00e4\u00e4n aspiriinia pienin\u00e4 annoksina (75\u2013100 mg p\u00e4iv\u00e4ss\u00e4) loppuel\u00e4m\u00e4n ajaksi sek\u00e4 P2Y12-est\u00e4j\u00e4\u00e4 (tikagreloria, prasugreelia tai klopidogreelia) useaksi kuukaudeksi. Koska verihiutaleiden toimintaa est\u00e4vien l\u00e4\u00e4kkeiden p\u00e4\u00e4asiallinen teht\u00e4v\u00e4 on est\u00e4\u00e4 hyytymien muodostuminen, ne lis\u00e4\u00e4v\u00e4t verenvuotoriski\u00e4, mutta niiden hy\u00f6dyt ovat kuitenkin selv\u00e4sti riskej\u00e4 suuremmat. On eritt\u00e4in t\u00e4rke\u00e4\u00e4, ett\u00e4 et lopeta n\u00e4iden l\u00e4\u00e4kkeiden ottamista edes yhten\u00e4 p\u00e4iv\u00e4n\u00e4, ellei syd\u00e4nl\u00e4\u00e4k\u00e4risi n\u00e4in ohjeista. Jos sinulla on my\u00f6s eteisv\u00e4rin\u00e4\u00e4, kardiologi voi m\u00e4\u00e4r\u00e4t\u00e4 verihiutaleiden toimintaa est\u00e4vien l\u00e4\u00e4kkeiden sijaan toista verenohennusl\u00e4\u00e4kett\u00e4 (oraalista antikoagulanttia).<\/p>\n<h3><strong>Protonipumpun est\u00e4j\u00e4t<\/strong><\/h3>\n<p>Jos sinulla on suuri ruoansulatuskanavan verenvuodon riski, kardiologi tai l\u00e4\u00e4k\u00e4ri voi m\u00e4\u00e4r\u00e4t\u00e4 sinulle protonipumpun est\u00e4j\u00e4\u00e4 vatsan suojaamiseksi, kun otat kahta verenohennusl\u00e4\u00e4kett\u00e4.<\/p>\n<h3><strong>Kolesterolia alentavat l\u00e4\u00e4kkeet<\/strong><\/h3>\n<p>Jotta valtimoiden ateroskleroosin eteneminen hidastuisi, kolesterolitasoa on laskettava v\u00e4hint\u00e4\u00e4n 50 % siten, ett\u00e4 LDI-kolesterolin tavoitetaso on alle 55 mg\/dl (&lt;1,4 mmol\/l). Statiinit ovat t\u00e4ss\u00e4 ensisijaisia l\u00e4\u00e4kkeit\u00e4. Statiinit v\u00e4hent\u00e4v\u00e4t kolesterolin tuotantoa maksassa, kutistavat valtimoissa olevaa plakkia ja pienent\u00e4v\u00e4t toisen syd\u00e4nkohtauksen riski\u00e4. Niiden mahdollisia haittavaikutuksia ovat lihaskipu ja kohonneet maksaentsyymiarvot veress\u00e4, mutta t\u00e4llaiset vaikutukset ovat yleens\u00e4 v\u00e4h\u00e4isi\u00e4 ja hyvin hallittuja. Vaikka uutisissa on kerrottu statiinihoitoihin liittyvi\u00e4 negatiivisia tarinoita, statiinihoidon keskeytt\u00e4minen itse asiassa lis\u00e4\u00e4 uuden syd\u00e4nkohtauksen riski\u00e4 huomattavasti. Joissakin tapauksissa kardiologi voi yhdist\u00e4\u00e4 statiinihoitoon etsetimibi\u00e4, joka est\u00e4\u00e4 kolesterolin imeytymist\u00e4 suolistossa ja saa kolesterolitason laskemaan entisest\u00e4\u00e4n. Jos kolesterolitasosi on eritt\u00e4in korkea, tai jos et sied\u00e4 statiinia, kardiologi voi yhdist\u00e4\u00e4 hoitoon bempedoiinihappoa, joka on uusi maksan kolesterolituotantoa v\u00e4hent\u00e4v\u00e4 l\u00e4\u00e4ke, tai pistoksina annettavaa PCSK9-proteiinin est\u00e4j\u00e4\u00e4 tai inklisiraania, jotka lis\u00e4\u00e4v\u00e4t LDL-kolesterolin hajoamista maksassa.<\/p>\n<h3><strong>Beetasalpaajat<\/strong><\/h3>\n<p>Beetasalpaajat suojaavat syd\u00e4nt\u00e4 adrenaliinin haitallisilta vaikutuksilta. Ne hidastavat <a href=\"https:\/\/www.healthy-heart.org\/keep-your-heart-healthy\/blood-pressure\/\">syd\u00e4men sykett\u00e4<\/a>, laskevat verenpainetta ja v\u00e4hent\u00e4v\u00e4t hapenkulutusta. Jos syd\u00e4mesi kyky pumpata verta on heikentynyt, ne auttavat v\u00e4ltt\u00e4m\u00e4\u00e4n sen heikkenemist\u00e4 entisest\u00e4\u00e4n. Jos syke laskee liikaa, saatat tuntea huimausta. Muita yleisi\u00e4 haittavaikutuksia ovat p\u00e4\u00e4ns\u00e4rky, kylm\u00e4t k\u00e4det ja jalat, v\u00e4symys ja univaikeudet. Eri beetasalpaajilla on erilaisia sivuvaikutuksia, joten kysy kardiologiltasi, mik\u00e4 sopii sinulle parhaiten.<\/p>\n<h3><strong>ACE-est\u00e4j\u00e4t ja angiotensiinireseptorin salpaajat (ARB)<\/strong><\/h3>\n<p>Angiotensiinikonvertaasientsyymin (ACE) est\u00e4j\u00e4t v\u00e4hent\u00e4v\u00e4t verisuonia kaventavan angiotensiini II -entsyymin tuotantoa, kun taas angiotensiinireseptorin salpaajat (ARB:t) est\u00e4v\u00e4t sen toimintaa. N\u00e4m\u00e4 vaikutukset auttavat verisuonia laajenemaan ja rentoutumaan, mik\u00e4 parantaa verenkiertoa ja laskee verenpainetta. Lis\u00e4ksi n\u00e4m\u00e4 l\u00e4\u00e4kkeet parantavat syd\u00e4men kyky\u00e4 pumpata verta, jos t\u00e4m\u00e4 on alentunut syd\u00e4nkohtauksen seurauksena. ACE-est\u00e4jien yleisin sivuvaikutus on kuiva ysk\u00e4, joka voi johtaa niiden vaihtamiseen ARB:hen. Jos verenpaineesi on jo normaalilla tasolla, tarvitset mukautetun annoksen ACE-est\u00e4j\u00e4\u00e4 tai ARB:t\u00e4.<\/p>\n<h3><strong>Mineralokortikoidireseptorin salpaajat<\/strong><\/h3>\n<p>Mineralokortikoidireseptorin salpaajia (MRA), joita ovat esimerkiksi spironolaktoni ja eplerenoni, voidaan k\u00e4ytt\u00e4\u00e4 yhdess\u00e4 beetasalpaajien ja ACE-est\u00e4jien kanssa, jos syd\u00e4men kyky pumpata verta on heikentynyt syd\u00e4nkohtauksen seurauksena. MRA:t ovat heikkoja diureetteja, ja ne auttavat elimist\u00f6\u00e4 poistamaan ylim\u00e4\u00e4r\u00e4ist\u00e4 nestett\u00e4. Ne my\u00f6s alentavat verenpainetta. Spironolaktonin mahdollisia haittavaikutuksia ovat seerumin kaliumpitoisuuden nousu ja gynekomastia (miesten rintojen koon suureneminen). J\u00e4lkimm\u00e4isen vaikutuksen ilmaantuessa tulisi vaihtaa eplerenoniin, joka ei aiheuta t\u00e4t\u00e4 sivuvaikutusta.<\/p>\n<p>Muita l\u00e4\u00e4kkeit\u00e4 voidaan m\u00e4\u00e4r\u00e4t\u00e4 riippuen muista syd\u00e4meesi vaikuttavista terveysongelmista, kuten <a href=\"https:\/\/www.healthy-heart.org\/keep-your-heart-healthy\/diabetes\/\">diabeteksesta<\/a>, munuaissairaudesta tai ylipainosta.<\/p>\n<p>&nbsp;<\/p>\n","protected":false},"excerpt":{"rendered":"<p>Verenohennusl\u00e4\u00e4kkeet Syd\u00e4nkohtauksen j\u00e4lkeen on t\u00e4rke\u00e4\u00e4 ottaa verihiutaleiden toimintaa est\u00e4vi\u00e4 l\u00e4\u00e4kkeit\u00e4. T\u00e4llaiset l\u00e4\u00e4kkeet est\u00e4v\u00e4t uusien hyytymien muodostumista sepelvaltimoissa tai stentiss\u00e4 (putki, joka asetetaan tukkeutuneeseen valtimoon verenkierron palauttamiseksi). Yleens\u00e4 m\u00e4\u00e4r\u00e4t\u00e4\u00e4n aspiriinia pienin\u00e4 annoksina (75\u2013100 mg p\u00e4iv\u00e4ss\u00e4) loppuel\u00e4m\u00e4n ajaksi sek\u00e4 P2Y12-est\u00e4j\u00e4\u00e4 (tikagreloria, prasugreelia tai klopidogreelia) useaksi kuukaudeksi. Koska verihiutaleiden toimintaa est\u00e4vien l\u00e4\u00e4kkeiden p\u00e4\u00e4asiallinen teht\u00e4v\u00e4 on est\u00e4\u00e4 hyytymien muodostuminen, [&hellip;]<\/p>\n","protected":false},"author":1,"featured_media":5150,"parent":5327,"menu_order":2,"comment_status":"closed","ping_status":"closed","template":"","meta":{"_acf_changed":false,"footnotes":""},"categories":[95],"tags":[],"class_list":["post-5149","page","type-page","status-publish","has-post-thumbnail","hentry","category-elama-sydansairauden-kanssa"],"acf":[],"yoast_head":"<!-- This site is optimized with the Yoast SEO plugin v24.0 - https:\/\/yoast.com\/wordpress\/plugins\/seo\/ -->\n<title>L\u00e4\u00e4ketyypit - Healthy-Heart.org<\/title>\n<meta name=\"description\" content=\"Lue lis\u00e4\u00e4 l\u00e4\u00e4ketyypeist\u00e4 ja niiden sivuvaikutuksista potilailla, joilla on syd\u00e4n- ja verisuonitauti.\" \/>\n<meta name=\"robots\" content=\"index, follow, max-snippet:-1, max-image-preview:large, max-video-preview:-1\" \/>\n<link rel=\"canonical\" href=\"https:\/\/www.healthy-heart.org\/fi\/elama-sydansairauden-kanssa\/laaketyypit\/\" \/>\n<meta property=\"og:locale\" content=\"fi_FI\" \/>\n<meta property=\"og:type\" content=\"article\" \/>\n<meta property=\"og:title\" content=\"L\u00e4\u00e4ketyypit - Healthy-Heart.org\" \/>\n<meta property=\"og:description\" content=\"Lue lis\u00e4\u00e4 l\u00e4\u00e4ketyypeist\u00e4 ja niiden sivuvaikutuksista potilailla, joilla on syd\u00e4n- ja verisuonitauti.\" \/>\n<meta property=\"og:url\" content=\"https:\/\/www.healthy-heart.org\/fi\/elama-sydansairauden-kanssa\/laaketyypit\/\" \/>\n<meta property=\"og:site_name\" content=\"Healthy-Heart.org\" \/>\n<meta property=\"article:modified_time\" content=\"2024-12-10T12:36:35+00:00\" \/>\n<meta property=\"og:image\" content=\"https:\/\/www.healthy-heart.org\/wp-content\/uploads\/2019\/08\/Important-drugs-and-their-side-effects-iStock-1031014554-scaled.jpg\" \/>\n\t<meta property=\"og:image:width\" content=\"2560\" \/>\n\t<meta property=\"og:image:height\" content=\"1707\" \/>\n\t<meta property=\"og:image:type\" content=\"image\/jpeg\" \/>\n<meta name=\"twitter:card\" content=\"summary_large_image\" \/>\n<meta name=\"twitter:label1\" content=\"Est. reading time\" \/>\n\t<meta name=\"twitter:data1\" content=\"3 minutes\" \/>\n<script type=\"application\/ld+json\" class=\"yoast-schema-graph\">{\"@context\":\"https:\/\/schema.org\",\"@graph\":[{\"@type\":\"WebPage\",\"@id\":\"https:\/\/www.healthy-heart.org\/fi\/elama-sydansairauden-kanssa\/laaketyypit\/\",\"url\":\"https:\/\/www.healthy-heart.org\/fi\/elama-sydansairauden-kanssa\/laaketyypit\/\",\"name\":\"L\u00e4\u00e4ketyypit - Healthy-Heart.org\",\"isPartOf\":{\"@id\":\"https:\/\/www.healthy-heart.org\/es\/#website\"},\"primaryImageOfPage\":{\"@id\":\"https:\/\/www.healthy-heart.org\/fi\/elama-sydansairauden-kanssa\/laaketyypit\/#primaryimage\"},\"image\":{\"@id\":\"https:\/\/www.healthy-heart.org\/fi\/elama-sydansairauden-kanssa\/laaketyypit\/#primaryimage\"},\"thumbnailUrl\":\"https:\/\/www.healthy-heart.org\/wp-content\/uploads\/2019\/08\/Important-drugs-and-their-side-effects-iStock-1031014554-scaled.jpg\",\"datePublished\":\"2021-02-12T12:42:51+00:00\",\"dateModified\":\"2024-12-10T12:36:35+00:00\",\"description\":\"Lue lis\u00e4\u00e4 l\u00e4\u00e4ketyypeist\u00e4 ja niiden sivuvaikutuksista potilailla, joilla on syd\u00e4n- ja verisuonitauti.\",\"breadcrumb\":{\"@id\":\"https:\/\/www.healthy-heart.org\/fi\/elama-sydansairauden-kanssa\/laaketyypit\/#breadcrumb\"},\"inLanguage\":\"fi-FI\",\"potentialAction\":[{\"@type\":\"ReadAction\",\"target\":[\"https:\/\/www.healthy-heart.org\/fi\/elama-sydansairauden-kanssa\/laaketyypit\/\"]}]},{\"@type\":\"ImageObject\",\"inLanguage\":\"fi-FI\",\"@id\":\"https:\/\/www.healthy-heart.org\/fi\/elama-sydansairauden-kanssa\/laaketyypit\/#primaryimage\",\"url\":\"https:\/\/www.healthy-heart.org\/wp-content\/uploads\/2019\/08\/Important-drugs-and-their-side-effects-iStock-1031014554-scaled.jpg\",\"contentUrl\":\"https:\/\/www.healthy-heart.org\/wp-content\/uploads\/2019\/08\/Important-drugs-and-their-side-effects-iStock-1031014554-scaled.jpg\",\"width\":2560,\"height\":1707,\"caption\":\"Heart health treatment\"},{\"@type\":\"BreadcrumbList\",\"@id\":\"https:\/\/www.healthy-heart.org\/fi\/elama-sydansairauden-kanssa\/laaketyypit\/#breadcrumb\",\"itemListElement\":[{\"@type\":\"ListItem\",\"position\":1,\"name\":\"Home\",\"item\":\"https:\/\/www.healthy-heart.org\/fi\/\"},{\"@type\":\"ListItem\",\"position\":2,\"name\":\"El\u00e4m\u00e4 syd\u00e4nsairauden kanssa\",\"item\":\"https:\/\/www.healthy-heart.org\/fi\/elama-sydansairauden-kanssa\/\"},{\"@type\":\"ListItem\",\"position\":3,\"name\":\"L\u00e4\u00e4ketyypit\"}]},{\"@type\":\"WebSite\",\"@id\":\"https:\/\/www.healthy-heart.org\/es\/#website\",\"url\":\"https:\/\/www.healthy-heart.org\/es\/\",\"name\":\"Healthy-Heart.org\",\"description\":\"Practical advice for patients and family care givers on the prevention of cardiovascular disease\",\"potentialAction\":[{\"@type\":\"SearchAction\",\"target\":{\"@type\":\"EntryPoint\",\"urlTemplate\":\"https:\/\/www.healthy-heart.org\/es\/?s={search_term_string}\"},\"query-input\":{\"@type\":\"PropertyValueSpecification\",\"valueRequired\":true,\"valueName\":\"search_term_string\"}}],\"inLanguage\":\"fi-FI\"}]}<\/script>\n<!-- \/ Yoast SEO plugin. -->","yoast_head_json":{"title":"L\u00e4\u00e4ketyypit - Healthy-Heart.org","description":"Lue lis\u00e4\u00e4 l\u00e4\u00e4ketyypeist\u00e4 ja niiden sivuvaikutuksista potilailla, joilla on syd\u00e4n- ja verisuonitauti.","robots":{"index":"index","follow":"follow","max-snippet":"max-snippet:-1","max-image-preview":"max-image-preview:large","max-video-preview":"max-video-preview:-1"},"canonical":"https:\/\/www.healthy-heart.org\/fi\/elama-sydansairauden-kanssa\/laaketyypit\/","og_locale":"fi_FI","og_type":"article","og_title":"L\u00e4\u00e4ketyypit - Healthy-Heart.org","og_description":"Lue lis\u00e4\u00e4 l\u00e4\u00e4ketyypeist\u00e4 ja niiden sivuvaikutuksista potilailla, joilla on syd\u00e4n- ja verisuonitauti.","og_url":"https:\/\/www.healthy-heart.org\/fi\/elama-sydansairauden-kanssa\/laaketyypit\/","og_site_name":"Healthy-Heart.org","article_modified_time":"2024-12-10T12:36:35+00:00","og_image":[{"width":2560,"height":1707,"url":"https:\/\/www.healthy-heart.org\/wp-content\/uploads\/2019\/08\/Important-drugs-and-their-side-effects-iStock-1031014554-scaled.jpg","type":"image\/jpeg"}],"twitter_card":"summary_large_image","twitter_misc":{"Est. reading time":"3 minutes"},"schema":{"@context":"https:\/\/schema.org","@graph":[{"@type":"WebPage","@id":"https:\/\/www.healthy-heart.org\/fi\/elama-sydansairauden-kanssa\/laaketyypit\/","url":"https:\/\/www.healthy-heart.org\/fi\/elama-sydansairauden-kanssa\/laaketyypit\/","name":"L\u00e4\u00e4ketyypit - Healthy-Heart.org","isPartOf":{"@id":"https:\/\/www.healthy-heart.org\/es\/#website"},"primaryImageOfPage":{"@id":"https:\/\/www.healthy-heart.org\/fi\/elama-sydansairauden-kanssa\/laaketyypit\/#primaryimage"},"image":{"@id":"https:\/\/www.healthy-heart.org\/fi\/elama-sydansairauden-kanssa\/laaketyypit\/#primaryimage"},"thumbnailUrl":"https:\/\/www.healthy-heart.org\/wp-content\/uploads\/2019\/08\/Important-drugs-and-their-side-effects-iStock-1031014554-scaled.jpg","datePublished":"2021-02-12T12:42:51+00:00","dateModified":"2024-12-10T12:36:35+00:00","description":"Lue lis\u00e4\u00e4 l\u00e4\u00e4ketyypeist\u00e4 ja niiden sivuvaikutuksista potilailla, joilla on syd\u00e4n- ja verisuonitauti.","breadcrumb":{"@id":"https:\/\/www.healthy-heart.org\/fi\/elama-sydansairauden-kanssa\/laaketyypit\/#breadcrumb"},"inLanguage":"fi-FI","potentialAction":[{"@type":"ReadAction","target":["https:\/\/www.healthy-heart.org\/fi\/elama-sydansairauden-kanssa\/laaketyypit\/"]}]},{"@type":"ImageObject","inLanguage":"fi-FI","@id":"https:\/\/www.healthy-heart.org\/fi\/elama-sydansairauden-kanssa\/laaketyypit\/#primaryimage","url":"https:\/\/www.healthy-heart.org\/wp-content\/uploads\/2019\/08\/Important-drugs-and-their-side-effects-iStock-1031014554-scaled.jpg","contentUrl":"https:\/\/www.healthy-heart.org\/wp-content\/uploads\/2019\/08\/Important-drugs-and-their-side-effects-iStock-1031014554-scaled.jpg","width":2560,"height":1707,"caption":"Heart health treatment"},{"@type":"BreadcrumbList","@id":"https:\/\/www.healthy-heart.org\/fi\/elama-sydansairauden-kanssa\/laaketyypit\/#breadcrumb","itemListElement":[{"@type":"ListItem","position":1,"name":"Home","item":"https:\/\/www.healthy-heart.org\/fi\/"},{"@type":"ListItem","position":2,"name":"El\u00e4m\u00e4 syd\u00e4nsairauden kanssa","item":"https:\/\/www.healthy-heart.org\/fi\/elama-sydansairauden-kanssa\/"},{"@type":"ListItem","position":3,"name":"L\u00e4\u00e4ketyypit"}]},{"@type":"WebSite","@id":"https:\/\/www.healthy-heart.org\/es\/#website","url":"https:\/\/www.healthy-heart.org\/es\/","name":"Healthy-Heart.org","description":"Practical advice for patients and family care givers on the prevention of cardiovascular disease","potentialAction":[{"@type":"SearchAction","target":{"@type":"EntryPoint","urlTemplate":"https:\/\/www.healthy-heart.org\/es\/?s={search_term_string}"},"query-input":{"@type":"PropertyValueSpecification","valueRequired":true,"valueName":"search_term_string"}}],"inLanguage":"fi-FI"}]}},"_links":{"self":[{"href":"https:\/\/www.healthy-heart.org\/fi\/wp-json\/wp\/v2\/pages\/5149","targetHints":{"allow":["GET"]}}],"collection":[{"href":"https:\/\/www.healthy-heart.org\/fi\/wp-json\/wp\/v2\/pages"}],"about":[{"href":"https:\/\/www.healthy-heart.org\/fi\/wp-json\/wp\/v2\/types\/page"}],"author":[{"embeddable":true,"href":"https:\/\/www.healthy-heart.org\/fi\/wp-json\/wp\/v2\/users\/1"}],"replies":[{"embeddable":true,"href":"https:\/\/www.healthy-heart.org\/fi\/wp-json\/wp\/v2\/comments?post=5149"}],"version-history":[{"count":3,"href":"https:\/\/www.healthy-heart.org\/fi\/wp-json\/wp\/v2\/pages\/5149\/revisions"}],"predecessor-version":[{"id":7501,"href":"https:\/\/www.healthy-heart.org\/fi\/wp-json\/wp\/v2\/pages\/5149\/revisions\/7501"}],"up":[{"embeddable":true,"href":"https:\/\/www.healthy-heart.org\/fi\/wp-json\/wp\/v2\/pages\/5327"}],"wp:featuredmedia":[{"embeddable":true,"href":"https:\/\/www.healthy-heart.org\/fi\/wp-json\/wp\/v2\/media\/5150"}],"wp:attachment":[{"href":"https:\/\/www.healthy-heart.org\/fi\/wp-json\/wp\/v2\/media?parent=5149"}],"wp:term":[{"taxonomy":"category","embeddable":true,"href":"https:\/\/www.healthy-heart.org\/fi\/wp-json\/wp\/v2\/categories?post=5149"},{"taxonomy":"post_tag","embeddable":true,"href":"https:\/\/www.healthy-heart.org\/fi\/wp-json\/wp\/v2\/tags?post=5149"}],"curies":[{"name":"wp","href":"https:\/\/api.w.org\/{rel}","templated":true}]}}