{"id":5141,"date":"2021-02-12T12:42:47","date_gmt":"2021-02-12T12:42:47","guid":{"rendered":"https:\/\/www.healthy-heart.org\/matkustaminen-sydankohtauksen-jalkeen\/"},"modified":"2024-12-10T12:36:33","modified_gmt":"2024-12-10T12:36:33","slug":"matkustaminen-sydankohtauksen-jalkeen","status":"publish","type":"page","link":"https:\/\/www.healthy-heart.org\/fi\/elama-sydansairauden-kanssa\/matkustaminen-sydankohtauksen-jalkeen\/","title":{"rendered":"Matkustaminen syd\u00e4nkohtauksen j\u00e4lkeen"},"content":{"rendered":"<p><img loading=\"lazy\" decoding=\"async\" class=\"size-medium wp-image-3193 alignright\" src=\"https:\/\/cdn-endpoint-prev.azureedge.net\/healthy-heart\/2019\/10\/Travel-1-350x227.jpg\" alt=\"\" width=\"350\" height=\"227\" srcset=\"https:\/\/cdn-endpoint-prev.azureedge.net\/healthy-heart\/2019\/10\/Travel-1-350x227.jpg 350w, https:\/\/cdn-endpoint-prev.azureedge.net\/healthy-heart\/2019\/10\/Travel-1-1024x665.jpg 1024w, https:\/\/cdn-endpoint-prev.azureedge.net\/healthy-heart\/2019\/10\/Travel-1-676x439.jpg 676w, https:\/\/www.healthy-heart.org\/wp-content\/uploads\/2019\/10\/Travel-1-200x130.jpg 200w, https:\/\/www.healthy-heart.org\/wp-content\/uploads\/2019\/10\/Travel-1-768x499.jpg 768w, https:\/\/www.healthy-heart.org\/wp-content\/uploads\/2019\/10\/Travel-1-1536x998.jpg 1536w, https:\/\/www.healthy-heart.org\/wp-content\/uploads\/2019\/10\/Travel-1-2048x1331.jpg 2048w, https:\/\/www.healthy-heart.org\/wp-content\/uploads\/2019\/10\/Travel-1-700x455.jpg 700w\" sizes=\"auto, (max-width: 350px) 100vw, 350px\" \/><\/p>\n<p>Voit matkustaa autossa tai junassa jo pian sairaalasta kotiutumisen j\u00e4lkeen. Kun kuljet autolla, \u00e4l\u00e4 aja itse ja muista pit\u00e4\u00e4 s\u00e4\u00e4nn\u00f6llisi\u00e4 taukoja pitkill\u00e4 matkoilla. Koska lain vaatimukset vaihtelevat maasta toiseen, tarkasta ajamista ja terveydentilaa koskevat paikalliset lait ennen ulkomaille matkustamista.<\/p>\n<p>Lent\u00e4miseen riitt\u00e4v\u00e4 kunto vaihtelee yksil\u00f6llisesti. Kun haluat tiet\u00e4\u00e4, onko lent\u00e4en matkustaminen turvallista, keskustele asiasta l\u00e4\u00e4k\u00e4rin kanssa. P\u00e4\u00e4t\u00f6s riippuu erin\u00e4isist\u00e4 tekij\u00f6ist\u00e4, kuten syd\u00e4nkohtauksen vakavuudesta, lennon kestosta ja siit\u00e4, matkustatko yksin vai seurassa. Yleisesti ottaen lent\u00e4misen aiheuttamat komplisoitumattoman syd\u00e4nkohtauksen j\u00e4lkeiset riskit ovat v\u00e4h\u00e4isi\u00e4, ja monet potilaat voivat lent\u00e4\u00e4 jo kolmen p\u00e4iv\u00e4n kuluttua kotiutumisesta. Jos syd\u00e4nkohtaukseen on liittynyt komplikaatioita, on suositeltavaa olla lent\u00e4m\u00e4tt\u00e4, kunnes tila on vakaa. Jos matkustaminen on v\u00e4ltt\u00e4m\u00e4t\u00f6nt\u00e4 kahden viikon kuluessa syd\u00e4nkohtauksesta, l\u00e4\u00e4k\u00e4ri voi ehdottaa saattajan kanssa matkustamista, koska lentokoneen matkustamon matalaan happipitoisuuteen liittyy riskej\u00e4. Lis\u00e4ksi on t\u00e4rke\u00e4\u00e4 olla yhteydess\u00e4 sek\u00e4 vakuutusyhti\u00f6\u00f6n ett\u00e4 lentoyhti\u00f6\u00f6n ennen matkaa, koska kroonisista sairauksista k\u00e4rsivien lentomatkailua koskevat k\u00e4yt\u00e4nn\u00f6t vaihtelevat huomattavasti.<\/p>\n","protected":false},"excerpt":{"rendered":"<p>Voit matkustaa autossa tai junassa jo pian sairaalasta kotiutumisen j\u00e4lkeen. Kun kuljet autolla, \u00e4l\u00e4 aja itse ja muista pit\u00e4\u00e4 s\u00e4\u00e4nn\u00f6llisi\u00e4 taukoja pitkill\u00e4 matkoilla. Koska lain vaatimukset vaihtelevat maasta toiseen, tarkasta ajamista ja terveydentilaa koskevat paikalliset lait ennen ulkomaille matkustamista. Lent\u00e4miseen riitt\u00e4v\u00e4 kunto vaihtelee yksil\u00f6llisesti. Kun haluat tiet\u00e4\u00e4, onko lent\u00e4en matkustaminen turvallista, keskustele asiasta l\u00e4\u00e4k\u00e4rin kanssa. [&hellip;]<\/p>\n","protected":false},"author":1,"featured_media":5144,"parent":5327,"menu_order":7,"comment_status":"closed","ping_status":"closed","template":"","meta":{"_acf_changed":false,"footnotes":""},"categories":[95],"tags":[],"class_list":["post-5141","page","type-page","status-publish","has-post-thumbnail","hentry","category-elama-sydansairauden-kanssa"],"acf":[],"yoast_head":"<!-- This site is optimized with the Yoast SEO plugin v24.0 - https:\/\/yoast.com\/wordpress\/plugins\/seo\/ -->\n<title>Matkustaminen syd\u00e4nkohtauksen j\u00e4lkeen - Healthy-Heart.org<\/title>\n<meta name=\"description\" content=\"Syd\u00e4nkohtauksen j\u00e4lkeen voit matkustaa autolla tai junalla heti kotiutuksen j\u00e4lkeen, jos olet matkustaja etk\u00e4 rasita itse\u00e4si liikaa.\" \/>\n<meta name=\"robots\" content=\"index, follow, max-snippet:-1, max-image-preview:large, max-video-preview:-1\" \/>\n<link rel=\"canonical\" href=\"https:\/\/www.healthy-heart.org\/fi\/elama-sydansairauden-kanssa\/matkustaminen-sydankohtauksen-jalkeen\/\" \/>\n<meta property=\"og:locale\" content=\"fi_FI\" \/>\n<meta property=\"og:type\" content=\"article\" \/>\n<meta property=\"og:title\" content=\"Matkustaminen syd\u00e4nkohtauksen j\u00e4lkeen - Healthy-Heart.org\" \/>\n<meta property=\"og:description\" content=\"Syd\u00e4nkohtauksen j\u00e4lkeen voit matkustaa autolla tai junalla heti kotiutuksen j\u00e4lkeen, jos olet matkustaja etk\u00e4 rasita itse\u00e4si liikaa.\" \/>\n<meta property=\"og:url\" content=\"https:\/\/www.healthy-heart.org\/fi\/elama-sydansairauden-kanssa\/matkustaminen-sydankohtauksen-jalkeen\/\" \/>\n<meta property=\"og:site_name\" content=\"Healthy-Heart.org\" \/>\n<meta property=\"article:modified_time\" content=\"2024-12-10T12:36:33+00:00\" \/>\n<meta property=\"og:image\" content=\"https:\/\/www.healthy-heart.org\/wp-content\/uploads\/2019\/07\/iStock-897748630-e1565873299719-scaled.jpg\" \/>\n\t<meta property=\"og:image:width\" content=\"2560\" \/>\n\t<meta property=\"og:image:height\" content=\"1664\" \/>\n\t<meta property=\"og:image:type\" content=\"image\/jpeg\" \/>\n<meta name=\"twitter:card\" content=\"summary_large_image\" \/>\n<meta name=\"twitter:label1\" content=\"Est. reading time\" \/>\n\t<meta name=\"twitter:data1\" content=\"1 minute\" \/>\n<script type=\"application\/ld+json\" class=\"yoast-schema-graph\">{\"@context\":\"https:\/\/schema.org\",\"@graph\":[{\"@type\":\"WebPage\",\"@id\":\"https:\/\/www.healthy-heart.org\/fi\/elama-sydansairauden-kanssa\/matkustaminen-sydankohtauksen-jalkeen\/\",\"url\":\"https:\/\/www.healthy-heart.org\/fi\/elama-sydansairauden-kanssa\/matkustaminen-sydankohtauksen-jalkeen\/\",\"name\":\"Matkustaminen syd\u00e4nkohtauksen j\u00e4lkeen - Healthy-Heart.org\",\"isPartOf\":{\"@id\":\"https:\/\/www.healthy-heart.org\/es\/#website\"},\"primaryImageOfPage\":{\"@id\":\"https:\/\/www.healthy-heart.org\/fi\/elama-sydansairauden-kanssa\/matkustaminen-sydankohtauksen-jalkeen\/#primaryimage\"},\"image\":{\"@id\":\"https:\/\/www.healthy-heart.org\/fi\/elama-sydansairauden-kanssa\/matkustaminen-sydankohtauksen-jalkeen\/#primaryimage\"},\"thumbnailUrl\":\"https:\/\/www.healthy-heart.org\/wp-content\/uploads\/2019\/07\/iStock-897748630-e1565873299719-scaled.jpg\",\"datePublished\":\"2021-02-12T12:42:47+00:00\",\"dateModified\":\"2024-12-10T12:36:33+00:00\",\"description\":\"Syd\u00e4nkohtauksen j\u00e4lkeen voit matkustaa autolla tai junalla heti kotiutuksen j\u00e4lkeen, jos olet matkustaja etk\u00e4 rasita itse\u00e4si liikaa.\",\"breadcrumb\":{\"@id\":\"https:\/\/www.healthy-heart.org\/fi\/elama-sydansairauden-kanssa\/matkustaminen-sydankohtauksen-jalkeen\/#breadcrumb\"},\"inLanguage\":\"fi-FI\",\"potentialAction\":[{\"@type\":\"ReadAction\",\"target\":[\"https:\/\/www.healthy-heart.org\/fi\/elama-sydansairauden-kanssa\/matkustaminen-sydankohtauksen-jalkeen\/\"]}]},{\"@type\":\"ImageObject\",\"inLanguage\":\"fi-FI\",\"@id\":\"https:\/\/www.healthy-heart.org\/fi\/elama-sydansairauden-kanssa\/matkustaminen-sydankohtauksen-jalkeen\/#primaryimage\",\"url\":\"https:\/\/www.healthy-heart.org\/wp-content\/uploads\/2019\/07\/iStock-897748630-e1565873299719-scaled.jpg\",\"contentUrl\":\"https:\/\/www.healthy-heart.org\/wp-content\/uploads\/2019\/07\/iStock-897748630-e1565873299719-scaled.jpg\",\"width\":2560,\"height\":1664},{\"@type\":\"BreadcrumbList\",\"@id\":\"https:\/\/www.healthy-heart.org\/fi\/elama-sydansairauden-kanssa\/matkustaminen-sydankohtauksen-jalkeen\/#breadcrumb\",\"itemListElement\":[{\"@type\":\"ListItem\",\"position\":1,\"name\":\"Home\",\"item\":\"https:\/\/www.healthy-heart.org\/fi\/\"},{\"@type\":\"ListItem\",\"position\":2,\"name\":\"El\u00e4m\u00e4 syd\u00e4nsairauden kanssa\",\"item\":\"https:\/\/www.healthy-heart.org\/fi\/elama-sydansairauden-kanssa\/\"},{\"@type\":\"ListItem\",\"position\":3,\"name\":\"Matkustaminen syd\u00e4nkohtauksen j\u00e4lkeen\"}]},{\"@type\":\"WebSite\",\"@id\":\"https:\/\/www.healthy-heart.org\/es\/#website\",\"url\":\"https:\/\/www.healthy-heart.org\/es\/\",\"name\":\"Healthy-Heart.org\",\"description\":\"Practical advice for patients and family care givers on the prevention of cardiovascular disease\",\"potentialAction\":[{\"@type\":\"SearchAction\",\"target\":{\"@type\":\"EntryPoint\",\"urlTemplate\":\"https:\/\/www.healthy-heart.org\/es\/?s={search_term_string}\"},\"query-input\":{\"@type\":\"PropertyValueSpecification\",\"valueRequired\":true,\"valueName\":\"search_term_string\"}}],\"inLanguage\":\"fi-FI\"}]}<\/script>\n<!-- \/ Yoast SEO plugin. -->","yoast_head_json":{"title":"Matkustaminen syd\u00e4nkohtauksen j\u00e4lkeen - Healthy-Heart.org","description":"Syd\u00e4nkohtauksen j\u00e4lkeen voit matkustaa autolla tai junalla heti kotiutuksen j\u00e4lkeen, jos olet matkustaja etk\u00e4 rasita itse\u00e4si liikaa.","robots":{"index":"index","follow":"follow","max-snippet":"max-snippet:-1","max-image-preview":"max-image-preview:large","max-video-preview":"max-video-preview:-1"},"canonical":"https:\/\/www.healthy-heart.org\/fi\/elama-sydansairauden-kanssa\/matkustaminen-sydankohtauksen-jalkeen\/","og_locale":"fi_FI","og_type":"article","og_title":"Matkustaminen syd\u00e4nkohtauksen j\u00e4lkeen - Healthy-Heart.org","og_description":"Syd\u00e4nkohtauksen j\u00e4lkeen voit matkustaa autolla tai junalla heti kotiutuksen j\u00e4lkeen, jos olet matkustaja etk\u00e4 rasita itse\u00e4si liikaa.","og_url":"https:\/\/www.healthy-heart.org\/fi\/elama-sydansairauden-kanssa\/matkustaminen-sydankohtauksen-jalkeen\/","og_site_name":"Healthy-Heart.org","article_modified_time":"2024-12-10T12:36:33+00:00","og_image":[{"width":2560,"height":1664,"url":"https:\/\/www.healthy-heart.org\/wp-content\/uploads\/2019\/07\/iStock-897748630-e1565873299719-scaled.jpg","type":"image\/jpeg"}],"twitter_card":"summary_large_image","twitter_misc":{"Est. reading time":"1 minute"},"schema":{"@context":"https:\/\/schema.org","@graph":[{"@type":"WebPage","@id":"https:\/\/www.healthy-heart.org\/fi\/elama-sydansairauden-kanssa\/matkustaminen-sydankohtauksen-jalkeen\/","url":"https:\/\/www.healthy-heart.org\/fi\/elama-sydansairauden-kanssa\/matkustaminen-sydankohtauksen-jalkeen\/","name":"Matkustaminen syd\u00e4nkohtauksen j\u00e4lkeen - Healthy-Heart.org","isPartOf":{"@id":"https:\/\/www.healthy-heart.org\/es\/#website"},"primaryImageOfPage":{"@id":"https:\/\/www.healthy-heart.org\/fi\/elama-sydansairauden-kanssa\/matkustaminen-sydankohtauksen-jalkeen\/#primaryimage"},"image":{"@id":"https:\/\/www.healthy-heart.org\/fi\/elama-sydansairauden-kanssa\/matkustaminen-sydankohtauksen-jalkeen\/#primaryimage"},"thumbnailUrl":"https:\/\/www.healthy-heart.org\/wp-content\/uploads\/2019\/07\/iStock-897748630-e1565873299719-scaled.jpg","datePublished":"2021-02-12T12:42:47+00:00","dateModified":"2024-12-10T12:36:33+00:00","description":"Syd\u00e4nkohtauksen j\u00e4lkeen voit matkustaa autolla tai junalla heti kotiutuksen j\u00e4lkeen, jos olet matkustaja etk\u00e4 rasita itse\u00e4si liikaa.","breadcrumb":{"@id":"https:\/\/www.healthy-heart.org\/fi\/elama-sydansairauden-kanssa\/matkustaminen-sydankohtauksen-jalkeen\/#breadcrumb"},"inLanguage":"fi-FI","potentialAction":[{"@type":"ReadAction","target":["https:\/\/www.healthy-heart.org\/fi\/elama-sydansairauden-kanssa\/matkustaminen-sydankohtauksen-jalkeen\/"]}]},{"@type":"ImageObject","inLanguage":"fi-FI","@id":"https:\/\/www.healthy-heart.org\/fi\/elama-sydansairauden-kanssa\/matkustaminen-sydankohtauksen-jalkeen\/#primaryimage","url":"https:\/\/www.healthy-heart.org\/wp-content\/uploads\/2019\/07\/iStock-897748630-e1565873299719-scaled.jpg","contentUrl":"https:\/\/www.healthy-heart.org\/wp-content\/uploads\/2019\/07\/iStock-897748630-e1565873299719-scaled.jpg","width":2560,"height":1664},{"@type":"BreadcrumbList","@id":"https:\/\/www.healthy-heart.org\/fi\/elama-sydansairauden-kanssa\/matkustaminen-sydankohtauksen-jalkeen\/#breadcrumb","itemListElement":[{"@type":"ListItem","position":1,"name":"Home","item":"https:\/\/www.healthy-heart.org\/fi\/"},{"@type":"ListItem","position":2,"name":"El\u00e4m\u00e4 syd\u00e4nsairauden kanssa","item":"https:\/\/www.healthy-heart.org\/fi\/elama-sydansairauden-kanssa\/"},{"@type":"ListItem","position":3,"name":"Matkustaminen syd\u00e4nkohtauksen j\u00e4lkeen"}]},{"@type":"WebSite","@id":"https:\/\/www.healthy-heart.org\/es\/#website","url":"https:\/\/www.healthy-heart.org\/es\/","name":"Healthy-Heart.org","description":"Practical advice for patients and family care givers on the prevention of cardiovascular disease","potentialAction":[{"@type":"SearchAction","target":{"@type":"EntryPoint","urlTemplate":"https:\/\/www.healthy-heart.org\/es\/?s={search_term_string}"},"query-input":{"@type":"PropertyValueSpecification","valueRequired":true,"valueName":"search_term_string"}}],"inLanguage":"fi-FI"}]}},"_links":{"self":[{"href":"https:\/\/www.healthy-heart.org\/fi\/wp-json\/wp\/v2\/pages\/5141","targetHints":{"allow":["GET"]}}],"collection":[{"href":"https:\/\/www.healthy-heart.org\/fi\/wp-json\/wp\/v2\/pages"}],"about":[{"href":"https:\/\/www.healthy-heart.org\/fi\/wp-json\/wp\/v2\/types\/page"}],"author":[{"embeddable":true,"href":"https:\/\/www.healthy-heart.org\/fi\/wp-json\/wp\/v2\/users\/1"}],"replies":[{"embeddable":true,"href":"https:\/\/www.healthy-heart.org\/fi\/wp-json\/wp\/v2\/comments?post=5141"}],"version-history":[{"count":1,"href":"https:\/\/www.healthy-heart.org\/fi\/wp-json\/wp\/v2\/pages\/5141\/revisions"}],"predecessor-version":[{"id":7384,"href":"https:\/\/www.healthy-heart.org\/fi\/wp-json\/wp\/v2\/pages\/5141\/revisions\/7384"}],"up":[{"embeddable":true,"href":"https:\/\/www.healthy-heart.org\/fi\/wp-json\/wp\/v2\/pages\/5327"}],"wp:featuredmedia":[{"embeddable":true,"href":"https:\/\/www.healthy-heart.org\/fi\/wp-json\/wp\/v2\/media\/5144"}],"wp:attachment":[{"href":"https:\/\/www.healthy-heart.org\/fi\/wp-json\/wp\/v2\/media?parent=5141"}],"wp:term":[{"taxonomy":"category","embeddable":true,"href":"https:\/\/www.healthy-heart.org\/fi\/wp-json\/wp\/v2\/categories?post=5141"},{"taxonomy":"post_tag","embeddable":true,"href":"https:\/\/www.healthy-heart.org\/fi\/wp-json\/wp\/v2\/tags?post=5141"}],"curies":[{"name":"wp","href":"https:\/\/api.w.org\/{rel}","templated":true}]}}