{"id":5138,"date":"2021-02-12T12:42:45","date_gmt":"2021-02-12T12:42:45","guid":{"rendered":"https:\/\/www.healthy-heart.org\/toisen-sydankohtauksen-riskitekijat\/"},"modified":"2025-08-29T13:21:38","modified_gmt":"2025-08-29T12:21:38","slug":"toisen-sydankohtauksen-riskitekijat","status":"publish","type":"page","link":"https:\/\/www.healthy-heart.org\/fi\/elama-sydansairauden-kanssa\/toisen-sydankohtauksen-riskitekijat\/","title":{"rendered":"Toisen syd\u00e4nkohtauksen riskitekij\u00e4t"},"content":{"rendered":"<p><img loading=\"lazy\" decoding=\"async\" class=\"alignright size-medium wp-image-494\" src=\"https:\/\/cdn-endpoint-prev.azureedge.net\/healthy-heart\/2019\/07\/iStock-908134236-e1565872918492-350x246.jpg\" alt=\"\" width=\"350\" height=\"246\" srcset=\"https:\/\/www.healthy-heart.org\/wp-content\/uploads\/2019\/07\/iStock-908134236-e1565872918492-350x246.jpg 350w, https:\/\/www.healthy-heart.org\/wp-content\/uploads\/2019\/07\/iStock-908134236-e1565872918492-200x140.jpg 200w, https:\/\/www.healthy-heart.org\/wp-content\/uploads\/2019\/07\/iStock-908134236-e1565872918492-768x539.jpg 768w, https:\/\/www.healthy-heart.org\/wp-content\/uploads\/2019\/07\/iStock-908134236-e1565872918492-1024x719.jpg 1024w, https:\/\/www.healthy-heart.org\/wp-content\/uploads\/2019\/07\/iStock-908134236-e1565872918492-1536x1079.jpg 1536w, https:\/\/www.healthy-heart.org\/wp-content\/uploads\/2019\/07\/iStock-908134236-e1565872918492-2048x1438.jpg 2048w, https:\/\/www.healthy-heart.org\/wp-content\/uploads\/2019\/07\/iStock-908134236-e1565872918492-625x439.jpg 625w, https:\/\/www.healthy-heart.org\/wp-content\/uploads\/2019\/07\/iStock-908134236-e1565872918492-661x464.jpg 661w\" sizes=\"auto, (max-width: 350px) 100vw, 350px\" \/><\/p>\n<p>Sinulle on mahdollisesti tehty toimenpide ja m\u00e4\u00e4r\u00e4tty l\u00e4\u00e4kkeit\u00e4 veren virtauksen ja hapenoton palauttamiseksi syd\u00e4nlihakseen. Vaikka oireita voidaan lievent\u00e4\u00e4 n\u00e4ill\u00e4 hoidoilla, sairastuneet verisuonet voivat ahtautua tai tukkeutua uudelleen. Lis\u00e4ksi samat tekij\u00e4t, jotka aiheuttivat ensimm\u00e4isen syd\u00e4nkohtauksesi, voivat jo vaurioittaa muita verisuonia. Jos n\u00e4m\u00e4 vaurioituneet verisuonet johtavat syd\u00e4meen, t\u00e4m\u00e4 voi aiheuttaa uuden syd\u00e4nkohtauksen. Jos ne johtavat aivoihin, t\u00e4m\u00e4 voi aiheuttaa aivohalvauksen. Jalkojen tukkeutuneet verisuonet voivat aiheuttaa \u00e4\u00e4reisvaltimotaudin.<\/p>\n<p>Toisen syd\u00e4nkohtauksen tai muun syd\u00e4n- ja verisuonitapahtuman riski vaihtelee yksil\u00f6llisesti. Se riippuu monista tekij\u00f6ist\u00e4, joista joihinkin voidaan vaikuttaa ja toisiin ei. Oleellisimmat riskitekij\u00e4t ovat:<\/p>\n<p><span style=\"text-decoration: underline;\"><strong>Muuttumattomat riskitekij\u00e4t:<\/strong><\/span><\/p>\n<ul>\n<li>ik\u00e4<\/li>\n<li><a href=\"https:\/\/www.healthy-heart.org\/keep-your-heart-healthy\/differences-between-men-and-women\/\">sukupuoli<\/a><\/li>\n<li>aiempien syd\u00e4n- ja verisuonitapahtumien lukum\u00e4\u00e4r\u00e4 ja tyyppi<\/li>\n<li>syd\u00e4men j\u00e4ljell\u00e4 oleva pumppauskapasiteetti<\/li>\n<li>eteisv\u00e4rin\u00e4 (er\u00e4\u00e4nlainen rytmih\u00e4iri\u00f6)<\/li>\n<li>munuaisten toimintah\u00e4iri\u00f6t.<\/li>\n<\/ul>\n<p><span style=\"text-decoration: underline;\"><strong>Muuttuvat riskitekij\u00e4t:<\/strong><\/span><\/p>\n<ul>\n<li><a href=\"https:\/\/www.healthy-heart.org\/keep-your-heart-healthy\/smoking\/\">tupakointi<\/a><\/li>\n<li><a href=\"https:\/\/www.healthy-heart.org\/keep-your-heart-healthy\/keeping-a-healthy-weight\/\">paino<\/a><\/li>\n<li><a href=\"https:\/\/www.healthy-heart.org\/keep-your-heart-healthy\/physical-activity\/\">liikunta<\/a> vs. liikkumattomuus<\/li>\n<li><a href=\"https:\/\/www.healthy-heart.org\/keep-your-heart-healthy\/heart-friendly-diet\/\">terveellinen vs. ep\u00e4terveellinen ruokavalio<\/a><\/li>\n<li><a href=\"https:\/\/www.healthy-heart.org\/keep-your-heart-healthy\/stress-and-sleep\/\">psykososiaalinen stressi<\/a><\/li>\n<li><a href=\"https:\/\/www.healthy-heart.org\/keep-your-heart-healthy\/cholesterol\/\">veren kolesteroliarvojen hallinta<\/a><\/li>\n<li><a href=\"https:\/\/www.healthy-heart.org\/keep-your-heart-healthy\/blood-pressure\/\">verenpaineen hallinta<\/a><\/li>\n<li><a href=\"https:\/\/www.healthy-heart.org\/keep-your-heart-healthy\/diabetes\/\">diabetes ja sen hallinta<\/a><\/li>\n<li>krooninen tulehdustila.<\/li>\n<\/ul>\n<p>Riskitekij\u00f6iden tunnistaminen m\u00e4\u00e4ritt\u00e4\u00e4 ne k\u00e4ytt\u00e4ytymisen muutokset ja <a href=\"https:\/\/www.healthy-heart.org\/living-with-heart-disease\/types-of-medication\/\">l\u00e4\u00e4kkeet<\/a>, joita tarvitaan uusien syd\u00e4n- ja verisuonitapahtumien ehk\u00e4isyyn. Olipa riskitasosi mik\u00e4 tahansa, terveelliset elintavat ovat ratkaisevan t\u00e4rkeit\u00e4 toisen syd\u00e4nkohtauksen est\u00e4misess\u00e4. N\u00e4it\u00e4 ovat <a href=\"https:\/\/www.healthy-heart.org\/keep-your-heart-healthy\/smoking\/\">tupakoimattomuus<\/a>, <a href=\"https:\/\/www.healthy-heart.org\/keep-your-heart-healthy\/keeping-a-healthy-weight\/\">terveen painon<\/a> yll\u00e4pito, <a href=\"https:\/\/www.healthy-heart.org\/keep-your-heart-healthy\/heart-friendly-diet\/\">tasapainoisen ruokavalion<\/a> noudattaminen, <a href=\"https:\/\/www.healthy-heart.org\/keep-your-heart-healthy\/physical-activity\/\">fyysinen aktiivisuus<\/a> ja <a href=\"https:\/\/www.healthy-heart.org\/keep-your-heart-healthy\/stress-and-sleep\/\">stressin<\/a>, <a href=\"https:\/\/www.healthy-heart.org\/keep-your-heart-healthy\/blood-pressure\/\">verenpaineen<\/a>, <a href=\"https:\/\/www.healthy-heart.org\/keep-your-heart-healthy\/cholesterol\/\">kolesterolin<\/a> sek\u00e4 <a href=\"https:\/\/www.healthy-heart.org\/keep-your-heart-healthy\/diabetes\/\">diabeteksen<\/a> tehokas hallinta.<\/p>\n","protected":false},"excerpt":{"rendered":"<p>Sinulle on mahdollisesti tehty toimenpide ja m\u00e4\u00e4r\u00e4tty l\u00e4\u00e4kkeit\u00e4 veren virtauksen ja hapenoton palauttamiseksi syd\u00e4nlihakseen. Vaikka oireita voidaan lievent\u00e4\u00e4 n\u00e4ill\u00e4 hoidoilla, sairastuneet verisuonet voivat ahtautua tai tukkeutua uudelleen. Lis\u00e4ksi samat tekij\u00e4t, jotka aiheuttivat ensimm\u00e4isen syd\u00e4nkohtauksesi, voivat jo vaurioittaa muita verisuonia. Jos n\u00e4m\u00e4 vaurioituneet verisuonet johtavat syd\u00e4meen, t\u00e4m\u00e4 voi aiheuttaa uuden syd\u00e4nkohtauksen. Jos ne johtavat aivoihin, t\u00e4m\u00e4 [&hellip;]<\/p>\n","protected":false},"author":1,"featured_media":5143,"parent":5327,"menu_order":10,"comment_status":"closed","ping_status":"closed","template":"","meta":{"_acf_changed":false,"footnotes":""},"categories":[95],"tags":[],"class_list":["post-5138","page","type-page","status-publish","has-post-thumbnail","hentry","category-elama-sydansairauden-kanssa"],"acf":[],"yoast_head":"<!-- This site is optimized with the Yoast SEO plugin v24.0 - https:\/\/yoast.com\/wordpress\/plugins\/seo\/ -->\n<title>Toisen syd\u00e4nkohtauksen riskitekij\u00e4t - Healthy-Heart.org<\/title>\n<meta name=\"description\" content=\"Toisen syd\u00e4nkohtauksen riski ei ole sama kaikille. Se riippuu monista tekij\u00f6ist\u00e4, joista joihinkin voidaan vaikuttaa ja toisiin ei.\" \/>\n<meta name=\"robots\" content=\"index, follow, max-snippet:-1, max-image-preview:large, max-video-preview:-1\" \/>\n<link rel=\"canonical\" href=\"https:\/\/www.healthy-heart.org\/fi\/elama-sydansairauden-kanssa\/toisen-sydankohtauksen-riskitekijat\/\" \/>\n<meta property=\"og:locale\" content=\"fi_FI\" \/>\n<meta property=\"og:type\" content=\"article\" \/>\n<meta property=\"og:title\" content=\"Toisen syd\u00e4nkohtauksen riskitekij\u00e4t - Healthy-Heart.org\" \/>\n<meta property=\"og:description\" content=\"Toisen syd\u00e4nkohtauksen riski ei ole sama kaikille. Se riippuu monista tekij\u00f6ist\u00e4, joista joihinkin voidaan vaikuttaa ja toisiin ei.\" \/>\n<meta property=\"og:url\" content=\"https:\/\/www.healthy-heart.org\/fi\/elama-sydansairauden-kanssa\/toisen-sydankohtauksen-riskitekijat\/\" \/>\n<meta property=\"og:site_name\" content=\"Healthy-Heart.org\" \/>\n<meta property=\"article:modified_time\" content=\"2025-08-29T12:21:38+00:00\" \/>\n<meta property=\"og:image\" content=\"https:\/\/www.healthy-heart.org\/wp-content\/uploads\/2019\/07\/iStock-908134236-e1565872918492-scaled.jpg\" \/>\n\t<meta property=\"og:image:width\" content=\"2560\" \/>\n\t<meta property=\"og:image:height\" content=\"1798\" \/>\n\t<meta property=\"og:image:type\" content=\"image\/jpeg\" \/>\n<meta name=\"twitter:card\" content=\"summary_large_image\" \/>\n<meta name=\"twitter:label1\" content=\"Est. reading time\" \/>\n\t<meta name=\"twitter:data1\" content=\"2 minutes\" \/>\n<script type=\"application\/ld+json\" class=\"yoast-schema-graph\">{\"@context\":\"https:\/\/schema.org\",\"@graph\":[{\"@type\":\"WebPage\",\"@id\":\"https:\/\/www.healthy-heart.org\/fi\/elama-sydansairauden-kanssa\/toisen-sydankohtauksen-riskitekijat\/\",\"url\":\"https:\/\/www.healthy-heart.org\/fi\/elama-sydansairauden-kanssa\/toisen-sydankohtauksen-riskitekijat\/\",\"name\":\"Toisen syd\u00e4nkohtauksen riskitekij\u00e4t - Healthy-Heart.org\",\"isPartOf\":{\"@id\":\"https:\/\/www.healthy-heart.org\/es\/#website\"},\"primaryImageOfPage\":{\"@id\":\"https:\/\/www.healthy-heart.org\/fi\/elama-sydansairauden-kanssa\/toisen-sydankohtauksen-riskitekijat\/#primaryimage\"},\"image\":{\"@id\":\"https:\/\/www.healthy-heart.org\/fi\/elama-sydansairauden-kanssa\/toisen-sydankohtauksen-riskitekijat\/#primaryimage\"},\"thumbnailUrl\":\"https:\/\/www.healthy-heart.org\/wp-content\/uploads\/2019\/07\/iStock-908134236-e1565872918492-scaled.jpg\",\"datePublished\":\"2021-02-12T12:42:45+00:00\",\"dateModified\":\"2025-08-29T12:21:38+00:00\",\"description\":\"Toisen syd\u00e4nkohtauksen riski ei ole sama kaikille. Se riippuu monista tekij\u00f6ist\u00e4, joista joihinkin voidaan vaikuttaa ja toisiin ei.\",\"breadcrumb\":{\"@id\":\"https:\/\/www.healthy-heart.org\/fi\/elama-sydansairauden-kanssa\/toisen-sydankohtauksen-riskitekijat\/#breadcrumb\"},\"inLanguage\":\"fi-FI\",\"potentialAction\":[{\"@type\":\"ReadAction\",\"target\":[\"https:\/\/www.healthy-heart.org\/fi\/elama-sydansairauden-kanssa\/toisen-sydankohtauksen-riskitekijat\/\"]}]},{\"@type\":\"ImageObject\",\"inLanguage\":\"fi-FI\",\"@id\":\"https:\/\/www.healthy-heart.org\/fi\/elama-sydansairauden-kanssa\/toisen-sydankohtauksen-riskitekijat\/#primaryimage\",\"url\":\"https:\/\/www.healthy-heart.org\/wp-content\/uploads\/2019\/07\/iStock-908134236-e1565872918492-scaled.jpg\",\"contentUrl\":\"https:\/\/www.healthy-heart.org\/wp-content\/uploads\/2019\/07\/iStock-908134236-e1565872918492-scaled.jpg\",\"width\":2560,\"height\":1798},{\"@type\":\"BreadcrumbList\",\"@id\":\"https:\/\/www.healthy-heart.org\/fi\/elama-sydansairauden-kanssa\/toisen-sydankohtauksen-riskitekijat\/#breadcrumb\",\"itemListElement\":[{\"@type\":\"ListItem\",\"position\":1,\"name\":\"Home\",\"item\":\"https:\/\/www.healthy-heart.org\/fi\/\"},{\"@type\":\"ListItem\",\"position\":2,\"name\":\"El\u00e4m\u00e4 syd\u00e4nsairauden kanssa\",\"item\":\"https:\/\/www.healthy-heart.org\/fi\/elama-sydansairauden-kanssa\/\"},{\"@type\":\"ListItem\",\"position\":3,\"name\":\"Toisen syd\u00e4nkohtauksen riskitekij\u00e4t\"}]},{\"@type\":\"WebSite\",\"@id\":\"https:\/\/www.healthy-heart.org\/es\/#website\",\"url\":\"https:\/\/www.healthy-heart.org\/es\/\",\"name\":\"Healthy-Heart.org\",\"description\":\"Practical advice for patients and family care givers on the prevention of cardiovascular disease\",\"potentialAction\":[{\"@type\":\"SearchAction\",\"target\":{\"@type\":\"EntryPoint\",\"urlTemplate\":\"https:\/\/www.healthy-heart.org\/es\/?s={search_term_string}\"},\"query-input\":{\"@type\":\"PropertyValueSpecification\",\"valueRequired\":true,\"valueName\":\"search_term_string\"}}],\"inLanguage\":\"fi-FI\"}]}<\/script>\n<!-- \/ Yoast SEO plugin. -->","yoast_head_json":{"title":"Toisen syd\u00e4nkohtauksen riskitekij\u00e4t - Healthy-Heart.org","description":"Toisen syd\u00e4nkohtauksen riski ei ole sama kaikille. Se riippuu monista tekij\u00f6ist\u00e4, joista joihinkin voidaan vaikuttaa ja toisiin ei.","robots":{"index":"index","follow":"follow","max-snippet":"max-snippet:-1","max-image-preview":"max-image-preview:large","max-video-preview":"max-video-preview:-1"},"canonical":"https:\/\/www.healthy-heart.org\/fi\/elama-sydansairauden-kanssa\/toisen-sydankohtauksen-riskitekijat\/","og_locale":"fi_FI","og_type":"article","og_title":"Toisen syd\u00e4nkohtauksen riskitekij\u00e4t - Healthy-Heart.org","og_description":"Toisen syd\u00e4nkohtauksen riski ei ole sama kaikille. Se riippuu monista tekij\u00f6ist\u00e4, joista joihinkin voidaan vaikuttaa ja toisiin ei.","og_url":"https:\/\/www.healthy-heart.org\/fi\/elama-sydansairauden-kanssa\/toisen-sydankohtauksen-riskitekijat\/","og_site_name":"Healthy-Heart.org","article_modified_time":"2025-08-29T12:21:38+00:00","og_image":[{"width":2560,"height":1798,"url":"https:\/\/www.healthy-heart.org\/wp-content\/uploads\/2019\/07\/iStock-908134236-e1565872918492-scaled.jpg","type":"image\/jpeg"}],"twitter_card":"summary_large_image","twitter_misc":{"Est. reading time":"2 minutes"},"schema":{"@context":"https:\/\/schema.org","@graph":[{"@type":"WebPage","@id":"https:\/\/www.healthy-heart.org\/fi\/elama-sydansairauden-kanssa\/toisen-sydankohtauksen-riskitekijat\/","url":"https:\/\/www.healthy-heart.org\/fi\/elama-sydansairauden-kanssa\/toisen-sydankohtauksen-riskitekijat\/","name":"Toisen syd\u00e4nkohtauksen riskitekij\u00e4t - Healthy-Heart.org","isPartOf":{"@id":"https:\/\/www.healthy-heart.org\/es\/#website"},"primaryImageOfPage":{"@id":"https:\/\/www.healthy-heart.org\/fi\/elama-sydansairauden-kanssa\/toisen-sydankohtauksen-riskitekijat\/#primaryimage"},"image":{"@id":"https:\/\/www.healthy-heart.org\/fi\/elama-sydansairauden-kanssa\/toisen-sydankohtauksen-riskitekijat\/#primaryimage"},"thumbnailUrl":"https:\/\/www.healthy-heart.org\/wp-content\/uploads\/2019\/07\/iStock-908134236-e1565872918492-scaled.jpg","datePublished":"2021-02-12T12:42:45+00:00","dateModified":"2025-08-29T12:21:38+00:00","description":"Toisen syd\u00e4nkohtauksen riski ei ole sama kaikille. Se riippuu monista tekij\u00f6ist\u00e4, joista joihinkin voidaan vaikuttaa ja toisiin ei.","breadcrumb":{"@id":"https:\/\/www.healthy-heart.org\/fi\/elama-sydansairauden-kanssa\/toisen-sydankohtauksen-riskitekijat\/#breadcrumb"},"inLanguage":"fi-FI","potentialAction":[{"@type":"ReadAction","target":["https:\/\/www.healthy-heart.org\/fi\/elama-sydansairauden-kanssa\/toisen-sydankohtauksen-riskitekijat\/"]}]},{"@type":"ImageObject","inLanguage":"fi-FI","@id":"https:\/\/www.healthy-heart.org\/fi\/elama-sydansairauden-kanssa\/toisen-sydankohtauksen-riskitekijat\/#primaryimage","url":"https:\/\/www.healthy-heart.org\/wp-content\/uploads\/2019\/07\/iStock-908134236-e1565872918492-scaled.jpg","contentUrl":"https:\/\/www.healthy-heart.org\/wp-content\/uploads\/2019\/07\/iStock-908134236-e1565872918492-scaled.jpg","width":2560,"height":1798},{"@type":"BreadcrumbList","@id":"https:\/\/www.healthy-heart.org\/fi\/elama-sydansairauden-kanssa\/toisen-sydankohtauksen-riskitekijat\/#breadcrumb","itemListElement":[{"@type":"ListItem","position":1,"name":"Home","item":"https:\/\/www.healthy-heart.org\/fi\/"},{"@type":"ListItem","position":2,"name":"El\u00e4m\u00e4 syd\u00e4nsairauden kanssa","item":"https:\/\/www.healthy-heart.org\/fi\/elama-sydansairauden-kanssa\/"},{"@type":"ListItem","position":3,"name":"Toisen syd\u00e4nkohtauksen riskitekij\u00e4t"}]},{"@type":"WebSite","@id":"https:\/\/www.healthy-heart.org\/es\/#website","url":"https:\/\/www.healthy-heart.org\/es\/","name":"Healthy-Heart.org","description":"Practical advice for patients and family care givers on the prevention of cardiovascular disease","potentialAction":[{"@type":"SearchAction","target":{"@type":"EntryPoint","urlTemplate":"https:\/\/www.healthy-heart.org\/es\/?s={search_term_string}"},"query-input":{"@type":"PropertyValueSpecification","valueRequired":true,"valueName":"search_term_string"}}],"inLanguage":"fi-FI"}]}},"_links":{"self":[{"href":"https:\/\/www.healthy-heart.org\/fi\/wp-json\/wp\/v2\/pages\/5138","targetHints":{"allow":["GET"]}}],"collection":[{"href":"https:\/\/www.healthy-heart.org\/fi\/wp-json\/wp\/v2\/pages"}],"about":[{"href":"https:\/\/www.healthy-heart.org\/fi\/wp-json\/wp\/v2\/types\/page"}],"author":[{"embeddable":true,"href":"https:\/\/www.healthy-heart.org\/fi\/wp-json\/wp\/v2\/users\/1"}],"replies":[{"embeddable":true,"href":"https:\/\/www.healthy-heart.org\/fi\/wp-json\/wp\/v2\/comments?post=5138"}],"version-history":[{"count":3,"href":"https:\/\/www.healthy-heart.org\/fi\/wp-json\/wp\/v2\/pages\/5138\/revisions"}],"predecessor-version":[{"id":7835,"href":"https:\/\/www.healthy-heart.org\/fi\/wp-json\/wp\/v2\/pages\/5138\/revisions\/7835"}],"up":[{"embeddable":true,"href":"https:\/\/www.healthy-heart.org\/fi\/wp-json\/wp\/v2\/pages\/5327"}],"wp:featuredmedia":[{"embeddable":true,"href":"https:\/\/www.healthy-heart.org\/fi\/wp-json\/wp\/v2\/media\/5143"}],"wp:attachment":[{"href":"https:\/\/www.healthy-heart.org\/fi\/wp-json\/wp\/v2\/media?parent=5138"}],"wp:term":[{"taxonomy":"category","embeddable":true,"href":"https:\/\/www.healthy-heart.org\/fi\/wp-json\/wp\/v2\/categories?post=5138"},{"taxonomy":"post_tag","embeddable":true,"href":"https:\/\/www.healthy-heart.org\/fi\/wp-json\/wp\/v2\/tags?post=5138"}],"curies":[{"name":"wp","href":"https:\/\/api.w.org\/{rel}","templated":true}]}}