{"id":1881,"date":"2019-10-07T21:31:24","date_gmt":"2019-10-07T20:31:24","guid":{"rendered":"https:\/\/www.healthy-heart.org\/vivir-con-una-cardiopatia\/tipos-de-farmacos\/"},"modified":"2024-12-10T12:36:09","modified_gmt":"2024-12-10T12:36:09","slug":"tipos-de-farmacos","status":"publish","type":"page","link":"https:\/\/www.healthy-heart.org\/es\/vivir-con-una-cardiopatia\/tipos-de-farmacos\/","title":{"rendered":"Tipos de f\u00e1rmacos"},"content":{"rendered":"<h3><strong>Anticoagulantes<\/strong><\/h3>\n<p>Tras un infarto de miocardio, es fundamental la administraci\u00f3n de antiagregantes plaquetarios. Estos medicamentos evitan la formaci\u00f3n de nuevos co\u00e1gulos en las arterias coronarias o dentro de una endopr\u00f3tesis vascular (tubo insertado en una arteria bloqueada para restablecer el flujo sangu\u00edneo). Por lo general, se receta de por vida una aspirina en dosis bajas (75 a 100 mg\/d\u00eda) y se a\u00f1ade un inhibidor del receptor plaquetario P2Y12 (ticagrelor, prasugrel o clopidogrel) durante varios meses. Dado que los antiagregantes plaquetarios tienen como funci\u00f3n principal inhibir la formaci\u00f3n de co\u00e1gulos, estos aumentan el riesgo de sangrado, pero los beneficios superan los riesgos con creces. Es muy importante no dejar de tomar estos medicamentos, ni un solo d\u00eda, a menos que su cardi\u00f3logo indique lo contrario. Si tambi\u00e9n tiene fibrilaci\u00f3n auricular, su cardi\u00f3logo le recetar\u00e1 otro anticoagulante (anticoagulante oral) en lugar de f\u00e1rmacos antiagregantes plaquetarios.<\/p>\n<h3><strong>Inhibidores de la bomba de protones<\/strong><\/h3>\n<p>Si corre un alto riesgo de sangrado gastrointestinal, su cardi\u00f3logo o m\u00e9dico de familia le recetar\u00e1 un inhibidor de la bomba de protones para proteger su est\u00f3mago cuando tome dos anticoagulantes.<\/p>\n<h3><strong>Tratamientos contra la hipercolesterolemia<\/strong><\/h3>\n<p>Para ralentizar la progresi\u00f3n de la aterosclerosis en las arterias, los niveles de colesterol deben reducirse en un 50 % o m\u00e1s, con un objetivo de colesterol LDl inferior a 55 mg\/dl (&lt;1,4 mmol\/l). Las estatinas son los f\u00e1rmacos de primera elecci\u00f3n para este fin. Las estatinas disminuyen la producci\u00f3n de colesterol en el h\u00edgado, reducen las placas en las arterias y el riesgo de sufrir otro infarto de miocardio. Entre los posibles efectos secundarios est\u00e1 el dolor muscular y aumento de las enzimas hep\u00e1ticas en sangre, pero generalmente son leves y controlables. Pese a cierta mala prensa sobre la terapia con estatinas, interrumpir el tratamiento con estatinas aumenta considerablemente el riesgo de sufrir otro infarto de miocardio. En algunos casos, el cardi\u00f3logo puede optar por a\u00f1adir ezetimiba al tratamiento con estatinas, que inhibe la absorci\u00f3n del colesterol por el intestino y reduce a\u00fan m\u00e1s el colesterol. Si sus niveles de colesterol son muy elevados o no tolera las estatinas, su cardi\u00f3logo puede optar por a\u00f1adir \u00e1cido bempedoico, un nuevo f\u00e1rmaco que reduce la producci\u00f3n de colesterol en el h\u00edgado, o inyecciones de un inhibidor de PCSK9 o Inclisiran, que aumentan la degradaci\u00f3n del colesterol LDL en el h\u00edgado.<\/p>\n<h3><strong>Betabloqueantes<\/strong><\/h3>\n<p>Los betabloqueantes protegen su coraz\u00f3n de los efectos nocivos de la adrenalina. Reducen la frecuencia card\u00edaca, la<a href=\"https:\/\/www.healthy-heart.org\/keep-your-heart-healthy\/blood-pressure\/\">presi\u00f3n arterial<\/a>} y disminuyen la demanda mioc\u00e1rdica de ox\u00edgeno. Ayudan a evitar un mayor deterioro si la funci\u00f3n de bombeo de la sangre se ha visto mermada. Si la frecuencia card\u00edaca disminuye demasiado, es posible que se sienta mareado. Otros efectos secundarios comunes son el dolor de cabeza, manos y pies fr\u00edos, fatiga y problemas para dormir. Cada betabloqueante tiene efectos secundarios distintos, as\u00ed que consulte con su cardi\u00f3logo para encontrar el m\u00e1s adecuado para usted.<\/p>\n<h3><strong>Inhibidores de la ECA y antagonistas de los receptores de la angiotensina (ARA)<\/strong><\/h3>\n<p>Los inhibidores de la enzima convertidora de angiotensina (IECA) reducen la producci\u00f3n de angiotensina II, una enzima que estrecha los vasos sangu\u00edneos, mientras que los antagonistas de los receptores de la angiotensina (ARA) inhiben su funci\u00f3n. Estos efectos ayudan a que los vasos se ensanchen y relajen, mejorando el flujo sangu\u00edneo y reduciendo la presi\u00f3n arterial. Adem\u00e1s, estos f\u00e1rmacos mejoran la funci\u00f3n de bombeo del coraz\u00f3n si este se ve reducido por el infarto de miocardio. El efecto secundario m\u00e1s frecuente de los inhibidores de la IECA es la tos seca, que puede llevar a cambiar los ARA. Si su presi\u00f3n arterial est\u00e1 dentro de los par\u00e1metros que se consideran como normales, necesitar\u00e1 una dosis modificada de un inhibidor de la IECA o ARA.<\/p>\n<h3><strong>Antagonistas de los receptores mineralocorticoides (ARM)<\/strong><\/h3>\n<p>Se pueden utilizar antagonistas de los receptores mineralocorticoides (los ARM), como la espironolactona y eplerenona, adem\u00e1s de betabloqueantes e inhibidores de la ECA si la funci\u00f3n de bombeo del coraz\u00f3n se ve reducida despu\u00e9s de un infarto de miocardio. Los ARM son diur\u00e9ticos d\u00e9biles que ayudan al cuerpo a eliminar el exceso de l\u00edquido. Tambi\u00e9n reducen la presi\u00f3n arterial. Los posibles efectos secundarios de la espironolactona son unos niveles elevados del potasio s\u00e9rico y ginecomastia (aumento del tama\u00f1o de los senos masculinos). En caso de tener este \u00faltimo efecto secundario, se debe cambiar a la eplerenona.<\/p>\n<p>Es posible que se prescriban otros medicamentos si padece otros problemas de salud, como <a href=\"https:\/\/www.healthy-heart.org\/keep-your-heart-healthy\/diabetes\/\">diabetes<\/a>, enfermedad renal u obesidad.<\/p>\n<p>&nbsp;<\/p>\n","protected":false},"excerpt":{"rendered":"<p>Anticoagulantes Tras un infarto de miocardio, es fundamental la administraci\u00f3n de antiagregantes plaquetarios. Estos medicamentos evitan la formaci\u00f3n de nuevos co\u00e1gulos en las arterias coronarias o dentro de una endopr\u00f3tesis vascular (tubo insertado en una arteria bloqueada para restablecer el flujo sangu\u00edneo). Por lo general, se receta de por vida una aspirina en dosis bajas [&hellip;]<\/p>\n","protected":false},"author":1,"featured_media":1220,"parent":1865,"menu_order":2,"comment_status":"closed","ping_status":"closed","template":"","meta":{"_acf_changed":false,"footnotes":""},"categories":[63],"tags":[],"class_list":["post-1881","page","type-page","status-publish","has-post-thumbnail","hentry","category-vivir-con-una-cardiopatia"],"acf":[],"yoast_head":"<!-- This site is optimized with the Yoast SEO plugin v24.0 - https:\/\/yoast.com\/wordpress\/plugins\/seo\/ -->\n<title>Tipos de f\u00e1rmacos - Healthy-Heart.org<\/title>\n<meta name=\"description\" content=\"Conozca los f\u00e1rmacos cardiovasculares y sus efectos secundarios.\" \/>\n<meta name=\"robots\" content=\"index, follow, max-snippet:-1, max-image-preview:large, max-video-preview:-1\" \/>\n<link rel=\"canonical\" href=\"https:\/\/www.healthy-heart.org\/es\/vivir-con-una-cardiopatia\/tipos-de-farmacos\/\" \/>\n<meta property=\"og:locale\" content=\"es_ES\" \/>\n<meta property=\"og:type\" content=\"article\" \/>\n<meta property=\"og:title\" content=\"Tipos de f\u00e1rmacos - Healthy-Heart.org\" \/>\n<meta property=\"og:description\" content=\"Conozca los f\u00e1rmacos cardiovasculares y sus efectos secundarios.\" \/>\n<meta property=\"og:url\" content=\"https:\/\/www.healthy-heart.org\/es\/vivir-con-una-cardiopatia\/tipos-de-farmacos\/\" \/>\n<meta property=\"og:site_name\" content=\"Healthy-Heart.org\" \/>\n<meta property=\"article:modified_time\" content=\"2024-12-10T12:36:09+00:00\" \/>\n<meta property=\"og:image\" content=\"https:\/\/www.healthy-heart.org\/wp-content\/uploads\/2019\/08\/Important-drugs-and-their-side-effects-iStock-1031014554-1024x683.jpg\" \/>\n\t<meta property=\"og:image:width\" content=\"1024\" \/>\n\t<meta property=\"og:image:height\" content=\"683\" \/>\n\t<meta property=\"og:image:type\" content=\"image\/jpeg\" \/>\n<meta name=\"twitter:card\" content=\"summary_large_image\" \/>\n<meta name=\"twitter:label1\" content=\"Tiempo de lectura\" \/>\n\t<meta name=\"twitter:data1\" content=\"4 minutos\" \/>\n<script type=\"application\/ld+json\" class=\"yoast-schema-graph\">{\"@context\":\"https:\/\/schema.org\",\"@graph\":[{\"@type\":\"WebPage\",\"@id\":\"https:\/\/www.healthy-heart.org\/es\/vivir-con-una-cardiopatia\/tipos-de-farmacos\/\",\"url\":\"https:\/\/www.healthy-heart.org\/es\/vivir-con-una-cardiopatia\/tipos-de-farmacos\/\",\"name\":\"Tipos de f\u00e1rmacos - Healthy-Heart.org\",\"isPartOf\":{\"@id\":\"https:\/\/www.healthy-heart.org\/es\/#website\"},\"primaryImageOfPage\":{\"@id\":\"https:\/\/www.healthy-heart.org\/es\/vivir-con-una-cardiopatia\/tipos-de-farmacos\/#primaryimage\"},\"image\":{\"@id\":\"https:\/\/www.healthy-heart.org\/es\/vivir-con-una-cardiopatia\/tipos-de-farmacos\/#primaryimage\"},\"thumbnailUrl\":\"https:\/\/www.healthy-heart.org\/wp-content\/uploads\/2019\/08\/Important-drugs-and-their-side-effects-iStock-1031014554.jpg\",\"datePublished\":\"2019-10-07T20:31:24+00:00\",\"dateModified\":\"2024-12-10T12:36:09+00:00\",\"description\":\"Conozca los f\u00e1rmacos cardiovasculares y sus efectos secundarios.\",\"breadcrumb\":{\"@id\":\"https:\/\/www.healthy-heart.org\/es\/vivir-con-una-cardiopatia\/tipos-de-farmacos\/#breadcrumb\"},\"inLanguage\":\"es\",\"potentialAction\":[{\"@type\":\"ReadAction\",\"target\":[\"https:\/\/www.healthy-heart.org\/es\/vivir-con-una-cardiopatia\/tipos-de-farmacos\/\"]}]},{\"@type\":\"ImageObject\",\"inLanguage\":\"es\",\"@id\":\"https:\/\/www.healthy-heart.org\/es\/vivir-con-una-cardiopatia\/tipos-de-farmacos\/#primaryimage\",\"url\":\"https:\/\/www.healthy-heart.org\/wp-content\/uploads\/2019\/08\/Important-drugs-and-their-side-effects-iStock-1031014554.jpg\",\"contentUrl\":\"https:\/\/www.healthy-heart.org\/wp-content\/uploads\/2019\/08\/Important-drugs-and-their-side-effects-iStock-1031014554.jpg\",\"width\":6000,\"height\":4000,\"caption\":\"Tratamiento para la salud card\u00edaca\"},{\"@type\":\"BreadcrumbList\",\"@id\":\"https:\/\/www.healthy-heart.org\/es\/vivir-con-una-cardiopatia\/tipos-de-farmacos\/#breadcrumb\",\"itemListElement\":[{\"@type\":\"ListItem\",\"position\":1,\"name\":\"Home\",\"item\":\"https:\/\/www.healthy-heart.org\/es\/\"},{\"@type\":\"ListItem\",\"position\":2,\"name\":\"Vivir con una cardiopat\u00eda\",\"item\":\"https:\/\/www.healthy-heart.org\/es\/vivir-con-una-cardiopatia\/\"},{\"@type\":\"ListItem\",\"position\":3,\"name\":\"Tipos de f\u00e1rmacos\"}]},{\"@type\":\"WebSite\",\"@id\":\"https:\/\/www.healthy-heart.org\/es\/#website\",\"url\":\"https:\/\/www.healthy-heart.org\/es\/\",\"name\":\"Healthy-Heart.org\",\"description\":\"Practical advice for patients and family care givers on the prevention of cardiovascular disease\",\"potentialAction\":[{\"@type\":\"SearchAction\",\"target\":{\"@type\":\"EntryPoint\",\"urlTemplate\":\"https:\/\/www.healthy-heart.org\/es\/?s={search_term_string}\"},\"query-input\":{\"@type\":\"PropertyValueSpecification\",\"valueRequired\":true,\"valueName\":\"search_term_string\"}}],\"inLanguage\":\"es\"}]}<\/script>\n<!-- \/ Yoast SEO plugin. -->","yoast_head_json":{"title":"Tipos de f\u00e1rmacos - Healthy-Heart.org","description":"Conozca los f\u00e1rmacos cardiovasculares y sus efectos secundarios.","robots":{"index":"index","follow":"follow","max-snippet":"max-snippet:-1","max-image-preview":"max-image-preview:large","max-video-preview":"max-video-preview:-1"},"canonical":"https:\/\/www.healthy-heart.org\/es\/vivir-con-una-cardiopatia\/tipos-de-farmacos\/","og_locale":"es_ES","og_type":"article","og_title":"Tipos de f\u00e1rmacos - Healthy-Heart.org","og_description":"Conozca los f\u00e1rmacos cardiovasculares y sus efectos secundarios.","og_url":"https:\/\/www.healthy-heart.org\/es\/vivir-con-una-cardiopatia\/tipos-de-farmacos\/","og_site_name":"Healthy-Heart.org","article_modified_time":"2024-12-10T12:36:09+00:00","og_image":[{"width":1024,"height":683,"url":"https:\/\/www.healthy-heart.org\/wp-content\/uploads\/2019\/08\/Important-drugs-and-their-side-effects-iStock-1031014554-1024x683.jpg","type":"image\/jpeg"}],"twitter_card":"summary_large_image","twitter_misc":{"Tiempo de lectura":"4 minutos"},"schema":{"@context":"https:\/\/schema.org","@graph":[{"@type":"WebPage","@id":"https:\/\/www.healthy-heart.org\/es\/vivir-con-una-cardiopatia\/tipos-de-farmacos\/","url":"https:\/\/www.healthy-heart.org\/es\/vivir-con-una-cardiopatia\/tipos-de-farmacos\/","name":"Tipos de f\u00e1rmacos - Healthy-Heart.org","isPartOf":{"@id":"https:\/\/www.healthy-heart.org\/es\/#website"},"primaryImageOfPage":{"@id":"https:\/\/www.healthy-heart.org\/es\/vivir-con-una-cardiopatia\/tipos-de-farmacos\/#primaryimage"},"image":{"@id":"https:\/\/www.healthy-heart.org\/es\/vivir-con-una-cardiopatia\/tipos-de-farmacos\/#primaryimage"},"thumbnailUrl":"https:\/\/www.healthy-heart.org\/wp-content\/uploads\/2019\/08\/Important-drugs-and-their-side-effects-iStock-1031014554.jpg","datePublished":"2019-10-07T20:31:24+00:00","dateModified":"2024-12-10T12:36:09+00:00","description":"Conozca los f\u00e1rmacos cardiovasculares y sus efectos secundarios.","breadcrumb":{"@id":"https:\/\/www.healthy-heart.org\/es\/vivir-con-una-cardiopatia\/tipos-de-farmacos\/#breadcrumb"},"inLanguage":"es","potentialAction":[{"@type":"ReadAction","target":["https:\/\/www.healthy-heart.org\/es\/vivir-con-una-cardiopatia\/tipos-de-farmacos\/"]}]},{"@type":"ImageObject","inLanguage":"es","@id":"https:\/\/www.healthy-heart.org\/es\/vivir-con-una-cardiopatia\/tipos-de-farmacos\/#primaryimage","url":"https:\/\/www.healthy-heart.org\/wp-content\/uploads\/2019\/08\/Important-drugs-and-their-side-effects-iStock-1031014554.jpg","contentUrl":"https:\/\/www.healthy-heart.org\/wp-content\/uploads\/2019\/08\/Important-drugs-and-their-side-effects-iStock-1031014554.jpg","width":6000,"height":4000,"caption":"Tratamiento para la salud card\u00edaca"},{"@type":"BreadcrumbList","@id":"https:\/\/www.healthy-heart.org\/es\/vivir-con-una-cardiopatia\/tipos-de-farmacos\/#breadcrumb","itemListElement":[{"@type":"ListItem","position":1,"name":"Home","item":"https:\/\/www.healthy-heart.org\/es\/"},{"@type":"ListItem","position":2,"name":"Vivir con una cardiopat\u00eda","item":"https:\/\/www.healthy-heart.org\/es\/vivir-con-una-cardiopatia\/"},{"@type":"ListItem","position":3,"name":"Tipos de f\u00e1rmacos"}]},{"@type":"WebSite","@id":"https:\/\/www.healthy-heart.org\/es\/#website","url":"https:\/\/www.healthy-heart.org\/es\/","name":"Healthy-Heart.org","description":"Practical advice for patients and family care givers on the prevention of cardiovascular disease","potentialAction":[{"@type":"SearchAction","target":{"@type":"EntryPoint","urlTemplate":"https:\/\/www.healthy-heart.org\/es\/?s={search_term_string}"},"query-input":{"@type":"PropertyValueSpecification","valueRequired":true,"valueName":"search_term_string"}}],"inLanguage":"es"}]}},"_links":{"self":[{"href":"https:\/\/www.healthy-heart.org\/es\/wp-json\/wp\/v2\/pages\/1881","targetHints":{"allow":["GET"]}}],"collection":[{"href":"https:\/\/www.healthy-heart.org\/es\/wp-json\/wp\/v2\/pages"}],"about":[{"href":"https:\/\/www.healthy-heart.org\/es\/wp-json\/wp\/v2\/types\/page"}],"author":[{"embeddable":true,"href":"https:\/\/www.healthy-heart.org\/es\/wp-json\/wp\/v2\/users\/1"}],"replies":[{"embeddable":true,"href":"https:\/\/www.healthy-heart.org\/es\/wp-json\/wp\/v2\/comments?post=1881"}],"version-history":[{"count":3,"href":"https:\/\/www.healthy-heart.org\/es\/wp-json\/wp\/v2\/pages\/1881\/revisions"}],"predecessor-version":[{"id":7462,"href":"https:\/\/www.healthy-heart.org\/es\/wp-json\/wp\/v2\/pages\/1881\/revisions\/7462"}],"up":[{"embeddable":true,"href":"https:\/\/www.healthy-heart.org\/es\/wp-json\/wp\/v2\/pages\/1865"}],"wp:featuredmedia":[{"embeddable":true,"href":"https:\/\/www.healthy-heart.org\/es\/wp-json\/wp\/v2\/media\/1220"}],"wp:attachment":[{"href":"https:\/\/www.healthy-heart.org\/es\/wp-json\/wp\/v2\/media?parent=1881"}],"wp:term":[{"taxonomy":"category","embeddable":true,"href":"https:\/\/www.healthy-heart.org\/es\/wp-json\/wp\/v2\/categories?post=1881"},{"taxonomy":"post_tag","embeddable":true,"href":"https:\/\/www.healthy-heart.org\/es\/wp-json\/wp\/v2\/tags?post=1881"}],"curies":[{"name":"wp","href":"https:\/\/api.w.org\/{rel}","templated":true}]}}