{"id":1870,"date":"2019-10-07T18:03:36","date_gmt":"2019-10-07T17:03:36","guid":{"rendered":"https:\/\/www.healthy-heart.org\/mantenga-su-corazon-sano\/presion-arterial\/"},"modified":"2021-02-02T13:51:33","modified_gmt":"2021-02-02T13:51:33","slug":"presion-arterial","status":"publish","type":"page","link":"https:\/\/www.healthy-heart.org\/es\/mantenga-su-corazon-sano\/presion-arterial\/","title":{"rendered":"Presi\u00f3n arterial"},"content":{"rendered":"<h3><strong>\u00bfQu\u00e9 es la presi\u00f3n arterial?<\/strong><\/h3>\n<p>Cuando el coraz\u00f3n late, bombea sangre por todo el organismo, proporcion\u00e1ndole nutrientes y ox\u00edgeno. La sangre circulante ejerce presi\u00f3n sobre las paredes de los vasos sangu\u00edneos. La presi\u00f3n arterial es la fuerza con la que la sangre ejerce presi\u00f3n contra las paredes arteriales.<\/p>\n<p>Cuando la presi\u00f3n arterial es demasiado alta, ejerce tensi\u00f3n sobre las paredes arteriales, lo que las hace m\u00e1s susceptibles a los dep\u00f3sitos de <a href=\"https:\/\/www.healthy-heart.org\/es\/mantenga-su-corazon-sano\/colesterol\/\">colesterol<\/a> y al desarrollo de placas ateroscler\u00f3ticas (tambi\u00e9n llamado \u00abendurecimiento de las arterias\u00bb)<\/p>\n<p>Puede formarse un co\u00e1gulo de sangre en el lugar de la placa y bloquear total o parcialmente el flujo sangu\u00edneo dentro de la arteria o hacer que esta se rompa. Si un co\u00e1gulo bloquea un vaso sangu\u00edneo que irriga el cerebro, provoca un accidente cerebrovascular. Si un co\u00e1gulo bloquea un vaso sangu\u00edneo que irriga el coraz\u00f3n, provoca un infarto de miocardio. Los co\u00e1gulos en la aorta (el vaso principal del cuerpo) pueden causar una disecci\u00f3n a\u00f3rtica potencialmente mortal.<\/p>\n<p>La hipertensi\u00f3n obliga al coraz\u00f3n a trabajar con m\u00e1s intensidad. Esto hace que el m\u00fasculo card\u00edaco se espese y se endurezca, lo que puede provocar una insuficiencia card\u00edaca.<\/p>\n<h3><strong>C\u00f3mo tomarse la presi\u00f3n arterial <\/strong><\/h3>\n<p>Todo el mundo deber\u00eda saber su presi\u00f3n arterial. Conocer sus cifras (presi\u00f3n arterial, colesterol, az\u00facar en sangre e \u00edndice de masa corporal) es clave para prevenir las <a href=\"https:\/\/www.healthy-heart.org\/es\/su-corazon\/que-es-una-cardiopatia\/\">enfermedades card\u00edacas<\/a>.<\/p>\n<p><img loading=\"lazy\" decoding=\"async\" class=\"wp-image-485 size-medium alignright\" src=\"https:\/\/cdn-endpoint-prev.azureedge.net\/healthy-heart\/2019\/07\/iStock-133546401-350x233.jpg\" alt=\"\" width=\"350\" height=\"233\" srcset=\"https:\/\/www.healthy-heart.org\/wp-content\/uploads\/2019\/07\/iStock-133546401-350x233.jpg 350w, https:\/\/cdn-endpoint-prev.azureedge.net\/healthy-heart\/2019\/07\/iStock-133546401-2048x1365.jpg 2048w, https:\/\/cdn-endpoint-prev.azureedge.net\/healthy-heart\/2019\/07\/iStock-133546401-659x439.jpg 659w, https:\/\/www.healthy-heart.org\/wp-content\/uploads\/2019\/07\/iStock-133546401-200x133.jpg 200w, https:\/\/www.healthy-heart.org\/wp-content\/uploads\/2019\/07\/iStock-133546401-768x512.jpg 768w, https:\/\/www.healthy-heart.org\/wp-content\/uploads\/2019\/07\/iStock-133546401-1024x683.jpg 1024w, https:\/\/www.healthy-heart.org\/wp-content\/uploads\/2019\/07\/iStock-133546401-1536x1024.jpg 1536w, https:\/\/www.healthy-heart.org\/wp-content\/uploads\/2019\/07\/iStock-133546401-696x464.jpg 696w\" sizes=\"auto, (max-width: 350px) 100vw, 350px\" \/><\/p>\n<ol>\n<li>La persona debe sentarse c\u00f3modamente en una zona tranquila durante aproximadamente cinco minutos antes de tomarse la tensi\u00f3n.<\/li>\n<li>El tama\u00f1o correcto del manguito es importante: si es demasiado grande o demasiado peque\u00f1o puede provocar una lectura incorrecta.<\/li>\n<li>El manguito debe estar colocado a la altura del coraz\u00f3n y el brazo debe estar apoyado sobre una mesa o reposabrazos.<\/li>\n<li>La primera vez que se tome la tensi\u00f3n, la presi\u00f3n arterial se registra como una media de al menos dos mediciones.<\/li>\n<\/ol>\n<p>&nbsp;<\/p>\n<p><img loading=\"lazy\" decoding=\"async\" class=\"size-medium wp-image-505 alignright\" src=\"https:\/\/cdn-endpoint-prev.azureedge.net\/healthy-heart\/2019\/07\/iStock-664238154-350x233.jpg\" alt=\"\" width=\"350\" height=\"233\" srcset=\"https:\/\/www.healthy-heart.org\/wp-content\/uploads\/2019\/07\/iStock-664238154-350x233.jpg 350w, https:\/\/cdn-endpoint-prev.azureedge.net\/healthy-heart\/2019\/07\/iStock-664238154-2048x1365.jpg 2048w, https:\/\/cdn-endpoint-prev.azureedge.net\/healthy-heart\/2019\/07\/iStock-664238154-659x439.jpg 659w, https:\/\/www.healthy-heart.org\/wp-content\/uploads\/2019\/07\/iStock-664238154-200x133.jpg 200w, https:\/\/www.healthy-heart.org\/wp-content\/uploads\/2019\/07\/iStock-664238154-768x512.jpg 768w, https:\/\/www.healthy-heart.org\/wp-content\/uploads\/2019\/07\/iStock-664238154-1024x683.jpg 1024w, https:\/\/www.healthy-heart.org\/wp-content\/uploads\/2019\/07\/iStock-664238154-1536x1024.jpg 1536w, https:\/\/www.healthy-heart.org\/wp-content\/uploads\/2019\/07\/iStock-664238154-696x464.jpg 696w\" sizes=\"auto, (max-width: 350px) 100vw, 350px\" \/>La lectura se expresar\u00e1 como sist\u00f3lica sobre la presi\u00f3n arterial diast\u00f3lica en mil\u00edmetros de mercurio (mmHg). Las presiones reflejan las fases de bombeo (sist\u00f3lica) y reposo (diast\u00f3lica) de un latido card\u00edaco.<\/p>\n<p>&nbsp;<\/p>\n<p>En la figura, la cifra superior (120) es la presi\u00f3n sist\u00f3lica y la inferior (70) es la presi\u00f3n diast\u00f3lica.<\/p>\n<p>&nbsp;<\/p>\n<h3>Hipertensi\u00f3n arterial<\/h3>\n<p>La hipertensi\u00f3n se diagnostica cuando su presi\u00f3n arterial est\u00e1 constantemente por encima del nivel relacionado con un mayor riesgo de padecer enfermedades cardiovasculares (ECV). La PRESI\u00d3N SANGU\u00cdNEA se compone de la tensi\u00f3n sist\u00f3lica y diast\u00f3lica.<\/p>\n<blockquote><p>Una presi\u00f3n arterial normal no debe exceder de 130 a 140 mmHg sist\u00f3lica y de 80 a 90 mmHg diast\u00f3lica, dependiendo de la edad.<\/p><\/blockquote>\n<p>La hipertensi\u00f3n suele ser asintom\u00e1tica. \u00a1El primer paso es conocer sus cifras! P\u00eddale al m\u00e9dico que mida su presi\u00f3n arterial en diferentes ocasiones. Tambi\u00e9n puede pedir a su m\u00e9dico o farmac\u00e9utico un dispositivo de medici\u00f3n de la PA que se coloca en la parte superior del brazo para medirla varias veces en su casa o de manera continua las 24 horas.<\/p>\n<p>Una vez que conozca su presi\u00f3n arterial, su m\u00e9dico le indicar\u00e1 el tratamiento a seguir. Esto depender\u00e1 de su presi\u00f3n arterial y de otros factores que influyen en su riesgo total de desarrollar una ECV. Si su presi\u00f3n arterial es elevada, el primer paso es mejorar su estilo de vida: <a href=\"https:\/\/www.healthy-heart.org\/es\/mantenga-su-corazon-sano\/tabaquismo\/\">no fumar<\/a>, una <a href=\"https:\/\/www.healthy-heart.org\/es\/mantenga-su-corazon-sano\/una-dieta-cardiosaludable\/\">dieta saludable<\/a> y <a href=\"https:\/\/www.healthy-heart.org\/es\/mantenga-su-corazon-sano\/ejercicio-fisico\/\">ejercicio regular<\/a>. La p\u00e9rdida de 1 kg de grasa visceral (grasa corporal que se almacena dentro de la cavidad abdominal alrededor de \u00f3rganos internos importantes como el h\u00edgado, el p\u00e1ncreas y los intestinos) puede reducir la presi\u00f3n arterial en casi 1 mmHg. Si su presi\u00f3n arterial se mantiene alta a pesar de modificar los h\u00e1bitos, debe evaluarse la necesidad de tratamiento farmacol\u00f3gico. La elecci\u00f3n del medicamento depender\u00e1 de su riesgo individual. Es importante tomar los f\u00e1rmacos seg\u00fan lo prescrito para prevenir la ECV. Recuerde que aunque no sienta la hipertensi\u00f3n, todav\u00eda supone un riesgo. El control de la PA, un estilo de vida saludable y la medicaci\u00f3n son medidas preventivas para toda la vida.<\/p>\n","protected":false},"excerpt":{"rendered":"<p>\u00bfQu\u00e9 es la presi\u00f3n arterial? Cuando el coraz\u00f3n late, bombea sangre por todo el organismo, proporcion\u00e1ndole nutrientes y ox\u00edgeno. La sangre circulante ejerce presi\u00f3n sobre las paredes de los vasos sangu\u00edneos. La presi\u00f3n arterial es la fuerza con la que la sangre ejerce presi\u00f3n contra las paredes arteriales. Cuando la presi\u00f3n arterial es demasiado alta, [&hellip;]<\/p>\n","protected":false},"author":1,"featured_media":493,"parent":1682,"menu_order":1,"comment_status":"closed","ping_status":"closed","template":"","meta":{"_acf_changed":false,"footnotes":""},"categories":[58],"tags":[],"class_list":["post-1870","page","type-page","status-publish","has-post-thumbnail","hentry","category-mantenga-su-corazon-sano"],"acf":[],"yoast_head":"<!-- This site is optimized with the Yoast SEO plugin v24.0 - https:\/\/yoast.com\/wordpress\/plugins\/seo\/ -->\n<title>Presi\u00f3n arterial - Healthy-Heart.org<\/title>\n<meta name=\"description\" content=\"La hipertensi\u00f3n es un factor de riesgo importante para las enfermedades cardiovasculares. Sepa c\u00f3mo tomarse la tensi\u00f3n.\" \/>\n<meta name=\"robots\" content=\"index, follow, max-snippet:-1, max-image-preview:large, max-video-preview:-1\" \/>\n<link rel=\"canonical\" href=\"https:\/\/www.healthy-heart.org\/es\/mantenga-su-corazon-sano\/presion-arterial\/\" \/>\n<meta property=\"og:locale\" content=\"es_ES\" \/>\n<meta property=\"og:type\" content=\"article\" \/>\n<meta property=\"og:title\" content=\"Presi\u00f3n arterial - Healthy-Heart.org\" \/>\n<meta property=\"og:description\" content=\"La hipertensi\u00f3n es un factor de riesgo importante para las enfermedades cardiovasculares. Sepa c\u00f3mo tomarse la tensi\u00f3n.\" \/>\n<meta property=\"og:url\" content=\"https:\/\/www.healthy-heart.org\/es\/mantenga-su-corazon-sano\/presion-arterial\/\" \/>\n<meta property=\"og:site_name\" content=\"Healthy-Heart.org\" \/>\n<meta property=\"article:modified_time\" content=\"2021-02-02T13:51:33+00:00\" \/>\n<meta property=\"og:image\" content=\"https:\/\/www.healthy-heart.org\/wp-content\/uploads\/2019\/07\/iStock-133546401-1024x683.jpg\" \/>\n\t<meta property=\"og:image:width\" content=\"1024\" \/>\n\t<meta property=\"og:image:height\" content=\"683\" \/>\n\t<meta property=\"og:image:type\" content=\"image\/jpeg\" \/>\n<meta name=\"twitter:card\" content=\"summary_large_image\" \/>\n<meta name=\"twitter:label1\" content=\"Tiempo de lectura\" \/>\n\t<meta name=\"twitter:data1\" content=\"4 minutos\" \/>\n<script type=\"application\/ld+json\" class=\"yoast-schema-graph\">{\"@context\":\"https:\/\/schema.org\",\"@graph\":[{\"@type\":\"WebPage\",\"@id\":\"https:\/\/www.healthy-heart.org\/es\/mantenga-su-corazon-sano\/presion-arterial\/\",\"url\":\"https:\/\/www.healthy-heart.org\/es\/mantenga-su-corazon-sano\/presion-arterial\/\",\"name\":\"Presi\u00f3n arterial - Healthy-Heart.org\",\"isPartOf\":{\"@id\":\"https:\/\/www.healthy-heart.org\/es\/#website\"},\"primaryImageOfPage\":{\"@id\":\"https:\/\/www.healthy-heart.org\/es\/mantenga-su-corazon-sano\/presion-arterial\/#primaryimage\"},\"image\":{\"@id\":\"https:\/\/www.healthy-heart.org\/es\/mantenga-su-corazon-sano\/presion-arterial\/#primaryimage\"},\"thumbnailUrl\":\"https:\/\/www.healthy-heart.org\/wp-content\/uploads\/2019\/07\/iStock-133546401.jpg\",\"datePublished\":\"2019-10-07T17:03:36+00:00\",\"dateModified\":\"2021-02-02T13:51:33+00:00\",\"description\":\"La hipertensi\u00f3n es un factor de riesgo importante para las enfermedades cardiovasculares. Sepa c\u00f3mo tomarse la tensi\u00f3n.\",\"breadcrumb\":{\"@id\":\"https:\/\/www.healthy-heart.org\/es\/mantenga-su-corazon-sano\/presion-arterial\/#breadcrumb\"},\"inLanguage\":\"es\",\"potentialAction\":[{\"@type\":\"ReadAction\",\"target\":[\"https:\/\/www.healthy-heart.org\/es\/mantenga-su-corazon-sano\/presion-arterial\/\"]}]},{\"@type\":\"ImageObject\",\"inLanguage\":\"es\",\"@id\":\"https:\/\/www.healthy-heart.org\/es\/mantenga-su-corazon-sano\/presion-arterial\/#primaryimage\",\"url\":\"https:\/\/www.healthy-heart.org\/wp-content\/uploads\/2019\/07\/iStock-133546401.jpg\",\"contentUrl\":\"https:\/\/www.healthy-heart.org\/wp-content\/uploads\/2019\/07\/iStock-133546401.jpg\",\"width\":6048,\"height\":4032,\"caption\":\"Female doctor measuring blood pressure of senior women\"},{\"@type\":\"BreadcrumbList\",\"@id\":\"https:\/\/www.healthy-heart.org\/es\/mantenga-su-corazon-sano\/presion-arterial\/#breadcrumb\",\"itemListElement\":[{\"@type\":\"ListItem\",\"position\":1,\"name\":\"Home\",\"item\":\"https:\/\/www.healthy-heart.org\/es\/\"},{\"@type\":\"ListItem\",\"position\":2,\"name\":\"Mantenga su coraz\u00f3n sano\",\"item\":\"https:\/\/www.healthy-heart.org\/es\/mantenga-su-corazon-sano\/\"},{\"@type\":\"ListItem\",\"position\":3,\"name\":\"Presi\u00f3n arterial\"}]},{\"@type\":\"WebSite\",\"@id\":\"https:\/\/www.healthy-heart.org\/es\/#website\",\"url\":\"https:\/\/www.healthy-heart.org\/es\/\",\"name\":\"Healthy-Heart.org\",\"description\":\"Practical advice for patients and family care givers on the prevention of cardiovascular disease\",\"potentialAction\":[{\"@type\":\"SearchAction\",\"target\":{\"@type\":\"EntryPoint\",\"urlTemplate\":\"https:\/\/www.healthy-heart.org\/es\/?s={search_term_string}\"},\"query-input\":{\"@type\":\"PropertyValueSpecification\",\"valueRequired\":true,\"valueName\":\"search_term_string\"}}],\"inLanguage\":\"es\"}]}<\/script>\n<!-- \/ Yoast SEO plugin. -->","yoast_head_json":{"title":"Presi\u00f3n arterial - Healthy-Heart.org","description":"La hipertensi\u00f3n es un factor de riesgo importante para las enfermedades cardiovasculares. Sepa c\u00f3mo tomarse la tensi\u00f3n.","robots":{"index":"index","follow":"follow","max-snippet":"max-snippet:-1","max-image-preview":"max-image-preview:large","max-video-preview":"max-video-preview:-1"},"canonical":"https:\/\/www.healthy-heart.org\/es\/mantenga-su-corazon-sano\/presion-arterial\/","og_locale":"es_ES","og_type":"article","og_title":"Presi\u00f3n arterial - Healthy-Heart.org","og_description":"La hipertensi\u00f3n es un factor de riesgo importante para las enfermedades cardiovasculares. Sepa c\u00f3mo tomarse la tensi\u00f3n.","og_url":"https:\/\/www.healthy-heart.org\/es\/mantenga-su-corazon-sano\/presion-arterial\/","og_site_name":"Healthy-Heart.org","article_modified_time":"2021-02-02T13:51:33+00:00","og_image":[{"width":1024,"height":683,"url":"https:\/\/www.healthy-heart.org\/wp-content\/uploads\/2019\/07\/iStock-133546401-1024x683.jpg","type":"image\/jpeg"}],"twitter_card":"summary_large_image","twitter_misc":{"Tiempo de lectura":"4 minutos"},"schema":{"@context":"https:\/\/schema.org","@graph":[{"@type":"WebPage","@id":"https:\/\/www.healthy-heart.org\/es\/mantenga-su-corazon-sano\/presion-arterial\/","url":"https:\/\/www.healthy-heart.org\/es\/mantenga-su-corazon-sano\/presion-arterial\/","name":"Presi\u00f3n arterial - Healthy-Heart.org","isPartOf":{"@id":"https:\/\/www.healthy-heart.org\/es\/#website"},"primaryImageOfPage":{"@id":"https:\/\/www.healthy-heart.org\/es\/mantenga-su-corazon-sano\/presion-arterial\/#primaryimage"},"image":{"@id":"https:\/\/www.healthy-heart.org\/es\/mantenga-su-corazon-sano\/presion-arterial\/#primaryimage"},"thumbnailUrl":"https:\/\/www.healthy-heart.org\/wp-content\/uploads\/2019\/07\/iStock-133546401.jpg","datePublished":"2019-10-07T17:03:36+00:00","dateModified":"2021-02-02T13:51:33+00:00","description":"La hipertensi\u00f3n es un factor de riesgo importante para las enfermedades cardiovasculares. Sepa c\u00f3mo tomarse la tensi\u00f3n.","breadcrumb":{"@id":"https:\/\/www.healthy-heart.org\/es\/mantenga-su-corazon-sano\/presion-arterial\/#breadcrumb"},"inLanguage":"es","potentialAction":[{"@type":"ReadAction","target":["https:\/\/www.healthy-heart.org\/es\/mantenga-su-corazon-sano\/presion-arterial\/"]}]},{"@type":"ImageObject","inLanguage":"es","@id":"https:\/\/www.healthy-heart.org\/es\/mantenga-su-corazon-sano\/presion-arterial\/#primaryimage","url":"https:\/\/www.healthy-heart.org\/wp-content\/uploads\/2019\/07\/iStock-133546401.jpg","contentUrl":"https:\/\/www.healthy-heart.org\/wp-content\/uploads\/2019\/07\/iStock-133546401.jpg","width":6048,"height":4032,"caption":"Female doctor measuring blood pressure of senior women"},{"@type":"BreadcrumbList","@id":"https:\/\/www.healthy-heart.org\/es\/mantenga-su-corazon-sano\/presion-arterial\/#breadcrumb","itemListElement":[{"@type":"ListItem","position":1,"name":"Home","item":"https:\/\/www.healthy-heart.org\/es\/"},{"@type":"ListItem","position":2,"name":"Mantenga su coraz\u00f3n sano","item":"https:\/\/www.healthy-heart.org\/es\/mantenga-su-corazon-sano\/"},{"@type":"ListItem","position":3,"name":"Presi\u00f3n arterial"}]},{"@type":"WebSite","@id":"https:\/\/www.healthy-heart.org\/es\/#website","url":"https:\/\/www.healthy-heart.org\/es\/","name":"Healthy-Heart.org","description":"Practical advice for patients and family care givers on the prevention of cardiovascular disease","potentialAction":[{"@type":"SearchAction","target":{"@type":"EntryPoint","urlTemplate":"https:\/\/www.healthy-heart.org\/es\/?s={search_term_string}"},"query-input":{"@type":"PropertyValueSpecification","valueRequired":true,"valueName":"search_term_string"}}],"inLanguage":"es"}]}},"_links":{"self":[{"href":"https:\/\/www.healthy-heart.org\/es\/wp-json\/wp\/v2\/pages\/1870","targetHints":{"allow":["GET"]}}],"collection":[{"href":"https:\/\/www.healthy-heart.org\/es\/wp-json\/wp\/v2\/pages"}],"about":[{"href":"https:\/\/www.healthy-heart.org\/es\/wp-json\/wp\/v2\/types\/page"}],"author":[{"embeddable":true,"href":"https:\/\/www.healthy-heart.org\/es\/wp-json\/wp\/v2\/users\/1"}],"replies":[{"embeddable":true,"href":"https:\/\/www.healthy-heart.org\/es\/wp-json\/wp\/v2\/comments?post=1870"}],"version-history":[{"count":4,"href":"https:\/\/www.healthy-heart.org\/es\/wp-json\/wp\/v2\/pages\/1870\/revisions"}],"predecessor-version":[{"id":5071,"href":"https:\/\/www.healthy-heart.org\/es\/wp-json\/wp\/v2\/pages\/1870\/revisions\/5071"}],"up":[{"embeddable":true,"href":"https:\/\/www.healthy-heart.org\/es\/wp-json\/wp\/v2\/pages\/1682"}],"wp:featuredmedia":[{"embeddable":true,"href":"https:\/\/www.healthy-heart.org\/es\/wp-json\/wp\/v2\/media\/493"}],"wp:attachment":[{"href":"https:\/\/www.healthy-heart.org\/es\/wp-json\/wp\/v2\/media?parent=1870"}],"wp:term":[{"taxonomy":"category","embeddable":true,"href":"https:\/\/www.healthy-heart.org\/es\/wp-json\/wp\/v2\/categories?post=1870"},{"taxonomy":"post_tag","embeddable":true,"href":"https:\/\/www.healthy-heart.org\/es\/wp-json\/wp\/v2\/tags?post=1870"}],"curies":[{"name":"wp","href":"https:\/\/api.w.org\/{rel}","templated":true}]}}