{"id":1865,"date":"2019-10-07T18:03:06","date_gmt":"2019-10-07T17:03:06","guid":{"rendered":"https:\/\/www.healthy-heart.org\/vivir-con-una-cardiopatia\/"},"modified":"2019-10-07T18:03:06","modified_gmt":"2019-10-07T17:03:06","slug":"vivir-con-una-cardiopatia","status":"publish","type":"page","link":"https:\/\/www.healthy-heart.org\/es\/vivir-con-una-cardiopatia\/","title":{"rendered":"Vivir con una cardiopat\u00eda"},"content":{"rendered":"","protected":false},"excerpt":{"rendered":"","protected":false},"author":1,"featured_media":0,"parent":0,"menu_order":0,"comment_status":"closed","ping_status":"closed","template":"","meta":{"_acf_changed":false,"footnotes":""},"categories":[63],"tags":[],"class_list":["post-1865","page","type-page","status-publish","hentry","category-vivir-con-una-cardiopatia"],"acf":[],"yoast_head":"<!-- This site is optimized with the Yoast SEO plugin v24.0 - https:\/\/yoast.com\/wordpress\/plugins\/seo\/ -->\n<title>Vivir con una cardiopat\u00eda - Healthy-Heart.org<\/title>\n<meta name=\"description\" content=\"Aprenda rutinas para mejorar la salud de su coraz\u00f3n, retomar sus actividades habituales y sepa c\u00f3mo act\u00faan los f\u00e1rmacos cardiovasculares.\" \/>\n<meta name=\"robots\" content=\"index, follow, max-snippet:-1, max-image-preview:large, max-video-preview:-1\" \/>\n<link rel=\"canonical\" href=\"https:\/\/www.healthy-heart.org\/es\/vivir-con-una-cardiopatia\/\" \/>\n<meta property=\"og:locale\" content=\"es_ES\" \/>\n<meta property=\"og:type\" content=\"article\" \/>\n<meta property=\"og:title\" content=\"Vivir con una cardiopat\u00eda - Healthy-Heart.org\" \/>\n<meta property=\"og:description\" content=\"Aprenda rutinas para mejorar la salud de su coraz\u00f3n, retomar sus actividades habituales y sepa c\u00f3mo act\u00faan los f\u00e1rmacos cardiovasculares.\" \/>\n<meta property=\"og:url\" content=\"https:\/\/www.healthy-heart.org\/es\/vivir-con-una-cardiopatia\/\" \/>\n<meta property=\"og:site_name\" content=\"Healthy-Heart.org\" \/>\n<meta name=\"twitter:card\" content=\"summary_large_image\" \/>\n<script type=\"application\/ld+json\" class=\"yoast-schema-graph\">{\"@context\":\"https:\/\/schema.org\",\"@graph\":[{\"@type\":\"WebPage\",\"@id\":\"https:\/\/www.healthy-heart.org\/es\/vivir-con-una-cardiopatia\/\",\"url\":\"https:\/\/www.healthy-heart.org\/es\/vivir-con-una-cardiopatia\/\",\"name\":\"Vivir con una cardiopat\u00eda - Healthy-Heart.org\",\"isPartOf\":{\"@id\":\"https:\/\/www.healthy-heart.org\/es\/#website\"},\"datePublished\":\"2019-10-07T17:03:06+00:00\",\"dateModified\":\"2019-10-07T17:03:06+00:00\",\"description\":\"Aprenda rutinas para mejorar la salud de su coraz\u00f3n, retomar sus actividades habituales y sepa c\u00f3mo act\u00faan los f\u00e1rmacos cardiovasculares.\",\"breadcrumb\":{\"@id\":\"https:\/\/www.healthy-heart.org\/es\/vivir-con-una-cardiopatia\/#breadcrumb\"},\"inLanguage\":\"es\",\"potentialAction\":[{\"@type\":\"ReadAction\",\"target\":[\"https:\/\/www.healthy-heart.org\/es\/vivir-con-una-cardiopatia\/\"]}]},{\"@type\":\"BreadcrumbList\",\"@id\":\"https:\/\/www.healthy-heart.org\/es\/vivir-con-una-cardiopatia\/#breadcrumb\",\"itemListElement\":[{\"@type\":\"ListItem\",\"position\":1,\"name\":\"Home\",\"item\":\"https:\/\/www.healthy-heart.org\/es\/\"},{\"@type\":\"ListItem\",\"position\":2,\"name\":\"Vivir con una cardiopat\u00eda\"}]},{\"@type\":\"WebSite\",\"@id\":\"https:\/\/www.healthy-heart.org\/es\/#website\",\"url\":\"https:\/\/www.healthy-heart.org\/es\/\",\"name\":\"Healthy-Heart.org\",\"description\":\"Practical advice for patients and family care givers on the prevention of cardiovascular disease\",\"potentialAction\":[{\"@type\":\"SearchAction\",\"target\":{\"@type\":\"EntryPoint\",\"urlTemplate\":\"https:\/\/www.healthy-heart.org\/es\/?s={search_term_string}\"},\"query-input\":{\"@type\":\"PropertyValueSpecification\",\"valueRequired\":true,\"valueName\":\"search_term_string\"}}],\"inLanguage\":\"es\"}]}<\/script>\n<!-- \/ Yoast SEO plugin. -->","yoast_head_json":{"title":"Vivir con una cardiopat\u00eda - Healthy-Heart.org","description":"Aprenda rutinas para mejorar la salud de su coraz\u00f3n, retomar sus actividades habituales y sepa c\u00f3mo act\u00faan los f\u00e1rmacos cardiovasculares.","robots":{"index":"index","follow":"follow","max-snippet":"max-snippet:-1","max-image-preview":"max-image-preview:large","max-video-preview":"max-video-preview:-1"},"canonical":"https:\/\/www.healthy-heart.org\/es\/vivir-con-una-cardiopatia\/","og_locale":"es_ES","og_type":"article","og_title":"Vivir con una cardiopat\u00eda - Healthy-Heart.org","og_description":"Aprenda rutinas para mejorar la salud de su coraz\u00f3n, retomar sus actividades habituales y sepa c\u00f3mo act\u00faan los f\u00e1rmacos cardiovasculares.","og_url":"https:\/\/www.healthy-heart.org\/es\/vivir-con-una-cardiopatia\/","og_site_name":"Healthy-Heart.org","twitter_card":"summary_large_image","schema":{"@context":"https:\/\/schema.org","@graph":[{"@type":"WebPage","@id":"https:\/\/www.healthy-heart.org\/es\/vivir-con-una-cardiopatia\/","url":"https:\/\/www.healthy-heart.org\/es\/vivir-con-una-cardiopatia\/","name":"Vivir con una cardiopat\u00eda - Healthy-Heart.org","isPartOf":{"@id":"https:\/\/www.healthy-heart.org\/es\/#website"},"datePublished":"2019-10-07T17:03:06+00:00","dateModified":"2019-10-07T17:03:06+00:00","description":"Aprenda rutinas para mejorar la salud de su coraz\u00f3n, retomar sus actividades habituales y sepa c\u00f3mo act\u00faan los f\u00e1rmacos cardiovasculares.","breadcrumb":{"@id":"https:\/\/www.healthy-heart.org\/es\/vivir-con-una-cardiopatia\/#breadcrumb"},"inLanguage":"es","potentialAction":[{"@type":"ReadAction","target":["https:\/\/www.healthy-heart.org\/es\/vivir-con-una-cardiopatia\/"]}]},{"@type":"BreadcrumbList","@id":"https:\/\/www.healthy-heart.org\/es\/vivir-con-una-cardiopatia\/#breadcrumb","itemListElement":[{"@type":"ListItem","position":1,"name":"Home","item":"https:\/\/www.healthy-heart.org\/es\/"},{"@type":"ListItem","position":2,"name":"Vivir con una cardiopat\u00eda"}]},{"@type":"WebSite","@id":"https:\/\/www.healthy-heart.org\/es\/#website","url":"https:\/\/www.healthy-heart.org\/es\/","name":"Healthy-Heart.org","description":"Practical advice for patients and family care givers on the prevention of cardiovascular disease","potentialAction":[{"@type":"SearchAction","target":{"@type":"EntryPoint","urlTemplate":"https:\/\/www.healthy-heart.org\/es\/?s={search_term_string}"},"query-input":{"@type":"PropertyValueSpecification","valueRequired":true,"valueName":"search_term_string"}}],"inLanguage":"es"}]}},"_links":{"self":[{"href":"https:\/\/www.healthy-heart.org\/es\/wp-json\/wp\/v2\/pages\/1865","targetHints":{"allow":["GET"]}}],"collection":[{"href":"https:\/\/www.healthy-heart.org\/es\/wp-json\/wp\/v2\/pages"}],"about":[{"href":"https:\/\/www.healthy-heart.org\/es\/wp-json\/wp\/v2\/types\/page"}],"author":[{"embeddable":true,"href":"https:\/\/www.healthy-heart.org\/es\/wp-json\/wp\/v2\/users\/1"}],"replies":[{"embeddable":true,"href":"https:\/\/www.healthy-heart.org\/es\/wp-json\/wp\/v2\/comments?post=1865"}],"version-history":[{"count":0,"href":"https:\/\/www.healthy-heart.org\/es\/wp-json\/wp\/v2\/pages\/1865\/revisions"}],"wp:attachment":[{"href":"https:\/\/www.healthy-heart.org\/es\/wp-json\/wp\/v2\/media?parent=1865"}],"wp:term":[{"taxonomy":"category","embeddable":true,"href":"https:\/\/www.healthy-heart.org\/es\/wp-json\/wp\/v2\/categories?post=1865"},{"taxonomy":"post_tag","embeddable":true,"href":"https:\/\/www.healthy-heart.org\/es\/wp-json\/wp\/v2\/tags?post=1865"}],"curies":[{"name":"wp","href":"https:\/\/api.w.org\/{rel}","templated":true}]}}