{"id":1855,"date":"2019-10-07T18:02:33","date_gmt":"2019-10-07T17:02:33","guid":{"rendered":"https:\/\/www.healthy-heart.org\/viajar-despues-de-un-infarto-de-miocardio\/"},"modified":"2024-12-10T12:24:15","modified_gmt":"2024-12-10T12:24:15","slug":"viajar-despues-de-un-infarto-de-miocardio","status":"publish","type":"page","link":"https:\/\/www.healthy-heart.org\/es\/vivir-con-una-cardiopatia\/viajar-despues-de-un-infarto-de-miocardio\/","title":{"rendered":"Viajar despu\u00e9s de un infarto de miocardio"},"content":{"rendered":"<p><img loading=\"lazy\" decoding=\"async\" class=\"size-medium wp-image-3193 alignright\" src=\"https:\/\/cdn-endpoint-prev.azureedge.net\/healthy-heart\/2019\/10\/Travel-1-350x227.jpg\" alt=\"\" width=\"350\" height=\"227\" srcset=\"https:\/\/cdn-endpoint-prev.azureedge.net\/healthy-heart\/2019\/10\/Travel-1-350x227.jpg 350w, https:\/\/cdn-endpoint-prev.azureedge.net\/healthy-heart\/2019\/10\/Travel-1-1024x665.jpg 1024w, https:\/\/cdn-endpoint-prev.azureedge.net\/healthy-heart\/2019\/10\/Travel-1-676x439.jpg 676w, https:\/\/www.healthy-heart.org\/wp-content\/uploads\/2019\/10\/Travel-1-200x130.jpg 200w, https:\/\/www.healthy-heart.org\/wp-content\/uploads\/2019\/10\/Travel-1-768x499.jpg 768w, https:\/\/www.healthy-heart.org\/wp-content\/uploads\/2019\/10\/Travel-1-1536x998.jpg 1536w, https:\/\/www.healthy-heart.org\/wp-content\/uploads\/2019\/10\/Travel-1-2048x1331.jpg 2048w, https:\/\/www.healthy-heart.org\/wp-content\/uploads\/2019\/10\/Travel-1-700x455.jpg 700w\" sizes=\"auto, (max-width: 350px) 100vw, 350px\" \/><\/p>\n<p>Puede viajar como pasajero en coche o en tren poco despu\u00e9s de recibir el alta hospitalaria. Cuando viaje en coche, es importante que no conduzca y que se asegure de hacer descansos frecuentes durante los viajes largos. Dado que las normativas legales pueden variar de un pa\u00eds a otro, compruebe siempre las leyes locales relacionadas con la conducci\u00f3n y las condiciones de salud antes de viajar.<\/p>\n<p>Cuando se trata de volar, la idoneidad para hacerlo var\u00eda en funci\u00f3n de las circunstancias individuales. Debe consultar con su m\u00e9dico para determinar cu\u00e1ndo es seguro volar para usted. Esta decisi\u00f3n depender\u00e1 de factores como la gravedad de su infarto de miocardio, la duraci\u00f3n del vuelo y si viajar\u00e1 en solitario o con alguien. En general, volar supone un riesgo bajo tras un infarto de miocardio sin complicaciones, y muchos pacientes pueden volar a los tres d\u00edas del alta. Para quienes hayan sufrido complicaciones durante el infarto, es aconsejable retrasar el vuelo hasta que su situaci\u00f3n se haya estabilizado. Si es necesario viajar en las dos semanas siguientes al infarto de miocardio, el m\u00e9dico puede recomendar viajar con un acompa\u00f1ante m\u00e9dico debido a los riesgos asociados a los bajos niveles de ox\u00edgeno en cabina. Adem\u00e1s, es crucial consultar con la compa\u00f1\u00eda de seguros y la aerol\u00ednea antes de viajar, ya que las pol\u00edticas relativas a los viajes en avi\u00f3n para pasajeros con enfermedades cr\u00f3nicas pueden variar significativamente.<\/p>\n","protected":false},"excerpt":{"rendered":"<p>Puede viajar como pasajero en coche o en tren poco despu\u00e9s de recibir el alta hospitalaria. Cuando viaje en coche, es importante que no conduzca y que se asegure de hacer descansos frecuentes durante los viajes largos. Dado que las normativas legales pueden variar de un pa\u00eds a otro, compruebe siempre las leyes locales relacionadas [&hellip;]<\/p>\n","protected":false},"author":1,"featured_media":3201,"parent":1865,"menu_order":7,"comment_status":"closed","ping_status":"closed","template":"","meta":{"_acf_changed":false,"footnotes":""},"categories":[63],"tags":[],"class_list":["post-1855","page","type-page","status-publish","has-post-thumbnail","hentry","category-vivir-con-una-cardiopatia"],"acf":[],"yoast_head":"<!-- This site is optimized with the Yoast SEO plugin v24.0 - https:\/\/yoast.com\/wordpress\/plugins\/seo\/ -->\n<title>Viajar despu\u00e9s de un infarto de miocardio - Healthy-Heart.org<\/title>\n<meta name=\"description\" content=\"Despu\u00e9s de un infarto de miocardio, puede viajar en coche o en tren inmediatamente despu\u00e9s de haber recibido el alta hospitalaria, siempre que vaya como pasajero y no haga un esfuerzo excesivo.\" \/>\n<meta name=\"robots\" content=\"index, follow, max-snippet:-1, max-image-preview:large, max-video-preview:-1\" \/>\n<link rel=\"canonical\" href=\"https:\/\/www.healthy-heart.org\/es\/vivir-con-una-cardiopatia\/viajar-despues-de-un-infarto-de-miocardio\/\" \/>\n<meta property=\"og:locale\" content=\"es_ES\" \/>\n<meta property=\"og:type\" content=\"article\" \/>\n<meta property=\"og:title\" content=\"Viajar despu\u00e9s de un infarto de miocardio - Healthy-Heart.org\" \/>\n<meta property=\"og:description\" content=\"Despu\u00e9s de un infarto de miocardio, puede viajar en coche o en tren inmediatamente despu\u00e9s de haber recibido el alta hospitalaria, siempre que vaya como pasajero y no haga un esfuerzo excesivo.\" \/>\n<meta property=\"og:url\" content=\"https:\/\/www.healthy-heart.org\/es\/vivir-con-una-cardiopatia\/viajar-despues-de-un-infarto-de-miocardio\/\" \/>\n<meta property=\"og:site_name\" content=\"Healthy-Heart.org\" \/>\n<meta property=\"article:modified_time\" content=\"2024-12-10T12:24:15+00:00\" \/>\n<meta property=\"og:image\" content=\"https:\/\/www.healthy-heart.org\/wp-content\/uploads\/2019\/10\/Travel-1.jpg\" \/>\n\t<meta property=\"og:image:width\" content=\"3144\" \/>\n\t<meta property=\"og:image:height\" content=\"2043\" \/>\n\t<meta property=\"og:image:type\" content=\"image\/jpeg\" \/>\n<meta name=\"twitter:card\" content=\"summary_large_image\" \/>\n<meta name=\"twitter:label1\" content=\"Tiempo de lectura\" \/>\n\t<meta name=\"twitter:data1\" content=\"1 minuto\" \/>\n<script type=\"application\/ld+json\" class=\"yoast-schema-graph\">{\"@context\":\"https:\/\/schema.org\",\"@graph\":[{\"@type\":\"WebPage\",\"@id\":\"https:\/\/www.healthy-heart.org\/es\/vivir-con-una-cardiopatia\/viajar-despues-de-un-infarto-de-miocardio\/\",\"url\":\"https:\/\/www.healthy-heart.org\/es\/vivir-con-una-cardiopatia\/viajar-despues-de-un-infarto-de-miocardio\/\",\"name\":\"Viajar despu\u00e9s de un infarto de miocardio - Healthy-Heart.org\",\"isPartOf\":{\"@id\":\"https:\/\/www.healthy-heart.org\/es\/#website\"},\"primaryImageOfPage\":{\"@id\":\"https:\/\/www.healthy-heart.org\/es\/vivir-con-una-cardiopatia\/viajar-despues-de-un-infarto-de-miocardio\/#primaryimage\"},\"image\":{\"@id\":\"https:\/\/www.healthy-heart.org\/es\/vivir-con-una-cardiopatia\/viajar-despues-de-un-infarto-de-miocardio\/#primaryimage\"},\"thumbnailUrl\":\"https:\/\/www.healthy-heart.org\/wp-content\/uploads\/2019\/10\/Travel-1.jpg\",\"datePublished\":\"2019-10-07T17:02:33+00:00\",\"dateModified\":\"2024-12-10T12:24:15+00:00\",\"description\":\"Despu\u00e9s de un infarto de miocardio, puede viajar en coche o en tren inmediatamente despu\u00e9s de haber recibido el alta hospitalaria, siempre que vaya como pasajero y no haga un esfuerzo excesivo.\",\"breadcrumb\":{\"@id\":\"https:\/\/www.healthy-heart.org\/es\/vivir-con-una-cardiopatia\/viajar-despues-de-un-infarto-de-miocardio\/#breadcrumb\"},\"inLanguage\":\"es\",\"potentialAction\":[{\"@type\":\"ReadAction\",\"target\":[\"https:\/\/www.healthy-heart.org\/es\/vivir-con-una-cardiopatia\/viajar-despues-de-un-infarto-de-miocardio\/\"]}]},{\"@type\":\"ImageObject\",\"inLanguage\":\"es\",\"@id\":\"https:\/\/www.healthy-heart.org\/es\/vivir-con-una-cardiopatia\/viajar-despues-de-un-infarto-de-miocardio\/#primaryimage\",\"url\":\"https:\/\/www.healthy-heart.org\/wp-content\/uploads\/2019\/10\/Travel-1.jpg\",\"contentUrl\":\"https:\/\/www.healthy-heart.org\/wp-content\/uploads\/2019\/10\/Travel-1.jpg\",\"width\":3144,\"height\":2043},{\"@type\":\"BreadcrumbList\",\"@id\":\"https:\/\/www.healthy-heart.org\/es\/vivir-con-una-cardiopatia\/viajar-despues-de-un-infarto-de-miocardio\/#breadcrumb\",\"itemListElement\":[{\"@type\":\"ListItem\",\"position\":1,\"name\":\"Home\",\"item\":\"https:\/\/www.healthy-heart.org\/es\/\"},{\"@type\":\"ListItem\",\"position\":2,\"name\":\"Vivir con una cardiopat\u00eda\",\"item\":\"https:\/\/www.healthy-heart.org\/es\/vivir-con-una-cardiopatia\/\"},{\"@type\":\"ListItem\",\"position\":3,\"name\":\"Viajar despu\u00e9s de un infarto de miocardio\"}]},{\"@type\":\"WebSite\",\"@id\":\"https:\/\/www.healthy-heart.org\/es\/#website\",\"url\":\"https:\/\/www.healthy-heart.org\/es\/\",\"name\":\"Healthy-Heart.org\",\"description\":\"Practical advice for patients and family care givers on the prevention of cardiovascular disease\",\"potentialAction\":[{\"@type\":\"SearchAction\",\"target\":{\"@type\":\"EntryPoint\",\"urlTemplate\":\"https:\/\/www.healthy-heart.org\/es\/?s={search_term_string}\"},\"query-input\":{\"@type\":\"PropertyValueSpecification\",\"valueRequired\":true,\"valueName\":\"search_term_string\"}}],\"inLanguage\":\"es\"}]}<\/script>\n<!-- \/ Yoast SEO plugin. -->","yoast_head_json":{"title":"Viajar despu\u00e9s de un infarto de miocardio - Healthy-Heart.org","description":"Despu\u00e9s de un infarto de miocardio, puede viajar en coche o en tren inmediatamente despu\u00e9s de haber recibido el alta hospitalaria, siempre que vaya como pasajero y no haga un esfuerzo excesivo.","robots":{"index":"index","follow":"follow","max-snippet":"max-snippet:-1","max-image-preview":"max-image-preview:large","max-video-preview":"max-video-preview:-1"},"canonical":"https:\/\/www.healthy-heart.org\/es\/vivir-con-una-cardiopatia\/viajar-despues-de-un-infarto-de-miocardio\/","og_locale":"es_ES","og_type":"article","og_title":"Viajar despu\u00e9s de un infarto de miocardio - Healthy-Heart.org","og_description":"Despu\u00e9s de un infarto de miocardio, puede viajar en coche o en tren inmediatamente despu\u00e9s de haber recibido el alta hospitalaria, siempre que vaya como pasajero y no haga un esfuerzo excesivo.","og_url":"https:\/\/www.healthy-heart.org\/es\/vivir-con-una-cardiopatia\/viajar-despues-de-un-infarto-de-miocardio\/","og_site_name":"Healthy-Heart.org","article_modified_time":"2024-12-10T12:24:15+00:00","og_image":[{"width":3144,"height":2043,"url":"https:\/\/www.healthy-heart.org\/wp-content\/uploads\/2019\/10\/Travel-1.jpg","type":"image\/jpeg"}],"twitter_card":"summary_large_image","twitter_misc":{"Tiempo de lectura":"1 minuto"},"schema":{"@context":"https:\/\/schema.org","@graph":[{"@type":"WebPage","@id":"https:\/\/www.healthy-heart.org\/es\/vivir-con-una-cardiopatia\/viajar-despues-de-un-infarto-de-miocardio\/","url":"https:\/\/www.healthy-heart.org\/es\/vivir-con-una-cardiopatia\/viajar-despues-de-un-infarto-de-miocardio\/","name":"Viajar despu\u00e9s de un infarto de miocardio - Healthy-Heart.org","isPartOf":{"@id":"https:\/\/www.healthy-heart.org\/es\/#website"},"primaryImageOfPage":{"@id":"https:\/\/www.healthy-heart.org\/es\/vivir-con-una-cardiopatia\/viajar-despues-de-un-infarto-de-miocardio\/#primaryimage"},"image":{"@id":"https:\/\/www.healthy-heart.org\/es\/vivir-con-una-cardiopatia\/viajar-despues-de-un-infarto-de-miocardio\/#primaryimage"},"thumbnailUrl":"https:\/\/www.healthy-heart.org\/wp-content\/uploads\/2019\/10\/Travel-1.jpg","datePublished":"2019-10-07T17:02:33+00:00","dateModified":"2024-12-10T12:24:15+00:00","description":"Despu\u00e9s de un infarto de miocardio, puede viajar en coche o en tren inmediatamente despu\u00e9s de haber recibido el alta hospitalaria, siempre que vaya como pasajero y no haga un esfuerzo excesivo.","breadcrumb":{"@id":"https:\/\/www.healthy-heart.org\/es\/vivir-con-una-cardiopatia\/viajar-despues-de-un-infarto-de-miocardio\/#breadcrumb"},"inLanguage":"es","potentialAction":[{"@type":"ReadAction","target":["https:\/\/www.healthy-heart.org\/es\/vivir-con-una-cardiopatia\/viajar-despues-de-un-infarto-de-miocardio\/"]}]},{"@type":"ImageObject","inLanguage":"es","@id":"https:\/\/www.healthy-heart.org\/es\/vivir-con-una-cardiopatia\/viajar-despues-de-un-infarto-de-miocardio\/#primaryimage","url":"https:\/\/www.healthy-heart.org\/wp-content\/uploads\/2019\/10\/Travel-1.jpg","contentUrl":"https:\/\/www.healthy-heart.org\/wp-content\/uploads\/2019\/10\/Travel-1.jpg","width":3144,"height":2043},{"@type":"BreadcrumbList","@id":"https:\/\/www.healthy-heart.org\/es\/vivir-con-una-cardiopatia\/viajar-despues-de-un-infarto-de-miocardio\/#breadcrumb","itemListElement":[{"@type":"ListItem","position":1,"name":"Home","item":"https:\/\/www.healthy-heart.org\/es\/"},{"@type":"ListItem","position":2,"name":"Vivir con una cardiopat\u00eda","item":"https:\/\/www.healthy-heart.org\/es\/vivir-con-una-cardiopatia\/"},{"@type":"ListItem","position":3,"name":"Viajar despu\u00e9s de un infarto de miocardio"}]},{"@type":"WebSite","@id":"https:\/\/www.healthy-heart.org\/es\/#website","url":"https:\/\/www.healthy-heart.org\/es\/","name":"Healthy-Heart.org","description":"Practical advice for patients and family care givers on the prevention of cardiovascular disease","potentialAction":[{"@type":"SearchAction","target":{"@type":"EntryPoint","urlTemplate":"https:\/\/www.healthy-heart.org\/es\/?s={search_term_string}"},"query-input":{"@type":"PropertyValueSpecification","valueRequired":true,"valueName":"search_term_string"}}],"inLanguage":"es"}]}},"_links":{"self":[{"href":"https:\/\/www.healthy-heart.org\/es\/wp-json\/wp\/v2\/pages\/1855","targetHints":{"allow":["GET"]}}],"collection":[{"href":"https:\/\/www.healthy-heart.org\/es\/wp-json\/wp\/v2\/pages"}],"about":[{"href":"https:\/\/www.healthy-heart.org\/es\/wp-json\/wp\/v2\/types\/page"}],"author":[{"embeddable":true,"href":"https:\/\/www.healthy-heart.org\/es\/wp-json\/wp\/v2\/users\/1"}],"replies":[{"embeddable":true,"href":"https:\/\/www.healthy-heart.org\/es\/wp-json\/wp\/v2\/comments?post=1855"}],"version-history":[{"count":5,"href":"https:\/\/www.healthy-heart.org\/es\/wp-json\/wp\/v2\/pages\/1855\/revisions"}],"predecessor-version":[{"id":7433,"href":"https:\/\/www.healthy-heart.org\/es\/wp-json\/wp\/v2\/pages\/1855\/revisions\/7433"}],"up":[{"embeddable":true,"href":"https:\/\/www.healthy-heart.org\/es\/wp-json\/wp\/v2\/pages\/1865"}],"wp:featuredmedia":[{"embeddable":true,"href":"https:\/\/www.healthy-heart.org\/es\/wp-json\/wp\/v2\/media\/3201"}],"wp:attachment":[{"href":"https:\/\/www.healthy-heart.org\/es\/wp-json\/wp\/v2\/media?parent=1855"}],"wp:term":[{"taxonomy":"category","embeddable":true,"href":"https:\/\/www.healthy-heart.org\/es\/wp-json\/wp\/v2\/categories?post=1855"},{"taxonomy":"post_tag","embeddable":true,"href":"https:\/\/www.healthy-heart.org\/es\/wp-json\/wp\/v2\/tags?post=1855"}],"curies":[{"name":"wp","href":"https:\/\/api.w.org\/{rel}","templated":true}]}}