{"id":1850,"date":"2019-10-07T18:02:21","date_gmt":"2019-10-07T17:02:21","guid":{"rendered":"https:\/\/www.healthy-heart.org\/conducir-despues-de-un-infarto-de-miocardio\/"},"modified":"2020-10-23T16:39:59","modified_gmt":"2020-10-23T15:39:59","slug":"conducir-despues-de-un-infarto-de-miocardio","status":"publish","type":"page","link":"https:\/\/www.healthy-heart.org\/es\/vivir-con-una-cardiopatia\/conducir-despues-de-un-infarto-de-miocardio\/","title":{"rendered":"Conducir despu\u00e9s de un infarto de miocardio"},"content":{"rendered":"<p><img loading=\"lazy\" decoding=\"async\" class=\"alignright size-medium wp-image-529\" src=\"https:\/\/cdn-endpoint-prev.azureedge.net\/healthy-heart\/2019\/07\/iStock-974943148-350x233.jpg\" alt=\"\" width=\"350\" height=\"233\" srcset=\"https:\/\/www.healthy-heart.org\/wp-content\/uploads\/2019\/07\/iStock-974943148-350x233.jpg 350w, https:\/\/cdn-endpoint-prev.azureedge.net\/healthy-heart\/2019\/07\/iStock-974943148-2048x1365.jpg 2048w, https:\/\/www.healthy-heart.org\/wp-content\/uploads\/2019\/07\/iStock-974943148-200x133.jpg 200w, https:\/\/www.healthy-heart.org\/wp-content\/uploads\/2019\/07\/iStock-974943148-768x512.jpg 768w, https:\/\/www.healthy-heart.org\/wp-content\/uploads\/2019\/07\/iStock-974943148-1024x683.jpg 1024w, https:\/\/www.healthy-heart.org\/wp-content\/uploads\/2019\/07\/iStock-974943148-1536x1024.jpg 1536w, https:\/\/www.healthy-heart.org\/wp-content\/uploads\/2019\/07\/iStock-974943148-658x439.jpg 658w, https:\/\/www.healthy-heart.org\/wp-content\/uploads\/2019\/07\/iStock-974943148-696x464.jpg 696w\" sizes=\"auto, (max-width: 350px) 100vw, 350px\" \/><br \/>\nConducir puede ser estresante y podr\u00eda suponer un factor de riesgo adicional para las <a href=\"https:\/\/www.healthy-heart.org\/es\/su-corazon\/que-es-una-cardiopatia\/\">enfermedades card\u00edacas<\/a>. Su cardi\u00f3logo decidir\u00e1 cu\u00e1ndo puede volver a conducir en base a varios aspectos. Estos incluyen la duraci\u00f3n entre la aparici\u00f3n del dolor tor\u00e1cico y la intervenci\u00f3n, la ubicaci\u00f3n del infarto de miocardio, la capacidad de bombeo del coraz\u00f3n, el tipo de procedimiento utilizado para restaurar el flujo sangu\u00edneo a los vasos estenosados y el grado de restauraci\u00f3n, si hay otras arterias coronarias estenosadas que necesitan ser abiertas o tienen estenosis inaccesible, la estabilidad del ritmo card\u00edaco, la duraci\u00f3n de la hospitalizaci\u00f3n, las complicaciones en el hospital y la participaci\u00f3n en programas de rehabilitaci\u00f3n card\u00edaca.<\/p>\n<p>Las recomendaciones para volver a conducir var\u00edan y pueden estar sujetas a una regulaci\u00f3n espec\u00edfica de cada pa\u00eds. En general deber\u00eda esperar:<\/p>\n<ul>\n<li>Al menos cuatro semanas si se someti\u00f3 a una cirug\u00eda de revascularizaci\u00f3n quir\u00fargica (tres meses para los conductores profesionales, con ergometr\u00eda previa).<\/li>\n<li>Al menos una semana si tuvo un infarto de miocardio sin complicaciones y la capacidad de bombeo de su coraz\u00f3n, llamada fracci\u00f3n de eyecci\u00f3n ventricular izquierda (FEVI), se sit\u00faa por encima del 35\u00a0%.<\/li>\n<li>Un mes si tuvo un infarto de miocardio con complicaciones como insuficiencia card\u00edaca, con FEVI por debajo del 35\u00a0% o un trastorno del ritmo card\u00edaco (arritmia).<\/li>\n<li>Seis semanas para los conductores profesionales que sufrieron un infarto de miocardio y la FEVI es superior al 35\u00a0%. La conducci\u00f3n est\u00e1 contraindicada si la FEVI es inferior al 35\u00a0%.<\/li>\n<li>Tras 24 horas de una angioplastia coronaria transluminal percut\u00e1nea programada si el procedimiento no tuvo complicaciones y no se observan arritmias (un mes para los conductores profesionales).<\/li>\n<\/ul>\n<p>&nbsp;<\/p>\n","protected":false},"excerpt":{"rendered":"<p>Conducir puede ser estresante y podr\u00eda suponer un factor de riesgo adicional para las enfermedades card\u00edacas. Su cardi\u00f3logo decidir\u00e1 cu\u00e1ndo puede volver a conducir en base a varios aspectos. Estos incluyen la duraci\u00f3n entre la aparici\u00f3n del dolor tor\u00e1cico y la intervenci\u00f3n, la ubicaci\u00f3n del infarto de miocardio, la capacidad de bombeo del coraz\u00f3n, el [&hellip;]<\/p>\n","protected":false},"author":1,"featured_media":537,"parent":1865,"menu_order":6,"comment_status":"closed","ping_status":"closed","template":"","meta":{"_acf_changed":false,"footnotes":""},"categories":[63],"tags":[],"class_list":["post-1850","page","type-page","status-publish","has-post-thumbnail","hentry","category-vivir-con-una-cardiopatia"],"acf":[],"yoast_head":"<!-- This site is optimized with the Yoast SEO plugin v24.0 - https:\/\/yoast.com\/wordpress\/plugins\/seo\/ -->\n<title>Conducir despu\u00e9s de un infarto de miocardio - Healthy-Heart.org<\/title>\n<meta name=\"description\" content=\"El tiempo recomendado para volver a conducir despu\u00e9s de un infarto de miocardio depende del tipo de intervenci\u00f3n que se haya realizado.\" \/>\n<meta name=\"robots\" content=\"index, follow, max-snippet:-1, max-image-preview:large, max-video-preview:-1\" \/>\n<link rel=\"canonical\" href=\"https:\/\/www.healthy-heart.org\/es\/vivir-con-una-cardiopatia\/conducir-despues-de-un-infarto-de-miocardio\/\" \/>\n<meta property=\"og:locale\" content=\"es_ES\" \/>\n<meta property=\"og:type\" content=\"article\" \/>\n<meta property=\"og:title\" content=\"Conducir despu\u00e9s de un infarto de miocardio - Healthy-Heart.org\" \/>\n<meta property=\"og:description\" content=\"El tiempo recomendado para volver a conducir despu\u00e9s de un infarto de miocardio depende del tipo de intervenci\u00f3n que se haya realizado.\" \/>\n<meta property=\"og:url\" content=\"https:\/\/www.healthy-heart.org\/es\/vivir-con-una-cardiopatia\/conducir-despues-de-un-infarto-de-miocardio\/\" \/>\n<meta property=\"og:site_name\" content=\"Healthy-Heart.org\" \/>\n<meta property=\"article:modified_time\" content=\"2020-10-23T15:39:59+00:00\" \/>\n<meta property=\"og:image\" content=\"https:\/\/www.healthy-heart.org\/wp-content\/uploads\/2019\/07\/iStock-974943148-1024x683.jpg\" \/>\n\t<meta property=\"og:image:width\" content=\"1024\" \/>\n\t<meta property=\"og:image:height\" content=\"683\" \/>\n\t<meta property=\"og:image:type\" content=\"image\/jpeg\" \/>\n<meta name=\"twitter:card\" content=\"summary_large_image\" \/>\n<meta name=\"twitter:label1\" content=\"Tiempo de lectura\" \/>\n\t<meta name=\"twitter:data1\" content=\"2 minutos\" \/>\n<script type=\"application\/ld+json\" class=\"yoast-schema-graph\">{\"@context\":\"https:\/\/schema.org\",\"@graph\":[{\"@type\":\"WebPage\",\"@id\":\"https:\/\/www.healthy-heart.org\/es\/vivir-con-una-cardiopatia\/conducir-despues-de-un-infarto-de-miocardio\/\",\"url\":\"https:\/\/www.healthy-heart.org\/es\/vivir-con-una-cardiopatia\/conducir-despues-de-un-infarto-de-miocardio\/\",\"name\":\"Conducir despu\u00e9s de un infarto de miocardio - Healthy-Heart.org\",\"isPartOf\":{\"@id\":\"https:\/\/www.healthy-heart.org\/es\/#website\"},\"primaryImageOfPage\":{\"@id\":\"https:\/\/www.healthy-heart.org\/es\/vivir-con-una-cardiopatia\/conducir-despues-de-un-infarto-de-miocardio\/#primaryimage\"},\"image\":{\"@id\":\"https:\/\/www.healthy-heart.org\/es\/vivir-con-una-cardiopatia\/conducir-despues-de-un-infarto-de-miocardio\/#primaryimage\"},\"thumbnailUrl\":\"https:\/\/www.healthy-heart.org\/wp-content\/uploads\/2019\/07\/iStock-974943148.jpg\",\"datePublished\":\"2019-10-07T17:02:21+00:00\",\"dateModified\":\"2020-10-23T15:39:59+00:00\",\"description\":\"El tiempo recomendado para volver a conducir despu\u00e9s de un infarto de miocardio depende del tipo de intervenci\u00f3n que se haya realizado.\",\"breadcrumb\":{\"@id\":\"https:\/\/www.healthy-heart.org\/es\/vivir-con-una-cardiopatia\/conducir-despues-de-un-infarto-de-miocardio\/#breadcrumb\"},\"inLanguage\":\"es\",\"potentialAction\":[{\"@type\":\"ReadAction\",\"target\":[\"https:\/\/www.healthy-heart.org\/es\/vivir-con-una-cardiopatia\/conducir-despues-de-un-infarto-de-miocardio\/\"]}]},{\"@type\":\"ImageObject\",\"inLanguage\":\"es\",\"@id\":\"https:\/\/www.healthy-heart.org\/es\/vivir-con-una-cardiopatia\/conducir-despues-de-un-infarto-de-miocardio\/#primaryimage\",\"url\":\"https:\/\/www.healthy-heart.org\/wp-content\/uploads\/2019\/07\/iStock-974943148.jpg\",\"contentUrl\":\"https:\/\/www.healthy-heart.org\/wp-content\/uploads\/2019\/07\/iStock-974943148.jpg\",\"width\":5200,\"height\":3467,\"caption\":\"Stressed man driving\"},{\"@type\":\"BreadcrumbList\",\"@id\":\"https:\/\/www.healthy-heart.org\/es\/vivir-con-una-cardiopatia\/conducir-despues-de-un-infarto-de-miocardio\/#breadcrumb\",\"itemListElement\":[{\"@type\":\"ListItem\",\"position\":1,\"name\":\"Home\",\"item\":\"https:\/\/www.healthy-heart.org\/es\/\"},{\"@type\":\"ListItem\",\"position\":2,\"name\":\"Vivir con una cardiopat\u00eda\",\"item\":\"https:\/\/www.healthy-heart.org\/es\/vivir-con-una-cardiopatia\/\"},{\"@type\":\"ListItem\",\"position\":3,\"name\":\"Conducir despu\u00e9s de un infarto de miocardio\"}]},{\"@type\":\"WebSite\",\"@id\":\"https:\/\/www.healthy-heart.org\/es\/#website\",\"url\":\"https:\/\/www.healthy-heart.org\/es\/\",\"name\":\"Healthy-Heart.org\",\"description\":\"Practical advice for patients and family care givers on the prevention of cardiovascular disease\",\"potentialAction\":[{\"@type\":\"SearchAction\",\"target\":{\"@type\":\"EntryPoint\",\"urlTemplate\":\"https:\/\/www.healthy-heart.org\/es\/?s={search_term_string}\"},\"query-input\":{\"@type\":\"PropertyValueSpecification\",\"valueRequired\":true,\"valueName\":\"search_term_string\"}}],\"inLanguage\":\"es\"}]}<\/script>\n<!-- \/ Yoast SEO plugin. -->","yoast_head_json":{"title":"Conducir despu\u00e9s de un infarto de miocardio - Healthy-Heart.org","description":"El tiempo recomendado para volver a conducir despu\u00e9s de un infarto de miocardio depende del tipo de intervenci\u00f3n que se haya realizado.","robots":{"index":"index","follow":"follow","max-snippet":"max-snippet:-1","max-image-preview":"max-image-preview:large","max-video-preview":"max-video-preview:-1"},"canonical":"https:\/\/www.healthy-heart.org\/es\/vivir-con-una-cardiopatia\/conducir-despues-de-un-infarto-de-miocardio\/","og_locale":"es_ES","og_type":"article","og_title":"Conducir despu\u00e9s de un infarto de miocardio - Healthy-Heart.org","og_description":"El tiempo recomendado para volver a conducir despu\u00e9s de un infarto de miocardio depende del tipo de intervenci\u00f3n que se haya realizado.","og_url":"https:\/\/www.healthy-heart.org\/es\/vivir-con-una-cardiopatia\/conducir-despues-de-un-infarto-de-miocardio\/","og_site_name":"Healthy-Heart.org","article_modified_time":"2020-10-23T15:39:59+00:00","og_image":[{"width":1024,"height":683,"url":"https:\/\/www.healthy-heart.org\/wp-content\/uploads\/2019\/07\/iStock-974943148-1024x683.jpg","type":"image\/jpeg"}],"twitter_card":"summary_large_image","twitter_misc":{"Tiempo de lectura":"2 minutos"},"schema":{"@context":"https:\/\/schema.org","@graph":[{"@type":"WebPage","@id":"https:\/\/www.healthy-heart.org\/es\/vivir-con-una-cardiopatia\/conducir-despues-de-un-infarto-de-miocardio\/","url":"https:\/\/www.healthy-heart.org\/es\/vivir-con-una-cardiopatia\/conducir-despues-de-un-infarto-de-miocardio\/","name":"Conducir despu\u00e9s de un infarto de miocardio - Healthy-Heart.org","isPartOf":{"@id":"https:\/\/www.healthy-heart.org\/es\/#website"},"primaryImageOfPage":{"@id":"https:\/\/www.healthy-heart.org\/es\/vivir-con-una-cardiopatia\/conducir-despues-de-un-infarto-de-miocardio\/#primaryimage"},"image":{"@id":"https:\/\/www.healthy-heart.org\/es\/vivir-con-una-cardiopatia\/conducir-despues-de-un-infarto-de-miocardio\/#primaryimage"},"thumbnailUrl":"https:\/\/www.healthy-heart.org\/wp-content\/uploads\/2019\/07\/iStock-974943148.jpg","datePublished":"2019-10-07T17:02:21+00:00","dateModified":"2020-10-23T15:39:59+00:00","description":"El tiempo recomendado para volver a conducir despu\u00e9s de un infarto de miocardio depende del tipo de intervenci\u00f3n que se haya realizado.","breadcrumb":{"@id":"https:\/\/www.healthy-heart.org\/es\/vivir-con-una-cardiopatia\/conducir-despues-de-un-infarto-de-miocardio\/#breadcrumb"},"inLanguage":"es","potentialAction":[{"@type":"ReadAction","target":["https:\/\/www.healthy-heart.org\/es\/vivir-con-una-cardiopatia\/conducir-despues-de-un-infarto-de-miocardio\/"]}]},{"@type":"ImageObject","inLanguage":"es","@id":"https:\/\/www.healthy-heart.org\/es\/vivir-con-una-cardiopatia\/conducir-despues-de-un-infarto-de-miocardio\/#primaryimage","url":"https:\/\/www.healthy-heart.org\/wp-content\/uploads\/2019\/07\/iStock-974943148.jpg","contentUrl":"https:\/\/www.healthy-heart.org\/wp-content\/uploads\/2019\/07\/iStock-974943148.jpg","width":5200,"height":3467,"caption":"Stressed man driving"},{"@type":"BreadcrumbList","@id":"https:\/\/www.healthy-heart.org\/es\/vivir-con-una-cardiopatia\/conducir-despues-de-un-infarto-de-miocardio\/#breadcrumb","itemListElement":[{"@type":"ListItem","position":1,"name":"Home","item":"https:\/\/www.healthy-heart.org\/es\/"},{"@type":"ListItem","position":2,"name":"Vivir con una cardiopat\u00eda","item":"https:\/\/www.healthy-heart.org\/es\/vivir-con-una-cardiopatia\/"},{"@type":"ListItem","position":3,"name":"Conducir despu\u00e9s de un infarto de miocardio"}]},{"@type":"WebSite","@id":"https:\/\/www.healthy-heart.org\/es\/#website","url":"https:\/\/www.healthy-heart.org\/es\/","name":"Healthy-Heart.org","description":"Practical advice for patients and family care givers on the prevention of cardiovascular disease","potentialAction":[{"@type":"SearchAction","target":{"@type":"EntryPoint","urlTemplate":"https:\/\/www.healthy-heart.org\/es\/?s={search_term_string}"},"query-input":{"@type":"PropertyValueSpecification","valueRequired":true,"valueName":"search_term_string"}}],"inLanguage":"es"}]}},"_links":{"self":[{"href":"https:\/\/www.healthy-heart.org\/es\/wp-json\/wp\/v2\/pages\/1850","targetHints":{"allow":["GET"]}}],"collection":[{"href":"https:\/\/www.healthy-heart.org\/es\/wp-json\/wp\/v2\/pages"}],"about":[{"href":"https:\/\/www.healthy-heart.org\/es\/wp-json\/wp\/v2\/types\/page"}],"author":[{"embeddable":true,"href":"https:\/\/www.healthy-heart.org\/es\/wp-json\/wp\/v2\/users\/1"}],"replies":[{"embeddable":true,"href":"https:\/\/www.healthy-heart.org\/es\/wp-json\/wp\/v2\/comments?post=1850"}],"version-history":[{"count":4,"href":"https:\/\/www.healthy-heart.org\/es\/wp-json\/wp\/v2\/pages\/1850\/revisions"}],"predecessor-version":[{"id":4797,"href":"https:\/\/www.healthy-heart.org\/es\/wp-json\/wp\/v2\/pages\/1850\/revisions\/4797"}],"up":[{"embeddable":true,"href":"https:\/\/www.healthy-heart.org\/es\/wp-json\/wp\/v2\/pages\/1865"}],"wp:featuredmedia":[{"embeddable":true,"href":"https:\/\/www.healthy-heart.org\/es\/wp-json\/wp\/v2\/media\/537"}],"wp:attachment":[{"href":"https:\/\/www.healthy-heart.org\/es\/wp-json\/wp\/v2\/media?parent=1850"}],"wp:term":[{"taxonomy":"category","embeddable":true,"href":"https:\/\/www.healthy-heart.org\/es\/wp-json\/wp\/v2\/categories?post=1850"},{"taxonomy":"post_tag","embeddable":true,"href":"https:\/\/www.healthy-heart.org\/es\/wp-json\/wp\/v2\/tags?post=1850"}],"curies":[{"name":"wp","href":"https:\/\/api.w.org\/{rel}","templated":true}]}}