{"id":1835,"date":"2019-10-07T18:01:30","date_gmt":"2019-10-07T17:01:30","guid":{"rendered":"https:\/\/www.healthy-heart.org\/terminos-de-uso\/"},"modified":"2020-03-24T10:14:59","modified_gmt":"2020-03-24T10:14:59","slug":"terminos-de-uso","status":"publish","type":"page","link":"https:\/\/www.healthy-heart.org\/es\/terminos-de-uso\/","title":{"rendered":"T\u00e9rminos de uso"},"content":{"rendered":"<h2>Misi\u00f3n de este sitio:<\/h2>\n<ul>\n<li>Proporcionar informaci\u00f3n fiable y consejos pr\u00e1cticos sobre las enfermedades cardiovasculares y c\u00f3mo prevenirlas.<\/li>\n<li>Dar a conocer las enfermedades cardiovasculares y promover los beneficios de un estilo de vida saludable.<\/li>\n<\/ul>\n<p>Todas las recomendaciones de este sitio se ajustan a las Gu\u00edas europeas (<a href=\"https:\/\/www.escardio.org\/Guidelines\/Clinical-Practice-Guidelines\/CVD-Prevention-in-clinical-practice-European-Guidelines-on\">consulte las Directrices europeas sobre la prevenci\u00f3n de las ECV en la pr\u00e1ctica cl\u00ednica aqu\u00ed<\/a>).<\/p>\n<h3>1.T\u00e9rminos de uso<\/h3>\n<p>El sitio web healthy-heart.org se ha desarrollado por la Asociaci\u00f3n Europea de Cardiolog\u00eda Preventiva (EAPC) en colaboraci\u00f3n con la Asociaci\u00f3n Europea de Cuidados Cardiacos Agudos (ACVC) y la Asociaci\u00f3n de Enfermer\u00eda Cardiovascular y Profesiones Afines (ACNAP), que pertenecen a la Sociedad Europea de Cardiolog\u00eda (ESC). La Sociedad Europea de Cardiolog\u00eda (ESC) permite el acceso y el uso de este sitio web conforme a los siguientes t\u00e9rminos de uso:<\/p>\n<ol>\n<li>Su uso de este sitio web constituye una aceptaci\u00f3n de estas Condiciones de uso a partir de la fecha de su primer uso del sitio.<\/li>\n<li>La ESC se reserva el derecho de cambiar estas Condiciones de uso en cualquier momento mediante la publicaci\u00f3n de los cambios en l\u00ednea. Su uso continuado de este sitio web despu\u00e9s de que se publiquen los cambios constituye su aceptaci\u00f3n de este acuerdo en su versi\u00f3n modificada.<\/li>\n<li>Acepta utilizar este sitio web \u00fanicamente con fines leg\u00edtimos y de una forma que no infrinja los derechos ni restrinja o inhiba el uso y disfrute del sitio por parte de terceros.<\/li>\n<\/ol>\n<h3>2. Exenci\u00f3n de responsabilidad<\/h3>\n<ol>\n<li>En ning\u00fan caso la ESC ser\u00e1 responsable ante el usuario o cualquier otra persona por cualquier decisi\u00f3n tomada o acci\u00f3n tomada bas\u00e1ndose en la informaci\u00f3n contenida en o proporcionada a trav\u00e9s del uso de este sitio web, ni por cualquier da\u00f1o incidental, indirecto, especial o consecuente.<\/li>\n<li>La informaci\u00f3n contenida en este sitio web tiene la intenci\u00f3n de complementar el apoyo y la atenci\u00f3n proporcionada por profesionales m\u00e9dicos calificados. Este sitio web no pretende o implica sustituir al asesoramiento m\u00e9dico o la atenci\u00f3n m\u00e9dica de un profesional. Siempre se debe consultar a un profesional m\u00e9dico antes de iniciar (o interrumpir) cualquier tipo de tratamiento m\u00e9dico. Con este prop\u00f3sito, toda la informaci\u00f3n contenida en el sitio web se proporciona \u00fanicamente con fines educativos.<\/li>\n<li>Aunque la ESC ha tomado todas las precauciones al compilar este sitio web, no puede inspeccionar toda la informaci\u00f3n para determinar su veracidad, precisi\u00f3n, fiabilidad, integridad o relevancia. En ning\u00fan caso la ESC ser\u00e1 responsable de ning\u00fan da\u00f1o, incluidos, entre otros, los da\u00f1os indirectos o consecuentes, o cualquier da\u00f1o o lucro cesante que se derive del uso o en relaci\u00f3n con dicho uso o p\u00e9rdida de uso del sitio, ya sea por contrato o por negligencia.<\/li>\n<li>Bajo ninguna circunstancia la ESC o cualquier miembro del personal afiliado o colaborador del sitio web ser\u00e1 responsable ante usted, como visitante del sitio web o cualquier otra persona u organismo, por cualquier decisi\u00f3n tomada o tomada como resultado de la confianza en la informaci\u00f3n contenida en el sitio web. Usted acepta que ni la ESC ni ning\u00fan miembro del personal afiliado o colaboradores del sitio web ser\u00e1n responsables de ning\u00fan da\u00f1o (incluidos, entre otros, da\u00f1os directos, indirectos, incidentales, especiales o consecuentes), p\u00e9rdida de datos o p\u00e9rdida de beneficios, incluso si se ha advertido a la ESC o a cualquier miembro del personal afiliado o colaboradores del sitio web de la posibilidad de dicha p\u00e9rdida.<\/li>\n<li>La ESC no garantiza que las funciones t\u00e9cnicas incluidas en el material contenido en este sitio web est\u00e9n libres de interrupciones o errores, que se corregir\u00e1n los defectos ni que este sitio web o el servidor que lo hace disponible est\u00e9n libres de virus o fallos o representen la funcionalidad, exactitud y fiabilidad completas de los materiales.<\/li>\n<\/ol>\n<h3>3. Restricciones de los derechos de autor<\/h3>\n<ol>\n<li>El sitio web healthy-heart.org es propiedad de la Sociedad Europea de Cardiolog\u00eda (ESC). El uso comercial o la publicaci\u00f3n de todos o algunos de los art\u00edculos expuestos est\u00e1 estrictamente prohibido sin la autorizaci\u00f3n previa por escrito de la ESC.<br \/>\nLos documentos en este sitio web pueden ser copiados para uso personal y no comercial s\u00f3lo con la condici\u00f3n de que tambi\u00e9n se copien los derechos de autor y las indicaciones de origen, no se hagan modificaciones y el documento se copie por completo. Sin embargo, algunos documentos y fotos se han publicado en este sitio web con el permiso de los propietarios de los derechos de autor pertinentes (que no son la ESC). Todos los derechos est\u00e1n reservados en estos documentos y se debe solicitar permiso para copiarlos a los propietarios de los derechos de autor (las fuentes se indican en estos documentos\/fotograf\u00edas).<\/li>\n<li>Cualquier uso no autorizado puede dar lugar a que la ESC adopte medidas para exigir la retirada del material afectado de la exposici\u00f3n\/distribuci\u00f3n y posibles acciones legales.<\/li>\n<li>El sitio web contiene enlaces a sitios web gestionados por partes distintas de la ESC. Dichos enlaces se ofrecen exclusivamente para comodidad del Usuario. La ESC no controla dichos sitios web y no se hace responsable de su contenido. La inclusi\u00f3n por parte de la ESC de enlaces a dichos sitios web no implica ning\u00fan respaldo del material de dichos sitios web ni ninguna asociaci\u00f3n con sus operadores. El Usuario es el \u00fanico responsable de evaluar la exactitud e integridad de cualquier informaci\u00f3n contenida en los sitios web de terceros, as\u00ed como el valor y la integridad de los bienes y servicios ofrecidos por dichos sitios web.<br \/>\nSi estos T\u00e9rminos de uso no se aceptan en su totalidad, el uso de este sitio deber\u00e1 suspenderse inmediatamente.<\/li>\n<li>Protecci\u00f3n de datos<\/li>\n<\/ol>\n<p>La informaci\u00f3n del Usuario puede recopilarse cuando utiliza los Sitios web. Para obtener m\u00e1s informaci\u00f3n, consulte nuestra Pol\u00edtica<a href=\"https:\/\/www.healthy-heart.org\/privacy-policy\/\">de <\/a>Privacidad.<\/p>\n<p>Actualizado por \u00faltima vez en: julio de 2019<\/p>\n","protected":false},"excerpt":{"rendered":"<p>Misi\u00f3n de este sitio: Proporcionar informaci\u00f3n fiable y consejos pr\u00e1cticos sobre las enfermedades cardiovasculares y c\u00f3mo prevenirlas. Dar a conocer las enfermedades cardiovasculares y promover los beneficios de un estilo de vida saludable. Todas las recomendaciones de este sitio se ajustan a las Gu\u00edas europeas (consulte las Directrices europeas sobre la prevenci\u00f3n de las ECV [&hellip;]<\/p>\n","protected":false},"author":1,"featured_media":1630,"parent":0,"menu_order":0,"comment_status":"closed","ping_status":"closed","template":"templates\/full.php","meta":{"_acf_changed":false,"footnotes":""},"categories":[],"tags":[],"class_list":["post-1835","page","type-page","status-publish","has-post-thumbnail","hentry"],"acf":[],"yoast_head":"<!-- This site is optimized with the Yoast SEO plugin v24.0 - https:\/\/yoast.com\/wordpress\/plugins\/seo\/ -->\n<title>T\u00e9rminos de uso - Healthy-Heart.org<\/title>\n<meta name=\"description\" content=\"Todas las recomendaciones de este sitio se ajustan a las Directrices de la pr\u00e1ctica cl\u00ednica europeas.\" \/>\n<meta name=\"robots\" content=\"index, follow, max-snippet:-1, max-image-preview:large, max-video-preview:-1\" \/>\n<link rel=\"canonical\" href=\"https:\/\/www.healthy-heart.org\/es\/terminos-de-uso\/\" \/>\n<meta property=\"og:locale\" content=\"es_ES\" \/>\n<meta property=\"og:type\" content=\"article\" \/>\n<meta property=\"og:title\" content=\"T\u00e9rminos de uso - Healthy-Heart.org\" \/>\n<meta property=\"og:description\" content=\"Todas las recomendaciones de este sitio se ajustan a las Directrices de la pr\u00e1ctica cl\u00ednica europeas.\" \/>\n<meta property=\"og:url\" content=\"https:\/\/www.healthy-heart.org\/es\/terminos-de-uso\/\" \/>\n<meta property=\"og:site_name\" content=\"Healthy-Heart.org\" \/>\n<meta property=\"article:modified_time\" content=\"2020-03-24T10:14:59+00:00\" \/>\n<meta property=\"og:image\" content=\"https:\/\/www.healthy-heart.org\/wp-content\/uploads\/2019\/07\/primary.jpg\" \/>\n\t<meta property=\"og:image:width\" content=\"700\" \/>\n\t<meta property=\"og:image:height\" content=\"466\" \/>\n\t<meta property=\"og:image:type\" content=\"image\/jpeg\" \/>\n<meta name=\"twitter:card\" content=\"summary_large_image\" \/>\n<meta name=\"twitter:label1\" content=\"Tiempo de lectura\" \/>\n\t<meta name=\"twitter:data1\" content=\"5 minutos\" \/>\n<script type=\"application\/ld+json\" class=\"yoast-schema-graph\">{\"@context\":\"https:\/\/schema.org\",\"@graph\":[{\"@type\":\"WebPage\",\"@id\":\"https:\/\/www.healthy-heart.org\/es\/terminos-de-uso\/\",\"url\":\"https:\/\/www.healthy-heart.org\/es\/terminos-de-uso\/\",\"name\":\"T\u00e9rminos de uso - Healthy-Heart.org\",\"isPartOf\":{\"@id\":\"https:\/\/www.healthy-heart.org\/es\/#website\"},\"primaryImageOfPage\":{\"@id\":\"https:\/\/www.healthy-heart.org\/es\/terminos-de-uso\/#primaryimage\"},\"image\":{\"@id\":\"https:\/\/www.healthy-heart.org\/es\/terminos-de-uso\/#primaryimage\"},\"thumbnailUrl\":\"https:\/\/www.healthy-heart.org\/wp-content\/uploads\/2019\/07\/primary.jpg\",\"datePublished\":\"2019-10-07T17:01:30+00:00\",\"dateModified\":\"2020-03-24T10:14:59+00:00\",\"description\":\"Todas las recomendaciones de este sitio se ajustan a las Directrices de la pr\u00e1ctica cl\u00ednica europeas.\",\"breadcrumb\":{\"@id\":\"https:\/\/www.healthy-heart.org\/es\/terminos-de-uso\/#breadcrumb\"},\"inLanguage\":\"es\",\"potentialAction\":[{\"@type\":\"ReadAction\",\"target\":[\"https:\/\/www.healthy-heart.org\/es\/terminos-de-uso\/\"]}]},{\"@type\":\"ImageObject\",\"inLanguage\":\"es\",\"@id\":\"https:\/\/www.healthy-heart.org\/es\/terminos-de-uso\/#primaryimage\",\"url\":\"https:\/\/www.healthy-heart.org\/wp-content\/uploads\/2019\/07\/primary.jpg\",\"contentUrl\":\"https:\/\/www.healthy-heart.org\/wp-content\/uploads\/2019\/07\/primary.jpg\",\"width\":700,\"height\":466},{\"@type\":\"BreadcrumbList\",\"@id\":\"https:\/\/www.healthy-heart.org\/es\/terminos-de-uso\/#breadcrumb\",\"itemListElement\":[{\"@type\":\"ListItem\",\"position\":1,\"name\":\"Home\",\"item\":\"https:\/\/www.healthy-heart.org\/es\/\"},{\"@type\":\"ListItem\",\"position\":2,\"name\":\"T\u00e9rminos de uso\"}]},{\"@type\":\"WebSite\",\"@id\":\"https:\/\/www.healthy-heart.org\/es\/#website\",\"url\":\"https:\/\/www.healthy-heart.org\/es\/\",\"name\":\"Healthy-Heart.org\",\"description\":\"Practical advice for patients and family care givers on the prevention of cardiovascular disease\",\"potentialAction\":[{\"@type\":\"SearchAction\",\"target\":{\"@type\":\"EntryPoint\",\"urlTemplate\":\"https:\/\/www.healthy-heart.org\/es\/?s={search_term_string}\"},\"query-input\":{\"@type\":\"PropertyValueSpecification\",\"valueRequired\":true,\"valueName\":\"search_term_string\"}}],\"inLanguage\":\"es\"}]}<\/script>\n<!-- \/ Yoast SEO plugin. -->","yoast_head_json":{"title":"T\u00e9rminos de uso - Healthy-Heart.org","description":"Todas las recomendaciones de este sitio se ajustan a las Directrices de la pr\u00e1ctica cl\u00ednica europeas.","robots":{"index":"index","follow":"follow","max-snippet":"max-snippet:-1","max-image-preview":"max-image-preview:large","max-video-preview":"max-video-preview:-1"},"canonical":"https:\/\/www.healthy-heart.org\/es\/terminos-de-uso\/","og_locale":"es_ES","og_type":"article","og_title":"T\u00e9rminos de uso - Healthy-Heart.org","og_description":"Todas las recomendaciones de este sitio se ajustan a las Directrices de la pr\u00e1ctica cl\u00ednica europeas.","og_url":"https:\/\/www.healthy-heart.org\/es\/terminos-de-uso\/","og_site_name":"Healthy-Heart.org","article_modified_time":"2020-03-24T10:14:59+00:00","og_image":[{"width":700,"height":466,"url":"https:\/\/www.healthy-heart.org\/wp-content\/uploads\/2019\/07\/primary.jpg","type":"image\/jpeg"}],"twitter_card":"summary_large_image","twitter_misc":{"Tiempo de lectura":"5 minutos"},"schema":{"@context":"https:\/\/schema.org","@graph":[{"@type":"WebPage","@id":"https:\/\/www.healthy-heart.org\/es\/terminos-de-uso\/","url":"https:\/\/www.healthy-heart.org\/es\/terminos-de-uso\/","name":"T\u00e9rminos de uso - Healthy-Heart.org","isPartOf":{"@id":"https:\/\/www.healthy-heart.org\/es\/#website"},"primaryImageOfPage":{"@id":"https:\/\/www.healthy-heart.org\/es\/terminos-de-uso\/#primaryimage"},"image":{"@id":"https:\/\/www.healthy-heart.org\/es\/terminos-de-uso\/#primaryimage"},"thumbnailUrl":"https:\/\/www.healthy-heart.org\/wp-content\/uploads\/2019\/07\/primary.jpg","datePublished":"2019-10-07T17:01:30+00:00","dateModified":"2020-03-24T10:14:59+00:00","description":"Todas las recomendaciones de este sitio se ajustan a las Directrices de la pr\u00e1ctica cl\u00ednica europeas.","breadcrumb":{"@id":"https:\/\/www.healthy-heart.org\/es\/terminos-de-uso\/#breadcrumb"},"inLanguage":"es","potentialAction":[{"@type":"ReadAction","target":["https:\/\/www.healthy-heart.org\/es\/terminos-de-uso\/"]}]},{"@type":"ImageObject","inLanguage":"es","@id":"https:\/\/www.healthy-heart.org\/es\/terminos-de-uso\/#primaryimage","url":"https:\/\/www.healthy-heart.org\/wp-content\/uploads\/2019\/07\/primary.jpg","contentUrl":"https:\/\/www.healthy-heart.org\/wp-content\/uploads\/2019\/07\/primary.jpg","width":700,"height":466},{"@type":"BreadcrumbList","@id":"https:\/\/www.healthy-heart.org\/es\/terminos-de-uso\/#breadcrumb","itemListElement":[{"@type":"ListItem","position":1,"name":"Home","item":"https:\/\/www.healthy-heart.org\/es\/"},{"@type":"ListItem","position":2,"name":"T\u00e9rminos de uso"}]},{"@type":"WebSite","@id":"https:\/\/www.healthy-heart.org\/es\/#website","url":"https:\/\/www.healthy-heart.org\/es\/","name":"Healthy-Heart.org","description":"Practical advice for patients and family care givers on the prevention of cardiovascular disease","potentialAction":[{"@type":"SearchAction","target":{"@type":"EntryPoint","urlTemplate":"https:\/\/www.healthy-heart.org\/es\/?s={search_term_string}"},"query-input":{"@type":"PropertyValueSpecification","valueRequired":true,"valueName":"search_term_string"}}],"inLanguage":"es"}]}},"_links":{"self":[{"href":"https:\/\/www.healthy-heart.org\/es\/wp-json\/wp\/v2\/pages\/1835","targetHints":{"allow":["GET"]}}],"collection":[{"href":"https:\/\/www.healthy-heart.org\/es\/wp-json\/wp\/v2\/pages"}],"about":[{"href":"https:\/\/www.healthy-heart.org\/es\/wp-json\/wp\/v2\/types\/page"}],"author":[{"embeddable":true,"href":"https:\/\/www.healthy-heart.org\/es\/wp-json\/wp\/v2\/users\/1"}],"replies":[{"embeddable":true,"href":"https:\/\/www.healthy-heart.org\/es\/wp-json\/wp\/v2\/comments?post=1835"}],"version-history":[{"count":1,"href":"https:\/\/www.healthy-heart.org\/es\/wp-json\/wp\/v2\/pages\/1835\/revisions"}],"predecessor-version":[{"id":4350,"href":"https:\/\/www.healthy-heart.org\/es\/wp-json\/wp\/v2\/pages\/1835\/revisions\/4350"}],"wp:featuredmedia":[{"embeddable":true,"href":"https:\/\/www.healthy-heart.org\/es\/wp-json\/wp\/v2\/media\/1630"}],"wp:attachment":[{"href":"https:\/\/www.healthy-heart.org\/es\/wp-json\/wp\/v2\/media?parent=1835"}],"wp:term":[{"taxonomy":"category","embeddable":true,"href":"https:\/\/www.healthy-heart.org\/es\/wp-json\/wp\/v2\/categories?post=1835"},{"taxonomy":"post_tag","embeddable":true,"href":"https:\/\/www.healthy-heart.org\/es\/wp-json\/wp\/v2\/tags?post=1835"}],"curies":[{"name":"wp","href":"https:\/\/api.w.org\/{rel}","templated":true}]}}