{"id":1815,"date":"2019-10-07T17:59:05","date_gmt":"2019-10-07T16:59:05","guid":{"rendered":"https:\/\/www.healthy-heart.org\/cardiopatia-y-actividad-sexual\/"},"modified":"2020-10-23T16:27:41","modified_gmt":"2020-10-23T15:27:41","slug":"cardiopatia-y-actividad-sexual","status":"publish","type":"page","link":"https:\/\/www.healthy-heart.org\/es\/vivir-con-una-cardiopatia\/cardiopatia-y-actividad-sexual\/","title":{"rendered":"Cardiopat\u00eda y actividad sexual"},"content":{"rendered":"<p><img loading=\"lazy\" decoding=\"async\" class=\"alignright size-medium wp-image-586\" src=\"https:\/\/cdn-endpoint-prev.azureedge.net\/healthy-heart\/2019\/07\/iStock-874866632-350x233.jpg\" alt=\"\" width=\"350\" height=\"233\" srcset=\"https:\/\/www.healthy-heart.org\/wp-content\/uploads\/2019\/07\/iStock-874866632-350x233.jpg 350w, https:\/\/cdn-endpoint-prev.azureedge.net\/healthy-heart\/2019\/07\/iStock-874866632-2048x1365.jpg 2048w, https:\/\/cdn-endpoint-prev.azureedge.net\/healthy-heart\/2019\/07\/iStock-874866632-659x439.jpg 659w, https:\/\/www.healthy-heart.org\/wp-content\/uploads\/2019\/07\/iStock-874866632-200x133.jpg 200w, https:\/\/www.healthy-heart.org\/wp-content\/uploads\/2019\/07\/iStock-874866632-768x512.jpg 768w, https:\/\/www.healthy-heart.org\/wp-content\/uploads\/2019\/07\/iStock-874866632-1024x683.jpg 1024w, https:\/\/www.healthy-heart.org\/wp-content\/uploads\/2019\/07\/iStock-874866632-1536x1024.jpg 1536w, https:\/\/www.healthy-heart.org\/wp-content\/uploads\/2019\/07\/iStock-874866632-696x464.jpg 696w\" sizes=\"auto, (max-width: 350px) 100vw, 350px\" \/>Las <a href=\"https:\/\/www.healthy-heart.org\/es\/vivir-con-una-cardiopatia\/cardiopatia-y-actividad-sexual\/\">cardiopat\u00edas<\/a> suelen ser episodios importantes para usted y su pareja. Algunas personas sienten cambios en la intimidad o la sexualidad. A veces a las parejas les resulta dif\u00edcil hablar de la intimidad y de la sexualidad. Su m\u00e9dico o enfermera especialista puede <a href=\"https:\/\/www.healthy-heart.org\/es\/vivir-con-una-cardiopatia\/que-debo-preguntarle-a-mi-cardiologo\/\">aclararle sus dudas<\/a> y tratar problemas que tenga.<\/p>\n<p>Muchas personas se preguntan si todav\u00eda pueden tener relaciones sexuales y si el coraz\u00f3n ser\u00e1 capaz de hacer frente al mayor esfuerzo que implica la excitaci\u00f3n sexual. La actividad sexual conduce a aumentos leves en la frecuencia card\u00edaca y la <a href=\"https:\/\/www.healthy-heart.org\/es\/mantenga-su-corazon-sano\/presion-arterial\/\">presi\u00f3n sangu\u00ednea<\/a>. Generalmente es seguro reanudar el sexo una semana despu\u00e9s de un infarto de miocardio sin complicaciones o un procedimiento card\u00edaco sin complicaciones, como la inserci\u00f3n de una endopr\u00f3tesis vascular, u ocho semanas despu\u00e9s de una cirug\u00eda card\u00edaca. La <a href=\"https:\/\/www.healthy-heart.org\/es\/vivir-con-una-cardiopatia\/mejore-el-estado-de-su-corazon\/\">rehabilitaci\u00f3n card\u00edaca<\/a> y la <a href=\"https:\/\/www.healthy-heart.org\/es\/mantenga-su-corazon-sano\/ejercicio-fisico\/\">actividad f\u00edsica regular<\/a> pueden reducir el riesgo de complicaciones relacionadas con la actividad sexual.<\/p>\n<p>La regla general es que si puede subir dos tramos de escalera o dar un paseo r\u00e1pido sin s\u00edntomas (por ejemplo, dolor en el pecho o dificultad para respirar), entonces puede tener relaciones sexuales con seguridad. Es importante que respete su propio ritmo de recuperaci\u00f3n y, si presenta s\u00edntomas, consulte con su m\u00e9dico. Algunas personas usan nitroglicerina para prevenir o tratar los s\u00edntomas.<\/p>\n<p>Hay medicamentos que ayudan a mejorar el rendimiento sexual, como el sildenafilo, vardenafilo y tadalafilo. Tomar cualquiera de estos medicamentos mientras se usan nitratos est\u00e1 absolutamente contraindicado debido al riesgo de hipotensi\u00f3n grave. Por lo tanto, antes de empezar a usar cualquiera de estos medicamentos o hierbas, debe consultar con su m\u00e9dico.<\/p>\n<p>Algunos <a href=\"https:\/\/www.healthy-heart.org\/living-with-heart-disease\/types-of-medication\/\">medicamentos<\/a> recetados para enfermedades card\u00edacas (betabloqueantes), antidepresivos y pastillas para dormir pueden causar problemas con la erecci\u00f3n y la libido en los hombres y sequedad vaginal en las mujeres, con consecuencias en la actividad sexual. Si sospecha que su medicamento le est\u00e1 causando problemas en su vida sexual, consulte con su m\u00e9dico sobre un posible cambio en la medicaci\u00f3n, ya sea otra marca o clase de f\u00e1rmaco. No interrumpa repentinamente su medicaci\u00f3n. Si sufre disfunci\u00f3n sexual, consulte con su m\u00e9dico o enfermera para ver si podr\u00eda estar relacionado con su cardiopat\u00eda o con la ansiedad, depresi\u00f3n u otros factores.<\/p>\n","protected":false},"excerpt":{"rendered":"<p>Las cardiopat\u00edas suelen ser episodios importantes para usted y su pareja. Algunas personas sienten cambios en la intimidad o la sexualidad. A veces a las parejas les resulta dif\u00edcil hablar de la intimidad y de la sexualidad. Su m\u00e9dico o enfermera especialista puede aclararle sus dudas y tratar problemas que tenga. Muchas personas se preguntan [&hellip;]<\/p>\n","protected":false},"author":1,"featured_media":594,"parent":1865,"menu_order":9,"comment_status":"closed","ping_status":"closed","template":"","meta":{"_acf_changed":false,"footnotes":""},"categories":[63],"tags":[],"class_list":["post-1815","page","type-page","status-publish","has-post-thumbnail","hentry","category-vivir-con-una-cardiopatia"],"acf":[],"yoast_head":"<!-- This site is optimized with the Yoast SEO plugin v24.0 - https:\/\/yoast.com\/wordpress\/plugins\/seo\/ -->\n<title>Cardiopatia y actividad sexual - Healthy-Heart.org<\/title>\n<meta name=\"description\" content=\"Generalmente es seguro reanudar la actividad sexual despu\u00e9s de un infarto de miocardio sin complicaciones o tras una intervenci\u00f3n card\u00edaca sin complicaciones, como la inserci\u00f3n de una endopr\u00f3tesis vascular.\" \/>\n<meta name=\"robots\" content=\"index, follow, max-snippet:-1, max-image-preview:large, max-video-preview:-1\" \/>\n<link rel=\"canonical\" href=\"https:\/\/www.healthy-heart.org\/es\/vivir-con-una-cardiopatia\/cardiopatia-y-actividad-sexual\/\" \/>\n<meta property=\"og:locale\" content=\"es_ES\" \/>\n<meta property=\"og:type\" content=\"article\" \/>\n<meta property=\"og:title\" content=\"Cardiopatia y actividad sexual - Healthy-Heart.org\" \/>\n<meta property=\"og:description\" content=\"Generalmente es seguro reanudar la actividad sexual despu\u00e9s de un infarto de miocardio sin complicaciones o tras una intervenci\u00f3n card\u00edaca sin complicaciones, como la inserci\u00f3n de una endopr\u00f3tesis vascular.\" \/>\n<meta property=\"og:url\" content=\"https:\/\/www.healthy-heart.org\/es\/vivir-con-una-cardiopatia\/cardiopatia-y-actividad-sexual\/\" \/>\n<meta property=\"og:site_name\" content=\"Healthy-Heart.org\" \/>\n<meta property=\"article:modified_time\" content=\"2020-10-23T15:27:41+00:00\" \/>\n<meta property=\"og:image\" content=\"https:\/\/www.healthy-heart.org\/wp-content\/uploads\/2019\/07\/iStock-874866632-1024x683.jpg\" \/>\n\t<meta property=\"og:image:width\" content=\"1024\" \/>\n\t<meta property=\"og:image:height\" content=\"683\" \/>\n\t<meta property=\"og:image:type\" content=\"image\/jpeg\" \/>\n<meta name=\"twitter:card\" content=\"summary_large_image\" \/>\n<meta name=\"twitter:label1\" content=\"Tiempo de lectura\" \/>\n\t<meta name=\"twitter:data1\" content=\"2 minutos\" \/>\n<script type=\"application\/ld+json\" class=\"yoast-schema-graph\">{\"@context\":\"https:\/\/schema.org\",\"@graph\":[{\"@type\":\"WebPage\",\"@id\":\"https:\/\/www.healthy-heart.org\/es\/vivir-con-una-cardiopatia\/cardiopatia-y-actividad-sexual\/\",\"url\":\"https:\/\/www.healthy-heart.org\/es\/vivir-con-una-cardiopatia\/cardiopatia-y-actividad-sexual\/\",\"name\":\"Cardiopatia y actividad sexual - Healthy-Heart.org\",\"isPartOf\":{\"@id\":\"https:\/\/www.healthy-heart.org\/es\/#website\"},\"primaryImageOfPage\":{\"@id\":\"https:\/\/www.healthy-heart.org\/es\/vivir-con-una-cardiopatia\/cardiopatia-y-actividad-sexual\/#primaryimage\"},\"image\":{\"@id\":\"https:\/\/www.healthy-heart.org\/es\/vivir-con-una-cardiopatia\/cardiopatia-y-actividad-sexual\/#primaryimage\"},\"thumbnailUrl\":\"https:\/\/www.healthy-heart.org\/wp-content\/uploads\/2019\/07\/iStock-874866632.jpg\",\"datePublished\":\"2019-10-07T16:59:05+00:00\",\"dateModified\":\"2020-10-23T15:27:41+00:00\",\"description\":\"Generalmente es seguro reanudar la actividad sexual despu\u00e9s de un infarto de miocardio sin complicaciones o tras una intervenci\u00f3n card\u00edaca sin complicaciones, como la inserci\u00f3n de una endopr\u00f3tesis vascular.\",\"breadcrumb\":{\"@id\":\"https:\/\/www.healthy-heart.org\/es\/vivir-con-una-cardiopatia\/cardiopatia-y-actividad-sexual\/#breadcrumb\"},\"inLanguage\":\"es\",\"potentialAction\":[{\"@type\":\"ReadAction\",\"target\":[\"https:\/\/www.healthy-heart.org\/es\/vivir-con-una-cardiopatia\/cardiopatia-y-actividad-sexual\/\"]}]},{\"@type\":\"ImageObject\",\"inLanguage\":\"es\",\"@id\":\"https:\/\/www.healthy-heart.org\/es\/vivir-con-una-cardiopatia\/cardiopatia-y-actividad-sexual\/#primaryimage\",\"url\":\"https:\/\/www.healthy-heart.org\/wp-content\/uploads\/2019\/07\/iStock-874866632.jpg\",\"contentUrl\":\"https:\/\/www.healthy-heart.org\/wp-content\/uploads\/2019\/07\/iStock-874866632.jpg\",\"width\":6720,\"height\":4480,\"caption\":\"Shot of a mature couple talking on the sofa at home\"},{\"@type\":\"BreadcrumbList\",\"@id\":\"https:\/\/www.healthy-heart.org\/es\/vivir-con-una-cardiopatia\/cardiopatia-y-actividad-sexual\/#breadcrumb\",\"itemListElement\":[{\"@type\":\"ListItem\",\"position\":1,\"name\":\"Home\",\"item\":\"https:\/\/www.healthy-heart.org\/es\/\"},{\"@type\":\"ListItem\",\"position\":2,\"name\":\"Vivir con una cardiopat\u00eda\",\"item\":\"https:\/\/www.healthy-heart.org\/es\/vivir-con-una-cardiopatia\/\"},{\"@type\":\"ListItem\",\"position\":3,\"name\":\"Cardiopat\u00eda y actividad sexual\"}]},{\"@type\":\"WebSite\",\"@id\":\"https:\/\/www.healthy-heart.org\/es\/#website\",\"url\":\"https:\/\/www.healthy-heart.org\/es\/\",\"name\":\"Healthy-Heart.org\",\"description\":\"Practical advice for patients and family care givers on the prevention of cardiovascular disease\",\"potentialAction\":[{\"@type\":\"SearchAction\",\"target\":{\"@type\":\"EntryPoint\",\"urlTemplate\":\"https:\/\/www.healthy-heart.org\/es\/?s={search_term_string}\"},\"query-input\":{\"@type\":\"PropertyValueSpecification\",\"valueRequired\":true,\"valueName\":\"search_term_string\"}}],\"inLanguage\":\"es\"}]}<\/script>\n<!-- \/ Yoast SEO plugin. -->","yoast_head_json":{"title":"Cardiopatia y actividad sexual - Healthy-Heart.org","description":"Generalmente es seguro reanudar la actividad sexual despu\u00e9s de un infarto de miocardio sin complicaciones o tras una intervenci\u00f3n card\u00edaca sin complicaciones, como la inserci\u00f3n de una endopr\u00f3tesis vascular.","robots":{"index":"index","follow":"follow","max-snippet":"max-snippet:-1","max-image-preview":"max-image-preview:large","max-video-preview":"max-video-preview:-1"},"canonical":"https:\/\/www.healthy-heart.org\/es\/vivir-con-una-cardiopatia\/cardiopatia-y-actividad-sexual\/","og_locale":"es_ES","og_type":"article","og_title":"Cardiopatia y actividad sexual - Healthy-Heart.org","og_description":"Generalmente es seguro reanudar la actividad sexual despu\u00e9s de un infarto de miocardio sin complicaciones o tras una intervenci\u00f3n card\u00edaca sin complicaciones, como la inserci\u00f3n de una endopr\u00f3tesis vascular.","og_url":"https:\/\/www.healthy-heart.org\/es\/vivir-con-una-cardiopatia\/cardiopatia-y-actividad-sexual\/","og_site_name":"Healthy-Heart.org","article_modified_time":"2020-10-23T15:27:41+00:00","og_image":[{"width":1024,"height":683,"url":"https:\/\/www.healthy-heart.org\/wp-content\/uploads\/2019\/07\/iStock-874866632-1024x683.jpg","type":"image\/jpeg"}],"twitter_card":"summary_large_image","twitter_misc":{"Tiempo de lectura":"2 minutos"},"schema":{"@context":"https:\/\/schema.org","@graph":[{"@type":"WebPage","@id":"https:\/\/www.healthy-heart.org\/es\/vivir-con-una-cardiopatia\/cardiopatia-y-actividad-sexual\/","url":"https:\/\/www.healthy-heart.org\/es\/vivir-con-una-cardiopatia\/cardiopatia-y-actividad-sexual\/","name":"Cardiopatia y actividad sexual - Healthy-Heart.org","isPartOf":{"@id":"https:\/\/www.healthy-heart.org\/es\/#website"},"primaryImageOfPage":{"@id":"https:\/\/www.healthy-heart.org\/es\/vivir-con-una-cardiopatia\/cardiopatia-y-actividad-sexual\/#primaryimage"},"image":{"@id":"https:\/\/www.healthy-heart.org\/es\/vivir-con-una-cardiopatia\/cardiopatia-y-actividad-sexual\/#primaryimage"},"thumbnailUrl":"https:\/\/www.healthy-heart.org\/wp-content\/uploads\/2019\/07\/iStock-874866632.jpg","datePublished":"2019-10-07T16:59:05+00:00","dateModified":"2020-10-23T15:27:41+00:00","description":"Generalmente es seguro reanudar la actividad sexual despu\u00e9s de un infarto de miocardio sin complicaciones o tras una intervenci\u00f3n card\u00edaca sin complicaciones, como la inserci\u00f3n de una endopr\u00f3tesis vascular.","breadcrumb":{"@id":"https:\/\/www.healthy-heart.org\/es\/vivir-con-una-cardiopatia\/cardiopatia-y-actividad-sexual\/#breadcrumb"},"inLanguage":"es","potentialAction":[{"@type":"ReadAction","target":["https:\/\/www.healthy-heart.org\/es\/vivir-con-una-cardiopatia\/cardiopatia-y-actividad-sexual\/"]}]},{"@type":"ImageObject","inLanguage":"es","@id":"https:\/\/www.healthy-heart.org\/es\/vivir-con-una-cardiopatia\/cardiopatia-y-actividad-sexual\/#primaryimage","url":"https:\/\/www.healthy-heart.org\/wp-content\/uploads\/2019\/07\/iStock-874866632.jpg","contentUrl":"https:\/\/www.healthy-heart.org\/wp-content\/uploads\/2019\/07\/iStock-874866632.jpg","width":6720,"height":4480,"caption":"Shot of a mature couple talking on the sofa at home"},{"@type":"BreadcrumbList","@id":"https:\/\/www.healthy-heart.org\/es\/vivir-con-una-cardiopatia\/cardiopatia-y-actividad-sexual\/#breadcrumb","itemListElement":[{"@type":"ListItem","position":1,"name":"Home","item":"https:\/\/www.healthy-heart.org\/es\/"},{"@type":"ListItem","position":2,"name":"Vivir con una cardiopat\u00eda","item":"https:\/\/www.healthy-heart.org\/es\/vivir-con-una-cardiopatia\/"},{"@type":"ListItem","position":3,"name":"Cardiopat\u00eda y actividad sexual"}]},{"@type":"WebSite","@id":"https:\/\/www.healthy-heart.org\/es\/#website","url":"https:\/\/www.healthy-heart.org\/es\/","name":"Healthy-Heart.org","description":"Practical advice for patients and family care givers on the prevention of cardiovascular disease","potentialAction":[{"@type":"SearchAction","target":{"@type":"EntryPoint","urlTemplate":"https:\/\/www.healthy-heart.org\/es\/?s={search_term_string}"},"query-input":{"@type":"PropertyValueSpecification","valueRequired":true,"valueName":"search_term_string"}}],"inLanguage":"es"}]}},"_links":{"self":[{"href":"https:\/\/www.healthy-heart.org\/es\/wp-json\/wp\/v2\/pages\/1815","targetHints":{"allow":["GET"]}}],"collection":[{"href":"https:\/\/www.healthy-heart.org\/es\/wp-json\/wp\/v2\/pages"}],"about":[{"href":"https:\/\/www.healthy-heart.org\/es\/wp-json\/wp\/v2\/types\/page"}],"author":[{"embeddable":true,"href":"https:\/\/www.healthy-heart.org\/es\/wp-json\/wp\/v2\/users\/1"}],"replies":[{"embeddable":true,"href":"https:\/\/www.healthy-heart.org\/es\/wp-json\/wp\/v2\/comments?post=1815"}],"version-history":[{"count":5,"href":"https:\/\/www.healthy-heart.org\/es\/wp-json\/wp\/v2\/pages\/1815\/revisions"}],"predecessor-version":[{"id":4789,"href":"https:\/\/www.healthy-heart.org\/es\/wp-json\/wp\/v2\/pages\/1815\/revisions\/4789"}],"up":[{"embeddable":true,"href":"https:\/\/www.healthy-heart.org\/es\/wp-json\/wp\/v2\/pages\/1865"}],"wp:featuredmedia":[{"embeddable":true,"href":"https:\/\/www.healthy-heart.org\/es\/wp-json\/wp\/v2\/media\/594"}],"wp:attachment":[{"href":"https:\/\/www.healthy-heart.org\/es\/wp-json\/wp\/v2\/media?parent=1815"}],"wp:term":[{"taxonomy":"category","embeddable":true,"href":"https:\/\/www.healthy-heart.org\/es\/wp-json\/wp\/v2\/categories?post=1815"},{"taxonomy":"post_tag","embeddable":true,"href":"https:\/\/www.healthy-heart.org\/es\/wp-json\/wp\/v2\/tags?post=1815"}],"curies":[{"name":"wp","href":"https:\/\/api.w.org\/{rel}","templated":true}]}}