{"id":1810,"date":"2019-10-07T17:58:38","date_gmt":"2019-10-07T16:58:38","guid":{"rendered":"https:\/\/www.healthy-heart.org\/entrenamiento\/"},"modified":"2019-10-07T17:58:38","modified_gmt":"2019-10-07T16:58:38","slug":"entrenamiento","status":"publish","type":"page","link":"https:\/\/www.healthy-heart.org\/es\/vivir-con-una-cardiopatia\/entrenamiento\/","title":{"rendered":"Entrenamiento"},"content":{"rendered":"<p><img loading=\"lazy\" decoding=\"async\" class=\"alignright size-medium wp-image-474\" src=\"https:\/\/www.healthy-heart.org\/wp-content\/uploads\/2019\/07\/iStock-652842710-350x233.jpg\" alt=\"\" width=\"350\" height=\"233\" srcset=\"https:\/\/www.healthy-heart.org\/wp-content\/uploads\/2019\/07\/iStock-652842710-350x233.jpg 350w, https:\/\/cdn-endpoint-prev.azureedge.net\/healthy-heart\/2019\/07\/iStock-652842710-2048x1365.jpg 2048w, https:\/\/cdn-endpoint-prev.azureedge.net\/healthy-heart\/2019\/07\/iStock-652842710-659x439.jpg 659w, https:\/\/www.healthy-heart.org\/wp-content\/uploads\/2019\/07\/iStock-652842710-200x133.jpg 200w, https:\/\/www.healthy-heart.org\/wp-content\/uploads\/2019\/07\/iStock-652842710-768x512.jpg 768w, https:\/\/www.healthy-heart.org\/wp-content\/uploads\/2019\/07\/iStock-652842710-1024x683.jpg 1024w, https:\/\/www.healthy-heart.org\/wp-content\/uploads\/2019\/07\/iStock-652842710-1536x1024.jpg 1536w, https:\/\/www.healthy-heart.org\/wp-content\/uploads\/2019\/07\/iStock-652842710-696x464.jpg 696w\" sizes=\"auto, (max-width: 350px) 100vw, 350px\" \/><\/p>\n<h3>\u00bfCu\u00e1nto ejercicio f\u00edsico deber\u00eda hacer?<\/h3>\n<p>Las personas con cardiopat\u00edas deben practicar ejercicio aer\u00f3bico de intensidad moderada al menos 30 minutos al d\u00eda. Los ejercicios aer\u00f3bicos como caminar, correr, montar en bicicleta, remar, nadar y el esqu\u00ed de fondo aumentar\u00e1n su resistencia f\u00edsica. La cantidad de ejercicio que se haga es m\u00e1s importante que el tipo de ejercicio. Cuanto m\u00e1s a menudo haga ejercicio, y cuanto m\u00e1s larga sea la sesi\u00f3n, mayor ser\u00e1 su efecto sobre la salud y esperanza de vida (consulte m\u00e1s informaci\u00f3n sobre el <a href=\"https:\/\/www.healthy-heart.org\/keep-your-heart-healthy\/physical-activity\/\">sedentarismo<\/a> y <a href=\"https:\/\/www.healthy-heart.org\/keep-your-heart-healthy\/take-control-of-your-lifestyle\/\">lo que puede hacer para adoptar medidas<\/a>en consecuencia).<\/p>\n<h3>\u00bfC\u00f3mo s\u00e9 si hago ejercicio de intensidad moderada?<\/h3>\n<p>Hay dos formas de saberlo:<\/p>\n<ol>\n<li>Controle su ritmo card\u00edaco con puls\u00f3metros en dispositivos como tel\u00e9fonos m\u00f3viles, pulseras de actividad f\u00edsica o bandas pectorales. La intensidad moderada significa entrenar entre el 64&nbsp;% y el 76&nbsp;% de su frecuencia card\u00edaca m\u00e1xima (FCM). Para calcular la FCM podemos utilizar la f\u00f3rmula de la edad, que consiste en restar su edad a 220, a menos que est\u00e9 bajo tratamiento m\u00e9dico (como betabloqueantes) lo cual modifica su ritmo card\u00edaco.<\/li>\n<li>La prueba del habla es el m\u00e9todo m\u00e1s sencillo. Aumente gradualmente su velocidad o carga hasta que hablar se vuelva demasiado dif\u00edcil (a veces necesita jadear para coger aire y hablar c\u00f3modamente). Reduzca ligeramente la velocidad o la carga para que pueda hablar mientras hace ejercicio. Esto es la intensidad moderada.<\/li>\n<\/ol>\n<p>El ejercicio de resistencia debe realizarse al menos dos veces por semana para mejorar la fuerza y la masa muscular, que ayudan a mejorar la salud a largo plazo. Para cada uno de los grupos musculares grandes, realice 3 series de 8 a 12 repeticiones con una recuperaci\u00f3n de 1 a 2 minutos entre ambas. El peso debe ser lo suficientemente elevado como para que la \u00faltima repetici\u00f3n pueda ejecutarse correctamente, mientras que hacer otra ser\u00eda imposible.<\/p>\n<p>Adem\u00e1s de alcanzar sus objetivos semanales para el ejercicio aer\u00f3bico y de resistencia, mant\u00e9ngase activo en su d\u00eda a d\u00eda y reduzca el tiempo que pasa sentado. Hay pruebas irrefutables de que sentarse demasiado aumenta el riesgo de muerte prematura. Use un pod\u00f3metro situado a la altura de la cadera para evaluar cu\u00e1nto se mueve durante el d\u00eda. Establezca un objetivo diario.<\/p>\n","protected":false},"excerpt":{"rendered":"<p>\u00bfCu\u00e1nto ejercicio f\u00edsico deber\u00eda hacer? Las personas con cardiopat\u00edas deben practicar ejercicio aer\u00f3bico de intensidad moderada al menos 30 minutos al d\u00eda. Los ejercicios aer\u00f3bicos como caminar, correr, montar en bicicleta, remar, nadar y el esqu\u00ed de fondo aumentar\u00e1n su resistencia f\u00edsica. La cantidad de ejercicio que se haga es m\u00e1s importante que el tipo [&hellip;]<\/p>\n","protected":false},"author":1,"featured_media":482,"parent":1865,"menu_order":3,"comment_status":"closed","ping_status":"closed","template":"","meta":{"_acf_changed":false,"footnotes":""},"categories":[63],"tags":[],"class_list":["post-1810","page","type-page","status-publish","has-post-thumbnail","hentry","category-vivir-con-una-cardiopatia"],"acf":[],"yoast_head":"<!-- This site is optimized with the Yoast SEO plugin v24.0 - https:\/\/yoast.com\/wordpress\/plugins\/seo\/ -->\n<title>Ejercicio f\u00edsico - Healthy-Heart.org<\/title>\n<meta name=\"description\" content=\"La pr\u00e1ctica de ejercicio f\u00edsico acelera el proceso de recuperaci\u00f3n tras haber sufrido una enfermedad cardiovascular y evita la aparici\u00f3n de nuevos problemas card\u00edacos.\" \/>\n<meta name=\"robots\" content=\"index, follow, max-snippet:-1, max-image-preview:large, max-video-preview:-1\" \/>\n<link rel=\"canonical\" href=\"https:\/\/www.healthy-heart.org\/es\/vivir-con-una-cardiopatia\/entrenamiento\/\" \/>\n<meta property=\"og:locale\" content=\"es_ES\" \/>\n<meta property=\"og:type\" content=\"article\" \/>\n<meta property=\"og:title\" content=\"Ejercicio f\u00edsico - Healthy-Heart.org\" \/>\n<meta property=\"og:description\" content=\"La pr\u00e1ctica de ejercicio f\u00edsico acelera el proceso de recuperaci\u00f3n tras haber sufrido una enfermedad cardiovascular y evita la aparici\u00f3n de nuevos problemas card\u00edacos.\" \/>\n<meta property=\"og:url\" content=\"https:\/\/www.healthy-heart.org\/es\/vivir-con-una-cardiopatia\/entrenamiento\/\" \/>\n<meta property=\"og:site_name\" content=\"Healthy-Heart.org\" \/>\n<meta property=\"og:image\" content=\"https:\/\/www.healthy-heart.org\/wp-content\/uploads\/2019\/07\/iStock-652842710-1024x683.jpg\" \/>\n\t<meta property=\"og:image:width\" content=\"1024\" \/>\n\t<meta property=\"og:image:height\" content=\"683\" \/>\n\t<meta property=\"og:image:type\" content=\"image\/jpeg\" \/>\n<meta name=\"twitter:card\" content=\"summary_large_image\" \/>\n<meta name=\"twitter:label1\" content=\"Tiempo de lectura\" \/>\n\t<meta name=\"twitter:data1\" content=\"2 minutos\" \/>\n<script type=\"application\/ld+json\" class=\"yoast-schema-graph\">{\"@context\":\"https:\/\/schema.org\",\"@graph\":[{\"@type\":\"WebPage\",\"@id\":\"https:\/\/www.healthy-heart.org\/es\/vivir-con-una-cardiopatia\/entrenamiento\/\",\"url\":\"https:\/\/www.healthy-heart.org\/es\/vivir-con-una-cardiopatia\/entrenamiento\/\",\"name\":\"Ejercicio f\u00edsico - Healthy-Heart.org\",\"isPartOf\":{\"@id\":\"https:\/\/www.healthy-heart.org\/es\/#website\"},\"primaryImageOfPage\":{\"@id\":\"https:\/\/www.healthy-heart.org\/es\/vivir-con-una-cardiopatia\/entrenamiento\/#primaryimage\"},\"image\":{\"@id\":\"https:\/\/www.healthy-heart.org\/es\/vivir-con-una-cardiopatia\/entrenamiento\/#primaryimage\"},\"thumbnailUrl\":\"https:\/\/www.healthy-heart.org\/wp-content\/uploads\/2019\/07\/iStock-652842710.jpg\",\"datePublished\":\"2019-10-07T16:58:38+00:00\",\"dateModified\":\"2019-10-07T16:58:38+00:00\",\"description\":\"La pr\u00e1ctica de ejercicio f\u00edsico acelera el proceso de recuperaci\u00f3n tras haber sufrido una enfermedad cardiovascular y evita la aparici\u00f3n de nuevos problemas card\u00edacos.\",\"breadcrumb\":{\"@id\":\"https:\/\/www.healthy-heart.org\/es\/vivir-con-una-cardiopatia\/entrenamiento\/#breadcrumb\"},\"inLanguage\":\"es\",\"potentialAction\":[{\"@type\":\"ReadAction\",\"target\":[\"https:\/\/www.healthy-heart.org\/es\/vivir-con-una-cardiopatia\/entrenamiento\/\"]}]},{\"@type\":\"ImageObject\",\"inLanguage\":\"es\",\"@id\":\"https:\/\/www.healthy-heart.org\/es\/vivir-con-una-cardiopatia\/entrenamiento\/#primaryimage\",\"url\":\"https:\/\/www.healthy-heart.org\/wp-content\/uploads\/2019\/07\/iStock-652842710.jpg\",\"contentUrl\":\"https:\/\/www.healthy-heart.org\/wp-content\/uploads\/2019\/07\/iStock-652842710.jpg\",\"width\":5760,\"height\":3840,\"caption\":\"Two multi-ethnic senior men exercising in the park. The African-American man is wearing earbuds, listening to music through the mobile phone on his armband. they are smiling at the camera.\"},{\"@type\":\"BreadcrumbList\",\"@id\":\"https:\/\/www.healthy-heart.org\/es\/vivir-con-una-cardiopatia\/entrenamiento\/#breadcrumb\",\"itemListElement\":[{\"@type\":\"ListItem\",\"position\":1,\"name\":\"Home\",\"item\":\"https:\/\/www.healthy-heart.org\/es\/\"},{\"@type\":\"ListItem\",\"position\":2,\"name\":\"Vivir con una cardiopat\u00eda\",\"item\":\"https:\/\/www.healthy-heart.org\/es\/vivir-con-una-cardiopatia\/\"},{\"@type\":\"ListItem\",\"position\":3,\"name\":\"Entrenamiento\"}]},{\"@type\":\"WebSite\",\"@id\":\"https:\/\/www.healthy-heart.org\/es\/#website\",\"url\":\"https:\/\/www.healthy-heart.org\/es\/\",\"name\":\"Healthy-Heart.org\",\"description\":\"Practical advice for patients and family care givers on the prevention of cardiovascular disease\",\"potentialAction\":[{\"@type\":\"SearchAction\",\"target\":{\"@type\":\"EntryPoint\",\"urlTemplate\":\"https:\/\/www.healthy-heart.org\/es\/?s={search_term_string}\"},\"query-input\":{\"@type\":\"PropertyValueSpecification\",\"valueRequired\":true,\"valueName\":\"search_term_string\"}}],\"inLanguage\":\"es\"}]}<\/script>\n<!-- \/ Yoast SEO plugin. -->","yoast_head_json":{"title":"Ejercicio f\u00edsico - Healthy-Heart.org","description":"La pr\u00e1ctica de ejercicio f\u00edsico acelera el proceso de recuperaci\u00f3n tras haber sufrido una enfermedad cardiovascular y evita la aparici\u00f3n de nuevos problemas card\u00edacos.","robots":{"index":"index","follow":"follow","max-snippet":"max-snippet:-1","max-image-preview":"max-image-preview:large","max-video-preview":"max-video-preview:-1"},"canonical":"https:\/\/www.healthy-heart.org\/es\/vivir-con-una-cardiopatia\/entrenamiento\/","og_locale":"es_ES","og_type":"article","og_title":"Ejercicio f\u00edsico - Healthy-Heart.org","og_description":"La pr\u00e1ctica de ejercicio f\u00edsico acelera el proceso de recuperaci\u00f3n tras haber sufrido una enfermedad cardiovascular y evita la aparici\u00f3n de nuevos problemas card\u00edacos.","og_url":"https:\/\/www.healthy-heart.org\/es\/vivir-con-una-cardiopatia\/entrenamiento\/","og_site_name":"Healthy-Heart.org","og_image":[{"width":1024,"height":683,"url":"https:\/\/www.healthy-heart.org\/wp-content\/uploads\/2019\/07\/iStock-652842710-1024x683.jpg","type":"image\/jpeg"}],"twitter_card":"summary_large_image","twitter_misc":{"Tiempo de lectura":"2 minutos"},"schema":{"@context":"https:\/\/schema.org","@graph":[{"@type":"WebPage","@id":"https:\/\/www.healthy-heart.org\/es\/vivir-con-una-cardiopatia\/entrenamiento\/","url":"https:\/\/www.healthy-heart.org\/es\/vivir-con-una-cardiopatia\/entrenamiento\/","name":"Ejercicio f\u00edsico - Healthy-Heart.org","isPartOf":{"@id":"https:\/\/www.healthy-heart.org\/es\/#website"},"primaryImageOfPage":{"@id":"https:\/\/www.healthy-heart.org\/es\/vivir-con-una-cardiopatia\/entrenamiento\/#primaryimage"},"image":{"@id":"https:\/\/www.healthy-heart.org\/es\/vivir-con-una-cardiopatia\/entrenamiento\/#primaryimage"},"thumbnailUrl":"https:\/\/www.healthy-heart.org\/wp-content\/uploads\/2019\/07\/iStock-652842710.jpg","datePublished":"2019-10-07T16:58:38+00:00","dateModified":"2019-10-07T16:58:38+00:00","description":"La pr\u00e1ctica de ejercicio f\u00edsico acelera el proceso de recuperaci\u00f3n tras haber sufrido una enfermedad cardiovascular y evita la aparici\u00f3n de nuevos problemas card\u00edacos.","breadcrumb":{"@id":"https:\/\/www.healthy-heart.org\/es\/vivir-con-una-cardiopatia\/entrenamiento\/#breadcrumb"},"inLanguage":"es","potentialAction":[{"@type":"ReadAction","target":["https:\/\/www.healthy-heart.org\/es\/vivir-con-una-cardiopatia\/entrenamiento\/"]}]},{"@type":"ImageObject","inLanguage":"es","@id":"https:\/\/www.healthy-heart.org\/es\/vivir-con-una-cardiopatia\/entrenamiento\/#primaryimage","url":"https:\/\/www.healthy-heart.org\/wp-content\/uploads\/2019\/07\/iStock-652842710.jpg","contentUrl":"https:\/\/www.healthy-heart.org\/wp-content\/uploads\/2019\/07\/iStock-652842710.jpg","width":5760,"height":3840,"caption":"Two multi-ethnic senior men exercising in the park. The African-American man is wearing earbuds, listening to music through the mobile phone on his armband. they are smiling at the camera."},{"@type":"BreadcrumbList","@id":"https:\/\/www.healthy-heart.org\/es\/vivir-con-una-cardiopatia\/entrenamiento\/#breadcrumb","itemListElement":[{"@type":"ListItem","position":1,"name":"Home","item":"https:\/\/www.healthy-heart.org\/es\/"},{"@type":"ListItem","position":2,"name":"Vivir con una cardiopat\u00eda","item":"https:\/\/www.healthy-heart.org\/es\/vivir-con-una-cardiopatia\/"},{"@type":"ListItem","position":3,"name":"Entrenamiento"}]},{"@type":"WebSite","@id":"https:\/\/www.healthy-heart.org\/es\/#website","url":"https:\/\/www.healthy-heart.org\/es\/","name":"Healthy-Heart.org","description":"Practical advice for patients and family care givers on the prevention of cardiovascular disease","potentialAction":[{"@type":"SearchAction","target":{"@type":"EntryPoint","urlTemplate":"https:\/\/www.healthy-heart.org\/es\/?s={search_term_string}"},"query-input":{"@type":"PropertyValueSpecification","valueRequired":true,"valueName":"search_term_string"}}],"inLanguage":"es"}]}},"_links":{"self":[{"href":"https:\/\/www.healthy-heart.org\/es\/wp-json\/wp\/v2\/pages\/1810","targetHints":{"allow":["GET"]}}],"collection":[{"href":"https:\/\/www.healthy-heart.org\/es\/wp-json\/wp\/v2\/pages"}],"about":[{"href":"https:\/\/www.healthy-heart.org\/es\/wp-json\/wp\/v2\/types\/page"}],"author":[{"embeddable":true,"href":"https:\/\/www.healthy-heart.org\/es\/wp-json\/wp\/v2\/users\/1"}],"replies":[{"embeddable":true,"href":"https:\/\/www.healthy-heart.org\/es\/wp-json\/wp\/v2\/comments?post=1810"}],"version-history":[{"count":0,"href":"https:\/\/www.healthy-heart.org\/es\/wp-json\/wp\/v2\/pages\/1810\/revisions"}],"up":[{"embeddable":true,"href":"https:\/\/www.healthy-heart.org\/es\/wp-json\/wp\/v2\/pages\/1865"}],"wp:featuredmedia":[{"embeddable":true,"href":"https:\/\/www.healthy-heart.org\/es\/wp-json\/wp\/v2\/media\/482"}],"wp:attachment":[{"href":"https:\/\/www.healthy-heart.org\/es\/wp-json\/wp\/v2\/media?parent=1810"}],"wp:term":[{"taxonomy":"category","embeddable":true,"href":"https:\/\/www.healthy-heart.org\/es\/wp-json\/wp\/v2\/categories?post=1810"},{"taxonomy":"post_tag","embeddable":true,"href":"https:\/\/www.healthy-heart.org\/es\/wp-json\/wp\/v2\/tags?post=1810"}],"curies":[{"name":"wp","href":"https:\/\/api.w.org\/{rel}","templated":true}]}}