{"id":1796,"date":"2019-10-07T17:58:09","date_gmt":"2019-10-07T16:58:09","guid":{"rendered":"https:\/\/www.healthy-heart.org\/mantenga-su-corazon-sano\/estres-y-sueno\/"},"modified":"2021-02-02T14:21:30","modified_gmt":"2021-02-02T14:21:30","slug":"estres-y-sueno","status":"publish","type":"page","link":"https:\/\/www.healthy-heart.org\/es\/mantenga-su-corazon-sano\/estres-y-sueno\/","title":{"rendered":"Estr\u00e9s y sue\u00f1o"},"content":{"rendered":"<p>Reducir el estr\u00e9s y dormir bien y lo suficiente puede mejorar la calidad de vida y prevenir los infartos de miocardio y las reca\u00eddas.<\/p>\n<p>La forma en que nuestro organismo reacciona ante estados de estr\u00e9s psicol\u00f3gico causa cambios f\u00edsicos en el cuerpo. El estr\u00e9s emocional puede provocar un aumento en la frecuencia card\u00edaca (velocidad con la que el coraz\u00f3n bombea la sangre), la presi\u00f3n <a href=\"https:\/\/www.healthy-heart.org\/keep-your-heart-healthy\/blood-pressure\/\">arterial<\/a> y la frecuencia respiratoria debido a que el sistema nervioso se sobrecarga de trabajo.<\/p>\n<p>Aunque los mecanismos de respuesta son parte del funcionamiento normal del organismo, el estr\u00e9s persistente debido a h\u00e1bitos <a href=\"https:\/\/www.healthy-heart.org\/keep-your-heart-healthy\/take-control-of-your-lifestyle\/\">de estilo de vida poco saludables<\/a>, problemas laborales o problemas familiares puede ser un desencadenante cr\u00f3nico para el sistema nervioso y aumentar el riesgo de padecer enfermedades cardiovasculares. El efecto del estr\u00e9s aumenta si no se duerme lo suficiente o se duerme mal.<\/p>\n<p>Los terremotos ilustran el impacto del estr\u00e9s. El terremoto de 1995 en Kobe (Jap\u00f3n) triplic\u00f3 los infartos de miocardio en las personas que viv\u00edan cerca del epicentro cuando se produjo el movimiento s\u00edsmico.<\/p>\n<p>El sue\u00f1o y el estr\u00e9s est\u00e1n estrechamente relacionados. La falta de sue\u00f1o a menudo causa fatiga, mal humor, cambios en la alimentaci\u00f3n y somnolencia excesiva durante el d\u00eda. Las personas con estr\u00e9s son m\u00e1s propensas a sufrir trastornos del sue\u00f1o como insomnio y desorganizaci\u00f3n del sue\u00f1o. Esto es preocupante dado que la cantidad de tiempo dedicado al sue\u00f1o ha disminuido poco a poco. Muchas personas duermen menos debido al aumento de las jornadas laborales y a que se pasa m\u00e1s tiempo con dispositivos m\u00f3viles.<\/p>\n<p>El estr\u00e9s cambia el metabolismo del cuerpo y est\u00e1 relacionado con el aumento de peso. El <a href=\"https:\/\/www.healthy-heart.org\/es\/mantenga-su-corazon-sano\/mantener-un-peso-saludable\/\">exceso de peso<\/a> aumenta la probabilidad de trastornos respiratorios relacionados con el sue\u00f1o, como la apnea obstructiva del sue\u00f1o, que, a su vez, produce aletargamiento diurno y un mayor <a href=\"https:\/\/www.healthy-heart.org\/es\/mantenga-su-corazon-sano\/pronostico-y-control-del-riesgo-de-las-cardiopatias\/\">riesgo cardiovascular<\/a>.<\/p>\n<p>Es necesario dormir entre siete y ocho horas al d\u00eda. Menos de seis horas o m\u00e1s de diez al d\u00eda est\u00e1n relacionadas con una mayor probabilidad de IM y apoplej\u00eda. Dormir lo suficiente y tratar los trastornos del sue\u00f1o como la apnea del sue\u00f1o y el insomnio pueden proteger contra la presi\u00f3n arterial alta y otros problemas cardiovasculares.<\/p>\n<blockquote><p>Reducir el estr\u00e9s y dormir lo suficiente y bien puede reducir el riesgo cardiovascular y mejorar la calidad de vida.<\/p><\/blockquote>\n<p>Consulte con su m\u00e9dico si est\u00e1 bajo estr\u00e9s cr\u00f3nico, sobre todo si tampoco duerme bien. Las terapias psicosociales, que abarcan aspectos psicol\u00f3gicos y sociales, mejoran el sue\u00f1o y la calidad de vida y protegen contra infartos de miocardio y reca\u00eddas.<\/p>\n","protected":false},"excerpt":{"rendered":"<p>Reducir el estr\u00e9s y dormir bien y lo suficiente puede mejorar la calidad de vida y prevenir los infartos de miocardio y las reca\u00eddas. La forma en que nuestro organismo reacciona ante estados de estr\u00e9s psicol\u00f3gico causa cambios f\u00edsicos en el cuerpo. El estr\u00e9s emocional puede provocar un aumento en la frecuencia card\u00edaca (velocidad con [&hellip;]<\/p>\n","protected":false},"author":1,"featured_media":1193,"parent":1682,"menu_order":6,"comment_status":"closed","ping_status":"closed","template":"","meta":{"_acf_changed":false,"footnotes":""},"categories":[58],"tags":[],"class_list":["post-1796","page","type-page","status-publish","has-post-thumbnail","hentry","category-mantenga-su-corazon-sano"],"acf":[],"yoast_head":"<!-- This site is optimized with the Yoast SEO plugin v24.0 - https:\/\/yoast.com\/wordpress\/plugins\/seo\/ -->\n<title>Estr\u00e9s y sue\u00f1o - Healthy-Heart.org<\/title>\n<meta name=\"description\" content=\"Reducir el estr\u00e9s y dormir bien y las horas suficientes pueden mejorar la calidad de vida y prevenir infartos de miocardio.\" \/>\n<meta name=\"robots\" content=\"index, follow, max-snippet:-1, max-image-preview:large, max-video-preview:-1\" \/>\n<link rel=\"canonical\" href=\"https:\/\/www.healthy-heart.org\/es\/mantenga-su-corazon-sano\/estres-y-sueno\/\" \/>\n<meta property=\"og:locale\" content=\"es_ES\" \/>\n<meta property=\"og:type\" content=\"article\" \/>\n<meta property=\"og:title\" content=\"Estr\u00e9s y sue\u00f1o - Healthy-Heart.org\" \/>\n<meta property=\"og:description\" content=\"Reducir el estr\u00e9s y dormir bien y las horas suficientes pueden mejorar la calidad de vida y prevenir infartos de miocardio.\" \/>\n<meta property=\"og:url\" content=\"https:\/\/www.healthy-heart.org\/es\/mantenga-su-corazon-sano\/estres-y-sueno\/\" \/>\n<meta property=\"og:site_name\" content=\"Healthy-Heart.org\" \/>\n<meta property=\"article:modified_time\" content=\"2021-02-02T14:21:30+00:00\" \/>\n<meta property=\"og:image\" content=\"https:\/\/www.healthy-heart.org\/wp-content\/uploads\/2019\/08\/Stress-and-sleep-iStock-924925656-1024x714.jpg\" \/>\n\t<meta property=\"og:image:width\" content=\"1024\" \/>\n\t<meta property=\"og:image:height\" content=\"714\" \/>\n\t<meta property=\"og:image:type\" content=\"image\/jpeg\" \/>\n<meta name=\"twitter:card\" content=\"summary_large_image\" \/>\n<meta name=\"twitter:label1\" content=\"Tiempo de lectura\" \/>\n\t<meta name=\"twitter:data1\" content=\"2 minutos\" \/>\n<script type=\"application\/ld+json\" class=\"yoast-schema-graph\">{\"@context\":\"https:\/\/schema.org\",\"@graph\":[{\"@type\":\"WebPage\",\"@id\":\"https:\/\/www.healthy-heart.org\/es\/mantenga-su-corazon-sano\/estres-y-sueno\/\",\"url\":\"https:\/\/www.healthy-heart.org\/es\/mantenga-su-corazon-sano\/estres-y-sueno\/\",\"name\":\"Estr\u00e9s y sue\u00f1o - Healthy-Heart.org\",\"isPartOf\":{\"@id\":\"https:\/\/www.healthy-heart.org\/es\/#website\"},\"primaryImageOfPage\":{\"@id\":\"https:\/\/www.healthy-heart.org\/es\/mantenga-su-corazon-sano\/estres-y-sueno\/#primaryimage\"},\"image\":{\"@id\":\"https:\/\/www.healthy-heart.org\/es\/mantenga-su-corazon-sano\/estres-y-sueno\/#primaryimage\"},\"thumbnailUrl\":\"https:\/\/www.healthy-heart.org\/wp-content\/uploads\/2019\/08\/Stress-and-sleep-iStock-924925656.jpg\",\"datePublished\":\"2019-10-07T16:58:09+00:00\",\"dateModified\":\"2021-02-02T14:21:30+00:00\",\"description\":\"Reducir el estr\u00e9s y dormir bien y las horas suficientes pueden mejorar la calidad de vida y prevenir infartos de miocardio.\",\"breadcrumb\":{\"@id\":\"https:\/\/www.healthy-heart.org\/es\/mantenga-su-corazon-sano\/estres-y-sueno\/#breadcrumb\"},\"inLanguage\":\"es\",\"potentialAction\":[{\"@type\":\"ReadAction\",\"target\":[\"https:\/\/www.healthy-heart.org\/es\/mantenga-su-corazon-sano\/estres-y-sueno\/\"]}]},{\"@type\":\"ImageObject\",\"inLanguage\":\"es\",\"@id\":\"https:\/\/www.healthy-heart.org\/es\/mantenga-su-corazon-sano\/estres-y-sueno\/#primaryimage\",\"url\":\"https:\/\/www.healthy-heart.org\/wp-content\/uploads\/2019\/08\/Stress-and-sleep-iStock-924925656.jpg\",\"contentUrl\":\"https:\/\/www.healthy-heart.org\/wp-content\/uploads\/2019\/08\/Stress-and-sleep-iStock-924925656.jpg\",\"width\":8386,\"height\":5851,\"caption\":\"Thoughtful stressed young man with a mess in his head\"},{\"@type\":\"BreadcrumbList\",\"@id\":\"https:\/\/www.healthy-heart.org\/es\/mantenga-su-corazon-sano\/estres-y-sueno\/#breadcrumb\",\"itemListElement\":[{\"@type\":\"ListItem\",\"position\":1,\"name\":\"Home\",\"item\":\"https:\/\/www.healthy-heart.org\/es\/\"},{\"@type\":\"ListItem\",\"position\":2,\"name\":\"Mantenga su coraz\u00f3n sano\",\"item\":\"https:\/\/www.healthy-heart.org\/es\/mantenga-su-corazon-sano\/\"},{\"@type\":\"ListItem\",\"position\":3,\"name\":\"Estr\u00e9s y sue\u00f1o\"}]},{\"@type\":\"WebSite\",\"@id\":\"https:\/\/www.healthy-heart.org\/es\/#website\",\"url\":\"https:\/\/www.healthy-heart.org\/es\/\",\"name\":\"Healthy-Heart.org\",\"description\":\"Practical advice for patients and family care givers on the prevention of cardiovascular disease\",\"potentialAction\":[{\"@type\":\"SearchAction\",\"target\":{\"@type\":\"EntryPoint\",\"urlTemplate\":\"https:\/\/www.healthy-heart.org\/es\/?s={search_term_string}\"},\"query-input\":{\"@type\":\"PropertyValueSpecification\",\"valueRequired\":true,\"valueName\":\"search_term_string\"}}],\"inLanguage\":\"es\"}]}<\/script>\n<!-- \/ Yoast SEO plugin. -->","yoast_head_json":{"title":"Estr\u00e9s y sue\u00f1o - Healthy-Heart.org","description":"Reducir el estr\u00e9s y dormir bien y las horas suficientes pueden mejorar la calidad de vida y prevenir infartos de miocardio.","robots":{"index":"index","follow":"follow","max-snippet":"max-snippet:-1","max-image-preview":"max-image-preview:large","max-video-preview":"max-video-preview:-1"},"canonical":"https:\/\/www.healthy-heart.org\/es\/mantenga-su-corazon-sano\/estres-y-sueno\/","og_locale":"es_ES","og_type":"article","og_title":"Estr\u00e9s y sue\u00f1o - Healthy-Heart.org","og_description":"Reducir el estr\u00e9s y dormir bien y las horas suficientes pueden mejorar la calidad de vida y prevenir infartos de miocardio.","og_url":"https:\/\/www.healthy-heart.org\/es\/mantenga-su-corazon-sano\/estres-y-sueno\/","og_site_name":"Healthy-Heart.org","article_modified_time":"2021-02-02T14:21:30+00:00","og_image":[{"width":1024,"height":714,"url":"https:\/\/www.healthy-heart.org\/wp-content\/uploads\/2019\/08\/Stress-and-sleep-iStock-924925656-1024x714.jpg","type":"image\/jpeg"}],"twitter_card":"summary_large_image","twitter_misc":{"Tiempo de lectura":"2 minutos"},"schema":{"@context":"https:\/\/schema.org","@graph":[{"@type":"WebPage","@id":"https:\/\/www.healthy-heart.org\/es\/mantenga-su-corazon-sano\/estres-y-sueno\/","url":"https:\/\/www.healthy-heart.org\/es\/mantenga-su-corazon-sano\/estres-y-sueno\/","name":"Estr\u00e9s y sue\u00f1o - Healthy-Heart.org","isPartOf":{"@id":"https:\/\/www.healthy-heart.org\/es\/#website"},"primaryImageOfPage":{"@id":"https:\/\/www.healthy-heart.org\/es\/mantenga-su-corazon-sano\/estres-y-sueno\/#primaryimage"},"image":{"@id":"https:\/\/www.healthy-heart.org\/es\/mantenga-su-corazon-sano\/estres-y-sueno\/#primaryimage"},"thumbnailUrl":"https:\/\/www.healthy-heart.org\/wp-content\/uploads\/2019\/08\/Stress-and-sleep-iStock-924925656.jpg","datePublished":"2019-10-07T16:58:09+00:00","dateModified":"2021-02-02T14:21:30+00:00","description":"Reducir el estr\u00e9s y dormir bien y las horas suficientes pueden mejorar la calidad de vida y prevenir infartos de miocardio.","breadcrumb":{"@id":"https:\/\/www.healthy-heart.org\/es\/mantenga-su-corazon-sano\/estres-y-sueno\/#breadcrumb"},"inLanguage":"es","potentialAction":[{"@type":"ReadAction","target":["https:\/\/www.healthy-heart.org\/es\/mantenga-su-corazon-sano\/estres-y-sueno\/"]}]},{"@type":"ImageObject","inLanguage":"es","@id":"https:\/\/www.healthy-heart.org\/es\/mantenga-su-corazon-sano\/estres-y-sueno\/#primaryimage","url":"https:\/\/www.healthy-heart.org\/wp-content\/uploads\/2019\/08\/Stress-and-sleep-iStock-924925656.jpg","contentUrl":"https:\/\/www.healthy-heart.org\/wp-content\/uploads\/2019\/08\/Stress-and-sleep-iStock-924925656.jpg","width":8386,"height":5851,"caption":"Thoughtful stressed young man with a mess in his head"},{"@type":"BreadcrumbList","@id":"https:\/\/www.healthy-heart.org\/es\/mantenga-su-corazon-sano\/estres-y-sueno\/#breadcrumb","itemListElement":[{"@type":"ListItem","position":1,"name":"Home","item":"https:\/\/www.healthy-heart.org\/es\/"},{"@type":"ListItem","position":2,"name":"Mantenga su coraz\u00f3n sano","item":"https:\/\/www.healthy-heart.org\/es\/mantenga-su-corazon-sano\/"},{"@type":"ListItem","position":3,"name":"Estr\u00e9s y sue\u00f1o"}]},{"@type":"WebSite","@id":"https:\/\/www.healthy-heart.org\/es\/#website","url":"https:\/\/www.healthy-heart.org\/es\/","name":"Healthy-Heart.org","description":"Practical advice for patients and family care givers on the prevention of cardiovascular disease","potentialAction":[{"@type":"SearchAction","target":{"@type":"EntryPoint","urlTemplate":"https:\/\/www.healthy-heart.org\/es\/?s={search_term_string}"},"query-input":{"@type":"PropertyValueSpecification","valueRequired":true,"valueName":"search_term_string"}}],"inLanguage":"es"}]}},"_links":{"self":[{"href":"https:\/\/www.healthy-heart.org\/es\/wp-json\/wp\/v2\/pages\/1796","targetHints":{"allow":["GET"]}}],"collection":[{"href":"https:\/\/www.healthy-heart.org\/es\/wp-json\/wp\/v2\/pages"}],"about":[{"href":"https:\/\/www.healthy-heart.org\/es\/wp-json\/wp\/v2\/types\/page"}],"author":[{"embeddable":true,"href":"https:\/\/www.healthy-heart.org\/es\/wp-json\/wp\/v2\/users\/1"}],"replies":[{"embeddable":true,"href":"https:\/\/www.healthy-heart.org\/es\/wp-json\/wp\/v2\/comments?post=1796"}],"version-history":[{"count":3,"href":"https:\/\/www.healthy-heart.org\/es\/wp-json\/wp\/v2\/pages\/1796\/revisions"}],"predecessor-version":[{"id":5093,"href":"https:\/\/www.healthy-heart.org\/es\/wp-json\/wp\/v2\/pages\/1796\/revisions\/5093"}],"up":[{"embeddable":true,"href":"https:\/\/www.healthy-heart.org\/es\/wp-json\/wp\/v2\/pages\/1682"}],"wp:featuredmedia":[{"embeddable":true,"href":"https:\/\/www.healthy-heart.org\/es\/wp-json\/wp\/v2\/media\/1193"}],"wp:attachment":[{"href":"https:\/\/www.healthy-heart.org\/es\/wp-json\/wp\/v2\/media?parent=1796"}],"wp:term":[{"taxonomy":"category","embeddable":true,"href":"https:\/\/www.healthy-heart.org\/es\/wp-json\/wp\/v2\/categories?post=1796"},{"taxonomy":"post_tag","embeddable":true,"href":"https:\/\/www.healthy-heart.org\/es\/wp-json\/wp\/v2\/tags?post=1796"}],"curies":[{"name":"wp","href":"https:\/\/api.w.org\/{rel}","templated":true}]}}