{"id":1781,"date":"2019-10-07T17:56:43","date_gmt":"2019-10-07T16:56:43","guid":{"rendered":"https:\/\/www.healthy-heart.org\/su-corazon\/signos-sintomas-y-senales-de-alarma\/"},"modified":"2020-10-23T15:15:36","modified_gmt":"2020-10-23T14:15:36","slug":"signos-sintomas-y-senales-de-alarma","status":"publish","type":"page","link":"https:\/\/www.healthy-heart.org\/es\/su-corazon\/signos-sintomas-y-senales-de-alarma\/","title":{"rendered":"Signos, s\u00edntomas y se\u00f1ales de alarma"},"content":{"rendered":"<p><img loading=\"lazy\" decoding=\"async\" class=\"alignright size-medium wp-image-729\" src=\"https:\/\/cdn-endpoint-prev.azureedge.net\/healthy-heart\/2019\/07\/iStock-529054845-350x233.jpg\" alt=\"\" width=\"350\" height=\"233\" srcset=\"https:\/\/www.healthy-heart.org\/wp-content\/uploads\/2019\/07\/iStock-529054845-350x233.jpg 350w, https:\/\/cdn-endpoint-prev.azureedge.net\/healthy-heart\/2019\/07\/iStock-529054845-2048x1365.jpg 2048w, https:\/\/cdn-endpoint-prev.azureedge.net\/healthy-heart\/2019\/07\/iStock-529054845-659x439.jpg 659w, https:\/\/www.healthy-heart.org\/wp-content\/uploads\/2019\/07\/iStock-529054845-200x133.jpg 200w, https:\/\/www.healthy-heart.org\/wp-content\/uploads\/2019\/07\/iStock-529054845-768x512.jpg 768w, https:\/\/www.healthy-heart.org\/wp-content\/uploads\/2019\/07\/iStock-529054845-1024x683.jpg 1024w, https:\/\/www.healthy-heart.org\/wp-content\/uploads\/2019\/07\/iStock-529054845-1536x1024.jpg 1536w, https:\/\/www.healthy-heart.org\/wp-content\/uploads\/2019\/07\/iStock-529054845-696x464.jpg 696w\" sizes=\"auto, (max-width: 350px) 100vw, 350px\" \/><br \/>\nEl dolor tor\u00e1cico es una de las se\u00f1ales de aviso de un <a href=\"https:\/\/www.healthy-heart.org\/es\/su-corazon\/que-es-una-cardiopatia\/\">infarto de miocardio<\/a>. El dolor puede durar unos minutos o m\u00e1s. Por lo general, se siente un dolor aplastante u opresivo en el pecho, pero puede ser m\u00e1s sutil como un malestar o una sensaci\u00f3n de ardor. Normalmente, el dolor empieza en el centro del pecho y puede ir acompa\u00f1ado de sudoraci\u00f3n y n\u00e1useas. El dolor se irradia a otras zonas de la parte superior del tronco, como los brazos (normalmente al brazo izquierdo), la espalda e incluso la mand\u00edbula.<\/p>\n<blockquote><p>Llame a una ambulancia inmediatamente si el dolor tor\u00e1cico persiste durante m\u00e1s de 10 minutos.<br \/>\nNo vaya al hospital por sus propios medios, ya que no es seguro que su hospital m\u00e1s cercano disponga del equipamiento necesario para hacer frente a un infarto de miocardio las 24 horas del d\u00eda, los 7 d\u00edas de la semana.<\/p><\/blockquote>\n<p>&nbsp;<\/p>\n<h2>Palpitaciones y lipotimias<\/h2>\n<p class=\"intro\">C\u00f3mo actuar si sufre palpitaciones o una lipotimia<\/p>\n<p>&nbsp;<\/p>\n<h3>Palpitaciones<\/h3>\n<p><img loading=\"lazy\" decoding=\"async\" class=\"alignright size-medium wp-image-739\" src=\"https:\/\/cdn-endpoint-prev.azureedge.net\/healthy-heart\/2019\/07\/iStock-1147153827-350x233.jpg\" alt=\"\" width=\"350\" height=\"233\" srcset=\"https:\/\/www.healthy-heart.org\/wp-content\/uploads\/2019\/07\/iStock-1147153827-350x233.jpg 350w, https:\/\/cdn-endpoint-prev.azureedge.net\/healthy-heart\/2019\/07\/iStock-1147153827-2048x1365.jpg 2048w, https:\/\/cdn-endpoint-prev.azureedge.net\/healthy-heart\/2019\/07\/iStock-1147153827-659x439.jpg 659w, https:\/\/www.healthy-heart.org\/wp-content\/uploads\/2019\/07\/iStock-1147153827-200x133.jpg 200w, https:\/\/www.healthy-heart.org\/wp-content\/uploads\/2019\/07\/iStock-1147153827-768x512.jpg 768w, https:\/\/www.healthy-heart.org\/wp-content\/uploads\/2019\/07\/iStock-1147153827-1024x683.jpg 1024w, https:\/\/www.healthy-heart.org\/wp-content\/uploads\/2019\/07\/iStock-1147153827-1536x1024.jpg 1536w, https:\/\/www.healthy-heart.org\/wp-content\/uploads\/2019\/07\/iStock-1147153827-696x464.jpg 696w\" sizes=\"auto, (max-width: 350px) 100vw, 350px\" \/><br \/>\nLas palpitaciones son sensaciones de latidos card\u00edacos que se perciben como si el coraz\u00f3n estuviera latiendo de forma irregular, acelerada o con violencia y se hacen m\u00e1s perceptibles. Las palpitaciones suelen durar unos segundos o minutos, pero tambi\u00e9n pueden prolongarse.<\/p>\n<p>La mayor\u00eda de las veces, las palpitaciones no son graves. Las personas tienden a ser m\u00e1s conscientes de los latidos de su coraz\u00f3n cuando est\u00e1n estresadas. La cafe\u00edna, <a href=\"https:\/\/www.healthy-heart.org\/es\/mantenga-su-corazon-sano\/tabaquismo\/\">el tabaco<\/a>, el alcohol y las drogas il\u00edcitas pueden desencadenar palpitaciones. Otras causas son cambios hormonales, emociones fuertes, ejercicio vigoroso y ciertos f\u00e1rmacos.<\/p>\n<blockquote><p>Reducir o evitar el desencadenante deber\u00eda detener las palpitaciones (consulte primero con un m\u00e9dico si cree que los medicamentos son la causa). Consulte con su m\u00e9dico tambi\u00e9n si las palpitaciones persisten, las sufre con m\u00e1s frecuencia o est\u00e1n asociadas con otros s\u00edntomas como aturdimiento.<\/p><\/blockquote>\n<p>&nbsp;<\/p>\n<h3>S\u00edncope<\/h3>\n<p>El s\u00edncope se conoce m\u00e1s com\u00fanmente como desmayo, desvanecimiento o lipotimia. Se refiere a una p\u00e9rdida temporal de la conciencia y generalmente provoca la p\u00e9rdida de equilibrio o ca\u00eddas repentinas. La causa m\u00e1s frecuente es la tensi\u00f3n baja y a menudo afecta a adolescentes y mujeres j\u00f3venes. Algunas personas experimentan v\u00e9rtigo, sensaci\u00f3n de mareo, n\u00e1useas o debilidad justo antes de perder el conocimiento durante unos segundos.<\/p>\n<blockquote><p>Si se siente mareado o aturdido, si\u00e9ntese o acu\u00e9stese para que recobrar la presi\u00f3n arterial. Si se desmaya, visite a su m\u00e9dico para descartar otras causas como trastornos del ritmo card\u00edaco, estrechamiento de vasos sangu\u00edneos, problemas de v\u00e1lvulas card\u00edacas y otras afecciones.<\/p><\/blockquote>\n<p>&nbsp;<\/p>\n<h2>C\u00f3mo actuar si se marea.<\/h2>\n<p class=\"intro\">Un ligero aturdimiento puede ser un s\u00edntoma significativo de cardiopat\u00eda.<\/p>\n<p><img loading=\"lazy\" decoding=\"async\" class=\"alignright size-medium wp-image-750\" src=\"https:\/\/cdn-endpoint-prev.azureedge.net\/healthy-heart\/2019\/07\/iStock-1124415619-350x234.jpg\" alt=\"\" width=\"350\" height=\"234\" srcset=\"https:\/\/www.healthy-heart.org\/wp-content\/uploads\/2019\/07\/iStock-1124415619-350x234.jpg 350w, https:\/\/cdn-endpoint-prev.azureedge.net\/healthy-heart\/2019\/07\/iStock-1124415619-1024x683.jpg 1024w, https:\/\/cdn-endpoint-prev.azureedge.net\/healthy-heart\/2019\/07\/iStock-1124415619-200x133.jpg 200w, https:\/\/www.healthy-heart.org\/wp-content\/uploads\/2019\/07\/iStock-1124415619-768x513.jpg 768w, https:\/\/www.healthy-heart.org\/wp-content\/uploads\/2019\/07\/iStock-1124415619-1536x1025.jpg 1536w, https:\/\/www.healthy-heart.org\/wp-content\/uploads\/2019\/07\/iStock-1124415619-2048x1367.jpg 2048w, https:\/\/www.healthy-heart.org\/wp-content\/uploads\/2019\/07\/iStock-1124415619-658x439.jpg 658w, https:\/\/www.healthy-heart.org\/wp-content\/uploads\/2019\/07\/iStock-1124415619-695x464.jpg 695w\" sizes=\"auto, (max-width: 350px) 100vw, 350px\" \/>Puede ser una se\u00f1al de alarma de un infarto de miocardio inminente. No obstante puede tener muchas causas y no siempre est\u00e1 relacionado con un problema card\u00edaco. Por ejemplo, la presi\u00f3n arterial baja transitoria o un nivel bajo de az\u00facar en la sangre pueden ser la causa.<\/p>\n<blockquote><p>Si se siente mareado, si\u00e9ntese, beba un vaso de agua y tome algo de az\u00facar si es posible. Si no se recupera en unos minutos o si empieza a sentir palpitaciones o tiene otras se\u00f1ales de alarma de infarto (como dolor o molestias en el pecho), llame a los servicios sanitarios de urgencia.<\/p><\/blockquote>\n<p>&nbsp;<\/p>\n<h2>Lo que debe saber sobre las n\u00e1useas<\/h2>\n<p class=\"intro\">Las n\u00e1useas y los v\u00f3mitos pueden estar presentes cuando se produce un infarto de miocardio.<\/p>\n<p><img loading=\"lazy\" decoding=\"async\" class=\"alignright size-medium wp-image-759\" src=\"https:\/\/cdn-endpoint-prev.azureedge.net\/healthy-heart\/2019\/07\/iStock-875091172-350x233.jpg\" alt=\"\" width=\"350\" height=\"233\" srcset=\"https:\/\/www.healthy-heart.org\/wp-content\/uploads\/2019\/07\/iStock-875091172-350x233.jpg 350w, https:\/\/cdn-endpoint-prev.azureedge.net\/healthy-heart\/2019\/07\/iStock-875091172-2048x1365.jpg 2048w, https:\/\/cdn-endpoint-prev.azureedge.net\/healthy-heart\/2019\/07\/iStock-875091172-659x439.jpg 659w, https:\/\/www.healthy-heart.org\/wp-content\/uploads\/2019\/07\/iStock-875091172-200x133.jpg 200w, https:\/\/www.healthy-heart.org\/wp-content\/uploads\/2019\/07\/iStock-875091172-768x512.jpg 768w, https:\/\/www.healthy-heart.org\/wp-content\/uploads\/2019\/07\/iStock-875091172-1024x683.jpg 1024w, https:\/\/www.healthy-heart.org\/wp-content\/uploads\/2019\/07\/iStock-875091172-1536x1024.jpg 1536w, https:\/\/www.healthy-heart.org\/wp-content\/uploads\/2019\/07\/iStock-875091172-696x464.jpg 696w\" sizes=\"auto, (max-width: 350px) 100vw, 350px\" \/><br \/>\nLas n\u00e1useas son un s\u00edntoma frecuente de un infarto. Si ha tenido un infarto de miocardio anteriormente o est\u00e1 en alto riesgo (por ejemplo, si tiene diabetes, <a href=\"https:\/\/www.healthy-heart.org\/es\/mantenga-su-corazon-sano\/mantener-un-peso-saludable\/\">sobrepeso<\/a> y fuma), tenga en cuenta que las n\u00e1useas y los v\u00f3mitos pueden ser una se\u00f1al de aviso de sufrir un infarto de miocardio.<\/p>\n<blockquote><p>Si vomita o presenta otros s\u00edntomas de infarto de miocardio, como dolor tor\u00e1cico, llame a los servicios sanitarios de urgencia.<\/p><\/blockquote>\n<p>&nbsp;<\/p>\n<h2>Lo que debe saber sobre la disnea<\/h2>\n<p class=\"intro\">La disnea es un s\u00edntoma t\u00edpico de infarto de miocardio<\/p>\n<p><img loading=\"lazy\" decoding=\"async\" class=\"alignright size-medium wp-image-769\" src=\"https:\/\/cdn-endpoint-prev.azureedge.net\/healthy-heart\/2019\/07\/iStock-986556596-350x270.jpg\" alt=\"\" width=\"350\" height=\"270\" srcset=\"https:\/\/www.healthy-heart.org\/wp-content\/uploads\/2019\/07\/iStock-986556596-350x270.jpg 350w, https:\/\/www.healthy-heart.org\/wp-content\/uploads\/2019\/07\/iStock-986556596-200x154.jpg 200w, https:\/\/www.healthy-heart.org\/wp-content\/uploads\/2019\/07\/iStock-986556596-768x592.jpg 768w, https:\/\/www.healthy-heart.org\/wp-content\/uploads\/2019\/07\/iStock-986556596-1024x789.jpg 1024w, https:\/\/www.healthy-heart.org\/wp-content\/uploads\/2019\/07\/iStock-986556596-1536x1184.jpg 1536w, https:\/\/www.healthy-heart.org\/wp-content\/uploads\/2019\/07\/iStock-986556596-2048x1578.jpg 2048w, https:\/\/www.healthy-heart.org\/wp-content\/uploads\/2019\/07\/iStock-986556596-570x439.jpg 570w, https:\/\/www.healthy-heart.org\/wp-content\/uploads\/2019\/07\/iStock-986556596-602x464.jpg 602w\" sizes=\"auto, (max-width: 350px) 100vw, 350px\" \/><br \/>\nLa falta de aliento es la sensaci\u00f3n de dificultad para respirar. Puede ocurrir repentinamente al hacer ejercicio, pero tambi\u00e9n puede ocurrir en reposo. Hay varias causas, pero es importante consultar con su m\u00e9dico o cardi\u00f3logo si tiene episodios de disnea, incluso si es solo al practicar ejercicio.<\/p>\n<blockquote><p>Llame a los servicios sanitarios de urgencia de manera inmediata si tiene dificultad para respirar y sufre s\u00edntomas de infarto de miocardio, como dolor tor\u00e1cico u opresi\u00f3n en el pecho.<\/p><\/blockquote>\n","protected":false},"excerpt":{"rendered":"<p>El dolor tor\u00e1cico es una de las se\u00f1ales de aviso de un infarto de miocardio. El dolor puede durar unos minutos o m\u00e1s. Por lo general, se siente un dolor aplastante u opresivo en el pecho, pero puede ser m\u00e1s sutil como un malestar o una sensaci\u00f3n de ardor. Normalmente, el dolor empieza en el [&hellip;]<\/p>\n","protected":false},"author":1,"featured_media":1247,"parent":1654,"menu_order":3,"comment_status":"closed","ping_status":"closed","template":"","meta":{"_acf_changed":false,"footnotes":""},"categories":[53],"tags":[],"class_list":["post-1781","page","type-page","status-publish","has-post-thumbnail","hentry","category-su-corazon"],"acf":[],"yoast_head":"<!-- This site is optimized with the Yoast SEO plugin v24.0 - https:\/\/yoast.com\/wordpress\/plugins\/seo\/ -->\n<title>Signos, s\u00edntomas y se\u00f1ales de alarma - Healthy-Heart.org<\/title>\n<meta name=\"description\" content=\"Conozca los signos y s\u00edntomas de un infarto de miocardio, como el dolor tor\u00e1cico, las palpitaciones, las n\u00e1useas y los v\u00f3mitos.\" \/>\n<meta name=\"robots\" content=\"index, follow, max-snippet:-1, max-image-preview:large, max-video-preview:-1\" \/>\n<link rel=\"canonical\" href=\"https:\/\/www.healthy-heart.org\/es\/su-corazon\/signos-sintomas-y-senales-de-alarma\/\" \/>\n<meta property=\"og:locale\" content=\"es_ES\" \/>\n<meta property=\"og:type\" content=\"article\" \/>\n<meta property=\"og:title\" content=\"Signos, s\u00edntomas y se\u00f1ales de alarma - Healthy-Heart.org\" \/>\n<meta property=\"og:description\" content=\"Conozca los signos y s\u00edntomas de un infarto de miocardio, como el dolor tor\u00e1cico, las palpitaciones, las n\u00e1useas y los v\u00f3mitos.\" \/>\n<meta property=\"og:url\" content=\"https:\/\/www.healthy-heart.org\/es\/su-corazon\/signos-sintomas-y-senales-de-alarma\/\" \/>\n<meta property=\"og:site_name\" content=\"Healthy-Heart.org\" \/>\n<meta property=\"article:modified_time\" content=\"2020-10-23T14:15:36+00:00\" \/>\n<meta property=\"og:image\" content=\"https:\/\/www.healthy-heart.org\/wp-content\/uploads\/2019\/08\/signs-and-symptoms.jpg\" \/>\n\t<meta property=\"og:image:width\" content=\"518\" \/>\n\t<meta property=\"og:image:height\" content=\"345\" \/>\n\t<meta property=\"og:image:type\" content=\"image\/jpeg\" \/>\n<meta name=\"twitter:card\" content=\"summary_large_image\" \/>\n<meta name=\"twitter:label1\" content=\"Tiempo de lectura\" \/>\n\t<meta name=\"twitter:data1\" content=\"4 minutos\" \/>\n<script type=\"application\/ld+json\" class=\"yoast-schema-graph\">{\"@context\":\"https:\/\/schema.org\",\"@graph\":[{\"@type\":\"WebPage\",\"@id\":\"https:\/\/www.healthy-heart.org\/es\/su-corazon\/signos-sintomas-y-senales-de-alarma\/\",\"url\":\"https:\/\/www.healthy-heart.org\/es\/su-corazon\/signos-sintomas-y-senales-de-alarma\/\",\"name\":\"Signos, s\u00edntomas y se\u00f1ales de alarma - Healthy-Heart.org\",\"isPartOf\":{\"@id\":\"https:\/\/www.healthy-heart.org\/es\/#website\"},\"primaryImageOfPage\":{\"@id\":\"https:\/\/www.healthy-heart.org\/es\/su-corazon\/signos-sintomas-y-senales-de-alarma\/#primaryimage\"},\"image\":{\"@id\":\"https:\/\/www.healthy-heart.org\/es\/su-corazon\/signos-sintomas-y-senales-de-alarma\/#primaryimage\"},\"thumbnailUrl\":\"https:\/\/www.healthy-heart.org\/wp-content\/uploads\/2019\/08\/signs-and-symptoms.jpg\",\"datePublished\":\"2019-10-07T16:56:43+00:00\",\"dateModified\":\"2020-10-23T14:15:36+00:00\",\"description\":\"Conozca los signos y s\u00edntomas de un infarto de miocardio, como el dolor tor\u00e1cico, las palpitaciones, las n\u00e1useas y los v\u00f3mitos.\",\"breadcrumb\":{\"@id\":\"https:\/\/www.healthy-heart.org\/es\/su-corazon\/signos-sintomas-y-senales-de-alarma\/#breadcrumb\"},\"inLanguage\":\"es\",\"potentialAction\":[{\"@type\":\"ReadAction\",\"target\":[\"https:\/\/www.healthy-heart.org\/es\/su-corazon\/signos-sintomas-y-senales-de-alarma\/\"]}]},{\"@type\":\"ImageObject\",\"inLanguage\":\"es\",\"@id\":\"https:\/\/www.healthy-heart.org\/es\/su-corazon\/signos-sintomas-y-senales-de-alarma\/#primaryimage\",\"url\":\"https:\/\/www.healthy-heart.org\/wp-content\/uploads\/2019\/08\/signs-and-symptoms.jpg\",\"contentUrl\":\"https:\/\/www.healthy-heart.org\/wp-content\/uploads\/2019\/08\/signs-and-symptoms.jpg\",\"width\":518,\"height\":345},{\"@type\":\"BreadcrumbList\",\"@id\":\"https:\/\/www.healthy-heart.org\/es\/su-corazon\/signos-sintomas-y-senales-de-alarma\/#breadcrumb\",\"itemListElement\":[{\"@type\":\"ListItem\",\"position\":1,\"name\":\"Home\",\"item\":\"https:\/\/www.healthy-heart.org\/es\/\"},{\"@type\":\"ListItem\",\"position\":2,\"name\":\"Su coraz\u00f3n\",\"item\":\"https:\/\/www.healthy-heart.org\/es\/su-corazon\/\"},{\"@type\":\"ListItem\",\"position\":3,\"name\":\"Signos, s\u00edntomas y se\u00f1ales de alarma\"}]},{\"@type\":\"WebSite\",\"@id\":\"https:\/\/www.healthy-heart.org\/es\/#website\",\"url\":\"https:\/\/www.healthy-heart.org\/es\/\",\"name\":\"Healthy-Heart.org\",\"description\":\"Practical advice for patients and family care givers on the prevention of cardiovascular disease\",\"potentialAction\":[{\"@type\":\"SearchAction\",\"target\":{\"@type\":\"EntryPoint\",\"urlTemplate\":\"https:\/\/www.healthy-heart.org\/es\/?s={search_term_string}\"},\"query-input\":{\"@type\":\"PropertyValueSpecification\",\"valueRequired\":true,\"valueName\":\"search_term_string\"}}],\"inLanguage\":\"es\"}]}<\/script>\n<!-- \/ Yoast SEO plugin. -->","yoast_head_json":{"title":"Signos, s\u00edntomas y se\u00f1ales de alarma - Healthy-Heart.org","description":"Conozca los signos y s\u00edntomas de un infarto de miocardio, como el dolor tor\u00e1cico, las palpitaciones, las n\u00e1useas y los v\u00f3mitos.","robots":{"index":"index","follow":"follow","max-snippet":"max-snippet:-1","max-image-preview":"max-image-preview:large","max-video-preview":"max-video-preview:-1"},"canonical":"https:\/\/www.healthy-heart.org\/es\/su-corazon\/signos-sintomas-y-senales-de-alarma\/","og_locale":"es_ES","og_type":"article","og_title":"Signos, s\u00edntomas y se\u00f1ales de alarma - Healthy-Heart.org","og_description":"Conozca los signos y s\u00edntomas de un infarto de miocardio, como el dolor tor\u00e1cico, las palpitaciones, las n\u00e1useas y los v\u00f3mitos.","og_url":"https:\/\/www.healthy-heart.org\/es\/su-corazon\/signos-sintomas-y-senales-de-alarma\/","og_site_name":"Healthy-Heart.org","article_modified_time":"2020-10-23T14:15:36+00:00","og_image":[{"width":518,"height":345,"url":"https:\/\/www.healthy-heart.org\/wp-content\/uploads\/2019\/08\/signs-and-symptoms.jpg","type":"image\/jpeg"}],"twitter_card":"summary_large_image","twitter_misc":{"Tiempo de lectura":"4 minutos"},"schema":{"@context":"https:\/\/schema.org","@graph":[{"@type":"WebPage","@id":"https:\/\/www.healthy-heart.org\/es\/su-corazon\/signos-sintomas-y-senales-de-alarma\/","url":"https:\/\/www.healthy-heart.org\/es\/su-corazon\/signos-sintomas-y-senales-de-alarma\/","name":"Signos, s\u00edntomas y se\u00f1ales de alarma - Healthy-Heart.org","isPartOf":{"@id":"https:\/\/www.healthy-heart.org\/es\/#website"},"primaryImageOfPage":{"@id":"https:\/\/www.healthy-heart.org\/es\/su-corazon\/signos-sintomas-y-senales-de-alarma\/#primaryimage"},"image":{"@id":"https:\/\/www.healthy-heart.org\/es\/su-corazon\/signos-sintomas-y-senales-de-alarma\/#primaryimage"},"thumbnailUrl":"https:\/\/www.healthy-heart.org\/wp-content\/uploads\/2019\/08\/signs-and-symptoms.jpg","datePublished":"2019-10-07T16:56:43+00:00","dateModified":"2020-10-23T14:15:36+00:00","description":"Conozca los signos y s\u00edntomas de un infarto de miocardio, como el dolor tor\u00e1cico, las palpitaciones, las n\u00e1useas y los v\u00f3mitos.","breadcrumb":{"@id":"https:\/\/www.healthy-heart.org\/es\/su-corazon\/signos-sintomas-y-senales-de-alarma\/#breadcrumb"},"inLanguage":"es","potentialAction":[{"@type":"ReadAction","target":["https:\/\/www.healthy-heart.org\/es\/su-corazon\/signos-sintomas-y-senales-de-alarma\/"]}]},{"@type":"ImageObject","inLanguage":"es","@id":"https:\/\/www.healthy-heart.org\/es\/su-corazon\/signos-sintomas-y-senales-de-alarma\/#primaryimage","url":"https:\/\/www.healthy-heart.org\/wp-content\/uploads\/2019\/08\/signs-and-symptoms.jpg","contentUrl":"https:\/\/www.healthy-heart.org\/wp-content\/uploads\/2019\/08\/signs-and-symptoms.jpg","width":518,"height":345},{"@type":"BreadcrumbList","@id":"https:\/\/www.healthy-heart.org\/es\/su-corazon\/signos-sintomas-y-senales-de-alarma\/#breadcrumb","itemListElement":[{"@type":"ListItem","position":1,"name":"Home","item":"https:\/\/www.healthy-heart.org\/es\/"},{"@type":"ListItem","position":2,"name":"Su coraz\u00f3n","item":"https:\/\/www.healthy-heart.org\/es\/su-corazon\/"},{"@type":"ListItem","position":3,"name":"Signos, s\u00edntomas y se\u00f1ales de alarma"}]},{"@type":"WebSite","@id":"https:\/\/www.healthy-heart.org\/es\/#website","url":"https:\/\/www.healthy-heart.org\/es\/","name":"Healthy-Heart.org","description":"Practical advice for patients and family care givers on the prevention of cardiovascular disease","potentialAction":[{"@type":"SearchAction","target":{"@type":"EntryPoint","urlTemplate":"https:\/\/www.healthy-heart.org\/es\/?s={search_term_string}"},"query-input":{"@type":"PropertyValueSpecification","valueRequired":true,"valueName":"search_term_string"}}],"inLanguage":"es"}]}},"_links":{"self":[{"href":"https:\/\/www.healthy-heart.org\/es\/wp-json\/wp\/v2\/pages\/1781","targetHints":{"allow":["GET"]}}],"collection":[{"href":"https:\/\/www.healthy-heart.org\/es\/wp-json\/wp\/v2\/pages"}],"about":[{"href":"https:\/\/www.healthy-heart.org\/es\/wp-json\/wp\/v2\/types\/page"}],"author":[{"embeddable":true,"href":"https:\/\/www.healthy-heart.org\/es\/wp-json\/wp\/v2\/users\/1"}],"replies":[{"embeddable":true,"href":"https:\/\/www.healthy-heart.org\/es\/wp-json\/wp\/v2\/comments?post=1781"}],"version-history":[{"count":3,"href":"https:\/\/www.healthy-heart.org\/es\/wp-json\/wp\/v2\/pages\/1781\/revisions"}],"predecessor-version":[{"id":4769,"href":"https:\/\/www.healthy-heart.org\/es\/wp-json\/wp\/v2\/pages\/1781\/revisions\/4769"}],"up":[{"embeddable":true,"href":"https:\/\/www.healthy-heart.org\/es\/wp-json\/wp\/v2\/pages\/1654"}],"wp:featuredmedia":[{"embeddable":true,"href":"https:\/\/www.healthy-heart.org\/es\/wp-json\/wp\/v2\/media\/1247"}],"wp:attachment":[{"href":"https:\/\/www.healthy-heart.org\/es\/wp-json\/wp\/v2\/media?parent=1781"}],"wp:term":[{"taxonomy":"category","embeddable":true,"href":"https:\/\/www.healthy-heart.org\/es\/wp-json\/wp\/v2\/categories?post=1781"},{"taxonomy":"post_tag","embeddable":true,"href":"https:\/\/www.healthy-heart.org\/es\/wp-json\/wp\/v2\/tags?post=1781"}],"curies":[{"name":"wp","href":"https:\/\/api.w.org\/{rel}","templated":true}]}}