{"id":1776,"date":"2019-10-07T17:55:20","date_gmt":"2019-10-07T16:55:20","guid":{"rendered":"https:\/\/www.healthy-heart.org\/enlaces-de-interes\/"},"modified":"2024-02-27T16:13:23","modified_gmt":"2024-02-27T16:13:23","slug":"enlaces-de-interes","status":"publish","type":"page","link":"https:\/\/www.healthy-heart.org\/es\/enlaces-de-interes\/","title":{"rendered":"Enlaces de inter\u00e9s"},"content":{"rendered":"<h3><a href=\"https:\/\/www.afibmatters.org\">www.AfibMatters.org<\/a><\/h3>\n<p>\u00bfUsted o alg\u00fan conocido sufre fibrilaci\u00f3n auricular? Encuentre toda la informaci\u00f3n necesaria en esta web educativa dise\u00f1ada por profesionales sanitarios.<\/p>\n<p>&nbsp;<\/p>\n<h3><a href=\"https:\/\/www.heartfailurematters.org\">www.HeartFailureMatters.org<\/a><\/h3>\n<p>Informaci\u00f3n pr\u00e1ctica sobre insuficiencia card\u00edaca para pacientes, familias y cuidadores proporcionada por la Asociaci\u00f3n de Insuficiencia Card\u00edaca de la Sociedad Europea de Cardiolog\u00eda.<\/p>\n<p>&nbsp;<\/p>\n<h3><a href=\"https:\/\/www.escardio.org\/Guidelines\/guidelines-for-patients\" target=\"_blank\" rel=\"noopener\">Pautas de la Sociedad Europea de Cardiolog\u00eda para pacientes<\/a><\/h3>\n<p>Estos documentos, que se basan en las pautas de pr\u00e1ctica cl\u00ednica de la Sociedad Europea de Cardiolog\u00eda, pretenden ayudarle a comprender su enfermedad, y aportarle los conocimientos y la confianza necesarios para participar en la toma de decisiones con los profesionales sanitarios que lo atienden.<br \/>\n<a href=\"https:\/\/www.escardio.org\/static-file\/Escardio\/Guidelines\/Documents\/ESC%20Patient%20Guidelines%20CVD%20in%20patients%20with%20diabetes\"><img loading=\"lazy\" decoding=\"async\" class=\"size-full wp-image-7162 alignright\" src=\"https:\/\/cdn-endpoint-prev.azureedge.net\/healthy-heart\/2024\/02\/CVD_diabetes_patient_GL_cover_escardio-vPhotoMedium.png\" alt=\"\" width=\"176\" height=\"250\" srcset=\"https:\/\/cdn-endpoint-prev.azureedge.net\/healthy-heart\/2024\/02\/CVD_diabetes_patient_GL_cover_escardio-vPhotoMedium.png 176w, https:\/\/cdn-endpoint-prev.azureedge.net\/healthy-heart\/2024\/02\/CVD_diabetes_patient_GL_cover_escardio-vPhotoMedium-141x200.png 141w\" sizes=\"auto, (max-width: 176px) 100vw, 176px\" \/><\/a><\/p>\n<h4><a href=\"https:\/\/www.escardio.org\/static-file\/Escardio\/Guidelines\/Documents\/ESC%20Patient%20Guidelines%20CVD%20in%20patients%20with%20diabetes\">Diabetes<\/a><\/h4>\n<p>Los pacientes con diabetes presentan un mayor riesgo de padecer enfermedades cardiovasculares y de sufrir acontecimientos cardiovasculares, como infartos de miocardio, que los pacientes que no tienen diabetes.<\/p>\n<p>Esta gu\u00eda ofrece una visi\u00f3n general de las recientes recomendaciones de eficacia probada en materia de enfermedades cardiovasculares y diabetes. En particular, tiene por objeto ayudarle a comprender:<\/p>\n<ul>\n<li>Las diferentes enfermedades que aumentan el riesgo de sufrir acontecimientos cardiovasculares en pacientes con diabetes<\/li>\n<li>Los tratamientos recomendados para reducir el riesgo cardiovascular<\/li>\n<li>Los cambios en el estilo de vida que pueden ayudar a reducir el riesgo cardiovascular<\/li>\n<\/ul>\n<p>&nbsp;<\/p>\n<h4><a href=\"https:\/\/www.escardio.org\/static-file\/Escardio\/Advocacy\/Documents\/ESC%20CVD%20prevention%20guidelines%20-%20final%20PDF.pdf\">Prevenci\u00f3n de enfermedades cardiovasculares<\/a><a href=\"https:\/\/www.escardio.org\/static-file\/Escardio\/Advocacy\/Documents\/ESC%20CVD%20prevention%20guidelines%20-%20final%20PDF.pdf\"><img loading=\"lazy\" decoding=\"async\" class=\"alignright wp-image-7149 size-full\" src=\"https:\/\/cdn-endpoint-prev.azureedge.net\/healthy-heart\/2024\/02\/Cover-image-CVDPrevention_escardio-hPhotoSmall.png\" alt=\"\" width=\"178\" height=\"250\" srcset=\"https:\/\/cdn-endpoint-prev.azureedge.net\/healthy-heart\/2024\/02\/Cover-image-CVDPrevention_escardio-hPhotoSmall.png 178w, https:\/\/www.healthy-heart.org\/wp-content\/uploads\/2024\/02\/Cover-image-CVDPrevention_escardio-hPhotoSmall-142x200.png 142w\" sizes=\"auto, (max-width: 178px) 100vw, 178px\" \/><\/a><\/h4>\n<p>Esta gu\u00eda para pacientes pretende ofrecerle una visi\u00f3n general de las recientes recomendaciones de eficacia probada en materia de prevenci\u00f3n de enfermedades cardiovasculares. En particular, tiene por objeto ayudarle a comprender:<\/p>\n<ul>\n<li>C\u00f3mo se determina el riesgo de padecer enfermedades cardiovasculares<\/li>\n<li>La importancia de introducir cambios en el estilo de vida para prevenir las enfermedades cardiovasculares<\/li>\n<li>Tratamientos y objetivos terap\u00e9uticos que pueden ser adecuados en funci\u00f3n de su perfil de riesgo<\/li>\n<\/ul>\n<p>&nbsp;<\/p>\n<p>&nbsp;<\/p>\n<p>&nbsp;<\/p>\n<p>&nbsp;<\/p>\n","protected":false},"excerpt":{"rendered":"<p>www.AfibMatters.org \u00bfUsted o alg\u00fan conocido sufre fibrilaci\u00f3n auricular? Encuentre toda la informaci\u00f3n necesaria en esta web educativa dise\u00f1ada por profesionales sanitarios. &nbsp; www.HeartFailureMatters.org Informaci\u00f3n pr\u00e1ctica sobre insuficiencia card\u00edaca para pacientes, familias y cuidadores proporcionada por la Asociaci\u00f3n de Insuficiencia Card\u00edaca de la Sociedad Europea de Cardiolog\u00eda. &nbsp; Pautas de la Sociedad Europea de Cardiolog\u00eda para [&hellip;]<\/p>\n","protected":false},"author":1,"featured_media":690,"parent":0,"menu_order":0,"comment_status":"closed","ping_status":"closed","template":"templates\/full.php","meta":{"_acf_changed":false,"footnotes":""},"categories":[],"tags":[],"class_list":["post-1776","page","type-page","status-publish","has-post-thumbnail","hentry"],"acf":[],"yoast_head":"<!-- This site is optimized with the Yoast SEO plugin v24.0 - https:\/\/yoast.com\/wordpress\/plugins\/seo\/ -->\n<title>Enlaces de inter\u00e9s - Healthy-Heart.org<\/title>\n<meta name=\"description\" content=\"Enlaces relacionados con el coraz\u00f3n en los que puede encontrar m\u00e1s informaci\u00f3n \u00fatil.\" \/>\n<meta name=\"robots\" content=\"index, follow, max-snippet:-1, max-image-preview:large, max-video-preview:-1\" \/>\n<link rel=\"canonical\" href=\"https:\/\/www.healthy-heart.org\/es\/enlaces-de-interes\/\" \/>\n<meta property=\"og:locale\" content=\"es_ES\" \/>\n<meta property=\"og:type\" content=\"article\" \/>\n<meta property=\"og:title\" content=\"Enlaces de inter\u00e9s - Healthy-Heart.org\" \/>\n<meta property=\"og:description\" content=\"Enlaces relacionados con el coraz\u00f3n en los que puede encontrar m\u00e1s informaci\u00f3n \u00fatil.\" \/>\n<meta property=\"og:url\" content=\"https:\/\/www.healthy-heart.org\/es\/enlaces-de-interes\/\" \/>\n<meta property=\"og:site_name\" content=\"Healthy-Heart.org\" \/>\n<meta property=\"article:modified_time\" content=\"2024-02-27T16:13:23+00:00\" \/>\n<meta property=\"og:image\" content=\"https:\/\/www.healthy-heart.org\/wp-content\/uploads\/2019\/07\/iStock-475709316-1024x773.jpg\" \/>\n\t<meta property=\"og:image:width\" content=\"1024\" \/>\n\t<meta property=\"og:image:height\" content=\"773\" \/>\n\t<meta property=\"og:image:type\" content=\"image\/jpeg\" \/>\n<meta name=\"twitter:card\" content=\"summary_large_image\" \/>\n<meta name=\"twitter:label1\" content=\"Tiempo de lectura\" \/>\n\t<meta name=\"twitter:data1\" content=\"2 minutos\" \/>\n<script type=\"application\/ld+json\" class=\"yoast-schema-graph\">{\"@context\":\"https:\/\/schema.org\",\"@graph\":[{\"@type\":\"WebPage\",\"@id\":\"https:\/\/www.healthy-heart.org\/es\/enlaces-de-interes\/\",\"url\":\"https:\/\/www.healthy-heart.org\/es\/enlaces-de-interes\/\",\"name\":\"Enlaces de inter\u00e9s - Healthy-Heart.org\",\"isPartOf\":{\"@id\":\"https:\/\/www.healthy-heart.org\/es\/#website\"},\"primaryImageOfPage\":{\"@id\":\"https:\/\/www.healthy-heart.org\/es\/enlaces-de-interes\/#primaryimage\"},\"image\":{\"@id\":\"https:\/\/www.healthy-heart.org\/es\/enlaces-de-interes\/#primaryimage\"},\"thumbnailUrl\":\"https:\/\/www.healthy-heart.org\/wp-content\/uploads\/2019\/07\/iStock-475709316.jpg\",\"datePublished\":\"2019-10-07T16:55:20+00:00\",\"dateModified\":\"2024-02-27T16:13:23+00:00\",\"description\":\"Enlaces relacionados con el coraz\u00f3n en los que puede encontrar m\u00e1s informaci\u00f3n \u00fatil.\",\"breadcrumb\":{\"@id\":\"https:\/\/www.healthy-heart.org\/es\/enlaces-de-interes\/#breadcrumb\"},\"inLanguage\":\"es\",\"potentialAction\":[{\"@type\":\"ReadAction\",\"target\":[\"https:\/\/www.healthy-heart.org\/es\/enlaces-de-interes\/\"]}]},{\"@type\":\"ImageObject\",\"inLanguage\":\"es\",\"@id\":\"https:\/\/www.healthy-heart.org\/es\/enlaces-de-interes\/#primaryimage\",\"url\":\"https:\/\/www.healthy-heart.org\/wp-content\/uploads\/2019\/07\/iStock-475709316.jpg\",\"contentUrl\":\"https:\/\/www.healthy-heart.org\/wp-content\/uploads\/2019\/07\/iStock-475709316.jpg\",\"width\":5616,\"height\":4240,\"caption\":\"High angle view of three arrows drawn on the street, pointed in different directions\"},{\"@type\":\"BreadcrumbList\",\"@id\":\"https:\/\/www.healthy-heart.org\/es\/enlaces-de-interes\/#breadcrumb\",\"itemListElement\":[{\"@type\":\"ListItem\",\"position\":1,\"name\":\"Home\",\"item\":\"https:\/\/www.healthy-heart.org\/es\/\"},{\"@type\":\"ListItem\",\"position\":2,\"name\":\"Enlaces de inter\u00e9s\"}]},{\"@type\":\"WebSite\",\"@id\":\"https:\/\/www.healthy-heart.org\/es\/#website\",\"url\":\"https:\/\/www.healthy-heart.org\/es\/\",\"name\":\"Healthy-Heart.org\",\"description\":\"Practical advice for patients and family care givers on the prevention of cardiovascular disease\",\"potentialAction\":[{\"@type\":\"SearchAction\",\"target\":{\"@type\":\"EntryPoint\",\"urlTemplate\":\"https:\/\/www.healthy-heart.org\/es\/?s={search_term_string}\"},\"query-input\":{\"@type\":\"PropertyValueSpecification\",\"valueRequired\":true,\"valueName\":\"search_term_string\"}}],\"inLanguage\":\"es\"}]}<\/script>\n<!-- \/ Yoast SEO plugin. -->","yoast_head_json":{"title":"Enlaces de inter\u00e9s - Healthy-Heart.org","description":"Enlaces relacionados con el coraz\u00f3n en los que puede encontrar m\u00e1s informaci\u00f3n \u00fatil.","robots":{"index":"index","follow":"follow","max-snippet":"max-snippet:-1","max-image-preview":"max-image-preview:large","max-video-preview":"max-video-preview:-1"},"canonical":"https:\/\/www.healthy-heart.org\/es\/enlaces-de-interes\/","og_locale":"es_ES","og_type":"article","og_title":"Enlaces de inter\u00e9s - Healthy-Heart.org","og_description":"Enlaces relacionados con el coraz\u00f3n en los que puede encontrar m\u00e1s informaci\u00f3n \u00fatil.","og_url":"https:\/\/www.healthy-heart.org\/es\/enlaces-de-interes\/","og_site_name":"Healthy-Heart.org","article_modified_time":"2024-02-27T16:13:23+00:00","og_image":[{"width":1024,"height":773,"url":"https:\/\/www.healthy-heart.org\/wp-content\/uploads\/2019\/07\/iStock-475709316-1024x773.jpg","type":"image\/jpeg"}],"twitter_card":"summary_large_image","twitter_misc":{"Tiempo de lectura":"2 minutos"},"schema":{"@context":"https:\/\/schema.org","@graph":[{"@type":"WebPage","@id":"https:\/\/www.healthy-heart.org\/es\/enlaces-de-interes\/","url":"https:\/\/www.healthy-heart.org\/es\/enlaces-de-interes\/","name":"Enlaces de inter\u00e9s - Healthy-Heart.org","isPartOf":{"@id":"https:\/\/www.healthy-heart.org\/es\/#website"},"primaryImageOfPage":{"@id":"https:\/\/www.healthy-heart.org\/es\/enlaces-de-interes\/#primaryimage"},"image":{"@id":"https:\/\/www.healthy-heart.org\/es\/enlaces-de-interes\/#primaryimage"},"thumbnailUrl":"https:\/\/www.healthy-heart.org\/wp-content\/uploads\/2019\/07\/iStock-475709316.jpg","datePublished":"2019-10-07T16:55:20+00:00","dateModified":"2024-02-27T16:13:23+00:00","description":"Enlaces relacionados con el coraz\u00f3n en los que puede encontrar m\u00e1s informaci\u00f3n \u00fatil.","breadcrumb":{"@id":"https:\/\/www.healthy-heart.org\/es\/enlaces-de-interes\/#breadcrumb"},"inLanguage":"es","potentialAction":[{"@type":"ReadAction","target":["https:\/\/www.healthy-heart.org\/es\/enlaces-de-interes\/"]}]},{"@type":"ImageObject","inLanguage":"es","@id":"https:\/\/www.healthy-heart.org\/es\/enlaces-de-interes\/#primaryimage","url":"https:\/\/www.healthy-heart.org\/wp-content\/uploads\/2019\/07\/iStock-475709316.jpg","contentUrl":"https:\/\/www.healthy-heart.org\/wp-content\/uploads\/2019\/07\/iStock-475709316.jpg","width":5616,"height":4240,"caption":"High angle view of three arrows drawn on the street, pointed in different directions"},{"@type":"BreadcrumbList","@id":"https:\/\/www.healthy-heart.org\/es\/enlaces-de-interes\/#breadcrumb","itemListElement":[{"@type":"ListItem","position":1,"name":"Home","item":"https:\/\/www.healthy-heart.org\/es\/"},{"@type":"ListItem","position":2,"name":"Enlaces de inter\u00e9s"}]},{"@type":"WebSite","@id":"https:\/\/www.healthy-heart.org\/es\/#website","url":"https:\/\/www.healthy-heart.org\/es\/","name":"Healthy-Heart.org","description":"Practical advice for patients and family care givers on the prevention of cardiovascular disease","potentialAction":[{"@type":"SearchAction","target":{"@type":"EntryPoint","urlTemplate":"https:\/\/www.healthy-heart.org\/es\/?s={search_term_string}"},"query-input":{"@type":"PropertyValueSpecification","valueRequired":true,"valueName":"search_term_string"}}],"inLanguage":"es"}]}},"_links":{"self":[{"href":"https:\/\/www.healthy-heart.org\/es\/wp-json\/wp\/v2\/pages\/1776","targetHints":{"allow":["GET"]}}],"collection":[{"href":"https:\/\/www.healthy-heart.org\/es\/wp-json\/wp\/v2\/pages"}],"about":[{"href":"https:\/\/www.healthy-heart.org\/es\/wp-json\/wp\/v2\/types\/page"}],"author":[{"embeddable":true,"href":"https:\/\/www.healthy-heart.org\/es\/wp-json\/wp\/v2\/users\/1"}],"replies":[{"embeddable":true,"href":"https:\/\/www.healthy-heart.org\/es\/wp-json\/wp\/v2\/comments?post=1776"}],"version-history":[{"count":3,"href":"https:\/\/www.healthy-heart.org\/es\/wp-json\/wp\/v2\/pages\/1776\/revisions"}],"predecessor-version":[{"id":7202,"href":"https:\/\/www.healthy-heart.org\/es\/wp-json\/wp\/v2\/pages\/1776\/revisions\/7202"}],"wp:featuredmedia":[{"embeddable":true,"href":"https:\/\/www.healthy-heart.org\/es\/wp-json\/wp\/v2\/media\/690"}],"wp:attachment":[{"href":"https:\/\/www.healthy-heart.org\/es\/wp-json\/wp\/v2\/media?parent=1776"}],"wp:term":[{"taxonomy":"category","embeddable":true,"href":"https:\/\/www.healthy-heart.org\/es\/wp-json\/wp\/v2\/categories?post=1776"},{"taxonomy":"post_tag","embeddable":true,"href":"https:\/\/www.healthy-heart.org\/es\/wp-json\/wp\/v2\/tags?post=1776"}],"curies":[{"name":"wp","href":"https:\/\/api.w.org\/{rel}","templated":true}]}}