{"id":1766,"date":"2019-10-07T17:54:39","date_gmt":"2019-10-07T16:54:39","guid":{"rendered":"https:\/\/www.healthy-heart.org\/acerca-del-ces\/"},"modified":"2019-10-07T17:54:39","modified_gmt":"2019-10-07T16:54:39","slug":"acerca-del-ces","status":"publish","type":"page","link":"https:\/\/www.healthy-heart.org\/es\/acerca-del-ces\/","title":{"rendered":"Acerca del CES"},"content":{"rendered":"<p>Somos una sociedad m\u00e9dica sin \u00e1nimo de lucro, compuesta por profesionales en medicina cardiovascular que ofrecen su tiempo y conocimientos especializados de manera altruista.<br \/>\nNuestro objetivo es la prevenci\u00f3n, el diagn\u00f3stico y el tratamiento de enfermedades del coraz\u00f3n y los vasos sangu\u00edneos.<br \/>\nCreemos que la carga de las enfermedades cardiovasculares puede reducirse mediante la colaboraci\u00f3n y la investigaci\u00f3n. Por eso incluimos a las sociedades card\u00edacas nacionales, subespecialidades cardiovasculares y miembros individuales del CES de todo el mundo.<br \/>\nDivulgamos las \u00faltimas novedades en medicina metacr\u00edtica, basada en la evidencia, a los profesionales en cardiolog\u00eda y cirug\u00eda cardiovascular para que puedan ofrecer la mejor atenci\u00f3n posible a sus pacientes.<\/p>\n<p>La Sociedad Europea de Cardiolog\u00eda (ESC) es una organizaci\u00f3n registrada bajo la Ley francesa de 1901 sobre asociaciones, con el n\u00famero W061005017.<br \/>\nDomicilio social: Soci\u00e9t\u00e9 Europ\u00e9enne de Cardiologie, 2035 route des Colles, Les Templiers, CS 80179 Biot, 06903 Sophia Antipolis, Francia.<\/p>\n<p>Para obtener m\u00e1s informaci\u00f3n, visite el sitio web <a href=\"https:\/\/www.escardio.org\/\">del<\/a>CES.<\/p>\n<p>&nbsp;<\/p>\n<h2>Acerca de healthy-heart.org<\/h2>\n<p>Muchas personas en todo el mundo est\u00e1n en riesgo de sufrir un episodio cardiovascular, incluyendo infarto de miocardio y apoplej\u00eda. El riesgo de desarrollar y morir por una ECV aumenta en pacientes que no modifican su estilo de vida o toman medicamentos para reducir la presi\u00f3n arterial o los niveles de colesterol nocivo.<\/p>\n<p>El objetivo de este sitio web es proporcionar a la poblaci\u00f3n consejos pr\u00e1cticos y claros sobre c\u00f3mo prevenir las enfermedades cardiovasculares. Todo el contenido est\u00e1 versado en las pautas actuales de pr\u00e1ctica cl\u00ednica y ha sido escrito por destacados expertos en prevenci\u00f3n cardiovascular.<\/p>\n<p>Asimismo, est\u00e1 dise\u00f1ado para complementar, en lugar de reemplazar, el apoyo y la atenci\u00f3n que recibe de su m\u00e9dico u otro proveedor de atenci\u00f3n m\u00e9dica.<\/p>\n","protected":false},"excerpt":{"rendered":"<p>Somos una sociedad m\u00e9dica sin \u00e1nimo de lucro, compuesta por profesionales en medicina cardiovascular que ofrecen su tiempo y conocimientos especializados de manera altruista. Nuestro objetivo es la prevenci\u00f3n, el diagn\u00f3stico y el tratamiento de enfermedades del coraz\u00f3n y los vasos sangu\u00edneos. Creemos que la carga de las enfermedades cardiovasculares puede reducirse mediante la colaboraci\u00f3n [&hellip;]<\/p>\n","protected":false},"author":1,"featured_media":1667,"parent":0,"menu_order":0,"comment_status":"closed","ping_status":"closed","template":"templates\/full.php","meta":{"_acf_changed":false,"footnotes":""},"categories":[],"tags":[],"class_list":["post-1766","page","type-page","status-publish","has-post-thumbnail","hentry"],"acf":[],"yoast_head":"<!-- This site is optimized with the Yoast SEO plugin v24.0 - https:\/\/yoast.com\/wordpress\/plugins\/seo\/ -->\n<title>Acerca del CES- Healthy-Heart.org<\/title>\n<meta name=\"description\" content=\"Somos una sociedad m\u00e9dica sin \u00e1nimo de lucro, compuesta por profesionales en medicina cardiovascular y dirigida a la prevenci\u00f3n, el diagn\u00f3stico y el tratamiento de enfermedades card\u00edacas.\" \/>\n<meta name=\"robots\" content=\"index, follow, max-snippet:-1, max-image-preview:large, max-video-preview:-1\" \/>\n<link rel=\"canonical\" href=\"https:\/\/www.healthy-heart.org\/es\/acerca-del-ces\/\" \/>\n<meta property=\"og:locale\" content=\"es_ES\" \/>\n<meta property=\"og:type\" content=\"article\" \/>\n<meta property=\"og:title\" content=\"Acerca del CES- Healthy-Heart.org\" \/>\n<meta property=\"og:description\" content=\"Somos una sociedad m\u00e9dica sin \u00e1nimo de lucro, compuesta por profesionales en medicina cardiovascular y dirigida a la prevenci\u00f3n, el diagn\u00f3stico y el tratamiento de enfermedades card\u00edacas.\" \/>\n<meta property=\"og:url\" content=\"https:\/\/www.healthy-heart.org\/es\/acerca-del-ces\/\" \/>\n<meta property=\"og:site_name\" content=\"Healthy-Heart.org\" \/>\n<meta property=\"og:image\" content=\"https:\/\/www.healthy-heart.org\/wp-content\/uploads\/2019\/07\/iStock-953674568-1024x683.jpg\" \/>\n\t<meta property=\"og:image:width\" content=\"1024\" \/>\n\t<meta property=\"og:image:height\" content=\"683\" \/>\n\t<meta property=\"og:image:type\" content=\"image\/jpeg\" \/>\n<meta name=\"twitter:card\" content=\"summary_large_image\" \/>\n<meta name=\"twitter:label1\" content=\"Tiempo de lectura\" \/>\n\t<meta name=\"twitter:data1\" content=\"2 minutos\" \/>\n<script type=\"application\/ld+json\" class=\"yoast-schema-graph\">{\"@context\":\"https:\/\/schema.org\",\"@graph\":[{\"@type\":\"WebPage\",\"@id\":\"https:\/\/www.healthy-heart.org\/es\/acerca-del-ces\/\",\"url\":\"https:\/\/www.healthy-heart.org\/es\/acerca-del-ces\/\",\"name\":\"Acerca del CES- Healthy-Heart.org\",\"isPartOf\":{\"@id\":\"https:\/\/www.healthy-heart.org\/es\/#website\"},\"primaryImageOfPage\":{\"@id\":\"https:\/\/www.healthy-heart.org\/es\/acerca-del-ces\/#primaryimage\"},\"image\":{\"@id\":\"https:\/\/www.healthy-heart.org\/es\/acerca-del-ces\/#primaryimage\"},\"thumbnailUrl\":\"https:\/\/www.healthy-heart.org\/wp-content\/uploads\/2019\/07\/iStock-953674568.jpg\",\"datePublished\":\"2019-10-07T16:54:39+00:00\",\"dateModified\":\"2019-10-07T16:54:39+00:00\",\"description\":\"Somos una sociedad m\u00e9dica sin \u00e1nimo de lucro, compuesta por profesionales en medicina cardiovascular y dirigida a la prevenci\u00f3n, el diagn\u00f3stico y el tratamiento de enfermedades card\u00edacas.\",\"breadcrumb\":{\"@id\":\"https:\/\/www.healthy-heart.org\/es\/acerca-del-ces\/#breadcrumb\"},\"inLanguage\":\"es\",\"potentialAction\":[{\"@type\":\"ReadAction\",\"target\":[\"https:\/\/www.healthy-heart.org\/es\/acerca-del-ces\/\"]}]},{\"@type\":\"ImageObject\",\"inLanguage\":\"es\",\"@id\":\"https:\/\/www.healthy-heart.org\/es\/acerca-del-ces\/#primaryimage\",\"url\":\"https:\/\/www.healthy-heart.org\/wp-content\/uploads\/2019\/07\/iStock-953674568.jpg\",\"contentUrl\":\"https:\/\/www.healthy-heart.org\/wp-content\/uploads\/2019\/07\/iStock-953674568.jpg\",\"width\":3548,\"height\":2365},{\"@type\":\"BreadcrumbList\",\"@id\":\"https:\/\/www.healthy-heart.org\/es\/acerca-del-ces\/#breadcrumb\",\"itemListElement\":[{\"@type\":\"ListItem\",\"position\":1,\"name\":\"Home\",\"item\":\"https:\/\/www.healthy-heart.org\/es\/\"},{\"@type\":\"ListItem\",\"position\":2,\"name\":\"Acerca del CES\"}]},{\"@type\":\"WebSite\",\"@id\":\"https:\/\/www.healthy-heart.org\/es\/#website\",\"url\":\"https:\/\/www.healthy-heart.org\/es\/\",\"name\":\"Healthy-Heart.org\",\"description\":\"Practical advice for patients and family care givers on the prevention of cardiovascular disease\",\"potentialAction\":[{\"@type\":\"SearchAction\",\"target\":{\"@type\":\"EntryPoint\",\"urlTemplate\":\"https:\/\/www.healthy-heart.org\/es\/?s={search_term_string}\"},\"query-input\":{\"@type\":\"PropertyValueSpecification\",\"valueRequired\":true,\"valueName\":\"search_term_string\"}}],\"inLanguage\":\"es\"}]}<\/script>\n<!-- \/ Yoast SEO plugin. -->","yoast_head_json":{"title":"Acerca del CES- Healthy-Heart.org","description":"Somos una sociedad m\u00e9dica sin \u00e1nimo de lucro, compuesta por profesionales en medicina cardiovascular y dirigida a la prevenci\u00f3n, el diagn\u00f3stico y el tratamiento de enfermedades card\u00edacas.","robots":{"index":"index","follow":"follow","max-snippet":"max-snippet:-1","max-image-preview":"max-image-preview:large","max-video-preview":"max-video-preview:-1"},"canonical":"https:\/\/www.healthy-heart.org\/es\/acerca-del-ces\/","og_locale":"es_ES","og_type":"article","og_title":"Acerca del CES- Healthy-Heart.org","og_description":"Somos una sociedad m\u00e9dica sin \u00e1nimo de lucro, compuesta por profesionales en medicina cardiovascular y dirigida a la prevenci\u00f3n, el diagn\u00f3stico y el tratamiento de enfermedades card\u00edacas.","og_url":"https:\/\/www.healthy-heart.org\/es\/acerca-del-ces\/","og_site_name":"Healthy-Heart.org","og_image":[{"width":1024,"height":683,"url":"https:\/\/www.healthy-heart.org\/wp-content\/uploads\/2019\/07\/iStock-953674568-1024x683.jpg","type":"image\/jpeg"}],"twitter_card":"summary_large_image","twitter_misc":{"Tiempo de lectura":"2 minutos"},"schema":{"@context":"https:\/\/schema.org","@graph":[{"@type":"WebPage","@id":"https:\/\/www.healthy-heart.org\/es\/acerca-del-ces\/","url":"https:\/\/www.healthy-heart.org\/es\/acerca-del-ces\/","name":"Acerca del CES- Healthy-Heart.org","isPartOf":{"@id":"https:\/\/www.healthy-heart.org\/es\/#website"},"primaryImageOfPage":{"@id":"https:\/\/www.healthy-heart.org\/es\/acerca-del-ces\/#primaryimage"},"image":{"@id":"https:\/\/www.healthy-heart.org\/es\/acerca-del-ces\/#primaryimage"},"thumbnailUrl":"https:\/\/www.healthy-heart.org\/wp-content\/uploads\/2019\/07\/iStock-953674568.jpg","datePublished":"2019-10-07T16:54:39+00:00","dateModified":"2019-10-07T16:54:39+00:00","description":"Somos una sociedad m\u00e9dica sin \u00e1nimo de lucro, compuesta por profesionales en medicina cardiovascular y dirigida a la prevenci\u00f3n, el diagn\u00f3stico y el tratamiento de enfermedades card\u00edacas.","breadcrumb":{"@id":"https:\/\/www.healthy-heart.org\/es\/acerca-del-ces\/#breadcrumb"},"inLanguage":"es","potentialAction":[{"@type":"ReadAction","target":["https:\/\/www.healthy-heart.org\/es\/acerca-del-ces\/"]}]},{"@type":"ImageObject","inLanguage":"es","@id":"https:\/\/www.healthy-heart.org\/es\/acerca-del-ces\/#primaryimage","url":"https:\/\/www.healthy-heart.org\/wp-content\/uploads\/2019\/07\/iStock-953674568.jpg","contentUrl":"https:\/\/www.healthy-heart.org\/wp-content\/uploads\/2019\/07\/iStock-953674568.jpg","width":3548,"height":2365},{"@type":"BreadcrumbList","@id":"https:\/\/www.healthy-heart.org\/es\/acerca-del-ces\/#breadcrumb","itemListElement":[{"@type":"ListItem","position":1,"name":"Home","item":"https:\/\/www.healthy-heart.org\/es\/"},{"@type":"ListItem","position":2,"name":"Acerca del CES"}]},{"@type":"WebSite","@id":"https:\/\/www.healthy-heart.org\/es\/#website","url":"https:\/\/www.healthy-heart.org\/es\/","name":"Healthy-Heart.org","description":"Practical advice for patients and family care givers on the prevention of cardiovascular disease","potentialAction":[{"@type":"SearchAction","target":{"@type":"EntryPoint","urlTemplate":"https:\/\/www.healthy-heart.org\/es\/?s={search_term_string}"},"query-input":{"@type":"PropertyValueSpecification","valueRequired":true,"valueName":"search_term_string"}}],"inLanguage":"es"}]}},"_links":{"self":[{"href":"https:\/\/www.healthy-heart.org\/es\/wp-json\/wp\/v2\/pages\/1766","targetHints":{"allow":["GET"]}}],"collection":[{"href":"https:\/\/www.healthy-heart.org\/es\/wp-json\/wp\/v2\/pages"}],"about":[{"href":"https:\/\/www.healthy-heart.org\/es\/wp-json\/wp\/v2\/types\/page"}],"author":[{"embeddable":true,"href":"https:\/\/www.healthy-heart.org\/es\/wp-json\/wp\/v2\/users\/1"}],"replies":[{"embeddable":true,"href":"https:\/\/www.healthy-heart.org\/es\/wp-json\/wp\/v2\/comments?post=1766"}],"version-history":[{"count":0,"href":"https:\/\/www.healthy-heart.org\/es\/wp-json\/wp\/v2\/pages\/1766\/revisions"}],"wp:featuredmedia":[{"embeddable":true,"href":"https:\/\/www.healthy-heart.org\/es\/wp-json\/wp\/v2\/media\/1667"}],"wp:attachment":[{"href":"https:\/\/www.healthy-heart.org\/es\/wp-json\/wp\/v2\/media?parent=1766"}],"wp:term":[{"taxonomy":"category","embeddable":true,"href":"https:\/\/www.healthy-heart.org\/es\/wp-json\/wp\/v2\/categories?post=1766"},{"taxonomy":"post_tag","embeddable":true,"href":"https:\/\/www.healthy-heart.org\/es\/wp-json\/wp\/v2\/tags?post=1766"}],"curies":[{"name":"wp","href":"https:\/\/api.w.org\/{rel}","templated":true}]}}