{"id":1760,"date":"2019-10-07T17:54:30","date_gmt":"2019-10-07T16:54:30","guid":{"rendered":"https:\/\/www.healthy-heart.org\/agradecimientos-de-los-autores\/"},"modified":"2020-03-24T10:06:31","modified_gmt":"2020-03-24T10:06:31","slug":"agradecimientos-de-los-autores","status":"publish","type":"page","link":"https:\/\/www.healthy-heart.org\/es\/agradecimientos-de-los-autores\/","title":{"rendered":"Agradecimientos de los autores"},"content":{"rendered":"<p>Este sitio web se ha desarrollado como parte del Programa de Prevenci\u00f3n de ECV de la ESC, dirigido por la Asociaci\u00f3n Europea de Cardiolog\u00eda Preventiva (EAPC) en colaboraci\u00f3n con la Asociaci\u00f3n Europea de Cuidados Cardiacos Agudos (ACVC) y la Asociaci\u00f3n de Enfermer\u00eda Cardiovascular y Profesiones Afines (ACNAP).<\/p>\n<p>El contenido de este sitio web es original y est\u00e1 basado en recomendaciones de conformidad con la Gu\u00eda de Pr\u00e1ctica Cl\u00ednica (GPC) de la ESC.<\/p>\n<p>Agradecemos a los siguientes autores voluntarios su contribuci\u00f3n en la creaci\u00f3n del contenido de este sitio web:<\/p>\n<table class=\"no-border\">\n<tbody>\n<tr>\n<td>\n<ul>\n<li>Neil Angus<\/li>\n<li>Maria B\u00e4ck<\/li>\n<li>Ugo Corra<\/li>\n<li>Flavio D&#8217;Ascenzi<\/li>\n<li>Guy de Backer<\/li>\n<li>Tine de Backer<\/li>\n<li>Silvia Castelletti<\/li>\n<li>Mark Cobain<\/li>\n<li>Karen De Munck<\/li>\n<li>Paul Dendale<\/li>\n<li>Jannick A.\u00a0N. Dorresteijn<\/li>\n<li>Ines Frederix<\/li>\n<li>Andreas Gevaert<\/li>\n<li>Ian Graham<\/li>\n<li>Dominique Hansen<\/li>\n<li>Jeroen Hendriks<\/li>\n<li>Stefan H\u00f6fer<\/li>\n<li>Kees Hovingh<\/li>\n<li>Tiny Jaarsma<\/li>\n<li>Arne Janssen<\/li>\n<li>Claire Kerins<\/li>\n<li>Mary Kerins<\/li>\n<li>Konstantin Krychtiuk<\/li>\n<\/ul>\n<\/td>\n<td>\n<ul>\n<li>Gerry Lee<\/li>\n<li>Sergio Leonardi<\/li>\n<li>Dassy Levy<\/li>\n<li>Carolina Lombardi<\/li>\n<li>Gabrielle McKee<\/li>\n<li>Alexandru Mischie<\/li>\n<li>Lis Neubeck<\/li>\n<li>Josef Niebauer<\/li>\n<li>Demosthenes Panagiotakos<\/li>\n<li>Gianfranco Parati<\/li>\n<li>Lene Pedersen<\/li>\n<li>Martino Pengo<\/li>\n<li>Massimo F Piepoli<\/li>\n<li>Eva Prescott<\/li>\n<li>Gabriele Riccardi<\/li>\n<li>Martijn Scherreberg<\/li>\n<li>Walter Speidl<\/li>\n<li>Izabella Uchmanowicz<\/li>\n<li>Frank Vandereyt<\/li>\n<li>Vass Vassiliou<\/li>\n<li>Monique Verschuren<\/li>\n<li>Frank L.\u00a0J. Visseren<\/li>\n<li>Christiaan Vrints<\/li>\n<\/ul>\n<\/td>\n<\/tr>\n<\/tbody>\n<\/table>\n<p>&nbsp;<\/p>\n<p style=\"font-weight: 400;\">Agradecemos a los siguientes miembros del Foro de Pacientes del CES que han contribuido al desarrollo de este sitio web:<\/p>\n<ul style=\"font-weight: 400;\">\n<li>Inga Drossart<\/li>\n<li>Dan Foldager<\/li>\n<li>Henrik Norrild<\/li>\n<li>James Ainslie<\/li>\n<\/ul>\n<p>&nbsp;<\/p>\n<p>Agradecemos a los siguientes voluntarios su contribuci\u00f3n en la revisi\u00f3n del contenido de este sitio web:<\/p>\n<table class=\"no-border\">\n<tbody>\n<tr>\n<td>\n<ul>\n<li>Marie-Christine Iliou (French)<\/li>\n<li>Salvatore Novo (Italian)<\/li>\n<li>Regina Dalmau (Spanish)<\/li>\n<li>Piotr Jankowski (Polish)<\/li>\n<li>Vincent Aengevaeren (Dutch)<\/li>\n<li>Dan Gaita (Romanian)<\/li>\n<li>Stefan Busnatu (Romanian)<\/li>\n<\/ul>\n<\/td>\n<td>\n<ul>\n<li>Iulia Kulcsar (Romanian)<\/li>\n<li>Olga Sokolova (Russian)<\/li>\n<li>Oksana Sivakova (Russian)<\/li>\n<li>Ana Abreu (Portuguese)<\/li>\n<li>Filipa Homem (Portuguese)<\/li>\n<li>Linh Phung (German)<\/li>\n<li>Daniel Forndron (German)<\/li>\n<\/ul>\n<\/td>\n<\/tr>\n<\/tbody>\n<\/table>\n<p>&nbsp;<\/p>\n","protected":false},"excerpt":{"rendered":"<p>Este sitio web se ha desarrollado como parte del Programa de Prevenci\u00f3n de ECV de la ESC, dirigido por la Asociaci\u00f3n Europea de Cardiolog\u00eda Preventiva (EAPC) en colaboraci\u00f3n con la Asociaci\u00f3n Europea de Cuidados Cardiacos Agudos (ACVC) y la Asociaci\u00f3n de Enfermer\u00eda Cardiovascular y Profesiones Afines (ACNAP). El contenido de este sitio web es original [&hellip;]<\/p>\n","protected":false},"author":1,"featured_media":1761,"parent":0,"menu_order":0,"comment_status":"closed","ping_status":"closed","template":"templates\/full.php","meta":{"_acf_changed":false,"footnotes":""},"categories":[],"tags":[],"class_list":["post-1760","page","type-page","status-publish","has-post-thumbnail","hentry"],"acf":[],"yoast_head":"<!-- This site is optimized with the Yoast SEO plugin v24.0 - https:\/\/yoast.com\/wordpress\/plugins\/seo\/ -->\n<title>Reconocimientos de los autores - Healthy-Heart.org<\/title>\n<meta name=\"description\" content=\"Este sitio web ha sido creado por la Sociedad Europea de Cardiolog\u00eda como parte del Programa para la Prevenci\u00f3n de ECV.\" \/>\n<meta name=\"robots\" content=\"index, follow, max-snippet:-1, max-image-preview:large, max-video-preview:-1\" \/>\n<link rel=\"canonical\" href=\"https:\/\/www.healthy-heart.org\/es\/agradecimientos-de-los-autores\/\" \/>\n<meta property=\"og:locale\" content=\"es_ES\" \/>\n<meta property=\"og:type\" content=\"article\" \/>\n<meta property=\"og:title\" content=\"Reconocimientos de los autores - Healthy-Heart.org\" \/>\n<meta property=\"og:description\" content=\"Este sitio web ha sido creado por la Sociedad Europea de Cardiolog\u00eda como parte del Programa para la Prevenci\u00f3n de ECV.\" \/>\n<meta property=\"og:url\" content=\"https:\/\/www.healthy-heart.org\/es\/agradecimientos-de-los-autores\/\" \/>\n<meta property=\"og:site_name\" content=\"Healthy-Heart.org\" \/>\n<meta property=\"article:modified_time\" content=\"2020-03-24T10:06:31+00:00\" \/>\n<meta property=\"og:image\" content=\"https:\/\/www.healthy-heart.org\/wp-content\/uploads\/2019\/07\/EAPC-BOGO-e1564135828320.png\" \/>\n\t<meta property=\"og:image:width\" content=\"253\" \/>\n\t<meta property=\"og:image:height\" content=\"125\" \/>\n\t<meta property=\"og:image:type\" content=\"image\/png\" \/>\n<meta name=\"twitter:card\" content=\"summary_large_image\" \/>\n<meta name=\"twitter:label1\" content=\"Tiempo de lectura\" \/>\n\t<meta name=\"twitter:data1\" content=\"1 minuto\" \/>\n<script type=\"application\/ld+json\" class=\"yoast-schema-graph\">{\"@context\":\"https:\/\/schema.org\",\"@graph\":[{\"@type\":\"WebPage\",\"@id\":\"https:\/\/www.healthy-heart.org\/es\/agradecimientos-de-los-autores\/\",\"url\":\"https:\/\/www.healthy-heart.org\/es\/agradecimientos-de-los-autores\/\",\"name\":\"Reconocimientos de los autores - Healthy-Heart.org\",\"isPartOf\":{\"@id\":\"https:\/\/www.healthy-heart.org\/es\/#website\"},\"primaryImageOfPage\":{\"@id\":\"https:\/\/www.healthy-heart.org\/es\/agradecimientos-de-los-autores\/#primaryimage\"},\"image\":{\"@id\":\"https:\/\/www.healthy-heart.org\/es\/agradecimientos-de-los-autores\/#primaryimage\"},\"thumbnailUrl\":\"https:\/\/www.healthy-heart.org\/wp-content\/uploads\/2019\/07\/EAPC-BOGO-e1564135828320.png\",\"datePublished\":\"2019-10-07T16:54:30+00:00\",\"dateModified\":\"2020-03-24T10:06:31+00:00\",\"description\":\"Este sitio web ha sido creado por la Sociedad Europea de Cardiolog\u00eda como parte del Programa para la Prevenci\u00f3n de ECV.\",\"breadcrumb\":{\"@id\":\"https:\/\/www.healthy-heart.org\/es\/agradecimientos-de-los-autores\/#breadcrumb\"},\"inLanguage\":\"es\",\"potentialAction\":[{\"@type\":\"ReadAction\",\"target\":[\"https:\/\/www.healthy-heart.org\/es\/agradecimientos-de-los-autores\/\"]}]},{\"@type\":\"ImageObject\",\"inLanguage\":\"es\",\"@id\":\"https:\/\/www.healthy-heart.org\/es\/agradecimientos-de-los-autores\/#primaryimage\",\"url\":\"https:\/\/www.healthy-heart.org\/wp-content\/uploads\/2019\/07\/EAPC-BOGO-e1564135828320.png\",\"contentUrl\":\"https:\/\/www.healthy-heart.org\/wp-content\/uploads\/2019\/07\/EAPC-BOGO-e1564135828320.png\",\"width\":253,\"height\":125},{\"@type\":\"BreadcrumbList\",\"@id\":\"https:\/\/www.healthy-heart.org\/es\/agradecimientos-de-los-autores\/#breadcrumb\",\"itemListElement\":[{\"@type\":\"ListItem\",\"position\":1,\"name\":\"Home\",\"item\":\"https:\/\/www.healthy-heart.org\/es\/\"},{\"@type\":\"ListItem\",\"position\":2,\"name\":\"Agradecimientos de los autores\"}]},{\"@type\":\"WebSite\",\"@id\":\"https:\/\/www.healthy-heart.org\/es\/#website\",\"url\":\"https:\/\/www.healthy-heart.org\/es\/\",\"name\":\"Healthy-Heart.org\",\"description\":\"Practical advice for patients and family care givers on the prevention of cardiovascular disease\",\"potentialAction\":[{\"@type\":\"SearchAction\",\"target\":{\"@type\":\"EntryPoint\",\"urlTemplate\":\"https:\/\/www.healthy-heart.org\/es\/?s={search_term_string}\"},\"query-input\":{\"@type\":\"PropertyValueSpecification\",\"valueRequired\":true,\"valueName\":\"search_term_string\"}}],\"inLanguage\":\"es\"}]}<\/script>\n<!-- \/ Yoast SEO plugin. -->","yoast_head_json":{"title":"Reconocimientos de los autores - Healthy-Heart.org","description":"Este sitio web ha sido creado por la Sociedad Europea de Cardiolog\u00eda como parte del Programa para la Prevenci\u00f3n de ECV.","robots":{"index":"index","follow":"follow","max-snippet":"max-snippet:-1","max-image-preview":"max-image-preview:large","max-video-preview":"max-video-preview:-1"},"canonical":"https:\/\/www.healthy-heart.org\/es\/agradecimientos-de-los-autores\/","og_locale":"es_ES","og_type":"article","og_title":"Reconocimientos de los autores - Healthy-Heart.org","og_description":"Este sitio web ha sido creado por la Sociedad Europea de Cardiolog\u00eda como parte del Programa para la Prevenci\u00f3n de ECV.","og_url":"https:\/\/www.healthy-heart.org\/es\/agradecimientos-de-los-autores\/","og_site_name":"Healthy-Heart.org","article_modified_time":"2020-03-24T10:06:31+00:00","og_image":[{"width":253,"height":125,"url":"https:\/\/www.healthy-heart.org\/wp-content\/uploads\/2019\/07\/EAPC-BOGO-e1564135828320.png","type":"image\/png"}],"twitter_card":"summary_large_image","twitter_misc":{"Tiempo de lectura":"1 minuto"},"schema":{"@context":"https:\/\/schema.org","@graph":[{"@type":"WebPage","@id":"https:\/\/www.healthy-heart.org\/es\/agradecimientos-de-los-autores\/","url":"https:\/\/www.healthy-heart.org\/es\/agradecimientos-de-los-autores\/","name":"Reconocimientos de los autores - Healthy-Heart.org","isPartOf":{"@id":"https:\/\/www.healthy-heart.org\/es\/#website"},"primaryImageOfPage":{"@id":"https:\/\/www.healthy-heart.org\/es\/agradecimientos-de-los-autores\/#primaryimage"},"image":{"@id":"https:\/\/www.healthy-heart.org\/es\/agradecimientos-de-los-autores\/#primaryimage"},"thumbnailUrl":"https:\/\/www.healthy-heart.org\/wp-content\/uploads\/2019\/07\/EAPC-BOGO-e1564135828320.png","datePublished":"2019-10-07T16:54:30+00:00","dateModified":"2020-03-24T10:06:31+00:00","description":"Este sitio web ha sido creado por la Sociedad Europea de Cardiolog\u00eda como parte del Programa para la Prevenci\u00f3n de ECV.","breadcrumb":{"@id":"https:\/\/www.healthy-heart.org\/es\/agradecimientos-de-los-autores\/#breadcrumb"},"inLanguage":"es","potentialAction":[{"@type":"ReadAction","target":["https:\/\/www.healthy-heart.org\/es\/agradecimientos-de-los-autores\/"]}]},{"@type":"ImageObject","inLanguage":"es","@id":"https:\/\/www.healthy-heart.org\/es\/agradecimientos-de-los-autores\/#primaryimage","url":"https:\/\/www.healthy-heart.org\/wp-content\/uploads\/2019\/07\/EAPC-BOGO-e1564135828320.png","contentUrl":"https:\/\/www.healthy-heart.org\/wp-content\/uploads\/2019\/07\/EAPC-BOGO-e1564135828320.png","width":253,"height":125},{"@type":"BreadcrumbList","@id":"https:\/\/www.healthy-heart.org\/es\/agradecimientos-de-los-autores\/#breadcrumb","itemListElement":[{"@type":"ListItem","position":1,"name":"Home","item":"https:\/\/www.healthy-heart.org\/es\/"},{"@type":"ListItem","position":2,"name":"Agradecimientos de los autores"}]},{"@type":"WebSite","@id":"https:\/\/www.healthy-heart.org\/es\/#website","url":"https:\/\/www.healthy-heart.org\/es\/","name":"Healthy-Heart.org","description":"Practical advice for patients and family care givers on the prevention of cardiovascular disease","potentialAction":[{"@type":"SearchAction","target":{"@type":"EntryPoint","urlTemplate":"https:\/\/www.healthy-heart.org\/es\/?s={search_term_string}"},"query-input":{"@type":"PropertyValueSpecification","valueRequired":true,"valueName":"search_term_string"}}],"inLanguage":"es"}]}},"_links":{"self":[{"href":"https:\/\/www.healthy-heart.org\/es\/wp-json\/wp\/v2\/pages\/1760","targetHints":{"allow":["GET"]}}],"collection":[{"href":"https:\/\/www.healthy-heart.org\/es\/wp-json\/wp\/v2\/pages"}],"about":[{"href":"https:\/\/www.healthy-heart.org\/es\/wp-json\/wp\/v2\/types\/page"}],"author":[{"embeddable":true,"href":"https:\/\/www.healthy-heart.org\/es\/wp-json\/wp\/v2\/users\/1"}],"replies":[{"embeddable":true,"href":"https:\/\/www.healthy-heart.org\/es\/wp-json\/wp\/v2\/comments?post=1760"}],"version-history":[{"count":2,"href":"https:\/\/www.healthy-heart.org\/es\/wp-json\/wp\/v2\/pages\/1760\/revisions"}],"predecessor-version":[{"id":4331,"href":"https:\/\/www.healthy-heart.org\/es\/wp-json\/wp\/v2\/pages\/1760\/revisions\/4331"}],"wp:featuredmedia":[{"embeddable":true,"href":"https:\/\/www.healthy-heart.org\/es\/wp-json\/wp\/v2\/media\/1761"}],"wp:attachment":[{"href":"https:\/\/www.healthy-heart.org\/es\/wp-json\/wp\/v2\/media?parent=1760"}],"wp:term":[{"taxonomy":"category","embeddable":true,"href":"https:\/\/www.healthy-heart.org\/es\/wp-json\/wp\/v2\/categories?post=1760"},{"taxonomy":"post_tag","embeddable":true,"href":"https:\/\/www.healthy-heart.org\/es\/wp-json\/wp\/v2\/tags?post=1760"}],"curies":[{"name":"wp","href":"https:\/\/api.w.org\/{rel}","templated":true}]}}