{"id":1747,"date":"2019-10-07T17:53:48","date_gmt":"2019-10-07T16:53:48","guid":{"rendered":"https:\/\/www.healthy-heart.org\/que-debo-preguntarle-a-mi-cardiologo\/"},"modified":"2020-10-23T16:14:56","modified_gmt":"2020-10-23T15:14:56","slug":"que-debo-preguntarle-a-mi-cardiologo","status":"publish","type":"page","link":"https:\/\/www.healthy-heart.org\/es\/vivir-con-una-cardiopatia\/que-debo-preguntarle-a-mi-cardiologo\/","title":{"rendered":"\u00bfQu\u00e9 debo preguntarle a mi cardi\u00f3logo?"},"content":{"rendered":"<p><img loading=\"lazy\" decoding=\"async\" class=\"alignright size-medium wp-image-641\" src=\"https:\/\/cdn-endpoint-prev.azureedge.net\/healthy-heart\/2019\/07\/iStock-481073822-5-350x234.jpg\" alt=\"\" width=\"350\" height=\"234\" srcset=\"https:\/\/www.healthy-heart.org\/wp-content\/uploads\/2019\/07\/iStock-481073822-5-350x234.jpg 350w, https:\/\/cdn-endpoint-prev.azureedge.net\/healthy-heart\/2019\/07\/iStock-481073822-5-1024x683.jpg 1024w, https:\/\/cdn-endpoint-prev.azureedge.net\/healthy-heart\/2019\/07\/iStock-481073822-5-200x133.jpg 200w, https:\/\/www.healthy-heart.org\/wp-content\/uploads\/2019\/07\/iStock-481073822-5-768x513.jpg 768w, https:\/\/www.healthy-heart.org\/wp-content\/uploads\/2019\/07\/iStock-481073822-5-1536x1025.jpg 1536w, https:\/\/www.healthy-heart.org\/wp-content\/uploads\/2019\/07\/iStock-481073822-5-2048x1367.jpg 2048w, https:\/\/www.healthy-heart.org\/wp-content\/uploads\/2019\/07\/iStock-481073822-5-658x439.jpg 658w, https:\/\/www.healthy-heart.org\/wp-content\/uploads\/2019\/07\/iStock-481073822-5-695x464.jpg 695w\" sizes=\"auto, (max-width: 350px) 100vw, 350px\" \/>Una enfermedad card\u00edaca afecta al cuerpo y a la mente. Hablar de forma abierta y honesta con su m\u00e9dico le ayudar\u00e1 mucho a llevar bien su plan de tratamiento y mejorar su estado de salud despu\u00e9s de un ataque al coraz\u00f3n. Su cardi\u00f3logo le explicar\u00e1 lo que le ha ocurrido y por qu\u00e9, lo que se ha hecho hasta ahora y lo que se necesita hacer a continuaci\u00f3n. Saber las causas de un episodio card\u00edaco y c\u00f3mo fue tratado le ayudar\u00e1 a entender lo que puede hacer para evitar otro. Preguntas para plantearle a su cardi\u00f3logo:<\/p>\n<p>1. \u00bfPor qu\u00e9 sufr\u00ed un infarto?<br \/>\n2. \u00bfPodr\u00eda haberlo evitado?<br \/>\n3. \u00bfPodr\u00e9 seguir haciendo lo que hac\u00eda antes?<br \/>\n4. \u00bfEs posible que la arteria bloqueada se estreche de nuevo y cause otro episodio?<br \/>\n5. Si se coloca una endopr\u00f3tesis vascular en una arteria, \u00bfdurante cu\u00e1nto tiempo debo tomar el anticoagulante? \u00bfLa arteria permanecer\u00e1 abierta el resto de mi vida?<br \/>\n6. \u00bfQu\u00e9 <a href=\"https:\/\/www.healthy-heart.org\/es\/vivir-con-una-cardiopatia\/tipos-de-farmacos\/\">medicamento<\/a> es indispensable y durante cu\u00e1nto tiempo debo tomarlo?<br \/>\n7. \u00bfQu\u00e9 medicamento no debo olvidar tomar ni una sola vez?<br \/>\n8. \u00bfCon qu\u00e9 frecuencia se realizan las revisiones m\u00e9dicas despu\u00e9s de un infarto de miocardio?<br \/>\n9. \u00bfQu\u00e9 puedo hacer en mi d\u00eda a d\u00eda para prevenir otro infarto de miocardio?<br \/>\n10. \u00bfQu\u00e9 importancia tiene perder peso? \u00bfDebo cambiar mi <a href=\"https:\/\/www.healthy-heart.org\/es\/mantenga-su-corazon-sano\/una-dieta-cardiosaludable\/\">dieta<\/a>?<br \/>\n11. \u00bfCu\u00e1ndo puedo comenzar a hacer <a href=\"https:\/\/www.healthy-heart.org\/es\/mantenga-su-corazon-sano\/ejercicio-fisico\/\">ejercicio<\/a>?<br \/>\n12. \u00bfDebo apuntarme a un programa de <a href=\"https:\/\/www.healthy-heart.org\/es\/vivir-con-una-cardiopatia\/mejore-el-estado-de-su-corazon\/\">rehabilitaci\u00f3n card\u00edaca<\/a>?<br \/>\n13. \u00bfCon qu\u00e9 frecuencia debo tomarme la <a href=\"https:\/\/www.healthy-heart.org\/es\/mantenga-su-corazon-sano\/presion-arterial\/\">presi\u00f3n arterial<\/a>?<br \/>\n14. \u00bfCu\u00e1ndo puedo reanudar la <a href=\"https:\/\/www.healthy-heart.org\/es\/vivir-con-una-cardiopatia\/cardiopatia-y-actividad-sexual\/\">actividad sexual<\/a> y reincorporarme al trabajo?<br \/>\n15. \u00bfPuedo <a href=\"https:\/\/www.healthy-heart.org\/es\/vivir-con-una-cardiopatia\/viajar-despues-de-un-infarto-de-miocardio\/\">viajar<\/a>? \u00bfPuedo ir a las monta\u00f1as?<br \/>\n16. \u00bfQu\u00e9 s\u00edntomas deber\u00edan hacerme acudir a urgencias de inmediato?<\/p>\n","protected":false},"excerpt":{"rendered":"<p>Una enfermedad card\u00edaca afecta al cuerpo y a la mente. Hablar de forma abierta y honesta con su m\u00e9dico le ayudar\u00e1 mucho a llevar bien su plan de tratamiento y mejorar su estado de salud despu\u00e9s de un ataque al coraz\u00f3n. Su cardi\u00f3logo le explicar\u00e1 lo que le ha ocurrido y por qu\u00e9, lo que [&hellip;]<\/p>\n","protected":false},"author":1,"featured_media":649,"parent":1865,"menu_order":12,"comment_status":"closed","ping_status":"closed","template":"","meta":{"_acf_changed":false,"footnotes":""},"categories":[63],"tags":[],"class_list":["post-1747","page","type-page","status-publish","has-post-thumbnail","hentry","category-vivir-con-una-cardiopatia"],"acf":[],"yoast_head":"<!-- This site is optimized with the Yoast SEO plugin v24.0 - https:\/\/yoast.com\/wordpress\/plugins\/seo\/ -->\n<title>\u00bfQu\u00e9 debo preguntarle a mi cardi\u00f3logo? - Healthy-Heart.org<\/title>\n<meta name=\"description\" content=\"Su cardi\u00f3logo le explicar\u00e1 lo que le ha ocurrido y por qu\u00e9, lo que se ha hecho hasta ahora y lo que se necesita hacer a continuaci\u00f3n. Consulte las preguntas para hacerle a su m\u00e9dico.\" \/>\n<meta name=\"robots\" content=\"index, follow, max-snippet:-1, max-image-preview:large, max-video-preview:-1\" \/>\n<link rel=\"canonical\" href=\"https:\/\/www.healthy-heart.org\/es\/vivir-con-una-cardiopatia\/que-debo-preguntarle-a-mi-cardiologo\/\" \/>\n<meta property=\"og:locale\" content=\"es_ES\" \/>\n<meta property=\"og:type\" content=\"article\" \/>\n<meta property=\"og:title\" content=\"\u00bfQu\u00e9 debo preguntarle a mi cardi\u00f3logo? - Healthy-Heart.org\" \/>\n<meta property=\"og:description\" content=\"Su cardi\u00f3logo le explicar\u00e1 lo que le ha ocurrido y por qu\u00e9, lo que se ha hecho hasta ahora y lo que se necesita hacer a continuaci\u00f3n. Consulte las preguntas para hacerle a su m\u00e9dico.\" \/>\n<meta property=\"og:url\" content=\"https:\/\/www.healthy-heart.org\/es\/vivir-con-una-cardiopatia\/que-debo-preguntarle-a-mi-cardiologo\/\" \/>\n<meta property=\"og:site_name\" content=\"Healthy-Heart.org\" \/>\n<meta property=\"article:modified_time\" content=\"2020-10-23T15:14:56+00:00\" \/>\n<meta property=\"og:image\" content=\"https:\/\/www.healthy-heart.org\/wp-content\/uploads\/2019\/07\/iStock-481073822-5-1024x683.jpg\" \/>\n\t<meta property=\"og:image:width\" content=\"1024\" \/>\n\t<meta property=\"og:image:height\" content=\"683\" \/>\n\t<meta property=\"og:image:type\" content=\"image\/jpeg\" \/>\n<meta name=\"twitter:card\" content=\"summary_large_image\" \/>\n<meta name=\"twitter:label1\" content=\"Tiempo de lectura\" \/>\n\t<meta name=\"twitter:data1\" content=\"1 minuto\" \/>\n<script type=\"application\/ld+json\" class=\"yoast-schema-graph\">{\"@context\":\"https:\/\/schema.org\",\"@graph\":[{\"@type\":\"WebPage\",\"@id\":\"https:\/\/www.healthy-heart.org\/es\/vivir-con-una-cardiopatia\/que-debo-preguntarle-a-mi-cardiologo\/\",\"url\":\"https:\/\/www.healthy-heart.org\/es\/vivir-con-una-cardiopatia\/que-debo-preguntarle-a-mi-cardiologo\/\",\"name\":\"\u00bfQu\u00e9 debo preguntarle a mi cardi\u00f3logo? - Healthy-Heart.org\",\"isPartOf\":{\"@id\":\"https:\/\/www.healthy-heart.org\/es\/#website\"},\"primaryImageOfPage\":{\"@id\":\"https:\/\/www.healthy-heart.org\/es\/vivir-con-una-cardiopatia\/que-debo-preguntarle-a-mi-cardiologo\/#primaryimage\"},\"image\":{\"@id\":\"https:\/\/www.healthy-heart.org\/es\/vivir-con-una-cardiopatia\/que-debo-preguntarle-a-mi-cardiologo\/#primaryimage\"},\"thumbnailUrl\":\"https:\/\/www.healthy-heart.org\/wp-content\/uploads\/2019\/07\/iStock-481073822-5.jpg\",\"datePublished\":\"2019-10-07T16:53:48+00:00\",\"dateModified\":\"2020-10-23T15:14:56+00:00\",\"description\":\"Su cardi\u00f3logo le explicar\u00e1 lo que le ha ocurrido y por qu\u00e9, lo que se ha hecho hasta ahora y lo que se necesita hacer a continuaci\u00f3n. Consulte las preguntas para hacerle a su m\u00e9dico.\",\"breadcrumb\":{\"@id\":\"https:\/\/www.healthy-heart.org\/es\/vivir-con-una-cardiopatia\/que-debo-preguntarle-a-mi-cardiologo\/#breadcrumb\"},\"inLanguage\":\"es\",\"potentialAction\":[{\"@type\":\"ReadAction\",\"target\":[\"https:\/\/www.healthy-heart.org\/es\/vivir-con-una-cardiopatia\/que-debo-preguntarle-a-mi-cardiologo\/\"]}]},{\"@type\":\"ImageObject\",\"inLanguage\":\"es\",\"@id\":\"https:\/\/www.healthy-heart.org\/es\/vivir-con-una-cardiopatia\/que-debo-preguntarle-a-mi-cardiologo\/#primaryimage\",\"url\":\"https:\/\/www.healthy-heart.org\/wp-content\/uploads\/2019\/07\/iStock-481073822-5.jpg\",\"contentUrl\":\"https:\/\/www.healthy-heart.org\/wp-content\/uploads\/2019\/07\/iStock-481073822-5.jpg\",\"width\":7360,\"height\":4912,\"caption\":\"Shot of a compassionate doctor comforting a young woman in a hospital waiting room\"},{\"@type\":\"BreadcrumbList\",\"@id\":\"https:\/\/www.healthy-heart.org\/es\/vivir-con-una-cardiopatia\/que-debo-preguntarle-a-mi-cardiologo\/#breadcrumb\",\"itemListElement\":[{\"@type\":\"ListItem\",\"position\":1,\"name\":\"Home\",\"item\":\"https:\/\/www.healthy-heart.org\/es\/\"},{\"@type\":\"ListItem\",\"position\":2,\"name\":\"Vivir con una cardiopat\u00eda\",\"item\":\"https:\/\/www.healthy-heart.org\/es\/vivir-con-una-cardiopatia\/\"},{\"@type\":\"ListItem\",\"position\":3,\"name\":\"\u00bfQu\u00e9 debo preguntarle a mi cardi\u00f3logo?\"}]},{\"@type\":\"WebSite\",\"@id\":\"https:\/\/www.healthy-heart.org\/es\/#website\",\"url\":\"https:\/\/www.healthy-heart.org\/es\/\",\"name\":\"Healthy-Heart.org\",\"description\":\"Practical advice for patients and family care givers on the prevention of cardiovascular disease\",\"potentialAction\":[{\"@type\":\"SearchAction\",\"target\":{\"@type\":\"EntryPoint\",\"urlTemplate\":\"https:\/\/www.healthy-heart.org\/es\/?s={search_term_string}\"},\"query-input\":{\"@type\":\"PropertyValueSpecification\",\"valueRequired\":true,\"valueName\":\"search_term_string\"}}],\"inLanguage\":\"es\"}]}<\/script>\n<!-- \/ Yoast SEO plugin. -->","yoast_head_json":{"title":"\u00bfQu\u00e9 debo preguntarle a mi cardi\u00f3logo? - Healthy-Heart.org","description":"Su cardi\u00f3logo le explicar\u00e1 lo que le ha ocurrido y por qu\u00e9, lo que se ha hecho hasta ahora y lo que se necesita hacer a continuaci\u00f3n. Consulte las preguntas para hacerle a su m\u00e9dico.","robots":{"index":"index","follow":"follow","max-snippet":"max-snippet:-1","max-image-preview":"max-image-preview:large","max-video-preview":"max-video-preview:-1"},"canonical":"https:\/\/www.healthy-heart.org\/es\/vivir-con-una-cardiopatia\/que-debo-preguntarle-a-mi-cardiologo\/","og_locale":"es_ES","og_type":"article","og_title":"\u00bfQu\u00e9 debo preguntarle a mi cardi\u00f3logo? - Healthy-Heart.org","og_description":"Su cardi\u00f3logo le explicar\u00e1 lo que le ha ocurrido y por qu\u00e9, lo que se ha hecho hasta ahora y lo que se necesita hacer a continuaci\u00f3n. Consulte las preguntas para hacerle a su m\u00e9dico.","og_url":"https:\/\/www.healthy-heart.org\/es\/vivir-con-una-cardiopatia\/que-debo-preguntarle-a-mi-cardiologo\/","og_site_name":"Healthy-Heart.org","article_modified_time":"2020-10-23T15:14:56+00:00","og_image":[{"width":1024,"height":683,"url":"https:\/\/www.healthy-heart.org\/wp-content\/uploads\/2019\/07\/iStock-481073822-5-1024x683.jpg","type":"image\/jpeg"}],"twitter_card":"summary_large_image","twitter_misc":{"Tiempo de lectura":"1 minuto"},"schema":{"@context":"https:\/\/schema.org","@graph":[{"@type":"WebPage","@id":"https:\/\/www.healthy-heart.org\/es\/vivir-con-una-cardiopatia\/que-debo-preguntarle-a-mi-cardiologo\/","url":"https:\/\/www.healthy-heart.org\/es\/vivir-con-una-cardiopatia\/que-debo-preguntarle-a-mi-cardiologo\/","name":"\u00bfQu\u00e9 debo preguntarle a mi cardi\u00f3logo? - Healthy-Heart.org","isPartOf":{"@id":"https:\/\/www.healthy-heart.org\/es\/#website"},"primaryImageOfPage":{"@id":"https:\/\/www.healthy-heart.org\/es\/vivir-con-una-cardiopatia\/que-debo-preguntarle-a-mi-cardiologo\/#primaryimage"},"image":{"@id":"https:\/\/www.healthy-heart.org\/es\/vivir-con-una-cardiopatia\/que-debo-preguntarle-a-mi-cardiologo\/#primaryimage"},"thumbnailUrl":"https:\/\/www.healthy-heart.org\/wp-content\/uploads\/2019\/07\/iStock-481073822-5.jpg","datePublished":"2019-10-07T16:53:48+00:00","dateModified":"2020-10-23T15:14:56+00:00","description":"Su cardi\u00f3logo le explicar\u00e1 lo que le ha ocurrido y por qu\u00e9, lo que se ha hecho hasta ahora y lo que se necesita hacer a continuaci\u00f3n. Consulte las preguntas para hacerle a su m\u00e9dico.","breadcrumb":{"@id":"https:\/\/www.healthy-heart.org\/es\/vivir-con-una-cardiopatia\/que-debo-preguntarle-a-mi-cardiologo\/#breadcrumb"},"inLanguage":"es","potentialAction":[{"@type":"ReadAction","target":["https:\/\/www.healthy-heart.org\/es\/vivir-con-una-cardiopatia\/que-debo-preguntarle-a-mi-cardiologo\/"]}]},{"@type":"ImageObject","inLanguage":"es","@id":"https:\/\/www.healthy-heart.org\/es\/vivir-con-una-cardiopatia\/que-debo-preguntarle-a-mi-cardiologo\/#primaryimage","url":"https:\/\/www.healthy-heart.org\/wp-content\/uploads\/2019\/07\/iStock-481073822-5.jpg","contentUrl":"https:\/\/www.healthy-heart.org\/wp-content\/uploads\/2019\/07\/iStock-481073822-5.jpg","width":7360,"height":4912,"caption":"Shot of a compassionate doctor comforting a young woman in a hospital waiting room"},{"@type":"BreadcrumbList","@id":"https:\/\/www.healthy-heart.org\/es\/vivir-con-una-cardiopatia\/que-debo-preguntarle-a-mi-cardiologo\/#breadcrumb","itemListElement":[{"@type":"ListItem","position":1,"name":"Home","item":"https:\/\/www.healthy-heart.org\/es\/"},{"@type":"ListItem","position":2,"name":"Vivir con una cardiopat\u00eda","item":"https:\/\/www.healthy-heart.org\/es\/vivir-con-una-cardiopatia\/"},{"@type":"ListItem","position":3,"name":"\u00bfQu\u00e9 debo preguntarle a mi cardi\u00f3logo?"}]},{"@type":"WebSite","@id":"https:\/\/www.healthy-heart.org\/es\/#website","url":"https:\/\/www.healthy-heart.org\/es\/","name":"Healthy-Heart.org","description":"Practical advice for patients and family care givers on the prevention of cardiovascular disease","potentialAction":[{"@type":"SearchAction","target":{"@type":"EntryPoint","urlTemplate":"https:\/\/www.healthy-heart.org\/es\/?s={search_term_string}"},"query-input":{"@type":"PropertyValueSpecification","valueRequired":true,"valueName":"search_term_string"}}],"inLanguage":"es"}]}},"_links":{"self":[{"href":"https:\/\/www.healthy-heart.org\/es\/wp-json\/wp\/v2\/pages\/1747","targetHints":{"allow":["GET"]}}],"collection":[{"href":"https:\/\/www.healthy-heart.org\/es\/wp-json\/wp\/v2\/pages"}],"about":[{"href":"https:\/\/www.healthy-heart.org\/es\/wp-json\/wp\/v2\/types\/page"}],"author":[{"embeddable":true,"href":"https:\/\/www.healthy-heart.org\/es\/wp-json\/wp\/v2\/users\/1"}],"replies":[{"embeddable":true,"href":"https:\/\/www.healthy-heart.org\/es\/wp-json\/wp\/v2\/comments?post=1747"}],"version-history":[{"count":2,"href":"https:\/\/www.healthy-heart.org\/es\/wp-json\/wp\/v2\/pages\/1747\/revisions"}],"predecessor-version":[{"id":4786,"href":"https:\/\/www.healthy-heart.org\/es\/wp-json\/wp\/v2\/pages\/1747\/revisions\/4786"}],"up":[{"embeddable":true,"href":"https:\/\/www.healthy-heart.org\/es\/wp-json\/wp\/v2\/pages\/1865"}],"wp:featuredmedia":[{"embeddable":true,"href":"https:\/\/www.healthy-heart.org\/es\/wp-json\/wp\/v2\/media\/649"}],"wp:attachment":[{"href":"https:\/\/www.healthy-heart.org\/es\/wp-json\/wp\/v2\/media?parent=1747"}],"wp:term":[{"taxonomy":"category","embeddable":true,"href":"https:\/\/www.healthy-heart.org\/es\/wp-json\/wp\/v2\/categories?post=1747"},{"taxonomy":"post_tag","embeddable":true,"href":"https:\/\/www.healthy-heart.org\/es\/wp-json\/wp\/v2\/tags?post=1747"}],"curies":[{"name":"wp","href":"https:\/\/api.w.org\/{rel}","templated":true}]}}