{"id":1742,"date":"2019-10-07T17:53:30","date_gmt":"2019-10-07T16:53:30","guid":{"rendered":"https:\/\/www.healthy-heart.org\/apoyo-familiar\/"},"modified":"2019-11-25T11:15:56","modified_gmt":"2019-11-25T11:15:56","slug":"apoyo-familiar","status":"publish","type":"page","link":"https:\/\/www.healthy-heart.org\/es\/vivir-con-una-cardiopatia\/apoyo-familiar\/","title":{"rendered":"Apoyo familiar"},"content":{"rendered":"<p><img loading=\"lazy\" decoding=\"async\" class=\"alignright size-medium wp-image-565\" src=\"https:\/\/www.healthy-heart.org\/wp-content\/uploads\/2019\/07\/iStock-1055062378-350x233.jpg\" alt=\"\" width=\"350\" height=\"233\" \/><br \/>\nSu pareja y su n\u00facleo familiar pueden suponer un gran apoyo, est\u00edmulo y motivaci\u00f3n para recuperarse de una enfermedad card\u00edaca. Muchas parejas han dicho que el problema card\u00edaco les uni\u00f3 m\u00e1s.<\/p>\n<p>Los episodios cardiovasculares pueden ser devastadores para las familias, dado que, a menudo, la enfermedad, la hospitalizaci\u00f3n y el tratamiento les hace sentir impotencia y angustia. Las parejas pueden estar preocupadas por los siguientes pasos que hay que dar para que su ser querido recupere la salud. Pueden surgir sentimientos negativos, incluyendo culpa (si hubiese hecho esto o lo otro&#8230;), cambios de humor y preocupaci\u00f3n sobre las consecuencias financieras. Esto puede afectar la calidad de la relaci\u00f3n y la recuperaci\u00f3n del paciente. Por lo tanto, es crucial que cada miembro de la familia se siga cuidando bien. Eso significa dormir lo suficiente, sentirse relajado, llevar un estilo <a href=\"https:\/\/www.healthy-heart.org\/keep-your-heart-healthy\/take-control-of-your-lifestyle\/\">de vida saludable<\/a> y hacer sus cosas favoritas.<\/p>\n<p>Las parejas a menudo se sienten responsables de la salud del paciente e ignoran sus propias necesidades. Pueden llegar a asumir m\u00e1s tareas dom\u00e9sticas, querer estar disponibles constantemente y limitar las actividades del paciente por temor a efectos negativos sobre el coraz\u00f3n. Los pacientes pueden experimentar esto como una sobreprotecci\u00f3n y un control, por lo que ocultan sus sentimientos y pensamientos para que la pareja no se preocupe. Puede surgir irritaci\u00f3n mutua, lo que no es beneficioso para la relaci\u00f3n o el proceso de recuperaci\u00f3n. Saber adaptarse a vivir con un enfermedad card\u00edaca significa ser abierto, honesto y respetar el espacio de cada uno.<\/p>\n<p>Implicar a la pareja y a su familia m\u00e1s cercana o n\u00facleo familiar en el <a href=\"https:\/\/www.healthy-heart.org\/living-with-heart-disease\/improve-your-heart-condition\/\">programa de rehabilitaci\u00f3n card\u00edaca<\/a> es una oportunidad \u00fanica para unir fuerzas en el proceso de recuperaci\u00f3n y tomar decisiones conjuntas sobre los cambios que deben realizarse en la salud. Despu\u00e9s de todo, informarse juntos sobre los aspectos m\u00e9dicos del problema card\u00edaco, recibir informaci\u00f3n sobre una alimentaci\u00f3nsaludable, y ver el progreso del paciente a lo largo de las sesiones de formaci\u00f3n estimula a cada miembro de la familia a asumir la responsabilidad de su propio papel. Algunos programas de rehabilitaci\u00f3n ofrecen una sesi\u00f3n de pareja, en la que se abordan temas como la comunicaci\u00f3n, las implicaciones del problema card\u00edaco en pareja, y se tratan <a href=\"https:\/\/www.healthy-heart.org\/living-with-heart-disease\/sex-and-heart-disease\/\">problemas sexuales<\/a>.<\/p>\n","protected":false},"excerpt":{"rendered":"<p>Su pareja y su n\u00facleo familiar pueden suponer un gran apoyo, est\u00edmulo y motivaci\u00f3n para recuperarse de una enfermedad card\u00edaca. Muchas parejas han dicho que el problema card\u00edaco les uni\u00f3 m\u00e1s. Los episodios cardiovasculares pueden ser devastadores para las familias, dado que, a menudo, la enfermedad, la hospitalizaci\u00f3n y el tratamiento les hace sentir impotencia [&hellip;]<\/p>\n","protected":false},"author":1,"featured_media":573,"parent":1865,"menu_order":9,"comment_status":"closed","ping_status":"closed","template":"","meta":{"_acf_changed":false,"footnotes":""},"categories":[63],"tags":[],"class_list":["post-1742","page","type-page","status-publish","has-post-thumbnail","hentry","category-vivir-con-una-cardiopatia"],"acf":[],"yoast_head":"<!-- This site is optimized with the Yoast SEO plugin v24.0 - https:\/\/yoast.com\/wordpress\/plugins\/seo\/ -->\n<title>Apoyo familiar - Healthy-Heart.org<\/title>\n<meta name=\"description\" content=\"La familia o la pareja son esenciales como apoyo y motivaci\u00f3n en el proceso de recuperaci\u00f3n de una cardiopat\u00eda.\" \/>\n<meta name=\"robots\" content=\"index, follow, max-snippet:-1, max-image-preview:large, max-video-preview:-1\" \/>\n<link rel=\"canonical\" href=\"https:\/\/www.healthy-heart.org\/es\/vivir-con-una-cardiopatia\/apoyo-familiar\/\" \/>\n<meta property=\"og:locale\" content=\"es_ES\" \/>\n<meta property=\"og:type\" content=\"article\" \/>\n<meta property=\"og:title\" content=\"Apoyo familiar - Healthy-Heart.org\" \/>\n<meta property=\"og:description\" content=\"La familia o la pareja son esenciales como apoyo y motivaci\u00f3n en el proceso de recuperaci\u00f3n de una cardiopat\u00eda.\" \/>\n<meta property=\"og:url\" content=\"https:\/\/www.healthy-heart.org\/es\/vivir-con-una-cardiopatia\/apoyo-familiar\/\" \/>\n<meta property=\"og:site_name\" content=\"Healthy-Heart.org\" \/>\n<meta property=\"article:modified_time\" content=\"2019-11-25T11:15:56+00:00\" \/>\n<meta property=\"og:image\" content=\"https:\/\/www.healthy-heart.org\/wp-content\/uploads\/2019\/07\/iStock-1055062378-1024x683.jpg\" \/>\n\t<meta property=\"og:image:width\" content=\"1024\" \/>\n\t<meta property=\"og:image:height\" content=\"683\" \/>\n\t<meta property=\"og:image:type\" content=\"image\/jpeg\" \/>\n<meta name=\"twitter:card\" content=\"summary_large_image\" \/>\n<meta name=\"twitter:label1\" content=\"Tiempo de lectura\" \/>\n\t<meta name=\"twitter:data1\" content=\"2 minutos\" \/>\n<script type=\"application\/ld+json\" class=\"yoast-schema-graph\">{\"@context\":\"https:\/\/schema.org\",\"@graph\":[{\"@type\":\"WebPage\",\"@id\":\"https:\/\/www.healthy-heart.org\/es\/vivir-con-una-cardiopatia\/apoyo-familiar\/\",\"url\":\"https:\/\/www.healthy-heart.org\/es\/vivir-con-una-cardiopatia\/apoyo-familiar\/\",\"name\":\"Apoyo familiar - Healthy-Heart.org\",\"isPartOf\":{\"@id\":\"https:\/\/www.healthy-heart.org\/es\/#website\"},\"primaryImageOfPage\":{\"@id\":\"https:\/\/www.healthy-heart.org\/es\/vivir-con-una-cardiopatia\/apoyo-familiar\/#primaryimage\"},\"image\":{\"@id\":\"https:\/\/www.healthy-heart.org\/es\/vivir-con-una-cardiopatia\/apoyo-familiar\/#primaryimage\"},\"thumbnailUrl\":\"https:\/\/www.healthy-heart.org\/wp-content\/uploads\/2019\/07\/iStock-1055062378.jpg\",\"datePublished\":\"2019-10-07T16:53:30+00:00\",\"dateModified\":\"2019-11-25T11:15:56+00:00\",\"description\":\"La familia o la pareja son esenciales como apoyo y motivaci\u00f3n en el proceso de recuperaci\u00f3n de una cardiopat\u00eda.\",\"breadcrumb\":{\"@id\":\"https:\/\/www.healthy-heart.org\/es\/vivir-con-una-cardiopatia\/apoyo-familiar\/#breadcrumb\"},\"inLanguage\":\"es\",\"potentialAction\":[{\"@type\":\"ReadAction\",\"target\":[\"https:\/\/www.healthy-heart.org\/es\/vivir-con-una-cardiopatia\/apoyo-familiar\/\"]}]},{\"@type\":\"ImageObject\",\"inLanguage\":\"es\",\"@id\":\"https:\/\/www.healthy-heart.org\/es\/vivir-con-una-cardiopatia\/apoyo-familiar\/#primaryimage\",\"url\":\"https:\/\/www.healthy-heart.org\/wp-content\/uploads\/2019\/07\/iStock-1055062378.jpg\",\"contentUrl\":\"https:\/\/www.healthy-heart.org\/wp-content\/uploads\/2019\/07\/iStock-1055062378.jpg\",\"width\":8256,\"height\":5504,\"caption\":\"Art work. Kind blonde pressing lips while looking downwards at family tree\"},{\"@type\":\"BreadcrumbList\",\"@id\":\"https:\/\/www.healthy-heart.org\/es\/vivir-con-una-cardiopatia\/apoyo-familiar\/#breadcrumb\",\"itemListElement\":[{\"@type\":\"ListItem\",\"position\":1,\"name\":\"Home\",\"item\":\"https:\/\/www.healthy-heart.org\/es\/\"},{\"@type\":\"ListItem\",\"position\":2,\"name\":\"Vivir con una cardiopat\u00eda\",\"item\":\"https:\/\/www.healthy-heart.org\/es\/vivir-con-una-cardiopatia\/\"},{\"@type\":\"ListItem\",\"position\":3,\"name\":\"Apoyo familiar\"}]},{\"@type\":\"WebSite\",\"@id\":\"https:\/\/www.healthy-heart.org\/es\/#website\",\"url\":\"https:\/\/www.healthy-heart.org\/es\/\",\"name\":\"Healthy-Heart.org\",\"description\":\"Practical advice for patients and family care givers on the prevention of cardiovascular disease\",\"potentialAction\":[{\"@type\":\"SearchAction\",\"target\":{\"@type\":\"EntryPoint\",\"urlTemplate\":\"https:\/\/www.healthy-heart.org\/es\/?s={search_term_string}\"},\"query-input\":{\"@type\":\"PropertyValueSpecification\",\"valueRequired\":true,\"valueName\":\"search_term_string\"}}],\"inLanguage\":\"es\"}]}<\/script>\n<!-- \/ Yoast SEO plugin. -->","yoast_head_json":{"title":"Apoyo familiar - Healthy-Heart.org","description":"La familia o la pareja son esenciales como apoyo y motivaci\u00f3n en el proceso de recuperaci\u00f3n de una cardiopat\u00eda.","robots":{"index":"index","follow":"follow","max-snippet":"max-snippet:-1","max-image-preview":"max-image-preview:large","max-video-preview":"max-video-preview:-1"},"canonical":"https:\/\/www.healthy-heart.org\/es\/vivir-con-una-cardiopatia\/apoyo-familiar\/","og_locale":"es_ES","og_type":"article","og_title":"Apoyo familiar - Healthy-Heart.org","og_description":"La familia o la pareja son esenciales como apoyo y motivaci\u00f3n en el proceso de recuperaci\u00f3n de una cardiopat\u00eda.","og_url":"https:\/\/www.healthy-heart.org\/es\/vivir-con-una-cardiopatia\/apoyo-familiar\/","og_site_name":"Healthy-Heart.org","article_modified_time":"2019-11-25T11:15:56+00:00","og_image":[{"width":1024,"height":683,"url":"https:\/\/www.healthy-heart.org\/wp-content\/uploads\/2019\/07\/iStock-1055062378-1024x683.jpg","type":"image\/jpeg"}],"twitter_card":"summary_large_image","twitter_misc":{"Tiempo de lectura":"2 minutos"},"schema":{"@context":"https:\/\/schema.org","@graph":[{"@type":"WebPage","@id":"https:\/\/www.healthy-heart.org\/es\/vivir-con-una-cardiopatia\/apoyo-familiar\/","url":"https:\/\/www.healthy-heart.org\/es\/vivir-con-una-cardiopatia\/apoyo-familiar\/","name":"Apoyo familiar - Healthy-Heart.org","isPartOf":{"@id":"https:\/\/www.healthy-heart.org\/es\/#website"},"primaryImageOfPage":{"@id":"https:\/\/www.healthy-heart.org\/es\/vivir-con-una-cardiopatia\/apoyo-familiar\/#primaryimage"},"image":{"@id":"https:\/\/www.healthy-heart.org\/es\/vivir-con-una-cardiopatia\/apoyo-familiar\/#primaryimage"},"thumbnailUrl":"https:\/\/www.healthy-heart.org\/wp-content\/uploads\/2019\/07\/iStock-1055062378.jpg","datePublished":"2019-10-07T16:53:30+00:00","dateModified":"2019-11-25T11:15:56+00:00","description":"La familia o la pareja son esenciales como apoyo y motivaci\u00f3n en el proceso de recuperaci\u00f3n de una cardiopat\u00eda.","breadcrumb":{"@id":"https:\/\/www.healthy-heart.org\/es\/vivir-con-una-cardiopatia\/apoyo-familiar\/#breadcrumb"},"inLanguage":"es","potentialAction":[{"@type":"ReadAction","target":["https:\/\/www.healthy-heart.org\/es\/vivir-con-una-cardiopatia\/apoyo-familiar\/"]}]},{"@type":"ImageObject","inLanguage":"es","@id":"https:\/\/www.healthy-heart.org\/es\/vivir-con-una-cardiopatia\/apoyo-familiar\/#primaryimage","url":"https:\/\/www.healthy-heart.org\/wp-content\/uploads\/2019\/07\/iStock-1055062378.jpg","contentUrl":"https:\/\/www.healthy-heart.org\/wp-content\/uploads\/2019\/07\/iStock-1055062378.jpg","width":8256,"height":5504,"caption":"Art work. Kind blonde pressing lips while looking downwards at family tree"},{"@type":"BreadcrumbList","@id":"https:\/\/www.healthy-heart.org\/es\/vivir-con-una-cardiopatia\/apoyo-familiar\/#breadcrumb","itemListElement":[{"@type":"ListItem","position":1,"name":"Home","item":"https:\/\/www.healthy-heart.org\/es\/"},{"@type":"ListItem","position":2,"name":"Vivir con una cardiopat\u00eda","item":"https:\/\/www.healthy-heart.org\/es\/vivir-con-una-cardiopatia\/"},{"@type":"ListItem","position":3,"name":"Apoyo familiar"}]},{"@type":"WebSite","@id":"https:\/\/www.healthy-heart.org\/es\/#website","url":"https:\/\/www.healthy-heart.org\/es\/","name":"Healthy-Heart.org","description":"Practical advice for patients and family care givers on the prevention of cardiovascular disease","potentialAction":[{"@type":"SearchAction","target":{"@type":"EntryPoint","urlTemplate":"https:\/\/www.healthy-heart.org\/es\/?s={search_term_string}"},"query-input":{"@type":"PropertyValueSpecification","valueRequired":true,"valueName":"search_term_string"}}],"inLanguage":"es"}]}},"_links":{"self":[{"href":"https:\/\/www.healthy-heart.org\/es\/wp-json\/wp\/v2\/pages\/1742","targetHints":{"allow":["GET"]}}],"collection":[{"href":"https:\/\/www.healthy-heart.org\/es\/wp-json\/wp\/v2\/pages"}],"about":[{"href":"https:\/\/www.healthy-heart.org\/es\/wp-json\/wp\/v2\/types\/page"}],"author":[{"embeddable":true,"href":"https:\/\/www.healthy-heart.org\/es\/wp-json\/wp\/v2\/users\/1"}],"replies":[{"embeddable":true,"href":"https:\/\/www.healthy-heart.org\/es\/wp-json\/wp\/v2\/comments?post=1742"}],"version-history":[{"count":4,"href":"https:\/\/www.healthy-heart.org\/es\/wp-json\/wp\/v2\/pages\/1742\/revisions"}],"predecessor-version":[{"id":3717,"href":"https:\/\/www.healthy-heart.org\/es\/wp-json\/wp\/v2\/pages\/1742\/revisions\/3717"}],"up":[{"embeddable":true,"href":"https:\/\/www.healthy-heart.org\/es\/wp-json\/wp\/v2\/pages\/1865"}],"wp:featuredmedia":[{"embeddable":true,"href":"https:\/\/www.healthy-heart.org\/es\/wp-json\/wp\/v2\/media\/573"}],"wp:attachment":[{"href":"https:\/\/www.healthy-heart.org\/es\/wp-json\/wp\/v2\/media?parent=1742"}],"wp:term":[{"taxonomy":"category","embeddable":true,"href":"https:\/\/www.healthy-heart.org\/es\/wp-json\/wp\/v2\/categories?post=1742"},{"taxonomy":"post_tag","embeddable":true,"href":"https:\/\/www.healthy-heart.org\/es\/wp-json\/wp\/v2\/tags?post=1742"}],"curies":[{"name":"wp","href":"https:\/\/api.w.org\/{rel}","templated":true}]}}