{"id":1737,"date":"2019-10-07T17:53:20","date_gmt":"2019-10-07T16:53:20","guid":{"rendered":"https:\/\/www.healthy-heart.org\/reincorporacion-laboral-despues-de-un-infarto-de-miocardio\/"},"modified":"2024-12-10T12:36:22","modified_gmt":"2024-12-10T12:36:22","slug":"reincorporacion-laboral-despues-de-un-infarto-de-miocardio","status":"publish","type":"page","link":"https:\/\/www.healthy-heart.org\/es\/vivir-con-una-cardiopatia\/reincorporacion-laboral-despues-de-un-infarto-de-miocardio\/","title":{"rendered":"Reincorporaci\u00f3n laboral despu\u00e9s de un infarto de miocardio"},"content":{"rendered":"<p><img loading=\"lazy\" decoding=\"async\" class=\"alignright size-medium wp-image-554\" src=\"https:\/\/cdn-endpoint-prev.azureedge.net\/healthy-heart\/2019\/07\/iStock-75939684-e1565873258225-350x244.jpg\" alt=\"\" width=\"350\" height=\"244\" srcset=\"https:\/\/www.healthy-heart.org\/wp-content\/uploads\/2019\/07\/iStock-75939684-e1565873258225-350x244.jpg 350w, https:\/\/cdn-endpoint-prev.azureedge.net\/healthy-heart\/2019\/07\/iStock-75939684-e1565873258225-2048x1427.jpg 2048w, https:\/\/www.healthy-heart.org\/wp-content\/uploads\/2019\/07\/iStock-75939684-e1565873258225-200x139.jpg 200w, https:\/\/www.healthy-heart.org\/wp-content\/uploads\/2019\/07\/iStock-75939684-e1565873258225-768x535.jpg 768w, https:\/\/www.healthy-heart.org\/wp-content\/uploads\/2019\/07\/iStock-75939684-e1565873258225-1024x713.jpg 1024w, https:\/\/www.healthy-heart.org\/wp-content\/uploads\/2019\/07\/iStock-75939684-e1565873258225-1536x1070.jpg 1536w, https:\/\/www.healthy-heart.org\/wp-content\/uploads\/2019\/07\/iStock-75939684-e1565873258225-630x439.jpg 630w, https:\/\/www.healthy-heart.org\/wp-content\/uploads\/2019\/07\/iStock-75939684-e1565873258225-666x464.jpg 666w\" sizes=\"auto, (max-width: 350px) 100vw, 350px\" \/><\/p>\n<p>Un programa integral de rehabilitaci\u00f3n cardiaca es esencial despu\u00e9s de salir del hospital. Este programa le ayuda a recuperar su capacidad funcional e incluye un plan de ejercicios personalizado. Durante un breve periodo de tiempo tras un infarto de miocardio, debe evitarse la actividad f\u00edsica extenuante; la duraci\u00f3n de este periodo var\u00eda en funci\u00f3n de cada persona y debe consultarse con el cardi\u00f3logo. Sin embargo, mantener una actividad f\u00edsica de leve a moderada es importante para favorecer la recuperaci\u00f3n y mejorar la calidad de vida. Una baja prolongada no suele ser beneficiosa, y se recomienda mantener la vida activa tras el alta.<\/p>\n<p>Para quienes desempe\u00f1an trabajos que requieren un esfuerzo f\u00edsico de bajo a moderado, la reincorporaci\u00f3n al trabajo en el plazo de un mes suele ser posible si la funci\u00f3n de bombeo del coraz\u00f3n es normal y no ha habido complicaciones durante la estancia hospitalaria o a lo largo de la rehabilitaci\u00f3n. En el caso de las personas que desempe\u00f1an trabajos que requieren esfuerzo f\u00edsico, a veces es necesario someterse a pruebas adicionales antes de que el cardi\u00f3logo apruebe su reincorporaci\u00f3n al trabajo.<\/p>\n","protected":false},"excerpt":{"rendered":"<p>Un programa integral de rehabilitaci\u00f3n cardiaca es esencial despu\u00e9s de salir del hospital. Este programa le ayuda a recuperar su capacidad funcional e incluye un plan de ejercicios personalizado. Durante un breve periodo de tiempo tras un infarto de miocardio, debe evitarse la actividad f\u00edsica extenuante; la duraci\u00f3n de este periodo var\u00eda en funci\u00f3n de [&hellip;]<\/p>\n","protected":false},"author":1,"featured_media":3212,"parent":1865,"menu_order":8,"comment_status":"closed","ping_status":"closed","template":"","meta":{"_acf_changed":false,"footnotes":""},"categories":[63],"tags":[],"class_list":["post-1737","page","type-page","status-publish","has-post-thumbnail","hentry","category-vivir-con-una-cardiopatia"],"acf":[],"yoast_head":"<!-- This site is optimized with the Yoast SEO plugin v24.0 - https:\/\/yoast.com\/wordpress\/plugins\/seo\/ -->\n<title>Reincorporaci\u00f3n laboral despu\u00e9s de un infarto de miocardio - Healthy-Heart.org<\/title>\n<meta name=\"description\" content=\"La mayor\u00eda de las personas pueden reincorporarse al trabajo despu\u00e9s de haber sufrido un infarto de miocardio, pero deben evitar realizar grandes esfuerzos f\u00edsicos durante el primer mes.\" \/>\n<meta name=\"robots\" content=\"index, follow, max-snippet:-1, max-image-preview:large, max-video-preview:-1\" \/>\n<link rel=\"canonical\" href=\"https:\/\/www.healthy-heart.org\/es\/vivir-con-una-cardiopatia\/reincorporacion-laboral-despues-de-un-infarto-de-miocardio\/\" \/>\n<meta property=\"og:locale\" content=\"es_ES\" \/>\n<meta property=\"og:type\" content=\"article\" \/>\n<meta property=\"og:title\" content=\"Reincorporaci\u00f3n laboral despu\u00e9s de un infarto de miocardio - Healthy-Heart.org\" \/>\n<meta property=\"og:description\" content=\"La mayor\u00eda de las personas pueden reincorporarse al trabajo despu\u00e9s de haber sufrido un infarto de miocardio, pero deben evitar realizar grandes esfuerzos f\u00edsicos durante el primer mes.\" \/>\n<meta property=\"og:url\" content=\"https:\/\/www.healthy-heart.org\/es\/vivir-con-una-cardiopatia\/reincorporacion-laboral-despues-de-un-infarto-de-miocardio\/\" \/>\n<meta property=\"og:site_name\" content=\"Healthy-Heart.org\" \/>\n<meta property=\"article:modified_time\" content=\"2024-12-10T12:36:22+00:00\" \/>\n<meta property=\"og:image\" content=\"https:\/\/www.healthy-heart.org\/wp-content\/uploads\/2019\/10\/Work1.jpg\" \/>\n\t<meta property=\"og:image:width\" content=\"3804\" \/>\n\t<meta property=\"og:image:height\" content=\"2650\" \/>\n\t<meta property=\"og:image:type\" content=\"image\/jpeg\" \/>\n<meta name=\"twitter:card\" content=\"summary_large_image\" \/>\n<meta name=\"twitter:label1\" content=\"Tiempo de lectura\" \/>\n\t<meta name=\"twitter:data1\" content=\"1 minuto\" \/>\n<script type=\"application\/ld+json\" class=\"yoast-schema-graph\">{\"@context\":\"https:\/\/schema.org\",\"@graph\":[{\"@type\":\"WebPage\",\"@id\":\"https:\/\/www.healthy-heart.org\/es\/vivir-con-una-cardiopatia\/reincorporacion-laboral-despues-de-un-infarto-de-miocardio\/\",\"url\":\"https:\/\/www.healthy-heart.org\/es\/vivir-con-una-cardiopatia\/reincorporacion-laboral-despues-de-un-infarto-de-miocardio\/\",\"name\":\"Reincorporaci\u00f3n laboral despu\u00e9s de un infarto de miocardio - Healthy-Heart.org\",\"isPartOf\":{\"@id\":\"https:\/\/www.healthy-heart.org\/es\/#website\"},\"primaryImageOfPage\":{\"@id\":\"https:\/\/www.healthy-heart.org\/es\/vivir-con-una-cardiopatia\/reincorporacion-laboral-despues-de-un-infarto-de-miocardio\/#primaryimage\"},\"image\":{\"@id\":\"https:\/\/www.healthy-heart.org\/es\/vivir-con-una-cardiopatia\/reincorporacion-laboral-despues-de-un-infarto-de-miocardio\/#primaryimage\"},\"thumbnailUrl\":\"https:\/\/www.healthy-heart.org\/wp-content\/uploads\/2019\/10\/Work1.jpg\",\"datePublished\":\"2019-10-07T16:53:20+00:00\",\"dateModified\":\"2024-12-10T12:36:22+00:00\",\"description\":\"La mayor\u00eda de las personas pueden reincorporarse al trabajo despu\u00e9s de haber sufrido un infarto de miocardio, pero deben evitar realizar grandes esfuerzos f\u00edsicos durante el primer mes.\",\"breadcrumb\":{\"@id\":\"https:\/\/www.healthy-heart.org\/es\/vivir-con-una-cardiopatia\/reincorporacion-laboral-despues-de-un-infarto-de-miocardio\/#breadcrumb\"},\"inLanguage\":\"es\",\"potentialAction\":[{\"@type\":\"ReadAction\",\"target\":[\"https:\/\/www.healthy-heart.org\/es\/vivir-con-una-cardiopatia\/reincorporacion-laboral-despues-de-un-infarto-de-miocardio\/\"]}]},{\"@type\":\"ImageObject\",\"inLanguage\":\"es\",\"@id\":\"https:\/\/www.healthy-heart.org\/es\/vivir-con-una-cardiopatia\/reincorporacion-laboral-despues-de-un-infarto-de-miocardio\/#primaryimage\",\"url\":\"https:\/\/www.healthy-heart.org\/wp-content\/uploads\/2019\/10\/Work1.jpg\",\"contentUrl\":\"https:\/\/www.healthy-heart.org\/wp-content\/uploads\/2019\/10\/Work1.jpg\",\"width\":3804,\"height\":2650},{\"@type\":\"BreadcrumbList\",\"@id\":\"https:\/\/www.healthy-heart.org\/es\/vivir-con-una-cardiopatia\/reincorporacion-laboral-despues-de-un-infarto-de-miocardio\/#breadcrumb\",\"itemListElement\":[{\"@type\":\"ListItem\",\"position\":1,\"name\":\"Home\",\"item\":\"https:\/\/www.healthy-heart.org\/es\/\"},{\"@type\":\"ListItem\",\"position\":2,\"name\":\"Vivir con una cardiopat\u00eda\",\"item\":\"https:\/\/www.healthy-heart.org\/es\/vivir-con-una-cardiopatia\/\"},{\"@type\":\"ListItem\",\"position\":3,\"name\":\"Reincorporaci\u00f3n laboral despu\u00e9s de un infarto de miocardio\"}]},{\"@type\":\"WebSite\",\"@id\":\"https:\/\/www.healthy-heart.org\/es\/#website\",\"url\":\"https:\/\/www.healthy-heart.org\/es\/\",\"name\":\"Healthy-Heart.org\",\"description\":\"Practical advice for patients and family care givers on the prevention of cardiovascular disease\",\"potentialAction\":[{\"@type\":\"SearchAction\",\"target\":{\"@type\":\"EntryPoint\",\"urlTemplate\":\"https:\/\/www.healthy-heart.org\/es\/?s={search_term_string}\"},\"query-input\":{\"@type\":\"PropertyValueSpecification\",\"valueRequired\":true,\"valueName\":\"search_term_string\"}}],\"inLanguage\":\"es\"}]}<\/script>\n<!-- \/ Yoast SEO plugin. -->","yoast_head_json":{"title":"Reincorporaci\u00f3n laboral despu\u00e9s de un infarto de miocardio - Healthy-Heart.org","description":"La mayor\u00eda de las personas pueden reincorporarse al trabajo despu\u00e9s de haber sufrido un infarto de miocardio, pero deben evitar realizar grandes esfuerzos f\u00edsicos durante el primer mes.","robots":{"index":"index","follow":"follow","max-snippet":"max-snippet:-1","max-image-preview":"max-image-preview:large","max-video-preview":"max-video-preview:-1"},"canonical":"https:\/\/www.healthy-heart.org\/es\/vivir-con-una-cardiopatia\/reincorporacion-laboral-despues-de-un-infarto-de-miocardio\/","og_locale":"es_ES","og_type":"article","og_title":"Reincorporaci\u00f3n laboral despu\u00e9s de un infarto de miocardio - Healthy-Heart.org","og_description":"La mayor\u00eda de las personas pueden reincorporarse al trabajo despu\u00e9s de haber sufrido un infarto de miocardio, pero deben evitar realizar grandes esfuerzos f\u00edsicos durante el primer mes.","og_url":"https:\/\/www.healthy-heart.org\/es\/vivir-con-una-cardiopatia\/reincorporacion-laboral-despues-de-un-infarto-de-miocardio\/","og_site_name":"Healthy-Heart.org","article_modified_time":"2024-12-10T12:36:22+00:00","og_image":[{"width":3804,"height":2650,"url":"https:\/\/www.healthy-heart.org\/wp-content\/uploads\/2019\/10\/Work1.jpg","type":"image\/jpeg"}],"twitter_card":"summary_large_image","twitter_misc":{"Tiempo de lectura":"1 minuto"},"schema":{"@context":"https:\/\/schema.org","@graph":[{"@type":"WebPage","@id":"https:\/\/www.healthy-heart.org\/es\/vivir-con-una-cardiopatia\/reincorporacion-laboral-despues-de-un-infarto-de-miocardio\/","url":"https:\/\/www.healthy-heart.org\/es\/vivir-con-una-cardiopatia\/reincorporacion-laboral-despues-de-un-infarto-de-miocardio\/","name":"Reincorporaci\u00f3n laboral despu\u00e9s de un infarto de miocardio - Healthy-Heart.org","isPartOf":{"@id":"https:\/\/www.healthy-heart.org\/es\/#website"},"primaryImageOfPage":{"@id":"https:\/\/www.healthy-heart.org\/es\/vivir-con-una-cardiopatia\/reincorporacion-laboral-despues-de-un-infarto-de-miocardio\/#primaryimage"},"image":{"@id":"https:\/\/www.healthy-heart.org\/es\/vivir-con-una-cardiopatia\/reincorporacion-laboral-despues-de-un-infarto-de-miocardio\/#primaryimage"},"thumbnailUrl":"https:\/\/www.healthy-heart.org\/wp-content\/uploads\/2019\/10\/Work1.jpg","datePublished":"2019-10-07T16:53:20+00:00","dateModified":"2024-12-10T12:36:22+00:00","description":"La mayor\u00eda de las personas pueden reincorporarse al trabajo despu\u00e9s de haber sufrido un infarto de miocardio, pero deben evitar realizar grandes esfuerzos f\u00edsicos durante el primer mes.","breadcrumb":{"@id":"https:\/\/www.healthy-heart.org\/es\/vivir-con-una-cardiopatia\/reincorporacion-laboral-despues-de-un-infarto-de-miocardio\/#breadcrumb"},"inLanguage":"es","potentialAction":[{"@type":"ReadAction","target":["https:\/\/www.healthy-heart.org\/es\/vivir-con-una-cardiopatia\/reincorporacion-laboral-despues-de-un-infarto-de-miocardio\/"]}]},{"@type":"ImageObject","inLanguage":"es","@id":"https:\/\/www.healthy-heart.org\/es\/vivir-con-una-cardiopatia\/reincorporacion-laboral-despues-de-un-infarto-de-miocardio\/#primaryimage","url":"https:\/\/www.healthy-heart.org\/wp-content\/uploads\/2019\/10\/Work1.jpg","contentUrl":"https:\/\/www.healthy-heart.org\/wp-content\/uploads\/2019\/10\/Work1.jpg","width":3804,"height":2650},{"@type":"BreadcrumbList","@id":"https:\/\/www.healthy-heart.org\/es\/vivir-con-una-cardiopatia\/reincorporacion-laboral-despues-de-un-infarto-de-miocardio\/#breadcrumb","itemListElement":[{"@type":"ListItem","position":1,"name":"Home","item":"https:\/\/www.healthy-heart.org\/es\/"},{"@type":"ListItem","position":2,"name":"Vivir con una cardiopat\u00eda","item":"https:\/\/www.healthy-heart.org\/es\/vivir-con-una-cardiopatia\/"},{"@type":"ListItem","position":3,"name":"Reincorporaci\u00f3n laboral despu\u00e9s de un infarto de miocardio"}]},{"@type":"WebSite","@id":"https:\/\/www.healthy-heart.org\/es\/#website","url":"https:\/\/www.healthy-heart.org\/es\/","name":"Healthy-Heart.org","description":"Practical advice for patients and family care givers on the prevention of cardiovascular disease","potentialAction":[{"@type":"SearchAction","target":{"@type":"EntryPoint","urlTemplate":"https:\/\/www.healthy-heart.org\/es\/?s={search_term_string}"},"query-input":{"@type":"PropertyValueSpecification","valueRequired":true,"valueName":"search_term_string"}}],"inLanguage":"es"}]}},"_links":{"self":[{"href":"https:\/\/www.healthy-heart.org\/es\/wp-json\/wp\/v2\/pages\/1737","targetHints":{"allow":["GET"]}}],"collection":[{"href":"https:\/\/www.healthy-heart.org\/es\/wp-json\/wp\/v2\/pages"}],"about":[{"href":"https:\/\/www.healthy-heart.org\/es\/wp-json\/wp\/v2\/types\/page"}],"author":[{"embeddable":true,"href":"https:\/\/www.healthy-heart.org\/es\/wp-json\/wp\/v2\/users\/1"}],"replies":[{"embeddable":true,"href":"https:\/\/www.healthy-heart.org\/es\/wp-json\/wp\/v2\/comments?post=1737"}],"version-history":[{"count":5,"href":"https:\/\/www.healthy-heart.org\/es\/wp-json\/wp\/v2\/pages\/1737\/revisions"}],"predecessor-version":[{"id":7481,"href":"https:\/\/www.healthy-heart.org\/es\/wp-json\/wp\/v2\/pages\/1737\/revisions\/7481"}],"up":[{"embeddable":true,"href":"https:\/\/www.healthy-heart.org\/es\/wp-json\/wp\/v2\/pages\/1865"}],"wp:featuredmedia":[{"embeddable":true,"href":"https:\/\/www.healthy-heart.org\/es\/wp-json\/wp\/v2\/media\/3212"}],"wp:attachment":[{"href":"https:\/\/www.healthy-heart.org\/es\/wp-json\/wp\/v2\/media?parent=1737"}],"wp:term":[{"taxonomy":"category","embeddable":true,"href":"https:\/\/www.healthy-heart.org\/es\/wp-json\/wp\/v2\/categories?post=1737"},{"taxonomy":"post_tag","embeddable":true,"href":"https:\/\/www.healthy-heart.org\/es\/wp-json\/wp\/v2\/tags?post=1737"}],"curies":[{"name":"wp","href":"https:\/\/api.w.org\/{rel}","templated":true}]}}