{"id":1732,"date":"2019-10-07T17:53:00","date_gmt":"2019-10-07T16:53:00","guid":{"rendered":"https:\/\/www.healthy-heart.org\/ansiedad-y-depresion\/"},"modified":"2020-10-23T16:41:55","modified_gmt":"2020-10-23T15:41:55","slug":"ansiedad-y-depresion","status":"publish","type":"page","link":"https:\/\/www.healthy-heart.org\/es\/vivir-con-una-cardiopatia\/ansiedad-y-depresion\/","title":{"rendered":"Ansiedad y depresi\u00f3n"},"content":{"rendered":"<p><img loading=\"lazy\" decoding=\"async\" class=\"alignright size-medium wp-image-515\" src=\"https:\/\/cdn-endpoint-prev.azureedge.net\/healthy-heart\/2019\/07\/iStock-955079812-350x233.jpg\" alt=\"\" width=\"350\" height=\"233\" srcset=\"https:\/\/www.healthy-heart.org\/wp-content\/uploads\/2019\/07\/iStock-955079812-350x233.jpg 350w, https:\/\/cdn-endpoint-prev.azureedge.net\/healthy-heart\/2019\/07\/iStock-955079812-2048x1365.jpg 2048w, https:\/\/cdn-endpoint-prev.azureedge.net\/healthy-heart\/2019\/07\/iStock-955079812-659x439.jpg 659w, https:\/\/www.healthy-heart.org\/wp-content\/uploads\/2019\/07\/iStock-955079812-200x133.jpg 200w, https:\/\/www.healthy-heart.org\/wp-content\/uploads\/2019\/07\/iStock-955079812-768x512.jpg 768w, https:\/\/www.healthy-heart.org\/wp-content\/uploads\/2019\/07\/iStock-955079812-1024x683.jpg 1024w, https:\/\/www.healthy-heart.org\/wp-content\/uploads\/2019\/07\/iStock-955079812-1536x1024.jpg 1536w, https:\/\/www.healthy-heart.org\/wp-content\/uploads\/2019\/07\/iStock-955079812-696x464.jpg 696w\" sizes=\"auto, (max-width: 350px) 100vw, 350px\" \/><br \/>\nUn problema card\u00edaco es un episodio angustioso en la vida de una persona que, a menudo, se acompa\u00f1a de aprensi\u00f3n, impotencia, p\u00e9rdida de confianza o tristeza. Estas reacciones son habituales en la mayor\u00eda de los pacientes que han sufrido un problema card\u00edaco y forman parte del proceso natural de afrontamiento. Muchos pacientes, aunque no todos, recuperan el equilibrio emocional durante el proceso de rehabilitaci\u00f3n y adaptaci\u00f3n a la vida diaria despu\u00e9s de haber sufrido un problema card\u00edaco.<\/p>\n<p>Algunos pacientes, sin embargo, presentan o sufren problemas psicol\u00f3gicos que, de no tratarse, dificultan la recuperaci\u00f3n y, por lo tanto, aumentan el riesgo de problemas card\u00edacos recurrentes. La apat\u00eda, la p\u00e9rdida de inter\u00e9s en actividades que antes eran agradables y los pensamientos negativos dificultan los cambios de <a href=\"https:\/\/www.healthy-heart.org\/es\/su-corazon\/fomentar-un-estilo-de-vida-saludable\/\">estilo de vida<\/a>. El miedo puede hacer que no se practique ejercicio f\u00edsico con consecuencias negativas para la salud f\u00edsica y la calidad de vida. La depresi\u00f3n y la ansiedad son las reacciones m\u00e1s frecuentes despu\u00e9s de un episodio card\u00edaco. La depresi\u00f3n es tres veces m\u00e1s com\u00fan en pacientes que han sufrido un episodio card\u00edaco que en el resto de la poblaci\u00f3n. Hasta el 40\u00a0% de los pacientes card\u00edacos sufren ansiedad grave. Los pacientes que a menudo reprimen sus emociones negativas son propensos al malestar ps\u00edquico y a una calidad de vida mermada.<\/p>\n<blockquote><p>Participe en un programa <a href=\"https:\/\/www.healthy-heart.org\/living-with-heart-disease\/improve-your-heart-condition\/\">de rehabilitaci\u00f3n card\u00edaca<\/a> en su barrio o distrito y aprenda c\u00f3mo prevenir o hacer frente a problemas psicosociales.<\/p><\/blockquote>\n<p>La rehabilitaci\u00f3n card\u00edaca es un programa realizado por un equipo interdisciplinario de cardi\u00f3logos, fisioterapeutas, enfermeros, especialistas en diet\u00e9tica y psic\u00f3logos que ayuda a reconstruir la vida tanto f\u00edsica como emocionalmente de manera \u00f3ptima. Un psic\u00f3logo le aclarar\u00e1 la gravedad de sus s\u00edntomas y le explicar\u00e1 c\u00f3mo influye el estr\u00e9s, la ansiedad y la depresi\u00f3n en el proceso de recuperaci\u00f3n. El tratamiento tiene lugar en sesiones en grupo o a nivel individual donde se abordan pautas sobre c\u00f3mo controlar el estr\u00e9s a trav\u00e9s de ejercicios de meditaci\u00f3n y a sustituir pensamientos negativos por pensamientos m\u00e1s \u00fatiles. Abordar la ansiedad y la depresi\u00f3n es esencial en el proceso de rehabilitaci\u00f3n card\u00edaca. Participar en sesiones con fisioterapia ayudan a recuperar la confianza f\u00edsica, reduce la ansiedad y mejora el estado de \u00e1nimo. Muchos pacientes se sienten m\u00e1s apoyados y motivados al compartir estas sesiones con otros pacientes. Estudios internacionales demuestran que los programas multidisciplinares de rehabilitaci\u00f3n card\u00edaca mejoran significativamente la depresi\u00f3n y la ansiedad, tienen un efecto beneficioso en los cambios del estilo de vida y mejora la calidad de vida.<\/p>\n","protected":false},"excerpt":{"rendered":"<p>Un problema card\u00edaco es un episodio angustioso en la vida de una persona que, a menudo, se acompa\u00f1a de aprensi\u00f3n, impotencia, p\u00e9rdida de confianza o tristeza. Estas reacciones son habituales en la mayor\u00eda de los pacientes que han sufrido un problema card\u00edaco y forman parte del proceso natural de afrontamiento. Muchos pacientes, aunque no todos, [&hellip;]<\/p>\n","protected":false},"author":1,"featured_media":523,"parent":1865,"menu_order":5,"comment_status":"closed","ping_status":"closed","template":"","meta":{"_acf_changed":false,"footnotes":""},"categories":[63],"tags":[],"class_list":["post-1732","page","type-page","status-publish","has-post-thumbnail","hentry","category-vivir-con-una-cardiopatia"],"acf":[],"yoast_head":"<!-- This site is optimized with the Yoast SEO plugin v24.0 - https:\/\/yoast.com\/wordpress\/plugins\/seo\/ -->\n<title>Ansiedad y depresi\u00f3n - Healthy-Heart.org<\/title>\n<meta name=\"description\" content=\"Aprenda a prevenir o hacer frente a problemas psicosociales como el estr\u00e9s, la ansiedad y la depresi\u00f3n durante y despu\u00e9s del proceso de rehabilitaci\u00f3n card\u00edaca.\" \/>\n<meta name=\"robots\" content=\"index, follow, max-snippet:-1, max-image-preview:large, max-video-preview:-1\" \/>\n<link rel=\"canonical\" href=\"https:\/\/www.healthy-heart.org\/es\/vivir-con-una-cardiopatia\/ansiedad-y-depresion\/\" \/>\n<meta property=\"og:locale\" content=\"es_ES\" \/>\n<meta property=\"og:type\" content=\"article\" \/>\n<meta property=\"og:title\" content=\"Ansiedad y depresi\u00f3n - Healthy-Heart.org\" \/>\n<meta property=\"og:description\" content=\"Aprenda a prevenir o hacer frente a problemas psicosociales como el estr\u00e9s, la ansiedad y la depresi\u00f3n durante y despu\u00e9s del proceso de rehabilitaci\u00f3n card\u00edaca.\" \/>\n<meta property=\"og:url\" content=\"https:\/\/www.healthy-heart.org\/es\/vivir-con-una-cardiopatia\/ansiedad-y-depresion\/\" \/>\n<meta property=\"og:site_name\" content=\"Healthy-Heart.org\" \/>\n<meta property=\"article:modified_time\" content=\"2020-10-23T15:41:55+00:00\" \/>\n<meta property=\"og:image\" content=\"https:\/\/www.healthy-heart.org\/wp-content\/uploads\/2019\/07\/iStock-955079812-1024x683.jpg\" \/>\n\t<meta property=\"og:image:width\" content=\"1024\" \/>\n\t<meta property=\"og:image:height\" content=\"683\" \/>\n\t<meta property=\"og:image:type\" content=\"image\/jpeg\" \/>\n<meta name=\"twitter:card\" content=\"summary_large_image\" \/>\n<meta name=\"twitter:label1\" content=\"Tiempo de lectura\" \/>\n\t<meta name=\"twitter:data1\" content=\"2 minutos\" \/>\n<script type=\"application\/ld+json\" class=\"yoast-schema-graph\">{\"@context\":\"https:\/\/schema.org\",\"@graph\":[{\"@type\":\"WebPage\",\"@id\":\"https:\/\/www.healthy-heart.org\/es\/vivir-con-una-cardiopatia\/ansiedad-y-depresion\/\",\"url\":\"https:\/\/www.healthy-heart.org\/es\/vivir-con-una-cardiopatia\/ansiedad-y-depresion\/\",\"name\":\"Ansiedad y depresi\u00f3n - Healthy-Heart.org\",\"isPartOf\":{\"@id\":\"https:\/\/www.healthy-heart.org\/es\/#website\"},\"primaryImageOfPage\":{\"@id\":\"https:\/\/www.healthy-heart.org\/es\/vivir-con-una-cardiopatia\/ansiedad-y-depresion\/#primaryimage\"},\"image\":{\"@id\":\"https:\/\/www.healthy-heart.org\/es\/vivir-con-una-cardiopatia\/ansiedad-y-depresion\/#primaryimage\"},\"thumbnailUrl\":\"https:\/\/www.healthy-heart.org\/wp-content\/uploads\/2019\/07\/iStock-955079812.jpg\",\"datePublished\":\"2019-10-07T16:53:00+00:00\",\"dateModified\":\"2020-10-23T15:41:55+00:00\",\"description\":\"Aprenda a prevenir o hacer frente a problemas psicosociales como el estr\u00e9s, la ansiedad y la depresi\u00f3n durante y despu\u00e9s del proceso de rehabilitaci\u00f3n card\u00edaca.\",\"breadcrumb\":{\"@id\":\"https:\/\/www.healthy-heart.org\/es\/vivir-con-una-cardiopatia\/ansiedad-y-depresion\/#breadcrumb\"},\"inLanguage\":\"es\",\"potentialAction\":[{\"@type\":\"ReadAction\",\"target\":[\"https:\/\/www.healthy-heart.org\/es\/vivir-con-una-cardiopatia\/ansiedad-y-depresion\/\"]}]},{\"@type\":\"ImageObject\",\"inLanguage\":\"es\",\"@id\":\"https:\/\/www.healthy-heart.org\/es\/vivir-con-una-cardiopatia\/ansiedad-y-depresion\/#primaryimage\",\"url\":\"https:\/\/www.healthy-heart.org\/wp-content\/uploads\/2019\/07\/iStock-955079812.jpg\",\"contentUrl\":\"https:\/\/www.healthy-heart.org\/wp-content\/uploads\/2019\/07\/iStock-955079812.jpg\",\"width\":5616,\"height\":3744,\"caption\":\"A young woman is looking outside through the window and thinking something deeply alone.\"},{\"@type\":\"BreadcrumbList\",\"@id\":\"https:\/\/www.healthy-heart.org\/es\/vivir-con-una-cardiopatia\/ansiedad-y-depresion\/#breadcrumb\",\"itemListElement\":[{\"@type\":\"ListItem\",\"position\":1,\"name\":\"Home\",\"item\":\"https:\/\/www.healthy-heart.org\/es\/\"},{\"@type\":\"ListItem\",\"position\":2,\"name\":\"Vivir con una cardiopat\u00eda\",\"item\":\"https:\/\/www.healthy-heart.org\/es\/vivir-con-una-cardiopatia\/\"},{\"@type\":\"ListItem\",\"position\":3,\"name\":\"Ansiedad y depresi\u00f3n\"}]},{\"@type\":\"WebSite\",\"@id\":\"https:\/\/www.healthy-heart.org\/es\/#website\",\"url\":\"https:\/\/www.healthy-heart.org\/es\/\",\"name\":\"Healthy-Heart.org\",\"description\":\"Practical advice for patients and family care givers on the prevention of cardiovascular disease\",\"potentialAction\":[{\"@type\":\"SearchAction\",\"target\":{\"@type\":\"EntryPoint\",\"urlTemplate\":\"https:\/\/www.healthy-heart.org\/es\/?s={search_term_string}\"},\"query-input\":{\"@type\":\"PropertyValueSpecification\",\"valueRequired\":true,\"valueName\":\"search_term_string\"}}],\"inLanguage\":\"es\"}]}<\/script>\n<!-- \/ Yoast SEO plugin. -->","yoast_head_json":{"title":"Ansiedad y depresi\u00f3n - Healthy-Heart.org","description":"Aprenda a prevenir o hacer frente a problemas psicosociales como el estr\u00e9s, la ansiedad y la depresi\u00f3n durante y despu\u00e9s del proceso de rehabilitaci\u00f3n card\u00edaca.","robots":{"index":"index","follow":"follow","max-snippet":"max-snippet:-1","max-image-preview":"max-image-preview:large","max-video-preview":"max-video-preview:-1"},"canonical":"https:\/\/www.healthy-heart.org\/es\/vivir-con-una-cardiopatia\/ansiedad-y-depresion\/","og_locale":"es_ES","og_type":"article","og_title":"Ansiedad y depresi\u00f3n - Healthy-Heart.org","og_description":"Aprenda a prevenir o hacer frente a problemas psicosociales como el estr\u00e9s, la ansiedad y la depresi\u00f3n durante y despu\u00e9s del proceso de rehabilitaci\u00f3n card\u00edaca.","og_url":"https:\/\/www.healthy-heart.org\/es\/vivir-con-una-cardiopatia\/ansiedad-y-depresion\/","og_site_name":"Healthy-Heart.org","article_modified_time":"2020-10-23T15:41:55+00:00","og_image":[{"width":1024,"height":683,"url":"https:\/\/www.healthy-heart.org\/wp-content\/uploads\/2019\/07\/iStock-955079812-1024x683.jpg","type":"image\/jpeg"}],"twitter_card":"summary_large_image","twitter_misc":{"Tiempo de lectura":"2 minutos"},"schema":{"@context":"https:\/\/schema.org","@graph":[{"@type":"WebPage","@id":"https:\/\/www.healthy-heart.org\/es\/vivir-con-una-cardiopatia\/ansiedad-y-depresion\/","url":"https:\/\/www.healthy-heart.org\/es\/vivir-con-una-cardiopatia\/ansiedad-y-depresion\/","name":"Ansiedad y depresi\u00f3n - Healthy-Heart.org","isPartOf":{"@id":"https:\/\/www.healthy-heart.org\/es\/#website"},"primaryImageOfPage":{"@id":"https:\/\/www.healthy-heart.org\/es\/vivir-con-una-cardiopatia\/ansiedad-y-depresion\/#primaryimage"},"image":{"@id":"https:\/\/www.healthy-heart.org\/es\/vivir-con-una-cardiopatia\/ansiedad-y-depresion\/#primaryimage"},"thumbnailUrl":"https:\/\/www.healthy-heart.org\/wp-content\/uploads\/2019\/07\/iStock-955079812.jpg","datePublished":"2019-10-07T16:53:00+00:00","dateModified":"2020-10-23T15:41:55+00:00","description":"Aprenda a prevenir o hacer frente a problemas psicosociales como el estr\u00e9s, la ansiedad y la depresi\u00f3n durante y despu\u00e9s del proceso de rehabilitaci\u00f3n card\u00edaca.","breadcrumb":{"@id":"https:\/\/www.healthy-heart.org\/es\/vivir-con-una-cardiopatia\/ansiedad-y-depresion\/#breadcrumb"},"inLanguage":"es","potentialAction":[{"@type":"ReadAction","target":["https:\/\/www.healthy-heart.org\/es\/vivir-con-una-cardiopatia\/ansiedad-y-depresion\/"]}]},{"@type":"ImageObject","inLanguage":"es","@id":"https:\/\/www.healthy-heart.org\/es\/vivir-con-una-cardiopatia\/ansiedad-y-depresion\/#primaryimage","url":"https:\/\/www.healthy-heart.org\/wp-content\/uploads\/2019\/07\/iStock-955079812.jpg","contentUrl":"https:\/\/www.healthy-heart.org\/wp-content\/uploads\/2019\/07\/iStock-955079812.jpg","width":5616,"height":3744,"caption":"A young woman is looking outside through the window and thinking something deeply alone."},{"@type":"BreadcrumbList","@id":"https:\/\/www.healthy-heart.org\/es\/vivir-con-una-cardiopatia\/ansiedad-y-depresion\/#breadcrumb","itemListElement":[{"@type":"ListItem","position":1,"name":"Home","item":"https:\/\/www.healthy-heart.org\/es\/"},{"@type":"ListItem","position":2,"name":"Vivir con una cardiopat\u00eda","item":"https:\/\/www.healthy-heart.org\/es\/vivir-con-una-cardiopatia\/"},{"@type":"ListItem","position":3,"name":"Ansiedad y depresi\u00f3n"}]},{"@type":"WebSite","@id":"https:\/\/www.healthy-heart.org\/es\/#website","url":"https:\/\/www.healthy-heart.org\/es\/","name":"Healthy-Heart.org","description":"Practical advice for patients and family care givers on the prevention of cardiovascular disease","potentialAction":[{"@type":"SearchAction","target":{"@type":"EntryPoint","urlTemplate":"https:\/\/www.healthy-heart.org\/es\/?s={search_term_string}"},"query-input":{"@type":"PropertyValueSpecification","valueRequired":true,"valueName":"search_term_string"}}],"inLanguage":"es"}]}},"_links":{"self":[{"href":"https:\/\/www.healthy-heart.org\/es\/wp-json\/wp\/v2\/pages\/1732","targetHints":{"allow":["GET"]}}],"collection":[{"href":"https:\/\/www.healthy-heart.org\/es\/wp-json\/wp\/v2\/pages"}],"about":[{"href":"https:\/\/www.healthy-heart.org\/es\/wp-json\/wp\/v2\/types\/page"}],"author":[{"embeddable":true,"href":"https:\/\/www.healthy-heart.org\/es\/wp-json\/wp\/v2\/users\/1"}],"replies":[{"embeddable":true,"href":"https:\/\/www.healthy-heart.org\/es\/wp-json\/wp\/v2\/comments?post=1732"}],"version-history":[{"count":1,"href":"https:\/\/www.healthy-heart.org\/es\/wp-json\/wp\/v2\/pages\/1732\/revisions"}],"predecessor-version":[{"id":4798,"href":"https:\/\/www.healthy-heart.org\/es\/wp-json\/wp\/v2\/pages\/1732\/revisions\/4798"}],"up":[{"embeddable":true,"href":"https:\/\/www.healthy-heart.org\/es\/wp-json\/wp\/v2\/pages\/1865"}],"wp:featuredmedia":[{"embeddable":true,"href":"https:\/\/www.healthy-heart.org\/es\/wp-json\/wp\/v2\/media\/523"}],"wp:attachment":[{"href":"https:\/\/www.healthy-heart.org\/es\/wp-json\/wp\/v2\/media?parent=1732"}],"wp:term":[{"taxonomy":"category","embeddable":true,"href":"https:\/\/www.healthy-heart.org\/es\/wp-json\/wp\/v2\/categories?post=1732"},{"taxonomy":"post_tag","embeddable":true,"href":"https:\/\/www.healthy-heart.org\/es\/wp-json\/wp\/v2\/tags?post=1732"}],"curies":[{"name":"wp","href":"https:\/\/api.w.org\/{rel}","templated":true}]}}